{"id":3561,"date":"2024-07-10T09:16:10","date_gmt":"2024-07-10T09:16:10","guid":{"rendered":"https:\/\/ufec-mundial.com\/?page_id=3561"},"modified":"2024-07-10T09:22:40","modified_gmt":"2024-07-10T09:22:40","slug":"la-humanidad-terrena","status":"publish","type":"page","link":"https:\/\/nuevo-renacer.com\/it\/la-humanidad-terrena\/","title":{"rendered":"La humanidad terrena"},"content":{"rendered":"<div class=\"wp-block-uagb-container uagb-block-4532d228 alignfull uagb-is-root-container\"><div class=\"uagb-container-inner-blocks-wrap\">\n<p class=\"has-black-color has-text-color has-link-color has-medium-font-size wp-elements-7d502a5585eb42d236c91fb2dd860f7b\"><strong>La humanidad terrena<\/strong><\/p>\n\n\n\n<p class=\"has-black-color has-text-color has-link-color has-medium-font-size wp-elements-37d3320206a9b8afa52629819a26401a\"><strong>Del libro: El Evangelio seg\u00fan el espiritismo \u2013 Allan Kardec<\/strong><\/p>\n<\/div><\/div>\n\n\n\n<div class=\"wp-block-uagb-container uagb-block-8e7a2bcb alignfull uagb-is-root-container\"><div class=\"uagb-container-inner-blocks-wrap\">\n<figure class=\"wp-block-image size-full is-resized\"><img fetchpriority=\"high\" decoding=\"async\" width=\"894\" height=\"894\" src=\"https:\/\/ufec-mundial.com\/wp-content\/uploads\/2024\/07\/51J-xXcEAQL._AC_UF8941000_QL80_.jpg\" alt=\"\" class=\"wp-image-3563\" style=\"width:365px;height:auto\" srcset=\"https:\/\/nuevo-renacer.com\/wp-content\/uploads\/2024\/07\/51J-xXcEAQL._AC_UF8941000_QL80_.jpg 894w, https:\/\/nuevo-renacer.com\/wp-content\/uploads\/2024\/07\/51J-xXcEAQL._AC_UF8941000_QL80_-150x150.jpg 150w, https:\/\/nuevo-renacer.com\/wp-content\/uploads\/2024\/07\/51J-xXcEAQL._AC_UF8941000_QL80_-300x300.jpg 300w, https:\/\/nuevo-renacer.com\/wp-content\/uploads\/2024\/07\/51J-xXcEAQL._AC_UF8941000_QL80_-768x768.jpg 768w, https:\/\/nuevo-renacer.com\/wp-content\/uploads\/2024\/07\/51J-xXcEAQL._AC_UF8941000_QL80_-12x12.jpg 12w\" sizes=\"(max-width: 894px) 100vw, 894px\" \/><\/figure>\n<\/div><\/div>\n\n\n\n<div class=\"wp-block-uagb-container uagb-block-5bfe2aea alignfull uagb-is-root-container\"><div class=\"uagb-container-inner-blocks-wrap\">\n<p class=\"has-black-color has-text-color has-link-color has-small-font-size wp-elements-bd4668f64d9657022c2238e84026f3e1\">Nos asombramos de encontrar en la Tierra tanta maldad y malas pasiones, tantas miserias y enfermedades de todo tipo, e inferimos de ah\u00ed que la especie humana es una triste cosa. Este juicio proviene del punto de vista limitado en que nos colocamos, y que nos da una falsa idea del conjunto. Es preciso considerar que en la Tierra no se ve toda la humanidad, sino una muy peque\u00f1a fracci\u00f3n de ella. En efecto, la especie humana comprende todos los seres dotados de raz\u00f3n que pueblan los innumerables mundos del universo. Ahora bien, \u00bfqu\u00e9 es la poblaci\u00f3n de la Tierra comparada con la poblaci\u00f3n total de esos mundos? Mucho menos que la de una aldea en relaci\u00f3n con la de un gran imperio. La situaci\u00f3n material y moral de la humanidad terrestre nada tiene de extraordinario si se toma en cuenta el destino de la Tierra y de la naturaleza de quienes habitan en ella.<\/p>\n\n\n\n<p class=\"has-black-color has-text-color has-link-color has-small-font-size wp-elements-c1c14b7708d75ddb861724c4f11d17de\">La Tierra nos ofrece, pues, uno de los tipos de los mundos expiatorios, cuyas variedades son infinitas, pero que tienen como car\u00e1cter com\u00fan el hecho de servir de lugar de destierro a los Esp\u00edritus rebeldes a la ley de Dios. All\u00ed, esos Esp\u00edritus tienen que luchar, a la vez, contra la perversidad de los hombres y contra la inclemencia de la naturaleza, doble trabajo penoso que desarrolla al mismo tiempo las cualidades del coraz\u00f3n y las de la inteligencia. De ese modo, en su bondad, Dios hace que el castigo redunde en provecho del progreso del Esp\u00edritu.<\/p>\n\n\n\n<p class=\"has-black-color has-text-color has-link-color has-small-font-size wp-elements-07c53814e7e9d0fd4627b7e3acb313d4\">Nos formar\u00edamos una idea muy falsa de los habitantes de una gran ciudad si los juzg\u00e1ramos por la poblaci\u00f3n de los barrios m\u00e1s \u00ednfimos y s\u00f3rdidos. En un hospital s\u00f3lo se ven enfermos y lisiados; en un presidio se ven todos los vicios y todas las torpezas reunidos; en las comarcas insalubres la mayor parte de los habitantes est\u00e1n p\u00e1lidos, enfermizos y achacosos. Pues bien, figur\u00e9monos que la Tierra es un arrabal, un hospital, una penitenciar\u00eda, una regi\u00f3n malsana, porque es todo eso a la vez, y se comprender\u00e1 por qu\u00e9 las aflicciones prevalecen sobre los goces, ya que no se destina al hospital a las personas que tienen buena salud, ni al correccional a las que no han hecho da\u00f1o, pues ni los hospitales ni los correccionales son lugares de delicias.<\/p>\n\n\n\n<p class=\"has-black-color has-text-color has-link-color has-small-font-size wp-elements-e00c9000889062af65f928fb1b0c81ec\">Ahora bien, as\u00ed como en una ciudad la poblaci\u00f3n no est\u00e1 toda en los hospitales o en las c\u00e1rceles, tampoco la humanidad est\u00e1 toda en la Tierra. Y del mismo modo que uno sale del hospital cuando est\u00e1 curado y de la c\u00e1rcel cuando ha completado su condena, el hombre deja la Tierra por mundos m\u00e1s felices cuando se ha curado de sus enfermedades morales.<\/p>\n<\/div><\/div>","protected":false},"excerpt":{"rendered":"<p>La humanidad terrena Del libro: El Evangelio seg\u00fan el espiritismo \u2013 Allan Kardec Nos asombramos de encontrar en la Tierra tanta maldad y malas pasiones, tantas miserias y enfermedades de todo tipo, e inferimos de ah\u00ed que la especie humana es una triste cosa. Este juicio proviene del punto de vista limitado en que nos [&hellip;]<\/p>","protected":false},"author":1,"featured_media":3563,"parent":0,"menu_order":0,"comment_status":"closed","ping_status":"closed","template":"","meta":{"_uag_custom_page_level_css":"","site-sidebar-layout":"default","site-content-layout":"","ast-site-content-layout":"default","site-content-style":"default","site-sidebar-style":"default","ast-global-header-display":"","ast-banner-title-visibility":"","ast-main-header-display":"","ast-hfb-above-header-display":"","ast-hfb-below-header-display":"","ast-hfb-mobile-header-display":"","site-post-title":"disabled","ast-breadcrumbs-content":"","ast-featured-img":"","footer-sml-layout":"","theme-transparent-header-meta":"","adv-header-id-meta":"","stick-header-meta":"","header-above-stick-meta":"","header-main-stick-meta":"","header-below-stick-meta":"","astra-migrate-meta-layouts":"set","ast-page-background-enabled":"default","ast-page-background-meta":{"desktop":{"background-color":"var(--ast-global-color-4)","background-image":"","background-repeat":"repeat","background-position":"center center","background-size":"auto","background-attachment":"scroll","background-type":"","background-media":"","overlay-type":"","overlay-color":"","overlay-opacity":"","overlay-gradient":""},"tablet":{"background-color":"","background-image":"","background-repeat":"repeat","background-position":"center center","background-size":"auto","background-attachment":"scroll","background-type":"","background-media":"","overlay-type":"","overlay-color":"","overlay-opacity":"","overlay-gradient":""},"mobile":{"background-color":"","background-image":"","background-repeat":"repeat","background-position":"center center","background-size":"auto","background-attachment":"scroll","background-type":"","background-media":"","overlay-type":"","overlay-color":"","overlay-opacity":"","overlay-gradient":""}},"ast-content-background-meta":{"desktop":{"background-color":"var(--ast-global-color-5)","background-image":"","background-repeat":"repeat","background-position":"center center","background-size":"auto","background-attachment":"scroll","background-type":"","background-media":"","overlay-type":"","overlay-color":"","overlay-opacity":"","overlay-gradient":""},"tablet":{"background-color":"var(--ast-global-color-5)","background-image":"","background-repeat":"repeat","background-position":"center center","background-size":"auto","background-attachment":"scroll","background-type":"","background-media":"","overlay-type":"","overlay-color":"","overlay-opacity":"","overlay-gradient":""},"mobile":{"background-color":"var(--ast-global-color-5)","background-image":"","background-repeat":"repeat","background-position":"center center","background-size":"auto","background-attachment":"scroll","background-type":"","background-media":"","overlay-type":"","overlay-color":"","overlay-opacity":"","overlay-gradient":""}},"footnotes":""},"class_list":["post-3561","page","type-page","status-publish","has-post-thumbnail","hentry"],"yoast_head":"<!-- This site is optimized with the Yoast SEO Premium plugin v24.2 (Yoast SEO v24.6) - https:\/\/yoast.com\/wordpress\/plugins\/seo\/ -->\n<title>La humanidad terrena - Uni\u00f3n Esp\u00edrita<\/title>\n<meta name=\"robots\" content=\"index, follow, max-snippet:-1, max-image-preview:large, max-video-preview:-1\" \/>\n<link rel=\"canonical\" href=\"https:\/\/nuevo-renacer.com\/it\/la-humanidad-terrena\/\" \/>\n<meta property=\"og:locale\" content=\"it_IT\" \/>\n<meta property=\"og:type\" content=\"article\" \/>\n<meta property=\"og:title\" content=\"La humanidad terrena\" \/>\n<meta property=\"og:description\" content=\"La humanidad terrena Del libro: El Evangelio seg\u00fan el espiritismo \u2013 Allan Kardec Nos asombramos de encontrar en la Tierra tanta maldad y malas pasiones, tantas miserias y enfermedades de todo tipo, e inferimos de ah\u00ed que la especie humana es una triste cosa. Este juicio proviene del punto de vista limitado en que nos [&hellip;]\" \/>\n<meta property=\"og:url\" content=\"https:\/\/nuevo-renacer.com\/it\/la-humanidad-terrena\/\" \/>\n<meta property=\"og:site_name\" content=\"Uni\u00f3n Esp\u00edrita\" \/>\n<meta property=\"article:publisher\" content=\"https:\/\/www.facebook.com\/groups\/3431398063740829\" \/>\n<meta property=\"article:modified_time\" content=\"2024-07-10T09:22:40+00:00\" \/>\n<meta property=\"og:image\" content=\"https:\/\/nuevo-renacer.com\/wp-content\/uploads\/2024\/07\/51J-xXcEAQL._AC_UF8941000_QL80_.jpg\" \/>\n\t<meta property=\"og:image:width\" content=\"894\" \/>\n\t<meta property=\"og:image:height\" content=\"894\" \/>\n\t<meta property=\"og:image:type\" content=\"image\/jpeg\" \/>\n<meta name=\"twitter:card\" content=\"summary_large_image\" \/>\n<meta name=\"twitter:label1\" content=\"Tempo di lettura stimato\" \/>\n\t<meta name=\"twitter:data1\" content=\"2 minuti\" \/>\n<script type=\"application\/ld+json\" class=\"yoast-schema-graph\">{\"@context\":\"https:\/\/schema.org\",\"@graph\":[{\"@type\":\"WebPage\",\"@id\":\"https:\/\/nuevo-renacer.com\/la-humanidad-terrena\/\",\"url\":\"https:\/\/nuevo-renacer.com\/la-humanidad-terrena\/\",\"name\":\"La humanidad terrena - Uni\u00f3n Esp\u00edrita\",\"isPartOf\":{\"@id\":\"https:\/\/nuevo-renacer.com\/#website\"},\"primaryImageOfPage\":{\"@id\":\"https:\/\/nuevo-renacer.com\/la-humanidad-terrena\/#primaryimage\"},\"image\":{\"@id\":\"https:\/\/nuevo-renacer.com\/la-humanidad-terrena\/#primaryimage\"},\"thumbnailUrl\":\"https:\/\/nuevo-renacer.com\/wp-content\/uploads\/2024\/07\/51J-xXcEAQL._AC_UF8941000_QL80_.jpg\",\"datePublished\":\"2024-07-10T09:16:10+00:00\",\"dateModified\":\"2024-07-10T09:22:40+00:00\",\"breadcrumb\":{\"@id\":\"https:\/\/nuevo-renacer.com\/la-humanidad-terrena\/#breadcrumb\"},\"inLanguage\":\"it-IT\",\"potentialAction\":[{\"@type\":\"ReadAction\",\"target\":[\"https:\/\/nuevo-renacer.com\/la-humanidad-terrena\/\"]}]},{\"@type\":\"ImageObject\",\"inLanguage\":\"it-IT\",\"@id\":\"https:\/\/nuevo-renacer.com\/la-humanidad-terrena\/#primaryimage\",\"url\":\"https:\/\/nuevo-renacer.com\/wp-content\/uploads\/2024\/07\/51J-xXcEAQL._AC_UF8941000_QL80_.jpg\",\"contentUrl\":\"https:\/\/nuevo-renacer.com\/wp-content\/uploads\/2024\/07\/51J-xXcEAQL._AC_UF8941000_QL80_.jpg\",\"width\":894,\"height\":894},{\"@type\":\"BreadcrumbList\",\"@id\":\"https:\/\/nuevo-renacer.com\/la-humanidad-terrena\/#breadcrumb\",\"itemListElement\":[{\"@type\":\"ListItem\",\"position\":1,\"name\":\"Startseite\",\"item\":\"https:\/\/nuevo-renacer.com\/\"},{\"@type\":\"ListItem\",\"position\":2,\"name\":\"La humanidad terrena\"}]},{\"@type\":\"WebSite\",\"@id\":\"https:\/\/nuevo-renacer.com\/#website\",\"url\":\"https:\/\/nuevo-renacer.com\/\",\"name\":\"Uni\u00f3n Esp\u00edrita\",\"description\":\"Nuevo Renacer\",\"publisher\":{\"@id\":\"https:\/\/nuevo-renacer.com\/#organization\"},\"potentialAction\":[{\"@type\":\"SearchAction\",\"target\":{\"@type\":\"EntryPoint\",\"urlTemplate\":\"https:\/\/nuevo-renacer.com\/?s={search_term_string}\"},\"query-input\":{\"@type\":\"PropertyValueSpecification\",\"valueRequired\":true,\"valueName\":\"search_term_string\"}}],\"inLanguage\":\"it-IT\"},{\"@type\":\"Organization\",\"@id\":\"https:\/\/nuevo-renacer.com\/#organization\",\"name\":\"UFEC\",\"url\":\"https:\/\/nuevo-renacer.com\/\",\"logo\":{\"@type\":\"ImageObject\",\"inLanguage\":\"it-IT\",\"@id\":\"https:\/\/nuevo-renacer.com\/#\/schema\/logo\/image\/\",\"url\":\"https:\/\/nuevo-renacer.com\/wp-content\/uploads\/2024\/05\/cropped-LOGO-TERMINADO1-3-3.png\",\"contentUrl\":\"https:\/\/nuevo-renacer.com\/wp-content\/uploads\/2024\/05\/cropped-LOGO-TERMINADO1-3-3.png\",\"width\":512,\"height\":512,\"caption\":\"UFEC\"},\"image\":{\"@id\":\"https:\/\/nuevo-renacer.com\/#\/schema\/logo\/image\/\"},\"sameAs\":[\"https:\/\/www.facebook.com\/groups\/3431398063740829\"]}]}<\/script>\n<!-- \/ Yoast SEO Premium plugin. -->","yoast_head_json":{"title":"La humanidad terrena - Uni\u00f3n Esp\u00edrita","robots":{"index":"index","follow":"follow","max-snippet":"max-snippet:-1","max-image-preview":"max-image-preview:large","max-video-preview":"max-video-preview:-1"},"canonical":"https:\/\/nuevo-renacer.com\/it\/la-humanidad-terrena\/","og_locale":"it_IT","og_type":"article","og_title":"La humanidad terrena","og_description":"La humanidad terrena Del libro: El Evangelio seg\u00fan el espiritismo \u2013 Allan Kardec Nos asombramos de encontrar en la Tierra tanta maldad y malas pasiones, tantas miserias y enfermedades de todo tipo, e inferimos de ah\u00ed que la especie humana es una triste cosa. Este juicio proviene del punto de vista limitado en que nos [&hellip;]","og_url":"https:\/\/nuevo-renacer.com\/it\/la-humanidad-terrena\/","og_site_name":"Uni\u00f3n Esp\u00edrita","article_publisher":"https:\/\/www.facebook.com\/groups\/3431398063740829","article_modified_time":"2024-07-10T09:22:40+00:00","og_image":[{"width":894,"height":894,"url":"https:\/\/nuevo-renacer.com\/wp-content\/uploads\/2024\/07\/51J-xXcEAQL._AC_UF8941000_QL80_.jpg","type":"image\/jpeg"}],"twitter_card":"summary_large_image","twitter_misc":{"Tempo di lettura stimato":"2 minuti"},"schema":{"@context":"https:\/\/schema.org","@graph":[{"@type":"WebPage","@id":"https:\/\/nuevo-renacer.com\/la-humanidad-terrena\/","url":"https:\/\/nuevo-renacer.com\/la-humanidad-terrena\/","name":"La humanidad terrena - Uni\u00f3n Esp\u00edrita","isPartOf":{"@id":"https:\/\/nuevo-renacer.com\/#website"},"primaryImageOfPage":{"@id":"https:\/\/nuevo-renacer.com\/la-humanidad-terrena\/#primaryimage"},"image":{"@id":"https:\/\/nuevo-renacer.com\/la-humanidad-terrena\/#primaryimage"},"thumbnailUrl":"https:\/\/nuevo-renacer.com\/wp-content\/uploads\/2024\/07\/51J-xXcEAQL._AC_UF8941000_QL80_.jpg","datePublished":"2024-07-10T09:16:10+00:00","dateModified":"2024-07-10T09:22:40+00:00","breadcrumb":{"@id":"https:\/\/nuevo-renacer.com\/la-humanidad-terrena\/#breadcrumb"},"inLanguage":"it-IT","potentialAction":[{"@type":"ReadAction","target":["https:\/\/nuevo-renacer.com\/la-humanidad-terrena\/"]}]},{"@type":"ImageObject","inLanguage":"it-IT","@id":"https:\/\/nuevo-renacer.com\/la-humanidad-terrena\/#primaryimage","url":"https:\/\/nuevo-renacer.com\/wp-content\/uploads\/2024\/07\/51J-xXcEAQL._AC_UF8941000_QL80_.jpg","contentUrl":"https:\/\/nuevo-renacer.com\/wp-content\/uploads\/2024\/07\/51J-xXcEAQL._AC_UF8941000_QL80_.jpg","width":894,"height":894},{"@type":"BreadcrumbList","@id":"https:\/\/nuevo-renacer.com\/la-humanidad-terrena\/#breadcrumb","itemListElement":[{"@type":"ListItem","position":1,"name":"Startseite","item":"https:\/\/nuevo-renacer.com\/"},{"@type":"ListItem","position":2,"name":"La humanidad terrena"}]},{"@type":"WebSite","@id":"https:\/\/nuevo-renacer.com\/#website","url":"https:\/\/nuevo-renacer.com\/","name":"Uni\u00f3n Esp\u00edrita","description":"Nuevo Renacer","publisher":{"@id":"https:\/\/nuevo-renacer.com\/#organization"},"potentialAction":[{"@type":"SearchAction","target":{"@type":"EntryPoint","urlTemplate":"https:\/\/nuevo-renacer.com\/?s={search_term_string}"},"query-input":{"@type":"PropertyValueSpecification","valueRequired":true,"valueName":"search_term_string"}}],"inLanguage":"it-IT"},{"@type":"Organization","@id":"https:\/\/nuevo-renacer.com\/#organization","name":"UFEC","url":"https:\/\/nuevo-renacer.com\/","logo":{"@type":"ImageObject","inLanguage":"it-IT","@id":"https:\/\/nuevo-renacer.com\/#\/schema\/logo\/image\/","url":"https:\/\/nuevo-renacer.com\/wp-content\/uploads\/2024\/05\/cropped-LOGO-TERMINADO1-3-3.png","contentUrl":"https:\/\/nuevo-renacer.com\/wp-content\/uploads\/2024\/05\/cropped-LOGO-TERMINADO1-3-3.png","width":512,"height":512,"caption":"UFEC"},"image":{"@id":"https:\/\/nuevo-renacer.com\/#\/schema\/logo\/image\/"},"sameAs":["https:\/\/www.facebook.com\/groups\/3431398063740829"]}]}},"uagb_featured_image_src":{"full":["https:\/\/nuevo-renacer.com\/wp-content\/uploads\/2024\/07\/51J-xXcEAQL._AC_UF8941000_QL80_.jpg",894,894,false],"thumbnail":["https:\/\/nuevo-renacer.com\/wp-content\/uploads\/2024\/07\/51J-xXcEAQL._AC_UF8941000_QL80_-150x150.jpg",150,150,true],"medium":["https:\/\/nuevo-renacer.com\/wp-content\/uploads\/2024\/07\/51J-xXcEAQL._AC_UF8941000_QL80_-300x300.jpg",300,300,true],"medium_large":["https:\/\/nuevo-renacer.com\/wp-content\/uploads\/2024\/07\/51J-xXcEAQL._AC_UF8941000_QL80_-768x768.jpg",768,768,true],"large":["https:\/\/nuevo-renacer.com\/wp-content\/uploads\/2024\/07\/51J-xXcEAQL._AC_UF8941000_QL80_.jpg",894,894,false],"1536x1536":["https:\/\/nuevo-renacer.com\/wp-content\/uploads\/2024\/07\/51J-xXcEAQL._AC_UF8941000_QL80_.jpg",894,894,false],"2048x2048":["https:\/\/nuevo-renacer.com\/wp-content\/uploads\/2024\/07\/51J-xXcEAQL._AC_UF8941000_QL80_.jpg",894,894,false],"trp-custom-language-flag":["https:\/\/nuevo-renacer.com\/wp-content\/uploads\/2024\/07\/51J-xXcEAQL._AC_UF8941000_QL80_-12x12.jpg",12,12,true]},"uagb_author_info":{"display_name":"adbv0","author_link":"https:\/\/nuevo-renacer.com\/it\/author\/adbv0\/"},"uagb_comment_info":0,"uagb_excerpt":"La humanidad terrena Del libro: El Evangelio seg\u00fan el espiritismo \u2013 Allan Kardec Nos asombramos de encontrar en la Tierra tanta maldad y malas pasiones, tantas miserias y enfermedades de todo tipo, e inferimos de ah\u00ed que la especie humana es una triste cosa. Este juicio proviene del punto de vista limitado en que nos&hellip;","jetpack_sharing_enabled":true,"_links":{"self":[{"href":"https:\/\/nuevo-renacer.com\/it\/wp-json\/wp\/v2\/pages\/3561","targetHints":{"allow":["GET"]}}],"collection":[{"href":"https:\/\/nuevo-renacer.com\/it\/wp-json\/wp\/v2\/pages"}],"about":[{"href":"https:\/\/nuevo-renacer.com\/it\/wp-json\/wp\/v2\/types\/page"}],"author":[{"embeddable":true,"href":"https:\/\/nuevo-renacer.com\/it\/wp-json\/wp\/v2\/users\/1"}],"replies":[{"embeddable":true,"href":"https:\/\/nuevo-renacer.com\/it\/wp-json\/wp\/v2\/comments?post=3561"}],"version-history":[{"count":1,"href":"https:\/\/nuevo-renacer.com\/it\/wp-json\/wp\/v2\/pages\/3561\/revisions"}],"predecessor-version":[{"id":3564,"href":"https:\/\/nuevo-renacer.com\/it\/wp-json\/wp\/v2\/pages\/3561\/revisions\/3564"}],"wp:featuredmedia":[{"embeddable":true,"href":"https:\/\/nuevo-renacer.com\/it\/wp-json\/wp\/v2\/media\/3563"}],"wp:attachment":[{"href":"https:\/\/nuevo-renacer.com\/it\/wp-json\/wp\/v2\/media?parent=3561"}],"curies":[{"name":"wp","href":"https:\/\/api.w.org\/{rel}","templated":true}]}}