{"id":3556,"date":"2024-07-10T08:56:11","date_gmt":"2024-07-10T08:56:11","guid":{"rendered":"https:\/\/ufec-mundial.com\/?page_id=3556"},"modified":"2024-12-21T09:19:18","modified_gmt":"2024-12-21T09:19:18","slug":"la-vida-en-los-mundos-superiores","status":"publish","type":"page","link":"https:\/\/nuevo-renacer.com\/it\/la-vida-en-los-mundos-superiores\/","title":{"rendered":"La vida en los mundos superiores"},"content":{"rendered":"<div class=\"wp-block-uagb-container uagb-block-5d18f1df alignfull uagb-is-root-container\"><div class=\"uagb-container-inner-blocks-wrap\">\n<p class=\"has-black-color has-text-color has-link-color has-medium-font-size wp-elements-08cfc34772b47115443a6ad2041579e3\"><strong>La vida en los mundos superiores<\/strong><\/p>\n\n\n\n<p class=\"has-black-color has-text-color has-link-color has-medium-font-size wp-elements-37d3320206a9b8afa52629819a26401a\"><strong>Del libro: El Evangelio seg\u00fan el espiritismo \u2013 Allan Kardec<\/strong><\/p>\n<\/div><\/div>\n\n\n\n<div class=\"wp-block-uagb-container uagb-block-fe8d5d7f alignfull uagb-is-root-container\"><div class=\"uagb-container-inner-blocks-wrap\">\n<figure class=\"wp-block-image size-large is-resized\"><img fetchpriority=\"high\" decoding=\"async\" width=\"1024\" height=\"796\" src=\"https:\/\/ufec-mundial.com\/wp-content\/uploads\/2024\/07\/l7JSnggJxUgMtsBMM0J8-4-y5alv-1024x796.webp\" alt=\"\" class=\"wp-image-3557\" style=\"width:395px;height:auto\" srcset=\"https:\/\/nuevo-renacer.com\/wp-content\/uploads\/2024\/07\/l7JSnggJxUgMtsBMM0J8-4-y5alv-1024x796.webp 1024w, https:\/\/nuevo-renacer.com\/wp-content\/uploads\/2024\/07\/l7JSnggJxUgMtsBMM0J8-4-y5alv-300x233.webp 300w, https:\/\/nuevo-renacer.com\/wp-content\/uploads\/2024\/07\/l7JSnggJxUgMtsBMM0J8-4-y5alv-768x597.webp 768w, https:\/\/nuevo-renacer.com\/wp-content\/uploads\/2024\/07\/l7JSnggJxUgMtsBMM0J8-4-y5alv-15x12.webp 15w, https:\/\/nuevo-renacer.com\/wp-content\/uploads\/2024\/07\/l7JSnggJxUgMtsBMM0J8-4-y5alv.webp 1152w\" sizes=\"(max-width: 1024px) 100vw, 1024px\" \/><\/figure>\n<\/div><\/div>\n\n\n\n<div class=\"wp-block-uagb-container uagb-block-b2e2d189 alignfull uagb-is-root-container\"><div class=\"uagb-container-inner-blocks-wrap\">\n<p class=\"has-black-color has-text-color has-link-color has-small-font-size wp-elements-702213341c618d67ac4726352ceca8bc\">En los mundos que han llegado a un grado superior, las condiciones de la vida moral y material son muy distintas a las de los mundos inferiores. Incluso difieren de las condiciones propias de la Tierra. Si bien la forma del cuerpo es, invariablemente y como en todas partes, la forma humana, esta se encuentra embellecida, perfeccionada y, sobre todo, purificada. El cuerpo carece por completo de la materialidad terrestre y, por consiguiente, no est\u00e1 sujeto a las necesidades, ni a las enfermedades o al deterioro que derivan del predominio de la materia. Los sentidos, m\u00e1s refinados, tienen percepciones a las que la naturaleza de nuestros \u00f3rganos embotan. La levedad espec\u00edfica de los cuerpos hace que la locomoci\u00f3n sea r\u00e1pida y no ofrezca dificultades: en vez de arrastrarse penosamente por el suelo, se deslizan, dig\u00e1moslo as\u00ed, sobre la superficie, o permanecen suspendidos en la atm\u00f3sfera sin otro esfuerzo que el de la voluntad, de la misma manera que se representa a los \u00e1ngeles, o como los antiguos conceb\u00edan a los manes de los Campos El\u00edseos. Los hombres conservan de buen grado las facciones de sus migraciones pasadas, y se aparecen a sus amigos tal como estos los conocieron, pero iluminados por una luz divina, transfigurados por las impresiones interiores, que son siempre elevadas. En vez de rostros deslucidos, demacrados por los padecimientos y las pasiones, la inteligencia y la vida irradian ese resplandor que los pintores han traducido en diadema o aureola de los santos.<\/p>\n\n\n\n<p class=\"has-black-color has-text-color has-link-color has-small-font-size wp-elements-693baa2478c5b2d009877b284321b5de\">La escasa resistencia que la materia ofrece a los Esp\u00edritus ya muy adelantados, hace que los cuerpos se desarrollen r\u00e1pido y que la infancia sea corta o casi nula. La vida, exenta de preocupaciones y angustias, es proporcionalmente mucho m\u00e1s prolongada que en la Tierra. En principio, la longevidad es relativa al grado de adelanto de los mundos. La muerte no tiene ninguno de los horrores de la descomposici\u00f3n, y lejos de ser un motivo&nbsp; de espanto, se la considera una transformaci\u00f3n feliz, porque en esos mundos la duda acerca del porvenir no existe. Durante la vida, como el alma no se encuentra encerrada en una materia compacta, irradia y goza de una lucidez que la coloca en un estado casi permanente de emancipaci\u00f3n, lo que permite la libre transmisi\u00f3n del pensamiento.<\/p>\n\n\n\n<p class=\"has-black-color has-text-color has-link-color has-small-font-size wp-elements-43cbd9ec8bb7493bd3fffd2bc181ab3c\">En esos mundos felices, las relaciones entre los pueblos, siempre amistosas, nunca son perturbadas por la ambici\u00f3n de esclavizar al vecino, ni por la guerra, que es la consecuencia de aquella. All\u00ed no hay amos ni esclavos, ni privilegiados por el nacimiento. S\u00f3lo la superioridad moral e intelectual establece la diferencia de condiciones y confiere la supremac\u00eda. La autoridad es siempre respetada, porque \u00fanicamente se concede al m\u00e9rito y porque siempre se ejerce con justicia. El hombre no procura elevarse sobre el hombre, sino sobre s\u00ed mismo, perfeccion\u00e1ndose. Su objetivo es alcanzar la categor\u00eda de los Esp\u00edritus puros, y ese deseo incesante no es un tormento, sino una noble ambici\u00f3n que lo hace estudiar con ardor para llegar a igualarse con ellos. Todos los sentimientos tiernos y elevados de la naturaleza humana se encuentran all\u00ed aumentados y purificados. Los odios, los celos mezquinos y las bajas codicias de la envidia son desconocidos. Un lazo de amor y fraternidad une a todos los hombres, y los m\u00e1s fuertes ayudan a los m\u00e1s d\u00e9biles. Poseen bienes en mayor o menor cantidad, seg\u00fan lo que han adquirido mediante su inteligencia, pero nadie sufre por la falta de lo necesario, porque nadie est\u00e1 all\u00ed en proceso de expiaci\u00f3n. En una palabra, en esos mundos el mal no existe.<\/p>\n\n\n\n<p class=\"has-black-color has-text-color has-link-color has-small-font-size wp-elements-7e0e736f8c2c1e82365429f929f8d445\">En vuestro mundo ten\u00e9is necesidad del mal para sentir el bien; de la noche, para admirar la luz; de la enfermedad, para apreciar la salud. En cambio, en los mundos felices esos contrastes no son necesarios. La eterna luz, la eterna belleza, la eterna serenidad del alma proporcionan una dicha eterna, que no es perturbada por las angustias de la vida material ni por el contacto con los malos, que all\u00ed no tienen acceso. Es esto lo que el esp\u00edritu humano tiene mayor dificultad en comprender. Ha sido ingenioso para pintar los tormentos del Infierno, pero nunca pudo imaginarse los goces del Cielo. \u00bfPor qu\u00e9? Porque al ser inferior, s\u00f3lo ha sufrido penas y miserias, y jam\u00e1s ha entrevisto las claridades celestiales. S\u00f3lo puede hablar de lo que conoce. No obstante, a medida que se eleva y se purifica, su horizonte se ampl\u00eda y comprende el bien que est\u00e1 delante de s\u00ed, como ha comprendido el mal que dej\u00f3 atr\u00e1s.<\/p>\n<\/div><\/div>\n\n\n\n<div class=\"wp-block-uagb-container uagb-block-33c7faee alignfull uagb-is-root-container\"><div class=\"uagb-container-inner-blocks-wrap\"><\/div><\/div>\n\n\n\n<div class=\"wp-block-uagb-container uagb-block-86483d83 alignfull uagb-is-root-container\"><div class=\"uagb-container-inner-blocks-wrap\"><\/div><\/div>","protected":false},"excerpt":{"rendered":"<p>La vida en los mundos superiores Del libro: El Evangelio seg\u00fan el espiritismo \u2013 Allan Kardec En los mundos que han llegado a un grado superior, las condiciones de la vida moral y material son muy distintas a las de los mundos inferiores. Incluso difieren de las condiciones propias de la Tierra. Si bien la [&hellip;]<\/p>","protected":false},"author":1,"featured_media":3557,"parent":0,"menu_order":0,"comment_status":"closed","ping_status":"closed","template":"","meta":{"_uag_custom_page_level_css":"","site-sidebar-layout":"default","site-content-layout":"","ast-site-content-layout":"default","site-content-style":"default","site-sidebar-style":"default","ast-global-header-display":"","ast-banner-title-visibility":"","ast-main-header-display":"","ast-hfb-above-header-display":"","ast-hfb-below-header-display":"","ast-hfb-mobile-header-display":"","site-post-title":"disabled","ast-breadcrumbs-content":"","ast-featured-img":"","footer-sml-layout":"","theme-transparent-header-meta":"","adv-header-id-meta":"","stick-header-meta":"","header-above-stick-meta":"","header-main-stick-meta":"","header-below-stick-meta":"","astra-migrate-meta-layouts":"set","ast-page-background-enabled":"default","ast-page-background-meta":{"desktop":{"background-color":"var(--ast-global-color-4)","background-image":"","background-repeat":"repeat","background-position":"center center","background-size":"auto","background-attachment":"scroll","background-type":"","background-media":"","overlay-type":"","overlay-color":"","overlay-opacity":"","overlay-gradient":""},"tablet":{"background-color":"","background-image":"","background-repeat":"repeat","background-position":"center center","background-size":"auto","background-attachment":"scroll","background-type":"","background-media":"","overlay-type":"","overlay-color":"","overlay-opacity":"","overlay-gradient":""},"mobile":{"background-color":"","background-image":"","background-repeat":"repeat","background-position":"center center","background-size":"auto","background-attachment":"scroll","background-type":"","background-media":"","overlay-type":"","overlay-color":"","overlay-opacity":"","overlay-gradient":""}},"ast-content-background-meta":{"desktop":{"background-color":"var(--ast-global-color-5)","background-image":"","background-repeat":"repeat","background-position":"center center","background-size":"auto","background-attachment":"scroll","background-type":"","background-media":"","overlay-type":"","overlay-color":"","overlay-opacity":"","overlay-gradient":""},"tablet":{"background-color":"var(--ast-global-color-5)","background-image":"","background-repeat":"repeat","background-position":"center center","background-size":"auto","background-attachment":"scroll","background-type":"","background-media":"","overlay-type":"","overlay-color":"","overlay-opacity":"","overlay-gradient":""},"mobile":{"background-color":"var(--ast-global-color-5)","background-image":"","background-repeat":"repeat","background-position":"center center","background-size":"auto","background-attachment":"scroll","background-type":"","background-media":"","overlay-type":"","overlay-color":"","overlay-opacity":"","overlay-gradient":""}},"footnotes":""},"class_list":["post-3556","page","type-page","status-publish","has-post-thumbnail","hentry"],"yoast_head":"<!-- This site is optimized with the Yoast SEO Premium plugin v24.2 (Yoast SEO v24.6) - https:\/\/yoast.com\/wordpress\/plugins\/seo\/ -->\n<title>La vida en los mundos superiores - Uni\u00f3n Esp\u00edrita<\/title>\n<meta name=\"robots\" content=\"index, follow, max-snippet:-1, max-image-preview:large, max-video-preview:-1\" \/>\n<link rel=\"canonical\" href=\"https:\/\/nuevo-renacer.com\/it\/la-vida-en-los-mundos-superiores\/\" \/>\n<meta property=\"og:locale\" content=\"it_IT\" \/>\n<meta property=\"og:type\" content=\"article\" \/>\n<meta property=\"og:title\" content=\"La vida en los mundos superiores\" \/>\n<meta property=\"og:description\" content=\"La vida en los mundos superiores Del libro: El Evangelio seg\u00fan el espiritismo \u2013 Allan Kardec En los mundos que han llegado a un grado superior, las condiciones de la vida moral y material son muy distintas a las de los mundos inferiores. Incluso difieren de las condiciones propias de la Tierra. Si bien la [&hellip;]\" \/>\n<meta property=\"og:url\" content=\"https:\/\/nuevo-renacer.com\/it\/la-vida-en-los-mundos-superiores\/\" \/>\n<meta property=\"og:site_name\" content=\"Uni\u00f3n Esp\u00edrita\" \/>\n<meta property=\"article:publisher\" content=\"https:\/\/www.facebook.com\/groups\/3431398063740829\" \/>\n<meta property=\"article:modified_time\" content=\"2024-12-21T09:19:18+00:00\" \/>\n<meta property=\"og:image\" content=\"https:\/\/nuevo-renacer.com\/wp-content\/uploads\/2024\/07\/l7JSnggJxUgMtsBMM0J8-4-y5alv.webp\" \/>\n\t<meta property=\"og:image:width\" content=\"1152\" \/>\n\t<meta property=\"og:image:height\" content=\"896\" \/>\n\t<meta property=\"og:image:type\" content=\"image\/webp\" \/>\n<meta name=\"twitter:card\" content=\"summary_large_image\" \/>\n<meta name=\"twitter:label1\" content=\"Tempo di lettura stimato\" \/>\n\t<meta name=\"twitter:data1\" content=\"4 minuti\" \/>\n<script type=\"application\/ld+json\" class=\"yoast-schema-graph\">{\"@context\":\"https:\/\/schema.org\",\"@graph\":[{\"@type\":\"WebPage\",\"@id\":\"https:\/\/nuevo-renacer.com\/la-vida-en-los-mundos-superiores\/\",\"url\":\"https:\/\/nuevo-renacer.com\/la-vida-en-los-mundos-superiores\/\",\"name\":\"La vida en los mundos superiores - Uni\u00f3n Esp\u00edrita\",\"isPartOf\":{\"@id\":\"https:\/\/nuevo-renacer.com\/#website\"},\"primaryImageOfPage\":{\"@id\":\"https:\/\/nuevo-renacer.com\/la-vida-en-los-mundos-superiores\/#primaryimage\"},\"image\":{\"@id\":\"https:\/\/nuevo-renacer.com\/la-vida-en-los-mundos-superiores\/#primaryimage\"},\"thumbnailUrl\":\"https:\/\/nuevo-renacer.com\/wp-content\/uploads\/2024\/07\/l7JSnggJxUgMtsBMM0J8-4-y5alv.webp\",\"datePublished\":\"2024-07-10T08:56:11+00:00\",\"dateModified\":\"2024-12-21T09:19:18+00:00\",\"breadcrumb\":{\"@id\":\"https:\/\/nuevo-renacer.com\/la-vida-en-los-mundos-superiores\/#breadcrumb\"},\"inLanguage\":\"it-IT\",\"potentialAction\":[{\"@type\":\"ReadAction\",\"target\":[\"https:\/\/nuevo-renacer.com\/la-vida-en-los-mundos-superiores\/\"]}]},{\"@type\":\"ImageObject\",\"inLanguage\":\"it-IT\",\"@id\":\"https:\/\/nuevo-renacer.com\/la-vida-en-los-mundos-superiores\/#primaryimage\",\"url\":\"https:\/\/nuevo-renacer.com\/wp-content\/uploads\/2024\/07\/l7JSnggJxUgMtsBMM0J8-4-y5alv.webp\",\"contentUrl\":\"https:\/\/nuevo-renacer.com\/wp-content\/uploads\/2024\/07\/l7JSnggJxUgMtsBMM0J8-4-y5alv.webp\",\"width\":1152,\"height\":896},{\"@type\":\"BreadcrumbList\",\"@id\":\"https:\/\/nuevo-renacer.com\/la-vida-en-los-mundos-superiores\/#breadcrumb\",\"itemListElement\":[{\"@type\":\"ListItem\",\"position\":1,\"name\":\"Startseite\",\"item\":\"https:\/\/nuevo-renacer.com\/\"},{\"@type\":\"ListItem\",\"position\":2,\"name\":\"La vida en los mundos superiores\"}]},{\"@type\":\"WebSite\",\"@id\":\"https:\/\/nuevo-renacer.com\/#website\",\"url\":\"https:\/\/nuevo-renacer.com\/\",\"name\":\"Uni\u00f3n Esp\u00edrita\",\"description\":\"Nuevo Renacer\",\"publisher\":{\"@id\":\"https:\/\/nuevo-renacer.com\/#organization\"},\"potentialAction\":[{\"@type\":\"SearchAction\",\"target\":{\"@type\":\"EntryPoint\",\"urlTemplate\":\"https:\/\/nuevo-renacer.com\/?s={search_term_string}\"},\"query-input\":{\"@type\":\"PropertyValueSpecification\",\"valueRequired\":true,\"valueName\":\"search_term_string\"}}],\"inLanguage\":\"it-IT\"},{\"@type\":\"Organization\",\"@id\":\"https:\/\/nuevo-renacer.com\/#organization\",\"name\":\"UFEC\",\"url\":\"https:\/\/nuevo-renacer.com\/\",\"logo\":{\"@type\":\"ImageObject\",\"inLanguage\":\"it-IT\",\"@id\":\"https:\/\/nuevo-renacer.com\/#\/schema\/logo\/image\/\",\"url\":\"https:\/\/nuevo-renacer.com\/wp-content\/uploads\/2024\/05\/cropped-LOGO-TERMINADO1-3-3.png\",\"contentUrl\":\"https:\/\/nuevo-renacer.com\/wp-content\/uploads\/2024\/05\/cropped-LOGO-TERMINADO1-3-3.png\",\"width\":512,\"height\":512,\"caption\":\"UFEC\"},\"image\":{\"@id\":\"https:\/\/nuevo-renacer.com\/#\/schema\/logo\/image\/\"},\"sameAs\":[\"https:\/\/www.facebook.com\/groups\/3431398063740829\"]}]}<\/script>\n<!-- \/ Yoast SEO Premium plugin. -->","yoast_head_json":{"title":"La vida en los mundos superiores - Uni\u00f3n Esp\u00edrita","robots":{"index":"index","follow":"follow","max-snippet":"max-snippet:-1","max-image-preview":"max-image-preview:large","max-video-preview":"max-video-preview:-1"},"canonical":"https:\/\/nuevo-renacer.com\/it\/la-vida-en-los-mundos-superiores\/","og_locale":"it_IT","og_type":"article","og_title":"La vida en los mundos superiores","og_description":"La vida en los mundos superiores Del libro: El Evangelio seg\u00fan el espiritismo \u2013 Allan Kardec En los mundos que han llegado a un grado superior, las condiciones de la vida moral y material son muy distintas a las de los mundos inferiores. Incluso difieren de las condiciones propias de la Tierra. Si bien la [&hellip;]","og_url":"https:\/\/nuevo-renacer.com\/it\/la-vida-en-los-mundos-superiores\/","og_site_name":"Uni\u00f3n Esp\u00edrita","article_publisher":"https:\/\/www.facebook.com\/groups\/3431398063740829","article_modified_time":"2024-12-21T09:19:18+00:00","og_image":[{"width":1152,"height":896,"url":"https:\/\/nuevo-renacer.com\/wp-content\/uploads\/2024\/07\/l7JSnggJxUgMtsBMM0J8-4-y5alv.webp","type":"image\/webp"}],"twitter_card":"summary_large_image","twitter_misc":{"Tempo di lettura stimato":"4 minuti"},"schema":{"@context":"https:\/\/schema.org","@graph":[{"@type":"WebPage","@id":"https:\/\/nuevo-renacer.com\/la-vida-en-los-mundos-superiores\/","url":"https:\/\/nuevo-renacer.com\/la-vida-en-los-mundos-superiores\/","name":"La vida en los mundos superiores - Uni\u00f3n Esp\u00edrita","isPartOf":{"@id":"https:\/\/nuevo-renacer.com\/#website"},"primaryImageOfPage":{"@id":"https:\/\/nuevo-renacer.com\/la-vida-en-los-mundos-superiores\/#primaryimage"},"image":{"@id":"https:\/\/nuevo-renacer.com\/la-vida-en-los-mundos-superiores\/#primaryimage"},"thumbnailUrl":"https:\/\/nuevo-renacer.com\/wp-content\/uploads\/2024\/07\/l7JSnggJxUgMtsBMM0J8-4-y5alv.webp","datePublished":"2024-07-10T08:56:11+00:00","dateModified":"2024-12-21T09:19:18+00:00","breadcrumb":{"@id":"https:\/\/nuevo-renacer.com\/la-vida-en-los-mundos-superiores\/#breadcrumb"},"inLanguage":"it-IT","potentialAction":[{"@type":"ReadAction","target":["https:\/\/nuevo-renacer.com\/la-vida-en-los-mundos-superiores\/"]}]},{"@type":"ImageObject","inLanguage":"it-IT","@id":"https:\/\/nuevo-renacer.com\/la-vida-en-los-mundos-superiores\/#primaryimage","url":"https:\/\/nuevo-renacer.com\/wp-content\/uploads\/2024\/07\/l7JSnggJxUgMtsBMM0J8-4-y5alv.webp","contentUrl":"https:\/\/nuevo-renacer.com\/wp-content\/uploads\/2024\/07\/l7JSnggJxUgMtsBMM0J8-4-y5alv.webp","width":1152,"height":896},{"@type":"BreadcrumbList","@id":"https:\/\/nuevo-renacer.com\/la-vida-en-los-mundos-superiores\/#breadcrumb","itemListElement":[{"@type":"ListItem","position":1,"name":"Startseite","item":"https:\/\/nuevo-renacer.com\/"},{"@type":"ListItem","position":2,"name":"La vida en los mundos superiores"}]},{"@type":"WebSite","@id":"https:\/\/nuevo-renacer.com\/#website","url":"https:\/\/nuevo-renacer.com\/","name":"Uni\u00f3n Esp\u00edrita","description":"Nuevo Renacer","publisher":{"@id":"https:\/\/nuevo-renacer.com\/#organization"},"potentialAction":[{"@type":"SearchAction","target":{"@type":"EntryPoint","urlTemplate":"https:\/\/nuevo-renacer.com\/?s={search_term_string}"},"query-input":{"@type":"PropertyValueSpecification","valueRequired":true,"valueName":"search_term_string"}}],"inLanguage":"it-IT"},{"@type":"Organization","@id":"https:\/\/nuevo-renacer.com\/#organization","name":"UFEC","url":"https:\/\/nuevo-renacer.com\/","logo":{"@type":"ImageObject","inLanguage":"it-IT","@id":"https:\/\/nuevo-renacer.com\/#\/schema\/logo\/image\/","url":"https:\/\/nuevo-renacer.com\/wp-content\/uploads\/2024\/05\/cropped-LOGO-TERMINADO1-3-3.png","contentUrl":"https:\/\/nuevo-renacer.com\/wp-content\/uploads\/2024\/05\/cropped-LOGO-TERMINADO1-3-3.png","width":512,"height":512,"caption":"UFEC"},"image":{"@id":"https:\/\/nuevo-renacer.com\/#\/schema\/logo\/image\/"},"sameAs":["https:\/\/www.facebook.com\/groups\/3431398063740829"]}]}},"uagb_featured_image_src":{"full":["https:\/\/nuevo-renacer.com\/wp-content\/uploads\/2024\/07\/l7JSnggJxUgMtsBMM0J8-4-y5alv.webp",1152,896,false],"thumbnail":["https:\/\/nuevo-renacer.com\/wp-content\/uploads\/2024\/07\/l7JSnggJxUgMtsBMM0J8-4-y5alv-150x150.webp",150,150,true],"medium":["https:\/\/nuevo-renacer.com\/wp-content\/uploads\/2024\/07\/l7JSnggJxUgMtsBMM0J8-4-y5alv-300x233.webp",300,233,true],"medium_large":["https:\/\/nuevo-renacer.com\/wp-content\/uploads\/2024\/07\/l7JSnggJxUgMtsBMM0J8-4-y5alv-768x597.webp",768,597,true],"large":["https:\/\/nuevo-renacer.com\/wp-content\/uploads\/2024\/07\/l7JSnggJxUgMtsBMM0J8-4-y5alv-1024x796.webp",1024,796,true],"1536x1536":["https:\/\/nuevo-renacer.com\/wp-content\/uploads\/2024\/07\/l7JSnggJxUgMtsBMM0J8-4-y5alv.webp",1152,896,false],"2048x2048":["https:\/\/nuevo-renacer.com\/wp-content\/uploads\/2024\/07\/l7JSnggJxUgMtsBMM0J8-4-y5alv.webp",1152,896,false],"trp-custom-language-flag":["https:\/\/nuevo-renacer.com\/wp-content\/uploads\/2024\/07\/l7JSnggJxUgMtsBMM0J8-4-y5alv-15x12.webp",15,12,true]},"uagb_author_info":{"display_name":"adbv0","author_link":"https:\/\/nuevo-renacer.com\/it\/author\/adbv0\/"},"uagb_comment_info":0,"uagb_excerpt":"La vida en los mundos superiores Del libro: El Evangelio seg\u00fan el espiritismo \u2013 Allan Kardec En los mundos que han llegado a un grado superior, las condiciones de la vida moral y material son muy distintas a las de los mundos inferiores. Incluso difieren de las condiciones propias de la Tierra. Si bien la&hellip;","jetpack_sharing_enabled":true,"_links":{"self":[{"href":"https:\/\/nuevo-renacer.com\/it\/wp-json\/wp\/v2\/pages\/3556","targetHints":{"allow":["GET"]}}],"collection":[{"href":"https:\/\/nuevo-renacer.com\/it\/wp-json\/wp\/v2\/pages"}],"about":[{"href":"https:\/\/nuevo-renacer.com\/it\/wp-json\/wp\/v2\/types\/page"}],"author":[{"embeddable":true,"href":"https:\/\/nuevo-renacer.com\/it\/wp-json\/wp\/v2\/users\/1"}],"replies":[{"embeddable":true,"href":"https:\/\/nuevo-renacer.com\/it\/wp-json\/wp\/v2\/comments?post=3556"}],"version-history":[{"count":3,"href":"https:\/\/nuevo-renacer.com\/it\/wp-json\/wp\/v2\/pages\/3556\/revisions"}],"predecessor-version":[{"id":6591,"href":"https:\/\/nuevo-renacer.com\/it\/wp-json\/wp\/v2\/pages\/3556\/revisions\/6591"}],"wp:featuredmedia":[{"embeddable":true,"href":"https:\/\/nuevo-renacer.com\/it\/wp-json\/wp\/v2\/media\/3557"}],"wp:attachment":[{"href":"https:\/\/nuevo-renacer.com\/it\/wp-json\/wp\/v2\/media?parent=3556"}],"curies":[{"name":"wp","href":"https:\/\/api.w.org\/{rel}","templated":true}]}}