{"id":3538,"date":"2024-07-10T07:40:21","date_gmt":"2024-07-10T07:40:21","guid":{"rendered":"https:\/\/ufec-mundial.com\/?page_id=3538"},"modified":"2024-12-18T13:09:58","modified_gmt":"2024-12-18T13:09:58","slug":"componentes-del-ser-humano","status":"publish","type":"page","link":"https:\/\/nuevo-renacer.com\/it\/componentes-del-ser-humano\/","title":{"rendered":"Componenti dell'essere umano"},"content":{"rendered":"<div class=\"wp-block-uagb-container uagb-block-dd1e02e2 alignfull uagb-is-root-container\"><div class=\"uagb-container-inner-blocks-wrap\">\n<p class=\"has-black-color has-text-color has-link-color has-medium-font-size wp-elements-114de68485cda14e4ae3ae2c229ad842\"><strong>Componenti dell'essere umano<\/strong><\/p>\n<\/div><\/div>\n\n\n\n<div class=\"wp-block-uagb-container uagb-block-47ed2b6b alignfull uagb-is-root-container\"><div class=\"uagb-container-inner-blocks-wrap\">\n<figure class=\"wp-block-image size-full is-resized\"><img fetchpriority=\"high\" decoding=\"async\" width=\"755\" height=\"426\" src=\"https:\/\/ufec-mundial.com\/wp-content\/uploads\/2024\/07\/d61ae6_28f4990cb0054970901216b2da3f5eeamv2.png\" alt=\"\" class=\"wp-image-3539\" style=\"width:404px;height:auto\" srcset=\"https:\/\/nuevo-renacer.com\/wp-content\/uploads\/2024\/07\/d61ae6_28f4990cb0054970901216b2da3f5eeamv2.png 755w, https:\/\/nuevo-renacer.com\/wp-content\/uploads\/2024\/07\/d61ae6_28f4990cb0054970901216b2da3f5eeamv2-300x169.png 300w, https:\/\/nuevo-renacer.com\/wp-content\/uploads\/2024\/07\/d61ae6_28f4990cb0054970901216b2da3f5eeamv2-18x10.png 18w\" sizes=\"(max-width: 755px) 100vw, 755px\" \/><\/figure>\n<\/div><\/div>\n\n\n\n<div class=\"wp-block-uagb-container uagb-block-f5a1c1f6 alignfull uagb-is-root-container\"><div class=\"uagb-container-inner-blocks-wrap\">\n<p class=\"has-black-color has-text-color has-link-color has-small-font-size wp-elements-2cd690aa85a639716a787cd04fd2d1b8\">Secondo la comprensione degli insegnamenti spiritisti, gli esseri umani sono spiriti che si sono incarnati temporaneamente in un corpo carnale qui sulla Terra. Questo spirito, che possiamo anche chiamare anima incarnata, \u00e8 immortale e immateriale. Creati come un diamante grezzo imperfetto, ci sviluppiamo moralmente e intellettualmente con l'obiettivo di raggiungere la perfezione.<\/p>\n\n\n\n<p class=\"has-black-color has-text-color has-link-color has-small-font-size wp-elements-f48b71d6909da300ad89182887ec354e\">Lo spirito \u00e8 la sede della nostra individualit\u00e0 e unicit\u00e0 nell'universo. \u00c8 la fonte della nostra intelligenza emotiva, dei nostri sentimenti, delle nostre sensazioni, del nostro libero arbitrio, della nostra creativit\u00e0, del nostro giudizio, della nostra saggezza, dei nostri pensieri, ecc. Lo spirito corrisponde al nostro io, alla nostra coscienza e al nostro subconscio.<\/p>\n\n\n\n<p class=\"has-black-color has-text-color has-link-color has-small-font-size wp-elements-ec8e66eaa3440147209fc99377b677f9\">Lo spirito ha un perispirito (involucro o corpo spirituale), che diventa sempre pi\u00f9 permeabile e sottile man mano che si sviluppa. Quando gli esseri spirituali si mostrano a noi, vediamo questo perispirito.<\/p>\n\n\n\n<p class=\"has-black-color has-text-color has-link-color has-small-font-size wp-elements-666c56ba9958b2268337cc5cb6aa4179\">Come essere umano incarnato sulla Terra, anche lo spirito ha un corpo di carne. Quindi l'essere umano olistico \u00e8 costituito da tutti questi componenti: spirito, perispirito e corpo. Sono fortemente interdipendenti e si influenzano a vicenda.<\/p>\n<\/div><\/div>\n\n\n\n<div class=\"wp-block-uagb-container uagb-block-62002aaa alignfull uagb-is-root-container\"><div class=\"uagb-container-inner-blocks-wrap\"><\/div><\/div>\n\n\n\n<div class=\"wp-block-uagb-container uagb-block-a78b0574 alignfull uagb-is-root-container\"><div class=\"uagb-container-inner-blocks-wrap\"><\/div><\/div>","protected":false},"excerpt":{"rendered":"<p>Componentes del ser humano Seg\u00fan la comprensi\u00f3n de las ense\u00f1anzas esp\u00edrita, los seres humanos somos esp\u00edritus que hemos encarnado temporalmente en un cuerpo carnal aqu\u00ed en la Tierra. Este esp\u00edritu, que tambi\u00e9n podemos llamar alma encarnada, es inmortal e inmaterial. Creados como un diamante en bruto imperfecto, nos desarrollamos moral e intelectualmente con el objetivo [&hellip;]<\/p>","protected":false},"author":1,"featured_media":3539,"parent":0,"menu_order":0,"comment_status":"closed","ping_status":"closed","template":"","meta":{"_uag_custom_page_level_css":"","site-sidebar-layout":"default","site-content-layout":"","ast-site-content-layout":"default","site-content-style":"default","site-sidebar-style":"default","ast-global-header-display":"","ast-banner-title-visibility":"","ast-main-header-display":"","ast-hfb-above-header-display":"","ast-hfb-below-header-display":"","ast-hfb-mobile-header-display":"","site-post-title":"disabled","ast-breadcrumbs-content":"","ast-featured-img":"","footer-sml-layout":"","theme-transparent-header-meta":"","adv-header-id-meta":"","stick-header-meta":"","header-above-stick-meta":"","header-main-stick-meta":"","header-below-stick-meta":"","astra-migrate-meta-layouts":"set","ast-page-background-enabled":"default","ast-page-background-meta":{"desktop":{"background-color":"var(--ast-global-color-4)","background-image":"","background-repeat":"repeat","background-position":"center center","background-size":"auto","background-attachment":"scroll","background-type":"","background-media":"","overlay-type":"","overlay-color":"","overlay-opacity":"","overlay-gradient":""},"tablet":{"background-color":"","background-image":"","background-repeat":"repeat","background-position":"center center","background-size":"auto","background-attachment":"scroll","background-type":"","background-media":"","overlay-type":"","overlay-color":"","overlay-opacity":"","overlay-gradient":""},"mobile":{"background-color":"","background-image":"","background-repeat":"repeat","background-position":"center center","background-size":"auto","background-attachment":"scroll","background-type":"","background-media":"","overlay-type":"","overlay-color":"","overlay-opacity":"","overlay-gradient":""}},"ast-content-background-meta":{"desktop":{"background-color":"var(--ast-global-color-5)","background-image":"","background-repeat":"repeat","background-position":"center center","background-size":"auto","background-attachment":"scroll","background-type":"","background-media":"","overlay-type":"","overlay-color":"","overlay-opacity":"","overlay-gradient":""},"tablet":{"background-color":"var(--ast-global-color-5)","background-image":"","background-repeat":"repeat","background-position":"center center","background-size":"auto","background-attachment":"scroll","background-type":"","background-media":"","overlay-type":"","overlay-color":"","overlay-opacity":"","overlay-gradient":""},"mobile":{"background-color":"var(--ast-global-color-5)","background-image":"","background-repeat":"repeat","background-position":"center center","background-size":"auto","background-attachment":"scroll","background-type":"","background-media":"","overlay-type":"","overlay-color":"","overlay-opacity":"","overlay-gradient":""}},"footnotes":""},"class_list":["post-3538","page","type-page","status-publish","has-post-thumbnail","hentry"],"yoast_head":"<!-- This site is optimized with the Yoast SEO Premium plugin v24.2 (Yoast SEO v24.6) - https:\/\/yoast.com\/wordpress\/plugins\/seo\/ -->\n<title>Componentes del ser humano - Uni\u00f3n Esp\u00edrita<\/title>\n<meta name=\"robots\" content=\"index, follow, max-snippet:-1, max-image-preview:large, max-video-preview:-1\" \/>\n<link rel=\"canonical\" href=\"https:\/\/nuevo-renacer.com\/it\/componentes-del-ser-humano\/\" \/>\n<meta property=\"og:locale\" content=\"it_IT\" \/>\n<meta property=\"og:type\" content=\"article\" \/>\n<meta property=\"og:title\" content=\"Componentes del ser humano\" \/>\n<meta property=\"og:description\" content=\"Componentes del ser humano Seg\u00fan la comprensi\u00f3n de las ense\u00f1anzas esp\u00edrita, los seres humanos somos esp\u00edritus que hemos encarnado temporalmente en un cuerpo carnal aqu\u00ed en la Tierra. Este esp\u00edritu, que tambi\u00e9n podemos llamar alma encarnada, es inmortal e inmaterial. Creados como un diamante en bruto imperfecto, nos desarrollamos moral e intelectualmente con el objetivo [&hellip;]\" \/>\n<meta property=\"og:url\" content=\"https:\/\/nuevo-renacer.com\/it\/componentes-del-ser-humano\/\" \/>\n<meta property=\"og:site_name\" content=\"Uni\u00f3n Esp\u00edrita\" \/>\n<meta property=\"article:publisher\" content=\"https:\/\/www.facebook.com\/groups\/3431398063740829\" \/>\n<meta property=\"article:modified_time\" content=\"2024-12-18T13:09:58+00:00\" \/>\n<meta property=\"og:image\" content=\"https:\/\/nuevo-renacer.com\/wp-content\/uploads\/2024\/07\/d61ae6_28f4990cb0054970901216b2da3f5eeamv2.png\" \/>\n\t<meta property=\"og:image:width\" content=\"755\" \/>\n\t<meta property=\"og:image:height\" content=\"426\" \/>\n\t<meta property=\"og:image:type\" content=\"image\/png\" \/>\n<meta name=\"twitter:card\" content=\"summary_large_image\" \/>\n<meta name=\"twitter:label1\" content=\"Tempo di lettura stimato\" \/>\n\t<meta name=\"twitter:data1\" content=\"1 minuto\" \/>\n<script type=\"application\/ld+json\" class=\"yoast-schema-graph\">{\"@context\":\"https:\/\/schema.org\",\"@graph\":[{\"@type\":\"WebPage\",\"@id\":\"https:\/\/nuevo-renacer.com\/componentes-del-ser-humano\/\",\"url\":\"https:\/\/nuevo-renacer.com\/componentes-del-ser-humano\/\",\"name\":\"Componentes del ser humano - Uni\u00f3n Esp\u00edrita\",\"isPartOf\":{\"@id\":\"https:\/\/nuevo-renacer.com\/#website\"},\"primaryImageOfPage\":{\"@id\":\"https:\/\/nuevo-renacer.com\/componentes-del-ser-humano\/#primaryimage\"},\"image\":{\"@id\":\"https:\/\/nuevo-renacer.com\/componentes-del-ser-humano\/#primaryimage\"},\"thumbnailUrl\":\"https:\/\/nuevo-renacer.com\/wp-content\/uploads\/2024\/07\/d61ae6_28f4990cb0054970901216b2da3f5eeamv2.png\",\"datePublished\":\"2024-07-10T07:40:21+00:00\",\"dateModified\":\"2024-12-18T13:09:58+00:00\",\"breadcrumb\":{\"@id\":\"https:\/\/nuevo-renacer.com\/componentes-del-ser-humano\/#breadcrumb\"},\"inLanguage\":\"it-IT\",\"potentialAction\":[{\"@type\":\"ReadAction\",\"target\":[\"https:\/\/nuevo-renacer.com\/componentes-del-ser-humano\/\"]}]},{\"@type\":\"ImageObject\",\"inLanguage\":\"it-IT\",\"@id\":\"https:\/\/nuevo-renacer.com\/componentes-del-ser-humano\/#primaryimage\",\"url\":\"https:\/\/nuevo-renacer.com\/wp-content\/uploads\/2024\/07\/d61ae6_28f4990cb0054970901216b2da3f5eeamv2.png\",\"contentUrl\":\"https:\/\/nuevo-renacer.com\/wp-content\/uploads\/2024\/07\/d61ae6_28f4990cb0054970901216b2da3f5eeamv2.png\",\"width\":755,\"height\":426},{\"@type\":\"BreadcrumbList\",\"@id\":\"https:\/\/nuevo-renacer.com\/componentes-del-ser-humano\/#breadcrumb\",\"itemListElement\":[{\"@type\":\"ListItem\",\"position\":1,\"name\":\"Startseite\",\"item\":\"https:\/\/nuevo-renacer.com\/\"},{\"@type\":\"ListItem\",\"position\":2,\"name\":\"Componentes del ser humano\"}]},{\"@type\":\"WebSite\",\"@id\":\"https:\/\/nuevo-renacer.com\/#website\",\"url\":\"https:\/\/nuevo-renacer.com\/\",\"name\":\"Uni\u00f3n Esp\u00edrita\",\"description\":\"Nuevo Renacer\",\"publisher\":{\"@id\":\"https:\/\/nuevo-renacer.com\/#organization\"},\"potentialAction\":[{\"@type\":\"SearchAction\",\"target\":{\"@type\":\"EntryPoint\",\"urlTemplate\":\"https:\/\/nuevo-renacer.com\/?s={search_term_string}\"},\"query-input\":{\"@type\":\"PropertyValueSpecification\",\"valueRequired\":true,\"valueName\":\"search_term_string\"}}],\"inLanguage\":\"it-IT\"},{\"@type\":\"Organization\",\"@id\":\"https:\/\/nuevo-renacer.com\/#organization\",\"name\":\"UFEC\",\"url\":\"https:\/\/nuevo-renacer.com\/\",\"logo\":{\"@type\":\"ImageObject\",\"inLanguage\":\"it-IT\",\"@id\":\"https:\/\/nuevo-renacer.com\/#\/schema\/logo\/image\/\",\"url\":\"https:\/\/nuevo-renacer.com\/wp-content\/uploads\/2024\/05\/cropped-LOGO-TERMINADO1-3-3.png\",\"contentUrl\":\"https:\/\/nuevo-renacer.com\/wp-content\/uploads\/2024\/05\/cropped-LOGO-TERMINADO1-3-3.png\",\"width\":512,\"height\":512,\"caption\":\"UFEC\"},\"image\":{\"@id\":\"https:\/\/nuevo-renacer.com\/#\/schema\/logo\/image\/\"},\"sameAs\":[\"https:\/\/www.facebook.com\/groups\/3431398063740829\"]}]}<\/script>\n<!-- \/ Yoast SEO Premium plugin. -->","yoast_head_json":{"title":"Componentes del ser humano - Uni\u00f3n Esp\u00edrita","robots":{"index":"index","follow":"follow","max-snippet":"max-snippet:-1","max-image-preview":"max-image-preview:large","max-video-preview":"max-video-preview:-1"},"canonical":"https:\/\/nuevo-renacer.com\/it\/componentes-del-ser-humano\/","og_locale":"it_IT","og_type":"article","og_title":"Componentes del ser humano","og_description":"Componentes del ser humano Seg\u00fan la comprensi\u00f3n de las ense\u00f1anzas esp\u00edrita, los seres humanos somos esp\u00edritus que hemos encarnado temporalmente en un cuerpo carnal aqu\u00ed en la Tierra. Este esp\u00edritu, que tambi\u00e9n podemos llamar alma encarnada, es inmortal e inmaterial. Creados como un diamante en bruto imperfecto, nos desarrollamos moral e intelectualmente con el objetivo [&hellip;]","og_url":"https:\/\/nuevo-renacer.com\/it\/componentes-del-ser-humano\/","og_site_name":"Uni\u00f3n Esp\u00edrita","article_publisher":"https:\/\/www.facebook.com\/groups\/3431398063740829","article_modified_time":"2024-12-18T13:09:58+00:00","og_image":[{"width":755,"height":426,"url":"https:\/\/nuevo-renacer.com\/wp-content\/uploads\/2024\/07\/d61ae6_28f4990cb0054970901216b2da3f5eeamv2.png","type":"image\/png"}],"twitter_card":"summary_large_image","twitter_misc":{"Tempo di lettura stimato":"1 minuto"},"schema":{"@context":"https:\/\/schema.org","@graph":[{"@type":"WebPage","@id":"https:\/\/nuevo-renacer.com\/componentes-del-ser-humano\/","url":"https:\/\/nuevo-renacer.com\/componentes-del-ser-humano\/","name":"Componentes del ser humano - Uni\u00f3n Esp\u00edrita","isPartOf":{"@id":"https:\/\/nuevo-renacer.com\/#website"},"primaryImageOfPage":{"@id":"https:\/\/nuevo-renacer.com\/componentes-del-ser-humano\/#primaryimage"},"image":{"@id":"https:\/\/nuevo-renacer.com\/componentes-del-ser-humano\/#primaryimage"},"thumbnailUrl":"https:\/\/nuevo-renacer.com\/wp-content\/uploads\/2024\/07\/d61ae6_28f4990cb0054970901216b2da3f5eeamv2.png","datePublished":"2024-07-10T07:40:21+00:00","dateModified":"2024-12-18T13:09:58+00:00","breadcrumb":{"@id":"https:\/\/nuevo-renacer.com\/componentes-del-ser-humano\/#breadcrumb"},"inLanguage":"it-IT","potentialAction":[{"@type":"ReadAction","target":["https:\/\/nuevo-renacer.com\/componentes-del-ser-humano\/"]}]},{"@type":"ImageObject","inLanguage":"it-IT","@id":"https:\/\/nuevo-renacer.com\/componentes-del-ser-humano\/#primaryimage","url":"https:\/\/nuevo-renacer.com\/wp-content\/uploads\/2024\/07\/d61ae6_28f4990cb0054970901216b2da3f5eeamv2.png","contentUrl":"https:\/\/nuevo-renacer.com\/wp-content\/uploads\/2024\/07\/d61ae6_28f4990cb0054970901216b2da3f5eeamv2.png","width":755,"height":426},{"@type":"BreadcrumbList","@id":"https:\/\/nuevo-renacer.com\/componentes-del-ser-humano\/#breadcrumb","itemListElement":[{"@type":"ListItem","position":1,"name":"Startseite","item":"https:\/\/nuevo-renacer.com\/"},{"@type":"ListItem","position":2,"name":"Componentes del ser humano"}]},{"@type":"WebSite","@id":"https:\/\/nuevo-renacer.com\/#website","url":"https:\/\/nuevo-renacer.com\/","name":"Uni\u00f3n Esp\u00edrita","description":"Nuevo Renacer","publisher":{"@id":"https:\/\/nuevo-renacer.com\/#organization"},"potentialAction":[{"@type":"SearchAction","target":{"@type":"EntryPoint","urlTemplate":"https:\/\/nuevo-renacer.com\/?s={search_term_string}"},"query-input":{"@type":"PropertyValueSpecification","valueRequired":true,"valueName":"search_term_string"}}],"inLanguage":"it-IT"},{"@type":"Organization","@id":"https:\/\/nuevo-renacer.com\/#organization","name":"UFEC","url":"https:\/\/nuevo-renacer.com\/","logo":{"@type":"ImageObject","inLanguage":"it-IT","@id":"https:\/\/nuevo-renacer.com\/#\/schema\/logo\/image\/","url":"https:\/\/nuevo-renacer.com\/wp-content\/uploads\/2024\/05\/cropped-LOGO-TERMINADO1-3-3.png","contentUrl":"https:\/\/nuevo-renacer.com\/wp-content\/uploads\/2024\/05\/cropped-LOGO-TERMINADO1-3-3.png","width":512,"height":512,"caption":"UFEC"},"image":{"@id":"https:\/\/nuevo-renacer.com\/#\/schema\/logo\/image\/"},"sameAs":["https:\/\/www.facebook.com\/groups\/3431398063740829"]}]}},"uagb_featured_image_src":{"full":["https:\/\/nuevo-renacer.com\/wp-content\/uploads\/2024\/07\/d61ae6_28f4990cb0054970901216b2da3f5eeamv2.png",755,426,false],"thumbnail":["https:\/\/nuevo-renacer.com\/wp-content\/uploads\/2024\/07\/d61ae6_28f4990cb0054970901216b2da3f5eeamv2-150x150.png",150,150,true],"medium":["https:\/\/nuevo-renacer.com\/wp-content\/uploads\/2024\/07\/d61ae6_28f4990cb0054970901216b2da3f5eeamv2-300x169.png",300,169,true],"medium_large":["https:\/\/nuevo-renacer.com\/wp-content\/uploads\/2024\/07\/d61ae6_28f4990cb0054970901216b2da3f5eeamv2.png",755,426,false],"large":["https:\/\/nuevo-renacer.com\/wp-content\/uploads\/2024\/07\/d61ae6_28f4990cb0054970901216b2da3f5eeamv2.png",755,426,false],"1536x1536":["https:\/\/nuevo-renacer.com\/wp-content\/uploads\/2024\/07\/d61ae6_28f4990cb0054970901216b2da3f5eeamv2.png",755,426,false],"2048x2048":["https:\/\/nuevo-renacer.com\/wp-content\/uploads\/2024\/07\/d61ae6_28f4990cb0054970901216b2da3f5eeamv2.png",755,426,false],"trp-custom-language-flag":["https:\/\/nuevo-renacer.com\/wp-content\/uploads\/2024\/07\/d61ae6_28f4990cb0054970901216b2da3f5eeamv2-18x10.png",18,10,true]},"uagb_author_info":{"display_name":"adbv0","author_link":"https:\/\/nuevo-renacer.com\/it\/author\/adbv0\/"},"uagb_comment_info":0,"uagb_excerpt":"Componentes del ser humano Seg\u00fan la comprensi\u00f3n de las ense\u00f1anzas esp\u00edrita, los seres humanos somos esp\u00edritus que hemos encarnado temporalmente en un cuerpo carnal aqu\u00ed en la Tierra. Este esp\u00edritu, que tambi\u00e9n podemos llamar alma encarnada, es inmortal e inmaterial. Creados como un diamante en bruto imperfecto, nos desarrollamos moral e intelectualmente con el objetivo&hellip;","jetpack_sharing_enabled":true,"_links":{"self":[{"href":"https:\/\/nuevo-renacer.com\/it\/wp-json\/wp\/v2\/pages\/3538","targetHints":{"allow":["GET"]}}],"collection":[{"href":"https:\/\/nuevo-renacer.com\/it\/wp-json\/wp\/v2\/pages"}],"about":[{"href":"https:\/\/nuevo-renacer.com\/it\/wp-json\/wp\/v2\/types\/page"}],"author":[{"embeddable":true,"href":"https:\/\/nuevo-renacer.com\/it\/wp-json\/wp\/v2\/users\/1"}],"replies":[{"embeddable":true,"href":"https:\/\/nuevo-renacer.com\/it\/wp-json\/wp\/v2\/comments?post=3538"}],"version-history":[{"count":2,"href":"https:\/\/nuevo-renacer.com\/it\/wp-json\/wp\/v2\/pages\/3538\/revisions"}],"predecessor-version":[{"id":6563,"href":"https:\/\/nuevo-renacer.com\/it\/wp-json\/wp\/v2\/pages\/3538\/revisions\/6563"}],"wp:featuredmedia":[{"embeddable":true,"href":"https:\/\/nuevo-renacer.com\/it\/wp-json\/wp\/v2\/media\/3539"}],"wp:attachment":[{"href":"https:\/\/nuevo-renacer.com\/it\/wp-json\/wp\/v2\/media?parent=3538"}],"curies":[{"name":"wp","href":"https:\/\/api.w.org\/{rel}","templated":true}]}}