{"id":3424,"date":"2024-07-09T06:35:04","date_gmt":"2024-07-09T06:35:04","guid":{"rendered":"https:\/\/ufec-mundial.com\/?page_id=3424"},"modified":"2024-07-09T07:04:41","modified_gmt":"2024-07-09T07:04:41","slug":"conan-doyle","status":"publish","type":"page","link":"https:\/\/nuevo-renacer.com\/it\/conan-doyle\/","title":{"rendered":"Conan Doyle"},"content":{"rendered":"<div class=\"wp-block-uagb-container uagb-block-8b7c1a47 alignfull uagb-is-root-container\"><div class=\"uagb-container-inner-blocks-wrap\">\n<p class=\"has-black-color has-text-color has-link-color has-medium-font-size wp-elements-1852c1cb84136f0dcbe28e93c126dc01\"><strong>Conan Doyle<\/strong><\/p>\n<\/div><\/div>\n\n\n\n<div class=\"wp-block-uagb-container uagb-block-2c15a145 alignfull uagb-is-root-container\"><div class=\"uagb-container-inner-blocks-wrap\">\n<figure class=\"wp-block-image size-full is-resized\"><img fetchpriority=\"high\" decoding=\"async\" width=\"800\" height=\"1055\" src=\"https:\/\/ufec-mundial.com\/wp-content\/uploads\/2024\/07\/Arthur_Conan_Doyle_by_Walter_Benington_1914.png\" alt=\"\" class=\"wp-image-3428\" style=\"width:249px;height:auto\" srcset=\"https:\/\/nuevo-renacer.com\/wp-content\/uploads\/2024\/07\/Arthur_Conan_Doyle_by_Walter_Benington_1914.png 800w, https:\/\/nuevo-renacer.com\/wp-content\/uploads\/2024\/07\/Arthur_Conan_Doyle_by_Walter_Benington_1914-227x300.png 227w, https:\/\/nuevo-renacer.com\/wp-content\/uploads\/2024\/07\/Arthur_Conan_Doyle_by_Walter_Benington_1914-768x1013.png 768w, https:\/\/nuevo-renacer.com\/wp-content\/uploads\/2024\/07\/Arthur_Conan_Doyle_by_Walter_Benington_1914-776x1024.png 776w, https:\/\/nuevo-renacer.com\/wp-content\/uploads\/2024\/07\/Arthur_Conan_Doyle_by_Walter_Benington_1914-9x12.png 9w\" sizes=\"(max-width: 800px) 100vw, 800px\" \/><\/figure>\n<\/div><\/div>\n\n\n\n<div class=\"wp-block-uagb-container uagb-block-b966a211 alignfull uagb-is-root-container\"><div class=\"uagb-container-inner-blocks-wrap\">\n<p class=\"has-black-color has-text-color has-link-color has-small-font-size wp-elements-f746d6a94eefb186260d88851a2c470f\">M\u00e9dico y escritor ingl\u00e9s, famoso por la serie policial de Sherlock Holmes. Naci\u00f3 en Edimburgo, Inglaterra, el 22 de mayo de 1859 y desencarn\u00f3 el 7 de julio de 1930.<\/p>\n\n\n\n<p class=\"has-black-color has-text-color has-link-color has-small-font-size wp-elements-dfd6a8cc490c4eb6ac9709968e54bd46\">Era hijo de un conocido poeta y su madre era una mujer de gran sensibilidad. As\u00ed&nbsp;creci\u00f3 entre el arte, la poes\u00eda, la literatura y las ansias de saber. Estudio en Inglaterra y Alemania, gradu\u00e1ndose como m\u00e9dico siendo muy joven. Con el tiempo dej\u00f3 su inter\u00e9s por la medicina y&nbsp;se dedic\u00f3 a las letras y la investigaci\u00f3n cient\u00edfica.<\/p>\n\n\n\n<p class=\"has-black-color has-text-color has-link-color has-small-font-size wp-elements-bd04ce3f578af916b293c9fa57e6187f\">En 1882 se funda en Londres la famosa Sociedad de Pesquisas Ps\u00edquicas, que&nbsp;intentaba elevar los hechos medi\u00famnicos al car\u00e1cter de ciencia. Conan Doyle se relaciona a esta sociedad, de la cual formaban parte cient\u00edficos famosos como Sir Willian Crookes, Charles Richet, Carl G. Jung, Gustave Geley y otros.<\/p>\n\n\n\n<p class=\"has-black-color has-text-color has-link-color has-small-font-size wp-elements-2969939a6f74eeb9f26c62449849bc76\">En 1887 escribi\u00f3 una carta al editor de la revista \u201cLight\u201d, muy prestigioso en la \u00e9poca,&nbsp;explicando los motivos de su conversi\u00f3n al Espiritismo. Fue publicada el 2 de julio de ese a\u00f1o y reproducida varias veces. Resulta evidente, que era muy fuerte su convicci\u00f3n y nada tem\u00eda, incluso sabiendo que esta actitud podr\u00eda traer perjuicios a su carrera como escritor.<\/p>\n\n\n\n<p class=\"has-black-color has-text-color has-link-color has-small-font-size wp-elements-8bd82a196be21c8c21fd5bde8d47101a\">Durante casi 30 a\u00f1os, continu\u00f3 sus estudios e investigaciones. Finalmente en la cumbre de su carrera literaria, a la edad de 58 a\u00f1os, tom\u00f3 la decisi\u00f3n definitiva y&nbsp;escribi\u00f3 libros fuertemente asociados con el Espiritismo:<\/p>\n\n\n\n<div class=\"wp-block-group is-layout-constrained wp-block-group-is-layout-constrained\">\n<p class=\"has-black-color has-text-color has-link-color has-small-font-size wp-elements-4fdfbaaf5a5696cc04e94aee008156b0\">\u201cLa Nueva Revelaci\u00f3n\u201d (1918)<\/p>\n\n\n\n<p class=\"has-black-color has-text-color has-link-color has-small-font-size wp-elements-4a46b5cd34e39414301e14ea4cd33f87\">\u201cLa Religi\u00f3n Ps\u00edquica\u201d<\/p>\n\n\n\n<p class=\"has-black-color has-text-color has-link-color has-small-font-size wp-elements-adc0e138d32bfa49e6a64b614fa968ea\">\u201cHistoria del Espiritismo\u201d (1926)<\/p>\n\n\n\n<p class=\"has-black-color has-text-color has-link-color has-small-font-size wp-elements-bc81cee50f629dc38f302fef45aac58f\">\u201cEl caso de las fotograf\u00edas de Esp\u00edritus\u201d<\/p>\n<\/div>\n\n\n\n<p class=\"has-black-color has-text-color has-link-color has-small-font-size wp-elements-660c964456ecdb148bc97a8abfafc6bc\">En este \u00faltimo relata experiencias que \u00e9l mismo fotografi\u00f3, revelando as\u00ed im\u00e1genes de Esp\u00edritus desencarnados.<\/p>\n\n\n\n<p class=\"has-black-color has-text-color has-link-color has-small-font-size wp-elements-b512b9ee725f4ee4fde9b8c971b93ada\">La obra&nbsp;\u201cHistoria del Espiritismo\u201d&nbsp;es muy importante no s\u00f3lo por ser&nbsp;la \u00fanica en su g\u00e9nero&nbsp;sino por el cuidado en el relato de todos los hechos, desde los tiempos lejanos, mostrando con criterio cient\u00edfico, el desarrollo de la doctrina en los pa\u00edses de habla inglesa. Separada culturalmente de Francia, donde Kardec desarroll\u00f3 la Codificaci\u00f3n Esp\u00edrita.<\/p>\n\n\n\n<p class=\"has-black-color has-text-color has-link-color has-small-font-size wp-elements-fd2e28eacdff3edcde1f0a0e293c37ac\">Para Conan Doyle, el Espiritismo se inicia el 31 de mayo de 1848, con las experiencias de las hermanas Fox, en Hydesville, USA y los extra\u00f1os ruidos de su casa, que dieron origen a las primeras comunicaciones con los esp\u00edritus, registradas en la historia moderna.<\/p>\n\n\n\n<p class=\"has-black-color has-text-color has-link-color has-small-font-size wp-elements-7a5d92a7d70f3bd5828202ae108a6d79\">Es curioso observar que&nbsp;los esp\u00edritas anglosajones no cre\u00edan en la reencarnaci\u00f3n, punto principal de la doctrina kardeciana.&nbsp;Conan Doyle s\u00ed cre\u00edan en ella&nbsp;y la divulg\u00f3 cuanto pudo.<\/p>\n\n\n\n<p class=\"has-black-color has-text-color has-link-color has-small-font-size wp-elements-485638af53c6c28ac578431803299bfa\">Fue Presidente Honorario de la Federaci\u00f3n Esp\u00edrita Internacional (1925-1930), de la Alianza Esp\u00edrita de Londres y del Colegio Brit\u00e1nico de Ciencia Esp\u00edrita.<\/p>\n\n\n\n<p class=\"has-black-color has-text-color has-link-color has-small-font-size wp-elements-75f682ad46c227b5a006630810078aaa\">Transcribimos algunos pensamientos de Conan Doyle:<\/p>\n\n\n\n<p class=\"has-black-color has-text-color has-link-color has-small-font-size wp-elements-bc7039fc61a223358a3659eaf36303b0\"><em>\u201cSe puede atravesar c\u00f3modamente esta vida siguiendo, sin preocuparse de nada, a un cortejo conducido por un jefe venerable; pero no se muere en un cortejo: se muere solo, y se debe aceptar solo, por tanto, el rango que se ha merecido por la obra cumplida en la vida\u201d.<\/em><\/p>\n\n\n\n<p class=\"has-black-color has-text-color has-link-color has-small-font-size wp-elements-f9ffd090a8844afb3a5ce327888f592f\"><em>\u201cEl movimiento espiritista \u2013 escarnecido y ridiculizado durante tanto tiempo &#8211; es el progreso m\u00e1s importante que ha realizado la raza humana&nbsp;en toda su historia, hasta el extremo de que si pudiera concebir que un hombre solo fuera su promotor, este hombre aventajar\u00eda a Col\u00f3n como descubridor de nuevos mundos, a San Pablo como maestro de nuevas verdades religiosas y a Isaac Newton como observador de las leyes del Universo\u201d.<\/em><\/p>\n\n\n\n<p class=\"has-black-color has-text-color has-link-color has-small-font-size wp-elements-5f9903ce0e6475c523e133d526af5a64\"><em>\u201cPodr\u00eda nombrar cincuenta profesores que ocupan puestos elevados en la ense\u00f1anza y que han verificado, tras previo examen, la realidad de los hechos ps\u00edquicos, y en esta lista figurar\u00edan muchas de las m\u00e1s grandes inteligencias que ha producido el mundo de nuestro tiempo: Flammarion y Lombroso, Charles Richet y Russel Wallace, Willie Reichel, Myers, Z\u00f6llner, James, Lodge y Crookes. Por tanto, los hechos en cuesti\u00f3n han sido garantizados por la \u00fanica ciencia que tiene derecho a expresar una opini\u00f3n al respecto. En 30 a\u00f1os de experiencias&nbsp;no he conocido a un solo sabio que, habiendo estudiado el problema en profundidad, no haya concluido por aceptar la soluci\u00f3n esp\u00edrita\u201d.<\/em><\/p>\n\n\n\n<p class=\"has-black-color has-text-color has-link-color has-small-font-size wp-elements-e7a0b411cf342ac241812371f6fae7f7\"><em>\u201cPersonas intolerantes, antip\u00e1ticas y satisfechas de s\u00ed mismas se enternecen, se perfeccionan, alcanzan la belleza de car\u00e1cter y la caridad de esp\u00edritu cuando han sido templadas lo bastante por los dolores de la vida\u201d.<\/em><\/p>\n<\/div><\/div>","protected":false},"excerpt":{"rendered":"<p>Conan Doyle M\u00e9dico y escritor ingl\u00e9s, famoso por la serie policial de Sherlock Holmes. Naci\u00f3 en Edimburgo, Inglaterra, el 22 de mayo de 1859 y desencarn\u00f3 el 7 de julio de 1930. Era hijo de un conocido poeta y su madre era una mujer de gran sensibilidad. As\u00ed&nbsp;creci\u00f3 entre el arte, la poes\u00eda, la literatura [&hellip;]<\/p>","protected":false},"author":1,"featured_media":0,"parent":0,"menu_order":0,"comment_status":"closed","ping_status":"closed","template":"","meta":{"_uag_custom_page_level_css":"","site-sidebar-layout":"default","site-content-layout":"","ast-site-content-layout":"default","site-content-style":"default","site-sidebar-style":"default","ast-global-header-display":"","ast-banner-title-visibility":"","ast-main-header-display":"","ast-hfb-above-header-display":"","ast-hfb-below-header-display":"","ast-hfb-mobile-header-display":"","site-post-title":"disabled","ast-breadcrumbs-content":"","ast-featured-img":"","footer-sml-layout":"","theme-transparent-header-meta":"","adv-header-id-meta":"","stick-header-meta":"","header-above-stick-meta":"","header-main-stick-meta":"","header-below-stick-meta":"","astra-migrate-meta-layouts":"set","ast-page-background-enabled":"default","ast-page-background-meta":{"desktop":{"background-color":"var(--ast-global-color-4)","background-image":"","background-repeat":"repeat","background-position":"center center","background-size":"auto","background-attachment":"scroll","background-type":"","background-media":"","overlay-type":"","overlay-color":"","overlay-opacity":"","overlay-gradient":""},"tablet":{"background-color":"","background-image":"","background-repeat":"repeat","background-position":"center center","background-size":"auto","background-attachment":"scroll","background-type":"","background-media":"","overlay-type":"","overlay-color":"","overlay-opacity":"","overlay-gradient":""},"mobile":{"background-color":"","background-image":"","background-repeat":"repeat","background-position":"center center","background-size":"auto","background-attachment":"scroll","background-type":"","background-media":"","overlay-type":"","overlay-color":"","overlay-opacity":"","overlay-gradient":""}},"ast-content-background-meta":{"desktop":{"background-color":"var(--ast-global-color-5)","background-image":"","background-repeat":"repeat","background-position":"center center","background-size":"auto","background-attachment":"scroll","background-type":"","background-media":"","overlay-type":"","overlay-color":"","overlay-opacity":"","overlay-gradient":""},"tablet":{"background-color":"var(--ast-global-color-5)","background-image":"","background-repeat":"repeat","background-position":"center center","background-size":"auto","background-attachment":"scroll","background-type":"","background-media":"","overlay-type":"","overlay-color":"","overlay-opacity":"","overlay-gradient":""},"mobile":{"background-color":"var(--ast-global-color-5)","background-image":"","background-repeat":"repeat","background-position":"center center","background-size":"auto","background-attachment":"scroll","background-type":"","background-media":"","overlay-type":"","overlay-color":"","overlay-opacity":"","overlay-gradient":""}},"footnotes":""},"class_list":["post-3424","page","type-page","status-publish","hentry"],"yoast_head":"<!-- This site is optimized with the Yoast SEO Premium plugin v24.2 (Yoast SEO v24.6) - https:\/\/yoast.com\/wordpress\/plugins\/seo\/ -->\n<title>Conan Doyle - Uni\u00f3n Esp\u00edrita<\/title>\n<meta name=\"robots\" content=\"index, follow, max-snippet:-1, max-image-preview:large, max-video-preview:-1\" \/>\n<link rel=\"canonical\" href=\"https:\/\/nuevo-renacer.com\/it\/conan-doyle\/\" \/>\n<meta property=\"og:locale\" content=\"it_IT\" \/>\n<meta property=\"og:type\" content=\"article\" \/>\n<meta property=\"og:title\" content=\"Conan Doyle\" \/>\n<meta property=\"og:description\" content=\"Conan Doyle M\u00e9dico y escritor ingl\u00e9s, famoso por la serie policial de Sherlock Holmes. Naci\u00f3 en Edimburgo, Inglaterra, el 22 de mayo de 1859 y desencarn\u00f3 el 7 de julio de 1930. Era hijo de un conocido poeta y su madre era una mujer de gran sensibilidad. As\u00ed&nbsp;creci\u00f3 entre el arte, la poes\u00eda, la literatura [&hellip;]\" \/>\n<meta property=\"og:url\" content=\"https:\/\/nuevo-renacer.com\/it\/conan-doyle\/\" \/>\n<meta property=\"og:site_name\" content=\"Uni\u00f3n Esp\u00edrita\" \/>\n<meta property=\"article:publisher\" content=\"https:\/\/www.facebook.com\/groups\/3431398063740829\" \/>\n<meta property=\"article:modified_time\" content=\"2024-07-09T07:04:41+00:00\" \/>\n<meta property=\"og:image\" content=\"https:\/\/ufec-mundial.com\/wp-content\/uploads\/2024\/07\/Arthur_Conan_Doyle_by_Walter_Benington_1914.png\" \/>\n<meta name=\"twitter:card\" content=\"summary_large_image\" \/>\n<meta name=\"twitter:label1\" content=\"Tempo di lettura stimato\" \/>\n\t<meta name=\"twitter:data1\" content=\"4 minuti\" \/>\n<script type=\"application\/ld+json\" class=\"yoast-schema-graph\">{\"@context\":\"https:\/\/schema.org\",\"@graph\":[{\"@type\":\"WebPage\",\"@id\":\"https:\/\/nuevo-renacer.com\/conan-doyle\/\",\"url\":\"https:\/\/nuevo-renacer.com\/conan-doyle\/\",\"name\":\"Conan Doyle - Uni\u00f3n Esp\u00edrita\",\"isPartOf\":{\"@id\":\"https:\/\/nuevo-renacer.com\/#website\"},\"primaryImageOfPage\":{\"@id\":\"https:\/\/nuevo-renacer.com\/conan-doyle\/#primaryimage\"},\"image\":{\"@id\":\"https:\/\/nuevo-renacer.com\/conan-doyle\/#primaryimage\"},\"thumbnailUrl\":\"https:\/\/ufec-mundial.com\/wp-content\/uploads\/2024\/07\/Arthur_Conan_Doyle_by_Walter_Benington_1914.png\",\"datePublished\":\"2024-07-09T06:35:04+00:00\",\"dateModified\":\"2024-07-09T07:04:41+00:00\",\"breadcrumb\":{\"@id\":\"https:\/\/nuevo-renacer.com\/conan-doyle\/#breadcrumb\"},\"inLanguage\":\"it-IT\",\"potentialAction\":[{\"@type\":\"ReadAction\",\"target\":[\"https:\/\/nuevo-renacer.com\/conan-doyle\/\"]}]},{\"@type\":\"ImageObject\",\"inLanguage\":\"it-IT\",\"@id\":\"https:\/\/nuevo-renacer.com\/conan-doyle\/#primaryimage\",\"url\":\"https:\/\/ufec-mundial.com\/wp-content\/uploads\/2024\/07\/Arthur_Conan_Doyle_by_Walter_Benington_1914.png\",\"contentUrl\":\"https:\/\/ufec-mundial.com\/wp-content\/uploads\/2024\/07\/Arthur_Conan_Doyle_by_Walter_Benington_1914.png\"},{\"@type\":\"BreadcrumbList\",\"@id\":\"https:\/\/nuevo-renacer.com\/conan-doyle\/#breadcrumb\",\"itemListElement\":[{\"@type\":\"ListItem\",\"position\":1,\"name\":\"Startseite\",\"item\":\"https:\/\/nuevo-renacer.com\/\"},{\"@type\":\"ListItem\",\"position\":2,\"name\":\"Conan Doyle\"}]},{\"@type\":\"WebSite\",\"@id\":\"https:\/\/nuevo-renacer.com\/#website\",\"url\":\"https:\/\/nuevo-renacer.com\/\",\"name\":\"Uni\u00f3n Esp\u00edrita\",\"description\":\"Nuevo Renacer\",\"publisher\":{\"@id\":\"https:\/\/nuevo-renacer.com\/#organization\"},\"potentialAction\":[{\"@type\":\"SearchAction\",\"target\":{\"@type\":\"EntryPoint\",\"urlTemplate\":\"https:\/\/nuevo-renacer.com\/?s={search_term_string}\"},\"query-input\":{\"@type\":\"PropertyValueSpecification\",\"valueRequired\":true,\"valueName\":\"search_term_string\"}}],\"inLanguage\":\"it-IT\"},{\"@type\":\"Organization\",\"@id\":\"https:\/\/nuevo-renacer.com\/#organization\",\"name\":\"UFEC\",\"url\":\"https:\/\/nuevo-renacer.com\/\",\"logo\":{\"@type\":\"ImageObject\",\"inLanguage\":\"it-IT\",\"@id\":\"https:\/\/nuevo-renacer.com\/#\/schema\/logo\/image\/\",\"url\":\"https:\/\/nuevo-renacer.com\/wp-content\/uploads\/2024\/05\/cropped-LOGO-TERMINADO1-3-3.png\",\"contentUrl\":\"https:\/\/nuevo-renacer.com\/wp-content\/uploads\/2024\/05\/cropped-LOGO-TERMINADO1-3-3.png\",\"width\":512,\"height\":512,\"caption\":\"UFEC\"},\"image\":{\"@id\":\"https:\/\/nuevo-renacer.com\/#\/schema\/logo\/image\/\"},\"sameAs\":[\"https:\/\/www.facebook.com\/groups\/3431398063740829\"]}]}<\/script>\n<!-- \/ Yoast SEO Premium plugin. -->","yoast_head_json":{"title":"Conan Doyle - Uni\u00f3n Esp\u00edrita","robots":{"index":"index","follow":"follow","max-snippet":"max-snippet:-1","max-image-preview":"max-image-preview:large","max-video-preview":"max-video-preview:-1"},"canonical":"https:\/\/nuevo-renacer.com\/it\/conan-doyle\/","og_locale":"it_IT","og_type":"article","og_title":"Conan Doyle","og_description":"Conan Doyle M\u00e9dico y escritor ingl\u00e9s, famoso por la serie policial de Sherlock Holmes. Naci\u00f3 en Edimburgo, Inglaterra, el 22 de mayo de 1859 y desencarn\u00f3 el 7 de julio de 1930. Era hijo de un conocido poeta y su madre era una mujer de gran sensibilidad. As\u00ed&nbsp;creci\u00f3 entre el arte, la poes\u00eda, la literatura [&hellip;]","og_url":"https:\/\/nuevo-renacer.com\/it\/conan-doyle\/","og_site_name":"Uni\u00f3n Esp\u00edrita","article_publisher":"https:\/\/www.facebook.com\/groups\/3431398063740829","article_modified_time":"2024-07-09T07:04:41+00:00","og_image":[{"url":"https:\/\/ufec-mundial.com\/wp-content\/uploads\/2024\/07\/Arthur_Conan_Doyle_by_Walter_Benington_1914.png","type":"","width":"","height":""}],"twitter_card":"summary_large_image","twitter_misc":{"Tempo di lettura stimato":"4 minuti"},"schema":{"@context":"https:\/\/schema.org","@graph":[{"@type":"WebPage","@id":"https:\/\/nuevo-renacer.com\/conan-doyle\/","url":"https:\/\/nuevo-renacer.com\/conan-doyle\/","name":"Conan Doyle - Uni\u00f3n Esp\u00edrita","isPartOf":{"@id":"https:\/\/nuevo-renacer.com\/#website"},"primaryImageOfPage":{"@id":"https:\/\/nuevo-renacer.com\/conan-doyle\/#primaryimage"},"image":{"@id":"https:\/\/nuevo-renacer.com\/conan-doyle\/#primaryimage"},"thumbnailUrl":"https:\/\/ufec-mundial.com\/wp-content\/uploads\/2024\/07\/Arthur_Conan_Doyle_by_Walter_Benington_1914.png","datePublished":"2024-07-09T06:35:04+00:00","dateModified":"2024-07-09T07:04:41+00:00","breadcrumb":{"@id":"https:\/\/nuevo-renacer.com\/conan-doyle\/#breadcrumb"},"inLanguage":"it-IT","potentialAction":[{"@type":"ReadAction","target":["https:\/\/nuevo-renacer.com\/conan-doyle\/"]}]},{"@type":"ImageObject","inLanguage":"it-IT","@id":"https:\/\/nuevo-renacer.com\/conan-doyle\/#primaryimage","url":"https:\/\/ufec-mundial.com\/wp-content\/uploads\/2024\/07\/Arthur_Conan_Doyle_by_Walter_Benington_1914.png","contentUrl":"https:\/\/ufec-mundial.com\/wp-content\/uploads\/2024\/07\/Arthur_Conan_Doyle_by_Walter_Benington_1914.png"},{"@type":"BreadcrumbList","@id":"https:\/\/nuevo-renacer.com\/conan-doyle\/#breadcrumb","itemListElement":[{"@type":"ListItem","position":1,"name":"Startseite","item":"https:\/\/nuevo-renacer.com\/"},{"@type":"ListItem","position":2,"name":"Conan Doyle"}]},{"@type":"WebSite","@id":"https:\/\/nuevo-renacer.com\/#website","url":"https:\/\/nuevo-renacer.com\/","name":"Uni\u00f3n Esp\u00edrita","description":"Nuevo Renacer","publisher":{"@id":"https:\/\/nuevo-renacer.com\/#organization"},"potentialAction":[{"@type":"SearchAction","target":{"@type":"EntryPoint","urlTemplate":"https:\/\/nuevo-renacer.com\/?s={search_term_string}"},"query-input":{"@type":"PropertyValueSpecification","valueRequired":true,"valueName":"search_term_string"}}],"inLanguage":"it-IT"},{"@type":"Organization","@id":"https:\/\/nuevo-renacer.com\/#organization","name":"UFEC","url":"https:\/\/nuevo-renacer.com\/","logo":{"@type":"ImageObject","inLanguage":"it-IT","@id":"https:\/\/nuevo-renacer.com\/#\/schema\/logo\/image\/","url":"https:\/\/nuevo-renacer.com\/wp-content\/uploads\/2024\/05\/cropped-LOGO-TERMINADO1-3-3.png","contentUrl":"https:\/\/nuevo-renacer.com\/wp-content\/uploads\/2024\/05\/cropped-LOGO-TERMINADO1-3-3.png","width":512,"height":512,"caption":"UFEC"},"image":{"@id":"https:\/\/nuevo-renacer.com\/#\/schema\/logo\/image\/"},"sameAs":["https:\/\/www.facebook.com\/groups\/3431398063740829"]}]}},"uagb_featured_image_src":{"full":false,"thumbnail":false,"medium":false,"medium_large":false,"large":false,"1536x1536":false,"2048x2048":false,"trp-custom-language-flag":false},"uagb_author_info":{"display_name":"adbv0","author_link":"https:\/\/nuevo-renacer.com\/it\/author\/adbv0\/"},"uagb_comment_info":0,"uagb_excerpt":"Conan Doyle M\u00e9dico y escritor ingl\u00e9s, famoso por la serie policial de Sherlock Holmes. Naci\u00f3 en Edimburgo, Inglaterra, el 22 de mayo de 1859 y desencarn\u00f3 el 7 de julio de 1930. Era hijo de un conocido poeta y su madre era una mujer de gran sensibilidad. As\u00ed&nbsp;creci\u00f3 entre el arte, la poes\u00eda, la literatura&hellip;","jetpack_sharing_enabled":true,"_links":{"self":[{"href":"https:\/\/nuevo-renacer.com\/it\/wp-json\/wp\/v2\/pages\/3424","targetHints":{"allow":["GET"]}}],"collection":[{"href":"https:\/\/nuevo-renacer.com\/it\/wp-json\/wp\/v2\/pages"}],"about":[{"href":"https:\/\/nuevo-renacer.com\/it\/wp-json\/wp\/v2\/types\/page"}],"author":[{"embeddable":true,"href":"https:\/\/nuevo-renacer.com\/it\/wp-json\/wp\/v2\/users\/1"}],"replies":[{"embeddable":true,"href":"https:\/\/nuevo-renacer.com\/it\/wp-json\/wp\/v2\/comments?post=3424"}],"version-history":[{"count":5,"href":"https:\/\/nuevo-renacer.com\/it\/wp-json\/wp\/v2\/pages\/3424\/revisions"}],"predecessor-version":[{"id":3433,"href":"https:\/\/nuevo-renacer.com\/it\/wp-json\/wp\/v2\/pages\/3424\/revisions\/3433"}],"wp:attachment":[{"href":"https:\/\/nuevo-renacer.com\/it\/wp-json\/wp\/v2\/media?parent=3424"}],"curies":[{"name":"wp","href":"https:\/\/api.w.org\/{rel}","templated":true}]}}