{"id":3266,"date":"2024-07-08T06:12:09","date_gmt":"2024-07-08T06:12:09","guid":{"rendered":"https:\/\/ufec-mundial.com\/?page_id=3266"},"modified":"2025-06-21T12:04:50","modified_gmt":"2025-06-21T12:04:50","slug":"centro-mision-y-caridad","status":"publish","type":"page","link":"https:\/\/nuevo-renacer.com\/it\/centro-mision-y-caridad\/","title":{"rendered":"Centro Misi\u00f3n y Caridad"},"content":{"rendered":"<div class=\"wp-block-uagb-container uagb-block-57a68558 alignfull uagb-is-root-container\"><div class=\"uagb-container-inner-blocks-wrap\">\n<p class=\"has-black-color has-text-color has-link-color has-medium-font-size wp-elements-3136aabfc412556f12f6c44abbf163ce\"><strong>Centro Misi\u00f3n y Caridad<\/strong><\/p>\n<\/div><\/div>\n\n\n\n<div class=\"wp-block-uagb-container uagb-block-f95692c2 alignfull uagb-is-root-container\"><div class=\"uagb-container-inner-blocks-wrap\">\n<figure class=\"wp-block-image size-full is-resized\"><img fetchpriority=\"high\" decoding=\"async\" width=\"744\" height=\"1024\" src=\"https:\/\/nuevo-renacer.com\/wp-content\/uploads\/2024\/07\/438069586_2926821404125205_5171892709868539345_n-1-744x1024-1.jpg\" alt=\"\" class=\"wp-image-3268\" style=\"width:249px;height:auto\" srcset=\"https:\/\/nuevo-renacer.com\/wp-content\/uploads\/2024\/07\/438069586_2926821404125205_5171892709868539345_n-1-744x1024-1.jpg 744w, https:\/\/nuevo-renacer.com\/wp-content\/uploads\/2024\/07\/438069586_2926821404125205_5171892709868539345_n-1-744x1024-1-218x300.jpg 218w, https:\/\/nuevo-renacer.com\/wp-content\/uploads\/2024\/07\/438069586_2926821404125205_5171892709868539345_n-1-744x1024-1-9x12.jpg 9w\" sizes=\"(max-width: 744px) 100vw, 744px\" \/><\/figure>\n<\/div><\/div>\n\n\n\n<div class=\"wp-block-uagb-container uagb-block-8920b5de alignfull uagb-is-root-container\"><div class=\"uagb-container-inner-blocks-wrap\">\n<p class=\"has-black-color has-text-color has-link-color has-small-font-size wp-elements-57e8dbfd02ab46881cf892d6f1456601\"><strong>Directora: <\/strong>Yaimary Silvera Batista <\/p>\n\n\n\n<p class=\"has-black-color has-text-color has-link-color has-small-font-size wp-elements-83d7f25d10237985de35a6dd6d6bbb90\"><strong>Fondazione: <\/strong>1957<\/p>\n<\/div><\/div>\n\n\n\n<div class=\"wp-block-uagb-container uagb-block-79762559 alignfull uagb-is-root-container\"><div class=\"uagb-container-inner-blocks-wrap\">\n<p class=\"has-black-color has-text-color has-link-color has-small-font-size wp-elements-58d8edbe720abe5002b5201e6d3fef9b\">Conosciuta come Yaimy, vede il mondo spirituale dall'et\u00e0 di 4 anni. All'et\u00e0 di 6 anni ha iniziato a vedere nei bicchieri d'acqua, a 9 anni si curava da sola i disturbi allo stomaco e cos\u00ec ha iniziato ad aiutare i bambini guarendoli dal malocchio. All'et\u00e0 di 10 anni ha iniziato a scrivere per uno spirito maestro, che le spiegava la Dottrina Spiritista. Fu allora che cap\u00ec che esisteva un codice di istruzioni che ancora oggi non ha letto, perch\u00e9 ne conosceva il contenuto. All'et\u00e0 di 14 anni inizi\u00f2 a trattare con gli spiriti e cos\u00ec continu\u00f2 la sua missione. Ancora oggi dirige il suo meraviglioso campo spirituale a Holgu\u00edn\/Cuba. Pu\u00f2 dirigerlo anche a distanza.<\/p>\n\n\n\n<p class=\"has-black-color has-text-color has-link-color has-small-font-size wp-elements-225a6324b66cacb8974d178906ff1b83\">I lavori vengono svolti il secondo e il quarto domenica di ogni mese.&nbsp;<\/p>\n\n\n\n<p class=\"has-vivid-cyan-blue-color has-text-color has-link-color has-medium-font-size wp-elements-cc436c4527152a62128a41634fb689f5\"><strong>Solo la fede, l'amore e l'umilt\u00e0 superano le barriere. Benedizioni!<\/strong><\/p>\n<\/div><\/div>\n\n\n\n<div class=\"wp-block-uagb-container uagb-block-48af803e alignfull uagb-is-root-container\"><div class=\"uagb-container-inner-blocks-wrap\">\t\t\t\t\t<div\n\t\t\t\t\t\tclass=\"wp-block-uagb-image-gallery uagb-block-3a014943\"\n\t\t\t\t\t\tstyle=\"\"\n\t\t\t\t\t>\n\t\t\t\t\t\t\t\t\t\t\t<div class=\"spectra-image-gallery spectra-image-gallery__layout--grid spectra-image-gallery__layout--grid-col-2 spectra-image-gallery__layout--grid-col-tab-2 spectra-image-gallery__layout--grid-col-mob-2\">\n\t\t\t\t\t\t\t\t\t\t\t<div class='spectra-image-gallery__media-wrapper' data-spectra-gallery-image-id='2112' tabindex=\"0\">\n\t\t\t\t\t\t\t<div class=\"spectra-image-gallery__media spectra-image-gallery__media--grid\">\n\t\t\t\t<picture>\n\t\t\t\t\t<source media=\"(min-width: 1024px)\" srcset=\"https:\/\/nuevo-renacer.com\/wp-content\/uploads\/2024\/05\/398285979_7097287650291656_6376605831060958556_n-high-ylthbx.webp\">\n\t\t\t\t\t<source media=\"(min-width: 768px)\" srcset=\"https:\/\/nuevo-renacer.com\/wp-content\/uploads\/2024\/05\/398285979_7097287650291656_6376605831060958556_n-high-ylthbx.webp\">\n\t\t\t\t\t<img decoding=\"async\" class=\"spectra-image-gallery__media-thumbnail spectra-image-gallery__media-thumbnail--grid\" src=\"https:\/\/nuevo-renacer.com\/wp-content\/uploads\/2024\/05\/398285979_7097287650291656_6376605831060958556_n-high-ylthbx-300x225.webp\" alt=\"\" loading=\"lazy\" \/>\n\t\t\t\t<\/picture>\n\t\t\t\t<div class=\"spectra-image-gallery__media-thumbnail-blurrer\"><\/div>\n\t\t\t\t\t\t\t\t\t\t\t<div class=\"spectra-image-gallery__media-thumbnail-caption-wrapper spectra-image-gallery__media-thumbnail-caption-wrapper--overlay\"><\/div>\n\t\t\t\t\t\t\t\t<\/div>\n\t\t\t\t\t\t<\/div>\n\t\t\t\t\t\t<div class='spectra-image-gallery__media-wrapper' data-spectra-gallery-image-id='2111' tabindex=\"0\">\n\t\t\t\t\t\t\t<div class=\"spectra-image-gallery__media spectra-image-gallery__media--grid\">\n\t\t\t\t<picture>\n\t\t\t\t\t<source media=\"(min-width: 1024px)\" srcset=\"https:\/\/nuevo-renacer.com\/wp-content\/uploads\/2024\/05\/369731054_7107583752588604_7317271428709847814_n-high-64utwo-1.webp\">\n\t\t\t\t\t<source media=\"(min-width: 768px)\" srcset=\"https:\/\/nuevo-renacer.com\/wp-content\/uploads\/2024\/05\/369731054_7107583752588604_7317271428709847814_n-high-64utwo-1.webp\">\n\t\t\t\t\t<img decoding=\"async\" class=\"spectra-image-gallery__media-thumbnail spectra-image-gallery__media-thumbnail--grid\" src=\"https:\/\/nuevo-renacer.com\/wp-content\/uploads\/2024\/05\/369731054_7107583752588604_7317271428709847814_n-high-64utwo-1-169x300.webp\" alt=\"\" loading=\"lazy\" \/>\n\t\t\t\t<\/picture>\n\t\t\t\t<div class=\"spectra-image-gallery__media-thumbnail-blurrer\"><\/div>\n\t\t\t\t\t\t\t\t\t\t\t<div class=\"spectra-image-gallery__media-thumbnail-caption-wrapper spectra-image-gallery__media-thumbnail-caption-wrapper--overlay\"><\/div>\n\t\t\t\t\t\t\t\t<\/div>\n\t\t\t\t\t\t<\/div>\n\t\t\t\t\t\t\t\t\t\t<\/div>\n\t\t\t\t\t\t\t\t\t\t\t\t\t\t\t\t\t\t<\/div>\n\t\t\t\t\t\t\t\t\t\t\t<div class='spectra-image-gallery__control-lightbox' tabindex='0'>\n\t\t\t\t\t\t\t\t\t\t\t<div class=\"swiper spectra-image-gallery__control-lightbox--main\" dir=\"\">\n\t\t\t\t\t<div class=\"swiper-wrapper\">\n\t\t\t\t\t\t\t\t\t\t\t\t\t\n\t\t\t\t\t\t\t<div class=\"swiper-slide\">\n\t\t\t\t\t\t\t\t<img class=\"swiper-lazy\" data-src=\"https:\/\/nuevo-renacer.com\/wp-content\/uploads\/2024\/05\/398285979_7097287650291656_6376605831060958556_n-high-ylthbx.webp\" alt=\"\"\/>\n\t\t\t\t\t\t\t\t<div class=\"swiper-lazy-preloader swiper-lazy-preloader-white\"><\/div>\n\t\t\t\t\t\t\t\t\t\t\t\t\t\t\t<\/div>\n\t\t\t\t\t\t\t\t\t\t\t\t\t\n\t\t\t\t\t\t\t<div class=\"swiper-slide\">\n\t\t\t\t\t\t\t\t<img class=\"swiper-lazy\" data-src=\"https:\/\/nuevo-renacer.com\/wp-content\/uploads\/2024\/05\/369731054_7107583752588604_7317271428709847814_n-high-64utwo-1.webp\" alt=\"\"\/>\n\t\t\t\t\t\t\t\t<div class=\"swiper-lazy-preloader swiper-lazy-preloader-white\"><\/div>\n\t\t\t\t\t\t\t\t\t\t\t\t\t\t\t<\/div>\n\t\t\t\t\t\t\t\t\t\t\t<\/div>\n\t\t\t\t\t<div class=\"swiper-button-next\"><\/div>\n\t\t\t\t\t<div class=\"swiper-button-prev\"><\/div>\n\t\t\t\t<\/div>\t\t\t\n\t\t\t\t\t\t\t\t\t\t\t\t\t\t\t\t\t\t\t\t\t\t\t\t\t\t\t\t\t\t\t\t<button class='spectra-image-gallery__control-lightbox--close' aria-label=\"Close\">\n\t\t\t\t\t\t\t\t\t\t\t\t\t<svg xmlns=\"https:\/\/www.w3.org\/2000\/svg\" viewbox= \"0 0 320 512\"><path d=\"M310.6 361.4c12.5 12.5 12.5 32.75 0 45.25C304.4 412.9 296.2 416 288 416s-16.38-3.125-22.62-9.375L160 301.3L54.63 406.6C48.38 412.9 40.19 416 32 416S15.63 412.9 9.375 406.6c-12.5-12.5-12.5-32.75 0-45.25l105.4-105.4L9.375 150.6c-12.5-12.5-12.5-32.75 0-45.25s32.75-12.5 45.25 0L160 210.8l105.4-105.4c12.5-12.5 32.75-12.5 45.25 0s12.5 32.75 0 45.25l-105.4 105.4L310.6 361.4z\"><\/path><\/svg>\n\t\t\t\t\t\t\t\t\t\t\t\t<\/button>\n\t\t\t\t\t\t\t\t\t\t\t\t\t<\/div>\n\t\t\t\t\t\t\t\t\t<\/div><\/div>\n\n\n\n<div class=\"wp-block-uagb-container uagb-block-539d2eb1 alignfull uagb-is-root-container\"><div class=\"uagb-container-inner-blocks-wrap\"><\/div><\/div>\n\n\n\n<div class=\"wp-block-uagb-container uagb-block-2339068f alignfull uagb-is-root-container\"><div class=\"uagb-container-inner-blocks-wrap\"><\/div><\/div>","protected":false},"excerpt":{"rendered":"<p>Centro Misi\u00f3n y Caridad Directora: Yaimary Silvera Batista Fundaci\u00f3n: 1957 Conocida como Yaimy ve desde que tiene 4 a\u00f1os el mundo espiritual. A la edad de 6 a\u00f1os empez\u00f3 ver en vasos de agua, a los 9 a\u00f1os ella misma se sobaba y se curaba de malezas de est\u00f3mago y as\u00ed fue ayudando a los [&hellip;]<\/p>","protected":false},"author":1,"featured_media":2112,"parent":0,"menu_order":0,"comment_status":"closed","ping_status":"closed","template":"","meta":{"_uag_custom_page_level_css":"","site-sidebar-layout":"default","site-content-layout":"","ast-site-content-layout":"default","site-content-style":"default","site-sidebar-style":"default","ast-global-header-display":"","ast-banner-title-visibility":"","ast-main-header-display":"","ast-hfb-above-header-display":"","ast-hfb-below-header-display":"","ast-hfb-mobile-header-display":"","site-post-title":"disabled","ast-breadcrumbs-content":"","ast-featured-img":"","footer-sml-layout":"","theme-transparent-header-meta":"","adv-header-id-meta":"","stick-header-meta":"","header-above-stick-meta":"","header-main-stick-meta":"","header-below-stick-meta":"","astra-migrate-meta-layouts":"set","ast-page-background-enabled":"default","ast-page-background-meta":{"desktop":{"background-color":"var(--ast-global-color-4)","background-image":"","background-repeat":"repeat","background-position":"center center","background-size":"auto","background-attachment":"scroll","background-type":"","background-media":"","overlay-type":"","overlay-color":"","overlay-opacity":"","overlay-gradient":""},"tablet":{"background-color":"","background-image":"","background-repeat":"repeat","background-position":"center center","background-size":"auto","background-attachment":"scroll","background-type":"","background-media":"","overlay-type":"","overlay-color":"","overlay-opacity":"","overlay-gradient":""},"mobile":{"background-color":"","background-image":"","background-repeat":"repeat","background-position":"center center","background-size":"auto","background-attachment":"scroll","background-type":"","background-media":"","overlay-type":"","overlay-color":"","overlay-opacity":"","overlay-gradient":""}},"ast-content-background-meta":{"desktop":{"background-color":"var(--ast-global-color-5)","background-image":"","background-repeat":"repeat","background-position":"center center","background-size":"auto","background-attachment":"scroll","background-type":"","background-media":"","overlay-type":"","overlay-color":"","overlay-opacity":"","overlay-gradient":""},"tablet":{"background-color":"var(--ast-global-color-5)","background-image":"","background-repeat":"repeat","background-position":"center center","background-size":"auto","background-attachment":"scroll","background-type":"","background-media":"","overlay-type":"","overlay-color":"","overlay-opacity":"","overlay-gradient":""},"mobile":{"background-color":"var(--ast-global-color-5)","background-image":"","background-repeat":"repeat","background-position":"center center","background-size":"auto","background-attachment":"scroll","background-type":"","background-media":"","overlay-type":"","overlay-color":"","overlay-opacity":"","overlay-gradient":""}},"footnotes":""},"class_list":["post-3266","page","type-page","status-publish","has-post-thumbnail","hentry"],"yoast_head":"<!-- This site is optimized with the Yoast SEO Premium plugin v24.2 (Yoast SEO v24.6) - https:\/\/yoast.com\/wordpress\/plugins\/seo\/ -->\n<title>Centro Misi\u00f3n y Caridad - Uni\u00f3n Esp\u00edrita<\/title>\n<meta name=\"robots\" content=\"index, follow, max-snippet:-1, max-image-preview:large, max-video-preview:-1\" \/>\n<link rel=\"canonical\" href=\"https:\/\/nuevo-renacer.com\/it\/centro-mision-y-caridad\/\" \/>\n<meta property=\"og:locale\" content=\"it_IT\" \/>\n<meta property=\"og:type\" content=\"article\" \/>\n<meta property=\"og:title\" content=\"Centro Misi\u00f3n y Caridad\" \/>\n<meta property=\"og:description\" content=\"Centro Misi\u00f3n y Caridad Directora: Yaimary Silvera Batista Fundaci\u00f3n: 1957 Conocida como Yaimy ve desde que tiene 4 a\u00f1os el mundo espiritual. A la edad de 6 a\u00f1os empez\u00f3 ver en vasos de agua, a los 9 a\u00f1os ella misma se sobaba y se curaba de malezas de est\u00f3mago y as\u00ed fue ayudando a los [&hellip;]\" \/>\n<meta property=\"og:url\" content=\"https:\/\/nuevo-renacer.com\/it\/centro-mision-y-caridad\/\" \/>\n<meta property=\"og:site_name\" content=\"Uni\u00f3n Esp\u00edrita\" \/>\n<meta property=\"article:publisher\" content=\"https:\/\/www.facebook.com\/groups\/3431398063740829\" \/>\n<meta property=\"article:modified_time\" content=\"2025-06-21T12:04:50+00:00\" \/>\n<meta property=\"og:image\" content=\"https:\/\/nuevo-renacer.com\/wp-content\/uploads\/2024\/05\/398285979_7097287650291656_6376605831060958556_n-high-ylthbx.webp\" \/>\n\t<meta property=\"og:image:width\" content=\"533\" \/>\n\t<meta property=\"og:image:height\" content=\"400\" \/>\n\t<meta property=\"og:image:type\" content=\"image\/webp\" \/>\n<meta name=\"twitter:card\" content=\"summary_large_image\" \/>\n<meta name=\"twitter:label1\" content=\"Tempo di lettura stimato\" \/>\n\t<meta name=\"twitter:data1\" content=\"2 minuti\" \/>\n<script type=\"application\/ld+json\" class=\"yoast-schema-graph\">{\"@context\":\"https:\/\/schema.org\",\"@graph\":[{\"@type\":\"WebPage\",\"@id\":\"https:\/\/nuevo-renacer.com\/centro-mision-y-caridad\/\",\"url\":\"https:\/\/nuevo-renacer.com\/centro-mision-y-caridad\/\",\"name\":\"Centro Misi\u00f3n y Caridad - Uni\u00f3n Esp\u00edrita\",\"isPartOf\":{\"@id\":\"https:\/\/nuevo-renacer.com\/#website\"},\"primaryImageOfPage\":{\"@id\":\"https:\/\/nuevo-renacer.com\/centro-mision-y-caridad\/#primaryimage\"},\"image\":{\"@id\":\"https:\/\/nuevo-renacer.com\/centro-mision-y-caridad\/#primaryimage\"},\"thumbnailUrl\":\"https:\/\/nuevo-renacer.com\/wp-content\/uploads\/2024\/05\/398285979_7097287650291656_6376605831060958556_n-high-ylthbx.webp\",\"datePublished\":\"2024-07-08T06:12:09+00:00\",\"dateModified\":\"2025-06-21T12:04:50+00:00\",\"breadcrumb\":{\"@id\":\"https:\/\/nuevo-renacer.com\/centro-mision-y-caridad\/#breadcrumb\"},\"inLanguage\":\"it-IT\",\"potentialAction\":[{\"@type\":\"ReadAction\",\"target\":[\"https:\/\/nuevo-renacer.com\/centro-mision-y-caridad\/\"]}]},{\"@type\":\"ImageObject\",\"inLanguage\":\"it-IT\",\"@id\":\"https:\/\/nuevo-renacer.com\/centro-mision-y-caridad\/#primaryimage\",\"url\":\"https:\/\/nuevo-renacer.com\/wp-content\/uploads\/2024\/05\/398285979_7097287650291656_6376605831060958556_n-high-ylthbx.webp\",\"contentUrl\":\"https:\/\/nuevo-renacer.com\/wp-content\/uploads\/2024\/05\/398285979_7097287650291656_6376605831060958556_n-high-ylthbx.webp\",\"width\":533,\"height\":400},{\"@type\":\"BreadcrumbList\",\"@id\":\"https:\/\/nuevo-renacer.com\/centro-mision-y-caridad\/#breadcrumb\",\"itemListElement\":[{\"@type\":\"ListItem\",\"position\":1,\"name\":\"Startseite\",\"item\":\"https:\/\/nuevo-renacer.com\/\"},{\"@type\":\"ListItem\",\"position\":2,\"name\":\"Centro Misi\u00f3n y Caridad\"}]},{\"@type\":\"WebSite\",\"@id\":\"https:\/\/nuevo-renacer.com\/#website\",\"url\":\"https:\/\/nuevo-renacer.com\/\",\"name\":\"Uni\u00f3n Esp\u00edrita\",\"description\":\"Nuevo Renacer\",\"publisher\":{\"@id\":\"https:\/\/nuevo-renacer.com\/#organization\"},\"potentialAction\":[{\"@type\":\"SearchAction\",\"target\":{\"@type\":\"EntryPoint\",\"urlTemplate\":\"https:\/\/nuevo-renacer.com\/?s={search_term_string}\"},\"query-input\":{\"@type\":\"PropertyValueSpecification\",\"valueRequired\":true,\"valueName\":\"search_term_string\"}}],\"inLanguage\":\"it-IT\"},{\"@type\":\"Organization\",\"@id\":\"https:\/\/nuevo-renacer.com\/#organization\",\"name\":\"UFEC\",\"url\":\"https:\/\/nuevo-renacer.com\/\",\"logo\":{\"@type\":\"ImageObject\",\"inLanguage\":\"it-IT\",\"@id\":\"https:\/\/nuevo-renacer.com\/#\/schema\/logo\/image\/\",\"url\":\"https:\/\/nuevo-renacer.com\/wp-content\/uploads\/2024\/05\/cropped-LOGO-TERMINADO1-3-3.png\",\"contentUrl\":\"https:\/\/nuevo-renacer.com\/wp-content\/uploads\/2024\/05\/cropped-LOGO-TERMINADO1-3-3.png\",\"width\":512,\"height\":512,\"caption\":\"UFEC\"},\"image\":{\"@id\":\"https:\/\/nuevo-renacer.com\/#\/schema\/logo\/image\/\"},\"sameAs\":[\"https:\/\/www.facebook.com\/groups\/3431398063740829\"]}]}<\/script>\n<!-- \/ Yoast SEO Premium plugin. -->","yoast_head_json":{"title":"Centro Misi\u00f3n y Caridad - Uni\u00f3n Esp\u00edrita","robots":{"index":"index","follow":"follow","max-snippet":"max-snippet:-1","max-image-preview":"max-image-preview:large","max-video-preview":"max-video-preview:-1"},"canonical":"https:\/\/nuevo-renacer.com\/it\/centro-mision-y-caridad\/","og_locale":"it_IT","og_type":"article","og_title":"Centro Misi\u00f3n y Caridad","og_description":"Centro Misi\u00f3n y Caridad Directora: Yaimary Silvera Batista Fundaci\u00f3n: 1957 Conocida como Yaimy ve desde que tiene 4 a\u00f1os el mundo espiritual. A la edad de 6 a\u00f1os empez\u00f3 ver en vasos de agua, a los 9 a\u00f1os ella misma se sobaba y se curaba de malezas de est\u00f3mago y as\u00ed fue ayudando a los [&hellip;]","og_url":"https:\/\/nuevo-renacer.com\/it\/centro-mision-y-caridad\/","og_site_name":"Uni\u00f3n Esp\u00edrita","article_publisher":"https:\/\/www.facebook.com\/groups\/3431398063740829","article_modified_time":"2025-06-21T12:04:50+00:00","og_image":[{"width":533,"height":400,"url":"https:\/\/nuevo-renacer.com\/wp-content\/uploads\/2024\/05\/398285979_7097287650291656_6376605831060958556_n-high-ylthbx.webp","type":"image\/webp"}],"twitter_card":"summary_large_image","twitter_misc":{"Tempo di lettura stimato":"2 minuti"},"schema":{"@context":"https:\/\/schema.org","@graph":[{"@type":"WebPage","@id":"https:\/\/nuevo-renacer.com\/centro-mision-y-caridad\/","url":"https:\/\/nuevo-renacer.com\/centro-mision-y-caridad\/","name":"Centro Misi\u00f3n y Caridad - Uni\u00f3n Esp\u00edrita","isPartOf":{"@id":"https:\/\/nuevo-renacer.com\/#website"},"primaryImageOfPage":{"@id":"https:\/\/nuevo-renacer.com\/centro-mision-y-caridad\/#primaryimage"},"image":{"@id":"https:\/\/nuevo-renacer.com\/centro-mision-y-caridad\/#primaryimage"},"thumbnailUrl":"https:\/\/nuevo-renacer.com\/wp-content\/uploads\/2024\/05\/398285979_7097287650291656_6376605831060958556_n-high-ylthbx.webp","datePublished":"2024-07-08T06:12:09+00:00","dateModified":"2025-06-21T12:04:50+00:00","breadcrumb":{"@id":"https:\/\/nuevo-renacer.com\/centro-mision-y-caridad\/#breadcrumb"},"inLanguage":"it-IT","potentialAction":[{"@type":"ReadAction","target":["https:\/\/nuevo-renacer.com\/centro-mision-y-caridad\/"]}]},{"@type":"ImageObject","inLanguage":"it-IT","@id":"https:\/\/nuevo-renacer.com\/centro-mision-y-caridad\/#primaryimage","url":"https:\/\/nuevo-renacer.com\/wp-content\/uploads\/2024\/05\/398285979_7097287650291656_6376605831060958556_n-high-ylthbx.webp","contentUrl":"https:\/\/nuevo-renacer.com\/wp-content\/uploads\/2024\/05\/398285979_7097287650291656_6376605831060958556_n-high-ylthbx.webp","width":533,"height":400},{"@type":"BreadcrumbList","@id":"https:\/\/nuevo-renacer.com\/centro-mision-y-caridad\/#breadcrumb","itemListElement":[{"@type":"ListItem","position":1,"name":"Startseite","item":"https:\/\/nuevo-renacer.com\/"},{"@type":"ListItem","position":2,"name":"Centro Misi\u00f3n y Caridad"}]},{"@type":"WebSite","@id":"https:\/\/nuevo-renacer.com\/#website","url":"https:\/\/nuevo-renacer.com\/","name":"Uni\u00f3n Esp\u00edrita","description":"Nuevo Renacer","publisher":{"@id":"https:\/\/nuevo-renacer.com\/#organization"},"potentialAction":[{"@type":"SearchAction","target":{"@type":"EntryPoint","urlTemplate":"https:\/\/nuevo-renacer.com\/?s={search_term_string}"},"query-input":{"@type":"PropertyValueSpecification","valueRequired":true,"valueName":"search_term_string"}}],"inLanguage":"it-IT"},{"@type":"Organization","@id":"https:\/\/nuevo-renacer.com\/#organization","name":"UFEC","url":"https:\/\/nuevo-renacer.com\/","logo":{"@type":"ImageObject","inLanguage":"it-IT","@id":"https:\/\/nuevo-renacer.com\/#\/schema\/logo\/image\/","url":"https:\/\/nuevo-renacer.com\/wp-content\/uploads\/2024\/05\/cropped-LOGO-TERMINADO1-3-3.png","contentUrl":"https:\/\/nuevo-renacer.com\/wp-content\/uploads\/2024\/05\/cropped-LOGO-TERMINADO1-3-3.png","width":512,"height":512,"caption":"UFEC"},"image":{"@id":"https:\/\/nuevo-renacer.com\/#\/schema\/logo\/image\/"},"sameAs":["https:\/\/www.facebook.com\/groups\/3431398063740829"]}]}},"uagb_featured_image_src":{"full":["https:\/\/nuevo-renacer.com\/wp-content\/uploads\/2024\/05\/398285979_7097287650291656_6376605831060958556_n-high-ylthbx.webp",533,400,false],"thumbnail":["https:\/\/nuevo-renacer.com\/wp-content\/uploads\/2024\/05\/398285979_7097287650291656_6376605831060958556_n-high-ylthbx-150x150.webp",150,150,true],"medium":["https:\/\/nuevo-renacer.com\/wp-content\/uploads\/2024\/05\/398285979_7097287650291656_6376605831060958556_n-high-ylthbx-300x225.webp",300,225,true],"medium_large":["https:\/\/nuevo-renacer.com\/wp-content\/uploads\/2024\/05\/398285979_7097287650291656_6376605831060958556_n-high-ylthbx.webp",533,400,false],"large":["https:\/\/nuevo-renacer.com\/wp-content\/uploads\/2024\/05\/398285979_7097287650291656_6376605831060958556_n-high-ylthbx.webp",533,400,false],"1536x1536":["https:\/\/nuevo-renacer.com\/wp-content\/uploads\/2024\/05\/398285979_7097287650291656_6376605831060958556_n-high-ylthbx.webp",533,400,false],"2048x2048":["https:\/\/nuevo-renacer.com\/wp-content\/uploads\/2024\/05\/398285979_7097287650291656_6376605831060958556_n-high-ylthbx.webp",533,400,false],"trp-custom-language-flag":["https:\/\/nuevo-renacer.com\/wp-content\/uploads\/2024\/05\/398285979_7097287650291656_6376605831060958556_n-high-ylthbx-16x12.webp",16,12,true]},"uagb_author_info":{"display_name":"adbv0","author_link":"https:\/\/nuevo-renacer.com\/it\/author\/adbv0\/"},"uagb_comment_info":0,"uagb_excerpt":"Centro Misi\u00f3n y Caridad Directora: Yaimary Silvera Batista Fundaci\u00f3n: 1957 Conocida como Yaimy ve desde que tiene 4 a\u00f1os el mundo espiritual. A la edad de 6 a\u00f1os empez\u00f3 ver en vasos de agua, a los 9 a\u00f1os ella misma se sobaba y se curaba de malezas de est\u00f3mago y as\u00ed fue ayudando a los&hellip;","jetpack_sharing_enabled":true,"_links":{"self":[{"href":"https:\/\/nuevo-renacer.com\/it\/wp-json\/wp\/v2\/pages\/3266","targetHints":{"allow":["GET"]}}],"collection":[{"href":"https:\/\/nuevo-renacer.com\/it\/wp-json\/wp\/v2\/pages"}],"about":[{"href":"https:\/\/nuevo-renacer.com\/it\/wp-json\/wp\/v2\/types\/page"}],"author":[{"embeddable":true,"href":"https:\/\/nuevo-renacer.com\/it\/wp-json\/wp\/v2\/users\/1"}],"replies":[{"embeddable":true,"href":"https:\/\/nuevo-renacer.com\/it\/wp-json\/wp\/v2\/comments?post=3266"}],"version-history":[{"count":6,"href":"https:\/\/nuevo-renacer.com\/it\/wp-json\/wp\/v2\/pages\/3266\/revisions"}],"predecessor-version":[{"id":8383,"href":"https:\/\/nuevo-renacer.com\/it\/wp-json\/wp\/v2\/pages\/3266\/revisions\/8383"}],"wp:featuredmedia":[{"embeddable":true,"href":"https:\/\/nuevo-renacer.com\/it\/wp-json\/wp\/v2\/media\/2112"}],"wp:attachment":[{"href":"https:\/\/nuevo-renacer.com\/it\/wp-json\/wp\/v2\/media?parent=3266"}],"curies":[{"name":"wp","href":"https:\/\/api.w.org\/{rel}","templated":true}]}}