{"id":3189,"date":"2024-07-07T09:28:15","date_gmt":"2024-07-07T09:28:15","guid":{"rendered":"https:\/\/ufec-mundial.com\/?page_id=3189"},"modified":"2026-04-20T18:34:09","modified_gmt":"2026-04-20T18:34:09","slug":"emma-hardinge-britten","status":"publish","type":"page","link":"https:\/\/nuevo-renacer.com\/it\/emma-hardinge-britten\/","title":{"rendered":"Emma Hardinge Britten"},"content":{"rendered":"<div class=\"wp-block-uagb-container uagb-block-b02e4e1c alignfull uagb-is-root-container\"><div class=\"uagb-container-inner-blocks-wrap\">\n<p class=\"has-black-color has-text-color has-link-color has-medium-font-size wp-elements-05a142b0c114fb65ef90e9d250db6c48\"><strong>Emma Hardinge Britten<\/strong><\/p>\n<\/div><\/div>\n\n\n\n<div class=\"wp-block-uagb-container uagb-block-007bc79f alignfull uagb-is-root-container\"><div class=\"uagb-container-inner-blocks-wrap\">\n<div class=\"wp-block-uagb-image alignleft uagb-block-84a46c13 wp-block-uagb-image--layout-default wp-block-uagb-image--effect-static wp-block-uagb-image--align-left\"><figure class=\"wp-block-uagb-image__figure\"><img loading=\"lazy\" decoding=\"async\" srcset=\"https:\/\/nuevo-renacer.com\/wp-content\/uploads\/2026\/04\/Picture_from_Emma_Hardinge_Britten_1823\u20131899_in_the_mid_1860s.jpg ,https:\/\/nuevo-renacer.com\/wp-content\/uploads\/2026\/04\/Picture_from_Emma_Hardinge_Britten_1823\u20131899_in_the_mid_1860s.jpg 780w, https:\/\/nuevo-renacer.com\/wp-content\/uploads\/2026\/04\/Picture_from_Emma_Hardinge_Britten_1823\u20131899_in_the_mid_1860s.jpg 360w\" sizes=\"auto, (max-width: 480px) 150px\" src=\"https:\/\/nuevo-renacer.com\/wp-content\/uploads\/2026\/04\/Picture_from_Emma_Hardinge_Britten_1823\u20131899_in_the_mid_1860s.jpg\" alt=\"\" class=\"uag-image-8877\" width=\"220\" height=\"311\" title=\"Picture_from_Emma_Hardinge_Britten_(1823\u20131899)_in_the_mid_1860s\" role=\"img\"\/><\/figure><\/div>\n<\/div><\/div>\n\n\n\n<div class=\"wp-block-uagb-container uagb-block-a2d80e7d alignfull uagb-is-root-container\"><div class=\"uagb-container-inner-blocks-wrap\">\n<p class=\"has-black-color has-text-color has-link-color has-small-font-size wp-elements-aa324bd595ad6a68da605340f77aa666\">Ninguna historia del espiritismo estar\u00eda completa sin referencias a esta notable escritora, a la que se ha llamado la Ap\u00f3stol Pablo femenina del movimiento esp\u00edrita.&nbsp;<\/p>\n\n\n\n<p class=\"has-black-color has-text-color has-link-color has-small-font-size wp-elements-3335924fc2f8cf36689d6ab0a021a21e\">Naci\u00f3 en Londres, Inglaterra, en 1823.&nbsp;Era una inglesa que hab\u00eda ido a Nueva York con una compa\u00f1\u00eda de teatro y se qued\u00f3 en Estados Unidos, donde viv\u00eda con su madre. Educada en el protestantismo, rechazaba firmemente cualquier contacto con los espiritistas, pero en 1856 volvi\u00f3 a entrar en contacto con el Espiritismo, al recibir pruebas irrefutables de las verdades que proclamaba. Pronto descubri\u00f3 que ella tambi\u00e9n era una m\u00e9dium, y puede decirse que uno de los casos mejor documentados, que alcanz\u00f3 notable sensacionalismo, fue su informaci\u00f3n de que el barco \u00abPacific\u00bb se hab\u00eda hundido en pleno Atl\u00e1ntico, pereciendo todos los pasajeros. Tras esta revelaci\u00f3n, fue perseguida por la compa\u00f1\u00eda propietaria del barco por repetir lo que le hab\u00eda dicho el esp\u00edritu de una de las v\u00edctimas de la cat\u00e1strofe. M\u00e1s tarde se demostr\u00f3 que su informaci\u00f3n medi\u00famnica era cierta, ya que el barco se hab\u00eda hundido y nunca volvi\u00f3 a aparecer.&nbsp;<\/p>\n\n\n\n<p class=\"has-black-color has-text-color has-link-color has-small-font-size wp-elements-8c5dcad23d6bb2dc73527bfbe78a9c5f\">En 1866 regres\u00f3 a Inglaterra, donde desarroll\u00f3 una intensa actividad, produciendo dos grandes obras: \u00abModern American Spiritualism\u00bb (Espiritismo Americano Moderno) y \u00abMiracles of the Nineteenth Century\u00bb (Milagros del siglo XIX), libros que representaban una interesante investigaci\u00f3n combinada con un razonamiento claro y l\u00f3gico. En 1870 se cas\u00f3 con el Dr. Britten, espiritista tan devoto como ella. Todo indica que fue una uni\u00f3n verdaderamente feliz.&nbsp;<\/p>\n\n\n\n<p class=\"has-black-color has-text-color has-link-color has-small-font-size wp-elements-3259c5c947f64fb9ab54ba348d8a6508\">En 1878 viajaron a Australia y Nueva Zelanda como misioneros del Espiritismo, pasando all\u00ed muchos a\u00f1os y fundando numerosas sociedades.&nbsp;Durante su estancia en Australia, escribi\u00f3: \u00abFe, hechos y fraudes de la historia religiosa\u00bb, libro que a\u00fan hoy ejerce una relativa influencia.&nbsp;<\/p>\n\n\n\n<p class=\"has-black-color has-text-color has-link-color has-small-font-size wp-elements-bad2a8f4df590e180574f9be31c2f764\">Entre otros monumentos, Emma Hardinge Britten fund\u00f3 en Manchester \u00abThe Two Worlds\u00bb (Los dos mundos), \u00f3rgano que a\u00fan hoy goza de gran difusi\u00f3n, representando un veh\u00edculo publicitario de gran penetraci\u00f3n en todo el mundo.&nbsp;Ernesto Bozzano, uno de los m\u00e1s grandes escritores esp\u00edritas, profundo investigador, hombre de ciencia, polemista em\u00e9rito, cuya obra honra y engrandece la Doctrina Esp\u00edrita, en un notable testimonio escrito para la revista \u00abLa Luz Del Porvenir\u00bb, relat\u00f3 que el libro \u00abEspiritismo Americano Moderno\u00bb le fue muy \u00fatil durante el per\u00edodo de su conversi\u00f3n al Espiritismo.&nbsp;<\/p>\n\n\n\n<p class=\"has-black-color has-text-color has-link-color has-small-font-size wp-elements-797badb77e7f16009f4ca441ff67d6e3\">&nbsp;La labor de Emma Harding Britten en los inicios del Espiritismo fue una de las m\u00e1s importantes, siendo responsable de un gran n\u00famero de conversiones, entre ellas las de personas muy destacadas en la \u00e9poca.&nbsp;<\/p>\n\n\n\n<p class=\"has-black-color has-text-color has-link-color has-small-font-size wp-elements-f22b17617cfb6a1962a3d02ff9e2df80\">El marido de Britten muri\u00f3 en 1894 y ella falleci\u00f3 en Manchester en 1899, el 2 de octubre, a la edad de 76 a\u00f1os.<\/p>\n\n\n\n<div class=\"wp-block-uagb-image uagb-block-d669f25e wp-block-uagb-image--layout-default wp-block-uagb-image--effect-static wp-block-uagb-image--align-none\"><figure class=\"wp-block-uagb-image__figure\"><img loading=\"lazy\" decoding=\"async\" srcset=\"https:\/\/nuevo-renacer.com\/wp-content\/uploads\/2024\/07\/Dr.Britten.jpg ,https:\/\/ufec-mundial.com\/wp-content\/uploads\/2024\/07\/Dr.Britten.jpg 780w, https:\/\/ufec-mundial.com\/wp-content\/uploads\/2024\/07\/Dr.Britten.jpg 360w\" sizes=\"auto, (max-width: 480px) 150px\" src=\"https:\/\/nuevo-renacer.com\/wp-content\/uploads\/2024\/07\/Dr.Britten.jpg\" alt=\"\" class=\"uag-image-3197\" width=\"200\" height=\"252\" title=\"Dr. William Britten\" role=\"img\"\/><figcaption class=\"uagb-image-caption\">Dr. William Britten<\/figcaption><\/figure><\/div>\n<\/div><\/div>\n\n\n\n<div class=\"wp-block-uagb-container uagb-block-9f48368b alignfull uagb-is-root-container\"><div class=\"uagb-container-inner-blocks-wrap\"><\/div><\/div>\n\n\n\n<div class=\"wp-block-uagb-container uagb-block-f43e81b5 alignfull uagb-is-root-container\"><div class=\"uagb-container-inner-blocks-wrap\"><\/div><\/div>","protected":false},"excerpt":{"rendered":"<p>Emma Hardinge Britten Ninguna historia del espiritismo estar\u00eda completa sin referencias a esta notable escritora, a la que se ha llamado la Ap\u00f3stol Pablo femenina del movimiento esp\u00edrita.&nbsp; Naci\u00f3 en Londres, Inglaterra, en 1823.&nbsp;Era una inglesa que hab\u00eda ido a Nueva York con una compa\u00f1\u00eda de teatro y se qued\u00f3 en Estados Unidos, donde viv\u00eda [&hellip;]<\/p>","protected":false},"author":1,"featured_media":0,"parent":0,"menu_order":0,"comment_status":"closed","ping_status":"closed","template":"","meta":{"_uag_custom_page_level_css":"","site-sidebar-layout":"default","site-content-layout":"","ast-site-content-layout":"default","site-content-style":"default","site-sidebar-style":"default","ast-global-header-display":"","ast-banner-title-visibility":"","ast-main-header-display":"","ast-hfb-above-header-display":"","ast-hfb-below-header-display":"","ast-hfb-mobile-header-display":"","site-post-title":"disabled","ast-breadcrumbs-content":"","ast-featured-img":"","footer-sml-layout":"","theme-transparent-header-meta":"","adv-header-id-meta":"","stick-header-meta":"","header-above-stick-meta":"","header-main-stick-meta":"","header-below-stick-meta":"","astra-migrate-meta-layouts":"set","ast-page-background-enabled":"default","ast-page-background-meta":{"desktop":{"background-color":"var(--ast-global-color-4)","background-image":"","background-repeat":"repeat","background-position":"center center","background-size":"auto","background-attachment":"scroll","background-type":"","background-media":"","overlay-type":"","overlay-color":"","overlay-opacity":"","overlay-gradient":""},"tablet":{"background-color":"","background-image":"","background-repeat":"repeat","background-position":"center center","background-size":"auto","background-attachment":"scroll","background-type":"","background-media":"","overlay-type":"","overlay-color":"","overlay-opacity":"","overlay-gradient":""},"mobile":{"background-color":"","background-image":"","background-repeat":"repeat","background-position":"center center","background-size":"auto","background-attachment":"scroll","background-type":"","background-media":"","overlay-type":"","overlay-color":"","overlay-opacity":"","overlay-gradient":""}},"ast-content-background-meta":{"desktop":{"background-color":"var(--ast-global-color-5)","background-image":"","background-repeat":"repeat","background-position":"center center","background-size":"auto","background-attachment":"scroll","background-type":"","background-media":"","overlay-type":"","overlay-color":"","overlay-opacity":"","overlay-gradient":""},"tablet":{"background-color":"var(--ast-global-color-5)","background-image":"","background-repeat":"repeat","background-position":"center center","background-size":"auto","background-attachment":"scroll","background-type":"","background-media":"","overlay-type":"","overlay-color":"","overlay-opacity":"","overlay-gradient":""},"mobile":{"background-color":"var(--ast-global-color-5)","background-image":"","background-repeat":"repeat","background-position":"center center","background-size":"auto","background-attachment":"scroll","background-type":"","background-media":"","overlay-type":"","overlay-color":"","overlay-opacity":"","overlay-gradient":""}},"footnotes":""},"class_list":["post-3189","page","type-page","status-publish","hentry"],"yoast_head":"<!-- This site is optimized with the Yoast SEO Premium plugin v24.2 (Yoast SEO v24.6) - https:\/\/yoast.com\/wordpress\/plugins\/seo\/ -->\n<title>Emma Hardinge Britten - Uni\u00f3n Esp\u00edrita<\/title>\n<meta name=\"robots\" content=\"index, follow, max-snippet:-1, max-image-preview:large, max-video-preview:-1\" \/>\n<link rel=\"canonical\" href=\"https:\/\/nuevo-renacer.com\/it\/emma-hardinge-britten\/\" \/>\n<meta property=\"og:locale\" content=\"it_IT\" \/>\n<meta property=\"og:type\" content=\"article\" \/>\n<meta property=\"og:title\" content=\"Emma Hardinge Britten\" \/>\n<meta property=\"og:description\" content=\"Emma Hardinge Britten Ninguna historia del espiritismo estar\u00eda completa sin referencias a esta notable escritora, a la que se ha llamado la Ap\u00f3stol Pablo femenina del movimiento esp\u00edrita.&nbsp; Naci\u00f3 en Londres, Inglaterra, en 1823.&nbsp;Era una inglesa que hab\u00eda ido a Nueva York con una compa\u00f1\u00eda de teatro y se qued\u00f3 en Estados Unidos, donde viv\u00eda [&hellip;]\" \/>\n<meta property=\"og:url\" content=\"https:\/\/nuevo-renacer.com\/it\/emma-hardinge-britten\/\" \/>\n<meta property=\"og:site_name\" content=\"Uni\u00f3n Esp\u00edrita\" \/>\n<meta property=\"article:publisher\" content=\"https:\/\/www.facebook.com\/groups\/3431398063740829\" \/>\n<meta property=\"article:modified_time\" content=\"2026-04-20T18:34:09+00:00\" \/>\n<meta property=\"og:image\" content=\"https:\/\/nuevo-renacer.com\/wp-content\/uploads\/2024\/07\/Dr.Britten.jpg\" \/>\n<meta name=\"twitter:card\" content=\"summary_large_image\" \/>\n<meta name=\"twitter:label1\" content=\"Tempo di lettura stimato\" \/>\n\t<meta name=\"twitter:data1\" content=\"3 minuti\" \/>\n<script type=\"application\/ld+json\" class=\"yoast-schema-graph\">{\"@context\":\"https:\/\/schema.org\",\"@graph\":[{\"@type\":\"WebPage\",\"@id\":\"https:\/\/nuevo-renacer.com\/emma-hardinge-britten\/\",\"url\":\"https:\/\/nuevo-renacer.com\/emma-hardinge-britten\/\",\"name\":\"Emma Hardinge Britten - Uni\u00f3n Esp\u00edrita\",\"isPartOf\":{\"@id\":\"https:\/\/nuevo-renacer.com\/#website\"},\"primaryImageOfPage\":{\"@id\":\"https:\/\/nuevo-renacer.com\/emma-hardinge-britten\/#primaryimage\"},\"image\":{\"@id\":\"https:\/\/nuevo-renacer.com\/emma-hardinge-britten\/#primaryimage\"},\"thumbnailUrl\":\"https:\/\/nuevo-renacer.com\/wp-content\/uploads\/2024\/07\/Dr.Britten.jpg\",\"datePublished\":\"2024-07-07T09:28:15+00:00\",\"dateModified\":\"2026-04-20T18:34:09+00:00\",\"breadcrumb\":{\"@id\":\"https:\/\/nuevo-renacer.com\/emma-hardinge-britten\/#breadcrumb\"},\"inLanguage\":\"it-IT\",\"potentialAction\":[{\"@type\":\"ReadAction\",\"target\":[\"https:\/\/nuevo-renacer.com\/emma-hardinge-britten\/\"]}]},{\"@type\":\"ImageObject\",\"inLanguage\":\"it-IT\",\"@id\":\"https:\/\/nuevo-renacer.com\/emma-hardinge-britten\/#primaryimage\",\"url\":\"https:\/\/nuevo-renacer.com\/wp-content\/uploads\/2024\/07\/Dr.Britten.jpg\",\"contentUrl\":\"https:\/\/nuevo-renacer.com\/wp-content\/uploads\/2024\/07\/Dr.Britten.jpg\"},{\"@type\":\"BreadcrumbList\",\"@id\":\"https:\/\/nuevo-renacer.com\/emma-hardinge-britten\/#breadcrumb\",\"itemListElement\":[{\"@type\":\"ListItem\",\"position\":1,\"name\":\"Startseite\",\"item\":\"https:\/\/nuevo-renacer.com\/\"},{\"@type\":\"ListItem\",\"position\":2,\"name\":\"Emma Hardinge Britten\"}]},{\"@type\":\"WebSite\",\"@id\":\"https:\/\/nuevo-renacer.com\/#website\",\"url\":\"https:\/\/nuevo-renacer.com\/\",\"name\":\"Uni\u00f3n Esp\u00edrita\",\"description\":\"Nuevo Renacer\",\"publisher\":{\"@id\":\"https:\/\/nuevo-renacer.com\/#organization\"},\"potentialAction\":[{\"@type\":\"SearchAction\",\"target\":{\"@type\":\"EntryPoint\",\"urlTemplate\":\"https:\/\/nuevo-renacer.com\/?s={search_term_string}\"},\"query-input\":{\"@type\":\"PropertyValueSpecification\",\"valueRequired\":true,\"valueName\":\"search_term_string\"}}],\"inLanguage\":\"it-IT\"},{\"@type\":\"Organization\",\"@id\":\"https:\/\/nuevo-renacer.com\/#organization\",\"name\":\"UFEC\",\"url\":\"https:\/\/nuevo-renacer.com\/\",\"logo\":{\"@type\":\"ImageObject\",\"inLanguage\":\"it-IT\",\"@id\":\"https:\/\/nuevo-renacer.com\/#\/schema\/logo\/image\/\",\"url\":\"https:\/\/nuevo-renacer.com\/wp-content\/uploads\/2024\/05\/cropped-LOGO-TERMINADO1-3-3.png\",\"contentUrl\":\"https:\/\/nuevo-renacer.com\/wp-content\/uploads\/2024\/05\/cropped-LOGO-TERMINADO1-3-3.png\",\"width\":512,\"height\":512,\"caption\":\"UFEC\"},\"image\":{\"@id\":\"https:\/\/nuevo-renacer.com\/#\/schema\/logo\/image\/\"},\"sameAs\":[\"https:\/\/www.facebook.com\/groups\/3431398063740829\"]}]}<\/script>\n<!-- \/ Yoast SEO Premium plugin. -->","yoast_head_json":{"title":"Emma Hardinge Britten - Uni\u00f3n Esp\u00edrita","robots":{"index":"index","follow":"follow","max-snippet":"max-snippet:-1","max-image-preview":"max-image-preview:large","max-video-preview":"max-video-preview:-1"},"canonical":"https:\/\/nuevo-renacer.com\/it\/emma-hardinge-britten\/","og_locale":"it_IT","og_type":"article","og_title":"Emma Hardinge Britten","og_description":"Emma Hardinge Britten Ninguna historia del espiritismo estar\u00eda completa sin referencias a esta notable escritora, a la que se ha llamado la Ap\u00f3stol Pablo femenina del movimiento esp\u00edrita.&nbsp; Naci\u00f3 en Londres, Inglaterra, en 1823.&nbsp;Era una inglesa que hab\u00eda ido a Nueva York con una compa\u00f1\u00eda de teatro y se qued\u00f3 en Estados Unidos, donde viv\u00eda [&hellip;]","og_url":"https:\/\/nuevo-renacer.com\/it\/emma-hardinge-britten\/","og_site_name":"Uni\u00f3n Esp\u00edrita","article_publisher":"https:\/\/www.facebook.com\/groups\/3431398063740829","article_modified_time":"2026-04-20T18:34:09+00:00","og_image":[{"url":"https:\/\/nuevo-renacer.com\/wp-content\/uploads\/2024\/07\/Dr.Britten.jpg","type":"","width":"","height":""}],"twitter_card":"summary_large_image","twitter_misc":{"Tempo di lettura stimato":"3 minuti"},"schema":{"@context":"https:\/\/schema.org","@graph":[{"@type":"WebPage","@id":"https:\/\/nuevo-renacer.com\/emma-hardinge-britten\/","url":"https:\/\/nuevo-renacer.com\/emma-hardinge-britten\/","name":"Emma Hardinge Britten - Uni\u00f3n Esp\u00edrita","isPartOf":{"@id":"https:\/\/nuevo-renacer.com\/#website"},"primaryImageOfPage":{"@id":"https:\/\/nuevo-renacer.com\/emma-hardinge-britten\/#primaryimage"},"image":{"@id":"https:\/\/nuevo-renacer.com\/emma-hardinge-britten\/#primaryimage"},"thumbnailUrl":"https:\/\/nuevo-renacer.com\/wp-content\/uploads\/2024\/07\/Dr.Britten.jpg","datePublished":"2024-07-07T09:28:15+00:00","dateModified":"2026-04-20T18:34:09+00:00","breadcrumb":{"@id":"https:\/\/nuevo-renacer.com\/emma-hardinge-britten\/#breadcrumb"},"inLanguage":"it-IT","potentialAction":[{"@type":"ReadAction","target":["https:\/\/nuevo-renacer.com\/emma-hardinge-britten\/"]}]},{"@type":"ImageObject","inLanguage":"it-IT","@id":"https:\/\/nuevo-renacer.com\/emma-hardinge-britten\/#primaryimage","url":"https:\/\/nuevo-renacer.com\/wp-content\/uploads\/2024\/07\/Dr.Britten.jpg","contentUrl":"https:\/\/nuevo-renacer.com\/wp-content\/uploads\/2024\/07\/Dr.Britten.jpg"},{"@type":"BreadcrumbList","@id":"https:\/\/nuevo-renacer.com\/emma-hardinge-britten\/#breadcrumb","itemListElement":[{"@type":"ListItem","position":1,"name":"Startseite","item":"https:\/\/nuevo-renacer.com\/"},{"@type":"ListItem","position":2,"name":"Emma Hardinge Britten"}]},{"@type":"WebSite","@id":"https:\/\/nuevo-renacer.com\/#website","url":"https:\/\/nuevo-renacer.com\/","name":"Uni\u00f3n Esp\u00edrita","description":"Nuevo Renacer","publisher":{"@id":"https:\/\/nuevo-renacer.com\/#organization"},"potentialAction":[{"@type":"SearchAction","target":{"@type":"EntryPoint","urlTemplate":"https:\/\/nuevo-renacer.com\/?s={search_term_string}"},"query-input":{"@type":"PropertyValueSpecification","valueRequired":true,"valueName":"search_term_string"}}],"inLanguage":"it-IT"},{"@type":"Organization","@id":"https:\/\/nuevo-renacer.com\/#organization","name":"UFEC","url":"https:\/\/nuevo-renacer.com\/","logo":{"@type":"ImageObject","inLanguage":"it-IT","@id":"https:\/\/nuevo-renacer.com\/#\/schema\/logo\/image\/","url":"https:\/\/nuevo-renacer.com\/wp-content\/uploads\/2024\/05\/cropped-LOGO-TERMINADO1-3-3.png","contentUrl":"https:\/\/nuevo-renacer.com\/wp-content\/uploads\/2024\/05\/cropped-LOGO-TERMINADO1-3-3.png","width":512,"height":512,"caption":"UFEC"},"image":{"@id":"https:\/\/nuevo-renacer.com\/#\/schema\/logo\/image\/"},"sameAs":["https:\/\/www.facebook.com\/groups\/3431398063740829"]}]}},"uagb_featured_image_src":{"full":false,"thumbnail":false,"medium":false,"medium_large":false,"large":false,"1536x1536":false,"2048x2048":false,"trp-custom-language-flag":false},"uagb_author_info":{"display_name":"adbv0","author_link":"https:\/\/nuevo-renacer.com\/it\/author\/adbv0\/"},"uagb_comment_info":0,"uagb_excerpt":"Emma Hardinge Britten Ninguna historia del espiritismo estar\u00eda completa sin referencias a esta notable escritora, a la que se ha llamado la Ap\u00f3stol Pablo femenina del movimiento esp\u00edrita.&nbsp; Naci\u00f3 en Londres, Inglaterra, en 1823.&nbsp;Era una inglesa que hab\u00eda ido a Nueva York con una compa\u00f1\u00eda de teatro y se qued\u00f3 en Estados Unidos, donde viv\u00eda&hellip;","jetpack_sharing_enabled":true,"_links":{"self":[{"href":"https:\/\/nuevo-renacer.com\/it\/wp-json\/wp\/v2\/pages\/3189","targetHints":{"allow":["GET"]}}],"collection":[{"href":"https:\/\/nuevo-renacer.com\/it\/wp-json\/wp\/v2\/pages"}],"about":[{"href":"https:\/\/nuevo-renacer.com\/it\/wp-json\/wp\/v2\/types\/page"}],"author":[{"embeddable":true,"href":"https:\/\/nuevo-renacer.com\/it\/wp-json\/wp\/v2\/users\/1"}],"replies":[{"embeddable":true,"href":"https:\/\/nuevo-renacer.com\/it\/wp-json\/wp\/v2\/comments?post=3189"}],"version-history":[{"count":7,"href":"https:\/\/nuevo-renacer.com\/it\/wp-json\/wp\/v2\/pages\/3189\/revisions"}],"predecessor-version":[{"id":8878,"href":"https:\/\/nuevo-renacer.com\/it\/wp-json\/wp\/v2\/pages\/3189\/revisions\/8878"}],"wp:attachment":[{"href":"https:\/\/nuevo-renacer.com\/it\/wp-json\/wp\/v2\/media?parent=3189"}],"curies":[{"name":"wp","href":"https:\/\/api.w.org\/{rel}","templated":true}]}}