{"id":3166,"date":"2024-07-07T08:07:27","date_gmt":"2024-07-07T08:07:27","guid":{"rendered":"https:\/\/ufec-mundial.com\/?page_id=3166"},"modified":"2025-03-14T13:46:53","modified_gmt":"2025-03-14T13:46:53","slug":"maryam-de-las-mercedes-mendez-alvarez","status":"publish","type":"page","link":"https:\/\/nuevo-renacer.com\/it\/maryam-de-las-mercedes-mendez-alvarez\/","title":{"rendered":"Maryam de las Mercedes Mendez Alvarez"},"content":{"rendered":"<div class=\"wp-block-uagb-container uagb-block-ae96bd1d alignfull uagb-is-root-container\"><div class=\"uagb-container-inner-blocks-wrap\">\n<p class=\"has-black-color has-text-color has-link-color has-medium-font-size wp-elements-35f4cc553d3ccecb5a850b001f3869d1\"><strong>Maryam de las Mercedes Mendez Alvarez<\/strong><\/p>\n<\/div><\/div>\n\n\n\n<div class=\"wp-block-uagb-container uagb-block-3d54ca43 alignfull uagb-is-root-container\"><div class=\"uagb-container-inner-blocks-wrap\">\n<figure class=\"wp-block-image size-large is-resized\"><img fetchpriority=\"high\" decoding=\"async\" width=\"582\" height=\"1024\" src=\"https:\/\/ufec-mundial.com\/wp-content\/uploads\/2024\/05\/438083843_1141558950427064_6540092409663173254_n-582x1024.jpg\" alt=\"\" class=\"wp-image-2405\" style=\"width:211px;height:auto\" srcset=\"https:\/\/nuevo-renacer.com\/wp-content\/uploads\/2024\/05\/438083843_1141558950427064_6540092409663173254_n-582x1024.jpg 582w, https:\/\/nuevo-renacer.com\/wp-content\/uploads\/2024\/05\/438083843_1141558950427064_6540092409663173254_n-170x300.jpg 170w, https:\/\/nuevo-renacer.com\/wp-content\/uploads\/2024\/05\/438083843_1141558950427064_6540092409663173254_n-768x1352.jpg 768w, https:\/\/nuevo-renacer.com\/wp-content\/uploads\/2024\/05\/438083843_1141558950427064_6540092409663173254_n-873x1536.jpg 873w, https:\/\/nuevo-renacer.com\/wp-content\/uploads\/2024\/05\/438083843_1141558950427064_6540092409663173254_n-7x12.jpg 7w, https:\/\/nuevo-renacer.com\/wp-content\/uploads\/2024\/05\/438083843_1141558950427064_6540092409663173254_n-600x1056.jpg 600w, https:\/\/nuevo-renacer.com\/wp-content\/uploads\/2024\/05\/438083843_1141558950427064_6540092409663173254_n.jpg 945w\" sizes=\"(max-width: 582px) 100vw, 582px\" \/><\/figure>\n<\/div><\/div>\n\n\n\n<div class=\"wp-block-uagb-container uagb-block-180587a5 alignfull uagb-is-root-container\"><div class=\"uagb-container-inner-blocks-wrap\">\n<div class=\"wp-block-group is-layout-constrained wp-block-group-is-layout-constrained\">\n<p class=\"has-black-color has-text-color has-link-color has-small-font-size wp-elements-ae30b288048e2a0aedd0224481f8734b\">Paese natale: Cuba<br>Data di nascita: 4.07.2002<br>Mediumnit\u00e0: Pittori e disegnatori<br>Spiritista: dall'et\u00e0 di 15 anni<\/p>\n<\/div>\n<\/div><\/div>\n\n\n\n<div class=\"wp-block-uagb-container uagb-block-9de6d7ef alignfull uagb-is-root-container\"><div class=\"uagb-container-inner-blocks-wrap\"><\/div><\/div>\n\n\n\n<div class=\"wp-block-uagb-container uagb-block-52e7c913 alignfull uagb-is-root-container\"><div class=\"uagb-container-inner-blocks-wrap\">\n<div class=\"wp-block-uagb-container uagb-block-e64116f7\">\n<p class=\"has-black-color has-text-color has-link-color has-small-font-size wp-elements-ec40ae583836a2dd59424cfe004db06d\">Ho scoperto le mie visioni in tenera et\u00e0 (10 anni) sotto forma di levitazione, viaggio astrale e telepatia. Riesco a vedere le cose all'interno di un campo astrale, ovvero i miei esseri portano la mia anima ovunque mantenendo la mia materia in stato vegetativo e connettendosi direttamente con loro. Ho scoperto questo a 14 anni ed \u00e8 stato da l\u00ec che sono entrato nel mondo spirituale. Sono nato con il dono della pittura, dono che ho realizzato grazie a un essere, un pittore defunto, che mi ha aiutato a plasmare con le sue conoscenze questo viaggio astrale che potete apprezzare.<\/p>\n<\/div>\n<\/div><\/div>\n\n\n\n<div class=\"wp-block-uagb-container uagb-block-41fc069a alignfull uagb-is-root-container\"><div class=\"uagb-container-inner-blocks-wrap\">\t\t\t\t\t<div\n\t\t\t\t\t\tclass=\"wp-block-uagb-image-gallery uagb-block-b07c5e84\"\n\t\t\t\t\t\tstyle=\"\"\n\t\t\t\t\t>\n\t\t\t\t\t\t\t\t\t\t\t<div class=\"spectra-image-gallery spectra-image-gallery__layout--grid spectra-image-gallery__layout--grid-col-3 spectra-image-gallery__layout--grid-col-tab-3 spectra-image-gallery__layout--grid-col-mob-2\">\n\t\t\t\t\t\t\t\t\t\t\t<div class='spectra-image-gallery__media-wrapper' data-spectra-gallery-image-id='2418' tabindex=\"0\">\n\t\t\t\t\t\t\t<div class=\"spectra-image-gallery__media spectra-image-gallery__media--grid\">\n\t\t\t\t<picture>\n\t\t\t\t\t<source media=\"(min-width: 1024px)\" srcset=\"https:\/\/nuevo-renacer.com\/wp-content\/uploads\/2024\/05\/1-1-797x1024.jpg\">\n\t\t\t\t\t<source media=\"(min-width: 768px)\" srcset=\"https:\/\/nuevo-renacer.com\/wp-content\/uploads\/2024\/05\/1-1-797x1024.jpg\">\n\t\t\t\t\t<img decoding=\"async\" class=\"spectra-image-gallery__media-thumbnail spectra-image-gallery__media-thumbnail--grid\" src=\"https:\/\/nuevo-renacer.com\/wp-content\/uploads\/2024\/05\/1-1-233x300.jpg\" alt=\"\" loading=\"lazy\" \/>\n\t\t\t\t<\/picture>\n\t\t\t\t<div class=\"spectra-image-gallery__media-thumbnail-blurrer\"><\/div>\n\t\t\t\t\t\t\t\t\t\t\t<div class=\"spectra-image-gallery__media-thumbnail-caption-wrapper spectra-image-gallery__media-thumbnail-caption-wrapper--overlay\"><\/div>\n\t\t\t\t\t\t\t\t<\/div>\n\t\t\t\t\t\t<\/div>\n\t\t\t\t\t\t<div class='spectra-image-gallery__media-wrapper' data-spectra-gallery-image-id='2417' tabindex=\"0\">\n\t\t\t\t\t\t\t<div class=\"spectra-image-gallery__media spectra-image-gallery__media--grid\">\n\t\t\t\t<picture>\n\t\t\t\t\t<source media=\"(min-width: 1024px)\" srcset=\"https:\/\/nuevo-renacer.com\/wp-content\/uploads\/2024\/05\/2-1-838x1024.jpg\">\n\t\t\t\t\t<source media=\"(min-width: 768px)\" srcset=\"https:\/\/nuevo-renacer.com\/wp-content\/uploads\/2024\/05\/2-1-838x1024.jpg\">\n\t\t\t\t\t<img decoding=\"async\" class=\"spectra-image-gallery__media-thumbnail spectra-image-gallery__media-thumbnail--grid\" src=\"https:\/\/nuevo-renacer.com\/wp-content\/uploads\/2024\/05\/2-1-245x300.jpg\" alt=\"\" loading=\"lazy\" \/>\n\t\t\t\t<\/picture>\n\t\t\t\t<div class=\"spectra-image-gallery__media-thumbnail-blurrer\"><\/div>\n\t\t\t\t\t\t\t\t\t\t\t<div class=\"spectra-image-gallery__media-thumbnail-caption-wrapper spectra-image-gallery__media-thumbnail-caption-wrapper--overlay\"><\/div>\n\t\t\t\t\t\t\t\t<\/div>\n\t\t\t\t\t\t<\/div>\n\t\t\t\t\t\t<div class='spectra-image-gallery__media-wrapper' data-spectra-gallery-image-id='2416' tabindex=\"0\">\n\t\t\t\t\t\t\t<div class=\"spectra-image-gallery__media spectra-image-gallery__media--grid\">\n\t\t\t\t<picture>\n\t\t\t\t\t<source media=\"(min-width: 1024px)\" srcset=\"https:\/\/nuevo-renacer.com\/wp-content\/uploads\/2024\/05\/3-1-1024x911.jpg\">\n\t\t\t\t\t<source media=\"(min-width: 768px)\" srcset=\"https:\/\/nuevo-renacer.com\/wp-content\/uploads\/2024\/05\/3-1-1024x911.jpg\">\n\t\t\t\t\t<img decoding=\"async\" class=\"spectra-image-gallery__media-thumbnail spectra-image-gallery__media-thumbnail--grid\" src=\"https:\/\/nuevo-renacer.com\/wp-content\/uploads\/2024\/05\/3-1-300x267.jpg\" alt=\"\" loading=\"lazy\" \/>\n\t\t\t\t<\/picture>\n\t\t\t\t<div class=\"spectra-image-gallery__media-thumbnail-blurrer\"><\/div>\n\t\t\t\t\t\t\t\t\t\t\t<div class=\"spectra-image-gallery__media-thumbnail-caption-wrapper spectra-image-gallery__media-thumbnail-caption-wrapper--overlay\"><\/div>\n\t\t\t\t\t\t\t\t<\/div>\n\t\t\t\t\t\t<\/div>\n\t\t\t\t\t\t\t\t\t\t<\/div>\n\t\t\t\t\t\t\t\t\t\t\t\t\t\t\t\t\t\t<\/div>\n\t\t\t\t\t\t\t\t\t\t\t<div class='spectra-image-gallery__control-lightbox' tabindex='0'>\n\t\t\t\t\t\t\t\t\t\t\t<div class=\"swiper spectra-image-gallery__control-lightbox--main\" dir=\"\">\n\t\t\t\t\t<div class=\"swiper-wrapper\">\n\t\t\t\t\t\t\t\t\t\t\t\t\t\n\t\t\t\t\t\t\t<div class=\"swiper-slide\">\n\t\t\t\t\t\t\t\t<img class=\"swiper-lazy\" data-src=\"https:\/\/nuevo-renacer.com\/wp-content\/uploads\/2024\/05\/1-1.jpg\" alt=\"\"\/>\n\t\t\t\t\t\t\t\t<div class=\"swiper-lazy-preloader swiper-lazy-preloader-white\"><\/div>\n\t\t\t\t\t\t\t\t\t\t\t\t\t\t\t<\/div>\n\t\t\t\t\t\t\t\t\t\t\t\t\t\n\t\t\t\t\t\t\t<div class=\"swiper-slide\">\n\t\t\t\t\t\t\t\t<img class=\"swiper-lazy\" data-src=\"https:\/\/nuevo-renacer.com\/wp-content\/uploads\/2024\/05\/2-1.jpg\" alt=\"\"\/>\n\t\t\t\t\t\t\t\t<div class=\"swiper-lazy-preloader swiper-lazy-preloader-white\"><\/div>\n\t\t\t\t\t\t\t\t\t\t\t\t\t\t\t<\/div>\n\t\t\t\t\t\t\t\t\t\t\t\t\t\n\t\t\t\t\t\t\t<div class=\"swiper-slide\">\n\t\t\t\t\t\t\t\t<img class=\"swiper-lazy\" data-src=\"https:\/\/nuevo-renacer.com\/wp-content\/uploads\/2024\/05\/3-1.jpg\" alt=\"\"\/>\n\t\t\t\t\t\t\t\t<div class=\"swiper-lazy-preloader swiper-lazy-preloader-white\"><\/div>\n\t\t\t\t\t\t\t\t\t\t\t\t\t\t\t<\/div>\n\t\t\t\t\t\t\t\t\t\t\t<\/div>\n\t\t\t\t\t<div class=\"swiper-button-next\"><\/div>\n\t\t\t\t\t<div class=\"swiper-button-prev\"><\/div>\n\t\t\t\t<\/div>\t\t\t\n\t\t\t\t\t\t\t\t\t\t\t\t\t\t\t\t\t\t\t\t\t\t\t\t\t\t\t\t\t\t\t\t<button class='spectra-image-gallery__control-lightbox--close' aria-label=\"Close\">\n\t\t\t\t\t\t\t\t\t\t\t\t\t<svg xmlns=\"https:\/\/www.w3.org\/2000\/svg\" viewbox= \"0 0 320 512\"><path d=\"M310.6 361.4c12.5 12.5 12.5 32.75 0 45.25C304.4 412.9 296.2 416 288 416s-16.38-3.125-22.62-9.375L160 301.3L54.63 406.6C48.38 412.9 40.19 416 32 416S15.63 412.9 9.375 406.6c-12.5-12.5-12.5-32.75 0-45.25l105.4-105.4L9.375 150.6c-12.5-12.5-12.5-32.75 0-45.25s32.75-12.5 45.25 0L160 210.8l105.4-105.4c12.5-12.5 32.75-12.5 45.25 0s12.5 32.75 0 45.25l-105.4 105.4L310.6 361.4z\"><\/path><\/svg>\n\t\t\t\t\t\t\t\t\t\t\t\t<\/button>\n\t\t\t\t\t\t\t\t\t\t\t\t\t<\/div>\n\t\t\t\t\t\t\t\t\t<\/div><\/div>","protected":false},"excerpt":{"rendered":"<p>Maryam de las Mercedes Mendez Alvarez Pa\u00eds natal: CubaFecha de nacimiento: 4.07.2002Mediumnidad: Pintores y dibujantesEspiritista: Desde los 15 a\u00f1os de edad Descubr\u00ed mis visiones a temprana edad (10 a\u00f1os) del tipo de levitaci\u00f3n, viaje astral y telepat\u00eda. Puedo ver las cosas dentro de un campo astral, es decir mis seres llevan mi alma a cualquier [&hellip;]<\/p>","protected":false},"author":1,"featured_media":2405,"parent":0,"menu_order":0,"comment_status":"closed","ping_status":"closed","template":"","meta":{"_uag_custom_page_level_css":"","site-sidebar-layout":"default","site-content-layout":"","ast-site-content-layout":"default","site-content-style":"default","site-sidebar-style":"default","ast-global-header-display":"","ast-banner-title-visibility":"","ast-main-header-display":"","ast-hfb-above-header-display":"","ast-hfb-below-header-display":"","ast-hfb-mobile-header-display":"","site-post-title":"disabled","ast-breadcrumbs-content":"","ast-featured-img":"","footer-sml-layout":"","theme-transparent-header-meta":"","adv-header-id-meta":"","stick-header-meta":"","header-above-stick-meta":"","header-main-stick-meta":"","header-below-stick-meta":"","astra-migrate-meta-layouts":"set","ast-page-background-enabled":"default","ast-page-background-meta":{"desktop":{"background-color":"var(--ast-global-color-4)","background-image":"","background-repeat":"repeat","background-position":"center center","background-size":"auto","background-attachment":"scroll","background-type":"","background-media":"","overlay-type":"","overlay-color":"","overlay-opacity":"","overlay-gradient":""},"tablet":{"background-color":"","background-image":"","background-repeat":"repeat","background-position":"center center","background-size":"auto","background-attachment":"scroll","background-type":"","background-media":"","overlay-type":"","overlay-color":"","overlay-opacity":"","overlay-gradient":""},"mobile":{"background-color":"","background-image":"","background-repeat":"repeat","background-position":"center center","background-size":"auto","background-attachment":"scroll","background-type":"","background-media":"","overlay-type":"","overlay-color":"","overlay-opacity":"","overlay-gradient":""}},"ast-content-background-meta":{"desktop":{"background-color":"var(--ast-global-color-5)","background-image":"","background-repeat":"repeat","background-position":"center center","background-size":"auto","background-attachment":"scroll","background-type":"","background-media":"","overlay-type":"","overlay-color":"","overlay-opacity":"","overlay-gradient":""},"tablet":{"background-color":"var(--ast-global-color-5)","background-image":"","background-repeat":"repeat","background-position":"center center","background-size":"auto","background-attachment":"scroll","background-type":"","background-media":"","overlay-type":"","overlay-color":"","overlay-opacity":"","overlay-gradient":""},"mobile":{"background-color":"var(--ast-global-color-5)","background-image":"","background-repeat":"repeat","background-position":"center center","background-size":"auto","background-attachment":"scroll","background-type":"","background-media":"","overlay-type":"","overlay-color":"","overlay-opacity":"","overlay-gradient":""}},"footnotes":""},"class_list":["post-3166","page","type-page","status-publish","has-post-thumbnail","hentry"],"yoast_head":"<!-- This site is optimized with the Yoast SEO Premium plugin v24.2 (Yoast SEO v24.6) - https:\/\/yoast.com\/wordpress\/plugins\/seo\/ -->\n<title>Maryam de las Mercedes Mendez Alvarez - Uni\u00f3n Esp\u00edrita<\/title>\n<meta name=\"robots\" content=\"index, follow, max-snippet:-1, max-image-preview:large, max-video-preview:-1\" \/>\n<link rel=\"canonical\" href=\"https:\/\/nuevo-renacer.com\/it\/maryam-de-las-mercedes-mendez-alvarez\/\" \/>\n<meta property=\"og:locale\" content=\"it_IT\" \/>\n<meta property=\"og:type\" content=\"article\" \/>\n<meta property=\"og:title\" content=\"Maryam de las Mercedes Mendez Alvarez\" \/>\n<meta property=\"og:description\" content=\"Maryam de las Mercedes Mendez Alvarez Pa\u00eds natal: CubaFecha de nacimiento: 4.07.2002Mediumnidad: Pintores y dibujantesEspiritista: Desde los 15 a\u00f1os de edad Descubr\u00ed mis visiones a temprana edad (10 a\u00f1os) del tipo de levitaci\u00f3n, viaje astral y telepat\u00eda. Puedo ver las cosas dentro de un campo astral, es decir mis seres llevan mi alma a cualquier [&hellip;]\" \/>\n<meta property=\"og:url\" content=\"https:\/\/nuevo-renacer.com\/it\/maryam-de-las-mercedes-mendez-alvarez\/\" \/>\n<meta property=\"og:site_name\" content=\"Uni\u00f3n Esp\u00edrita\" \/>\n<meta property=\"article:publisher\" content=\"https:\/\/www.facebook.com\/groups\/3431398063740829\" \/>\n<meta property=\"article:modified_time\" content=\"2025-03-14T13:46:53+00:00\" \/>\n<meta property=\"og:image\" content=\"https:\/\/nuevo-renacer.com\/wp-content\/uploads\/2024\/05\/438083843_1141558950427064_6540092409663173254_n.jpg\" \/>\n\t<meta property=\"og:image:width\" content=\"945\" \/>\n\t<meta property=\"og:image:height\" content=\"1663\" \/>\n\t<meta property=\"og:image:type\" content=\"image\/jpeg\" \/>\n<meta name=\"twitter:card\" content=\"summary_large_image\" \/>\n<meta name=\"twitter:label1\" content=\"Tempo di lettura stimato\" \/>\n\t<meta name=\"twitter:data1\" content=\"2 minuti\" \/>\n<script type=\"application\/ld+json\" class=\"yoast-schema-graph\">{\"@context\":\"https:\/\/schema.org\",\"@graph\":[{\"@type\":\"WebPage\",\"@id\":\"https:\/\/nuevo-renacer.com\/maryam-de-las-mercedes-mendez-alvarez\/\",\"url\":\"https:\/\/nuevo-renacer.com\/maryam-de-las-mercedes-mendez-alvarez\/\",\"name\":\"Maryam de las Mercedes Mendez Alvarez - Uni\u00f3n Esp\u00edrita\",\"isPartOf\":{\"@id\":\"https:\/\/nuevo-renacer.com\/#website\"},\"primaryImageOfPage\":{\"@id\":\"https:\/\/nuevo-renacer.com\/maryam-de-las-mercedes-mendez-alvarez\/#primaryimage\"},\"image\":{\"@id\":\"https:\/\/nuevo-renacer.com\/maryam-de-las-mercedes-mendez-alvarez\/#primaryimage\"},\"thumbnailUrl\":\"https:\/\/nuevo-renacer.com\/wp-content\/uploads\/2024\/05\/438083843_1141558950427064_6540092409663173254_n.jpg\",\"datePublished\":\"2024-07-07T08:07:27+00:00\",\"dateModified\":\"2025-03-14T13:46:53+00:00\",\"breadcrumb\":{\"@id\":\"https:\/\/nuevo-renacer.com\/maryam-de-las-mercedes-mendez-alvarez\/#breadcrumb\"},\"inLanguage\":\"it-IT\",\"potentialAction\":[{\"@type\":\"ReadAction\",\"target\":[\"https:\/\/nuevo-renacer.com\/maryam-de-las-mercedes-mendez-alvarez\/\"]}]},{\"@type\":\"ImageObject\",\"inLanguage\":\"it-IT\",\"@id\":\"https:\/\/nuevo-renacer.com\/maryam-de-las-mercedes-mendez-alvarez\/#primaryimage\",\"url\":\"https:\/\/nuevo-renacer.com\/wp-content\/uploads\/2024\/05\/438083843_1141558950427064_6540092409663173254_n.jpg\",\"contentUrl\":\"https:\/\/nuevo-renacer.com\/wp-content\/uploads\/2024\/05\/438083843_1141558950427064_6540092409663173254_n.jpg\",\"width\":945,\"height\":1663},{\"@type\":\"BreadcrumbList\",\"@id\":\"https:\/\/nuevo-renacer.com\/maryam-de-las-mercedes-mendez-alvarez\/#breadcrumb\",\"itemListElement\":[{\"@type\":\"ListItem\",\"position\":1,\"name\":\"Startseite\",\"item\":\"https:\/\/nuevo-renacer.com\/\"},{\"@type\":\"ListItem\",\"position\":2,\"name\":\"Maryam de las Mercedes Mendez Alvarez\"}]},{\"@type\":\"WebSite\",\"@id\":\"https:\/\/nuevo-renacer.com\/#website\",\"url\":\"https:\/\/nuevo-renacer.com\/\",\"name\":\"Uni\u00f3n Esp\u00edrita\",\"description\":\"Nuevo Renacer\",\"publisher\":{\"@id\":\"https:\/\/nuevo-renacer.com\/#organization\"},\"potentialAction\":[{\"@type\":\"SearchAction\",\"target\":{\"@type\":\"EntryPoint\",\"urlTemplate\":\"https:\/\/nuevo-renacer.com\/?s={search_term_string}\"},\"query-input\":{\"@type\":\"PropertyValueSpecification\",\"valueRequired\":true,\"valueName\":\"search_term_string\"}}],\"inLanguage\":\"it-IT\"},{\"@type\":\"Organization\",\"@id\":\"https:\/\/nuevo-renacer.com\/#organization\",\"name\":\"UFEC\",\"url\":\"https:\/\/nuevo-renacer.com\/\",\"logo\":{\"@type\":\"ImageObject\",\"inLanguage\":\"it-IT\",\"@id\":\"https:\/\/nuevo-renacer.com\/#\/schema\/logo\/image\/\",\"url\":\"https:\/\/nuevo-renacer.com\/wp-content\/uploads\/2024\/05\/cropped-LOGO-TERMINADO1-3-3.png\",\"contentUrl\":\"https:\/\/nuevo-renacer.com\/wp-content\/uploads\/2024\/05\/cropped-LOGO-TERMINADO1-3-3.png\",\"width\":512,\"height\":512,\"caption\":\"UFEC\"},\"image\":{\"@id\":\"https:\/\/nuevo-renacer.com\/#\/schema\/logo\/image\/\"},\"sameAs\":[\"https:\/\/www.facebook.com\/groups\/3431398063740829\"]}]}<\/script>\n<!-- \/ Yoast SEO Premium plugin. -->","yoast_head_json":{"title":"Maryam de las Mercedes Mendez Alvarez - Uni\u00f3n Esp\u00edrita","robots":{"index":"index","follow":"follow","max-snippet":"max-snippet:-1","max-image-preview":"max-image-preview:large","max-video-preview":"max-video-preview:-1"},"canonical":"https:\/\/nuevo-renacer.com\/it\/maryam-de-las-mercedes-mendez-alvarez\/","og_locale":"it_IT","og_type":"article","og_title":"Maryam de las Mercedes Mendez Alvarez","og_description":"Maryam de las Mercedes Mendez Alvarez Pa\u00eds natal: CubaFecha de nacimiento: 4.07.2002Mediumnidad: Pintores y dibujantesEspiritista: Desde los 15 a\u00f1os de edad Descubr\u00ed mis visiones a temprana edad (10 a\u00f1os) del tipo de levitaci\u00f3n, viaje astral y telepat\u00eda. Puedo ver las cosas dentro de un campo astral, es decir mis seres llevan mi alma a cualquier [&hellip;]","og_url":"https:\/\/nuevo-renacer.com\/it\/maryam-de-las-mercedes-mendez-alvarez\/","og_site_name":"Uni\u00f3n Esp\u00edrita","article_publisher":"https:\/\/www.facebook.com\/groups\/3431398063740829","article_modified_time":"2025-03-14T13:46:53+00:00","og_image":[{"width":945,"height":1663,"url":"https:\/\/nuevo-renacer.com\/wp-content\/uploads\/2024\/05\/438083843_1141558950427064_6540092409663173254_n.jpg","type":"image\/jpeg"}],"twitter_card":"summary_large_image","twitter_misc":{"Tempo di lettura stimato":"2 minuti"},"schema":{"@context":"https:\/\/schema.org","@graph":[{"@type":"WebPage","@id":"https:\/\/nuevo-renacer.com\/maryam-de-las-mercedes-mendez-alvarez\/","url":"https:\/\/nuevo-renacer.com\/maryam-de-las-mercedes-mendez-alvarez\/","name":"Maryam de las Mercedes Mendez Alvarez - Uni\u00f3n Esp\u00edrita","isPartOf":{"@id":"https:\/\/nuevo-renacer.com\/#website"},"primaryImageOfPage":{"@id":"https:\/\/nuevo-renacer.com\/maryam-de-las-mercedes-mendez-alvarez\/#primaryimage"},"image":{"@id":"https:\/\/nuevo-renacer.com\/maryam-de-las-mercedes-mendez-alvarez\/#primaryimage"},"thumbnailUrl":"https:\/\/nuevo-renacer.com\/wp-content\/uploads\/2024\/05\/438083843_1141558950427064_6540092409663173254_n.jpg","datePublished":"2024-07-07T08:07:27+00:00","dateModified":"2025-03-14T13:46:53+00:00","breadcrumb":{"@id":"https:\/\/nuevo-renacer.com\/maryam-de-las-mercedes-mendez-alvarez\/#breadcrumb"},"inLanguage":"it-IT","potentialAction":[{"@type":"ReadAction","target":["https:\/\/nuevo-renacer.com\/maryam-de-las-mercedes-mendez-alvarez\/"]}]},{"@type":"ImageObject","inLanguage":"it-IT","@id":"https:\/\/nuevo-renacer.com\/maryam-de-las-mercedes-mendez-alvarez\/#primaryimage","url":"https:\/\/nuevo-renacer.com\/wp-content\/uploads\/2024\/05\/438083843_1141558950427064_6540092409663173254_n.jpg","contentUrl":"https:\/\/nuevo-renacer.com\/wp-content\/uploads\/2024\/05\/438083843_1141558950427064_6540092409663173254_n.jpg","width":945,"height":1663},{"@type":"BreadcrumbList","@id":"https:\/\/nuevo-renacer.com\/maryam-de-las-mercedes-mendez-alvarez\/#breadcrumb","itemListElement":[{"@type":"ListItem","position":1,"name":"Startseite","item":"https:\/\/nuevo-renacer.com\/"},{"@type":"ListItem","position":2,"name":"Maryam de las Mercedes Mendez Alvarez"}]},{"@type":"WebSite","@id":"https:\/\/nuevo-renacer.com\/#website","url":"https:\/\/nuevo-renacer.com\/","name":"Uni\u00f3n Esp\u00edrita","description":"Nuevo Renacer","publisher":{"@id":"https:\/\/nuevo-renacer.com\/#organization"},"potentialAction":[{"@type":"SearchAction","target":{"@type":"EntryPoint","urlTemplate":"https:\/\/nuevo-renacer.com\/?s={search_term_string}"},"query-input":{"@type":"PropertyValueSpecification","valueRequired":true,"valueName":"search_term_string"}}],"inLanguage":"it-IT"},{"@type":"Organization","@id":"https:\/\/nuevo-renacer.com\/#organization","name":"UFEC","url":"https:\/\/nuevo-renacer.com\/","logo":{"@type":"ImageObject","inLanguage":"it-IT","@id":"https:\/\/nuevo-renacer.com\/#\/schema\/logo\/image\/","url":"https:\/\/nuevo-renacer.com\/wp-content\/uploads\/2024\/05\/cropped-LOGO-TERMINADO1-3-3.png","contentUrl":"https:\/\/nuevo-renacer.com\/wp-content\/uploads\/2024\/05\/cropped-LOGO-TERMINADO1-3-3.png","width":512,"height":512,"caption":"UFEC"},"image":{"@id":"https:\/\/nuevo-renacer.com\/#\/schema\/logo\/image\/"},"sameAs":["https:\/\/www.facebook.com\/groups\/3431398063740829"]}]}},"uagb_featured_image_src":{"full":["https:\/\/nuevo-renacer.com\/wp-content\/uploads\/2024\/05\/438083843_1141558950427064_6540092409663173254_n.jpg",945,1663,false],"thumbnail":["https:\/\/nuevo-renacer.com\/wp-content\/uploads\/2024\/05\/438083843_1141558950427064_6540092409663173254_n-150x150.jpg",150,150,true],"medium":["https:\/\/nuevo-renacer.com\/wp-content\/uploads\/2024\/05\/438083843_1141558950427064_6540092409663173254_n-170x300.jpg",170,300,true],"medium_large":["https:\/\/nuevo-renacer.com\/wp-content\/uploads\/2024\/05\/438083843_1141558950427064_6540092409663173254_n-768x1352.jpg",768,1352,true],"large":["https:\/\/nuevo-renacer.com\/wp-content\/uploads\/2024\/05\/438083843_1141558950427064_6540092409663173254_n-582x1024.jpg",582,1024,true],"1536x1536":["https:\/\/nuevo-renacer.com\/wp-content\/uploads\/2024\/05\/438083843_1141558950427064_6540092409663173254_n-873x1536.jpg",873,1536,true],"2048x2048":["https:\/\/nuevo-renacer.com\/wp-content\/uploads\/2024\/05\/438083843_1141558950427064_6540092409663173254_n.jpg",945,1663,false],"trp-custom-language-flag":["https:\/\/nuevo-renacer.com\/wp-content\/uploads\/2024\/05\/438083843_1141558950427064_6540092409663173254_n-7x12.jpg",7,12,true]},"uagb_author_info":{"display_name":"adbv0","author_link":"https:\/\/nuevo-renacer.com\/it\/author\/adbv0\/"},"uagb_comment_info":0,"uagb_excerpt":"Maryam de las Mercedes Mendez Alvarez Pa\u00eds natal: CubaFecha de nacimiento: 4.07.2002Mediumnidad: Pintores y dibujantesEspiritista: Desde los 15 a\u00f1os de edad Descubr\u00ed mis visiones a temprana edad (10 a\u00f1os) del tipo de levitaci\u00f3n, viaje astral y telepat\u00eda. Puedo ver las cosas dentro de un campo astral, es decir mis seres llevan mi alma a cualquier&hellip;","jetpack_sharing_enabled":true,"_links":{"self":[{"href":"https:\/\/nuevo-renacer.com\/it\/wp-json\/wp\/v2\/pages\/3166","targetHints":{"allow":["GET"]}}],"collection":[{"href":"https:\/\/nuevo-renacer.com\/it\/wp-json\/wp\/v2\/pages"}],"about":[{"href":"https:\/\/nuevo-renacer.com\/it\/wp-json\/wp\/v2\/types\/page"}],"author":[{"embeddable":true,"href":"https:\/\/nuevo-renacer.com\/it\/wp-json\/wp\/v2\/users\/1"}],"replies":[{"embeddable":true,"href":"https:\/\/nuevo-renacer.com\/it\/wp-json\/wp\/v2\/comments?post=3166"}],"version-history":[{"count":12,"href":"https:\/\/nuevo-renacer.com\/it\/wp-json\/wp\/v2\/pages\/3166\/revisions"}],"predecessor-version":[{"id":7008,"href":"https:\/\/nuevo-renacer.com\/it\/wp-json\/wp\/v2\/pages\/3166\/revisions\/7008"}],"wp:featuredmedia":[{"embeddable":true,"href":"https:\/\/nuevo-renacer.com\/it\/wp-json\/wp\/v2\/media\/2405"}],"wp:attachment":[{"href":"https:\/\/nuevo-renacer.com\/it\/wp-json\/wp\/v2\/media?parent=3166"}],"curies":[{"name":"wp","href":"https:\/\/api.w.org\/{rel}","templated":true}]}}