{"id":3130,"date":"2024-07-06T12:55:46","date_gmt":"2024-07-06T12:55:46","guid":{"rendered":"https:\/\/ufec-mundial.com\/?page_id=3130"},"modified":"2026-04-20T19:15:18","modified_gmt":"2026-04-20T19:15:18","slug":"victor-hugo","status":"publish","type":"page","link":"https:\/\/nuevo-renacer.com\/it\/victor-hugo\/","title":{"rendered":"V\u00edctor Hugo"},"content":{"rendered":"<div class=\"wp-block-uagb-container uagb-block-0a16b732 alignfull uagb-is-root-container\"><div class=\"uagb-container-inner-blocks-wrap\">\n<p class=\"has-black-color has-text-color has-link-color has-medium-font-size wp-elements-fb2d57bd8788c02cc94f3a2e28ceeef4\"><strong>V\u00edctor Hugo<\/strong>&nbsp;<\/p>\n<\/div><\/div>\n\n\n\n<div class=\"wp-block-uagb-container uagb-block-1f015221 alignfull uagb-is-root-container\"><div class=\"uagb-container-inner-blocks-wrap\">\n<div class=\"wp-block-uagb-image alignleft uagb-block-8863a287 wp-block-uagb-image--layout-default wp-block-uagb-image--effect-static wp-block-uagb-image--align-left\"><figure class=\"wp-block-uagb-image__figure\"><img loading=\"lazy\" decoding=\"async\" srcset=\"https:\/\/nuevo-renacer.com\/wp-content\/uploads\/2026\/04\/Victor-Hugo.jpg ,https:\/\/nuevo-renacer.com\/wp-content\/uploads\/2026\/04\/Victor-Hugo.jpg 780w, https:\/\/nuevo-renacer.com\/wp-content\/uploads\/2026\/04\/Victor-Hugo.jpg 360w\" sizes=\"auto, (max-width: 480px) 150px\" src=\"https:\/\/nuevo-renacer.com\/wp-content\/uploads\/2026\/04\/Victor-Hugo.jpg\" alt=\"\" class=\"uag-image-8901\" width=\"198\" height=\"262\" title=\"Victor Hugo\" role=\"img\"\/><\/figure><\/div>\n<\/div><\/div>\n\n\n\n<div class=\"wp-block-uagb-container uagb-block-9f2d6657 alignfull uagb-is-root-container\"><div class=\"uagb-container-inner-blocks-wrap\">\n<p class=\"has-black-color has-text-color has-link-color has-small-font-size wp-elements-d96136d9f0c9a8a953db7ae29c07949f\">Victor-Marie Hugo naci\u00f3 en Besan\u00e7on, Francia, el 26 de febrero de 1802. Hijo del conde Joseph L\u00e9opold-Sigisbert Hugo, general de Napole\u00f3n, y Sophie Tr\u00e9bucher, pas\u00f3 casi toda su infancia fuera de Francia, en viajes constantes, que formaban parte de la vida de su padre.&nbsp;Adem\u00e1s de gran novelista, poeta, dramaturgo y dibujante; fue un hombre profundamente interesado en el Espiritismo. A ra\u00edz de la p\u00e9rdida de su hija, emprendi\u00f3 la tarea de comunicarse con ella M\u00e1s All\u00e1 de la muerte.&nbsp;<\/p>\n\n\n\n<div class=\"wp-block-group is-layout-constrained wp-block-group-is-layout-constrained\">\n<p class=\"has-black-color has-text-color has-link-color has-small-font-size wp-elements-84c11809b792f3c780e23b3cacbe338d\">En noviembre de 1853, V\u00edctor Hugo escribi\u00f3 en su diario: <\/p>\n\n\n\n<p class=\"has-black-color has-text-color has-link-color has-small-font-size wp-elements-b412fcc5fc59c6fadaa6c5973bc8cf87\"><em>\u00abEl cielo, por medio de estas sesiones espiritistas, me ha regresado al ser que m\u00e1s he amado en la vida: mi hija L\u00e9opoldine\u201d<\/em>.&nbsp;<\/p>\n<\/div>\n\n\n\n<p class=\"has-black-color has-text-color has-link-color has-small-font-size wp-elements-99d9a7fa186c429137cbce468e678bd9\">En 1843, la hija mayor de V\u00edctor Hugo se cas\u00f3 con Charles Vacquerie, un joven adinerado, bien parecido y con ciertas inquietudes literarias que compart\u00eda, euf\u00f3rico, con su suegro. Un templado y azul 4 septiembre de 1843, apenas diez meses despu\u00e9s de la boda &#8211; ella ya embarazada &#8211; L\u00e9opoldine y Charles abordaron una barca en Villequier, en el Sena. Unas horas despu\u00e9s, la barca zozobr\u00f3 en los meandros del r\u00edo. L\u00e9opoldine se hundi\u00f3 y Charles la busc\u00f3 sin resultado. \u00c9l pudo salvarse, pero seguramente sumido en la desesperaci\u00f3n, se dej\u00f3 arrastrar.&nbsp;<\/p>\n\n\n\n<p class=\"has-black-color has-text-color has-link-color has-small-font-size wp-elements-10b95b7f8bf0fe59d7ac2c847776ea6e\">V\u00edctor Hugo estaba en esos momentos de viaje por el norte de Espa\u00f1a, en compa\u00f1\u00eda de su amante, Juliette Drouet. Siguiendo su paseo, el poeta y su amante llegaron a la villa de Soubise y fueron a cenar a un restaurante local. En la mesa de al lado estaba olvidado un peri\u00f3dico parisino, el Charivari. En lo que V\u00edctor Hugo llama \u201cel momento m\u00e1s aterrador de mi vida\u201d, ley\u00f3 el encabezado: \u201cMuere ahogada en el Sena la hija de V\u00edctor Hugo\u201d. Aquella noche, escribi\u00f3 una sola frase en su diario: \u201cDios m\u00edo, \u00bfqu\u00e9 te he hecho?\u201d&nbsp;Despu\u00e9s de sucesivos esfuerzos por adaptarse al r\u00e9gimen tir\u00e1nico de Napole\u00f3n III y bajo una real amenaza de arresto, decidi\u00f3 que \u00e9l y su familia no pod\u00edan permanecer m\u00e1s en Par\u00eds y en 1851 escapan a Bruselas y 2 a\u00f1os despu\u00e9s, se instalaron en la isla de Jersey.&nbsp;<\/p>\n\n\n\n<p class=\"has-black-color has-text-color has-link-color has-small-font-size wp-elements-b0d8380112240791d7311845681297da\">Apenas unos meses despu\u00e9s de instalados, lleg\u00f3 a visitarlos Delphine de Girardin, amiga de la familia desde hac\u00eda a\u00f1os y quien a \u00faltimas fechas se hab\u00eda manifestado como una consumada m\u00e9dium para invocar los esp\u00edritus de los muertos. V\u00edctor Hugo manifest\u00f3 cierto escepticismo en un principio, pero escuch\u00f3 con atenci\u00f3n el procedimiento usado por Delphine.&nbsp;Delphine pidi\u00f3 ver la mesa que ellos consideraban apropiada. Era una peque\u00f1a mesa cuadrada de cuatro patas. Delphine estall\u00f3 en risas: <em>\u201cEn ella ning\u00fan esp\u00edritu podr\u00eda manifestarse por pesado que fuera\u201d<\/em>. Por desgracia, la casa no hab\u00eda sido amueblada por un especialista en lo oculto. As\u00ed que para no arriesgarse a una mala experiencia, Delphine fue a Saint-H\u00e9lier esa misma tarde y recorri\u00f3 incansable las tiendas de muebles hasta encontrar una muy peque\u00f1a mesa redonda de tres patas. Y esa misma noche intentaron la primera sesi\u00f3n, con un resultado nulo.&nbsp;<\/p>\n\n\n\n<p class=\"has-black-color has-text-color has-link-color has-small-font-size wp-elements-3523aca262d562cb97b57d5463faf251\">Al d\u00eda siguiente sucedi\u00f3 lo mismo. Durante cuatro d\u00edas, el grupo &#8211; al que se hab\u00edan agregado los hijos de Hugo &#8211; insisti\u00f3 durante horas y horas sin recibir la m\u00e1s m\u00ednima respuesta del \u201cotro\u201d mundo. V\u00edctor Hugo termin\u00f3 por aburrirse y se paraba de la mesa continuamente.&nbsp;Por fin, el domingo 11 de septiembre de 1853 (diez a\u00f1os despu\u00e9s de la muerte de L\u00e9opoldine), la mesita empez\u00f3 a emitir palabras a trav\u00e9s de los golpeteos en el piso. Estaban presentes, adem\u00e1s de Delphine, V\u00edctor Hugo, su esposa, sus hijos y, el general Auguste Vacquerie, t\u00edo del esposo de L\u00e9opoldine.&nbsp;<\/p>\n\n\n\n<div class=\"wp-block-group is-layout-constrained wp-block-group-is-layout-constrained\">\n<p class=\"has-black-color has-text-color has-link-color has-small-font-size wp-elements-d03a884a6c5ce67fc079136153f53408\">En una ocasi\u00f3n su hija Ad\u00e8le le pregunt\u00f3 a V\u00edctor Hugo: &nbsp;<\/p>\n\n\n\n<p class=\"has-black-color has-text-color has-link-color has-small-font-size wp-elements-37770837785f656753eee750fefd3d80\">\u201c\u00bfQu\u00e9 hay en esa mesa para que pueda hacer lo que hace?\u201d, y \u00e9l respondi\u00f3: \u201cAh\u00ed hay vida\u201d.&nbsp;<\/p>\n<\/div>\n\n\n\n<p class=\"has-black-color has-text-color has-link-color has-small-font-size wp-elements-c35d4ad2460f7d86c94344015c2ae4ec\">En un primer momento, los mensajes fueron breves, dispersos, fragmentarios, casi incoherentes. De pronto Auguste Vacquerie le pregunt\u00f3 a la mesa: &nbsp;Adivina qu\u00e9 palabra estoy pensando. La mesa golpe\u00f3: \u201csufrimientos\u201d. \u00c9sa no era la palabra, dijo Vacquerie. \u00c9l hab\u00eda pensado en \u201camor\u201d. Pero durante los siguientes minutos los movimientos de la mesa se hicieron m\u00e1s bruscos. &nbsp;<\/p>\n\n\n\n<div class=\"wp-block-group is-layout-constrained wp-block-group-is-layout-constrained\">\n<div class=\"wp-block-group is-layout-constrained wp-block-group-is-layout-constrained\">\n<p class=\"has-black-color has-text-color has-link-color has-small-font-size wp-elements-528dbce06b0f2de59f9c179fd10fa790\"><strong>\u00bfA\u00fan eres el mismo esp\u00edritu que estaba all\u00ed? (pregunt\u00f3 Delphine). &nbsp;<\/strong><\/p>\n\n\n\n<p class=\"has-black-color has-text-color has-link-color has-small-font-size wp-elements-8a1d3f8d0cc43dd09763069275454c3b\"><em>No (respondi\u00f3 el Esp\u00edritu) &nbsp;<\/em><\/p>\n\n\n\n<p class=\"has-black-color has-text-color has-link-color has-small-font-size wp-elements-65332527843854314121c110c424ca48\"><strong>\u00bfQui\u00e9n eres t\u00fa? (pregunt\u00f3 V\u00edctor Hugo). &nbsp;<\/strong><\/p>\n\n\n\n<p class=\"has-black-color has-text-color has-link-color has-small-font-size wp-elements-a5381cd4530a7ad0a0b1241fa2febca2\">La respuesta lleg\u00f3 enseguida: &nbsp;<\/p>\n\n\n\n<p class=\"has-black-color has-text-color has-link-color has-small-font-size wp-elements-45a0621a477d2161c1c27c54512a3388\"><em>Ni\u00f1a Muerta. &nbsp;<\/em><\/p>\n\n\n\n<p class=\"has-black-color has-text-color has-link-color has-small-font-size wp-elements-ca31ab2392584732364731979bc7614d\">Y V\u00edctor Hugo volvi\u00f3 a preguntar: &nbsp;<\/p>\n\n\n\n<p class=\"has-black-color has-text-color has-link-color has-small-font-size wp-elements-c09cb7b6b85e1b2e8172250f6a1eb903\"><strong>\u00bfTu nombre?. &nbsp;<\/strong><\/p>\n\n\n\n<p class=\"has-black-color has-text-color has-link-color has-small-font-size wp-elements-d6404f03f1584e11cadd2737e06b0175\">La mesa golpe\u00f3: &nbsp;<\/p>\n\n\n\n<p class=\"has-black-color has-text-color has-link-color has-small-font-size wp-elements-97db53d354ecba57988aa66db0fb9e2c\"><em>L.\u00c9.O.P.O.L.D.I.N.E. &nbsp;<\/em><\/p>\n<\/div>\n<\/div>\n\n\n\n<p class=\"has-black-color has-text-color has-link-color has-small-font-size wp-elements-bf1e7cbe02ff119e6c41b30e39ce6df9\">Luego continuaron m\u00e1s preguntas de V\u00edctor Hugo y las respuestas de su hija en esp\u00edritu.&nbsp;<\/p>\n\n\n\n<p class=\"has-black-color has-text-color has-link-color has-small-font-size wp-elements-69fc21152671432327f4e71a11ed63e1\">Despu\u00e9s de aquella primera sesi\u00f3n con el esp\u00edritu de L\u00e9opoldine &#8211; quien regres\u00f3 con mensajes muy parecidos -, V\u00edctor Hugo tuvo ocasi\u00f3n de conversar con Shakespeare, Moli\u00e8re, Mozart, Dante, Esquilo, Plat\u00f3n, Galileo, Napole\u00f3n (el grande), Josu\u00e9, Lutero, y otras personalidades. Algunas de esas conversaciones son admirables y otras caen en lo tedioso. Pero esto parec\u00eda asumirlo V\u00edctor Hugo como parte del fen\u00f3meno sobrenatural y no pareci\u00f3 minar su entusiasmo. Por eso, por ejemplo, cuando a Lutero le plante\u00f3 sus dudas sobre la veracidad y conveniencia de las sesiones y de los personajes que en ellas aparec\u00edan, \u00e9ste le contest\u00f3: &#8211; \u201cNo temas dudar. Duda a\u00fan m\u00e1s de todo. Evita las certezas. Shakespeare dud\u00f3 y cre\u00f3 a Hamlet. Cervantes dud\u00f3 y cre\u00f3 el Quijote. Dante dud\u00f3 y cre\u00f3 el Infierno. Esquilo dud\u00f3 y cre\u00f3 a Prometeo. Yo dud\u00e9 y cre\u00e9 una religi\u00f3n\u201d.&nbsp;<\/p>\n\n\n\n<p class=\"has-black-color has-text-color has-link-color has-small-font-size wp-elements-2e67a4b4ecc1af41ebd7b4c441be81d3\">Pasaba horas y horas &#8211; en ocasiones noches enteras, hasta que era \u201cla luz del d\u00eda la que lo alumbraba\u201d &#8211; transcribiendo, dentro de una gran euforia, los di\u00e1logos de las sesiones.&nbsp;<\/p>\n\n\n\n<div class=\"wp-block-group is-layout-constrained wp-block-group-is-layout-constrained\">\n<p class=\"has-black-color has-text-color has-link-color has-small-font-size wp-elements-16f05c3e268264fac1b707095be3c194\">V\u00edctor Hugo escrib\u00eda: <\/p>\n\n\n\n<p class=\"has-black-color has-text-color has-link-color has-small-font-size wp-elements-1d7d6e0c03d7bd41c6eee2d5eacc848b\"><em>\u201cEn las noches mi estudio se llena de ruidos extra\u00f1os. Hay golpes en la pared. Los papeles vuelan en forma inexplicable. Las l\u00e1mparas se apagan solas\u201d<\/em>. Tambi\u00e9n anot\u00f3 que cuando se despertaba por la noche, tem\u00eda encontrarse con los seres que se manifestaban en las sesiones.&nbsp;<\/p>\n<\/div>\n\n\n\n<p class=\"has-black-color has-text-color has-link-color has-small-font-size wp-elements-2833c57fcd25833f8dda8f4d4cd42769\">Como era de esperarse, el doctor de la familia les aconsej\u00f3 que abandonaran las pr\u00e1cticas espiritistas. Madame Hugo decret\u00f3 un buen d\u00eda suspenderlas.&nbsp;<\/p>\n\n\n\n<div class=\"wp-block-group is-layout-constrained wp-block-group-is-layout-constrained\">\n<p class=\"has-black-color has-text-color has-link-color has-small-font-size wp-elements-fb1f1f36a80712e2346fbda29d56dea8\">En una nota en su diario, V\u00edctor Hugo escribi\u00f3:&nbsp;<\/p>\n\n\n\n<p class=\"has-black-color has-text-color has-link-color has-small-font-size wp-elements-9b55cd1bae89929dbbb8825ef983a9d6\">&nbsp;<em>\u201cHoy tan s\u00f3lo puedo dar fe de la existencia de un fen\u00f3meno que se manifiesta a trav\u00e9s de los giros y golpeteos de una mesita de pedestal: la existencia de muchos otros mundos &#8211; quiz\u00e1 m\u00e1s cercanos al nuestro de lo que suponemos &#8211; y de la eternidad de las almas. No es necesario decir que nunca mezcl\u00e9 en mi trabajo ni una sola l\u00ednea emanada de ese Misterio. Siempre he dejado tal material, escrupulosamente, a lo Desconocido, de donde lleg\u00f3. Ni siquiera admit\u00ed un leve reflejo de sus luces en mi escritura. El trabajo de la raz\u00f3n humana debe permanecer aparte de estos fen\u00f3menos inescrutables y nunca intentar apropiarse de ellos. No podr\u00eda hacerlo. Las manifestaciones de lo invisible son un hecho, lo he comprobado. Las creaciones del pensamiento humano son otras, muy distintas\u2026\u201d<\/em>&nbsp;<\/p>\n<\/div>\n<\/div><\/div>\n\n\n\n<div class=\"wp-block-uagb-container uagb-block-9e7f7a39 alignfull uagb-is-root-container\"><div class=\"uagb-container-inner-blocks-wrap\"><\/div><\/div>\n\n\n\n<div class=\"wp-block-uagb-container uagb-block-2d060bdb alignfull uagb-is-root-container\"><div class=\"uagb-container-inner-blocks-wrap\"><\/div><\/div>","protected":false},"excerpt":{"rendered":"<p>V\u00edctor Hugo&nbsp; Victor-Marie Hugo naci\u00f3 en Besan\u00e7on, Francia, el 26 de febrero de 1802. Hijo del conde Joseph L\u00e9opold-Sigisbert Hugo, general de Napole\u00f3n, y Sophie Tr\u00e9bucher, pas\u00f3 casi toda su infancia fuera de Francia, en viajes constantes, que formaban parte de la vida de su padre.&nbsp;Adem\u00e1s de gran novelista, poeta, dramaturgo y dibujante; fue un [&hellip;]<\/p>","protected":false},"author":1,"featured_media":0,"parent":0,"menu_order":0,"comment_status":"closed","ping_status":"closed","template":"","meta":{"_uag_custom_page_level_css":"","site-sidebar-layout":"default","site-content-layout":"","ast-site-content-layout":"default","site-content-style":"default","site-sidebar-style":"default","ast-global-header-display":"","ast-banner-title-visibility":"","ast-main-header-display":"","ast-hfb-above-header-display":"","ast-hfb-below-header-display":"","ast-hfb-mobile-header-display":"","site-post-title":"disabled","ast-breadcrumbs-content":"","ast-featured-img":"","footer-sml-layout":"","theme-transparent-header-meta":"","adv-header-id-meta":"","stick-header-meta":"","header-above-stick-meta":"","header-main-stick-meta":"","header-below-stick-meta":"","astra-migrate-meta-layouts":"set","ast-page-background-enabled":"default","ast-page-background-meta":{"desktop":{"background-color":"var(--ast-global-color-4)","background-image":"","background-repeat":"repeat","background-position":"center center","background-size":"auto","background-attachment":"scroll","background-type":"","background-media":"","overlay-type":"","overlay-color":"","overlay-opacity":"","overlay-gradient":""},"tablet":{"background-color":"","background-image":"","background-repeat":"repeat","background-position":"center center","background-size":"auto","background-attachment":"scroll","background-type":"","background-media":"","overlay-type":"","overlay-color":"","overlay-opacity":"","overlay-gradient":""},"mobile":{"background-color":"","background-image":"","background-repeat":"repeat","background-position":"center center","background-size":"auto","background-attachment":"scroll","background-type":"","background-media":"","overlay-type":"","overlay-color":"","overlay-opacity":"","overlay-gradient":""}},"ast-content-background-meta":{"desktop":{"background-color":"var(--ast-global-color-5)","background-image":"","background-repeat":"repeat","background-position":"center center","background-size":"auto","background-attachment":"scroll","background-type":"","background-media":"","overlay-type":"","overlay-color":"","overlay-opacity":"","overlay-gradient":""},"tablet":{"background-color":"var(--ast-global-color-5)","background-image":"","background-repeat":"repeat","background-position":"center center","background-size":"auto","background-attachment":"scroll","background-type":"","background-media":"","overlay-type":"","overlay-color":"","overlay-opacity":"","overlay-gradient":""},"mobile":{"background-color":"var(--ast-global-color-5)","background-image":"","background-repeat":"repeat","background-position":"center center","background-size":"auto","background-attachment":"scroll","background-type":"","background-media":"","overlay-type":"","overlay-color":"","overlay-opacity":"","overlay-gradient":""}},"footnotes":""},"class_list":["post-3130","page","type-page","status-publish","hentry"],"yoast_head":"<!-- This site is optimized with the Yoast SEO Premium plugin v24.2 (Yoast SEO v24.6) - https:\/\/yoast.com\/wordpress\/plugins\/seo\/ -->\n<title>V\u00edctor Hugo - Uni\u00f3n Esp\u00edrita<\/title>\n<meta name=\"robots\" content=\"index, follow, max-snippet:-1, max-image-preview:large, max-video-preview:-1\" \/>\n<link rel=\"canonical\" href=\"https:\/\/nuevo-renacer.com\/it\/victor-hugo\/\" \/>\n<meta property=\"og:locale\" content=\"it_IT\" \/>\n<meta property=\"og:type\" content=\"article\" \/>\n<meta property=\"og:title\" content=\"V\u00edctor Hugo\" \/>\n<meta property=\"og:description\" content=\"V\u00edctor Hugo&nbsp; Victor-Marie Hugo naci\u00f3 en Besan\u00e7on, Francia, el 26 de febrero de 1802. Hijo del conde Joseph L\u00e9opold-Sigisbert Hugo, general de Napole\u00f3n, y Sophie Tr\u00e9bucher, pas\u00f3 casi toda su infancia fuera de Francia, en viajes constantes, que formaban parte de la vida de su padre.&nbsp;Adem\u00e1s de gran novelista, poeta, dramaturgo y dibujante; fue un [&hellip;]\" \/>\n<meta property=\"og:url\" content=\"https:\/\/nuevo-renacer.com\/it\/victor-hugo\/\" \/>\n<meta property=\"og:site_name\" content=\"Uni\u00f3n Esp\u00edrita\" \/>\n<meta property=\"article:publisher\" content=\"https:\/\/www.facebook.com\/groups\/3431398063740829\" \/>\n<meta property=\"article:modified_time\" content=\"2026-04-20T19:15:18+00:00\" \/>\n<meta property=\"og:image\" content=\"https:\/\/nuevo-renacer.com\/wp-content\/uploads\/2026\/04\/Victor-Hugo.jpg\" \/>\n<meta name=\"twitter:card\" content=\"summary_large_image\" \/>\n<meta name=\"twitter:label1\" content=\"Tempo di lettura stimato\" \/>\n\t<meta name=\"twitter:data1\" content=\"7 minuti\" \/>\n<script type=\"application\/ld+json\" class=\"yoast-schema-graph\">{\"@context\":\"https:\/\/schema.org\",\"@graph\":[{\"@type\":\"WebPage\",\"@id\":\"https:\/\/nuevo-renacer.com\/victor-hugo\/\",\"url\":\"https:\/\/nuevo-renacer.com\/victor-hugo\/\",\"name\":\"V\u00edctor Hugo - Uni\u00f3n Esp\u00edrita\",\"isPartOf\":{\"@id\":\"https:\/\/nuevo-renacer.com\/#website\"},\"primaryImageOfPage\":{\"@id\":\"https:\/\/nuevo-renacer.com\/victor-hugo\/#primaryimage\"},\"image\":{\"@id\":\"https:\/\/nuevo-renacer.com\/victor-hugo\/#primaryimage\"},\"thumbnailUrl\":\"https:\/\/nuevo-renacer.com\/wp-content\/uploads\/2026\/04\/Victor-Hugo.jpg\",\"datePublished\":\"2024-07-06T12:55:46+00:00\",\"dateModified\":\"2026-04-20T19:15:18+00:00\",\"breadcrumb\":{\"@id\":\"https:\/\/nuevo-renacer.com\/victor-hugo\/#breadcrumb\"},\"inLanguage\":\"it-IT\",\"potentialAction\":[{\"@type\":\"ReadAction\",\"target\":[\"https:\/\/nuevo-renacer.com\/victor-hugo\/\"]}]},{\"@type\":\"ImageObject\",\"inLanguage\":\"it-IT\",\"@id\":\"https:\/\/nuevo-renacer.com\/victor-hugo\/#primaryimage\",\"url\":\"https:\/\/nuevo-renacer.com\/wp-content\/uploads\/2026\/04\/Victor-Hugo.jpg\",\"contentUrl\":\"https:\/\/nuevo-renacer.com\/wp-content\/uploads\/2026\/04\/Victor-Hugo.jpg\"},{\"@type\":\"BreadcrumbList\",\"@id\":\"https:\/\/nuevo-renacer.com\/victor-hugo\/#breadcrumb\",\"itemListElement\":[{\"@type\":\"ListItem\",\"position\":1,\"name\":\"Startseite\",\"item\":\"https:\/\/nuevo-renacer.com\/\"},{\"@type\":\"ListItem\",\"position\":2,\"name\":\"V\u00edctor Hugo\"}]},{\"@type\":\"WebSite\",\"@id\":\"https:\/\/nuevo-renacer.com\/#website\",\"url\":\"https:\/\/nuevo-renacer.com\/\",\"name\":\"Uni\u00f3n Esp\u00edrita\",\"description\":\"Nuevo Renacer\",\"publisher\":{\"@id\":\"https:\/\/nuevo-renacer.com\/#organization\"},\"potentialAction\":[{\"@type\":\"SearchAction\",\"target\":{\"@type\":\"EntryPoint\",\"urlTemplate\":\"https:\/\/nuevo-renacer.com\/?s={search_term_string}\"},\"query-input\":{\"@type\":\"PropertyValueSpecification\",\"valueRequired\":true,\"valueName\":\"search_term_string\"}}],\"inLanguage\":\"it-IT\"},{\"@type\":\"Organization\",\"@id\":\"https:\/\/nuevo-renacer.com\/#organization\",\"name\":\"UFEC\",\"url\":\"https:\/\/nuevo-renacer.com\/\",\"logo\":{\"@type\":\"ImageObject\",\"inLanguage\":\"it-IT\",\"@id\":\"https:\/\/nuevo-renacer.com\/#\/schema\/logo\/image\/\",\"url\":\"https:\/\/nuevo-renacer.com\/wp-content\/uploads\/2024\/05\/cropped-LOGO-TERMINADO1-3-3.png\",\"contentUrl\":\"https:\/\/nuevo-renacer.com\/wp-content\/uploads\/2024\/05\/cropped-LOGO-TERMINADO1-3-3.png\",\"width\":512,\"height\":512,\"caption\":\"UFEC\"},\"image\":{\"@id\":\"https:\/\/nuevo-renacer.com\/#\/schema\/logo\/image\/\"},\"sameAs\":[\"https:\/\/www.facebook.com\/groups\/3431398063740829\"]}]}<\/script>\n<!-- \/ Yoast SEO Premium plugin. -->","yoast_head_json":{"title":"V\u00edctor Hugo - Uni\u00f3n Esp\u00edrita","robots":{"index":"index","follow":"follow","max-snippet":"max-snippet:-1","max-image-preview":"max-image-preview:large","max-video-preview":"max-video-preview:-1"},"canonical":"https:\/\/nuevo-renacer.com\/it\/victor-hugo\/","og_locale":"it_IT","og_type":"article","og_title":"V\u00edctor Hugo","og_description":"V\u00edctor Hugo&nbsp; Victor-Marie Hugo naci\u00f3 en Besan\u00e7on, Francia, el 26 de febrero de 1802. Hijo del conde Joseph L\u00e9opold-Sigisbert Hugo, general de Napole\u00f3n, y Sophie Tr\u00e9bucher, pas\u00f3 casi toda su infancia fuera de Francia, en viajes constantes, que formaban parte de la vida de su padre.&nbsp;Adem\u00e1s de gran novelista, poeta, dramaturgo y dibujante; fue un [&hellip;]","og_url":"https:\/\/nuevo-renacer.com\/it\/victor-hugo\/","og_site_name":"Uni\u00f3n Esp\u00edrita","article_publisher":"https:\/\/www.facebook.com\/groups\/3431398063740829","article_modified_time":"2026-04-20T19:15:18+00:00","og_image":[{"url":"https:\/\/nuevo-renacer.com\/wp-content\/uploads\/2026\/04\/Victor-Hugo.jpg","type":"","width":"","height":""}],"twitter_card":"summary_large_image","twitter_misc":{"Tempo di lettura stimato":"7 minuti"},"schema":{"@context":"https:\/\/schema.org","@graph":[{"@type":"WebPage","@id":"https:\/\/nuevo-renacer.com\/victor-hugo\/","url":"https:\/\/nuevo-renacer.com\/victor-hugo\/","name":"V\u00edctor Hugo - Uni\u00f3n Esp\u00edrita","isPartOf":{"@id":"https:\/\/nuevo-renacer.com\/#website"},"primaryImageOfPage":{"@id":"https:\/\/nuevo-renacer.com\/victor-hugo\/#primaryimage"},"image":{"@id":"https:\/\/nuevo-renacer.com\/victor-hugo\/#primaryimage"},"thumbnailUrl":"https:\/\/nuevo-renacer.com\/wp-content\/uploads\/2026\/04\/Victor-Hugo.jpg","datePublished":"2024-07-06T12:55:46+00:00","dateModified":"2026-04-20T19:15:18+00:00","breadcrumb":{"@id":"https:\/\/nuevo-renacer.com\/victor-hugo\/#breadcrumb"},"inLanguage":"it-IT","potentialAction":[{"@type":"ReadAction","target":["https:\/\/nuevo-renacer.com\/victor-hugo\/"]}]},{"@type":"ImageObject","inLanguage":"it-IT","@id":"https:\/\/nuevo-renacer.com\/victor-hugo\/#primaryimage","url":"https:\/\/nuevo-renacer.com\/wp-content\/uploads\/2026\/04\/Victor-Hugo.jpg","contentUrl":"https:\/\/nuevo-renacer.com\/wp-content\/uploads\/2026\/04\/Victor-Hugo.jpg"},{"@type":"BreadcrumbList","@id":"https:\/\/nuevo-renacer.com\/victor-hugo\/#breadcrumb","itemListElement":[{"@type":"ListItem","position":1,"name":"Startseite","item":"https:\/\/nuevo-renacer.com\/"},{"@type":"ListItem","position":2,"name":"V\u00edctor Hugo"}]},{"@type":"WebSite","@id":"https:\/\/nuevo-renacer.com\/#website","url":"https:\/\/nuevo-renacer.com\/","name":"Uni\u00f3n Esp\u00edrita","description":"Nuevo Renacer","publisher":{"@id":"https:\/\/nuevo-renacer.com\/#organization"},"potentialAction":[{"@type":"SearchAction","target":{"@type":"EntryPoint","urlTemplate":"https:\/\/nuevo-renacer.com\/?s={search_term_string}"},"query-input":{"@type":"PropertyValueSpecification","valueRequired":true,"valueName":"search_term_string"}}],"inLanguage":"it-IT"},{"@type":"Organization","@id":"https:\/\/nuevo-renacer.com\/#organization","name":"UFEC","url":"https:\/\/nuevo-renacer.com\/","logo":{"@type":"ImageObject","inLanguage":"it-IT","@id":"https:\/\/nuevo-renacer.com\/#\/schema\/logo\/image\/","url":"https:\/\/nuevo-renacer.com\/wp-content\/uploads\/2024\/05\/cropped-LOGO-TERMINADO1-3-3.png","contentUrl":"https:\/\/nuevo-renacer.com\/wp-content\/uploads\/2024\/05\/cropped-LOGO-TERMINADO1-3-3.png","width":512,"height":512,"caption":"UFEC"},"image":{"@id":"https:\/\/nuevo-renacer.com\/#\/schema\/logo\/image\/"},"sameAs":["https:\/\/www.facebook.com\/groups\/3431398063740829"]}]}},"uagb_featured_image_src":{"full":false,"thumbnail":false,"medium":false,"medium_large":false,"large":false,"1536x1536":false,"2048x2048":false,"trp-custom-language-flag":false},"uagb_author_info":{"display_name":"adbv0","author_link":"https:\/\/nuevo-renacer.com\/it\/author\/adbv0\/"},"uagb_comment_info":0,"uagb_excerpt":"V\u00edctor Hugo&nbsp; Victor-Marie Hugo naci\u00f3 en Besan\u00e7on, Francia, el 26 de febrero de 1802. Hijo del conde Joseph L\u00e9opold-Sigisbert Hugo, general de Napole\u00f3n, y Sophie Tr\u00e9bucher, pas\u00f3 casi toda su infancia fuera de Francia, en viajes constantes, que formaban parte de la vida de su padre.&nbsp;Adem\u00e1s de gran novelista, poeta, dramaturgo y dibujante; fue un&hellip;","jetpack_sharing_enabled":true,"_links":{"self":[{"href":"https:\/\/nuevo-renacer.com\/it\/wp-json\/wp\/v2\/pages\/3130","targetHints":{"allow":["GET"]}}],"collection":[{"href":"https:\/\/nuevo-renacer.com\/it\/wp-json\/wp\/v2\/pages"}],"about":[{"href":"https:\/\/nuevo-renacer.com\/it\/wp-json\/wp\/v2\/types\/page"}],"author":[{"embeddable":true,"href":"https:\/\/nuevo-renacer.com\/it\/wp-json\/wp\/v2\/users\/1"}],"replies":[{"embeddable":true,"href":"https:\/\/nuevo-renacer.com\/it\/wp-json\/wp\/v2\/comments?post=3130"}],"version-history":[{"count":7,"href":"https:\/\/nuevo-renacer.com\/it\/wp-json\/wp\/v2\/pages\/3130\/revisions"}],"predecessor-version":[{"id":8902,"href":"https:\/\/nuevo-renacer.com\/it\/wp-json\/wp\/v2\/pages\/3130\/revisions\/8902"}],"wp:attachment":[{"href":"https:\/\/nuevo-renacer.com\/it\/wp-json\/wp\/v2\/media?parent=3130"}],"curies":[{"name":"wp","href":"https:\/\/api.w.org\/{rel}","templated":true}]}}