{"id":3124,"date":"2024-07-06T12:34:57","date_gmt":"2024-07-06T12:34:57","guid":{"rendered":"https:\/\/ufec-mundial.com\/?page_id=3124"},"modified":"2025-11-03T20:54:30","modified_gmt":"2025-11-03T20:54:30","slug":"salustiano-olivera-3","status":"publish","type":"page","link":"https:\/\/nuevo-renacer.com\/it\/salustiano-olivera-3\/","title":{"rendered":"Salustiano Olivera"},"content":{"rendered":"<div class=\"wp-block-uagb-container uagb-block-c71be27a alignfull uagb-is-root-container\"><div class=\"uagb-container-inner-blocks-wrap\">\n<p class=\"has-black-color has-text-color has-link-color has-medium-font-size wp-elements-89e72c217b001067abca236e2a4b57fe\"><strong>Salustiano Olivera<\/strong><\/p>\n<\/div><\/div>\n\n\n\n<div class=\"wp-block-uagb-container uagb-block-6566831b alignfull uagb-is-root-container\"><div class=\"uagb-container-inner-blocks-wrap\">\n<div class=\"wp-block-uagb-image alignleft uagb-block-64c82359 wp-block-uagb-image--layout-default wp-block-uagb-image--effect-static wp-block-uagb-image--align-left\"><figure class=\"wp-block-uagb-image__figure\"><img loading=\"lazy\" decoding=\"async\" srcset=\"https:\/\/nuevo-renacer.com\/wp-content\/uploads\/2024\/06\/438095049_1013065210401077_1435620381054408563_n-1.jpg ,https:\/\/nuevo-renacer.com\/wp-content\/uploads\/2024\/06\/438095049_1013065210401077_1435620381054408563_n-1.jpg 780w, https:\/\/nuevo-renacer.com\/wp-content\/uploads\/2024\/06\/438095049_1013065210401077_1435620381054408563_n-1.jpg 360w\" sizes=\"auto, (max-width: 480px) 150px\" src=\"https:\/\/nuevo-renacer.com\/wp-content\/uploads\/2024\/06\/438095049_1013065210401077_1435620381054408563_n-1.jpg\" alt=\"\" class=\"uag-image-2556\" width=\"216\" height=\"232\" title=\"Salustiano Olivera\" role=\"img\"\/><\/figure><\/div>\n<\/div><\/div>\n\n\n\n<div class=\"wp-block-uagb-container uagb-block-47a0fba1 alignfull uagb-is-root-container\"><div class=\"uagb-container-inner-blocks-wrap\">\n<p class=\"has-black-color has-text-color has-link-color has-small-font-size wp-elements-4e13037550af897100c0fada987aa9e5\">Fue un humilde carretonero, agricultor, espiritista sanador y soldado del Ej\u00e9rcito Libertador; donde se alza el 24 de febrero de 1895, durante la \u00faltima gesta independentista organizada por nuestro ap\u00f3stol Jos\u00e9 Mart\u00ed.<\/p>\n\n\n\n<p class=\"has-text-align-left has-black-color has-text-color has-link-color has-small-font-size wp-elements-f90c5504327d2351168bac488cb0e35c\">Naci\u00f3 en el Oriente de Cuba en la actual provincia de Granma en el a\u00f1o 1869. Seg\u00fan Luis \u00c1ngel Fonseca Olivera, su bisabuelo llevaba una vida bohemia, hasta que enferm\u00f3 su hija mayor de un trastorno mental que no parec\u00eda tener cura. Nos cuenta que el padre la llev\u00f3 a una espiritista Caridad Villal\u00f3n de Santiago de Cuba, la cual fue la fundadora del Centro espirita Mas Luz, situado en la calle P\u00edo Rosado 373 e\/ Figueredo y Lora, Ciudad de Bayamo; ella descubri\u00f3 que Salustiano tra\u00eda una gran facultad y una misi\u00f3n grande que cumplir. Le abri\u00f3 los caminos para que fuera moraliz\u00e1ndose, hasta que poco a poco logr\u00f3 tener un potente fluido magn\u00e9tico agrega Luis \u00c1ngel. En una entrevista a Yiya Villalon sobrina de Cachita, le confiesa que su t\u00eda y Salustiano se vieron y su esp\u00edritu le dijo que ten\u00eda que poner un centro.<\/p>\n\n\n\n<p class=\"has-text-align-left has-black-color has-text-color has-link-color has-small-font-size wp-elements-6ceee7d37d7b2747f8eaebc418940991\">Tambi\u00e9n nos manifiesta esta espiritista de 91 a\u00f1os de edad que Salustiano asist\u00eda al centro espirita M\u00e1s Luz y se desarroll\u00f3 en este centro. Con esta formaci\u00f3n moral y doctrinaria, y el apoyo de otros espiritistas de la zona oriental, incluido Agust\u00edn S\u00e1nchez, Salustiano se convertir\u00eda no solo en el curandero de su propia hija, sino de cientos de enfermos mentales y con otras dolencias, que acud\u00edan a su centro desde muchas partes del pa\u00eds, seg\u00fan el testimonio de varios vecinos de Monte Oscuro. Despu\u00e9s de sanarlos comenta Luis \u00c1ngel a algunos de ellos les recomendaba crear su propios centros espirituales. Fue en el a\u00f1o 1910 que inicia las pr\u00e1cticas del espiritismo de cord\u00f3n en el centro esp\u00edrita \u201cLuz y verdad\u201d en la comunidad de Monte Oscuro a escasos kil\u00f3metros de la ciudad de Bayamo, es uno de los fundadores del espiritismo de cord\u00f3n en Cuba junto a Agust\u00edn S\u00e1nchez y Francisco Salgado. Si bien en 1918 es que el centro esp\u00edrita Luz y verdad se inscribe en el registro de asociaciones de la Rep\u00fablica de Cuba, las pr\u00e1cticas datan de casi una d\u00e9cada de antig\u00fcedad a la fecha citada. Dicho centro fue visitado por Don Fernando Ortiz en 1948 y seg\u00fan declaraciones del investigador Rodr\u00edguez Lora, el sabio llam\u00f3 al lugar como La Catedral del espiritismo en Cuba, declaraciones y estudios que refleja la prensa peri\u00f3dica como Bohemia en el a\u00f1o 1952. <\/p>\n\n\n\n<p class=\"has-text-align-left has-black-color has-text-color has-link-color has-small-font-size wp-elements-a4e6552a94c9c91ed69442313f3c783f\">Seg\u00fan concluyo Ortiz, estas pr\u00e1cticas son denominadas los cordoneros de Oril\u00e9, las cuales son genuinamente cubanas y aseguro que en Bayamo es donde est\u00e1 la Cuna de la Nacionalidad. Dichas pr\u00e1cticas se desarrollan por sus descendientes y miles de seguidores al espiritismo, de manera ininterrumpida hasta el d\u00eda de hoy. Desde 1912 su l\u00edder principal era Salustiano Olivera. Tambi\u00e9n lleg\u00f3 a ser alcalde del barrio El Horno en el per\u00edodo de 1915-1929. Este centro espirita m\u00e1s conocido por el centro esp\u00edrita de Monte Oscuro, comunidad donde se localiza, el Centro Esp\u00edrita \u201cLuz y verdad\u201d fue declarado Patrimonio Local El historiador e intelectual bayam\u00e9s Carlos Rodr\u00edguez Lora ofreci\u00f3 detalles de la noticia que llena de alegr\u00eda a practicantes de esta manifestaci\u00f3n cultural religiosa que distingue a la regi\u00f3n de Bayamo y el Oriente del pa\u00eds. La Comisi\u00f3n Nacional de Monumentos y sitios hist\u00f3ricos de la Direcci\u00f3n Nacional de Patrimonio Cultural aprob\u00f3 el expediente con la argumentaci\u00f3n presentada por prestigiosos investigadores granmenses por tratarse de un centro muy importante para la historia y la cultura cubana, que trasciende el tiempo y el espacio geogr\u00e1fico e irradia tradiciones hacia otras regiones del pa\u00eds.<\/p>\n\n\n\n<p class=\"has-black-color has-text-color has-link-color has-small-font-size wp-elements-43e4ab18805e3e9e35bb7468a23b8fce\">Salustiano Olivera muri\u00f3 en el a\u00f1o 1950 a los 81 a\u00f1os de edad en la zona de Monte Oscuro perteneciente a la provincia Granma.<\/p>\n<\/div><\/div>\n\n\n\n<div class=\"wp-block-uagb-container uagb-block-eea028d5 alignfull uagb-is-root-container\"><div class=\"uagb-container-inner-blocks-wrap\"><\/div><\/div>\n\n\n\n<div class=\"wp-block-uagb-container uagb-block-ebf0728e alignfull uagb-is-root-container\"><div class=\"uagb-container-inner-blocks-wrap\"><\/div><\/div>","protected":false},"excerpt":{"rendered":"<p>Salustiano Olivera Fue un humilde carretonero, agricultor, espiritista sanador y soldado del Ej\u00e9rcito Libertador; donde se alza el 24 de febrero de 1895, durante la \u00faltima gesta independentista organizada por nuestro ap\u00f3stol Jos\u00e9 Mart\u00ed. Naci\u00f3 en el Oriente de Cuba en la actual provincia de Granma en el a\u00f1o 1869. Seg\u00fan Luis \u00c1ngel Fonseca Olivera, [&hellip;]<\/p>","protected":false},"author":1,"featured_media":0,"parent":0,"menu_order":0,"comment_status":"closed","ping_status":"closed","template":"","meta":{"_uag_custom_page_level_css":"","site-sidebar-layout":"default","site-content-layout":"","ast-site-content-layout":"default","site-content-style":"default","site-sidebar-style":"default","ast-global-header-display":"","ast-banner-title-visibility":"","ast-main-header-display":"","ast-hfb-above-header-display":"","ast-hfb-below-header-display":"","ast-hfb-mobile-header-display":"","site-post-title":"disabled","ast-breadcrumbs-content":"","ast-featured-img":"","footer-sml-layout":"","theme-transparent-header-meta":"","adv-header-id-meta":"","stick-header-meta":"","header-above-stick-meta":"","header-main-stick-meta":"","header-below-stick-meta":"","astra-migrate-meta-layouts":"set","ast-page-background-enabled":"default","ast-page-background-meta":{"desktop":{"background-color":"var(--ast-global-color-4)","background-image":"","background-repeat":"repeat","background-position":"center center","background-size":"auto","background-attachment":"scroll","background-type":"","background-media":"","overlay-type":"","overlay-color":"","overlay-opacity":"","overlay-gradient":""},"tablet":{"background-color":"","background-image":"","background-repeat":"repeat","background-position":"center center","background-size":"auto","background-attachment":"scroll","background-type":"","background-media":"","overlay-type":"","overlay-color":"","overlay-opacity":"","overlay-gradient":""},"mobile":{"background-color":"","background-image":"","background-repeat":"repeat","background-position":"center center","background-size":"auto","background-attachment":"scroll","background-type":"","background-media":"","overlay-type":"","overlay-color":"","overlay-opacity":"","overlay-gradient":""}},"ast-content-background-meta":{"desktop":{"background-color":"var(--ast-global-color-5)","background-image":"","background-repeat":"repeat","background-position":"center center","background-size":"auto","background-attachment":"scroll","background-type":"","background-media":"","overlay-type":"","overlay-color":"","overlay-opacity":"","overlay-gradient":""},"tablet":{"background-color":"var(--ast-global-color-5)","background-image":"","background-repeat":"repeat","background-position":"center center","background-size":"auto","background-attachment":"scroll","background-type":"","background-media":"","overlay-type":"","overlay-color":"","overlay-opacity":"","overlay-gradient":""},"mobile":{"background-color":"var(--ast-global-color-5)","background-image":"","background-repeat":"repeat","background-position":"center center","background-size":"auto","background-attachment":"scroll","background-type":"","background-media":"","overlay-type":"","overlay-color":"","overlay-opacity":"","overlay-gradient":""}},"footnotes":""},"class_list":["post-3124","page","type-page","status-publish","hentry"],"yoast_head":"<!-- This site is optimized with the Yoast SEO Premium plugin v24.2 (Yoast SEO v24.6) - https:\/\/yoast.com\/wordpress\/plugins\/seo\/ -->\n<title>Salustiano Olivera - Uni\u00f3n Esp\u00edrita<\/title>\n<meta name=\"robots\" content=\"index, follow, max-snippet:-1, max-image-preview:large, max-video-preview:-1\" \/>\n<link rel=\"canonical\" href=\"https:\/\/nuevo-renacer.com\/it\/salustiano-olivera-3\/\" \/>\n<meta property=\"og:locale\" content=\"it_IT\" \/>\n<meta property=\"og:type\" content=\"article\" \/>\n<meta property=\"og:title\" content=\"Salustiano Olivera\" \/>\n<meta property=\"og:description\" content=\"Salustiano Olivera Fue un humilde carretonero, agricultor, espiritista sanador y soldado del Ej\u00e9rcito Libertador; donde se alza el 24 de febrero de 1895, durante la \u00faltima gesta independentista organizada por nuestro ap\u00f3stol Jos\u00e9 Mart\u00ed. Naci\u00f3 en el Oriente de Cuba en la actual provincia de Granma en el a\u00f1o 1869. Seg\u00fan Luis \u00c1ngel Fonseca Olivera, [&hellip;]\" \/>\n<meta property=\"og:url\" content=\"https:\/\/nuevo-renacer.com\/it\/salustiano-olivera-3\/\" \/>\n<meta property=\"og:site_name\" content=\"Uni\u00f3n Esp\u00edrita\" \/>\n<meta property=\"article:publisher\" content=\"https:\/\/www.facebook.com\/groups\/3431398063740829\" \/>\n<meta property=\"article:modified_time\" content=\"2025-11-03T20:54:30+00:00\" \/>\n<meta property=\"og:image\" content=\"https:\/\/nuevo-renacer.com\/wp-content\/uploads\/2024\/06\/438095049_1013065210401077_1435620381054408563_n-1.jpg\" \/>\n<meta name=\"twitter:card\" content=\"summary_large_image\" \/>\n<meta name=\"twitter:label1\" content=\"Tempo di lettura stimato\" \/>\n\t<meta name=\"twitter:data1\" content=\"4 minuti\" \/>\n<script type=\"application\/ld+json\" class=\"yoast-schema-graph\">{\"@context\":\"https:\/\/schema.org\",\"@graph\":[{\"@type\":\"WebPage\",\"@id\":\"https:\/\/nuevo-renacer.com\/salustiano-olivera-3\/\",\"url\":\"https:\/\/nuevo-renacer.com\/salustiano-olivera-3\/\",\"name\":\"Salustiano Olivera - Uni\u00f3n Esp\u00edrita\",\"isPartOf\":{\"@id\":\"https:\/\/nuevo-renacer.com\/#website\"},\"primaryImageOfPage\":{\"@id\":\"https:\/\/nuevo-renacer.com\/salustiano-olivera-3\/#primaryimage\"},\"image\":{\"@id\":\"https:\/\/nuevo-renacer.com\/salustiano-olivera-3\/#primaryimage\"},\"thumbnailUrl\":\"https:\/\/nuevo-renacer.com\/wp-content\/uploads\/2024\/06\/438095049_1013065210401077_1435620381054408563_n-1.jpg\",\"datePublished\":\"2024-07-06T12:34:57+00:00\",\"dateModified\":\"2025-11-03T20:54:30+00:00\",\"breadcrumb\":{\"@id\":\"https:\/\/nuevo-renacer.com\/salustiano-olivera-3\/#breadcrumb\"},\"inLanguage\":\"it-IT\",\"potentialAction\":[{\"@type\":\"ReadAction\",\"target\":[\"https:\/\/nuevo-renacer.com\/salustiano-olivera-3\/\"]}]},{\"@type\":\"ImageObject\",\"inLanguage\":\"it-IT\",\"@id\":\"https:\/\/nuevo-renacer.com\/salustiano-olivera-3\/#primaryimage\",\"url\":\"https:\/\/nuevo-renacer.com\/wp-content\/uploads\/2024\/06\/438095049_1013065210401077_1435620381054408563_n-1.jpg\",\"contentUrl\":\"https:\/\/nuevo-renacer.com\/wp-content\/uploads\/2024\/06\/438095049_1013065210401077_1435620381054408563_n-1.jpg\"},{\"@type\":\"BreadcrumbList\",\"@id\":\"https:\/\/nuevo-renacer.com\/salustiano-olivera-3\/#breadcrumb\",\"itemListElement\":[{\"@type\":\"ListItem\",\"position\":1,\"name\":\"Startseite\",\"item\":\"https:\/\/nuevo-renacer.com\/\"},{\"@type\":\"ListItem\",\"position\":2,\"name\":\"Salustiano Olivera\"}]},{\"@type\":\"WebSite\",\"@id\":\"https:\/\/nuevo-renacer.com\/#website\",\"url\":\"https:\/\/nuevo-renacer.com\/\",\"name\":\"Uni\u00f3n Esp\u00edrita\",\"description\":\"Nuevo Renacer\",\"publisher\":{\"@id\":\"https:\/\/nuevo-renacer.com\/#organization\"},\"potentialAction\":[{\"@type\":\"SearchAction\",\"target\":{\"@type\":\"EntryPoint\",\"urlTemplate\":\"https:\/\/nuevo-renacer.com\/?s={search_term_string}\"},\"query-input\":{\"@type\":\"PropertyValueSpecification\",\"valueRequired\":true,\"valueName\":\"search_term_string\"}}],\"inLanguage\":\"it-IT\"},{\"@type\":\"Organization\",\"@id\":\"https:\/\/nuevo-renacer.com\/#organization\",\"name\":\"UFEC\",\"url\":\"https:\/\/nuevo-renacer.com\/\",\"logo\":{\"@type\":\"ImageObject\",\"inLanguage\":\"it-IT\",\"@id\":\"https:\/\/nuevo-renacer.com\/#\/schema\/logo\/image\/\",\"url\":\"https:\/\/nuevo-renacer.com\/wp-content\/uploads\/2024\/05\/cropped-LOGO-TERMINADO1-3-3.png\",\"contentUrl\":\"https:\/\/nuevo-renacer.com\/wp-content\/uploads\/2024\/05\/cropped-LOGO-TERMINADO1-3-3.png\",\"width\":512,\"height\":512,\"caption\":\"UFEC\"},\"image\":{\"@id\":\"https:\/\/nuevo-renacer.com\/#\/schema\/logo\/image\/\"},\"sameAs\":[\"https:\/\/www.facebook.com\/groups\/3431398063740829\"]}]}<\/script>\n<!-- \/ Yoast SEO Premium plugin. -->","yoast_head_json":{"title":"Salustiano Olivera - Uni\u00f3n Esp\u00edrita","robots":{"index":"index","follow":"follow","max-snippet":"max-snippet:-1","max-image-preview":"max-image-preview:large","max-video-preview":"max-video-preview:-1"},"canonical":"https:\/\/nuevo-renacer.com\/it\/salustiano-olivera-3\/","og_locale":"it_IT","og_type":"article","og_title":"Salustiano Olivera","og_description":"Salustiano Olivera Fue un humilde carretonero, agricultor, espiritista sanador y soldado del Ej\u00e9rcito Libertador; donde se alza el 24 de febrero de 1895, durante la \u00faltima gesta independentista organizada por nuestro ap\u00f3stol Jos\u00e9 Mart\u00ed. Naci\u00f3 en el Oriente de Cuba en la actual provincia de Granma en el a\u00f1o 1869. Seg\u00fan Luis \u00c1ngel Fonseca Olivera, [&hellip;]","og_url":"https:\/\/nuevo-renacer.com\/it\/salustiano-olivera-3\/","og_site_name":"Uni\u00f3n Esp\u00edrita","article_publisher":"https:\/\/www.facebook.com\/groups\/3431398063740829","article_modified_time":"2025-11-03T20:54:30+00:00","og_image":[{"url":"https:\/\/nuevo-renacer.com\/wp-content\/uploads\/2024\/06\/438095049_1013065210401077_1435620381054408563_n-1.jpg","type":"","width":"","height":""}],"twitter_card":"summary_large_image","twitter_misc":{"Tempo di lettura stimato":"4 minuti"},"schema":{"@context":"https:\/\/schema.org","@graph":[{"@type":"WebPage","@id":"https:\/\/nuevo-renacer.com\/salustiano-olivera-3\/","url":"https:\/\/nuevo-renacer.com\/salustiano-olivera-3\/","name":"Salustiano Olivera - Uni\u00f3n Esp\u00edrita","isPartOf":{"@id":"https:\/\/nuevo-renacer.com\/#website"},"primaryImageOfPage":{"@id":"https:\/\/nuevo-renacer.com\/salustiano-olivera-3\/#primaryimage"},"image":{"@id":"https:\/\/nuevo-renacer.com\/salustiano-olivera-3\/#primaryimage"},"thumbnailUrl":"https:\/\/nuevo-renacer.com\/wp-content\/uploads\/2024\/06\/438095049_1013065210401077_1435620381054408563_n-1.jpg","datePublished":"2024-07-06T12:34:57+00:00","dateModified":"2025-11-03T20:54:30+00:00","breadcrumb":{"@id":"https:\/\/nuevo-renacer.com\/salustiano-olivera-3\/#breadcrumb"},"inLanguage":"it-IT","potentialAction":[{"@type":"ReadAction","target":["https:\/\/nuevo-renacer.com\/salustiano-olivera-3\/"]}]},{"@type":"ImageObject","inLanguage":"it-IT","@id":"https:\/\/nuevo-renacer.com\/salustiano-olivera-3\/#primaryimage","url":"https:\/\/nuevo-renacer.com\/wp-content\/uploads\/2024\/06\/438095049_1013065210401077_1435620381054408563_n-1.jpg","contentUrl":"https:\/\/nuevo-renacer.com\/wp-content\/uploads\/2024\/06\/438095049_1013065210401077_1435620381054408563_n-1.jpg"},{"@type":"BreadcrumbList","@id":"https:\/\/nuevo-renacer.com\/salustiano-olivera-3\/#breadcrumb","itemListElement":[{"@type":"ListItem","position":1,"name":"Startseite","item":"https:\/\/nuevo-renacer.com\/"},{"@type":"ListItem","position":2,"name":"Salustiano Olivera"}]},{"@type":"WebSite","@id":"https:\/\/nuevo-renacer.com\/#website","url":"https:\/\/nuevo-renacer.com\/","name":"Uni\u00f3n Esp\u00edrita","description":"Nuevo Renacer","publisher":{"@id":"https:\/\/nuevo-renacer.com\/#organization"},"potentialAction":[{"@type":"SearchAction","target":{"@type":"EntryPoint","urlTemplate":"https:\/\/nuevo-renacer.com\/?s={search_term_string}"},"query-input":{"@type":"PropertyValueSpecification","valueRequired":true,"valueName":"search_term_string"}}],"inLanguage":"it-IT"},{"@type":"Organization","@id":"https:\/\/nuevo-renacer.com\/#organization","name":"UFEC","url":"https:\/\/nuevo-renacer.com\/","logo":{"@type":"ImageObject","inLanguage":"it-IT","@id":"https:\/\/nuevo-renacer.com\/#\/schema\/logo\/image\/","url":"https:\/\/nuevo-renacer.com\/wp-content\/uploads\/2024\/05\/cropped-LOGO-TERMINADO1-3-3.png","contentUrl":"https:\/\/nuevo-renacer.com\/wp-content\/uploads\/2024\/05\/cropped-LOGO-TERMINADO1-3-3.png","width":512,"height":512,"caption":"UFEC"},"image":{"@id":"https:\/\/nuevo-renacer.com\/#\/schema\/logo\/image\/"},"sameAs":["https:\/\/www.facebook.com\/groups\/3431398063740829"]}]}},"uagb_featured_image_src":{"full":false,"thumbnail":false,"medium":false,"medium_large":false,"large":false,"1536x1536":false,"2048x2048":false,"trp-custom-language-flag":false},"uagb_author_info":{"display_name":"adbv0","author_link":"https:\/\/nuevo-renacer.com\/it\/author\/adbv0\/"},"uagb_comment_info":0,"uagb_excerpt":"Salustiano Olivera Fue un humilde carretonero, agricultor, espiritista sanador y soldado del Ej\u00e9rcito Libertador; donde se alza el 24 de febrero de 1895, durante la \u00faltima gesta independentista organizada por nuestro ap\u00f3stol Jos\u00e9 Mart\u00ed. Naci\u00f3 en el Oriente de Cuba en la actual provincia de Granma en el a\u00f1o 1869. Seg\u00fan Luis \u00c1ngel Fonseca Olivera,&hellip;","jetpack_sharing_enabled":true,"_links":{"self":[{"href":"https:\/\/nuevo-renacer.com\/it\/wp-json\/wp\/v2\/pages\/3124","targetHints":{"allow":["GET"]}}],"collection":[{"href":"https:\/\/nuevo-renacer.com\/it\/wp-json\/wp\/v2\/pages"}],"about":[{"href":"https:\/\/nuevo-renacer.com\/it\/wp-json\/wp\/v2\/types\/page"}],"author":[{"embeddable":true,"href":"https:\/\/nuevo-renacer.com\/it\/wp-json\/wp\/v2\/users\/1"}],"replies":[{"embeddable":true,"href":"https:\/\/nuevo-renacer.com\/it\/wp-json\/wp\/v2\/comments?post=3124"}],"version-history":[{"count":11,"href":"https:\/\/nuevo-renacer.com\/it\/wp-json\/wp\/v2\/pages\/3124\/revisions"}],"predecessor-version":[{"id":8620,"href":"https:\/\/nuevo-renacer.com\/it\/wp-json\/wp\/v2\/pages\/3124\/revisions\/8620"}],"wp:attachment":[{"href":"https:\/\/nuevo-renacer.com\/it\/wp-json\/wp\/v2\/media?parent=3124"}],"curies":[{"name":"wp","href":"https:\/\/api.w.org\/{rel}","templated":true}]}}