{"id":3094,"date":"2024-07-06T11:57:59","date_gmt":"2024-07-06T11:57:59","guid":{"rendered":"https:\/\/ufec-mundial.com\/?page_id=3094"},"modified":"2025-06-13T10:20:15","modified_gmt":"2025-06-13T10:20:15","slug":"jose-maria-fernandez","status":"publish","type":"page","link":"https:\/\/nuevo-renacer.com\/it\/jose-maria-fernandez\/","title":{"rendered":"Jos\u00e9 Mar\u00eda Fern\u00e1ndez"},"content":{"rendered":"<div class=\"wp-block-uagb-container uagb-block-13921e7d alignfull uagb-is-root-container\"><div class=\"uagb-container-inner-blocks-wrap\">\n<p class=\"has-black-color has-text-color has-link-color has-medium-font-size wp-elements-fe4ac719de6adab4765514cf89cec702\"><strong>Jos\u00e9 Mar\u00eda Fern\u00e1ndez<\/strong>&nbsp;( 1819 \u2013 1888 )&nbsp;<\/p>\n<\/div><\/div>\n\n\n\n<div class=\"wp-block-uagb-container uagb-block-4637c4f8 alignfull uagb-is-root-container\"><div class=\"uagb-container-inner-blocks-wrap\">\n<div class=\"wp-block-uagb-image alignleft uagb-block-e13738cf wp-block-uagb-image--layout-default wp-block-uagb-image--effect-static wp-block-uagb-image--align-left\"><figure class=\"wp-block-uagb-image__figure\"><img loading=\"lazy\" decoding=\"async\" srcset=\"https:\/\/nuevo-renacer.com\/wp-content\/uploads\/2024\/07\/Jose-Maria-Fernandez-2.jpg ,https:\/\/ufec-mundial.com\/wp-content\/uploads\/2024\/07\/Jose-Maria-Fernandez-2.jpg 780w, https:\/\/nuevo-renacer.com\/wp-content\/uploads\/2024\/07\/Jose-Maria-Fernandez-2.jpg 360w\" sizes=\"auto, (max-width: 480px) 150px\" src=\"https:\/\/nuevo-renacer.com\/wp-content\/uploads\/2024\/07\/Jose-Maria-Fernandez-2.jpg\" alt=\"\" class=\"uag-image-3101\" width=\"745\" height=\"492\" title=\"Jose-Maria-Fernandez-2\" role=\"img\"\/><\/figure><\/div>\n<\/div><\/div>\n\n\n\n<div class=\"wp-block-uagb-container uagb-block-982b9fb8 alignfull uagb-is-root-container\"><div class=\"uagb-container-inner-blocks-wrap\">\n<p class=\"has-black-color has-text-color has-link-color has-small-font-size wp-elements-539d014232e924e3efa255b8946aca05\">Si dese\u00e1ramos describir, en pocas palabras, qui\u00e9n es Jos\u00e9 Mar\u00eda Fern\u00e1ndez Colavida, deber\u00edamos afirmar, ante todo, que se trata del ejemplo real y concreto del hombre de bien y del verdadero esp\u00edrita, ense\u00f1ado en El Evangelio seg\u00fan el Espiritismo.&nbsp;&nbsp;<\/p>\n\n\n\n<p class=\"has-black-color has-text-color has-link-color has-small-font-size wp-elements-d70f3891199012330ac556fb9ee48aba\">Conocido, con toda justicia, como el \u200b\u00abKardec espa\u00f1ol\u200b\u200b\u00bb\u200b, trabaj\u00f3 y sigue trabajando permanentemente por el progreso de la humanidad, divulgando la Doctrina Esp\u00edrita no solamente por medio de su perfecto conocimiento doctrinario, sino tambi\u00e9n por el fiel ejemplo que siempre ha dado de la pr\u00e1ctica de las ense\u00f1anzas esp\u00edritas, sobre todo de la ley de amor, de justicia y de caridad.&nbsp;&nbsp;Primer traductor y editor de los libros de Allan Kardec al idioma espa\u00f1ol, jam\u00e1s busc\u00f3 ventajas materiales en las obras que publicaba, donando muchas de ellas en beneficio de la divulgaci\u00f3n doctrinaria o vendi\u00e9ndolas a precios simb\u00f3licos, que ni siquiera cubr\u00edan los costos generados por la impresi\u00f3n.&nbsp;<\/p>\n\n\n\n<p class=\"has-black-color has-text-color has-link-color has-small-font-size wp-elements-5c3ea65b9252207c0381e2beab2bec2d\">Fue gracias a su abnegado trabajo de divulgaci\u00f3n doctrinaria que Amalia Domingo Soler, entre otros innumerables beneficiarios, pudo tener las obras de Allan Kardec, como ella misma cuenta en Memorias: &nbsp;<\/p>\n\n\n\n<p class=\"has-black-color has-text-color has-link-color has-small-font-size wp-elements-412ebb0ead9809685e3c6e13f51c3c75\"><em>\u200b\u200b\u00ab[\u2026] Fern\u00e1ndez Colavida me mand\u00f3 la colecci\u00f3n completa de su Revista, las obras de Allan Kardec y una carta cari\u00f1os\u00edsima. Cuando yo me vi due\u00f1a de los libros de Kardec por los que tanto hab\u00eda suspirado, mi alegr\u00eda fue inmensa\u200b\u200b\u00bb.<\/em>&nbsp;<\/p>\n\n\n\n<p class=\"has-black-color has-text-color has-link-color has-small-font-size wp-elements-f5625ade499c47ad15cb0db6b2181d8f\">Fundador, director y redactor, en Barcelona, de la Revista Espiritista \u2013Peri\u00f3dico de Estudios Psicol\u00f3gicos, posteriormente denominada Revista de Estudios Psicol\u00f3gicos, fue el mayor divulgador esp\u00edrita para los pa\u00edses de lengua espa\u00f1ola. Realiz\u00f3 un trabajo admirable de orientaci\u00f3n doctrinaria a esp\u00edritas de varios lugares del mundo, tales como Argentina, Colombia, Cuba, Ecuador, Filipinas, M\u00e9xico, Per\u00fa, Uruguay, adem\u00e1s de Espa\u00f1a.&nbsp;&nbsp;<\/p>\n\n\n\n<p class=\"has-black-color has-text-color has-link-color has-small-font-size wp-elements-bb3b16971c46f9aa9921368690c690ae\">En la obra La luz que nos gu\u00eda, se transcribe la siguiente informaci\u00f3n, publicada en el peri\u00f3dico barcelon\u00e9s El Diluvio, con ocasi\u00f3n de la desencarnaci\u00f3n de Fern\u00e1ndez Colavida:&nbsp;&nbsp;<\/p>\n\n\n\n<p class=\"has-black-color has-text-color has-link-color has-small-font-size wp-elements-7967d07d34db93746671f55df7608b48\"><em>\u00abNada m\u00e1s cierto Fern\u00e1ndez ha sido un verdadero ap\u00f3stol del Espiritismo; ha amado su ideal filos\u00f3fico sobre todas las cosas de la Tierra, y bien lo prob\u00f3 cuando en el d\u00eda 9 de Octubre de 1861 en la explanada de Barcelona en el lugar donde se ejecutaban los criminales condenados al \u00faltimo suplicio, por orden del Obispo de la ciudad Condal fueron quemados trescientos vol\u00famenes y folletos sobre Espiritismo, propiedad del Sr. Fern\u00e1ndez. \u00c9ste sigui\u00f3 imperturbable su trabajo de propaganda [&#8230;]\u00bb.<\/em>&nbsp;<\/p>\n\n\n\n<p class=\"has-black-color has-text-color has-link-color has-small-font-size wp-elements-ecac9ca3e37420b72af8914f3ac9a61e\">Fue el fundador de la primera librer\u00eda esp\u00edrita en la capital de Catalu\u00f1a, as\u00ed como de la Asociaci\u00f3n de los Amigos de los Pobres, de la Sociedad Barcelonesa Propagadora del Espiritismo, y fue el director del Grupo Esp\u00edrita La Paz, instituciones en las que trabaj\u00f3 con ah\u00ednco por el bien del pr\u00f3jimo.&nbsp;Presidente de honor del Primer Congreso Internacional Esp\u00edrita, realizado en Barcelona en septiembre de 1888, pocos meses antes de su desencarnaci\u00f3n, recibi\u00f3 el homenaje con la mayor humildad, pues jam\u00e1s busc\u00f3 ning\u00fan reconocimiento, excepto el de su propia conciencia.&nbsp;&nbsp;<\/p>\n\n\n\n<p class=\"has-black-color has-text-color has-link-color has-small-font-size wp-elements-eafcf63730e970d751b60547d28ade7f\">Gran soldado de la paz del Cristo, ha trabajado de manera incesante por la uni\u00f3n de los esp\u00edritas alrededor del estudio y de la pr\u00e1ctica de la moral de Jes\u00fas, as\u00ed como de las ense\u00f1anzas codificadas por Allan Kardec. Sus manos laboriosas, herramientas luminosas en servicio constante a la causa esp\u00edrita, escrib\u00edan, en su m\u00e1s reciente encarnaci\u00f3n, textos doctrinarios, cartas de orientaciones a esp\u00edritas de todas las condiciones sociales y de varias nacionalidades. Igualmente, llevaban auxilio a necesitados de toda especie, tanto la ayuda material a las personas pobres econ\u00f3micamente como los fluidos saludables a los enfermos de cuerpo o de alma. En la vida espiritual, esas mismas manos, adem\u00e1s de permanecer fielmente en el trabajo de las letras y del auxilio, nos son extendidas amorosamente para sostenernos en el recto cumplimiento de nuestros deberes como esp\u00edritas.&nbsp;<\/p>\n\n\n\n<p class=\"has-black-color has-text-color has-link-color has-small-font-size wp-elements-ee9b2f90936117d2b61b3e4ddd9d04b8\">En su tumba, donde yace el cuerpo mortal, los esp\u00edritas de Espa\u00f1a y Am\u00e9rica, como una muestra de gratitud, deseaban construir un monumento. Con todo el respeto que esa iniciativa merece, no dejemos de prestar tambi\u00e9n otro homenaje al ejemplo inmortal de ese noble Esp\u00edritu bienhechor, edificando, en nosotros mismos, el monumento de la pr\u00e1ctica de las dos ense\u00f1anzas fundamentales para todo esp\u00edrita: &nbsp;<\/p>\n\n\n\n<p class=\"has-black-color has-text-color has-link-color has-small-font-size wp-elements-04ce4d5d5531f428d2957b3fcee8a0fd\"><em>\u00abHermanos, am\u00e9monos e instruy\u00e1monos\u00bb.<\/em>&nbsp;<\/p>\n<\/div><\/div>\n\n\n\n<div class=\"wp-block-uagb-container uagb-block-1e8f8065 alignfull uagb-is-root-container\"><div class=\"uagb-container-inner-blocks-wrap\"><\/div><\/div>\n\n\n\n<div class=\"wp-block-uagb-container uagb-block-47cfc197 alignfull uagb-is-root-container\"><div class=\"uagb-container-inner-blocks-wrap\"><\/div><\/div>","protected":false},"excerpt":{"rendered":"<p>Jos\u00e9 Mar\u00eda Fern\u00e1ndez&nbsp;( 1819 \u2013 1888 )&nbsp; Si dese\u00e1ramos describir, en pocas palabras, qui\u00e9n es Jos\u00e9 Mar\u00eda Fern\u00e1ndez Colavida, deber\u00edamos afirmar, ante todo, que se trata del ejemplo real y concreto del hombre de bien y del verdadero esp\u00edrita, ense\u00f1ado en El Evangelio seg\u00fan el Espiritismo.&nbsp;&nbsp; Conocido, con toda justicia, como el \u200b\u00abKardec espa\u00f1ol\u200b\u200b\u00bb\u200b, trabaj\u00f3 [&hellip;]<\/p>","protected":false},"author":1,"featured_media":0,"parent":0,"menu_order":0,"comment_status":"closed","ping_status":"closed","template":"","meta":{"_uag_custom_page_level_css":"","site-sidebar-layout":"default","site-content-layout":"","ast-site-content-layout":"default","site-content-style":"default","site-sidebar-style":"default","ast-global-header-display":"","ast-banner-title-visibility":"","ast-main-header-display":"","ast-hfb-above-header-display":"","ast-hfb-below-header-display":"","ast-hfb-mobile-header-display":"","site-post-title":"disabled","ast-breadcrumbs-content":"","ast-featured-img":"","footer-sml-layout":"","theme-transparent-header-meta":"","adv-header-id-meta":"","stick-header-meta":"","header-above-stick-meta":"","header-main-stick-meta":"","header-below-stick-meta":"","astra-migrate-meta-layouts":"set","ast-page-background-enabled":"default","ast-page-background-meta":{"desktop":{"background-color":"var(--ast-global-color-4)","background-image":"","background-repeat":"repeat","background-position":"center center","background-size":"auto","background-attachment":"scroll","background-type":"","background-media":"","overlay-type":"","overlay-color":"","overlay-opacity":"","overlay-gradient":""},"tablet":{"background-color":"","background-image":"","background-repeat":"repeat","background-position":"center center","background-size":"auto","background-attachment":"scroll","background-type":"","background-media":"","overlay-type":"","overlay-color":"","overlay-opacity":"","overlay-gradient":""},"mobile":{"background-color":"","background-image":"","background-repeat":"repeat","background-position":"center center","background-size":"auto","background-attachment":"scroll","background-type":"","background-media":"","overlay-type":"","overlay-color":"","overlay-opacity":"","overlay-gradient":""}},"ast-content-background-meta":{"desktop":{"background-color":"var(--ast-global-color-5)","background-image":"","background-repeat":"repeat","background-position":"center center","background-size":"auto","background-attachment":"scroll","background-type":"","background-media":"","overlay-type":"","overlay-color":"","overlay-opacity":"","overlay-gradient":""},"tablet":{"background-color":"var(--ast-global-color-5)","background-image":"","background-repeat":"repeat","background-position":"center center","background-size":"auto","background-attachment":"scroll","background-type":"","background-media":"","overlay-type":"","overlay-color":"","overlay-opacity":"","overlay-gradient":""},"mobile":{"background-color":"var(--ast-global-color-5)","background-image":"","background-repeat":"repeat","background-position":"center center","background-size":"auto","background-attachment":"scroll","background-type":"","background-media":"","overlay-type":"","overlay-color":"","overlay-opacity":"","overlay-gradient":""}},"footnotes":""},"class_list":["post-3094","page","type-page","status-publish","hentry"],"yoast_head":"<!-- This site is optimized with the Yoast SEO Premium plugin v24.2 (Yoast SEO v24.6) - https:\/\/yoast.com\/wordpress\/plugins\/seo\/ -->\n<title>Jos\u00e9 Mar\u00eda Fern\u00e1ndez - Uni\u00f3n Esp\u00edrita<\/title>\n<meta name=\"robots\" content=\"index, follow, max-snippet:-1, max-image-preview:large, max-video-preview:-1\" \/>\n<link rel=\"canonical\" href=\"https:\/\/nuevo-renacer.com\/it\/jose-maria-fernandez\/\" \/>\n<meta property=\"og:locale\" content=\"it_IT\" \/>\n<meta property=\"og:type\" content=\"article\" \/>\n<meta property=\"og:title\" content=\"Jos\u00e9 Mar\u00eda Fern\u00e1ndez\" \/>\n<meta property=\"og:description\" content=\"Jos\u00e9 Mar\u00eda Fern\u00e1ndez&nbsp;( 1819 \u2013 1888 )&nbsp; Si dese\u00e1ramos describir, en pocas palabras, qui\u00e9n es Jos\u00e9 Mar\u00eda Fern\u00e1ndez Colavida, deber\u00edamos afirmar, ante todo, que se trata del ejemplo real y concreto del hombre de bien y del verdadero esp\u00edrita, ense\u00f1ado en El Evangelio seg\u00fan el Espiritismo.&nbsp;&nbsp; Conocido, con toda justicia, como el \u200b\u00abKardec espa\u00f1ol\u200b\u200b\u00bb\u200b, trabaj\u00f3 [&hellip;]\" \/>\n<meta property=\"og:url\" content=\"https:\/\/nuevo-renacer.com\/it\/jose-maria-fernandez\/\" \/>\n<meta property=\"og:site_name\" content=\"Uni\u00f3n Esp\u00edrita\" \/>\n<meta property=\"article:publisher\" content=\"https:\/\/www.facebook.com\/groups\/3431398063740829\" \/>\n<meta property=\"article:modified_time\" content=\"2025-06-13T10:20:15+00:00\" \/>\n<meta property=\"og:image\" content=\"https:\/\/nuevo-renacer.com\/wp-content\/uploads\/2024\/07\/Jose-Maria-Fernandez-2.jpg\" \/>\n<meta name=\"twitter:card\" content=\"summary_large_image\" \/>\n<meta name=\"twitter:label1\" content=\"Tempo di lettura stimato\" \/>\n\t<meta name=\"twitter:data1\" content=\"5 minuti\" \/>\n<script type=\"application\/ld+json\" class=\"yoast-schema-graph\">{\"@context\":\"https:\/\/schema.org\",\"@graph\":[{\"@type\":\"WebPage\",\"@id\":\"https:\/\/nuevo-renacer.com\/jose-maria-fernandez\/\",\"url\":\"https:\/\/nuevo-renacer.com\/jose-maria-fernandez\/\",\"name\":\"Jos\u00e9 Mar\u00eda Fern\u00e1ndez - Uni\u00f3n Esp\u00edrita\",\"isPartOf\":{\"@id\":\"https:\/\/nuevo-renacer.com\/#website\"},\"primaryImageOfPage\":{\"@id\":\"https:\/\/nuevo-renacer.com\/jose-maria-fernandez\/#primaryimage\"},\"image\":{\"@id\":\"https:\/\/nuevo-renacer.com\/jose-maria-fernandez\/#primaryimage\"},\"thumbnailUrl\":\"https:\/\/nuevo-renacer.com\/wp-content\/uploads\/2024\/07\/Jose-Maria-Fernandez-2.jpg\",\"datePublished\":\"2024-07-06T11:57:59+00:00\",\"dateModified\":\"2025-06-13T10:20:15+00:00\",\"breadcrumb\":{\"@id\":\"https:\/\/nuevo-renacer.com\/jose-maria-fernandez\/#breadcrumb\"},\"inLanguage\":\"it-IT\",\"potentialAction\":[{\"@type\":\"ReadAction\",\"target\":[\"https:\/\/nuevo-renacer.com\/jose-maria-fernandez\/\"]}]},{\"@type\":\"ImageObject\",\"inLanguage\":\"it-IT\",\"@id\":\"https:\/\/nuevo-renacer.com\/jose-maria-fernandez\/#primaryimage\",\"url\":\"https:\/\/nuevo-renacer.com\/wp-content\/uploads\/2024\/07\/Jose-Maria-Fernandez-2.jpg\",\"contentUrl\":\"https:\/\/nuevo-renacer.com\/wp-content\/uploads\/2024\/07\/Jose-Maria-Fernandez-2.jpg\"},{\"@type\":\"BreadcrumbList\",\"@id\":\"https:\/\/nuevo-renacer.com\/jose-maria-fernandez\/#breadcrumb\",\"itemListElement\":[{\"@type\":\"ListItem\",\"position\":1,\"name\":\"Startseite\",\"item\":\"https:\/\/nuevo-renacer.com\/\"},{\"@type\":\"ListItem\",\"position\":2,\"name\":\"Jos\u00e9 Mar\u00eda Fern\u00e1ndez\"}]},{\"@type\":\"WebSite\",\"@id\":\"https:\/\/nuevo-renacer.com\/#website\",\"url\":\"https:\/\/nuevo-renacer.com\/\",\"name\":\"Uni\u00f3n Esp\u00edrita\",\"description\":\"Nuevo Renacer\",\"publisher\":{\"@id\":\"https:\/\/nuevo-renacer.com\/#organization\"},\"potentialAction\":[{\"@type\":\"SearchAction\",\"target\":{\"@type\":\"EntryPoint\",\"urlTemplate\":\"https:\/\/nuevo-renacer.com\/?s={search_term_string}\"},\"query-input\":{\"@type\":\"PropertyValueSpecification\",\"valueRequired\":true,\"valueName\":\"search_term_string\"}}],\"inLanguage\":\"it-IT\"},{\"@type\":\"Organization\",\"@id\":\"https:\/\/nuevo-renacer.com\/#organization\",\"name\":\"UFEC\",\"url\":\"https:\/\/nuevo-renacer.com\/\",\"logo\":{\"@type\":\"ImageObject\",\"inLanguage\":\"it-IT\",\"@id\":\"https:\/\/nuevo-renacer.com\/#\/schema\/logo\/image\/\",\"url\":\"https:\/\/nuevo-renacer.com\/wp-content\/uploads\/2024\/05\/cropped-LOGO-TERMINADO1-3-3.png\",\"contentUrl\":\"https:\/\/nuevo-renacer.com\/wp-content\/uploads\/2024\/05\/cropped-LOGO-TERMINADO1-3-3.png\",\"width\":512,\"height\":512,\"caption\":\"UFEC\"},\"image\":{\"@id\":\"https:\/\/nuevo-renacer.com\/#\/schema\/logo\/image\/\"},\"sameAs\":[\"https:\/\/www.facebook.com\/groups\/3431398063740829\"]}]}<\/script>\n<!-- \/ Yoast SEO Premium plugin. -->","yoast_head_json":{"title":"Jos\u00e9 Mar\u00eda Fern\u00e1ndez - Uni\u00f3n Esp\u00edrita","robots":{"index":"index","follow":"follow","max-snippet":"max-snippet:-1","max-image-preview":"max-image-preview:large","max-video-preview":"max-video-preview:-1"},"canonical":"https:\/\/nuevo-renacer.com\/it\/jose-maria-fernandez\/","og_locale":"it_IT","og_type":"article","og_title":"Jos\u00e9 Mar\u00eda Fern\u00e1ndez","og_description":"Jos\u00e9 Mar\u00eda Fern\u00e1ndez&nbsp;( 1819 \u2013 1888 )&nbsp; Si dese\u00e1ramos describir, en pocas palabras, qui\u00e9n es Jos\u00e9 Mar\u00eda Fern\u00e1ndez Colavida, deber\u00edamos afirmar, ante todo, que se trata del ejemplo real y concreto del hombre de bien y del verdadero esp\u00edrita, ense\u00f1ado en El Evangelio seg\u00fan el Espiritismo.&nbsp;&nbsp; Conocido, con toda justicia, como el \u200b\u00abKardec espa\u00f1ol\u200b\u200b\u00bb\u200b, trabaj\u00f3 [&hellip;]","og_url":"https:\/\/nuevo-renacer.com\/it\/jose-maria-fernandez\/","og_site_name":"Uni\u00f3n Esp\u00edrita","article_publisher":"https:\/\/www.facebook.com\/groups\/3431398063740829","article_modified_time":"2025-06-13T10:20:15+00:00","og_image":[{"url":"https:\/\/nuevo-renacer.com\/wp-content\/uploads\/2024\/07\/Jose-Maria-Fernandez-2.jpg","type":"","width":"","height":""}],"twitter_card":"summary_large_image","twitter_misc":{"Tempo di lettura stimato":"5 minuti"},"schema":{"@context":"https:\/\/schema.org","@graph":[{"@type":"WebPage","@id":"https:\/\/nuevo-renacer.com\/jose-maria-fernandez\/","url":"https:\/\/nuevo-renacer.com\/jose-maria-fernandez\/","name":"Jos\u00e9 Mar\u00eda Fern\u00e1ndez - Uni\u00f3n Esp\u00edrita","isPartOf":{"@id":"https:\/\/nuevo-renacer.com\/#website"},"primaryImageOfPage":{"@id":"https:\/\/nuevo-renacer.com\/jose-maria-fernandez\/#primaryimage"},"image":{"@id":"https:\/\/nuevo-renacer.com\/jose-maria-fernandez\/#primaryimage"},"thumbnailUrl":"https:\/\/nuevo-renacer.com\/wp-content\/uploads\/2024\/07\/Jose-Maria-Fernandez-2.jpg","datePublished":"2024-07-06T11:57:59+00:00","dateModified":"2025-06-13T10:20:15+00:00","breadcrumb":{"@id":"https:\/\/nuevo-renacer.com\/jose-maria-fernandez\/#breadcrumb"},"inLanguage":"it-IT","potentialAction":[{"@type":"ReadAction","target":["https:\/\/nuevo-renacer.com\/jose-maria-fernandez\/"]}]},{"@type":"ImageObject","inLanguage":"it-IT","@id":"https:\/\/nuevo-renacer.com\/jose-maria-fernandez\/#primaryimage","url":"https:\/\/nuevo-renacer.com\/wp-content\/uploads\/2024\/07\/Jose-Maria-Fernandez-2.jpg","contentUrl":"https:\/\/nuevo-renacer.com\/wp-content\/uploads\/2024\/07\/Jose-Maria-Fernandez-2.jpg"},{"@type":"BreadcrumbList","@id":"https:\/\/nuevo-renacer.com\/jose-maria-fernandez\/#breadcrumb","itemListElement":[{"@type":"ListItem","position":1,"name":"Startseite","item":"https:\/\/nuevo-renacer.com\/"},{"@type":"ListItem","position":2,"name":"Jos\u00e9 Mar\u00eda Fern\u00e1ndez"}]},{"@type":"WebSite","@id":"https:\/\/nuevo-renacer.com\/#website","url":"https:\/\/nuevo-renacer.com\/","name":"Uni\u00f3n Esp\u00edrita","description":"Nuevo Renacer","publisher":{"@id":"https:\/\/nuevo-renacer.com\/#organization"},"potentialAction":[{"@type":"SearchAction","target":{"@type":"EntryPoint","urlTemplate":"https:\/\/nuevo-renacer.com\/?s={search_term_string}"},"query-input":{"@type":"PropertyValueSpecification","valueRequired":true,"valueName":"search_term_string"}}],"inLanguage":"it-IT"},{"@type":"Organization","@id":"https:\/\/nuevo-renacer.com\/#organization","name":"UFEC","url":"https:\/\/nuevo-renacer.com\/","logo":{"@type":"ImageObject","inLanguage":"it-IT","@id":"https:\/\/nuevo-renacer.com\/#\/schema\/logo\/image\/","url":"https:\/\/nuevo-renacer.com\/wp-content\/uploads\/2024\/05\/cropped-LOGO-TERMINADO1-3-3.png","contentUrl":"https:\/\/nuevo-renacer.com\/wp-content\/uploads\/2024\/05\/cropped-LOGO-TERMINADO1-3-3.png","width":512,"height":512,"caption":"UFEC"},"image":{"@id":"https:\/\/nuevo-renacer.com\/#\/schema\/logo\/image\/"},"sameAs":["https:\/\/www.facebook.com\/groups\/3431398063740829"]}]}},"uagb_featured_image_src":{"full":false,"thumbnail":false,"medium":false,"medium_large":false,"large":false,"1536x1536":false,"2048x2048":false,"trp-custom-language-flag":false},"uagb_author_info":{"display_name":"adbv0","author_link":"https:\/\/nuevo-renacer.com\/it\/author\/adbv0\/"},"uagb_comment_info":0,"uagb_excerpt":"Jos\u00e9 Mar\u00eda Fern\u00e1ndez&nbsp;( 1819 \u2013 1888 )&nbsp; Si dese\u00e1ramos describir, en pocas palabras, qui\u00e9n es Jos\u00e9 Mar\u00eda Fern\u00e1ndez Colavida, deber\u00edamos afirmar, ante todo, que se trata del ejemplo real y concreto del hombre de bien y del verdadero esp\u00edrita, ense\u00f1ado en El Evangelio seg\u00fan el Espiritismo.&nbsp;&nbsp; Conocido, con toda justicia, como el \u200b\u00abKardec espa\u00f1ol\u200b\u200b\u00bb\u200b, trabaj\u00f3&hellip;","jetpack_sharing_enabled":true,"_links":{"self":[{"href":"https:\/\/nuevo-renacer.com\/it\/wp-json\/wp\/v2\/pages\/3094","targetHints":{"allow":["GET"]}}],"collection":[{"href":"https:\/\/nuevo-renacer.com\/it\/wp-json\/wp\/v2\/pages"}],"about":[{"href":"https:\/\/nuevo-renacer.com\/it\/wp-json\/wp\/v2\/types\/page"}],"author":[{"embeddable":true,"href":"https:\/\/nuevo-renacer.com\/it\/wp-json\/wp\/v2\/users\/1"}],"replies":[{"embeddable":true,"href":"https:\/\/nuevo-renacer.com\/it\/wp-json\/wp\/v2\/comments?post=3094"}],"version-history":[{"count":6,"href":"https:\/\/nuevo-renacer.com\/it\/wp-json\/wp\/v2\/pages\/3094\/revisions"}],"predecessor-version":[{"id":8337,"href":"https:\/\/nuevo-renacer.com\/it\/wp-json\/wp\/v2\/pages\/3094\/revisions\/8337"}],"wp:attachment":[{"href":"https:\/\/nuevo-renacer.com\/it\/wp-json\/wp\/v2\/media?parent=3094"}],"curies":[{"name":"wp","href":"https:\/\/api.w.org\/{rel}","templated":true}]}}