{"id":3088,"date":"2024-07-06T11:51:16","date_gmt":"2024-07-06T11:51:16","guid":{"rendered":"https:\/\/ufec-mundial.com\/?page_id=3088"},"modified":"2025-06-13T10:16:27","modified_gmt":"2025-06-13T10:16:27","slug":"jaime-galte","status":"publish","type":"page","link":"https:\/\/nuevo-renacer.com\/it\/jaime-galte\/","title":{"rendered":"Jaime Galt\u00e9"},"content":{"rendered":"<div class=\"wp-block-uagb-container uagb-block-395ecf87 alignfull uagb-is-root-container\"><div class=\"uagb-container-inner-blocks-wrap\">\n<p class=\"has-black-color has-text-color has-link-color has-medium-font-size wp-elements-5726bbcd3ee41b1344ef38e32fd5bcc7\"><strong>Jaime Galt\u00e9 \u2013 el medium m\u00e1s famoso de Chile<\/strong>&nbsp;<\/p>\n<\/div><\/div>\n\n\n\n<div class=\"wp-block-uagb-container uagb-block-deb1d4ec alignfull uagb-is-root-container\"><div class=\"uagb-container-inner-blocks-wrap\">\n<div class=\"wp-block-uagb-image alignleft uagb-block-59e0a893 wp-block-uagb-image--layout-default wp-block-uagb-image--effect-static wp-block-uagb-image--align-left\"><figure class=\"wp-block-uagb-image__figure\"><img loading=\"lazy\" decoding=\"async\" srcset=\"https:\/\/nuevo-renacer.com\/wp-content\/uploads\/2024\/07\/Jaime-Galte-1.jpg ,https:\/\/ufec-mundial.com\/wp-content\/uploads\/2024\/07\/Jaime-Galte-1.jpg 780w, https:\/\/nuevo-renacer.com\/wp-content\/uploads\/2024\/07\/Jaime-Galte-1.jpg 360w\" sizes=\"auto, (max-width: 480px) 150px\" src=\"https:\/\/nuevo-renacer.com\/wp-content\/uploads\/2024\/07\/Jaime-Galte-1.jpg\" alt=\"\" class=\"uag-image-3091\" width=\"510\" height=\"383\" title=\"Jaime-Galte\" role=\"img\"\/><\/figure><\/div>\n<\/div><\/div>\n\n\n\n<div class=\"wp-block-uagb-container uagb-block-a9af9baf alignfull uagb-is-root-container\"><div class=\"uagb-container-inner-blocks-wrap\">\n<p class=\"has-black-color has-text-color has-link-color has-small-font-size wp-elements-4ac89399d59b3395e08e98a6bc73ac7b\">Jaime Galt\u00e9 naci\u00f3 el 24 de mayo de 1903 en Santiago de Chile y falleci\u00f3 a los 62 a\u00f1os de edad, en 1965. Fue un brillante abogado y excelente padre de familia. Ocup\u00f3 cargos importantes, entre ellos: profesor de Derecho Procesal, Director de la Escuela de Leyes de Valpara\u00edso, abogado de la empresa period\u00edstica La Naci\u00f3n y fiscal de la Contralor\u00eda General de la Rep\u00fablica de Chile.&nbsp;<\/p>\n\n\n\n<p class=\"has-black-color has-text-color has-link-color has-small-font-size wp-elements-df583e86182b8375cfa6892e68f1c154\">Su historia como m\u00e9dium se inici\u00f3 un d\u00eda, cuando \u00e9l era un joven. Viajaba en tren a Valpara\u00edso, ciudad que le era desconocida, para resolver algunos problemas familiares. Su padre hab\u00eda desencarnado poco tiempo antes, dejando a la familia en una situaci\u00f3n econ\u00f3mica muy apreciada. Galt\u00e9 se queda dormido y sue\u00f1a que llega a Valpara\u00edso, cruza una plaza, llega a un hotel determinado y conversa con su due\u00f1o. Pregunta por su padre y le informan que se aloja en la pieza n\u00famero veintis\u00e9is. Sube y lo encuentra. Sorprendido, le pregunta c\u00f3mo es posible que est\u00e9 all\u00ed, si ya lleva un tiempo enterrado. El padre le dice que en el ata\u00fad solo hay un cuerpo y le indica el nombre de un abogado quien tiene ciertos t\u00edtulos e instrucciones sobre la herencia para la familia.&nbsp;<\/p>\n\n\n\n<p class=\"has-black-color has-text-color has-link-color has-small-font-size wp-elements-3fa7b433f5071e4747a3ed669dde2627\">Cuando Galt\u00e9 lleg\u00f3 a Valpara\u00edso sigui\u00f3 las informaciones recibidas en el sue\u00f1o y pudo encontrar el hotel. La plaza y el abogado que le entreg\u00f3 los papales de la herencia paterna. Qued\u00f3 sorprendido pero no busc\u00f3 las respuestas.&nbsp;<\/p>\n\n\n\n<p class=\"has-black-color has-text-color has-link-color has-small-font-size wp-elements-78c59b11885612141727245f52faae5e\">Tiempo despu\u00e9s, su amigo Ricardo Prat (hermano del h\u00e9roe chileno), lo convence que ese era un don que deb\u00eda desarrollar y poner al servicio del pr\u00f3jimo y lo invita a una reuni\u00f3n medi\u00famnica. En esa primera reuni\u00f3n Galt\u00e9 entra en trance y psicograf\u00eda el mensaje enviado por un \u201cpinche\u201d de cocina del barco Itata, que se estaba hundiendo, pidi\u00e9ndole que entregase cierto dinero a la mujer que amaba y a su madre. El amigo Prat se cercior\u00f3 con la Gobernaci\u00f3n Mar\u00edtima pero fue informado que el barco continuaba navegando normalmente por aguas chilenas. Terminada la reuni\u00f3n los dos amigos se retiran, preocupados con el mensaje recibido y el aparente fracaso medi\u00famnico. Sin embargo, al pasar frente al diario El Mercurio de Valpara\u00edso, leyeron con estupor la siguiente noticia: \u201cSe acaba de hundir el barco Itata\u201d.&nbsp;<\/p>\n\n\n\n<p class=\"has-black-color has-text-color has-link-color has-small-font-size wp-elements-4e395b62d156525f40abf221c21b8f05\">Poco tiempo despu\u00e9s comprobaron la existencia del marinero que les hab\u00eda pasado el mensaje, encontraron la casa indicada por \u00e9l y cumplieron con su pedido de repartir el dinero entre las dos mujeres.&nbsp;A partir de ese d\u00eda Galt\u00e9 se comprometi\u00f3 con el Mundo Espiritual y se dedic\u00f3 a leer, estudiar y participar en grupos medi\u00famnicos. Se incorpor\u00f3 a la Sociedad Cient\u00edfica existente en Santiago y fue uno de los fundadores de la Sociedad Chilena de Parapsicolog\u00eda.&nbsp;En los a\u00f1os siguientes Galt\u00e9 recibi\u00f3 varios esp\u00edritus que le dictaron hermosas y sabias p\u00e1ginas como el conocido Mister Lowe, fil\u00f3sofo y orientador. Lamentablemente estos escritos publicados en la \u00e9poca est\u00e1n agotados y son muy dif\u00edciles de encontrar.&nbsp;Tal vez, el m\u00e1s famoso de los esp\u00edritus que Galt\u00e9 incorpor\u00f3 fue el Dr. Eric Halfanne, quien llev\u00f3 a cabo innumerables sanaciones con la ayuda del m\u00e9dium.&nbsp;&nbsp;<\/p>\n\n\n\n<p class=\"has-black-color has-text-color has-link-color has-small-font-size wp-elements-82b3396909eafc98d5f508b070c0987c\">Eric Halfanne fue en la vida terrenal un m\u00e9dico suizo alem\u00e1n, que trabaj\u00f3 en Am\u00e9rica y desencarn\u00f3 en Bolivia, en 1906. Es curiosa la manera como se present\u00f3 por primera vez, seg\u00fan cuenta Sonia, hija del Galt\u00e9. Un d\u00eda, la hijita del matrimonio Bachelet, amigos del m\u00e9dium, estaba muy grave y sus padres le pidieron a Galt\u00e9 que invocara el esp\u00edritu de su pediatra que hab\u00eda desencarnado pocos meses antes. Cuando el m\u00e9dium entra en trance dice que ese m\u00e9dico no puede venir porque est\u00e1 ocupado en otros trabajos en el mundo espiritual, pero que otro m\u00e9dico vendr\u00e1 a ayudar. Entonces se presenta el Dr. Eric Halfanne. Sus sanaciones se cuentan por docenas. Diagnosticaba certeramente y recetaba remedios homeop\u00e1ticos complementares.&nbsp;<\/p>\n\n\n\n<p class=\"has-black-color has-text-color has-link-color has-small-font-size wp-elements-72d42022fdd33c979ef987c6910c36dc\">Galt\u00e9 entraba en trance sentado en un sill\u00f3n y comenzaba a diagnosticar enfermedades y a recetar remedios. Su familia guarda muchos de los escritos psicografiados de estos tiempos.&nbsp;Galt\u00e9 atend\u00eda gratuitamente a cualquiera que le solicitase los servicios, con amor y desinter\u00e9s como buen cristiano. Nunca neg\u00f3 su ayuda, ni aun cuando estaba gravemente enfermo, al final de sus d\u00edas. Fue un ap\u00f3stol del servicio al pr\u00f3jimo.&nbsp;<\/p>\n\n\n\n<p class=\"has-black-color has-text-color has-link-color has-small-font-size wp-elements-463b207033328483ae868ac3b034a267\">Despu\u00e9s de unos a\u00f1os, Galt\u00e9 podr\u00eda trabajar mediumnicamente a distancia. Recib\u00eda el nombre de la persona enferma y sus s\u00edntomas. Se desdoblaba y se dirig\u00eda en esp\u00edritu, a la casa del paciente, acompa\u00f1ado del Dr. Eric, quien era obviamente quien hac\u00eda las curas.&nbsp;Galt\u00e9 fue m\u00e9dium clarividente, psic\u00f3grafo, de sanaci\u00f3n e incorporaci\u00f3n. Pod\u00eda adem\u00e1s, pintar hermosos cuadros y tocar el piano divinamente cuando estaba en trance, ya que personalmente ignoraba esas artes. Ten\u00eda claras visiones del futuro y su palabra amiga y consoladora llegaba a todos por igual.&nbsp;<\/p>\n\n\n\n<p class=\"has-black-color has-text-color has-link-color has-small-font-size wp-elements-c6fc632c80f96f0007e6f23a89ba1d0f\">Jaime Galt\u00e9 despert\u00f3 en el pueblo chileno la necesidad del conocimiento espiritual y la aproximaci\u00f3n al mundo espiritual. Dios quiera que sean muchos los que lo recuerden y sigan su ejemplo de bondad y servicio.&nbsp;<\/p>\n<\/div><\/div>\n\n\n\n<div class=\"wp-block-uagb-container uagb-block-a58ab44d alignfull uagb-is-root-container\"><div class=\"uagb-container-inner-blocks-wrap\"><\/div><\/div>\n\n\n\n<div class=\"wp-block-uagb-container uagb-block-212610c4 alignfull uagb-is-root-container\"><div class=\"uagb-container-inner-blocks-wrap\"><\/div><\/div>","protected":false},"excerpt":{"rendered":"<p>Jaime Galt\u00e9 \u2013 el medium m\u00e1s famoso de Chile&nbsp; Jaime Galt\u00e9 naci\u00f3 el 24 de mayo de 1903 en Santiago de Chile y falleci\u00f3 a los 62 a\u00f1os de edad, en 1965. Fue un brillante abogado y excelente padre de familia. Ocup\u00f3 cargos importantes, entre ellos: profesor de Derecho Procesal, Director de la Escuela de [&hellip;]<\/p>","protected":false},"author":1,"featured_media":0,"parent":0,"menu_order":0,"comment_status":"closed","ping_status":"closed","template":"","meta":{"_uag_custom_page_level_css":"","site-sidebar-layout":"default","site-content-layout":"","ast-site-content-layout":"default","site-content-style":"default","site-sidebar-style":"default","ast-global-header-display":"","ast-banner-title-visibility":"","ast-main-header-display":"","ast-hfb-above-header-display":"","ast-hfb-below-header-display":"","ast-hfb-mobile-header-display":"","site-post-title":"disabled","ast-breadcrumbs-content":"","ast-featured-img":"","footer-sml-layout":"","theme-transparent-header-meta":"","adv-header-id-meta":"","stick-header-meta":"","header-above-stick-meta":"","header-main-stick-meta":"","header-below-stick-meta":"","astra-migrate-meta-layouts":"set","ast-page-background-enabled":"default","ast-page-background-meta":{"desktop":{"background-color":"var(--ast-global-color-4)","background-image":"","background-repeat":"repeat","background-position":"center center","background-size":"auto","background-attachment":"scroll","background-type":"","background-media":"","overlay-type":"","overlay-color":"","overlay-opacity":"","overlay-gradient":""},"tablet":{"background-color":"","background-image":"","background-repeat":"repeat","background-position":"center center","background-size":"auto","background-attachment":"scroll","background-type":"","background-media":"","overlay-type":"","overlay-color":"","overlay-opacity":"","overlay-gradient":""},"mobile":{"background-color":"","background-image":"","background-repeat":"repeat","background-position":"center center","background-size":"auto","background-attachment":"scroll","background-type":"","background-media":"","overlay-type":"","overlay-color":"","overlay-opacity":"","overlay-gradient":""}},"ast-content-background-meta":{"desktop":{"background-color":"var(--ast-global-color-5)","background-image":"","background-repeat":"repeat","background-position":"center center","background-size":"auto","background-attachment":"scroll","background-type":"","background-media":"","overlay-type":"","overlay-color":"","overlay-opacity":"","overlay-gradient":""},"tablet":{"background-color":"var(--ast-global-color-5)","background-image":"","background-repeat":"repeat","background-position":"center center","background-size":"auto","background-attachment":"scroll","background-type":"","background-media":"","overlay-type":"","overlay-color":"","overlay-opacity":"","overlay-gradient":""},"mobile":{"background-color":"var(--ast-global-color-5)","background-image":"","background-repeat":"repeat","background-position":"center center","background-size":"auto","background-attachment":"scroll","background-type":"","background-media":"","overlay-type":"","overlay-color":"","overlay-opacity":"","overlay-gradient":""}},"footnotes":""},"class_list":["post-3088","page","type-page","status-publish","hentry"],"yoast_head":"<!-- This site is optimized with the Yoast SEO Premium plugin v24.2 (Yoast SEO v24.6) - https:\/\/yoast.com\/wordpress\/plugins\/seo\/ -->\n<title>Jaime Galt\u00e9 - Uni\u00f3n Esp\u00edrita<\/title>\n<meta name=\"robots\" content=\"index, follow, max-snippet:-1, max-image-preview:large, max-video-preview:-1\" \/>\n<link rel=\"canonical\" href=\"https:\/\/nuevo-renacer.com\/it\/jaime-galte\/\" \/>\n<meta property=\"og:locale\" content=\"it_IT\" \/>\n<meta property=\"og:type\" content=\"article\" \/>\n<meta property=\"og:title\" content=\"Jaime Galt\u00e9\" \/>\n<meta property=\"og:description\" content=\"Jaime Galt\u00e9 \u2013 el medium m\u00e1s famoso de Chile&nbsp; Jaime Galt\u00e9 naci\u00f3 el 24 de mayo de 1903 en Santiago de Chile y falleci\u00f3 a los 62 a\u00f1os de edad, en 1965. Fue un brillante abogado y excelente padre de familia. Ocup\u00f3 cargos importantes, entre ellos: profesor de Derecho Procesal, Director de la Escuela de [&hellip;]\" \/>\n<meta property=\"og:url\" content=\"https:\/\/nuevo-renacer.com\/it\/jaime-galte\/\" \/>\n<meta property=\"og:site_name\" content=\"Uni\u00f3n Esp\u00edrita\" \/>\n<meta property=\"article:publisher\" content=\"https:\/\/www.facebook.com\/groups\/3431398063740829\" \/>\n<meta property=\"article:modified_time\" content=\"2025-06-13T10:16:27+00:00\" \/>\n<meta property=\"og:image\" content=\"https:\/\/nuevo-renacer.com\/wp-content\/uploads\/2024\/07\/Jaime-Galte-1.jpg\" \/>\n<meta name=\"twitter:card\" content=\"summary_large_image\" \/>\n<meta name=\"twitter:label1\" content=\"Tempo di lettura stimato\" \/>\n\t<meta name=\"twitter:data1\" content=\"5 minuti\" \/>\n<script type=\"application\/ld+json\" class=\"yoast-schema-graph\">{\"@context\":\"https:\/\/schema.org\",\"@graph\":[{\"@type\":\"WebPage\",\"@id\":\"https:\/\/nuevo-renacer.com\/jaime-galte\/\",\"url\":\"https:\/\/nuevo-renacer.com\/jaime-galte\/\",\"name\":\"Jaime Galt\u00e9 - Uni\u00f3n Esp\u00edrita\",\"isPartOf\":{\"@id\":\"https:\/\/nuevo-renacer.com\/#website\"},\"primaryImageOfPage\":{\"@id\":\"https:\/\/nuevo-renacer.com\/jaime-galte\/#primaryimage\"},\"image\":{\"@id\":\"https:\/\/nuevo-renacer.com\/jaime-galte\/#primaryimage\"},\"thumbnailUrl\":\"https:\/\/nuevo-renacer.com\/wp-content\/uploads\/2024\/07\/Jaime-Galte-1.jpg\",\"datePublished\":\"2024-07-06T11:51:16+00:00\",\"dateModified\":\"2025-06-13T10:16:27+00:00\",\"breadcrumb\":{\"@id\":\"https:\/\/nuevo-renacer.com\/jaime-galte\/#breadcrumb\"},\"inLanguage\":\"it-IT\",\"potentialAction\":[{\"@type\":\"ReadAction\",\"target\":[\"https:\/\/nuevo-renacer.com\/jaime-galte\/\"]}]},{\"@type\":\"ImageObject\",\"inLanguage\":\"it-IT\",\"@id\":\"https:\/\/nuevo-renacer.com\/jaime-galte\/#primaryimage\",\"url\":\"https:\/\/nuevo-renacer.com\/wp-content\/uploads\/2024\/07\/Jaime-Galte-1.jpg\",\"contentUrl\":\"https:\/\/nuevo-renacer.com\/wp-content\/uploads\/2024\/07\/Jaime-Galte-1.jpg\"},{\"@type\":\"BreadcrumbList\",\"@id\":\"https:\/\/nuevo-renacer.com\/jaime-galte\/#breadcrumb\",\"itemListElement\":[{\"@type\":\"ListItem\",\"position\":1,\"name\":\"Startseite\",\"item\":\"https:\/\/nuevo-renacer.com\/\"},{\"@type\":\"ListItem\",\"position\":2,\"name\":\"Jaime Galt\u00e9\"}]},{\"@type\":\"WebSite\",\"@id\":\"https:\/\/nuevo-renacer.com\/#website\",\"url\":\"https:\/\/nuevo-renacer.com\/\",\"name\":\"Uni\u00f3n Esp\u00edrita\",\"description\":\"Nuevo Renacer\",\"publisher\":{\"@id\":\"https:\/\/nuevo-renacer.com\/#organization\"},\"potentialAction\":[{\"@type\":\"SearchAction\",\"target\":{\"@type\":\"EntryPoint\",\"urlTemplate\":\"https:\/\/nuevo-renacer.com\/?s={search_term_string}\"},\"query-input\":{\"@type\":\"PropertyValueSpecification\",\"valueRequired\":true,\"valueName\":\"search_term_string\"}}],\"inLanguage\":\"it-IT\"},{\"@type\":\"Organization\",\"@id\":\"https:\/\/nuevo-renacer.com\/#organization\",\"name\":\"UFEC\",\"url\":\"https:\/\/nuevo-renacer.com\/\",\"logo\":{\"@type\":\"ImageObject\",\"inLanguage\":\"it-IT\",\"@id\":\"https:\/\/nuevo-renacer.com\/#\/schema\/logo\/image\/\",\"url\":\"https:\/\/nuevo-renacer.com\/wp-content\/uploads\/2024\/05\/cropped-LOGO-TERMINADO1-3-3.png\",\"contentUrl\":\"https:\/\/nuevo-renacer.com\/wp-content\/uploads\/2024\/05\/cropped-LOGO-TERMINADO1-3-3.png\",\"width\":512,\"height\":512,\"caption\":\"UFEC\"},\"image\":{\"@id\":\"https:\/\/nuevo-renacer.com\/#\/schema\/logo\/image\/\"},\"sameAs\":[\"https:\/\/www.facebook.com\/groups\/3431398063740829\"]}]}<\/script>\n<!-- \/ Yoast SEO Premium plugin. -->","yoast_head_json":{"title":"Jaime Galt\u00e9 - Uni\u00f3n Esp\u00edrita","robots":{"index":"index","follow":"follow","max-snippet":"max-snippet:-1","max-image-preview":"max-image-preview:large","max-video-preview":"max-video-preview:-1"},"canonical":"https:\/\/nuevo-renacer.com\/it\/jaime-galte\/","og_locale":"it_IT","og_type":"article","og_title":"Jaime Galt\u00e9","og_description":"Jaime Galt\u00e9 \u2013 el medium m\u00e1s famoso de Chile&nbsp; Jaime Galt\u00e9 naci\u00f3 el 24 de mayo de 1903 en Santiago de Chile y falleci\u00f3 a los 62 a\u00f1os de edad, en 1965. Fue un brillante abogado y excelente padre de familia. Ocup\u00f3 cargos importantes, entre ellos: profesor de Derecho Procesal, Director de la Escuela de [&hellip;]","og_url":"https:\/\/nuevo-renacer.com\/it\/jaime-galte\/","og_site_name":"Uni\u00f3n Esp\u00edrita","article_publisher":"https:\/\/www.facebook.com\/groups\/3431398063740829","article_modified_time":"2025-06-13T10:16:27+00:00","og_image":[{"url":"https:\/\/nuevo-renacer.com\/wp-content\/uploads\/2024\/07\/Jaime-Galte-1.jpg","type":"","width":"","height":""}],"twitter_card":"summary_large_image","twitter_misc":{"Tempo di lettura stimato":"5 minuti"},"schema":{"@context":"https:\/\/schema.org","@graph":[{"@type":"WebPage","@id":"https:\/\/nuevo-renacer.com\/jaime-galte\/","url":"https:\/\/nuevo-renacer.com\/jaime-galte\/","name":"Jaime Galt\u00e9 - Uni\u00f3n Esp\u00edrita","isPartOf":{"@id":"https:\/\/nuevo-renacer.com\/#website"},"primaryImageOfPage":{"@id":"https:\/\/nuevo-renacer.com\/jaime-galte\/#primaryimage"},"image":{"@id":"https:\/\/nuevo-renacer.com\/jaime-galte\/#primaryimage"},"thumbnailUrl":"https:\/\/nuevo-renacer.com\/wp-content\/uploads\/2024\/07\/Jaime-Galte-1.jpg","datePublished":"2024-07-06T11:51:16+00:00","dateModified":"2025-06-13T10:16:27+00:00","breadcrumb":{"@id":"https:\/\/nuevo-renacer.com\/jaime-galte\/#breadcrumb"},"inLanguage":"it-IT","potentialAction":[{"@type":"ReadAction","target":["https:\/\/nuevo-renacer.com\/jaime-galte\/"]}]},{"@type":"ImageObject","inLanguage":"it-IT","@id":"https:\/\/nuevo-renacer.com\/jaime-galte\/#primaryimage","url":"https:\/\/nuevo-renacer.com\/wp-content\/uploads\/2024\/07\/Jaime-Galte-1.jpg","contentUrl":"https:\/\/nuevo-renacer.com\/wp-content\/uploads\/2024\/07\/Jaime-Galte-1.jpg"},{"@type":"BreadcrumbList","@id":"https:\/\/nuevo-renacer.com\/jaime-galte\/#breadcrumb","itemListElement":[{"@type":"ListItem","position":1,"name":"Startseite","item":"https:\/\/nuevo-renacer.com\/"},{"@type":"ListItem","position":2,"name":"Jaime Galt\u00e9"}]},{"@type":"WebSite","@id":"https:\/\/nuevo-renacer.com\/#website","url":"https:\/\/nuevo-renacer.com\/","name":"Uni\u00f3n Esp\u00edrita","description":"Nuevo Renacer","publisher":{"@id":"https:\/\/nuevo-renacer.com\/#organization"},"potentialAction":[{"@type":"SearchAction","target":{"@type":"EntryPoint","urlTemplate":"https:\/\/nuevo-renacer.com\/?s={search_term_string}"},"query-input":{"@type":"PropertyValueSpecification","valueRequired":true,"valueName":"search_term_string"}}],"inLanguage":"it-IT"},{"@type":"Organization","@id":"https:\/\/nuevo-renacer.com\/#organization","name":"UFEC","url":"https:\/\/nuevo-renacer.com\/","logo":{"@type":"ImageObject","inLanguage":"it-IT","@id":"https:\/\/nuevo-renacer.com\/#\/schema\/logo\/image\/","url":"https:\/\/nuevo-renacer.com\/wp-content\/uploads\/2024\/05\/cropped-LOGO-TERMINADO1-3-3.png","contentUrl":"https:\/\/nuevo-renacer.com\/wp-content\/uploads\/2024\/05\/cropped-LOGO-TERMINADO1-3-3.png","width":512,"height":512,"caption":"UFEC"},"image":{"@id":"https:\/\/nuevo-renacer.com\/#\/schema\/logo\/image\/"},"sameAs":["https:\/\/www.facebook.com\/groups\/3431398063740829"]}]}},"uagb_featured_image_src":{"full":false,"thumbnail":false,"medium":false,"medium_large":false,"large":false,"1536x1536":false,"2048x2048":false,"trp-custom-language-flag":false},"uagb_author_info":{"display_name":"adbv0","author_link":"https:\/\/nuevo-renacer.com\/it\/author\/adbv0\/"},"uagb_comment_info":0,"uagb_excerpt":"Jaime Galt\u00e9 \u2013 el medium m\u00e1s famoso de Chile&nbsp; Jaime Galt\u00e9 naci\u00f3 el 24 de mayo de 1903 en Santiago de Chile y falleci\u00f3 a los 62 a\u00f1os de edad, en 1965. Fue un brillante abogado y excelente padre de familia. Ocup\u00f3 cargos importantes, entre ellos: profesor de Derecho Procesal, Director de la Escuela de&hellip;","jetpack_sharing_enabled":true,"_links":{"self":[{"href":"https:\/\/nuevo-renacer.com\/it\/wp-json\/wp\/v2\/pages\/3088","targetHints":{"allow":["GET"]}}],"collection":[{"href":"https:\/\/nuevo-renacer.com\/it\/wp-json\/wp\/v2\/pages"}],"about":[{"href":"https:\/\/nuevo-renacer.com\/it\/wp-json\/wp\/v2\/types\/page"}],"author":[{"embeddable":true,"href":"https:\/\/nuevo-renacer.com\/it\/wp-json\/wp\/v2\/users\/1"}],"replies":[{"embeddable":true,"href":"https:\/\/nuevo-renacer.com\/it\/wp-json\/wp\/v2\/comments?post=3088"}],"version-history":[{"count":3,"href":"https:\/\/nuevo-renacer.com\/it\/wp-json\/wp\/v2\/pages\/3088\/revisions"}],"predecessor-version":[{"id":8335,"href":"https:\/\/nuevo-renacer.com\/it\/wp-json\/wp\/v2\/pages\/3088\/revisions\/8335"}],"wp:attachment":[{"href":"https:\/\/nuevo-renacer.com\/it\/wp-json\/wp\/v2\/media?parent=3088"}],"curies":[{"name":"wp","href":"https:\/\/api.w.org\/{rel}","templated":true}]}}