{"id":3070,"date":"2024-07-06T11:32:18","date_gmt":"2024-07-06T11:32:18","guid":{"rendered":"https:\/\/ufec-mundial.com\/?page_id=3070"},"modified":"2025-06-13T10:10:20","modified_gmt":"2025-06-13T10:10:20","slug":"francisco-peixoto-lins","status":"publish","type":"page","link":"https:\/\/nuevo-renacer.com\/it\/francisco-peixoto-lins\/","title":{"rendered":"Francisco Peixoto Lins"},"content":{"rendered":"<div class=\"wp-block-uagb-container uagb-block-93c301d2 alignfull uagb-is-root-container\"><div class=\"uagb-container-inner-blocks-wrap\">\n<p class=\"has-black-color has-text-color has-link-color has-medium-font-size wp-elements-55c713e62e0a139389aa2ea37f972aa5\"><strong>Francisco Peixoto Lins<\/strong>&nbsp;<\/p>\n<\/div><\/div>\n\n\n\n<div class=\"wp-block-uagb-container uagb-block-69efe0f9 alignfull uagb-is-root-container\"><div class=\"uagb-container-inner-blocks-wrap\">\n<div class=\"wp-block-uagb-image alignleft uagb-block-9840d3e4 wp-block-uagb-image--layout-default wp-block-uagb-image--effect-static wp-block-uagb-image--align-left\"><figure class=\"wp-block-uagb-image__figure\"><img loading=\"lazy\" decoding=\"async\" srcset=\"https:\/\/nuevo-renacer.com\/wp-content\/uploads\/2024\/07\/peixotinho_1-1.jpg ,https:\/\/ufec-mundial.com\/wp-content\/uploads\/2024\/07\/peixotinho_1-1.jpg 780w, https:\/\/nuevo-renacer.com\/wp-content\/uploads\/2024\/07\/peixotinho_1-1.jpg 360w\" sizes=\"auto, (max-width: 480px) 150px\" src=\"https:\/\/nuevo-renacer.com\/wp-content\/uploads\/2024\/07\/peixotinho_1-1.jpg\" alt=\"\" class=\"uag-image-3073\" width=\"300\" height=\"360\" title=\"peixotinho_1-1\" role=\"img\"\/><\/figure><\/div>\n<\/div><\/div>\n\n\n\n<div class=\"wp-block-uagb-container uagb-block-5c923011 alignfull uagb-is-root-container\"><div class=\"uagb-container-inner-blocks-wrap\">\n<p class=\"has-black-color has-text-color has-link-color has-small-font-size wp-elements-74ffe7d6e56c869171d71325d554602a\">Peixotinho, como cari\u00f1osamente se lo llamaba, fue uno de los m\u00e9diums m\u00e1s famosos de Brasil, especialmente como m\u00e9dium de efectos f\u00edsicos. Su nombre completo es Francisco Peixoto Lins.&nbsp;Naci\u00f3 en la ciudad de Pacatuba, estado de Cear\u00e1 (el mismo del querido Bezerra de Menezes), el 1\u00ba de febrero de 1905 y desencarn\u00f3 el 16 de junio de 1966, en Campos, estado de Rio de Janeiro, Brasil.&nbsp;<\/p>\n\n\n\n<p class=\"has-black-color has-text-color has-link-color has-small-font-size wp-elements-4b553512f6c1981a624b07e77dda7938\">Su vida, como la de todos los grandes hombres, estuvo rodeada de dificultades. Recordemos que los inconvenientes de la vida son simplemente pruebas que el Mundo Espiritual nos env\u00eda para pulir nuestros Esp\u00edritus, fortalecernos y testar nuestra fe.&nbsp;Pas\u00f3 su infancia en la ciudad de Fortaleza, rodeado del cari\u00f1o de sus t\u00edos, ya que su madre hab\u00eda desencarnado siendo \u00e9l un ni\u00f1o. A los catorce a\u00f1os se muda al Amazonas, en busca de trabajo, como recolector de caucho, proveniente de los \u00e1rboles. Era la \u00e9poca del apogeo de este material para la construcci\u00f3n de los nuevos elementos como neum\u00e1ticos y otros pl\u00e1sticos. Durante este per\u00edodo la riqueza se expandi\u00f3 por todo Brasil.&nbsp;<\/p>\n\n\n\n<p class=\"has-black-color has-text-color has-link-color has-small-font-size wp-elements-9acbf2290720e9a9535b7feab210128c\">All\u00ed, en la selva, mientras trabajaba duramente, sufri\u00f3 inconvenientes tanto f\u00edsicos como emocionales que le marcaron el car\u00e1cter.&nbsp;&nbsp;Despu\u00e9s de unos a\u00f1os retorn\u00f3 a Cear\u00e1, su provincia natal, y all\u00ed surgi\u00f3 su mediumnidad, que hab\u00eda estado aparentemente adormecida. Al principio se asust\u00f3 mucho, sin saber qu\u00e9 le ocurr\u00eda. Se sent\u00eda rodeado de Esp\u00edritus sufridores que lo persegu\u00edan. Temi\u00f3 enloquecer. Adem\u00e1s de esas voces dolientes y la visi\u00f3n de figuras atormentadas sufri\u00f3 una repentina par\u00e1lisis de las extremidades inferiores.&nbsp;<\/p>\n\n\n\n<p class=\"has-black-color has-text-color has-link-color has-small-font-size wp-elements-325c4c014ca03be98f556305da6c8ed1\">Su familia, muy cat\u00f3lica, no quer\u00eda recurrir al Espiritismo para resolver los problemas de salud, cada vez m\u00e1s graves de Peixotinho. Su estado empeoraba cada d\u00eda para desesperaci\u00f3n de \u00e9l y de la familia.&nbsp;Un d\u00eda, sin embargo, se present\u00f3 en su casa un grupo de trabajadores esp\u00edritas que sab\u00edan de sus dificultades. Pertenec\u00edan a la \u201cFederaci\u00f3n Esp\u00edrita Cearense\u201d. Con pases, oraciones y agua fluidificada ellos lo liberaron de los Esp\u00edritus sufridores que lo torturaban. Era un claro caso de obsesi\u00f3n.&nbsp;<\/p>\n\n\n\n<p class=\"has-black-color has-text-color has-link-color has-small-font-size wp-elements-d2e7267186bb728a6e69348426131c9e\">En ese momento Peixotinho conoce el Espiritismo y comienza a estudiar la Doctrina de la Buena Nueva. Tambi\u00e9n se entera de la mediumnidad que trae en esta reencarnaci\u00f3n y se pone a estudiar para poder ejercerla con la dignidad que corresponde.&nbsp;En 1926 se muda a Rio de Janeiro, en ese entonces capital del pa\u00eds, y se alista en el ej\u00e9rcito. Fue transferido varias veces, viviendo en diferentes lugares de Brasil, debido a su nueva carrera militar.&nbsp;<\/p>\n\n\n\n<p class=\"has-black-color has-text-color has-link-color has-small-font-size wp-elements-af14c7861b81125fcb60f0b5820c2d08\">Se cas\u00f3 en 1933 con Benedita (Baby) Vieira y tuvo 9 hijos, constituyendo una hermosa familia cristiana. En cada una de las ciudades por las que pas\u00f3 abri\u00f3 grupos de estudio de la Doctrina de Kardec, con la gu\u00eda del querido maestro Jes\u00fas.&nbsp;<\/p>\n\n\n\n<div class=\"wp-block-group is-layout-constrained wp-block-group-is-layout-constrained\">\n<p class=\"has-black-color has-text-color has-link-color has-small-font-size wp-elements-2c30194e143e6fb43e6e5a7add014fdf\">En Macae fund\u00f3 el \u201cGrupo Esp\u00edrita Pedro\u201d.&nbsp;<\/p>\n\n\n\n<p class=\"has-black-color has-text-color has-link-color has-small-font-size wp-elements-1beae96f65dfac805b293ce180c51b50\">En el estado de Rio de Janeiro (Sao Jo\u00e3o) fund\u00f3 el \u201cGrupo Esp\u00edrita Andr\u00e9 Luiz\u201d, que se reun\u00eda en su casa, todos los domingos.&nbsp;<\/p>\n\n\n\n<p class=\"has-black-color has-text-color has-link-color has-small-font-size wp-elements-3149a7d8fb0a19a2e07804d592f3437d\">En la ciudad de Santos fund\u00f3 el \u201cCentro Esp\u00edrita Ismenia de Jes\u00fas\u201d.&nbsp;<\/p>\n\n\n\n<p class=\"has-black-color has-text-color has-link-color has-small-font-size wp-elements-b15a6b398bd799c28659b864476bb634\">En Campos fund\u00f3 el \u201cGrupo Esp\u00edrita Aracy\u201d (nombre de su gu\u00eda espiritual) y tambi\u00e9n trabaj\u00f3 en el \u201cGrupo Esp\u00edrita Joanna de Arco\u201d.&nbsp;<\/p>\n<\/div>\n\n\n\n<p class=\"has-black-color has-text-color has-link-color has-small-font-size wp-elements-b130b4fb916e500603b478034ecc51f0\">En 1948 tuvo el so\u00f1ado y anhelado encuentro con el querido Chico Xavier. Juntos participaron de muchas reuniones de efectos f\u00edsicos, especialmente de materializaci\u00f3n.&nbsp;Peixotinho era un hombre de apariencia menuda, casi infantil pero de voluntad f\u00e9rrea, mente clara y un gran sentido de la responsabilidad, especialmente referente al ejercicio de la mediumnidad. Jam\u00e1s dej\u00f3 de atender a quien solicitara sus servicios y jam\u00e1s recibi\u00f3 dinero por ello, como todo buen esp\u00edrita.&nbsp;<\/p>\n\n\n\n<p class=\"has-black-color has-text-color has-link-color has-small-font-size wp-elements-69d99bea0ca7c9e55b640952c22157f9\">En todos los Centros que fund\u00f3 o que particip\u00f3 mantuvo siempre los fundamentos de la Doctrina de Kardec y de Jes\u00fas por encima de todo. Su vida fue un ejemplo de abnegaci\u00f3n, dedicaci\u00f3n, responsabilidad y amor al pr\u00f3jimo.&nbsp;Son famosos los casos, estudiados por cient\u00edficos e incr\u00e9dulos, en los que Peixotinho, atado de pies y manos, exhalaba ectoplasma en tal cantidad que materializaba los Esp\u00edritus de desencarnados, quienes se comunicaban con los presentes en las reuniones, movi\u00e9ndose y, a veces, hablando. Tambi\u00e9n materializaba flores, plantas y otros elementos.&nbsp;<\/p>\n\n\n\n<p class=\"has-black-color has-text-color has-link-color has-small-font-size wp-elements-f579890bf0291395f7fa18a3b7d9dc89\">Agradecemos a este Esp\u00edritu su ejemplo de amor y dedicaci\u00f3n al Evangelio del dulce Rab\u00ed de Jerusal\u00e9n.&nbsp;<\/p>\n<\/div><\/div>\n\n\n\n<div class=\"wp-block-uagb-container uagb-block-f40e4d39 alignfull uagb-is-root-container\"><div class=\"uagb-container-inner-blocks-wrap\"><\/div><\/div>\n\n\n\n<div class=\"wp-block-uagb-container uagb-block-8b792c05 alignfull uagb-is-root-container\"><div class=\"uagb-container-inner-blocks-wrap\"><\/div><\/div>","protected":false},"excerpt":{"rendered":"<p>Francisco Peixoto Lins&nbsp; Peixotinho, como cari\u00f1osamente se lo llamaba, fue uno de los m\u00e9diums m\u00e1s famosos de Brasil, especialmente como m\u00e9dium de efectos f\u00edsicos. Su nombre completo es Francisco Peixoto Lins.&nbsp;Naci\u00f3 en la ciudad de Pacatuba, estado de Cear\u00e1 (el mismo del querido Bezerra de Menezes), el 1\u00ba de febrero de 1905 y desencarn\u00f3 el [&hellip;]<\/p>","protected":false},"author":1,"featured_media":0,"parent":0,"menu_order":0,"comment_status":"closed","ping_status":"closed","template":"","meta":{"_uag_custom_page_level_css":"","site-sidebar-layout":"default","site-content-layout":"","ast-site-content-layout":"default","site-content-style":"default","site-sidebar-style":"default","ast-global-header-display":"","ast-banner-title-visibility":"","ast-main-header-display":"","ast-hfb-above-header-display":"","ast-hfb-below-header-display":"","ast-hfb-mobile-header-display":"","site-post-title":"disabled","ast-breadcrumbs-content":"","ast-featured-img":"","footer-sml-layout":"","theme-transparent-header-meta":"","adv-header-id-meta":"","stick-header-meta":"","header-above-stick-meta":"","header-main-stick-meta":"","header-below-stick-meta":"","astra-migrate-meta-layouts":"set","ast-page-background-enabled":"default","ast-page-background-meta":{"desktop":{"background-color":"var(--ast-global-color-4)","background-image":"","background-repeat":"repeat","background-position":"center center","background-size":"auto","background-attachment":"scroll","background-type":"","background-media":"","overlay-type":"","overlay-color":"","overlay-opacity":"","overlay-gradient":""},"tablet":{"background-color":"","background-image":"","background-repeat":"repeat","background-position":"center center","background-size":"auto","background-attachment":"scroll","background-type":"","background-media":"","overlay-type":"","overlay-color":"","overlay-opacity":"","overlay-gradient":""},"mobile":{"background-color":"","background-image":"","background-repeat":"repeat","background-position":"center center","background-size":"auto","background-attachment":"scroll","background-type":"","background-media":"","overlay-type":"","overlay-color":"","overlay-opacity":"","overlay-gradient":""}},"ast-content-background-meta":{"desktop":{"background-color":"var(--ast-global-color-5)","background-image":"","background-repeat":"repeat","background-position":"center center","background-size":"auto","background-attachment":"scroll","background-type":"","background-media":"","overlay-type":"","overlay-color":"","overlay-opacity":"","overlay-gradient":""},"tablet":{"background-color":"var(--ast-global-color-5)","background-image":"","background-repeat":"repeat","background-position":"center center","background-size":"auto","background-attachment":"scroll","background-type":"","background-media":"","overlay-type":"","overlay-color":"","overlay-opacity":"","overlay-gradient":""},"mobile":{"background-color":"var(--ast-global-color-5)","background-image":"","background-repeat":"repeat","background-position":"center center","background-size":"auto","background-attachment":"scroll","background-type":"","background-media":"","overlay-type":"","overlay-color":"","overlay-opacity":"","overlay-gradient":""}},"footnotes":""},"class_list":["post-3070","page","type-page","status-publish","hentry"],"yoast_head":"<!-- This site is optimized with the Yoast SEO Premium plugin v24.2 (Yoast SEO v24.6) - https:\/\/yoast.com\/wordpress\/plugins\/seo\/ -->\n<title>Francisco Peixoto Lins - Uni\u00f3n Esp\u00edrita<\/title>\n<meta name=\"robots\" content=\"index, follow, max-snippet:-1, max-image-preview:large, max-video-preview:-1\" \/>\n<link rel=\"canonical\" href=\"https:\/\/nuevo-renacer.com\/it\/francisco-peixoto-lins\/\" \/>\n<meta property=\"og:locale\" content=\"it_IT\" \/>\n<meta property=\"og:type\" content=\"article\" \/>\n<meta property=\"og:title\" content=\"Francisco Peixoto Lins\" \/>\n<meta property=\"og:description\" content=\"Francisco Peixoto Lins&nbsp; Peixotinho, como cari\u00f1osamente se lo llamaba, fue uno de los m\u00e9diums m\u00e1s famosos de Brasil, especialmente como m\u00e9dium de efectos f\u00edsicos. Su nombre completo es Francisco Peixoto Lins.&nbsp;Naci\u00f3 en la ciudad de Pacatuba, estado de Cear\u00e1 (el mismo del querido Bezerra de Menezes), el 1\u00ba de febrero de 1905 y desencarn\u00f3 el [&hellip;]\" \/>\n<meta property=\"og:url\" content=\"https:\/\/nuevo-renacer.com\/it\/francisco-peixoto-lins\/\" \/>\n<meta property=\"og:site_name\" content=\"Uni\u00f3n Esp\u00edrita\" \/>\n<meta property=\"article:publisher\" content=\"https:\/\/www.facebook.com\/groups\/3431398063740829\" \/>\n<meta property=\"article:modified_time\" content=\"2025-06-13T10:10:20+00:00\" \/>\n<meta property=\"og:image\" content=\"https:\/\/nuevo-renacer.com\/wp-content\/uploads\/2024\/07\/peixotinho_1-1.jpg\" \/>\n<meta name=\"twitter:card\" content=\"summary_large_image\" \/>\n<meta name=\"twitter:label1\" content=\"Tempo di lettura stimato\" \/>\n\t<meta name=\"twitter:data1\" content=\"5 minuti\" \/>\n<script type=\"application\/ld+json\" class=\"yoast-schema-graph\">{\"@context\":\"https:\/\/schema.org\",\"@graph\":[{\"@type\":\"WebPage\",\"@id\":\"https:\/\/nuevo-renacer.com\/francisco-peixoto-lins\/\",\"url\":\"https:\/\/nuevo-renacer.com\/francisco-peixoto-lins\/\",\"name\":\"Francisco Peixoto Lins - Uni\u00f3n Esp\u00edrita\",\"isPartOf\":{\"@id\":\"https:\/\/nuevo-renacer.com\/#website\"},\"primaryImageOfPage\":{\"@id\":\"https:\/\/nuevo-renacer.com\/francisco-peixoto-lins\/#primaryimage\"},\"image\":{\"@id\":\"https:\/\/nuevo-renacer.com\/francisco-peixoto-lins\/#primaryimage\"},\"thumbnailUrl\":\"https:\/\/nuevo-renacer.com\/wp-content\/uploads\/2024\/07\/peixotinho_1-1.jpg\",\"datePublished\":\"2024-07-06T11:32:18+00:00\",\"dateModified\":\"2025-06-13T10:10:20+00:00\",\"breadcrumb\":{\"@id\":\"https:\/\/nuevo-renacer.com\/francisco-peixoto-lins\/#breadcrumb\"},\"inLanguage\":\"it-IT\",\"potentialAction\":[{\"@type\":\"ReadAction\",\"target\":[\"https:\/\/nuevo-renacer.com\/francisco-peixoto-lins\/\"]}]},{\"@type\":\"ImageObject\",\"inLanguage\":\"it-IT\",\"@id\":\"https:\/\/nuevo-renacer.com\/francisco-peixoto-lins\/#primaryimage\",\"url\":\"https:\/\/nuevo-renacer.com\/wp-content\/uploads\/2024\/07\/peixotinho_1-1.jpg\",\"contentUrl\":\"https:\/\/nuevo-renacer.com\/wp-content\/uploads\/2024\/07\/peixotinho_1-1.jpg\"},{\"@type\":\"BreadcrumbList\",\"@id\":\"https:\/\/nuevo-renacer.com\/francisco-peixoto-lins\/#breadcrumb\",\"itemListElement\":[{\"@type\":\"ListItem\",\"position\":1,\"name\":\"Startseite\",\"item\":\"https:\/\/nuevo-renacer.com\/\"},{\"@type\":\"ListItem\",\"position\":2,\"name\":\"Francisco Peixoto Lins\"}]},{\"@type\":\"WebSite\",\"@id\":\"https:\/\/nuevo-renacer.com\/#website\",\"url\":\"https:\/\/nuevo-renacer.com\/\",\"name\":\"Uni\u00f3n Esp\u00edrita\",\"description\":\"Nuevo Renacer\",\"publisher\":{\"@id\":\"https:\/\/nuevo-renacer.com\/#organization\"},\"potentialAction\":[{\"@type\":\"SearchAction\",\"target\":{\"@type\":\"EntryPoint\",\"urlTemplate\":\"https:\/\/nuevo-renacer.com\/?s={search_term_string}\"},\"query-input\":{\"@type\":\"PropertyValueSpecification\",\"valueRequired\":true,\"valueName\":\"search_term_string\"}}],\"inLanguage\":\"it-IT\"},{\"@type\":\"Organization\",\"@id\":\"https:\/\/nuevo-renacer.com\/#organization\",\"name\":\"UFEC\",\"url\":\"https:\/\/nuevo-renacer.com\/\",\"logo\":{\"@type\":\"ImageObject\",\"inLanguage\":\"it-IT\",\"@id\":\"https:\/\/nuevo-renacer.com\/#\/schema\/logo\/image\/\",\"url\":\"https:\/\/nuevo-renacer.com\/wp-content\/uploads\/2024\/05\/cropped-LOGO-TERMINADO1-3-3.png\",\"contentUrl\":\"https:\/\/nuevo-renacer.com\/wp-content\/uploads\/2024\/05\/cropped-LOGO-TERMINADO1-3-3.png\",\"width\":512,\"height\":512,\"caption\":\"UFEC\"},\"image\":{\"@id\":\"https:\/\/nuevo-renacer.com\/#\/schema\/logo\/image\/\"},\"sameAs\":[\"https:\/\/www.facebook.com\/groups\/3431398063740829\"]}]}<\/script>\n<!-- \/ Yoast SEO Premium plugin. -->","yoast_head_json":{"title":"Francisco Peixoto Lins - Uni\u00f3n Esp\u00edrita","robots":{"index":"index","follow":"follow","max-snippet":"max-snippet:-1","max-image-preview":"max-image-preview:large","max-video-preview":"max-video-preview:-1"},"canonical":"https:\/\/nuevo-renacer.com\/it\/francisco-peixoto-lins\/","og_locale":"it_IT","og_type":"article","og_title":"Francisco Peixoto Lins","og_description":"Francisco Peixoto Lins&nbsp; Peixotinho, como cari\u00f1osamente se lo llamaba, fue uno de los m\u00e9diums m\u00e1s famosos de Brasil, especialmente como m\u00e9dium de efectos f\u00edsicos. Su nombre completo es Francisco Peixoto Lins.&nbsp;Naci\u00f3 en la ciudad de Pacatuba, estado de Cear\u00e1 (el mismo del querido Bezerra de Menezes), el 1\u00ba de febrero de 1905 y desencarn\u00f3 el [&hellip;]","og_url":"https:\/\/nuevo-renacer.com\/it\/francisco-peixoto-lins\/","og_site_name":"Uni\u00f3n Esp\u00edrita","article_publisher":"https:\/\/www.facebook.com\/groups\/3431398063740829","article_modified_time":"2025-06-13T10:10:20+00:00","og_image":[{"url":"https:\/\/nuevo-renacer.com\/wp-content\/uploads\/2024\/07\/peixotinho_1-1.jpg","type":"","width":"","height":""}],"twitter_card":"summary_large_image","twitter_misc":{"Tempo di lettura stimato":"5 minuti"},"schema":{"@context":"https:\/\/schema.org","@graph":[{"@type":"WebPage","@id":"https:\/\/nuevo-renacer.com\/francisco-peixoto-lins\/","url":"https:\/\/nuevo-renacer.com\/francisco-peixoto-lins\/","name":"Francisco Peixoto Lins - Uni\u00f3n Esp\u00edrita","isPartOf":{"@id":"https:\/\/nuevo-renacer.com\/#website"},"primaryImageOfPage":{"@id":"https:\/\/nuevo-renacer.com\/francisco-peixoto-lins\/#primaryimage"},"image":{"@id":"https:\/\/nuevo-renacer.com\/francisco-peixoto-lins\/#primaryimage"},"thumbnailUrl":"https:\/\/nuevo-renacer.com\/wp-content\/uploads\/2024\/07\/peixotinho_1-1.jpg","datePublished":"2024-07-06T11:32:18+00:00","dateModified":"2025-06-13T10:10:20+00:00","breadcrumb":{"@id":"https:\/\/nuevo-renacer.com\/francisco-peixoto-lins\/#breadcrumb"},"inLanguage":"it-IT","potentialAction":[{"@type":"ReadAction","target":["https:\/\/nuevo-renacer.com\/francisco-peixoto-lins\/"]}]},{"@type":"ImageObject","inLanguage":"it-IT","@id":"https:\/\/nuevo-renacer.com\/francisco-peixoto-lins\/#primaryimage","url":"https:\/\/nuevo-renacer.com\/wp-content\/uploads\/2024\/07\/peixotinho_1-1.jpg","contentUrl":"https:\/\/nuevo-renacer.com\/wp-content\/uploads\/2024\/07\/peixotinho_1-1.jpg"},{"@type":"BreadcrumbList","@id":"https:\/\/nuevo-renacer.com\/francisco-peixoto-lins\/#breadcrumb","itemListElement":[{"@type":"ListItem","position":1,"name":"Startseite","item":"https:\/\/nuevo-renacer.com\/"},{"@type":"ListItem","position":2,"name":"Francisco Peixoto Lins"}]},{"@type":"WebSite","@id":"https:\/\/nuevo-renacer.com\/#website","url":"https:\/\/nuevo-renacer.com\/","name":"Uni\u00f3n Esp\u00edrita","description":"Nuevo Renacer","publisher":{"@id":"https:\/\/nuevo-renacer.com\/#organization"},"potentialAction":[{"@type":"SearchAction","target":{"@type":"EntryPoint","urlTemplate":"https:\/\/nuevo-renacer.com\/?s={search_term_string}"},"query-input":{"@type":"PropertyValueSpecification","valueRequired":true,"valueName":"search_term_string"}}],"inLanguage":"it-IT"},{"@type":"Organization","@id":"https:\/\/nuevo-renacer.com\/#organization","name":"UFEC","url":"https:\/\/nuevo-renacer.com\/","logo":{"@type":"ImageObject","inLanguage":"it-IT","@id":"https:\/\/nuevo-renacer.com\/#\/schema\/logo\/image\/","url":"https:\/\/nuevo-renacer.com\/wp-content\/uploads\/2024\/05\/cropped-LOGO-TERMINADO1-3-3.png","contentUrl":"https:\/\/nuevo-renacer.com\/wp-content\/uploads\/2024\/05\/cropped-LOGO-TERMINADO1-3-3.png","width":512,"height":512,"caption":"UFEC"},"image":{"@id":"https:\/\/nuevo-renacer.com\/#\/schema\/logo\/image\/"},"sameAs":["https:\/\/www.facebook.com\/groups\/3431398063740829"]}]}},"uagb_featured_image_src":{"full":false,"thumbnail":false,"medium":false,"medium_large":false,"large":false,"1536x1536":false,"2048x2048":false,"trp-custom-language-flag":false},"uagb_author_info":{"display_name":"adbv0","author_link":"https:\/\/nuevo-renacer.com\/it\/author\/adbv0\/"},"uagb_comment_info":0,"uagb_excerpt":"Francisco Peixoto Lins&nbsp; Peixotinho, como cari\u00f1osamente se lo llamaba, fue uno de los m\u00e9diums m\u00e1s famosos de Brasil, especialmente como m\u00e9dium de efectos f\u00edsicos. Su nombre completo es Francisco Peixoto Lins.&nbsp;Naci\u00f3 en la ciudad de Pacatuba, estado de Cear\u00e1 (el mismo del querido Bezerra de Menezes), el 1\u00ba de febrero de 1905 y desencarn\u00f3 el&hellip;","jetpack_sharing_enabled":true,"_links":{"self":[{"href":"https:\/\/nuevo-renacer.com\/it\/wp-json\/wp\/v2\/pages\/3070","targetHints":{"allow":["GET"]}}],"collection":[{"href":"https:\/\/nuevo-renacer.com\/it\/wp-json\/wp\/v2\/pages"}],"about":[{"href":"https:\/\/nuevo-renacer.com\/it\/wp-json\/wp\/v2\/types\/page"}],"author":[{"embeddable":true,"href":"https:\/\/nuevo-renacer.com\/it\/wp-json\/wp\/v2\/users\/1"}],"replies":[{"embeddable":true,"href":"https:\/\/nuevo-renacer.com\/it\/wp-json\/wp\/v2\/comments?post=3070"}],"version-history":[{"count":3,"href":"https:\/\/nuevo-renacer.com\/it\/wp-json\/wp\/v2\/pages\/3070\/revisions"}],"predecessor-version":[{"id":8331,"href":"https:\/\/nuevo-renacer.com\/it\/wp-json\/wp\/v2\/pages\/3070\/revisions\/8331"}],"wp:attachment":[{"href":"https:\/\/nuevo-renacer.com\/it\/wp-json\/wp\/v2\/media?parent=3070"}],"curies":[{"name":"wp","href":"https:\/\/api.w.org\/{rel}","templated":true}]}}