{"id":3066,"date":"2024-07-06T11:22:27","date_gmt":"2024-07-06T11:22:27","guid":{"rendered":"https:\/\/ufec-mundial.com\/?page_id=3066"},"modified":"2025-06-13T10:18:09","modified_gmt":"2025-06-13T10:18:09","slug":"johann-heinrich-pestalozzi","status":"publish","type":"page","link":"https:\/\/nuevo-renacer.com\/it\/johann-heinrich-pestalozzi\/","title":{"rendered":"Johann Heinrich Pestalozzi"},"content":{"rendered":"<div class=\"wp-block-uagb-container uagb-block-49250629 alignfull uagb-is-root-container\"><div class=\"uagb-container-inner-blocks-wrap\">\n<p class=\"has-black-color has-text-color has-link-color has-medium-font-size wp-elements-9f2efc4a8104b157219567ba6511538b\"><strong>Johann Heinrich Pestalozzi <\/strong>( 1746 \u2013 1827&nbsp;)<\/p>\n<\/div><\/div>\n\n\n\n<div class=\"wp-block-uagb-container uagb-block-0bf46feb alignfull uagb-is-root-container\"><div class=\"uagb-container-inner-blocks-wrap\">\n<div class=\"wp-block-uagb-image alignleft uagb-block-3e2ab53a wp-block-uagb-image--layout-default wp-block-uagb-image--effect-static wp-block-uagb-image--align-left\"><figure class=\"wp-block-uagb-image__figure\"><img loading=\"lazy\" decoding=\"async\" srcset=\"https:\/\/nuevo-renacer.com\/wp-content\/uploads\/2024\/07\/Johann_Heinrich_Pestalozzi_Real_Academia_de_Bellas_Artes_de_San_Fernando_Madrid-1-785x1024.jpg ,https:\/\/ufec-mundial.com\/wp-content\/uploads\/2024\/07\/Johann_Heinrich_Pestalozzi_Real_Academia_de_Bellas_Artes_de_San_Fernando_Madrid-1-scaled.jpg 780w, https:\/\/nuevo-renacer.com\/wp-content\/uploads\/2024\/07\/Johann_Heinrich_Pestalozzi_Real_Academia_de_Bellas_Artes_de_San_Fernando_Madrid-1-785x1024.jpg 360w\" sizes=\"auto, (max-width: 480px) 150px\" src=\"https:\/\/nuevo-renacer.com\/wp-content\/uploads\/2024\/07\/Johann_Heinrich_Pestalozzi_Real_Academia_de_Bellas_Artes_de_San_Fernando_Madrid-1-785x1024.jpg\" alt=\"\" class=\"uag-image-3067\" width=\"341\" height=\"445\" title=\"Johann_Heinrich_Pestalozzi_Real_Academia_de_Bellas_Artes_de_San_Fernando_Madrid-1\" role=\"img\"\/><\/figure><\/div>\n<\/div><\/div>\n\n\n\n<div class=\"wp-block-uagb-container uagb-block-a30711e1 alignfull uagb-is-root-container\"><div class=\"uagb-container-inner-blocks-wrap\">\n<p class=\"has-black-color has-text-color has-link-color has-small-font-size wp-elements-e1bf05d1de512c5bec6a75c639cb3fec\">Johann Heinrich Pestalozzi conocido en los pa\u00edses de lengua espa\u00f1ola como Enrique Pestalozzi, fue un pedagogo suizo y reformador de la pedagog\u00eda tradicional, pues dirigi\u00f3 su labor hacia la educaci\u00f3n popular. Fue el profesor de Hippolyte Le\u00f3n Denizard Rivail (Allan kardec)&nbsp;<\/p>\n\n\n\n<p class=\"has-black-color has-text-color has-link-color has-small-font-size wp-elements-b1f746c156caac666214b443a77b6198\">Su padre, cirujano, falleci\u00f3 cuando \u00e9l ten\u00eda 6 a\u00f1os; as\u00ed, la formaci\u00f3n del ni\u00f1o fue predominantemente maternal y desarroll\u00f3 en \u00e9l un car\u00e1cter sentimental y t\u00edmido.&nbsp;<\/p>\n\n\n\n<p class=\"has-black-color has-text-color has-link-color has-small-font-size wp-elements-360e77508674da3ab16e18a596807a9b\">Estudia en el colegio de humanidades de Zurich, a los 18 a\u00f1os, y despu\u00e9s empieza la carrera de Teolog\u00eda; pero la lectura de Rousseau le hace abandonar su meta eclesi\u00e1stica. Inicia estudios de jurisprudencia y luego dedica un a\u00f1o al aprendizaje de t\u00e9cnicas agr\u00edcolas con un ingeniero.&nbsp;<\/p>\n\n\n\n<p class=\"has-black-color has-text-color has-link-color has-small-font-size wp-elements-dac8a6a4ec51803c11cb3b492f9c6c6e\">En 1775 abri\u00f3 en Neuhof una escuela para ni\u00f1os pobres inspirada en el modelo del Emilio de Rousseau, cuyos disc\u00edpulos no lo eran instruidos por \u00e9l sino tambi\u00e9n empleados en trabajos remunerativos. El proyecto fracas\u00f3, como tambi\u00e9n otro similar que llev\u00f3 a cabo en Stans.&nbsp;<\/p>\n\n\n\n<p class=\"has-black-color has-text-color has-link-color has-small-font-size wp-elements-12479a70e67f299929b1957df2ad06b3\">En 1797 public\u00f3 \u201cMi investigaci\u00f3n sobre el curso de la naturaleza en el desarrollo del g\u00e9nero humano\u201d, su obra de mayor repercusi\u00f3n. Reemprendi\u00f3 sus pr\u00e1cticas pedag\u00f3gicas en un castillo cedido por el gobierno, en Berna, experiencia que reflej\u00f3 en su obra \u201cC\u00f3mo Gertrud ense\u00f1a a sus hijos\u201d (1801).&nbsp;<\/p>\n\n\n\n<p class=\"has-black-color has-text-color has-link-color has-small-font-size wp-elements-70c90f5fada324af07ca8a17570e70d3\">Tras la Revoluci\u00f3n suiza de 1798, el Gobierno suizo conf\u00eda a Pestalozzi (que colaboraba pol\u00edticamente con \u00e9l) la educaci\u00f3n de los hu\u00e9rfanos de guerra y ni\u00f1os pobres de la regi\u00f3n. Con esta experiencia, que dura siete meses, Pestalozzi se va adentrando en el mundo de la educaci\u00f3n.&nbsp;<\/p>\n\n\n\n<p class=\"has-black-color has-text-color has-link-color has-small-font-size wp-elements-50e644c7f64fa9ed8384b65eddb8c6f7\">En Yverd\u00f3n (1804-1825), la instituci\u00f3n docente de Pestalozzi alcanza su plenitud y un renombre internacional, \u00e9l va perfeccionando y difundiendo su m\u00e9todo.&nbsp;<\/p>\n\n\n\n<p class=\"has-black-color has-text-color has-link-color has-small-font-size wp-elements-5c856daf45f2d04b6de06b0ff83b7a9b\">En 1811, \u00e9l y sus colaboradores mencionan el sistema pestalozziano con el nombre de \u201cEducaci\u00f3n muy elemental\u201d, que consiste en hacer que el proceso de desarrollo humano (sensitivo, intelectual y moral) siga el curso evolutivo de la naturaleza del ni\u00f1o, sin adelantarse artificialmente al mismo. La educaci\u00f3n es vista como una \u201cayuda\u201d y la actividad educativa y docente como un \u201carte\u201d. Siendo el n\u00facleo fundamental de la educaci\u00f3n: la familia.&nbsp;<\/p>\n\n\n\n<p class=\"has-black-color has-text-color has-link-color has-small-font-size wp-elements-581170ff173dcf228d9f1ef69dae2cac\">Para Pestalozzi, la finalidad de la educaci\u00f3n es conseguir que el hombre desarrolle capacidades humanas en su triple actividad: Esp\u00edritu: vida intelectual, Coraz\u00f3n: vida moral, Mano: vida pr\u00e1ctica. Tambi\u00e9n le daba un gran valor a la educaci\u00f3n religiosa, siempre que \u00e9sta no tuviera un car\u00e1cter dogm\u00e1tico ni confesional.&nbsp;<\/p>\n\n\n\n<p class=\"has-black-color has-text-color has-link-color has-small-font-size wp-elements-8186d6ec88d3a9e141be6d2f0205146b\">Hay tres planos a destacar en su pensamiento: &nbsp;<\/p>\n\n\n\n<div class=\"wp-block-group is-layout-constrained wp-block-group-is-layout-constrained\">\n<p class=\"has-black-color has-text-color has-link-color has-small-font-size wp-elements-6c1850a2cb340e30102aaa9d99e8fad7\">1) Pedagog\u00eda Naturalista, el ni\u00f1o debe ser educado en libertad, que pueda actuar a su modo en contacto con la naturaleza<\/p>\n\n\n\n<p class=\"has-black-color has-text-color has-link-color has-small-font-size wp-elements-63afc54188381f3c2eab538d1e7ee432\">2) Un m\u00e9todo: intuici\u00f3n global<\/p>\n\n\n\n<p class=\"has-black-color has-text-color has-link-color has-small-font-size wp-elements-aa5743e4fa975b26d438cc3b455b1140\">3) La finalidad es la educaci\u00f3n<\/p>\n<\/div>\n\n\n\n<p class=\"has-black-color has-text-color has-link-color has-small-font-size wp-elements-f82f62a7b14072b607fb97eb867c6fbb\">En su pedagog\u00eda Naturalista se dej\u00f3 guiar por su esp\u00edritu humanitario, dedicaci\u00f3n al pueblo y a los pobres. Fue el creador de la escuela popular, abierta a todo el mundo, regenerada con esp\u00edritu social, no p\u00fablica ni institucional.&nbsp;&nbsp;<\/p>\n\n\n\n<p class=\"has-black-color has-text-color has-link-color has-small-font-size wp-elements-363911ecde30585fc6828af1ec7b3d14\">Para Pestalozzi la funci\u00f3n social de la educaci\u00f3n es integrar a los ni\u00f1os de escasos recursos a la vida social, a trav\u00e9s de la ense\u00f1anza de un oficio. Pensaba que sus propios alumnos &#8211; a largo plazo -, ser\u00edan educadores del ma\u00f1ana. Ten\u00eda un concepto muy claro de los valores, para \u00e9l la educaci\u00f3n deb\u00eda ser igualitaria, es decir, educar a gente marginada. Confiaba plenamente en las virtudes de la educaci\u00f3n popular.&nbsp;<\/p>\n\n\n\n<p class=\"has-black-color has-text-color has-link-color has-small-font-size wp-elements-4940fac4616f9682a916c7f15d7d8855\">Como Roussoniano llev\u00f3 a la pr\u00e1ctica el naturalismo de Rousseau, por ejemplo: hasta los 11 a\u00f1os no ense\u00f1\u00f3 a sus hijos a leer.&nbsp;<\/p>\n\n\n\n<p class=\"has-black-color has-text-color has-link-color has-small-font-size wp-elements-0419bff286c41979bdc5ca533386142c\">Con respecto al m\u00e9todo intuitivo escribi\u00f3: &nbsp;<\/p>\n\n\n\n<p class=\"has-black-color has-text-color has-link-color has-small-font-size wp-elements-61dc037a8ff290015e8f491b1896f35a\">&nbsp;<br>\u201cYo creo que no se puede so\u00f1ar en obtener el progreso en la instrucci\u00f3n del pueblo mientras no se hayan encontrado formas de ense\u00f1anza que hablan del maestro al menos, hasta el fin de los estudios elementales, el simple instrumento mec\u00e1nico de un m\u00e9todo que debe sus resultados a la naturaleza de sus procedimientos, y no a la habilidad de aquel que lo practica\u00bb.&nbsp;<\/p>\n\n\n\n<p class=\"has-black-color has-text-color has-link-color has-small-font-size wp-elements-77269249113f2b97b38a2f004a15b30a\">Pestalozzi todav\u00eda tiene una profunda influencia en todos los aspectos de la educaci\u00f3n actual y es conocido como \u00abel educador de la humanidad\u00bb.&nbsp;&nbsp;<\/p>\n\n\n\n<p class=\"has-black-color has-text-color has-link-color has-small-font-size wp-elements-61b52d8514415ab56777f4a822f23462\">Como escritor, publica las siguientes obras:&nbsp;<\/p>\n\n\n\n<div class=\"wp-block-group is-layout-constrained wp-block-group-is-layout-constrained\">\n<p class=\"has-black-color has-text-color has-link-color has-small-font-size wp-elements-6ed73f13c3ea592cdac471e3aa90d1ab\">\u201cVeladas de un ermita\u00f1o\u201d (1780)&nbsp;<\/p>\n\n\n\n<p class=\"has-black-color has-text-color has-link-color has-small-font-size wp-elements-59e51dc2ea4a29552e0dce78455d2ec8\">\u201cLeonardo y Gertrudis\u201d (1781) novela pedag\u00f3gica&nbsp;<\/p>\n\n\n\n<p class=\"has-black-color has-text-color has-link-color has-small-font-size wp-elements-e42877f98e301b05f6cfc79ffa97659f\">\u201cCrist\u00f3bal y Elsa\u201d (1782)&nbsp;<\/p>\n\n\n\n<p class=\"has-black-color has-text-color has-link-color has-small-font-size wp-elements-9a812aca01eb08b4cbd72da6ed3d01ba\">\u201cMis investigaciones sobre la marcha de la naturaleza en el desenvolvimiento del g\u00e9nero humano\u201d (1797)&nbsp;<\/p>\n\n\n\n<p class=\"has-black-color has-text-color has-link-color has-small-font-size wp-elements-a8231f42b488f4e61434659f8a8dddd1\">\u201cC\u00f3mo Gertrudis ense\u00f1a a sus hijos\u201d (1801)&nbsp;<\/p>\n\n\n\n<p class=\"has-black-color has-text-color has-link-color has-small-font-size wp-elements-a8b17ae1963972beba9d87b9f1ef9f17\">En 1803 el Gobierno publica sus tres libros elementales:&nbsp;<\/p>\n\n\n\n<p class=\"has-black-color has-text-color has-link-color has-small-font-size wp-elements-7d41b5b187326e10c570355b0d01e2a0\">\u201cEl libro de las madres\u201d&nbsp;<\/p>\n\n\n\n<p class=\"has-black-color has-text-color has-link-color has-small-font-size wp-elements-d8983f4c6c54b2c6e8a985271bd1721c\">\u201cA B C de la intuici\u00f3n\u201d&nbsp;<\/p>\n\n\n\n<p class=\"has-black-color has-text-color has-link-color has-small-font-size wp-elements-36dca1ff98d2cdf3f8bddafff6102612\">\u201cLa Ense\u00f1anza intuitiva de las relaciones num\u00e9ricas\u201d&nbsp;<\/p>\n<\/div>\n\n\n\n<p class=\"has-black-color has-text-color has-link-color has-small-font-size wp-elements-6d6773e4b0991f135a2e07f309612aee\">En Neuhof pas\u00f3 los \u00faltimos a\u00f1os de su vida. All\u00ed escribi\u00f3 \u201cEl Canto del Cisne\u201d, una obra en retrospectiva que condensa los puntos capitales de su doctrina y los destinos, donde refiere las experiencias, a veces amargas de su vida de educador.&nbsp;&nbsp;<\/p>\n\n\n\n<p class=\"has-black-color has-text-color has-link-color has-small-font-size wp-elements-bef8a2a47533e05f71def5181ab1d1b6\">Fundador de la nueva escuela popular en Yverdon, con ochenta a\u00f1os de vida de dedicados al servicio del pueblo. Muri\u00f3 en Brugg, el 17 de febrero de 1827&nbsp;.<\/p>\n<\/div><\/div>\n\n\n\n<div class=\"wp-block-uagb-container uagb-block-9c775feb alignfull uagb-is-root-container\"><div class=\"uagb-container-inner-blocks-wrap\"><\/div><\/div>\n\n\n\n<div class=\"wp-block-uagb-container uagb-block-5e464727 alignfull uagb-is-root-container\"><div class=\"uagb-container-inner-blocks-wrap\"><\/div><\/div>","protected":false},"excerpt":{"rendered":"<p>Johann Heinrich Pestalozzi ( 1746 \u2013 1827&nbsp;) Johann Heinrich Pestalozzi conocido en los pa\u00edses de lengua espa\u00f1ola como Enrique Pestalozzi, fue un pedagogo suizo y reformador de la pedagog\u00eda tradicional, pues dirigi\u00f3 su labor hacia la educaci\u00f3n popular. Fue el profesor de Hippolyte Le\u00f3n Denizard Rivail (Allan kardec)&nbsp; Su padre, cirujano, falleci\u00f3 cuando \u00e9l ten\u00eda [&hellip;]<\/p>","protected":false},"author":1,"featured_media":0,"parent":0,"menu_order":0,"comment_status":"closed","ping_status":"closed","template":"","meta":{"_uag_custom_page_level_css":"","site-sidebar-layout":"default","site-content-layout":"","ast-site-content-layout":"default","site-content-style":"default","site-sidebar-style":"default","ast-global-header-display":"","ast-banner-title-visibility":"","ast-main-header-display":"","ast-hfb-above-header-display":"","ast-hfb-below-header-display":"","ast-hfb-mobile-header-display":"","site-post-title":"disabled","ast-breadcrumbs-content":"","ast-featured-img":"","footer-sml-layout":"","theme-transparent-header-meta":"","adv-header-id-meta":"","stick-header-meta":"","header-above-stick-meta":"","header-main-stick-meta":"","header-below-stick-meta":"","astra-migrate-meta-layouts":"set","ast-page-background-enabled":"default","ast-page-background-meta":{"desktop":{"background-color":"var(--ast-global-color-4)","background-image":"","background-repeat":"repeat","background-position":"center center","background-size":"auto","background-attachment":"scroll","background-type":"","background-media":"","overlay-type":"","overlay-color":"","overlay-opacity":"","overlay-gradient":""},"tablet":{"background-color":"","background-image":"","background-repeat":"repeat","background-position":"center center","background-size":"auto","background-attachment":"scroll","background-type":"","background-media":"","overlay-type":"","overlay-color":"","overlay-opacity":"","overlay-gradient":""},"mobile":{"background-color":"","background-image":"","background-repeat":"repeat","background-position":"center center","background-size":"auto","background-attachment":"scroll","background-type":"","background-media":"","overlay-type":"","overlay-color":"","overlay-opacity":"","overlay-gradient":""}},"ast-content-background-meta":{"desktop":{"background-color":"var(--ast-global-color-5)","background-image":"","background-repeat":"repeat","background-position":"center center","background-size":"auto","background-attachment":"scroll","background-type":"","background-media":"","overlay-type":"","overlay-color":"","overlay-opacity":"","overlay-gradient":""},"tablet":{"background-color":"var(--ast-global-color-5)","background-image":"","background-repeat":"repeat","background-position":"center center","background-size":"auto","background-attachment":"scroll","background-type":"","background-media":"","overlay-type":"","overlay-color":"","overlay-opacity":"","overlay-gradient":""},"mobile":{"background-color":"var(--ast-global-color-5)","background-image":"","background-repeat":"repeat","background-position":"center center","background-size":"auto","background-attachment":"scroll","background-type":"","background-media":"","overlay-type":"","overlay-color":"","overlay-opacity":"","overlay-gradient":""}},"footnotes":""},"class_list":["post-3066","page","type-page","status-publish","hentry"],"yoast_head":"<!-- This site is optimized with the Yoast SEO Premium plugin v24.2 (Yoast SEO v24.6) - https:\/\/yoast.com\/wordpress\/plugins\/seo\/ -->\n<title>Johann Heinrich Pestalozzi - Uni\u00f3n Esp\u00edrita<\/title>\n<meta name=\"robots\" content=\"index, follow, max-snippet:-1, max-image-preview:large, max-video-preview:-1\" \/>\n<link rel=\"canonical\" href=\"https:\/\/nuevo-renacer.com\/it\/johann-heinrich-pestalozzi\/\" \/>\n<meta property=\"og:locale\" content=\"it_IT\" \/>\n<meta property=\"og:type\" content=\"article\" \/>\n<meta property=\"og:title\" content=\"Johann Heinrich Pestalozzi\" \/>\n<meta property=\"og:description\" content=\"Johann Heinrich Pestalozzi ( 1746 \u2013 1827&nbsp;) Johann Heinrich Pestalozzi conocido en los pa\u00edses de lengua espa\u00f1ola como Enrique Pestalozzi, fue un pedagogo suizo y reformador de la pedagog\u00eda tradicional, pues dirigi\u00f3 su labor hacia la educaci\u00f3n popular. Fue el profesor de Hippolyte Le\u00f3n Denizard Rivail (Allan kardec)&nbsp; Su padre, cirujano, falleci\u00f3 cuando \u00e9l ten\u00eda [&hellip;]\" \/>\n<meta property=\"og:url\" content=\"https:\/\/nuevo-renacer.com\/it\/johann-heinrich-pestalozzi\/\" \/>\n<meta property=\"og:site_name\" content=\"Uni\u00f3n Esp\u00edrita\" \/>\n<meta property=\"article:publisher\" content=\"https:\/\/www.facebook.com\/groups\/3431398063740829\" \/>\n<meta property=\"article:modified_time\" content=\"2025-06-13T10:18:09+00:00\" \/>\n<meta property=\"og:image\" content=\"https:\/\/nuevo-renacer.com\/wp-content\/uploads\/2024\/07\/Johann_Heinrich_Pestalozzi_Real_Academia_de_Bellas_Artes_de_San_Fernando_Madrid-1-785x1024.jpg\" \/>\n<meta name=\"twitter:card\" content=\"summary_large_image\" \/>\n<meta name=\"twitter:label1\" content=\"Tempo di lettura stimato\" \/>\n\t<meta name=\"twitter:data1\" content=\"5 minuti\" \/>\n<script type=\"application\/ld+json\" class=\"yoast-schema-graph\">{\"@context\":\"https:\/\/schema.org\",\"@graph\":[{\"@type\":\"WebPage\",\"@id\":\"https:\/\/nuevo-renacer.com\/johann-heinrich-pestalozzi\/\",\"url\":\"https:\/\/nuevo-renacer.com\/johann-heinrich-pestalozzi\/\",\"name\":\"Johann Heinrich Pestalozzi - Uni\u00f3n Esp\u00edrita\",\"isPartOf\":{\"@id\":\"https:\/\/nuevo-renacer.com\/#website\"},\"primaryImageOfPage\":{\"@id\":\"https:\/\/nuevo-renacer.com\/johann-heinrich-pestalozzi\/#primaryimage\"},\"image\":{\"@id\":\"https:\/\/nuevo-renacer.com\/johann-heinrich-pestalozzi\/#primaryimage\"},\"thumbnailUrl\":\"https:\/\/nuevo-renacer.com\/wp-content\/uploads\/2024\/07\/Johann_Heinrich_Pestalozzi_Real_Academia_de_Bellas_Artes_de_San_Fernando_Madrid-1-785x1024.jpg\",\"datePublished\":\"2024-07-06T11:22:27+00:00\",\"dateModified\":\"2025-06-13T10:18:09+00:00\",\"breadcrumb\":{\"@id\":\"https:\/\/nuevo-renacer.com\/johann-heinrich-pestalozzi\/#breadcrumb\"},\"inLanguage\":\"it-IT\",\"potentialAction\":[{\"@type\":\"ReadAction\",\"target\":[\"https:\/\/nuevo-renacer.com\/johann-heinrich-pestalozzi\/\"]}]},{\"@type\":\"ImageObject\",\"inLanguage\":\"it-IT\",\"@id\":\"https:\/\/nuevo-renacer.com\/johann-heinrich-pestalozzi\/#primaryimage\",\"url\":\"https:\/\/nuevo-renacer.com\/wp-content\/uploads\/2024\/07\/Johann_Heinrich_Pestalozzi_Real_Academia_de_Bellas_Artes_de_San_Fernando_Madrid-1-785x1024.jpg\",\"contentUrl\":\"https:\/\/nuevo-renacer.com\/wp-content\/uploads\/2024\/07\/Johann_Heinrich_Pestalozzi_Real_Academia_de_Bellas_Artes_de_San_Fernando_Madrid-1-785x1024.jpg\"},{\"@type\":\"BreadcrumbList\",\"@id\":\"https:\/\/nuevo-renacer.com\/johann-heinrich-pestalozzi\/#breadcrumb\",\"itemListElement\":[{\"@type\":\"ListItem\",\"position\":1,\"name\":\"Startseite\",\"item\":\"https:\/\/nuevo-renacer.com\/\"},{\"@type\":\"ListItem\",\"position\":2,\"name\":\"Johann Heinrich Pestalozzi\"}]},{\"@type\":\"WebSite\",\"@id\":\"https:\/\/nuevo-renacer.com\/#website\",\"url\":\"https:\/\/nuevo-renacer.com\/\",\"name\":\"Uni\u00f3n Esp\u00edrita\",\"description\":\"Nuevo Renacer\",\"publisher\":{\"@id\":\"https:\/\/nuevo-renacer.com\/#organization\"},\"potentialAction\":[{\"@type\":\"SearchAction\",\"target\":{\"@type\":\"EntryPoint\",\"urlTemplate\":\"https:\/\/nuevo-renacer.com\/?s={search_term_string}\"},\"query-input\":{\"@type\":\"PropertyValueSpecification\",\"valueRequired\":true,\"valueName\":\"search_term_string\"}}],\"inLanguage\":\"it-IT\"},{\"@type\":\"Organization\",\"@id\":\"https:\/\/nuevo-renacer.com\/#organization\",\"name\":\"UFEC\",\"url\":\"https:\/\/nuevo-renacer.com\/\",\"logo\":{\"@type\":\"ImageObject\",\"inLanguage\":\"it-IT\",\"@id\":\"https:\/\/nuevo-renacer.com\/#\/schema\/logo\/image\/\",\"url\":\"https:\/\/nuevo-renacer.com\/wp-content\/uploads\/2024\/05\/cropped-LOGO-TERMINADO1-3-3.png\",\"contentUrl\":\"https:\/\/nuevo-renacer.com\/wp-content\/uploads\/2024\/05\/cropped-LOGO-TERMINADO1-3-3.png\",\"width\":512,\"height\":512,\"caption\":\"UFEC\"},\"image\":{\"@id\":\"https:\/\/nuevo-renacer.com\/#\/schema\/logo\/image\/\"},\"sameAs\":[\"https:\/\/www.facebook.com\/groups\/3431398063740829\"]}]}<\/script>\n<!-- \/ Yoast SEO Premium plugin. -->","yoast_head_json":{"title":"Johann Heinrich Pestalozzi - Uni\u00f3n Esp\u00edrita","robots":{"index":"index","follow":"follow","max-snippet":"max-snippet:-1","max-image-preview":"max-image-preview:large","max-video-preview":"max-video-preview:-1"},"canonical":"https:\/\/nuevo-renacer.com\/it\/johann-heinrich-pestalozzi\/","og_locale":"it_IT","og_type":"article","og_title":"Johann Heinrich Pestalozzi","og_description":"Johann Heinrich Pestalozzi ( 1746 \u2013 1827&nbsp;) Johann Heinrich Pestalozzi conocido en los pa\u00edses de lengua espa\u00f1ola como Enrique Pestalozzi, fue un pedagogo suizo y reformador de la pedagog\u00eda tradicional, pues dirigi\u00f3 su labor hacia la educaci\u00f3n popular. Fue el profesor de Hippolyte Le\u00f3n Denizard Rivail (Allan kardec)&nbsp; Su padre, cirujano, falleci\u00f3 cuando \u00e9l ten\u00eda [&hellip;]","og_url":"https:\/\/nuevo-renacer.com\/it\/johann-heinrich-pestalozzi\/","og_site_name":"Uni\u00f3n Esp\u00edrita","article_publisher":"https:\/\/www.facebook.com\/groups\/3431398063740829","article_modified_time":"2025-06-13T10:18:09+00:00","og_image":[{"url":"https:\/\/nuevo-renacer.com\/wp-content\/uploads\/2024\/07\/Johann_Heinrich_Pestalozzi_Real_Academia_de_Bellas_Artes_de_San_Fernando_Madrid-1-785x1024.jpg","type":"","width":"","height":""}],"twitter_card":"summary_large_image","twitter_misc":{"Tempo di lettura stimato":"5 minuti"},"schema":{"@context":"https:\/\/schema.org","@graph":[{"@type":"WebPage","@id":"https:\/\/nuevo-renacer.com\/johann-heinrich-pestalozzi\/","url":"https:\/\/nuevo-renacer.com\/johann-heinrich-pestalozzi\/","name":"Johann Heinrich Pestalozzi - Uni\u00f3n Esp\u00edrita","isPartOf":{"@id":"https:\/\/nuevo-renacer.com\/#website"},"primaryImageOfPage":{"@id":"https:\/\/nuevo-renacer.com\/johann-heinrich-pestalozzi\/#primaryimage"},"image":{"@id":"https:\/\/nuevo-renacer.com\/johann-heinrich-pestalozzi\/#primaryimage"},"thumbnailUrl":"https:\/\/nuevo-renacer.com\/wp-content\/uploads\/2024\/07\/Johann_Heinrich_Pestalozzi_Real_Academia_de_Bellas_Artes_de_San_Fernando_Madrid-1-785x1024.jpg","datePublished":"2024-07-06T11:22:27+00:00","dateModified":"2025-06-13T10:18:09+00:00","breadcrumb":{"@id":"https:\/\/nuevo-renacer.com\/johann-heinrich-pestalozzi\/#breadcrumb"},"inLanguage":"it-IT","potentialAction":[{"@type":"ReadAction","target":["https:\/\/nuevo-renacer.com\/johann-heinrich-pestalozzi\/"]}]},{"@type":"ImageObject","inLanguage":"it-IT","@id":"https:\/\/nuevo-renacer.com\/johann-heinrich-pestalozzi\/#primaryimage","url":"https:\/\/nuevo-renacer.com\/wp-content\/uploads\/2024\/07\/Johann_Heinrich_Pestalozzi_Real_Academia_de_Bellas_Artes_de_San_Fernando_Madrid-1-785x1024.jpg","contentUrl":"https:\/\/nuevo-renacer.com\/wp-content\/uploads\/2024\/07\/Johann_Heinrich_Pestalozzi_Real_Academia_de_Bellas_Artes_de_San_Fernando_Madrid-1-785x1024.jpg"},{"@type":"BreadcrumbList","@id":"https:\/\/nuevo-renacer.com\/johann-heinrich-pestalozzi\/#breadcrumb","itemListElement":[{"@type":"ListItem","position":1,"name":"Startseite","item":"https:\/\/nuevo-renacer.com\/"},{"@type":"ListItem","position":2,"name":"Johann Heinrich Pestalozzi"}]},{"@type":"WebSite","@id":"https:\/\/nuevo-renacer.com\/#website","url":"https:\/\/nuevo-renacer.com\/","name":"Uni\u00f3n Esp\u00edrita","description":"Nuevo Renacer","publisher":{"@id":"https:\/\/nuevo-renacer.com\/#organization"},"potentialAction":[{"@type":"SearchAction","target":{"@type":"EntryPoint","urlTemplate":"https:\/\/nuevo-renacer.com\/?s={search_term_string}"},"query-input":{"@type":"PropertyValueSpecification","valueRequired":true,"valueName":"search_term_string"}}],"inLanguage":"it-IT"},{"@type":"Organization","@id":"https:\/\/nuevo-renacer.com\/#organization","name":"UFEC","url":"https:\/\/nuevo-renacer.com\/","logo":{"@type":"ImageObject","inLanguage":"it-IT","@id":"https:\/\/nuevo-renacer.com\/#\/schema\/logo\/image\/","url":"https:\/\/nuevo-renacer.com\/wp-content\/uploads\/2024\/05\/cropped-LOGO-TERMINADO1-3-3.png","contentUrl":"https:\/\/nuevo-renacer.com\/wp-content\/uploads\/2024\/05\/cropped-LOGO-TERMINADO1-3-3.png","width":512,"height":512,"caption":"UFEC"},"image":{"@id":"https:\/\/nuevo-renacer.com\/#\/schema\/logo\/image\/"},"sameAs":["https:\/\/www.facebook.com\/groups\/3431398063740829"]}]}},"uagb_featured_image_src":{"full":false,"thumbnail":false,"medium":false,"medium_large":false,"large":false,"1536x1536":false,"2048x2048":false,"trp-custom-language-flag":false},"uagb_author_info":{"display_name":"adbv0","author_link":"https:\/\/nuevo-renacer.com\/it\/author\/adbv0\/"},"uagb_comment_info":0,"uagb_excerpt":"Johann Heinrich Pestalozzi ( 1746 \u2013 1827&nbsp;) Johann Heinrich Pestalozzi conocido en los pa\u00edses de lengua espa\u00f1ola como Enrique Pestalozzi, fue un pedagogo suizo y reformador de la pedagog\u00eda tradicional, pues dirigi\u00f3 su labor hacia la educaci\u00f3n popular. Fue el profesor de Hippolyte Le\u00f3n Denizard Rivail (Allan kardec)&nbsp; Su padre, cirujano, falleci\u00f3 cuando \u00e9l ten\u00eda&hellip;","jetpack_sharing_enabled":true,"_links":{"self":[{"href":"https:\/\/nuevo-renacer.com\/it\/wp-json\/wp\/v2\/pages\/3066","targetHints":{"allow":["GET"]}}],"collection":[{"href":"https:\/\/nuevo-renacer.com\/it\/wp-json\/wp\/v2\/pages"}],"about":[{"href":"https:\/\/nuevo-renacer.com\/it\/wp-json\/wp\/v2\/types\/page"}],"author":[{"embeddable":true,"href":"https:\/\/nuevo-renacer.com\/it\/wp-json\/wp\/v2\/users\/1"}],"replies":[{"embeddable":true,"href":"https:\/\/nuevo-renacer.com\/it\/wp-json\/wp\/v2\/comments?post=3066"}],"version-history":[{"count":6,"href":"https:\/\/nuevo-renacer.com\/it\/wp-json\/wp\/v2\/pages\/3066\/revisions"}],"predecessor-version":[{"id":8336,"href":"https:\/\/nuevo-renacer.com\/it\/wp-json\/wp\/v2\/pages\/3066\/revisions\/8336"}],"wp:attachment":[{"href":"https:\/\/nuevo-renacer.com\/it\/wp-json\/wp\/v2\/media?parent=3066"}],"curies":[{"name":"wp","href":"https:\/\/api.w.org\/{rel}","templated":true}]}}