{"id":3058,"date":"2024-07-06T11:14:45","date_gmt":"2024-07-06T11:14:45","guid":{"rendered":"https:\/\/ufec-mundial.com\/?page_id=3058"},"modified":"2026-04-20T18:30:14","modified_gmt":"2026-04-20T18:30:14","slug":"daniel-dunglas-home","status":"publish","type":"page","link":"https:\/\/nuevo-renacer.com\/it\/daniel-dunglas-home\/","title":{"rendered":"Daniel Dunglas Home"},"content":{"rendered":"<div class=\"wp-block-uagb-container uagb-block-dec469f2 alignfull uagb-is-root-container\"><div class=\"uagb-container-inner-blocks-wrap\">\n<p class=\"has-black-color has-text-color has-link-color has-medium-font-size wp-elements-5fc248ad9c53afb2acb877c4d7a9bba3\"><strong>Daniel Dunglas Home<\/strong><\/p>\n<\/div><\/div>\n\n\n\n<div class=\"wp-block-uagb-container uagb-block-d90083c8 alignfull uagb-is-root-container\"><div class=\"uagb-container-inner-blocks-wrap\">\n<div class=\"wp-block-uagb-image alignleft uagb-block-221e2a42 wp-block-uagb-image--layout-default wp-block-uagb-image--effect-static wp-block-uagb-image--align-left\"><figure class=\"wp-block-uagb-image__figure\"><img loading=\"lazy\" decoding=\"async\" srcset=\"https:\/\/nuevo-renacer.com\/wp-content\/uploads\/2026\/04\/Daniel_Dunglas_Home.jpg ,https:\/\/nuevo-renacer.com\/wp-content\/uploads\/2026\/04\/Daniel_Dunglas_Home.jpg 780w, https:\/\/nuevo-renacer.com\/wp-content\/uploads\/2026\/04\/Daniel_Dunglas_Home.jpg 360w\" sizes=\"auto, (max-width: 480px) 150px\" src=\"https:\/\/nuevo-renacer.com\/wp-content\/uploads\/2026\/04\/Daniel_Dunglas_Home.jpg\" alt=\"\" class=\"uag-image-8873\" width=\"319\" height=\"241\" title=\"Daniel_Dunglas_Home\" role=\"img\"\/><\/figure><\/div>\n<\/div><\/div>\n\n\n\n<div class=\"wp-block-uagb-container uagb-block-dc5c48dd alignfull uagb-is-root-container\"><div class=\"uagb-container-inner-blocks-wrap\">\n<p class=\"has-black-color has-text-color has-link-color has-small-font-size wp-elements-a44f8c5f3ef1b439dc7591e12f126e29\">Daniel Dunglas Home, famoso m\u00e9dium brit\u00e1nico. Naci\u00f3 el 15 de marzo de 1833 en Escocia y desencarn\u00f3 el 21 de junio de 1886 en Francia. Se cas\u00f3 en Rusia en el a\u00f1o 1856 con Alexandrina Kroll, hermana de la condesa Kouchelew-Bezborodko.&nbsp;<\/p>\n\n\n\n<p class=\"has-black-color has-text-color has-link-color has-small-font-size wp-elements-31e93b39b5dc515cc1121e56210ca8fc\">A los trece a\u00f1os comenz\u00f3 a dar se\u00f1ales de facultades ps\u00edquicas. Nunca explot\u00f3 sus facultades para hacer dinero. Jam\u00e1s en el curso de los 30 a\u00f1os de su misi\u00f3n extraordinaria se hizo pagar por las manifestaciones de sus dones. La Uni\u00f3n Club de Par\u00eds, en 1857, le ofreci\u00f3 dos mil libras esterlinas por una sola sesi\u00f3n, \u00e9l, pobre e inv\u00e1lido, las rehus\u00f3 rotundamente. Se contentaba con decir: \u00abHe sido enviado para realizar una misi\u00f3n\u00bb. Tuvo una vida irreprochable.&nbsp;<\/p>\n\n\n\n<p class=\"has-black-color has-text-color has-link-color has-small-font-size wp-elements-8c8f3d8ee4619e6b6be35907338fc75f\">Ten\u00eda visiones, levitaci\u00f3n espont\u00e1nea, manipulaci\u00f3n del fuego, movimiento de objetos pesados sin ning\u00fan contacto, materializaci\u00f3n de Esp\u00edritus, curaciones extraordinarias y adem\u00e1s, transmit\u00eda mensajes de los Esp\u00edritus.&nbsp;<\/p>\n\n\n\n<p class=\"has-black-color has-text-color has-link-color has-small-font-size wp-elements-6124cce3e707b42d44d4cb59674343eb\">El fen\u00f3meno de levitaci\u00f3n fue una de las pruebas de las notables facultades medi\u00famnicas de Home. Se asegura que varias veces se elev\u00f3 en el aire en presencia de testigos de la mayor reputaci\u00f3n. En 1857, estando en un castillo de las inmediaciones de Burdeos, se elev\u00f3 hasta el techo de una habitaci\u00f3n bastante alta. Home para dejar la evidencia, hizo una cruz con l\u00e1piz en el techo.&nbsp;<\/p>\n\n\n\n<p class=\"has-black-color has-text-color has-link-color has-small-font-size wp-elements-8850c51ad1403057a1908dd6b6a1761b\">En 1860, un art\u00edculo de Roberto Bell \u00abM\u00e1s extra\u00f1o que una novela\u00bb, publicado en el Cornhill, dec\u00eda: \u00abSe elev\u00f3 desde la silla en que estaba sentado hasta unos cuatro o cinco pies del suelo&#8230; Vimos su cabeza pasar de un lado de la ventana a otro, con los pies hacia atr\u00e1s, tendido horizontalmente en el aire\u00bb.&nbsp;&nbsp;<\/p>\n\n\n\n<p class=\"has-black-color has-text-color has-link-color has-small-font-size wp-elements-16f9dafd6629f6a14875fcd4ce3690bc\">En 1868, al estar el m\u00e9dium en uno de los cuartos del tercer piso del hotel Ashley House, delante de varias personas, levit\u00f3 saliendo por una ventana y entrando por otra.&nbsp;<\/p>\n\n\n\n<p class=\"has-black-color has-text-color has-link-color has-small-font-size wp-elements-e0b92a5d066abe59610f44507b9337ef\">Tantos fueron los casos de levitaci\u00f3n de Home, que podr\u00eda escribirse un largo cap\u00edtulo dedicado exclusivamente a esta fase de su mediumnidad. Adem\u00e1s fueron atestiguadas por tantos y tan famosos observadores y en condiciones tan claras que ning\u00fan hombre razonable pod\u00eda ponerlas en duda, y hubiera bastado para ello las realizadas por el profesor Crookes, que fue testigo repetidas veces del fen\u00f3meno, hablando de \u00e9l en 50 distintas ocasiones. Los secretarios de la Real Sociedad Brit\u00e1nica se negaron a admitir las demostraciones de los fen\u00f3menos f\u00edsicos que Crookes les ofreci\u00f3, prefiriendo pronunciarse rotundamente contra ellas.&nbsp;<\/p>\n\n\n\n<p class=\"has-black-color has-text-color has-link-color has-small-font-size wp-elements-b88e82ebf3e03f747eda9cc8d6915f0f\">Hay tambi\u00e9n otras pruebas evidentes que son los numerosos testimonios de personas que en Inglaterra hicieron investigaciones vali\u00e9ndose de Home y consignaron los resultados en cartas o declaraciones p\u00fablicas, demostrando que no s\u00f3lo estaban convencidas de la realidad de los fen\u00f3menos, sino que tambi\u00e9n del origen espiritual de \u00e9stos. Entre ellas merecen particular menci\u00f3n la duquesa de Sutherland, doctor Roberto Chambers, el Dr. Gully (de Malvern), Sir Carlos Nicholson, entre otros.&nbsp;<\/p>\n\n\n\n<p class=\"has-black-color has-text-color has-link-color has-small-font-size wp-elements-a23f199567875ac4d50b1a90a2d0dbf0\">Allan Kardec conoci\u00f3 personalmente a Daniel Home en Par\u00eds, en Octubre de 1855; elogiando el car\u00e1cter del m\u00e9dium, su modestia, sus nobles sentimientos y su elevaci\u00f3n de alma. El Codificador del Espiritismo siempre lo defendi\u00f3 de los detractores y malevolentes por medio de la Revista Esp\u00edrita, en distintas ediciones a lo largo de los a\u00f1os.&nbsp;<\/p>\n\n\n\n<p class=\"has-black-color has-text-color has-link-color has-small-font-size wp-elements-7788b42d3dcb4daf4eeca8f093b649c1\">Cuenta Kardec que no s\u00f3lo Home sino tambi\u00e9n la mesa se elevaban en el espacio sin ning\u00fan contacto y que el fen\u00f3meno no obedec\u00eda a un acto de la voluntad del m\u00e9dium. Kardec escribe que el propio Home le dijo que no se daba cuenta de lo que suced\u00eda y que cre\u00eda siempre estar en el suelo, a menos que mirase hacia abajo.&nbsp;<\/p>\n\n\n\n<p class=\"has-black-color has-text-color has-link-color has-small-font-size wp-elements-9093054f1bcfce5fc880c85774d91cba\">En la Revista Esp\u00edrita (Abril-1858), Allan Kardec considera que las producciones de apariciones de Home, eran las m\u00e1s extraordinarias. Relata varios casos de formaci\u00f3n de manos flu\u00eddicas, en todo semejantes a manos vivas, s\u00f3lidas y resistentes; aparec\u00edan y repentinamente se evaporaban cuando se las intentaba agarrar. Tambi\u00e9n menciona pianos y acordeones que tocaban solos.&nbsp;<\/p>\n\n\n\n<p class=\"has-black-color has-text-color has-link-color has-small-font-size wp-elements-3780b90be696cd6d15201576d86e7c82\">Por lo que afirma el Codificador, se carteaba con Home. En 1858, cuando el m\u00e9dium estaba en Italia, las calumnias lanzadas contra \u00e9l para difamarlo, afirmaban que estaba en la prisi\u00f3n de Mazas. Kardec sosten\u00eda que ten\u00eda correspondencia probatoria que se encontraba tranquilamente en N\u00e1poles por motivos de salud.&nbsp;<\/p>\n\n\n\n<p class=\"has-black-color has-text-color has-link-color has-small-font-size wp-elements-8bbca8a69456ef22aa95f5bdfd2a61a9\">En la Revista Esp\u00edrita (Sep-1863) el Codificador dec\u00eda sobre Home: &nbsp;<\/p>\n\n\n\n<p class=\"has-black-color has-text-color has-link-color has-small-font-size wp-elements-5abe693b92715823658b3ffb9b4f91cc\"><em>\u201c\u2026Ning\u00fan m\u00e9dium ha producido un conjunto de fen\u00f3menos m\u00e1s admirables, ni en condiciones m\u00e1s honestas, y no obstante esto un buen n\u00famero de los que lo han visto obrar lo tratan como a un h\u00e1bil prestidigitador.\u201d<\/em>&nbsp;<\/p>\n\n\n\n<p class=\"has-black-color has-text-color has-link-color has-small-font-size wp-elements-b83c216f53d0fc8a1acef945c03cf856\">Conan Doyle, dijo de Home: &nbsp;<\/p>\n\n\n\n<p class=\"has-black-color has-text-color has-link-color has-small-font-size wp-elements-a403b9f1863281b49131e2e94a086357\"><em>\u201cY cuando aquella vida tan \u00fatil y tan desinteresada pas\u00f3 a otro mundo, apenas hubo peri\u00f3dico, hay que decirlo, para eterna injuria de nuestra prensa que no tratara a Home de impostor y de charlat\u00e1n. Pero se acerca el tiempo en que habr\u00e1 de reconocerse que aquel hombre fue uno de los paladines en el progreso lento y arduo de la Humanidad a trav\u00e9s de la ignorancia\u201d.<\/em>&nbsp;<\/p>\n<\/div><\/div>\n\n\n\n<div class=\"wp-block-uagb-container uagb-block-5c7ab7ba alignfull uagb-is-root-container\"><div class=\"uagb-container-inner-blocks-wrap\"><\/div><\/div>\n\n\n\n<div class=\"wp-block-uagb-container uagb-block-7e34ba38 alignfull uagb-is-root-container\"><div class=\"uagb-container-inner-blocks-wrap\"><\/div><\/div>","protected":false},"excerpt":{"rendered":"<p>Daniel Dunglas Home Daniel Dunglas Home, famoso m\u00e9dium brit\u00e1nico. Naci\u00f3 el 15 de marzo de 1833 en Escocia y desencarn\u00f3 el 21 de junio de 1886 en Francia. Se cas\u00f3 en Rusia en el a\u00f1o 1856 con Alexandrina Kroll, hermana de la condesa Kouchelew-Bezborodko.&nbsp; A los trece a\u00f1os comenz\u00f3 a dar se\u00f1ales de facultades ps\u00edquicas. [&hellip;]<\/p>","protected":false},"author":1,"featured_media":0,"parent":0,"menu_order":0,"comment_status":"closed","ping_status":"closed","template":"","meta":{"_uag_custom_page_level_css":"","site-sidebar-layout":"default","site-content-layout":"","ast-site-content-layout":"default","site-content-style":"default","site-sidebar-style":"default","ast-global-header-display":"","ast-banner-title-visibility":"","ast-main-header-display":"","ast-hfb-above-header-display":"","ast-hfb-below-header-display":"","ast-hfb-mobile-header-display":"","site-post-title":"disabled","ast-breadcrumbs-content":"","ast-featured-img":"","footer-sml-layout":"","theme-transparent-header-meta":"","adv-header-id-meta":"","stick-header-meta":"","header-above-stick-meta":"","header-main-stick-meta":"","header-below-stick-meta":"","astra-migrate-meta-layouts":"set","ast-page-background-enabled":"default","ast-page-background-meta":{"desktop":{"background-color":"var(--ast-global-color-4)","background-image":"","background-repeat":"repeat","background-position":"center center","background-size":"auto","background-attachment":"scroll","background-type":"","background-media":"","overlay-type":"","overlay-color":"","overlay-opacity":"","overlay-gradient":""},"tablet":{"background-color":"","background-image":"","background-repeat":"repeat","background-position":"center center","background-size":"auto","background-attachment":"scroll","background-type":"","background-media":"","overlay-type":"","overlay-color":"","overlay-opacity":"","overlay-gradient":""},"mobile":{"background-color":"","background-image":"","background-repeat":"repeat","background-position":"center center","background-size":"auto","background-attachment":"scroll","background-type":"","background-media":"","overlay-type":"","overlay-color":"","overlay-opacity":"","overlay-gradient":""}},"ast-content-background-meta":{"desktop":{"background-color":"var(--ast-global-color-5)","background-image":"","background-repeat":"repeat","background-position":"center center","background-size":"auto","background-attachment":"scroll","background-type":"","background-media":"","overlay-type":"","overlay-color":"","overlay-opacity":"","overlay-gradient":""},"tablet":{"background-color":"var(--ast-global-color-5)","background-image":"","background-repeat":"repeat","background-position":"center center","background-size":"auto","background-attachment":"scroll","background-type":"","background-media":"","overlay-type":"","overlay-color":"","overlay-opacity":"","overlay-gradient":""},"mobile":{"background-color":"var(--ast-global-color-5)","background-image":"","background-repeat":"repeat","background-position":"center center","background-size":"auto","background-attachment":"scroll","background-type":"","background-media":"","overlay-type":"","overlay-color":"","overlay-opacity":"","overlay-gradient":""}},"footnotes":""},"class_list":["post-3058","page","type-page","status-publish","hentry"],"yoast_head":"<!-- This site is optimized with the Yoast SEO Premium plugin v24.2 (Yoast SEO v24.6) - https:\/\/yoast.com\/wordpress\/plugins\/seo\/ -->\n<title>Daniel Dunglas Home - Uni\u00f3n Esp\u00edrita<\/title>\n<meta name=\"robots\" content=\"index, follow, max-snippet:-1, max-image-preview:large, max-video-preview:-1\" \/>\n<link rel=\"canonical\" href=\"https:\/\/nuevo-renacer.com\/it\/daniel-dunglas-home\/\" \/>\n<meta property=\"og:locale\" content=\"it_IT\" \/>\n<meta property=\"og:type\" content=\"article\" \/>\n<meta property=\"og:title\" content=\"Daniel Dunglas Home\" \/>\n<meta property=\"og:description\" content=\"Daniel Dunglas Home Daniel Dunglas Home, famoso m\u00e9dium brit\u00e1nico. Naci\u00f3 el 15 de marzo de 1833 en Escocia y desencarn\u00f3 el 21 de junio de 1886 en Francia. Se cas\u00f3 en Rusia en el a\u00f1o 1856 con Alexandrina Kroll, hermana de la condesa Kouchelew-Bezborodko.&nbsp; A los trece a\u00f1os comenz\u00f3 a dar se\u00f1ales de facultades ps\u00edquicas. [&hellip;]\" \/>\n<meta property=\"og:url\" content=\"https:\/\/nuevo-renacer.com\/it\/daniel-dunglas-home\/\" \/>\n<meta property=\"og:site_name\" content=\"Uni\u00f3n Esp\u00edrita\" \/>\n<meta property=\"article:publisher\" content=\"https:\/\/www.facebook.com\/groups\/3431398063740829\" \/>\n<meta property=\"article:modified_time\" content=\"2026-04-20T18:30:14+00:00\" \/>\n<meta property=\"og:image\" content=\"https:\/\/nuevo-renacer.com\/wp-content\/uploads\/2026\/04\/Daniel_Dunglas_Home.jpg\" \/>\n<meta name=\"twitter:card\" content=\"summary_large_image\" \/>\n<meta name=\"twitter:label1\" content=\"Tempo di lettura stimato\" \/>\n\t<meta name=\"twitter:data1\" content=\"5 minuti\" \/>\n<script type=\"application\/ld+json\" class=\"yoast-schema-graph\">{\"@context\":\"https:\/\/schema.org\",\"@graph\":[{\"@type\":\"WebPage\",\"@id\":\"https:\/\/nuevo-renacer.com\/daniel-dunglas-home\/\",\"url\":\"https:\/\/nuevo-renacer.com\/daniel-dunglas-home\/\",\"name\":\"Daniel Dunglas Home - Uni\u00f3n Esp\u00edrita\",\"isPartOf\":{\"@id\":\"https:\/\/nuevo-renacer.com\/#website\"},\"primaryImageOfPage\":{\"@id\":\"https:\/\/nuevo-renacer.com\/daniel-dunglas-home\/#primaryimage\"},\"image\":{\"@id\":\"https:\/\/nuevo-renacer.com\/daniel-dunglas-home\/#primaryimage\"},\"thumbnailUrl\":\"https:\/\/nuevo-renacer.com\/wp-content\/uploads\/2026\/04\/Daniel_Dunglas_Home.jpg\",\"datePublished\":\"2024-07-06T11:14:45+00:00\",\"dateModified\":\"2026-04-20T18:30:14+00:00\",\"breadcrumb\":{\"@id\":\"https:\/\/nuevo-renacer.com\/daniel-dunglas-home\/#breadcrumb\"},\"inLanguage\":\"it-IT\",\"potentialAction\":[{\"@type\":\"ReadAction\",\"target\":[\"https:\/\/nuevo-renacer.com\/daniel-dunglas-home\/\"]}]},{\"@type\":\"ImageObject\",\"inLanguage\":\"it-IT\",\"@id\":\"https:\/\/nuevo-renacer.com\/daniel-dunglas-home\/#primaryimage\",\"url\":\"https:\/\/nuevo-renacer.com\/wp-content\/uploads\/2026\/04\/Daniel_Dunglas_Home.jpg\",\"contentUrl\":\"https:\/\/nuevo-renacer.com\/wp-content\/uploads\/2026\/04\/Daniel_Dunglas_Home.jpg\"},{\"@type\":\"BreadcrumbList\",\"@id\":\"https:\/\/nuevo-renacer.com\/daniel-dunglas-home\/#breadcrumb\",\"itemListElement\":[{\"@type\":\"ListItem\",\"position\":1,\"name\":\"Startseite\",\"item\":\"https:\/\/nuevo-renacer.com\/\"},{\"@type\":\"ListItem\",\"position\":2,\"name\":\"Daniel Dunglas Home\"}]},{\"@type\":\"WebSite\",\"@id\":\"https:\/\/nuevo-renacer.com\/#website\",\"url\":\"https:\/\/nuevo-renacer.com\/\",\"name\":\"Uni\u00f3n Esp\u00edrita\",\"description\":\"Nuevo Renacer\",\"publisher\":{\"@id\":\"https:\/\/nuevo-renacer.com\/#organization\"},\"potentialAction\":[{\"@type\":\"SearchAction\",\"target\":{\"@type\":\"EntryPoint\",\"urlTemplate\":\"https:\/\/nuevo-renacer.com\/?s={search_term_string}\"},\"query-input\":{\"@type\":\"PropertyValueSpecification\",\"valueRequired\":true,\"valueName\":\"search_term_string\"}}],\"inLanguage\":\"it-IT\"},{\"@type\":\"Organization\",\"@id\":\"https:\/\/nuevo-renacer.com\/#organization\",\"name\":\"UFEC\",\"url\":\"https:\/\/nuevo-renacer.com\/\",\"logo\":{\"@type\":\"ImageObject\",\"inLanguage\":\"it-IT\",\"@id\":\"https:\/\/nuevo-renacer.com\/#\/schema\/logo\/image\/\",\"url\":\"https:\/\/nuevo-renacer.com\/wp-content\/uploads\/2024\/05\/cropped-LOGO-TERMINADO1-3-3.png\",\"contentUrl\":\"https:\/\/nuevo-renacer.com\/wp-content\/uploads\/2024\/05\/cropped-LOGO-TERMINADO1-3-3.png\",\"width\":512,\"height\":512,\"caption\":\"UFEC\"},\"image\":{\"@id\":\"https:\/\/nuevo-renacer.com\/#\/schema\/logo\/image\/\"},\"sameAs\":[\"https:\/\/www.facebook.com\/groups\/3431398063740829\"]}]}<\/script>\n<!-- \/ Yoast SEO Premium plugin. -->","yoast_head_json":{"title":"Daniel Dunglas Home - Uni\u00f3n Esp\u00edrita","robots":{"index":"index","follow":"follow","max-snippet":"max-snippet:-1","max-image-preview":"max-image-preview:large","max-video-preview":"max-video-preview:-1"},"canonical":"https:\/\/nuevo-renacer.com\/it\/daniel-dunglas-home\/","og_locale":"it_IT","og_type":"article","og_title":"Daniel Dunglas Home","og_description":"Daniel Dunglas Home Daniel Dunglas Home, famoso m\u00e9dium brit\u00e1nico. Naci\u00f3 el 15 de marzo de 1833 en Escocia y desencarn\u00f3 el 21 de junio de 1886 en Francia. Se cas\u00f3 en Rusia en el a\u00f1o 1856 con Alexandrina Kroll, hermana de la condesa Kouchelew-Bezborodko.&nbsp; A los trece a\u00f1os comenz\u00f3 a dar se\u00f1ales de facultades ps\u00edquicas. [&hellip;]","og_url":"https:\/\/nuevo-renacer.com\/it\/daniel-dunglas-home\/","og_site_name":"Uni\u00f3n Esp\u00edrita","article_publisher":"https:\/\/www.facebook.com\/groups\/3431398063740829","article_modified_time":"2026-04-20T18:30:14+00:00","og_image":[{"url":"https:\/\/nuevo-renacer.com\/wp-content\/uploads\/2026\/04\/Daniel_Dunglas_Home.jpg","type":"","width":"","height":""}],"twitter_card":"summary_large_image","twitter_misc":{"Tempo di lettura stimato":"5 minuti"},"schema":{"@context":"https:\/\/schema.org","@graph":[{"@type":"WebPage","@id":"https:\/\/nuevo-renacer.com\/daniel-dunglas-home\/","url":"https:\/\/nuevo-renacer.com\/daniel-dunglas-home\/","name":"Daniel Dunglas Home - Uni\u00f3n Esp\u00edrita","isPartOf":{"@id":"https:\/\/nuevo-renacer.com\/#website"},"primaryImageOfPage":{"@id":"https:\/\/nuevo-renacer.com\/daniel-dunglas-home\/#primaryimage"},"image":{"@id":"https:\/\/nuevo-renacer.com\/daniel-dunglas-home\/#primaryimage"},"thumbnailUrl":"https:\/\/nuevo-renacer.com\/wp-content\/uploads\/2026\/04\/Daniel_Dunglas_Home.jpg","datePublished":"2024-07-06T11:14:45+00:00","dateModified":"2026-04-20T18:30:14+00:00","breadcrumb":{"@id":"https:\/\/nuevo-renacer.com\/daniel-dunglas-home\/#breadcrumb"},"inLanguage":"it-IT","potentialAction":[{"@type":"ReadAction","target":["https:\/\/nuevo-renacer.com\/daniel-dunglas-home\/"]}]},{"@type":"ImageObject","inLanguage":"it-IT","@id":"https:\/\/nuevo-renacer.com\/daniel-dunglas-home\/#primaryimage","url":"https:\/\/nuevo-renacer.com\/wp-content\/uploads\/2026\/04\/Daniel_Dunglas_Home.jpg","contentUrl":"https:\/\/nuevo-renacer.com\/wp-content\/uploads\/2026\/04\/Daniel_Dunglas_Home.jpg"},{"@type":"BreadcrumbList","@id":"https:\/\/nuevo-renacer.com\/daniel-dunglas-home\/#breadcrumb","itemListElement":[{"@type":"ListItem","position":1,"name":"Startseite","item":"https:\/\/nuevo-renacer.com\/"},{"@type":"ListItem","position":2,"name":"Daniel Dunglas Home"}]},{"@type":"WebSite","@id":"https:\/\/nuevo-renacer.com\/#website","url":"https:\/\/nuevo-renacer.com\/","name":"Uni\u00f3n Esp\u00edrita","description":"Nuevo Renacer","publisher":{"@id":"https:\/\/nuevo-renacer.com\/#organization"},"potentialAction":[{"@type":"SearchAction","target":{"@type":"EntryPoint","urlTemplate":"https:\/\/nuevo-renacer.com\/?s={search_term_string}"},"query-input":{"@type":"PropertyValueSpecification","valueRequired":true,"valueName":"search_term_string"}}],"inLanguage":"it-IT"},{"@type":"Organization","@id":"https:\/\/nuevo-renacer.com\/#organization","name":"UFEC","url":"https:\/\/nuevo-renacer.com\/","logo":{"@type":"ImageObject","inLanguage":"it-IT","@id":"https:\/\/nuevo-renacer.com\/#\/schema\/logo\/image\/","url":"https:\/\/nuevo-renacer.com\/wp-content\/uploads\/2024\/05\/cropped-LOGO-TERMINADO1-3-3.png","contentUrl":"https:\/\/nuevo-renacer.com\/wp-content\/uploads\/2024\/05\/cropped-LOGO-TERMINADO1-3-3.png","width":512,"height":512,"caption":"UFEC"},"image":{"@id":"https:\/\/nuevo-renacer.com\/#\/schema\/logo\/image\/"},"sameAs":["https:\/\/www.facebook.com\/groups\/3431398063740829"]}]}},"uagb_featured_image_src":{"full":false,"thumbnail":false,"medium":false,"medium_large":false,"large":false,"1536x1536":false,"2048x2048":false,"trp-custom-language-flag":false},"uagb_author_info":{"display_name":"adbv0","author_link":"https:\/\/nuevo-renacer.com\/it\/author\/adbv0\/"},"uagb_comment_info":0,"uagb_excerpt":"Daniel Dunglas Home Daniel Dunglas Home, famoso m\u00e9dium brit\u00e1nico. Naci\u00f3 el 15 de marzo de 1833 en Escocia y desencarn\u00f3 el 21 de junio de 1886 en Francia. Se cas\u00f3 en Rusia en el a\u00f1o 1856 con Alexandrina Kroll, hermana de la condesa Kouchelew-Bezborodko.&nbsp; A los trece a\u00f1os comenz\u00f3 a dar se\u00f1ales de facultades ps\u00edquicas.&hellip;","jetpack_sharing_enabled":true,"_links":{"self":[{"href":"https:\/\/nuevo-renacer.com\/it\/wp-json\/wp\/v2\/pages\/3058","targetHints":{"allow":["GET"]}}],"collection":[{"href":"https:\/\/nuevo-renacer.com\/it\/wp-json\/wp\/v2\/pages"}],"about":[{"href":"https:\/\/nuevo-renacer.com\/it\/wp-json\/wp\/v2\/types\/page"}],"author":[{"embeddable":true,"href":"https:\/\/nuevo-renacer.com\/it\/wp-json\/wp\/v2\/users\/1"}],"replies":[{"embeddable":true,"href":"https:\/\/nuevo-renacer.com\/it\/wp-json\/wp\/v2\/comments?post=3058"}],"version-history":[{"count":6,"href":"https:\/\/nuevo-renacer.com\/it\/wp-json\/wp\/v2\/pages\/3058\/revisions"}],"predecessor-version":[{"id":8875,"href":"https:\/\/nuevo-renacer.com\/it\/wp-json\/wp\/v2\/pages\/3058\/revisions\/8875"}],"wp:attachment":[{"href":"https:\/\/nuevo-renacer.com\/it\/wp-json\/wp\/v2\/media?parent=3058"}],"curies":[{"name":"wp","href":"https:\/\/api.w.org\/{rel}","templated":true}]}}