{"id":3047,"date":"2024-07-06T11:02:39","date_gmt":"2024-07-06T11:02:39","guid":{"rendered":"https:\/\/ufec-mundial.com\/?page_id=3047"},"modified":"2025-06-13T10:00:24","modified_gmt":"2025-06-13T10:00:24","slug":"colombia-montoya-de-martinez","status":"publish","type":"page","link":"https:\/\/nuevo-renacer.com\/it\/colombia-montoya-de-martinez\/","title":{"rendered":"Colombia Montoya de Martinez"},"content":{"rendered":"<div class=\"wp-block-uagb-container uagb-block-9ef09f9b alignfull uagb-is-root-container\"><div class=\"uagb-container-inner-blocks-wrap\">\n<p class=\"has-black-color has-text-color has-link-color has-medium-font-size wp-elements-2b4a66791fd76f5764e2ed4156ad54c6\"><strong>Colombia Montoya de Martinez<\/strong>&nbsp;&nbsp;<\/p>\n<\/div><\/div>\n\n\n\n<div class=\"wp-block-uagb-container uagb-block-85b31f4c alignfull uagb-is-root-container\"><div class=\"uagb-container-inner-blocks-wrap\">\n<div class=\"wp-block-uagb-image alignleft uagb-block-a19666d3 wp-block-uagb-image--layout-default wp-block-uagb-image--effect-static wp-block-uagb-image--align-left\"><figure class=\"wp-block-uagb-image__figure\"><img loading=\"lazy\" decoding=\"async\" srcset=\"https:\/\/nuevo-renacer.com\/wp-content\/uploads\/2024\/07\/colombia_montoya-1.jpg ,https:\/\/nuevo-renacer.com\/wp-content\/uploads\/2024\/07\/colombia_montoya-1.jpg 780w, https:\/\/nuevo-renacer.com\/wp-content\/uploads\/2024\/07\/colombia_montoya-1.jpg 360w\" sizes=\"auto, (max-width: 480px) 150px\" src=\"https:\/\/nuevo-renacer.com\/wp-content\/uploads\/2024\/07\/colombia_montoya-1.jpg\" alt=\"\" class=\"uag-image-3222\" width=\"184\" height=\"234\" title=\"\" role=\"img\"\/><\/figure><\/div>\n<\/div><\/div>\n\n\n\n<div class=\"wp-block-uagb-container uagb-block-3b8c0191 alignfull uagb-is-root-container\"><div class=\"uagb-container-inner-blocks-wrap\">\n<p class=\"has-black-color has-text-color has-link-color has-small-font-size wp-elements-09ca7ed90dc091502bb773faad2b1714\">Colombia Montoya de Martinez naci\u00f3 en Siquirres, Costa Rica, el 23 de julio de 1925 y desencarn\u00f3 en Bogot\u00e1, Colombia, el 25 de mayo de 2012.&nbsp;<\/p>\n\n\n\n<p class=\"has-black-color has-text-color has-link-color has-small-font-size wp-elements-949f15529440743829e83ddf5b503087\">Pionera, l\u00edder e incansable trabajadora del movimiento esp\u00edrita colombiano. Do\u00f1a Colombia quien durante m\u00e1s de 50 a\u00f1os desarroll\u00f3 en el pa\u00eds una encomiable y tesonera actividad en pro de la organizaci\u00f3n, crecimiento y desarrollo del Espiritismo en Colombia, contribuyendo igualmente en su divulgaci\u00f3n a trav\u00e9s de diversos medios, labor esta que despleg\u00f3 desde su instituci\u00f3n Esp\u00edrita, el \u00abC\u00edrculo de Fuerzas Amigas\u00bb, as\u00ed como desde el Consejo Esp\u00edrita de Relaciones Colombiano CERCOL y en los a\u00f1os recientes, desde la Federaci\u00f3n Esp\u00edrita de Cundinamarca.&nbsp;<\/p>\n\n\n\n<p class=\"has-black-color has-text-color has-link-color has-small-font-size wp-elements-bb4b4563cb520acf9df66558408bcadf\">Como esp\u00edrita se destac\u00f3 como conferencista y oradora inspirada, m\u00e9dium vidente y psicof\u00f3nica, escritora y articulista permanente, cuyos escritos orientadores y enriquecedores fueron publicados en innumerables medios esp\u00edritas divulgativos a nivel nacional y de otros pa\u00edses. Durante muchos a\u00f1os, en su calidad de secretaria general del Consejo Esp\u00edrita de Relaciones Colombiano, se convirti\u00f3 en la coordinadora del movimiento espirita nacional y en la relacionista internacional, estableciendo correspondencia y lazos fraternales con lideres y organizaciones esp\u00edritas de Brasil, Argentina, Venezuela, Espa\u00f1a, M\u00e9jico, USA, Puerto Rico, Rep\u00fablica Dominicana, entre otros, haciendo los primeros contactos para la visita a nuestro pa\u00eds de destacados oradores, escritores y m\u00e9diums de talla internacional como Divaldo Pereira Franco, Juan Durante, Pedro A. Barboza de la Torre, Jon Aizp\u00farua, Hermas Culzoni, Humberto Mariotti, Natalio Ceccarini, Benjam\u00edn Rodr\u00edguez y muchos otros que contribuyeron a la orientaci\u00f3n del movimiento esp\u00edrita colombiano, entonces en crecimiento.&nbsp;<\/p>\n\n\n\n<p class=\"has-black-color has-text-color has-link-color has-small-font-size wp-elements-a9715511da5e3f1c2008b8a47ca608c5\">Fue la autora del libro \u201cHistoria del Espiritismo en Colombia\u201d en el que registr\u00f3 las fechas, circunstancias, acontecimientos y los actores m\u00e1s destacados y determinantes en todo aquel proceso inicial de orientaci\u00f3n y crecimiento del espiritismo en Colombia, se\u00f1alando los primeros eventos esp\u00edritas locales, regionales y nacionales, realizados bajo el auspicio y coordinaci\u00f3n de CERCOL, con la presencia valiosa de los trabajadores esp\u00edritas extranjeros mencionados, entre muchos otros, adem\u00e1s de la participaci\u00f3n de dirigentes y trabajadores esp\u00edritas nacionales que a trav\u00e9s de los a\u00f1os fueron surgiendo y form\u00e1ndose en las distintas ciudades y regiones del pa\u00eds. Mirando hacia el futuro, Do\u00f1a Colombia tuvo especial empe\u00f1o en la promoci\u00f3n de la juventud esp\u00edrita, estimulando a muchos j\u00f3venes a formarse como trabajadores, l\u00edderes y oradores en distintas regiones de la geograf\u00eda colombiana. Igualmente fueron importantes sus v\u00ednculos y encuentros con Do\u00f1a Ana Fuentes de Cardona, la recordada dirigente y trabadora esp\u00edrita de Cartagena, de cuya relaci\u00f3n surgieron importantes lineamientos y logros a favor del Espiritismo en la Costa Atl\u00e1ntica y en el pa\u00eds.&nbsp;<\/p>\n\n\n\n<p class=\"has-black-color has-text-color has-link-color has-small-font-size wp-elements-d99d35caae9aadf81e64b8e6d43381c1\">En sus numerosas actividades esp\u00edritas cont\u00f3 siempre con el apoyo firme e incondicional de su esposo, el mayor retirado del ejercito colombiano, Don Jos\u00e9 Joaqu\u00edn Mart\u00ednez, directivo de CERCOL y quien durante varios a\u00f1os se desempe\u00f1\u00f3 como delegado para Colombia de la Confederaci\u00f3n Esp\u00edrita Panamericana CEPA, entidad esta con la cual exist\u00edan lazo de afiliaci\u00f3n, cuyos dirigentes visitaron a nuestro pa\u00eds en incontables ocasiones.&nbsp;<\/p>\n\n\n\n<p class=\"has-black-color has-text-color has-link-color has-small-font-size wp-elements-b545eb83c0454c99e9ff65e77864be9c\">Lo que esta trabajadora esp\u00edrita represent\u00f3 para el movimiento esp\u00edrita colombiano no podr\u00eda estar mejor se\u00f1alado en su propio nombre: \u201cColombia\u201d, que seguramente, m\u00e1s que una coincidencia, obedecer\u00eda a una previsi\u00f3n del mundo espiritual, respecto a la labor programada y que efectivamente desarroll\u00f3 en Colombia.&nbsp;<\/p>\n\n\n\n<p class=\"has-black-color has-text-color has-link-color has-small-font-size wp-elements-06789bcdb21f31862f2252405265c6e5\">Ser\u00edan innumerables la p\u00e1ginas que habr\u00eda que escribir para registrar toda la extensa labor esp\u00edrita de Do\u00f1a Colombia durante toda su trayectoria, trabajo este de recopilaci\u00f3n y redacci\u00f3n que queda pendiente; oremos por ella para su buen retorno y ubicaci\u00f3n en la Patria Espiritual, envi\u00e1ndole nuestras mejores vibraciones de amor y paz, y nuestros m\u00e1s sentidos agradecimientos por su amistad y su encomiable labor al servicio del Espiritismo en Colombia.&nbsp;<\/p>\n<\/div><\/div>\n\n\n\n<div class=\"wp-block-uagb-container uagb-block-df419b3c alignfull uagb-is-root-container\"><div class=\"uagb-container-inner-blocks-wrap\"><\/div><\/div>\n\n\n\n<div class=\"wp-block-uagb-container uagb-block-f599ad28 alignfull uagb-is-root-container\"><div class=\"uagb-container-inner-blocks-wrap\"><\/div><\/div>","protected":false},"excerpt":{"rendered":"<p>Colombia Montoya de Martinez&nbsp;&nbsp; Colombia Montoya de Martinez naci\u00f3 en Siquirres, Costa Rica, el 23 de julio de 1925 y desencarn\u00f3 en Bogot\u00e1, Colombia, el 25 de mayo de 2012.&nbsp; Pionera, l\u00edder e incansable trabajadora del movimiento esp\u00edrita colombiano. Do\u00f1a Colombia quien durante m\u00e1s de 50 a\u00f1os desarroll\u00f3 en el pa\u00eds una encomiable y tesonera [&hellip;]<\/p>","protected":false},"author":1,"featured_media":0,"parent":0,"menu_order":0,"comment_status":"closed","ping_status":"closed","template":"","meta":{"_uag_custom_page_level_css":"","site-sidebar-layout":"default","site-content-layout":"","ast-site-content-layout":"default","site-content-style":"default","site-sidebar-style":"default","ast-global-header-display":"","ast-banner-title-visibility":"","ast-main-header-display":"","ast-hfb-above-header-display":"","ast-hfb-below-header-display":"","ast-hfb-mobile-header-display":"","site-post-title":"disabled","ast-breadcrumbs-content":"","ast-featured-img":"","footer-sml-layout":"","theme-transparent-header-meta":"","adv-header-id-meta":"","stick-header-meta":"","header-above-stick-meta":"","header-main-stick-meta":"","header-below-stick-meta":"","astra-migrate-meta-layouts":"set","ast-page-background-enabled":"default","ast-page-background-meta":{"desktop":{"background-color":"var(--ast-global-color-4)","background-image":"","background-repeat":"repeat","background-position":"center center","background-size":"auto","background-attachment":"scroll","background-type":"","background-media":"","overlay-type":"","overlay-color":"","overlay-opacity":"","overlay-gradient":""},"tablet":{"background-color":"","background-image":"","background-repeat":"repeat","background-position":"center center","background-size":"auto","background-attachment":"scroll","background-type":"","background-media":"","overlay-type":"","overlay-color":"","overlay-opacity":"","overlay-gradient":""},"mobile":{"background-color":"","background-image":"","background-repeat":"repeat","background-position":"center center","background-size":"auto","background-attachment":"scroll","background-type":"","background-media":"","overlay-type":"","overlay-color":"","overlay-opacity":"","overlay-gradient":""}},"ast-content-background-meta":{"desktop":{"background-color":"var(--ast-global-color-5)","background-image":"","background-repeat":"repeat","background-position":"center center","background-size":"auto","background-attachment":"scroll","background-type":"","background-media":"","overlay-type":"","overlay-color":"","overlay-opacity":"","overlay-gradient":""},"tablet":{"background-color":"var(--ast-global-color-5)","background-image":"","background-repeat":"repeat","background-position":"center center","background-size":"auto","background-attachment":"scroll","background-type":"","background-media":"","overlay-type":"","overlay-color":"","overlay-opacity":"","overlay-gradient":""},"mobile":{"background-color":"var(--ast-global-color-5)","background-image":"","background-repeat":"repeat","background-position":"center center","background-size":"auto","background-attachment":"scroll","background-type":"","background-media":"","overlay-type":"","overlay-color":"","overlay-opacity":"","overlay-gradient":""}},"footnotes":""},"class_list":["post-3047","page","type-page","status-publish","hentry"],"yoast_head":"<!-- This site is optimized with the Yoast SEO Premium plugin v24.2 (Yoast SEO v24.6) - https:\/\/yoast.com\/wordpress\/plugins\/seo\/ -->\n<title>Colombia Montoya de Martinez - Uni\u00f3n Esp\u00edrita<\/title>\n<meta name=\"robots\" content=\"index, follow, max-snippet:-1, max-image-preview:large, max-video-preview:-1\" \/>\n<link rel=\"canonical\" href=\"https:\/\/nuevo-renacer.com\/it\/colombia-montoya-de-martinez\/\" \/>\n<meta property=\"og:locale\" content=\"it_IT\" \/>\n<meta property=\"og:type\" content=\"article\" \/>\n<meta property=\"og:title\" content=\"Colombia Montoya de Martinez\" \/>\n<meta property=\"og:description\" content=\"Colombia Montoya de Martinez&nbsp;&nbsp; Colombia Montoya de Martinez naci\u00f3 en Siquirres, Costa Rica, el 23 de julio de 1925 y desencarn\u00f3 en Bogot\u00e1, Colombia, el 25 de mayo de 2012.&nbsp; Pionera, l\u00edder e incansable trabajadora del movimiento esp\u00edrita colombiano. Do\u00f1a Colombia quien durante m\u00e1s de 50 a\u00f1os desarroll\u00f3 en el pa\u00eds una encomiable y tesonera [&hellip;]\" \/>\n<meta property=\"og:url\" content=\"https:\/\/nuevo-renacer.com\/it\/colombia-montoya-de-martinez\/\" \/>\n<meta property=\"og:site_name\" content=\"Uni\u00f3n Esp\u00edrita\" \/>\n<meta property=\"article:publisher\" content=\"https:\/\/www.facebook.com\/groups\/3431398063740829\" \/>\n<meta property=\"article:modified_time\" content=\"2025-06-13T10:00:24+00:00\" \/>\n<meta property=\"og:image\" content=\"https:\/\/nuevo-renacer.com\/wp-content\/uploads\/2024\/07\/colombia_montoya-1.jpg\" \/>\n<meta name=\"twitter:card\" content=\"summary_large_image\" \/>\n<meta name=\"twitter:label1\" content=\"Tempo di lettura stimato\" \/>\n\t<meta name=\"twitter:data1\" content=\"4 minuti\" \/>\n<script type=\"application\/ld+json\" class=\"yoast-schema-graph\">{\"@context\":\"https:\/\/schema.org\",\"@graph\":[{\"@type\":\"WebPage\",\"@id\":\"https:\/\/nuevo-renacer.com\/colombia-montoya-de-martinez\/\",\"url\":\"https:\/\/nuevo-renacer.com\/colombia-montoya-de-martinez\/\",\"name\":\"Colombia Montoya de Martinez - Uni\u00f3n Esp\u00edrita\",\"isPartOf\":{\"@id\":\"https:\/\/nuevo-renacer.com\/#website\"},\"primaryImageOfPage\":{\"@id\":\"https:\/\/nuevo-renacer.com\/colombia-montoya-de-martinez\/#primaryimage\"},\"image\":{\"@id\":\"https:\/\/nuevo-renacer.com\/colombia-montoya-de-martinez\/#primaryimage\"},\"thumbnailUrl\":\"https:\/\/nuevo-renacer.com\/wp-content\/uploads\/2024\/07\/colombia_montoya-1.jpg\",\"datePublished\":\"2024-07-06T11:02:39+00:00\",\"dateModified\":\"2025-06-13T10:00:24+00:00\",\"breadcrumb\":{\"@id\":\"https:\/\/nuevo-renacer.com\/colombia-montoya-de-martinez\/#breadcrumb\"},\"inLanguage\":\"it-IT\",\"potentialAction\":[{\"@type\":\"ReadAction\",\"target\":[\"https:\/\/nuevo-renacer.com\/colombia-montoya-de-martinez\/\"]}]},{\"@type\":\"ImageObject\",\"inLanguage\":\"it-IT\",\"@id\":\"https:\/\/nuevo-renacer.com\/colombia-montoya-de-martinez\/#primaryimage\",\"url\":\"https:\/\/nuevo-renacer.com\/wp-content\/uploads\/2024\/07\/colombia_montoya-1.jpg\",\"contentUrl\":\"https:\/\/nuevo-renacer.com\/wp-content\/uploads\/2024\/07\/colombia_montoya-1.jpg\"},{\"@type\":\"BreadcrumbList\",\"@id\":\"https:\/\/nuevo-renacer.com\/colombia-montoya-de-martinez\/#breadcrumb\",\"itemListElement\":[{\"@type\":\"ListItem\",\"position\":1,\"name\":\"Startseite\",\"item\":\"https:\/\/nuevo-renacer.com\/\"},{\"@type\":\"ListItem\",\"position\":2,\"name\":\"Colombia Montoya de Martinez\"}]},{\"@type\":\"WebSite\",\"@id\":\"https:\/\/nuevo-renacer.com\/#website\",\"url\":\"https:\/\/nuevo-renacer.com\/\",\"name\":\"Uni\u00f3n Esp\u00edrita\",\"description\":\"Nuevo Renacer\",\"publisher\":{\"@id\":\"https:\/\/nuevo-renacer.com\/#organization\"},\"potentialAction\":[{\"@type\":\"SearchAction\",\"target\":{\"@type\":\"EntryPoint\",\"urlTemplate\":\"https:\/\/nuevo-renacer.com\/?s={search_term_string}\"},\"query-input\":{\"@type\":\"PropertyValueSpecification\",\"valueRequired\":true,\"valueName\":\"search_term_string\"}}],\"inLanguage\":\"it-IT\"},{\"@type\":\"Organization\",\"@id\":\"https:\/\/nuevo-renacer.com\/#organization\",\"name\":\"UFEC\",\"url\":\"https:\/\/nuevo-renacer.com\/\",\"logo\":{\"@type\":\"ImageObject\",\"inLanguage\":\"it-IT\",\"@id\":\"https:\/\/nuevo-renacer.com\/#\/schema\/logo\/image\/\",\"url\":\"https:\/\/nuevo-renacer.com\/wp-content\/uploads\/2024\/05\/cropped-LOGO-TERMINADO1-3-3.png\",\"contentUrl\":\"https:\/\/nuevo-renacer.com\/wp-content\/uploads\/2024\/05\/cropped-LOGO-TERMINADO1-3-3.png\",\"width\":512,\"height\":512,\"caption\":\"UFEC\"},\"image\":{\"@id\":\"https:\/\/nuevo-renacer.com\/#\/schema\/logo\/image\/\"},\"sameAs\":[\"https:\/\/www.facebook.com\/groups\/3431398063740829\"]}]}<\/script>\n<!-- \/ Yoast SEO Premium plugin. -->","yoast_head_json":{"title":"Colombia Montoya de Martinez - Uni\u00f3n Esp\u00edrita","robots":{"index":"index","follow":"follow","max-snippet":"max-snippet:-1","max-image-preview":"max-image-preview:large","max-video-preview":"max-video-preview:-1"},"canonical":"https:\/\/nuevo-renacer.com\/it\/colombia-montoya-de-martinez\/","og_locale":"it_IT","og_type":"article","og_title":"Colombia Montoya de Martinez","og_description":"Colombia Montoya de Martinez&nbsp;&nbsp; Colombia Montoya de Martinez naci\u00f3 en Siquirres, Costa Rica, el 23 de julio de 1925 y desencarn\u00f3 en Bogot\u00e1, Colombia, el 25 de mayo de 2012.&nbsp; Pionera, l\u00edder e incansable trabajadora del movimiento esp\u00edrita colombiano. Do\u00f1a Colombia quien durante m\u00e1s de 50 a\u00f1os desarroll\u00f3 en el pa\u00eds una encomiable y tesonera [&hellip;]","og_url":"https:\/\/nuevo-renacer.com\/it\/colombia-montoya-de-martinez\/","og_site_name":"Uni\u00f3n Esp\u00edrita","article_publisher":"https:\/\/www.facebook.com\/groups\/3431398063740829","article_modified_time":"2025-06-13T10:00:24+00:00","og_image":[{"url":"https:\/\/nuevo-renacer.com\/wp-content\/uploads\/2024\/07\/colombia_montoya-1.jpg","type":"","width":"","height":""}],"twitter_card":"summary_large_image","twitter_misc":{"Tempo di lettura stimato":"4 minuti"},"schema":{"@context":"https:\/\/schema.org","@graph":[{"@type":"WebPage","@id":"https:\/\/nuevo-renacer.com\/colombia-montoya-de-martinez\/","url":"https:\/\/nuevo-renacer.com\/colombia-montoya-de-martinez\/","name":"Colombia Montoya de Martinez - Uni\u00f3n Esp\u00edrita","isPartOf":{"@id":"https:\/\/nuevo-renacer.com\/#website"},"primaryImageOfPage":{"@id":"https:\/\/nuevo-renacer.com\/colombia-montoya-de-martinez\/#primaryimage"},"image":{"@id":"https:\/\/nuevo-renacer.com\/colombia-montoya-de-martinez\/#primaryimage"},"thumbnailUrl":"https:\/\/nuevo-renacer.com\/wp-content\/uploads\/2024\/07\/colombia_montoya-1.jpg","datePublished":"2024-07-06T11:02:39+00:00","dateModified":"2025-06-13T10:00:24+00:00","breadcrumb":{"@id":"https:\/\/nuevo-renacer.com\/colombia-montoya-de-martinez\/#breadcrumb"},"inLanguage":"it-IT","potentialAction":[{"@type":"ReadAction","target":["https:\/\/nuevo-renacer.com\/colombia-montoya-de-martinez\/"]}]},{"@type":"ImageObject","inLanguage":"it-IT","@id":"https:\/\/nuevo-renacer.com\/colombia-montoya-de-martinez\/#primaryimage","url":"https:\/\/nuevo-renacer.com\/wp-content\/uploads\/2024\/07\/colombia_montoya-1.jpg","contentUrl":"https:\/\/nuevo-renacer.com\/wp-content\/uploads\/2024\/07\/colombia_montoya-1.jpg"},{"@type":"BreadcrumbList","@id":"https:\/\/nuevo-renacer.com\/colombia-montoya-de-martinez\/#breadcrumb","itemListElement":[{"@type":"ListItem","position":1,"name":"Startseite","item":"https:\/\/nuevo-renacer.com\/"},{"@type":"ListItem","position":2,"name":"Colombia Montoya de Martinez"}]},{"@type":"WebSite","@id":"https:\/\/nuevo-renacer.com\/#website","url":"https:\/\/nuevo-renacer.com\/","name":"Uni\u00f3n Esp\u00edrita","description":"Nuevo Renacer","publisher":{"@id":"https:\/\/nuevo-renacer.com\/#organization"},"potentialAction":[{"@type":"SearchAction","target":{"@type":"EntryPoint","urlTemplate":"https:\/\/nuevo-renacer.com\/?s={search_term_string}"},"query-input":{"@type":"PropertyValueSpecification","valueRequired":true,"valueName":"search_term_string"}}],"inLanguage":"it-IT"},{"@type":"Organization","@id":"https:\/\/nuevo-renacer.com\/#organization","name":"UFEC","url":"https:\/\/nuevo-renacer.com\/","logo":{"@type":"ImageObject","inLanguage":"it-IT","@id":"https:\/\/nuevo-renacer.com\/#\/schema\/logo\/image\/","url":"https:\/\/nuevo-renacer.com\/wp-content\/uploads\/2024\/05\/cropped-LOGO-TERMINADO1-3-3.png","contentUrl":"https:\/\/nuevo-renacer.com\/wp-content\/uploads\/2024\/05\/cropped-LOGO-TERMINADO1-3-3.png","width":512,"height":512,"caption":"UFEC"},"image":{"@id":"https:\/\/nuevo-renacer.com\/#\/schema\/logo\/image\/"},"sameAs":["https:\/\/www.facebook.com\/groups\/3431398063740829"]}]}},"uagb_featured_image_src":{"full":false,"thumbnail":false,"medium":false,"medium_large":false,"large":false,"1536x1536":false,"2048x2048":false,"trp-custom-language-flag":false},"uagb_author_info":{"display_name":"adbv0","author_link":"https:\/\/nuevo-renacer.com\/it\/author\/adbv0\/"},"uagb_comment_info":0,"uagb_excerpt":"Colombia Montoya de Martinez&nbsp;&nbsp; Colombia Montoya de Martinez naci\u00f3 en Siquirres, Costa Rica, el 23 de julio de 1925 y desencarn\u00f3 en Bogot\u00e1, Colombia, el 25 de mayo de 2012.&nbsp; Pionera, l\u00edder e incansable trabajadora del movimiento esp\u00edrita colombiano. Do\u00f1a Colombia quien durante m\u00e1s de 50 a\u00f1os desarroll\u00f3 en el pa\u00eds una encomiable y tesonera&hellip;","jetpack_sharing_enabled":true,"_links":{"self":[{"href":"https:\/\/nuevo-renacer.com\/it\/wp-json\/wp\/v2\/pages\/3047","targetHints":{"allow":["GET"]}}],"collection":[{"href":"https:\/\/nuevo-renacer.com\/it\/wp-json\/wp\/v2\/pages"}],"about":[{"href":"https:\/\/nuevo-renacer.com\/it\/wp-json\/wp\/v2\/types\/page"}],"author":[{"embeddable":true,"href":"https:\/\/nuevo-renacer.com\/it\/wp-json\/wp\/v2\/users\/1"}],"replies":[{"embeddable":true,"href":"https:\/\/nuevo-renacer.com\/it\/wp-json\/wp\/v2\/comments?post=3047"}],"version-history":[{"count":3,"href":"https:\/\/nuevo-renacer.com\/it\/wp-json\/wp\/v2\/pages\/3047\/revisions"}],"predecessor-version":[{"id":8324,"href":"https:\/\/nuevo-renacer.com\/it\/wp-json\/wp\/v2\/pages\/3047\/revisions\/8324"}],"wp:attachment":[{"href":"https:\/\/nuevo-renacer.com\/it\/wp-json\/wp\/v2\/media?parent=3047"}],"curies":[{"name":"wp","href":"https:\/\/api.w.org\/{rel}","templated":true}]}}