{"id":3034,"date":"2024-07-06T10:39:05","date_gmt":"2024-07-06T10:39:05","guid":{"rendered":"https:\/\/ufec-mundial.com\/?page_id=3034"},"modified":"2025-06-13T09:55:10","modified_gmt":"2025-06-13T09:55:10","slug":"camille-flammarion","status":"publish","type":"page","link":"https:\/\/nuevo-renacer.com\/it\/camille-flammarion\/","title":{"rendered":"Camille Flammarion"},"content":{"rendered":"<div class=\"wp-block-uagb-container uagb-block-ed145b7a alignfull uagb-is-root-container\"><div class=\"uagb-container-inner-blocks-wrap\">\n<p class=\"has-black-color has-text-color has-link-color has-medium-font-size wp-elements-81b9299fa164e2b4699a623a8d4aa5cf\"><strong>Camille Flammarion<\/strong><\/p>\n<\/div><\/div>\n\n\n\n<div class=\"wp-block-uagb-container uagb-block-b55db49f alignfull uagb-is-root-container\"><div class=\"uagb-container-inner-blocks-wrap\">\n<div class=\"wp-block-uagb-image alignleft uagb-block-8c1a57b1 wp-block-uagb-image--layout-default wp-block-uagb-image--effect-static wp-block-uagb-image--align-left\"><figure class=\"wp-block-uagb-image__figure\"><img loading=\"lazy\" decoding=\"async\" srcset=\"https:\/\/nuevo-renacer.com\/wp-content\/uploads\/2024\/07\/Camille_Flammarion_by_Eugene_Pirou.jpg ,https:\/\/nuevo-renacer.com\/wp-content\/uploads\/2024\/07\/Camille_Flammarion_by_Eugene_Pirou.jpg 780w, https:\/\/nuevo-renacer.com\/wp-content\/uploads\/2024\/07\/Camille_Flammarion_by_Eugene_Pirou.jpg 360w\" sizes=\"auto, (max-width: 480px) 150px\" src=\"https:\/\/nuevo-renacer.com\/wp-content\/uploads\/2024\/07\/Camille_Flammarion_by_Eugene_Pirou.jpg\" alt=\"\" class=\"uag-image-3035\" width=\"199\" height=\"267\" title=\"\" role=\"img\"\/><\/figure><\/div>\n<\/div><\/div>\n\n\n\n<div class=\"wp-block-uagb-container uagb-block-6aee1f21 alignfull uagb-is-root-container\"><div class=\"uagb-container-inner-blocks-wrap\">\n<p class=\"has-black-color has-text-color has-link-color has-small-font-size wp-elements-37c1c533435b782faf38048f08c8c177\">Cammille Flammarion, famoso astr\u00f3nomo franc\u00e9s. Naci\u00f3 en Montigny, Francia, el 21 de febrero de 1842 y desencarn\u00f3 en junio de 1925.&nbsp;<\/p>\n\n\n\n<p class=\"has-black-color has-text-color has-link-color has-small-font-size wp-elements-6cc1dcdc8331f1c438bd52752a108f13\">Desde 1862 se convirti\u00f3 en un estudioso del Espiritismo. Conoci\u00f3 a Allan Kardec y entabl\u00f3 una estrecha amistad con \u00e9l.&nbsp;<\/p>\n\n\n\n<p class=\"has-black-color has-text-color has-link-color has-small-font-size wp-elements-7f40cdc7deca17a667c895b1f221593d\">Sabemos que \u00e9l formaba parte de un grupo de esp\u00edritus en los que estaban Allan Kardec, L\u00e9on Denis, Gabrielle Delanne y otros. Ellos ven\u00edan con la misi\u00f3n de despertar conciencias y elaborar la Doctrina Esp\u00edrita para traer luz y conocimiento a las mentes ansiosas de crecer espiritualmente. Eran los integrantes del equipo de la Tercera Revelaci\u00f3n, que tra\u00edan las palabras renovadas del Maestro Jes\u00fas.&nbsp;<\/p>\n\n\n\n<p class=\"has-black-color has-text-color has-link-color has-small-font-size wp-elements-8e51f642c279ea5d4eb19c46b785d7fb\">Camille Flammarion populariz\u00f3 la astronom\u00eda en Europa, destac\u00e1ndose como pionero en esta ciencia. Recibi\u00f3 el Premio Motion de la Academia Francesa y sus obras fueron traducidas a casi todos los idiomas.&nbsp;<\/p>\n\n\n\n<p class=\"has-black-color has-text-color has-link-color has-small-font-size wp-elements-2912e31aac795dbe505b3472e415d225\">Fue un ni\u00f1o precoz, le\u00eda a los cuatro a\u00f1os y escrib\u00eda a los cinco. Su inter\u00e9s por el saber no ten\u00eda l\u00edmites. Se destac\u00f3 en Astronom\u00eda, Filosof\u00eda y el estudio del Nuevo Testamento. Siendo muy joven a\u00fan tuvo que trabajar duro para colaborar con el mantenimiento del hogar paterno. Empez\u00f3 como aprendiz de grabador en metales y recib\u00eda a cambio, casa y comida. Com\u00eda mal y dorm\u00eda poco. El tiempo libre lo usaba para estudiar y leer todo lo que encontraba. Le\u00eda a la luz de la vela y a veces, solo con el resplandor de la luna.&nbsp;<\/p>\n\n\n\n<p class=\"has-black-color has-text-color has-link-color has-small-font-size wp-elements-d0e8c7295768055ba75da6271782493c\">A los diecis\u00e9is a\u00f1os public\u00f3 su primer obra, \u201cEl mundo antes de la aparici\u00f3n del Hombre\u201d, que despert\u00f3 gran admiraci\u00f3n entre los hombres de ciencia.&nbsp;<\/p>\n\n\n\n<p class=\"has-black-color has-text-color has-link-color has-small-font-size wp-elements-602ed050185794e3e54aa4944d046430\">Poco tiempo despu\u00e9s entr\u00f3 en el Observatorio de Par\u00eds, donde desarroll\u00f3 su gran inter\u00e9s por la Astronom\u00eda pero sufri\u00f3 la envidia de los cient\u00edficos m\u00e1s viejos que no toleraban que un joven supiera m\u00e1s que ellos.&nbsp;<\/p>\n\n\n\n<p class=\"has-black-color has-text-color has-link-color has-small-font-size wp-elements-6771fd0904a11a08e34cae7d0c6a85ad\">Public\u00f3 otras obras de Astronom\u00eda y Filosof\u00eda. Fue amigo personal de Kardec. En la Revista Esp\u00edrita era frecuente que Kardec mencionara a Flammarion, as\u00ed como sus experiencias en el desarrollo de su facultad como m\u00e9dium psicogr\u00e1fico.&nbsp;<\/p>\n\n\n\n<p class=\"has-black-color has-text-color has-link-color has-small-font-size wp-elements-6fa478d01f1fc9e271b4b293b2781563\">Fue uno de los primeros en practicar hipnosis e imparti\u00f3 clases sobre ella. Era un apasionado espiritista, especialmente en sus \u00faltimos a\u00f1os; afirmaba que los fen\u00f3menos espiritistas eran regidos por principios cient\u00edficos no descubiertos todav\u00eda. A la muerte de su amigo Kardec, ante cuya tumba pronunci\u00f3 un sentido discurso, rehus\u00f3 la presidencia de la Societ\u00e9 Spirite de Par\u00eds.&nbsp;<\/p>\n\n\n\n<p class=\"has-black-color has-text-color has-link-color has-small-font-size wp-elements-f5e3c4d0ef7696f711b47d0a42888475\">Entre sus obras m\u00e1s famosas debemos mencionar:&nbsp;<\/p>\n\n\n\n<p class=\"has-black-color has-text-color has-link-color has-small-font-size wp-elements-c40b045dd1c132a050c4d9e3d11757d2\">\u201cMundos imaginarios y Mundos reales\u201d&nbsp;<br>\u201cLas maravillas celestes\u201d&nbsp;<br>\u201cDios en la Naturaleza\u201d&nbsp;<br>\u201cContemplaciones Cient\u00edficas\u201d&nbsp;<br>\u201cAtm\u00f3sfera\u201d&nbsp;<br>\u201cLas casas embrujadas\u201d&nbsp;<br>\u201cUrania\u201d&nbsp;<br>\u201cLa muerte y sus misterios\u201d&nbsp;<br>\u201cEl fin del mundo\u201d&nbsp;<br>\u201cPluralidad de mundos habitados\u201d&nbsp;<\/p>\n\n\n\n<p class=\"has-black-color has-text-color has-link-color has-small-font-size wp-elements-48b5f95fc43b34b9fca1e592c6f2f9d1\">Flammarion, en las palabras de Gabrielle Delanne, fue un fil\u00f3sofo muy sabio que ten\u00eda el arte de la ciencia y la ciencia del arte.&nbsp;<\/p>\n\n\n\n<p class=\"has-black-color has-text-color has-link-color has-small-font-size wp-elements-968726e3f978824add7ccf7901cb8d80\">Incansable escritor y propagador de la Doctrina llev\u00f3 la bandera de la Buena Nueva, acompa\u00f1ando a Kardec en sus trabajos de divulgaci\u00f3n y estudio.&nbsp;<\/p>\n\n\n\n<p class=\"has-black-color has-text-color has-link-color has-small-font-size wp-elements-0a99a5073dbee7e9c74df81eec989038\">Debemos a este gran hombre obras importantes sobre temas como la reencarnaci\u00f3n, la pluralidad de mundos habitados, la evoluci\u00f3n del alma, la comunicaci\u00f3n con los Esp\u00edritus, y otros. Sobretodo le debemos un nuevo enfoque de la ciencia, apuntando hacia la espiritualidad, de la existencia de todo lo creado.&nbsp;<\/p>\n\n\n\n<p class=\"has-black-color has-text-color has-link-color has-small-font-size wp-elements-f6e42e4f6a70c7c1ee9a6dd3f311cd0d\">Su nombre estar\u00e1 siempre junto al de los grandes hombres, que lo dieron todo a favor del crecimiento espiritual de la Humanidad.&nbsp;&nbsp;<\/p>\n<\/div><\/div>\n\n\n\n<div class=\"wp-block-uagb-container uagb-block-d80be9f6 alignfull uagb-is-root-container\"><div class=\"uagb-container-inner-blocks-wrap\"><\/div><\/div>\n\n\n\n<div class=\"wp-block-uagb-container uagb-block-3c3de97c alignfull uagb-is-root-container\"><div class=\"uagb-container-inner-blocks-wrap\"><\/div><\/div>","protected":false},"excerpt":{"rendered":"<p>Camille Flammarion Cammille Flammarion, famoso astr\u00f3nomo franc\u00e9s. Naci\u00f3 en Montigny, Francia, el 21 de febrero de 1842 y desencarn\u00f3 en junio de 1925.&nbsp; Desde 1862 se convirti\u00f3 en un estudioso del Espiritismo. Conoci\u00f3 a Allan Kardec y entabl\u00f3 una estrecha amistad con \u00e9l.&nbsp; Sabemos que \u00e9l formaba parte de un grupo de esp\u00edritus en los [&hellip;]<\/p>","protected":false},"author":1,"featured_media":0,"parent":0,"menu_order":0,"comment_status":"closed","ping_status":"closed","template":"","meta":{"_uag_custom_page_level_css":"","site-sidebar-layout":"default","site-content-layout":"","ast-site-content-layout":"default","site-content-style":"default","site-sidebar-style":"default","ast-global-header-display":"","ast-banner-title-visibility":"","ast-main-header-display":"","ast-hfb-above-header-display":"","ast-hfb-below-header-display":"","ast-hfb-mobile-header-display":"","site-post-title":"disabled","ast-breadcrumbs-content":"","ast-featured-img":"","footer-sml-layout":"","theme-transparent-header-meta":"","adv-header-id-meta":"","stick-header-meta":"","header-above-stick-meta":"","header-main-stick-meta":"","header-below-stick-meta":"","astra-migrate-meta-layouts":"set","ast-page-background-enabled":"default","ast-page-background-meta":{"desktop":{"background-color":"var(--ast-global-color-4)","background-image":"","background-repeat":"repeat","background-position":"center center","background-size":"auto","background-attachment":"scroll","background-type":"","background-media":"","overlay-type":"","overlay-color":"","overlay-opacity":"","overlay-gradient":""},"tablet":{"background-color":"","background-image":"","background-repeat":"repeat","background-position":"center center","background-size":"auto","background-attachment":"scroll","background-type":"","background-media":"","overlay-type":"","overlay-color":"","overlay-opacity":"","overlay-gradient":""},"mobile":{"background-color":"","background-image":"","background-repeat":"repeat","background-position":"center center","background-size":"auto","background-attachment":"scroll","background-type":"","background-media":"","overlay-type":"","overlay-color":"","overlay-opacity":"","overlay-gradient":""}},"ast-content-background-meta":{"desktop":{"background-color":"var(--ast-global-color-5)","background-image":"","background-repeat":"repeat","background-position":"center center","background-size":"auto","background-attachment":"scroll","background-type":"","background-media":"","overlay-type":"","overlay-color":"","overlay-opacity":"","overlay-gradient":""},"tablet":{"background-color":"var(--ast-global-color-5)","background-image":"","background-repeat":"repeat","background-position":"center center","background-size":"auto","background-attachment":"scroll","background-type":"","background-media":"","overlay-type":"","overlay-color":"","overlay-opacity":"","overlay-gradient":""},"mobile":{"background-color":"var(--ast-global-color-5)","background-image":"","background-repeat":"repeat","background-position":"center center","background-size":"auto","background-attachment":"scroll","background-type":"","background-media":"","overlay-type":"","overlay-color":"","overlay-opacity":"","overlay-gradient":""}},"footnotes":""},"class_list":["post-3034","page","type-page","status-publish","hentry"],"yoast_head":"<!-- This site is optimized with the Yoast SEO Premium plugin v24.2 (Yoast SEO v24.6) - https:\/\/yoast.com\/wordpress\/plugins\/seo\/ -->\n<title>Camille Flammarion - Uni\u00f3n Esp\u00edrita<\/title>\n<meta name=\"robots\" content=\"index, follow, max-snippet:-1, max-image-preview:large, max-video-preview:-1\" \/>\n<link rel=\"canonical\" href=\"https:\/\/nuevo-renacer.com\/it\/camille-flammarion\/\" \/>\n<meta property=\"og:locale\" content=\"it_IT\" \/>\n<meta property=\"og:type\" content=\"article\" \/>\n<meta property=\"og:title\" content=\"Camille Flammarion\" \/>\n<meta property=\"og:description\" content=\"Camille Flammarion Cammille Flammarion, famoso astr\u00f3nomo franc\u00e9s. Naci\u00f3 en Montigny, Francia, el 21 de febrero de 1842 y desencarn\u00f3 en junio de 1925.&nbsp; Desde 1862 se convirti\u00f3 en un estudioso del Espiritismo. Conoci\u00f3 a Allan Kardec y entabl\u00f3 una estrecha amistad con \u00e9l.&nbsp; Sabemos que \u00e9l formaba parte de un grupo de esp\u00edritus en los [&hellip;]\" \/>\n<meta property=\"og:url\" content=\"https:\/\/nuevo-renacer.com\/it\/camille-flammarion\/\" \/>\n<meta property=\"og:site_name\" content=\"Uni\u00f3n Esp\u00edrita\" \/>\n<meta property=\"article:publisher\" content=\"https:\/\/www.facebook.com\/groups\/3431398063740829\" \/>\n<meta property=\"article:modified_time\" content=\"2025-06-13T09:55:10+00:00\" \/>\n<meta property=\"og:image\" content=\"https:\/\/nuevo-renacer.com\/wp-content\/uploads\/2024\/07\/Camille_Flammarion_by_Eugene_Pirou.jpg\" \/>\n<meta name=\"twitter:card\" content=\"summary_large_image\" \/>\n<meta name=\"twitter:label1\" content=\"Tempo di lettura stimato\" \/>\n\t<meta name=\"twitter:data1\" content=\"4 minuti\" \/>\n<script type=\"application\/ld+json\" class=\"yoast-schema-graph\">{\"@context\":\"https:\/\/schema.org\",\"@graph\":[{\"@type\":\"WebPage\",\"@id\":\"https:\/\/nuevo-renacer.com\/camille-flammarion\/\",\"url\":\"https:\/\/nuevo-renacer.com\/camille-flammarion\/\",\"name\":\"Camille Flammarion - Uni\u00f3n Esp\u00edrita\",\"isPartOf\":{\"@id\":\"https:\/\/nuevo-renacer.com\/#website\"},\"primaryImageOfPage\":{\"@id\":\"https:\/\/nuevo-renacer.com\/camille-flammarion\/#primaryimage\"},\"image\":{\"@id\":\"https:\/\/nuevo-renacer.com\/camille-flammarion\/#primaryimage\"},\"thumbnailUrl\":\"https:\/\/nuevo-renacer.com\/wp-content\/uploads\/2024\/07\/Camille_Flammarion_by_Eugene_Pirou.jpg\",\"datePublished\":\"2024-07-06T10:39:05+00:00\",\"dateModified\":\"2025-06-13T09:55:10+00:00\",\"breadcrumb\":{\"@id\":\"https:\/\/nuevo-renacer.com\/camille-flammarion\/#breadcrumb\"},\"inLanguage\":\"it-IT\",\"potentialAction\":[{\"@type\":\"ReadAction\",\"target\":[\"https:\/\/nuevo-renacer.com\/camille-flammarion\/\"]}]},{\"@type\":\"ImageObject\",\"inLanguage\":\"it-IT\",\"@id\":\"https:\/\/nuevo-renacer.com\/camille-flammarion\/#primaryimage\",\"url\":\"https:\/\/nuevo-renacer.com\/wp-content\/uploads\/2024\/07\/Camille_Flammarion_by_Eugene_Pirou.jpg\",\"contentUrl\":\"https:\/\/nuevo-renacer.com\/wp-content\/uploads\/2024\/07\/Camille_Flammarion_by_Eugene_Pirou.jpg\"},{\"@type\":\"BreadcrumbList\",\"@id\":\"https:\/\/nuevo-renacer.com\/camille-flammarion\/#breadcrumb\",\"itemListElement\":[{\"@type\":\"ListItem\",\"position\":1,\"name\":\"Startseite\",\"item\":\"https:\/\/nuevo-renacer.com\/\"},{\"@type\":\"ListItem\",\"position\":2,\"name\":\"Camille Flammarion\"}]},{\"@type\":\"WebSite\",\"@id\":\"https:\/\/nuevo-renacer.com\/#website\",\"url\":\"https:\/\/nuevo-renacer.com\/\",\"name\":\"Uni\u00f3n Esp\u00edrita\",\"description\":\"Nuevo Renacer\",\"publisher\":{\"@id\":\"https:\/\/nuevo-renacer.com\/#organization\"},\"potentialAction\":[{\"@type\":\"SearchAction\",\"target\":{\"@type\":\"EntryPoint\",\"urlTemplate\":\"https:\/\/nuevo-renacer.com\/?s={search_term_string}\"},\"query-input\":{\"@type\":\"PropertyValueSpecification\",\"valueRequired\":true,\"valueName\":\"search_term_string\"}}],\"inLanguage\":\"it-IT\"},{\"@type\":\"Organization\",\"@id\":\"https:\/\/nuevo-renacer.com\/#organization\",\"name\":\"UFEC\",\"url\":\"https:\/\/nuevo-renacer.com\/\",\"logo\":{\"@type\":\"ImageObject\",\"inLanguage\":\"it-IT\",\"@id\":\"https:\/\/nuevo-renacer.com\/#\/schema\/logo\/image\/\",\"url\":\"https:\/\/nuevo-renacer.com\/wp-content\/uploads\/2024\/05\/cropped-LOGO-TERMINADO1-3-3.png\",\"contentUrl\":\"https:\/\/nuevo-renacer.com\/wp-content\/uploads\/2024\/05\/cropped-LOGO-TERMINADO1-3-3.png\",\"width\":512,\"height\":512,\"caption\":\"UFEC\"},\"image\":{\"@id\":\"https:\/\/nuevo-renacer.com\/#\/schema\/logo\/image\/\"},\"sameAs\":[\"https:\/\/www.facebook.com\/groups\/3431398063740829\"]}]}<\/script>\n<!-- \/ Yoast SEO Premium plugin. -->","yoast_head_json":{"title":"Camille Flammarion - Uni\u00f3n Esp\u00edrita","robots":{"index":"index","follow":"follow","max-snippet":"max-snippet:-1","max-image-preview":"max-image-preview:large","max-video-preview":"max-video-preview:-1"},"canonical":"https:\/\/nuevo-renacer.com\/it\/camille-flammarion\/","og_locale":"it_IT","og_type":"article","og_title":"Camille Flammarion","og_description":"Camille Flammarion Cammille Flammarion, famoso astr\u00f3nomo franc\u00e9s. Naci\u00f3 en Montigny, Francia, el 21 de febrero de 1842 y desencarn\u00f3 en junio de 1925.&nbsp; Desde 1862 se convirti\u00f3 en un estudioso del Espiritismo. Conoci\u00f3 a Allan Kardec y entabl\u00f3 una estrecha amistad con \u00e9l.&nbsp; Sabemos que \u00e9l formaba parte de un grupo de esp\u00edritus en los [&hellip;]","og_url":"https:\/\/nuevo-renacer.com\/it\/camille-flammarion\/","og_site_name":"Uni\u00f3n Esp\u00edrita","article_publisher":"https:\/\/www.facebook.com\/groups\/3431398063740829","article_modified_time":"2025-06-13T09:55:10+00:00","og_image":[{"url":"https:\/\/nuevo-renacer.com\/wp-content\/uploads\/2024\/07\/Camille_Flammarion_by_Eugene_Pirou.jpg","type":"","width":"","height":""}],"twitter_card":"summary_large_image","twitter_misc":{"Tempo di lettura stimato":"4 minuti"},"schema":{"@context":"https:\/\/schema.org","@graph":[{"@type":"WebPage","@id":"https:\/\/nuevo-renacer.com\/camille-flammarion\/","url":"https:\/\/nuevo-renacer.com\/camille-flammarion\/","name":"Camille Flammarion - Uni\u00f3n Esp\u00edrita","isPartOf":{"@id":"https:\/\/nuevo-renacer.com\/#website"},"primaryImageOfPage":{"@id":"https:\/\/nuevo-renacer.com\/camille-flammarion\/#primaryimage"},"image":{"@id":"https:\/\/nuevo-renacer.com\/camille-flammarion\/#primaryimage"},"thumbnailUrl":"https:\/\/nuevo-renacer.com\/wp-content\/uploads\/2024\/07\/Camille_Flammarion_by_Eugene_Pirou.jpg","datePublished":"2024-07-06T10:39:05+00:00","dateModified":"2025-06-13T09:55:10+00:00","breadcrumb":{"@id":"https:\/\/nuevo-renacer.com\/camille-flammarion\/#breadcrumb"},"inLanguage":"it-IT","potentialAction":[{"@type":"ReadAction","target":["https:\/\/nuevo-renacer.com\/camille-flammarion\/"]}]},{"@type":"ImageObject","inLanguage":"it-IT","@id":"https:\/\/nuevo-renacer.com\/camille-flammarion\/#primaryimage","url":"https:\/\/nuevo-renacer.com\/wp-content\/uploads\/2024\/07\/Camille_Flammarion_by_Eugene_Pirou.jpg","contentUrl":"https:\/\/nuevo-renacer.com\/wp-content\/uploads\/2024\/07\/Camille_Flammarion_by_Eugene_Pirou.jpg"},{"@type":"BreadcrumbList","@id":"https:\/\/nuevo-renacer.com\/camille-flammarion\/#breadcrumb","itemListElement":[{"@type":"ListItem","position":1,"name":"Startseite","item":"https:\/\/nuevo-renacer.com\/"},{"@type":"ListItem","position":2,"name":"Camille Flammarion"}]},{"@type":"WebSite","@id":"https:\/\/nuevo-renacer.com\/#website","url":"https:\/\/nuevo-renacer.com\/","name":"Uni\u00f3n Esp\u00edrita","description":"Nuevo Renacer","publisher":{"@id":"https:\/\/nuevo-renacer.com\/#organization"},"potentialAction":[{"@type":"SearchAction","target":{"@type":"EntryPoint","urlTemplate":"https:\/\/nuevo-renacer.com\/?s={search_term_string}"},"query-input":{"@type":"PropertyValueSpecification","valueRequired":true,"valueName":"search_term_string"}}],"inLanguage":"it-IT"},{"@type":"Organization","@id":"https:\/\/nuevo-renacer.com\/#organization","name":"UFEC","url":"https:\/\/nuevo-renacer.com\/","logo":{"@type":"ImageObject","inLanguage":"it-IT","@id":"https:\/\/nuevo-renacer.com\/#\/schema\/logo\/image\/","url":"https:\/\/nuevo-renacer.com\/wp-content\/uploads\/2024\/05\/cropped-LOGO-TERMINADO1-3-3.png","contentUrl":"https:\/\/nuevo-renacer.com\/wp-content\/uploads\/2024\/05\/cropped-LOGO-TERMINADO1-3-3.png","width":512,"height":512,"caption":"UFEC"},"image":{"@id":"https:\/\/nuevo-renacer.com\/#\/schema\/logo\/image\/"},"sameAs":["https:\/\/www.facebook.com\/groups\/3431398063740829"]}]}},"uagb_featured_image_src":{"full":false,"thumbnail":false,"medium":false,"medium_large":false,"large":false,"1536x1536":false,"2048x2048":false,"trp-custom-language-flag":false},"uagb_author_info":{"display_name":"adbv0","author_link":"https:\/\/nuevo-renacer.com\/it\/author\/adbv0\/"},"uagb_comment_info":0,"uagb_excerpt":"Camille Flammarion Cammille Flammarion, famoso astr\u00f3nomo franc\u00e9s. Naci\u00f3 en Montigny, Francia, el 21 de febrero de 1842 y desencarn\u00f3 en junio de 1925.&nbsp; Desde 1862 se convirti\u00f3 en un estudioso del Espiritismo. Conoci\u00f3 a Allan Kardec y entabl\u00f3 una estrecha amistad con \u00e9l.&nbsp; Sabemos que \u00e9l formaba parte de un grupo de esp\u00edritus en los&hellip;","jetpack_sharing_enabled":true,"_links":{"self":[{"href":"https:\/\/nuevo-renacer.com\/it\/wp-json\/wp\/v2\/pages\/3034","targetHints":{"allow":["GET"]}}],"collection":[{"href":"https:\/\/nuevo-renacer.com\/it\/wp-json\/wp\/v2\/pages"}],"about":[{"href":"https:\/\/nuevo-renacer.com\/it\/wp-json\/wp\/v2\/types\/page"}],"author":[{"embeddable":true,"href":"https:\/\/nuevo-renacer.com\/it\/wp-json\/wp\/v2\/users\/1"}],"replies":[{"embeddable":true,"href":"https:\/\/nuevo-renacer.com\/it\/wp-json\/wp\/v2\/comments?post=3034"}],"version-history":[{"count":4,"href":"https:\/\/nuevo-renacer.com\/it\/wp-json\/wp\/v2\/pages\/3034\/revisions"}],"predecessor-version":[{"id":8318,"href":"https:\/\/nuevo-renacer.com\/it\/wp-json\/wp\/v2\/pages\/3034\/revisions\/8318"}],"wp:attachment":[{"href":"https:\/\/nuevo-renacer.com\/it\/wp-json\/wp\/v2\/media?parent=3034"}],"curies":[{"name":"wp","href":"https:\/\/api.w.org\/{rel}","templated":true}]}}