{"id":3012,"date":"2024-07-06T10:13:55","date_gmt":"2024-07-06T10:13:55","guid":{"rendered":"https:\/\/ufec-mundial.com\/?page_id=3012"},"modified":"2025-07-02T06:39:40","modified_gmt":"2025-07-02T06:39:40","slug":"aurora-de-los-santos","status":"publish","type":"page","link":"https:\/\/nuevo-renacer.com\/it\/aurora-de-los-santos\/","title":{"rendered":"Aurora de los Santos"},"content":{"rendered":"<div class=\"wp-block-uagb-container uagb-block-a686c4cb alignfull uagb-is-root-container\"><div class=\"uagb-container-inner-blocks-wrap\">\n<p class=\"has-black-color has-text-color has-link-color has-medium-font-size wp-elements-66a757b447cba53b14f83bfb3c175f37\"><strong>Aurora de los Santos<\/strong> ( 1890-1969 )<\/p>\n<\/div><\/div>\n\n\n\n<div class=\"wp-block-uagb-container uagb-block-1e58a78a alignfull uagb-is-root-container\"><div class=\"uagb-container-inner-blocks-wrap\">\n<div class=\"wp-block-uagb-image alignleft uagb-block-178eb020 wp-block-uagb-image--layout-default wp-block-uagb-image--effect-static wp-block-uagb-image--align-left\"><figure class=\"wp-block-uagb-image__figure\"><img loading=\"lazy\" decoding=\"async\" srcset=\"https:\/\/nuevo-renacer.com\/wp-content\/uploads\/2024\/07\/aurora-1.jpg ,https:\/\/nuevo-renacer.com\/wp-content\/uploads\/2024\/07\/aurora-1.jpg 780w, https:\/\/nuevo-renacer.com\/wp-content\/uploads\/2024\/07\/aurora-1.jpg 360w\" sizes=\"auto, (max-width: 480px) 150px\" src=\"https:\/\/nuevo-renacer.com\/wp-content\/uploads\/2024\/07\/aurora-1.jpg\" alt=\"\" class=\"uag-image-3013\" width=\"235\" height=\"181\" title=\"aurora-1\" role=\"img\"\/><\/figure><\/div>\n<\/div><\/div>\n\n\n\n<div class=\"wp-block-uagb-container uagb-block-7650cf6b alignfull uagb-is-root-container\"><div class=\"uagb-container-inner-blocks-wrap\">\n<p class=\"has-black-color has-text-color has-link-color has-small-font-size wp-elements-8a719a725b7a02d349954a6242f883d7\">El Espiritismo uruguayo le debe mucho a esta mujer, quien con su ejemplo y devoci\u00f3n contribuy\u00f3 a divulgar las ideas de Kardec, del otro lado del R\u00edo de la Plata.&nbsp;<\/p>\n\n\n\n<p class=\"has-black-color has-text-color has-link-color has-small-font-size wp-elements-b2f6d11cc302070d288ebd850647c35e\">Fund\u00f3 la primera Instituci\u00f3n Esp\u00edrita del Uruguay.&nbsp;<\/p>\n\n\n\n<p class=\"has-black-color has-text-color has-link-color has-small-font-size wp-elements-8a27664d02df320fb039e4943b5fa2c8\">Era hija de Jos\u00e9 Fabr\u00edcio dos Santos, brasile\u00f1o, y de Petrona Tejera, espa\u00f1ola. Viv\u00eda en el departamento de Rivera, en la frontera con el Brasil. Pudo cursar solamente los primeros a\u00f1os de escolaridad. Su vida estuvo repleta de dificultades y sacrificios. Eran agricultores de la tierra. Desde peque\u00f1a se revelaron en ella los fen\u00f3menos medi\u00famnicos de videncia, que sus padres intentaron reprimir, por desconocer sus verdaderas causas.&nbsp;<\/p>\n\n\n\n<p class=\"has-black-color has-text-color has-link-color has-small-font-size wp-elements-c7bd4eb2bc594fae2dbc5878b60e6d41\">Fue madre de siete hijos, de dos matrimonios. En 1933 desencarn\u00f3 su primer esposo, dej\u00e1ndola en la miseria y sin recursos. En esos momentos de angustia conoci\u00f3 a una se\u00f1ora, Valentina, que le dio algunos folletos sobre el Espiritismo. Su lectura llen\u00f3 su alma de paz y comprensi\u00f3n. Llena de fe comenz\u00f3 a frecuentar, junto a sus hijos, algunos centros esp\u00edritas que exist\u00edan en las ciudades fronterizas de Rivera y Livramento.&nbsp;<\/p>\n\n\n\n<p class=\"has-black-color has-text-color has-link-color has-small-font-size wp-elements-6494cdb60625fa1719f2414d2cb8d3ab\">Se dedic\u00f3 a la lectura del libro El Evangelio seg\u00fan el Espiritismo, de Allan Kardec.&nbsp;<\/p>\n\n\n\n<p class=\"has-black-color has-text-color has-link-color has-small-font-size wp-elements-aa3278bd514a41f82bc8589871dbb274\">En 1935 se muda a Montevideo, buscando mejoras salariales. Era modista.&nbsp;<\/p>\n\n\n\n<p class=\"has-black-color has-text-color has-link-color has-small-font-size wp-elements-d0a45b441a4cf79cd5e359b43b6bf659\">Un d\u00eda, en Montevideo, estaba muy cansada y le pidi\u00f3 a uno de sus hijos que le leyera el \u00fanico libro de poes\u00eda, El Evangelio. En esa ocasi\u00f3n se manifest\u00f3 un Esp\u00edritu, para sorpresa de la joven, que les dijo que no temieran, que s\u00f3lo ven\u00eda a ayudar. Pidi\u00f3 que juntasen tres o cuatro personas y entonces, \u00e9l volver\u00eda. As\u00ed hicieron y al d\u00eda siguiente se reunieron para empezar el camino de la mediumnidad.&nbsp;<\/p>\n\n\n\n<p class=\"has-black-color has-text-color has-link-color has-small-font-size wp-elements-539c6b28f6b74f005b6ae1f87779f6eb\">Aurora desarroll\u00f3 especialmente la mediumnidad de cura, obteniendo milagrosas curas de ciegos, paral\u00edticos, enfermos de c\u00e1ncer y gente que no ten\u00eda esperanzas, desde la medicina terrenal. En poco tiempo su fama se extendi\u00f3 por toda la regi\u00f3n y llegaban enfermos de a cientos.&nbsp;<\/p>\n\n\n\n<p class=\"has-black-color has-text-color has-link-color has-small-font-size wp-elements-1dbba69f87037ea9916ce825f4b76064\">En esa \u00e9poca el Espiritismo era casi desconocido en Uruguay. Aurora fue acusada de ejercicio ilegal de la medicina. Fue presa durante varios meses. Sus pobres hijos fueron enviados a diferentes lugares, incluso, asilos.&nbsp;<\/p>\n\n\n\n<p class=\"has-black-color has-text-color has-link-color has-small-font-size wp-elements-3d9e6180043088cda9afe917d25e8888\">Cuando sali\u00f3 de la c\u00e1rcel volvi\u00f3, inmediatamente, a trabajar su mediumnidad, ayudando a sus hermanos necesitados del alma y del cuerpo.&nbsp;<\/p>\n\n\n\n<p class=\"has-black-color has-text-color has-link-color has-small-font-size wp-elements-e818548cf33fcbe82d1b2b64bff04493\">Despu\u00e9s de a\u00f1os de lucha, persecuciones y agresiones, consigui\u00f3 obtener la personer\u00eda jur\u00eddica para el primer centro esp\u00edrita del Uruguay: \u201cCentro Evang\u00e9lico Hacia la Verdad\u201d, inaugurado el 31 de mayo de 1944. Logro obtenido con su infatigable fe y trabajo a favor de la divulgaci\u00f3n de la verdad cristiana. El Esp\u00edritu amigo que se manifest\u00f3 aquel d\u00eda, jam\u00e1s dej\u00f3 de asistirla y ayudarla.&nbsp;<\/p>\n\n\n\n<p class=\"has-black-color has-text-color has-link-color has-small-font-size wp-elements-61b02e9ee31586016fd75b317184fd13\">El escritor y orador brasile\u00f1o Newton Boechat, escribi\u00f3 sobre ella, en 1966:&nbsp;<\/p>\n\n\n\n<p class=\"has-black-color has-text-color has-link-color has-small-font-size wp-elements-00491acdb179d8a0a24e8f6baecb4d89\"><em>\u201cDo\u00f1a Aurora, pionera del Movimiento Esp\u00edrita Uruguayo, notable m\u00e9dium y divulgadora, hoy descansa de las luchas de anta\u00f1o, cuando su organismo era vigoroso y fuerte. Enfrent\u00f3, muchas veces, la c\u00e1rcel, la persecuci\u00f3n, los ataques de terribles adversarios para poner en evidencia el mensaje esp\u00edrita. El Centro Hacia la Verdad es el fruto de sus labores en funci\u00f3n del Bien, obteniendo personalidad jur\u00eddica desde 1944\u201d.<\/em>&nbsp;<\/p>\n\n\n\n<p class=\"has-black-color has-text-color has-link-color has-small-font-size wp-elements-be81f3ffa6078ded137aed791386440f\">Hoy este Centro Esp\u00edrita contin\u00faa actuando y posee una hermosa biblioteca.&nbsp;<\/p>\n<\/div><\/div>\n\n\n\n<div class=\"wp-block-uagb-container uagb-block-32d8b0fe alignfull uagb-is-root-container\"><div class=\"uagb-container-inner-blocks-wrap\"><\/div><\/div>\n\n\n\n<div class=\"wp-block-uagb-container uagb-block-c8fb160c alignfull uagb-is-root-container\"><div class=\"uagb-container-inner-blocks-wrap\"><\/div><\/div>","protected":false},"excerpt":{"rendered":"<p>Aurora de los Santos ( 1890-1969 ) El Espiritismo uruguayo le debe mucho a esta mujer, quien con su ejemplo y devoci\u00f3n contribuy\u00f3 a divulgar las ideas de Kardec, del otro lado del R\u00edo de la Plata.&nbsp; Fund\u00f3 la primera Instituci\u00f3n Esp\u00edrita del Uruguay.&nbsp; Era hija de Jos\u00e9 Fabr\u00edcio dos Santos, brasile\u00f1o, y de Petrona [&hellip;]<\/p>","protected":false},"author":1,"featured_media":0,"parent":0,"menu_order":0,"comment_status":"closed","ping_status":"closed","template":"","meta":{"_uag_custom_page_level_css":"","site-sidebar-layout":"default","site-content-layout":"","ast-site-content-layout":"default","site-content-style":"default","site-sidebar-style":"default","ast-global-header-display":"","ast-banner-title-visibility":"","ast-main-header-display":"","ast-hfb-above-header-display":"","ast-hfb-below-header-display":"","ast-hfb-mobile-header-display":"","site-post-title":"disabled","ast-breadcrumbs-content":"","ast-featured-img":"","footer-sml-layout":"","theme-transparent-header-meta":"","adv-header-id-meta":"","stick-header-meta":"","header-above-stick-meta":"","header-main-stick-meta":"","header-below-stick-meta":"","astra-migrate-meta-layouts":"set","ast-page-background-enabled":"default","ast-page-background-meta":{"desktop":{"background-color":"var(--ast-global-color-4)","background-image":"","background-repeat":"repeat","background-position":"center center","background-size":"auto","background-attachment":"scroll","background-type":"","background-media":"","overlay-type":"","overlay-color":"","overlay-opacity":"","overlay-gradient":""},"tablet":{"background-color":"","background-image":"","background-repeat":"repeat","background-position":"center center","background-size":"auto","background-attachment":"scroll","background-type":"","background-media":"","overlay-type":"","overlay-color":"","overlay-opacity":"","overlay-gradient":""},"mobile":{"background-color":"","background-image":"","background-repeat":"repeat","background-position":"center center","background-size":"auto","background-attachment":"scroll","background-type":"","background-media":"","overlay-type":"","overlay-color":"","overlay-opacity":"","overlay-gradient":""}},"ast-content-background-meta":{"desktop":{"background-color":"var(--ast-global-color-5)","background-image":"","background-repeat":"repeat","background-position":"center center","background-size":"auto","background-attachment":"scroll","background-type":"","background-media":"","overlay-type":"","overlay-color":"","overlay-opacity":"","overlay-gradient":""},"tablet":{"background-color":"var(--ast-global-color-5)","background-image":"","background-repeat":"repeat","background-position":"center center","background-size":"auto","background-attachment":"scroll","background-type":"","background-media":"","overlay-type":"","overlay-color":"","overlay-opacity":"","overlay-gradient":""},"mobile":{"background-color":"var(--ast-global-color-5)","background-image":"","background-repeat":"repeat","background-position":"center center","background-size":"auto","background-attachment":"scroll","background-type":"","background-media":"","overlay-type":"","overlay-color":"","overlay-opacity":"","overlay-gradient":""}},"footnotes":""},"class_list":["post-3012","page","type-page","status-publish","hentry"],"yoast_head":"<!-- This site is optimized with the Yoast SEO Premium plugin v24.2 (Yoast SEO v24.6) - https:\/\/yoast.com\/wordpress\/plugins\/seo\/ -->\n<title>Aurora de los Santos - Uni\u00f3n Esp\u00edrita<\/title>\n<meta name=\"robots\" content=\"index, follow, max-snippet:-1, max-image-preview:large, max-video-preview:-1\" \/>\n<link rel=\"canonical\" href=\"https:\/\/nuevo-renacer.com\/it\/aurora-de-los-santos\/\" \/>\n<meta property=\"og:locale\" content=\"it_IT\" \/>\n<meta property=\"og:type\" content=\"article\" \/>\n<meta property=\"og:title\" content=\"Aurora de los Santos\" \/>\n<meta property=\"og:description\" content=\"Aurora de los Santos ( 1890-1969 ) El Espiritismo uruguayo le debe mucho a esta mujer, quien con su ejemplo y devoci\u00f3n contribuy\u00f3 a divulgar las ideas de Kardec, del otro lado del R\u00edo de la Plata.&nbsp; Fund\u00f3 la primera Instituci\u00f3n Esp\u00edrita del Uruguay.&nbsp; Era hija de Jos\u00e9 Fabr\u00edcio dos Santos, brasile\u00f1o, y de Petrona [&hellip;]\" \/>\n<meta property=\"og:url\" content=\"https:\/\/nuevo-renacer.com\/it\/aurora-de-los-santos\/\" \/>\n<meta property=\"og:site_name\" content=\"Uni\u00f3n Esp\u00edrita\" \/>\n<meta property=\"article:publisher\" content=\"https:\/\/www.facebook.com\/groups\/3431398063740829\" \/>\n<meta property=\"article:modified_time\" content=\"2025-07-02T06:39:40+00:00\" \/>\n<meta property=\"og:image\" content=\"https:\/\/nuevo-renacer.com\/wp-content\/uploads\/2024\/07\/aurora-1.jpg\" \/>\n<meta name=\"twitter:card\" content=\"summary_large_image\" \/>\n<meta name=\"twitter:label1\" content=\"Tempo di lettura stimato\" \/>\n\t<meta name=\"twitter:data1\" content=\"4 minuti\" \/>\n<script type=\"application\/ld+json\" class=\"yoast-schema-graph\">{\"@context\":\"https:\/\/schema.org\",\"@graph\":[{\"@type\":\"WebPage\",\"@id\":\"https:\/\/nuevo-renacer.com\/aurora-de-los-santos\/\",\"url\":\"https:\/\/nuevo-renacer.com\/aurora-de-los-santos\/\",\"name\":\"Aurora de los Santos - Uni\u00f3n Esp\u00edrita\",\"isPartOf\":{\"@id\":\"https:\/\/nuevo-renacer.com\/#website\"},\"primaryImageOfPage\":{\"@id\":\"https:\/\/nuevo-renacer.com\/aurora-de-los-santos\/#primaryimage\"},\"image\":{\"@id\":\"https:\/\/nuevo-renacer.com\/aurora-de-los-santos\/#primaryimage\"},\"thumbnailUrl\":\"https:\/\/nuevo-renacer.com\/wp-content\/uploads\/2024\/07\/aurora-1.jpg\",\"datePublished\":\"2024-07-06T10:13:55+00:00\",\"dateModified\":\"2025-07-02T06:39:40+00:00\",\"breadcrumb\":{\"@id\":\"https:\/\/nuevo-renacer.com\/aurora-de-los-santos\/#breadcrumb\"},\"inLanguage\":\"it-IT\",\"potentialAction\":[{\"@type\":\"ReadAction\",\"target\":[\"https:\/\/nuevo-renacer.com\/aurora-de-los-santos\/\"]}]},{\"@type\":\"ImageObject\",\"inLanguage\":\"it-IT\",\"@id\":\"https:\/\/nuevo-renacer.com\/aurora-de-los-santos\/#primaryimage\",\"url\":\"https:\/\/nuevo-renacer.com\/wp-content\/uploads\/2024\/07\/aurora-1.jpg\",\"contentUrl\":\"https:\/\/nuevo-renacer.com\/wp-content\/uploads\/2024\/07\/aurora-1.jpg\"},{\"@type\":\"BreadcrumbList\",\"@id\":\"https:\/\/nuevo-renacer.com\/aurora-de-los-santos\/#breadcrumb\",\"itemListElement\":[{\"@type\":\"ListItem\",\"position\":1,\"name\":\"Startseite\",\"item\":\"https:\/\/nuevo-renacer.com\/\"},{\"@type\":\"ListItem\",\"position\":2,\"name\":\"Aurora de los Santos\"}]},{\"@type\":\"WebSite\",\"@id\":\"https:\/\/nuevo-renacer.com\/#website\",\"url\":\"https:\/\/nuevo-renacer.com\/\",\"name\":\"Uni\u00f3n Esp\u00edrita\",\"description\":\"Nuevo Renacer\",\"publisher\":{\"@id\":\"https:\/\/nuevo-renacer.com\/#organization\"},\"potentialAction\":[{\"@type\":\"SearchAction\",\"target\":{\"@type\":\"EntryPoint\",\"urlTemplate\":\"https:\/\/nuevo-renacer.com\/?s={search_term_string}\"},\"query-input\":{\"@type\":\"PropertyValueSpecification\",\"valueRequired\":true,\"valueName\":\"search_term_string\"}}],\"inLanguage\":\"it-IT\"},{\"@type\":\"Organization\",\"@id\":\"https:\/\/nuevo-renacer.com\/#organization\",\"name\":\"UFEC\",\"url\":\"https:\/\/nuevo-renacer.com\/\",\"logo\":{\"@type\":\"ImageObject\",\"inLanguage\":\"it-IT\",\"@id\":\"https:\/\/nuevo-renacer.com\/#\/schema\/logo\/image\/\",\"url\":\"https:\/\/nuevo-renacer.com\/wp-content\/uploads\/2024\/05\/cropped-LOGO-TERMINADO1-3-3.png\",\"contentUrl\":\"https:\/\/nuevo-renacer.com\/wp-content\/uploads\/2024\/05\/cropped-LOGO-TERMINADO1-3-3.png\",\"width\":512,\"height\":512,\"caption\":\"UFEC\"},\"image\":{\"@id\":\"https:\/\/nuevo-renacer.com\/#\/schema\/logo\/image\/\"},\"sameAs\":[\"https:\/\/www.facebook.com\/groups\/3431398063740829\"]}]}<\/script>\n<!-- \/ Yoast SEO Premium plugin. -->","yoast_head_json":{"title":"Aurora de los Santos - Uni\u00f3n Esp\u00edrita","robots":{"index":"index","follow":"follow","max-snippet":"max-snippet:-1","max-image-preview":"max-image-preview:large","max-video-preview":"max-video-preview:-1"},"canonical":"https:\/\/nuevo-renacer.com\/it\/aurora-de-los-santos\/","og_locale":"it_IT","og_type":"article","og_title":"Aurora de los Santos","og_description":"Aurora de los Santos ( 1890-1969 ) El Espiritismo uruguayo le debe mucho a esta mujer, quien con su ejemplo y devoci\u00f3n contribuy\u00f3 a divulgar las ideas de Kardec, del otro lado del R\u00edo de la Plata.&nbsp; Fund\u00f3 la primera Instituci\u00f3n Esp\u00edrita del Uruguay.&nbsp; Era hija de Jos\u00e9 Fabr\u00edcio dos Santos, brasile\u00f1o, y de Petrona [&hellip;]","og_url":"https:\/\/nuevo-renacer.com\/it\/aurora-de-los-santos\/","og_site_name":"Uni\u00f3n Esp\u00edrita","article_publisher":"https:\/\/www.facebook.com\/groups\/3431398063740829","article_modified_time":"2025-07-02T06:39:40+00:00","og_image":[{"url":"https:\/\/nuevo-renacer.com\/wp-content\/uploads\/2024\/07\/aurora-1.jpg","type":"","width":"","height":""}],"twitter_card":"summary_large_image","twitter_misc":{"Tempo di lettura stimato":"4 minuti"},"schema":{"@context":"https:\/\/schema.org","@graph":[{"@type":"WebPage","@id":"https:\/\/nuevo-renacer.com\/aurora-de-los-santos\/","url":"https:\/\/nuevo-renacer.com\/aurora-de-los-santos\/","name":"Aurora de los Santos - Uni\u00f3n Esp\u00edrita","isPartOf":{"@id":"https:\/\/nuevo-renacer.com\/#website"},"primaryImageOfPage":{"@id":"https:\/\/nuevo-renacer.com\/aurora-de-los-santos\/#primaryimage"},"image":{"@id":"https:\/\/nuevo-renacer.com\/aurora-de-los-santos\/#primaryimage"},"thumbnailUrl":"https:\/\/nuevo-renacer.com\/wp-content\/uploads\/2024\/07\/aurora-1.jpg","datePublished":"2024-07-06T10:13:55+00:00","dateModified":"2025-07-02T06:39:40+00:00","breadcrumb":{"@id":"https:\/\/nuevo-renacer.com\/aurora-de-los-santos\/#breadcrumb"},"inLanguage":"it-IT","potentialAction":[{"@type":"ReadAction","target":["https:\/\/nuevo-renacer.com\/aurora-de-los-santos\/"]}]},{"@type":"ImageObject","inLanguage":"it-IT","@id":"https:\/\/nuevo-renacer.com\/aurora-de-los-santos\/#primaryimage","url":"https:\/\/nuevo-renacer.com\/wp-content\/uploads\/2024\/07\/aurora-1.jpg","contentUrl":"https:\/\/nuevo-renacer.com\/wp-content\/uploads\/2024\/07\/aurora-1.jpg"},{"@type":"BreadcrumbList","@id":"https:\/\/nuevo-renacer.com\/aurora-de-los-santos\/#breadcrumb","itemListElement":[{"@type":"ListItem","position":1,"name":"Startseite","item":"https:\/\/nuevo-renacer.com\/"},{"@type":"ListItem","position":2,"name":"Aurora de los Santos"}]},{"@type":"WebSite","@id":"https:\/\/nuevo-renacer.com\/#website","url":"https:\/\/nuevo-renacer.com\/","name":"Uni\u00f3n Esp\u00edrita","description":"Nuevo Renacer","publisher":{"@id":"https:\/\/nuevo-renacer.com\/#organization"},"potentialAction":[{"@type":"SearchAction","target":{"@type":"EntryPoint","urlTemplate":"https:\/\/nuevo-renacer.com\/?s={search_term_string}"},"query-input":{"@type":"PropertyValueSpecification","valueRequired":true,"valueName":"search_term_string"}}],"inLanguage":"it-IT"},{"@type":"Organization","@id":"https:\/\/nuevo-renacer.com\/#organization","name":"UFEC","url":"https:\/\/nuevo-renacer.com\/","logo":{"@type":"ImageObject","inLanguage":"it-IT","@id":"https:\/\/nuevo-renacer.com\/#\/schema\/logo\/image\/","url":"https:\/\/nuevo-renacer.com\/wp-content\/uploads\/2024\/05\/cropped-LOGO-TERMINADO1-3-3.png","contentUrl":"https:\/\/nuevo-renacer.com\/wp-content\/uploads\/2024\/05\/cropped-LOGO-TERMINADO1-3-3.png","width":512,"height":512,"caption":"UFEC"},"image":{"@id":"https:\/\/nuevo-renacer.com\/#\/schema\/logo\/image\/"},"sameAs":["https:\/\/www.facebook.com\/groups\/3431398063740829"]}]}},"uagb_featured_image_src":{"full":false,"thumbnail":false,"medium":false,"medium_large":false,"large":false,"1536x1536":false,"2048x2048":false,"trp-custom-language-flag":false},"uagb_author_info":{"display_name":"adbv0","author_link":"https:\/\/nuevo-renacer.com\/it\/author\/adbv0\/"},"uagb_comment_info":0,"uagb_excerpt":"Aurora de los Santos ( 1890-1969 ) El Espiritismo uruguayo le debe mucho a esta mujer, quien con su ejemplo y devoci\u00f3n contribuy\u00f3 a divulgar las ideas de Kardec, del otro lado del R\u00edo de la Plata.&nbsp; Fund\u00f3 la primera Instituci\u00f3n Esp\u00edrita del Uruguay.&nbsp; Era hija de Jos\u00e9 Fabr\u00edcio dos Santos, brasile\u00f1o, y de Petrona&hellip;","jetpack_sharing_enabled":true,"_links":{"self":[{"href":"https:\/\/nuevo-renacer.com\/it\/wp-json\/wp\/v2\/pages\/3012","targetHints":{"allow":["GET"]}}],"collection":[{"href":"https:\/\/nuevo-renacer.com\/it\/wp-json\/wp\/v2\/pages"}],"about":[{"href":"https:\/\/nuevo-renacer.com\/it\/wp-json\/wp\/v2\/types\/page"}],"author":[{"embeddable":true,"href":"https:\/\/nuevo-renacer.com\/it\/wp-json\/wp\/v2\/users\/1"}],"replies":[{"embeddable":true,"href":"https:\/\/nuevo-renacer.com\/it\/wp-json\/wp\/v2\/comments?post=3012"}],"version-history":[{"count":3,"href":"https:\/\/nuevo-renacer.com\/it\/wp-json\/wp\/v2\/pages\/3012\/revisions"}],"predecessor-version":[{"id":8395,"href":"https:\/\/nuevo-renacer.com\/it\/wp-json\/wp\/v2\/pages\/3012\/revisions\/8395"}],"wp:attachment":[{"href":"https:\/\/nuevo-renacer.com\/it\/wp-json\/wp\/v2\/media?parent=3012"}],"curies":[{"name":"wp","href":"https:\/\/api.w.org\/{rel}","templated":true}]}}