{"id":3007,"date":"2024-07-06T10:06:16","date_gmt":"2024-07-06T10:06:16","guid":{"rendered":"https:\/\/ufec-mundial.com\/?page_id=3007"},"modified":"2025-06-13T09:43:05","modified_gmt":"2025-06-13T09:43:05","slug":"amalia-domingo-soler","status":"publish","type":"page","link":"https:\/\/nuevo-renacer.com\/it\/amalia-domingo-soler\/","title":{"rendered":"Amalia Domingo Soler"},"content":{"rendered":"<div class=\"wp-block-uagb-container uagb-block-661afeb2 alignfull uagb-is-root-container\"><div class=\"uagb-container-inner-blocks-wrap\">\n<p class=\"has-black-color has-text-color has-link-color has-medium-font-size wp-elements-18db3420bb6455dcb0b2842ca44424bb\"><strong>Amalia Domingo Soler<\/strong> <strong>\u2013 Il cronista dei poveri.<\/strong><\/p>\n<\/div><\/div>\n\n\n\n<div class=\"wp-block-uagb-container uagb-block-1d86372b alignfull uagb-is-root-container\"><div class=\"uagb-container-inner-blocks-wrap\">\n<div class=\"wp-block-uagb-image alignleft uagb-block-53766e01 wp-block-uagb-image--layout-default wp-block-uagb-image--effect-static wp-block-uagb-image--align-left\"><figure class=\"wp-block-uagb-image__figure\"><img loading=\"lazy\" decoding=\"async\" srcset=\"https:\/\/nuevo-renacer.com\/wp-content\/uploads\/2024\/06\/amalia.jpg ,https:\/\/nuevo-renacer.com\/wp-content\/uploads\/2024\/06\/amalia.jpg 780w, https:\/\/nuevo-renacer.com\/wp-content\/uploads\/2024\/06\/amalia.jpg 360w\" sizes=\"auto, (max-width: 480px) 150px\" src=\"https:\/\/nuevo-renacer.com\/wp-content\/uploads\/2024\/06\/amalia.jpg\" alt=\"\" class=\"uag-image-2595\" width=\"150\" height=\"214\" title=\"\" role=\"img\"\/><\/figure><\/div>\n<\/div><\/div>\n\n\n\n<p class=\"has-black-color has-text-color has-link-color has-small-font-size wp-elements-ba18be47eb7aa21a87fcc7fa5a1dafc7\">Era nato a Siviglia, in Spagna, il 10 novembre, 1835, la sua infanzia e la giovent\u00f9 sono stati contrassegnati da molti sanzioni. Dalla sua nascita, la sua salute era fragile e otto giorni abbiamo presentato un grave problema di visione che quasi lasciato la sua gelosia, ma grazie al trattamento di un modesto farmacista \u00e8 stato parzialmente recuperato, per tre mesi, ha riacquistato la vista, tuttavia, che sarebbe stato molto delicato. Soffriva di una debolezza della retina che lo ha accompagnato durante tutta la sua vita.&nbsp;<\/p>\n\n\n\n<div class=\"wp-block-uagb-container uagb-block-f2f05f26 alignfull uagb-is-root-container\"><div class=\"uagb-container-inner-blocks-wrap\"><\/div><\/div>\n\n\n\n<p class=\"has-black-color has-text-color has-link-color has-small-font-size wp-elements-225dd5a812bedd85bc77ce1b7bdf0148\">I suoi occhi erano molto imperfetta, ma sua madre \u00e8 dedicata a tutti di lei e non aveva alcun desiderio di rendere felice, ma il suo estremo affetto descuidase minimamente la loro istruzione. Quando aveva due anni ha iniziato a sua madre il doloroso compito di insegnare a leggere, come la madre di Amalia ha preso un sacco di perseveranza e nonostante il fatto che lei stava tirando su per la strada di tutti i primer che possa o si \u00e8 rotto con il pi\u00f9 grande piacere, ha sempre avuto certamente primer ricambio e non di una singola giornata \u00e8 stato quello di dargli una lezione, ottenendo il premio del tuo desiderio, e la vostra preoccupazione per i cinque anni per leggere correttamente, il che rende la lettura ad alta voce due ore al giorno, e quando era pi\u00f9 vecchio, due la mattina e due nel pomeriggio.&nbsp;<\/p>\n\n\n\n<div class=\"wp-block-uagb-container uagb-block-703a4227 alignfull uagb-is-root-container\"><div class=\"uagb-container-inner-blocks-wrap\"><\/div><\/div>\n\n\n\n<p class=\"has-black-color has-text-color has-link-color has-small-font-size wp-elements-24ac8cf41d0cf4b4490dbc4228918679\">Queste due anime si uniscono in un modo cos\u00ec straordinario, che con solo cercando di essere adivinaban il pensiero. Mentre fisicamente era di costituzione malaticcio, gi\u00e0 in et\u00e0 molto precoce esposto un carattere forte e determinato.<\/p>\n\n\n\n<div class=\"wp-block-uagb-container uagb-block-632be6b5 alignfull uagb-is-root-container\"><div class=\"uagb-container-inner-blocks-wrap\"><\/div><\/div>\n\n\n\n<h3 class=\"wp-block-heading has-black-color has-text-color has-link-color has-small-font-size wp-elements-b99017cc69b4b5c853d5d014e23e4ee4\" id=\"h-muerte-de-su-madre\"><strong>La morte di sua madre<\/strong><\/h3>\n\n\n\n<p class=\"has-black-color has-text-color has-link-color has-small-font-size wp-elements-72d3f0c847dd304e6b0ba81daf2f5809\">Sua madre desencarno nel giugno 1860, Amalia aveva venticinque anni, durante i 3 mesi completamente perso la memoria. Le risorse che sua madre gli aveva praticamente esaurito nel trattamento della loro salute e dei loro rapporti con i loro familiari (parenti del padre non erano delle migliori. Cos\u00ec, al di l\u00e0 della solitudine, ha iniziato ad Amalia giorni di grande disagio. Le soluzioni proposte da suoi parenti erano impossibili da accettare: entrata in convento o un matrimonio per un uomo molto pi\u00f9 vecchio, in una buona situazione finanziaria. Non voleva essere una suora, ha detto:&nbsp;<\/p>\n\n\n\n<div class=\"wp-block-uagb-container uagb-block-02465c5a alignfull uagb-is-root-container\"><div class=\"uagb-container-inner-blocks-wrap\"><\/div><\/div>\n\n\n\n<p class=\"has-black-color has-pale-cyan-blue-background-color has-text-color has-background has-link-color has-small-font-size wp-elements-44fecea09b305f6eeea2dee72dbb3aed\">La mia anima non sente il bisogno di dare se stesso per il digiuno, la penitenza; o l&#039;incontro con Dio sugli altari dei templi; i conventi ho sempre sembrato segrete di intelligence. Mio Dio l&#039;ho trovato nel Sole, nell&#039;aria, nei fiori, negli uccelli, le montagne, i fiumi, i mari, in tutte le parti dove la vita si manifesta.<\/p>\n\n\n\n<div class=\"wp-block-uagb-container uagb-block-bb5e32b3 alignfull uagb-is-root-container\"><div class=\"uagb-container-inner-blocks-wrap\"><\/div><\/div>\n\n\n\n<p class=\"has-black-color has-text-color has-link-color has-small-font-size wp-elements-d9980ffe15c0ccde9e47d696e4fc8cec\">Durante i 6 mesi di parenti e amici, gli diede una piccola pensione in cambio la sarta in casa, il luogo in cui si dice che \u00e8 stata una spesa superflua e non poteva pi\u00f9 prendersi cura di lei.<\/p>\n\n\n\n<div class=\"wp-block-uagb-container uagb-block-d72c3289 alignfull uagb-is-root-container\"><div class=\"uagb-container-inner-blocks-wrap\"><\/div><\/div>\n\n\n\n<h3 class=\"wp-block-heading has-black-color has-text-color has-link-color has-small-font-size wp-elements-e3a2c74ee0295b72e31fe6b97716f69d\" id=\"h-estudio-del-espiritismo\"><strong>Studio dello spiritismo<\/strong><\/h3>\n\n\n\n<p class=\"has-black-color has-text-color has-link-color has-small-font-size wp-elements-218cab2f04f409491b553ab0bf1fbeb8\">Lei era in contatto con un medico materialista e l&#039;interesse di Amalia in queste persone le aveva promesso di portarla a un giornale che ha ricevuto e che \u00e8 stato chiamato il &#034;Criterio&#034;. Lei \u00e8 stato invitato a scrivere sui giornali, pubblicando il suo primo articolo spiritualista del numero nove nell&#039;anno 1872, in &#034;La Sentenza&#034;, intitolato &#034;La fede spiritualista&#034;. Inviato poesie per i quotidiani &#034;La Rivelazione&#034; di Alicante. Inoltre ha pubblicato un articolo &#034;L&#039;Occulto \u00e8 la verit\u00e0.&#034; Da quel momento ha iniziato a studiare lo Spiritismo, e una mattina, nella sua casa, ha cominciato a sentire sul suo capo una sensazione dolorosa e strano; allo stesso tempo gli sembr\u00f2 di sentire strane voci e di confusione che ha detto: &#034;le Luci! Le luci!&#034;. Senza sapere perch\u00e9, cominci\u00f2 a piangere, e, senza rendersene conto, si guard\u00f2 allo specchio e not\u00f2 che i suoi occhi erano aperti, come \u00e8 stato un lungo tempo non aveva. Poi ha chiesto a gran voce, come se qualcuno potesse rispondere a lui, ci Sar\u00e0 tempo per ottenere la mia libert\u00e0? E ho sentito s\u00ec, con una voce molto lontano. In quel momento, ha recuperato la sua visione e corse verso dove \u00e8 stato il medico che ha detto che aveva gi\u00e0 riacquistato la vista, e che da allora non ci sarebbe bisogno di fare.&nbsp;<\/p>\n\n\n\n<div class=\"wp-block-uagb-container uagb-block-ec943744 alignfull uagb-is-root-container\"><div class=\"uagb-container-inner-blocks-wrap\"><\/div><\/div>\n\n\n\n<p class=\"has-black-color has-text-color has-link-color has-small-font-size wp-elements-db3500fda07e2f5600ad15cda242c9b0\">Cos\u00ec ha preso contatti con la Federazione Espirita spagnolo e fu il primo a leggere una poesia dedicata ad Allan Kardec il 4 aprile 1874. Successivamente, direttori e redattori di riviste e quotidiani spiritica, ha scritto a lui per chiedere di lavoro; consapevoli del fatto che ci\u00f2 che ha scritto, a quel tempo, era stupito perch\u00e9 non avevo dizionari o libri di grammatica.&nbsp;<\/p>\n\n\n\n<div class=\"wp-block-uagb-container uagb-block-de461a29 alignfull uagb-is-root-container\"><div class=\"uagb-container-inner-blocks-wrap\"><\/div><\/div>\n\n\n\n<h3 class=\"wp-block-heading has-black-color has-text-color has-link-color has-small-font-size wp-elements-df38d0abfe86bc6e1d746b097c63f467\" id=\"h-obras\"><strong>Funziona<\/strong><\/h3>\n\n\n\n<p class=\"has-black-color has-text-color has-link-color has-small-font-size wp-elements-2acb7a5b8099a54a44fc177e3bdb3aae\">Amalia ha scritto le sue prime poesie all&#039;et\u00e0 di dieci anni, e a 18 anni pubblic\u00f2 i suoi primi versi. Una delle sue poesie ricorda i giorni pi\u00f9 belli della loro giovinezza, la loro corse con la madre e gli amici nei giardini dell&#039;Alc\u00e1zar di Siviglia. I loro articoli sono oggi, come ieri, mostre chiaro e diretto su spiritualismo, fedeli interpreti della Scienza Spiritica, codificata da Allan Kardec. Dall&#039;anno 1873 e il 1903, Amalia aveva dato l&#039;premere pi\u00f9 di 2.000 produzioni produzioni (come indicato nella premessa del suo libro di Mazzi di Violette), che sono stati pubblicati in giornali in Spagna e all&#039;estero, alcuni dei quali sono: il Criterio e Spiritualismo, di Madrid; La Gazzetta ufficiale della Catalogna, la Luce del Futuro, e il Giornale di Studi Psicologici, Barcellona; La Rivelazione di Alicante; Spiritualismo, di Siviglia; Illustrazioni Esp\u00edritas, Messico; La Legge dell&#039;Amore, di M\u00e9rida, Yucatan; La Rivista Spiritica, di Montevideo; La Costanza di Buenos Aires; Annali dello Spiritismo in Italia. Il suo Pi\u00f9 Belli Scritti, contiene storie di vita quotidiana analizzata alla luce di Spiritismo da Amalia.&nbsp;<\/p>\n\n\n\n<div class=\"wp-block-uagb-container uagb-block-933036ad alignfull uagb-is-root-container\"><div class=\"uagb-container-inner-blocks-wrap\"><\/div><\/div>\n\n\n\n<h3 class=\"wp-block-heading has-black-color has-text-color has-link-color has-small-font-size wp-elements-1c324ccccb2f60818cc7e229fea280c0\" id=\"h-muerte\"><strong>Morte<\/strong><\/h3>\n\n\n\n<p class=\"has-black-color has-text-color has-link-color has-small-font-size wp-elements-af6311d90f4f80574e99c5d97a424d85\">Dopo una lunga e intensa carriera, i suoi ultimi anni di vita passati, anche con la salute molto stentato, nella stessa linea di scritti e collaborazioni a tema spiritualista, fino alla sua morte, avvenuta il 29 aprile 1909 come risultato di una broncopolmonite. Civili sepoltura ha avuto luogo nel Cimitero di Sud-Ovest, sulle pendici del Montjuic.&nbsp;<\/p>\n\n\n\n<div class=\"wp-block-uagb-container uagb-block-a30cbaf5 alignfull uagb-is-root-container\"><div class=\"uagb-container-inner-blocks-wrap\"><\/div><\/div>\n\n\n\n<p class=\"has-black-color has-text-color has-link-color has-small-font-size wp-elements-4c08cab4596ce95ca9db11db02fbbd81\">Nello stesso anno della sua morte, apparve il suo libro Fiori dell&#039;anima (1909), e tre anni pi\u00f9 tardi, i loro Ricordi del famoso cantante di spiritualismo (1912), che, diviso in due parti distinte, presentato nei primi capitoli scritti dalla stessa autrice, e, nella seconda, quelle che sono state \u201cdettate dallo spazio da sola\u201d, e ha raccolto le sue rivelazioni, per mezzo di Maria.&nbsp;<\/p>\n\n\n\n<p class=\"has-black-color has-text-color has-link-color has-small-font-size wp-elements-fc35d1777b88a7c6c20b89f2ed75ef66\">Diversi libri apparve postuma, tra i quali possiamo ricordare la Consulenza da oltre la tomba, La grande virt\u00f9, Storie per bambini, e, in un modo molto speciale, siamo in grado di evidenziare la sua interessante e curios\u00edsimos Storie spiritualisti.<\/p>","protected":false},"excerpt":{"rendered":"<p>Amalia Domingo Soler &#8211; La cronista de los pobres. Naci\u00f3 en Sevilla, Espa\u00f1a el 10 de noviembre de 1835, su infancia y juventud estuvieron marcadas por muchas penalidades. Desde su nacimiento su salud era fr\u00e1gil y a los ocho d\u00edas se le present\u00f3 un grave problema de visi\u00f3n que casi la dej\u00f3 invidente, pero gracias [&hellip;]<\/p>","protected":false},"author":1,"featured_media":0,"parent":0,"menu_order":0,"comment_status":"closed","ping_status":"closed","template":"","meta":{"_uag_custom_page_level_css":"","site-sidebar-layout":"default","site-content-layout":"","ast-site-content-layout":"default","site-content-style":"default","site-sidebar-style":"default","ast-global-header-display":"","ast-banner-title-visibility":"","ast-main-header-display":"","ast-hfb-above-header-display":"","ast-hfb-below-header-display":"","ast-hfb-mobile-header-display":"","site-post-title":"disabled","ast-breadcrumbs-content":"","ast-featured-img":"","footer-sml-layout":"","theme-transparent-header-meta":"","adv-header-id-meta":"","stick-header-meta":"","header-above-stick-meta":"","header-main-stick-meta":"","header-below-stick-meta":"","astra-migrate-meta-layouts":"set","ast-page-background-enabled":"default","ast-page-background-meta":{"desktop":{"background-color":"var(--ast-global-color-4)","background-image":"","background-repeat":"repeat","background-position":"center center","background-size":"auto","background-attachment":"scroll","background-type":"","background-media":"","overlay-type":"","overlay-color":"","overlay-opacity":"","overlay-gradient":""},"tablet":{"background-color":"","background-image":"","background-repeat":"repeat","background-position":"center center","background-size":"auto","background-attachment":"scroll","background-type":"","background-media":"","overlay-type":"","overlay-color":"","overlay-opacity":"","overlay-gradient":""},"mobile":{"background-color":"","background-image":"","background-repeat":"repeat","background-position":"center center","background-size":"auto","background-attachment":"scroll","background-type":"","background-media":"","overlay-type":"","overlay-color":"","overlay-opacity":"","overlay-gradient":""}},"ast-content-background-meta":{"desktop":{"background-color":"var(--ast-global-color-5)","background-image":"","background-repeat":"repeat","background-position":"center center","background-size":"auto","background-attachment":"scroll","background-type":"","background-media":"","overlay-type":"","overlay-color":"","overlay-opacity":"","overlay-gradient":""},"tablet":{"background-color":"var(--ast-global-color-5)","background-image":"","background-repeat":"repeat","background-position":"center center","background-size":"auto","background-attachment":"scroll","background-type":"","background-media":"","overlay-type":"","overlay-color":"","overlay-opacity":"","overlay-gradient":""},"mobile":{"background-color":"var(--ast-global-color-5)","background-image":"","background-repeat":"repeat","background-position":"center center","background-size":"auto","background-attachment":"scroll","background-type":"","background-media":"","overlay-type":"","overlay-color":"","overlay-opacity":"","overlay-gradient":""}},"footnotes":""},"class_list":["post-3007","page","type-page","status-publish","hentry"],"yoast_head":"<!-- This site is optimized with the Yoast SEO Premium plugin v24.2 (Yoast SEO v24.6) - https:\/\/yoast.com\/wordpress\/plugins\/seo\/ -->\n<title>Amalia Domingo Soler - Uni\u00f3n Esp\u00edrita<\/title>\n<meta name=\"robots\" content=\"index, follow, max-snippet:-1, max-image-preview:large, max-video-preview:-1\" \/>\n<link rel=\"canonical\" href=\"https:\/\/nuevo-renacer.com\/it\/amalia-domingo-soler\/\" \/>\n<meta property=\"og:locale\" content=\"it_IT\" \/>\n<meta property=\"og:type\" content=\"article\" \/>\n<meta property=\"og:title\" content=\"Amalia Domingo Soler\" \/>\n<meta property=\"og:description\" content=\"Amalia Domingo Soler &#8211; La cronista de los pobres. Naci\u00f3 en Sevilla, Espa\u00f1a el 10 de noviembre de 1835, su infancia y juventud estuvieron marcadas por muchas penalidades. Desde su nacimiento su salud era fr\u00e1gil y a los ocho d\u00edas se le present\u00f3 un grave problema de visi\u00f3n que casi la dej\u00f3 invidente, pero gracias [&hellip;]\" \/>\n<meta property=\"og:url\" content=\"https:\/\/nuevo-renacer.com\/it\/amalia-domingo-soler\/\" \/>\n<meta property=\"og:site_name\" content=\"Uni\u00f3n Esp\u00edrita\" \/>\n<meta property=\"article:publisher\" content=\"https:\/\/www.facebook.com\/groups\/3431398063740829\" \/>\n<meta property=\"article:modified_time\" content=\"2025-06-13T09:43:05+00:00\" \/>\n<meta property=\"og:image\" content=\"https:\/\/nuevo-renacer.com\/wp-content\/uploads\/2024\/06\/amalia.jpg\" \/>\n<meta name=\"twitter:card\" content=\"summary_large_image\" \/>\n<meta name=\"twitter:label1\" content=\"Tempo di lettura stimato\" \/>\n\t<meta name=\"twitter:data1\" content=\"7 minuti\" \/>\n<script type=\"application\/ld+json\" class=\"yoast-schema-graph\">{\"@context\":\"https:\/\/schema.org\",\"@graph\":[{\"@type\":\"WebPage\",\"@id\":\"https:\/\/nuevo-renacer.com\/amalia-domingo-soler\/\",\"url\":\"https:\/\/nuevo-renacer.com\/amalia-domingo-soler\/\",\"name\":\"Amalia Domingo Soler - Uni\u00f3n Esp\u00edrita\",\"isPartOf\":{\"@id\":\"https:\/\/nuevo-renacer.com\/#website\"},\"primaryImageOfPage\":{\"@id\":\"https:\/\/nuevo-renacer.com\/amalia-domingo-soler\/#primaryimage\"},\"image\":{\"@id\":\"https:\/\/nuevo-renacer.com\/amalia-domingo-soler\/#primaryimage\"},\"thumbnailUrl\":\"https:\/\/nuevo-renacer.com\/wp-content\/uploads\/2024\/06\/amalia.jpg\",\"datePublished\":\"2024-07-06T10:06:16+00:00\",\"dateModified\":\"2025-06-13T09:43:05+00:00\",\"breadcrumb\":{\"@id\":\"https:\/\/nuevo-renacer.com\/amalia-domingo-soler\/#breadcrumb\"},\"inLanguage\":\"it-IT\",\"potentialAction\":[{\"@type\":\"ReadAction\",\"target\":[\"https:\/\/nuevo-renacer.com\/amalia-domingo-soler\/\"]}]},{\"@type\":\"ImageObject\",\"inLanguage\":\"it-IT\",\"@id\":\"https:\/\/nuevo-renacer.com\/amalia-domingo-soler\/#primaryimage\",\"url\":\"https:\/\/nuevo-renacer.com\/wp-content\/uploads\/2024\/06\/amalia.jpg\",\"contentUrl\":\"https:\/\/nuevo-renacer.com\/wp-content\/uploads\/2024\/06\/amalia.jpg\"},{\"@type\":\"BreadcrumbList\",\"@id\":\"https:\/\/nuevo-renacer.com\/amalia-domingo-soler\/#breadcrumb\",\"itemListElement\":[{\"@type\":\"ListItem\",\"position\":1,\"name\":\"Startseite\",\"item\":\"https:\/\/nuevo-renacer.com\/\"},{\"@type\":\"ListItem\",\"position\":2,\"name\":\"Amalia Domingo Soler\"}]},{\"@type\":\"WebSite\",\"@id\":\"https:\/\/nuevo-renacer.com\/#website\",\"url\":\"https:\/\/nuevo-renacer.com\/\",\"name\":\"Uni\u00f3n Esp\u00edrita\",\"description\":\"Nuevo Renacer\",\"publisher\":{\"@id\":\"https:\/\/nuevo-renacer.com\/#organization\"},\"potentialAction\":[{\"@type\":\"SearchAction\",\"target\":{\"@type\":\"EntryPoint\",\"urlTemplate\":\"https:\/\/nuevo-renacer.com\/?s={search_term_string}\"},\"query-input\":{\"@type\":\"PropertyValueSpecification\",\"valueRequired\":true,\"valueName\":\"search_term_string\"}}],\"inLanguage\":\"it-IT\"},{\"@type\":\"Organization\",\"@id\":\"https:\/\/nuevo-renacer.com\/#organization\",\"name\":\"UFEC\",\"url\":\"https:\/\/nuevo-renacer.com\/\",\"logo\":{\"@type\":\"ImageObject\",\"inLanguage\":\"it-IT\",\"@id\":\"https:\/\/nuevo-renacer.com\/#\/schema\/logo\/image\/\",\"url\":\"https:\/\/nuevo-renacer.com\/wp-content\/uploads\/2024\/05\/cropped-LOGO-TERMINADO1-3-3.png\",\"contentUrl\":\"https:\/\/nuevo-renacer.com\/wp-content\/uploads\/2024\/05\/cropped-LOGO-TERMINADO1-3-3.png\",\"width\":512,\"height\":512,\"caption\":\"UFEC\"},\"image\":{\"@id\":\"https:\/\/nuevo-renacer.com\/#\/schema\/logo\/image\/\"},\"sameAs\":[\"https:\/\/www.facebook.com\/groups\/3431398063740829\"]}]}<\/script>\n<!-- \/ Yoast SEO Premium plugin. -->","yoast_head_json":{"title":"Amalia Domingo Soler - Uni\u00f3n Esp\u00edrita","robots":{"index":"index","follow":"follow","max-snippet":"max-snippet:-1","max-image-preview":"max-image-preview:large","max-video-preview":"max-video-preview:-1"},"canonical":"https:\/\/nuevo-renacer.com\/it\/amalia-domingo-soler\/","og_locale":"it_IT","og_type":"article","og_title":"Amalia Domingo Soler","og_description":"Amalia Domingo Soler &#8211; La cronista de los pobres. Naci\u00f3 en Sevilla, Espa\u00f1a el 10 de noviembre de 1835, su infancia y juventud estuvieron marcadas por muchas penalidades. Desde su nacimiento su salud era fr\u00e1gil y a los ocho d\u00edas se le present\u00f3 un grave problema de visi\u00f3n que casi la dej\u00f3 invidente, pero gracias [&hellip;]","og_url":"https:\/\/nuevo-renacer.com\/it\/amalia-domingo-soler\/","og_site_name":"Uni\u00f3n Esp\u00edrita","article_publisher":"https:\/\/www.facebook.com\/groups\/3431398063740829","article_modified_time":"2025-06-13T09:43:05+00:00","og_image":[{"url":"https:\/\/nuevo-renacer.com\/wp-content\/uploads\/2024\/06\/amalia.jpg","type":"","width":"","height":""}],"twitter_card":"summary_large_image","twitter_misc":{"Tempo di lettura stimato":"7 minuti"},"schema":{"@context":"https:\/\/schema.org","@graph":[{"@type":"WebPage","@id":"https:\/\/nuevo-renacer.com\/amalia-domingo-soler\/","url":"https:\/\/nuevo-renacer.com\/amalia-domingo-soler\/","name":"Amalia Domingo Soler - Uni\u00f3n Esp\u00edrita","isPartOf":{"@id":"https:\/\/nuevo-renacer.com\/#website"},"primaryImageOfPage":{"@id":"https:\/\/nuevo-renacer.com\/amalia-domingo-soler\/#primaryimage"},"image":{"@id":"https:\/\/nuevo-renacer.com\/amalia-domingo-soler\/#primaryimage"},"thumbnailUrl":"https:\/\/nuevo-renacer.com\/wp-content\/uploads\/2024\/06\/amalia.jpg","datePublished":"2024-07-06T10:06:16+00:00","dateModified":"2025-06-13T09:43:05+00:00","breadcrumb":{"@id":"https:\/\/nuevo-renacer.com\/amalia-domingo-soler\/#breadcrumb"},"inLanguage":"it-IT","potentialAction":[{"@type":"ReadAction","target":["https:\/\/nuevo-renacer.com\/amalia-domingo-soler\/"]}]},{"@type":"ImageObject","inLanguage":"it-IT","@id":"https:\/\/nuevo-renacer.com\/amalia-domingo-soler\/#primaryimage","url":"https:\/\/nuevo-renacer.com\/wp-content\/uploads\/2024\/06\/amalia.jpg","contentUrl":"https:\/\/nuevo-renacer.com\/wp-content\/uploads\/2024\/06\/amalia.jpg"},{"@type":"BreadcrumbList","@id":"https:\/\/nuevo-renacer.com\/amalia-domingo-soler\/#breadcrumb","itemListElement":[{"@type":"ListItem","position":1,"name":"Startseite","item":"https:\/\/nuevo-renacer.com\/"},{"@type":"ListItem","position":2,"name":"Amalia Domingo Soler"}]},{"@type":"WebSite","@id":"https:\/\/nuevo-renacer.com\/#website","url":"https:\/\/nuevo-renacer.com\/","name":"Uni\u00f3n Esp\u00edrita","description":"Nuevo Renacer","publisher":{"@id":"https:\/\/nuevo-renacer.com\/#organization"},"potentialAction":[{"@type":"SearchAction","target":{"@type":"EntryPoint","urlTemplate":"https:\/\/nuevo-renacer.com\/?s={search_term_string}"},"query-input":{"@type":"PropertyValueSpecification","valueRequired":true,"valueName":"search_term_string"}}],"inLanguage":"it-IT"},{"@type":"Organization","@id":"https:\/\/nuevo-renacer.com\/#organization","name":"UFEC","url":"https:\/\/nuevo-renacer.com\/","logo":{"@type":"ImageObject","inLanguage":"it-IT","@id":"https:\/\/nuevo-renacer.com\/#\/schema\/logo\/image\/","url":"https:\/\/nuevo-renacer.com\/wp-content\/uploads\/2024\/05\/cropped-LOGO-TERMINADO1-3-3.png","contentUrl":"https:\/\/nuevo-renacer.com\/wp-content\/uploads\/2024\/05\/cropped-LOGO-TERMINADO1-3-3.png","width":512,"height":512,"caption":"UFEC"},"image":{"@id":"https:\/\/nuevo-renacer.com\/#\/schema\/logo\/image\/"},"sameAs":["https:\/\/www.facebook.com\/groups\/3431398063740829"]}]}},"uagb_featured_image_src":{"full":false,"thumbnail":false,"medium":false,"medium_large":false,"large":false,"1536x1536":false,"2048x2048":false,"trp-custom-language-flag":false},"uagb_author_info":{"display_name":"adbv0","author_link":"https:\/\/nuevo-renacer.com\/it\/author\/adbv0\/"},"uagb_comment_info":0,"uagb_excerpt":"Amalia Domingo Soler &#8211; La cronista de los pobres. Naci\u00f3 en Sevilla, Espa\u00f1a el 10 de noviembre de 1835, su infancia y juventud estuvieron marcadas por muchas penalidades. Desde su nacimiento su salud era fr\u00e1gil y a los ocho d\u00edas se le present\u00f3 un grave problema de visi\u00f3n que casi la dej\u00f3 invidente, pero gracias&hellip;","jetpack_sharing_enabled":true,"_links":{"self":[{"href":"https:\/\/nuevo-renacer.com\/it\/wp-json\/wp\/v2\/pages\/3007","targetHints":{"allow":["GET"]}}],"collection":[{"href":"https:\/\/nuevo-renacer.com\/it\/wp-json\/wp\/v2\/pages"}],"about":[{"href":"https:\/\/nuevo-renacer.com\/it\/wp-json\/wp\/v2\/types\/page"}],"author":[{"embeddable":true,"href":"https:\/\/nuevo-renacer.com\/it\/wp-json\/wp\/v2\/users\/1"}],"replies":[{"embeddable":true,"href":"https:\/\/nuevo-renacer.com\/it\/wp-json\/wp\/v2\/comments?post=3007"}],"version-history":[{"count":6,"href":"https:\/\/nuevo-renacer.com\/it\/wp-json\/wp\/v2\/pages\/3007\/revisions"}],"predecessor-version":[{"id":8305,"href":"https:\/\/nuevo-renacer.com\/it\/wp-json\/wp\/v2\/pages\/3007\/revisions\/8305"}],"wp:attachment":[{"href":"https:\/\/nuevo-renacer.com\/it\/wp-json\/wp\/v2\/media?parent=3007"}],"curies":[{"name":"wp","href":"https:\/\/api.w.org\/{rel}","templated":true}]}}