{"id":8905,"date":"2026-04-21T16:04:05","date_gmt":"2026-04-21T16:04:05","guid":{"rendered":"https:\/\/nuevo-renacer.com\/?page_id=8905"},"modified":"2026-04-21T16:46:36","modified_gmt":"2026-04-21T16:46:36","slug":"martha-gallego-thomaz","status":"publish","type":"page","link":"https:\/\/nuevo-renacer.com\/fr\/martha-gallego-thomaz\/","title":{"rendered":"Martha Gallego Thomaz"},"content":{"rendered":"<div class=\"wp-block-uagb-container uagb-block-a966a9ae alignfull uagb-is-root-container\"><div class=\"uagb-container-inner-blocks-wrap\">\n<p class=\"has-black-color has-text-color has-link-color has-medium-font-size wp-elements-388e4bd2ecec5d42aac5ee31a838d055\"><strong>Martha Gallego<\/strong> <strong>Thomaz<\/strong><\/p>\n<\/div><\/div>\n\n\n\n<div class=\"wp-block-uagb-container uagb-block-395f662d alignfull uagb-is-root-container\"><div class=\"uagb-container-inner-blocks-wrap\">\n<figure class=\"wp-block-image size-large is-resized\"><img fetchpriority=\"high\" decoding=\"async\" width=\"683\" height=\"1024\" src=\"https:\/\/nuevo-renacer.com\/wp-content\/uploads\/2026\/04\/Martha-Gallego-683x1024.webp\" alt=\"\" class=\"wp-image-8906\" style=\"aspect-ratio:0.6669900245260802;width:218px;height:auto\" srcset=\"https:\/\/nuevo-renacer.com\/wp-content\/uploads\/2026\/04\/Martha-Gallego-683x1024.webp 683w, https:\/\/nuevo-renacer.com\/wp-content\/uploads\/2026\/04\/Martha-Gallego-200x300.webp 200w, https:\/\/nuevo-renacer.com\/wp-content\/uploads\/2026\/04\/Martha-Gallego-768x1152.webp 768w, https:\/\/nuevo-renacer.com\/wp-content\/uploads\/2026\/04\/Martha-Gallego-1024x1536.webp 1024w, https:\/\/nuevo-renacer.com\/wp-content\/uploads\/2026\/04\/Martha-Gallego-1365x2048.webp 1365w, https:\/\/nuevo-renacer.com\/wp-content\/uploads\/2026\/04\/Martha-Gallego-8x12.webp 8w, https:\/\/nuevo-renacer.com\/wp-content\/uploads\/2026\/04\/Martha-Gallego-scaled.webp 1707w\" sizes=\"(max-width: 683px) 100vw, 683px\" \/><\/figure>\n<\/div><\/div>\n\n\n\n<div class=\"wp-block-uagb-container uagb-block-f9f861f2 alignfull uagb-is-root-container\"><div class=\"uagb-container-inner-blocks-wrap\">\n<p class=\"has-black-color has-text-color has-link-color has-small-font-size wp-elements-72445c517a7aee765a30c4e6e90816e2\">L\u2019h\u00e9ritage de Martha Gallego Thomaz dans le spiritisme est incontestable, et son \u0153uvre est intimement li\u00e9e \u00e0 l\u2019histoire de la F\u00e9d\u00e9ration Spirite de l\u2019\u00c9tat de S\u00e3o Paulo (FEESP). Le bien qu\u2019elle a fait \u00e0 ceux qui d\u00e9butaient dans la doctrine \u00e0 l\u2019\u00e9poque et qui se sentaient ins\u00e9curis\u00e9s face \u00e0 leur m\u00e9diumnit\u00e9 peut \u00eatre constat\u00e9 \u00e0 travers les innombrables t\u00e9moignages de ceux qui, encore aujourd\u2019hui, lui sont reconnaissants pour son d\u00e9vouement et sa p\u00e9dagogie. Beaucoup se souviennent de sa joie, de sa musicalit\u00e9, de son partenariat avec l\u2019esprit Noel Rosa (1910\u20131937), ainsi que de son amiti\u00e9 et de son travail aux c\u00f4t\u00e9s d\u2019Edgard Armond (1894\u20131982). Sa qu\u00eate de connaissance et sa facilit\u00e9 \u00e0 organiser des groupes de travail et \u00e0 d\u00e9couvrir de nouveaux collaborateurs pour la doctrine ont fait d\u2019elle l\u2019une des pionni\u00e8res du mouvement spirite \u00e0 S\u00e3o Paulo. N\u00e9e \u00e0 Rio de Janeiro le 24 mars 1915, auteure de deux livres dict\u00e9s et de trois ouvrages psychographi\u00e9s, parmi lesquels L\u2019Institut de Confraternisation Universelle et les Fraternit\u00e9s de l\u2019espace (FEESP), Martha connaissait la souffrance que la m\u00e9diumnit\u00e9 peut engendrer lorsque les principes fondamentaux de la doctrine sont ignor\u00e9s. D\u00e8s l\u2019\u00e2ge de trois ans, elle commen\u00e7a \u00e0 voir des esprits, dans une exp\u00e9rience difficile et mal comprise par sa famille catholique. Elle assistait \u00e0 la torture de son p\u00e8re par un esprit malheureux qui la mena\u00e7ait \u00e9galement. Cette situation ne changea que lorsqu\u2019elle eut douze ans, lorsqu\u2019une tante de Rio de Janeiro l\u2019invita \u00e0 venir effectuer avec elle un traitement \u00e0 distance pour son p\u00e8re, d\u00e9j\u00e0 hospitalis\u00e9 en psychiatrie. Chez sa tante, elles rencontr\u00e8rent une voyante dot\u00e9e d\u2019une capacit\u00e9 exceptionnelle, qui dit \u00e0 Martha de ne pas avoir peur, car la peur attirait l\u2019esprit qui la tourmentait. Elle lui conseilla de penser fermement \u00e0 J\u00e9sus, et elle ne le verrait plus. Martha apprit \u00e0 se concentrer ainsi, bien qu\u2019elle conserv\u00e2t une forte clairvoyance : elle voyait des choses bonnes comme mauvaises.<\/p>\n\n\n\n<p class=\"has-black-color has-text-color has-link-color has-small-font-size wp-elements-5efc1b5accc1113a1e549d44ec7baa1b\">Cela continua ainsi jusqu\u2019\u00e0 ce qu\u2019\u00e0 partir de ses trente ans, une nouvelle p\u00e9riode de tourments commence pour elle, attaqu\u00e9e par des esprits, allant jusqu\u2019\u00e0 tomber physiquement malade. Sur les conseils d\u2019amis, elle fr\u00e9quenta l\u2019umbanda, o\u00f9 elle resta trois ans, jusqu\u2019\u00e0 \u00eatre orient\u00e9e vers un centre spirite o\u00f9 elle pourrait \u00e9tudier et \u00e9duquer sa m\u00e9diumnit\u00e9. Elle s\u2019installa alors \u00e0 Atibaia, dans l\u2019\u00c9tat de S\u00e3o Paulo, et commen\u00e7a \u00e0 fr\u00e9quenter le centre de Dona Eletra, o\u00f9 elle eut son premier contact avec l\u2019esprit Noel Rosa. Ensemble, ils r\u00e9alisaient des s\u00e9ances \u00e0 effets physiques, \u00e9tant toujours rappel\u00e9s par les esprits de la n\u00e9cessit\u00e9 d\u2019\u00e9tudier. Cela amena Martha, en 1956, \u00e0 fr\u00e9quenter la F\u00e9d\u00e9ration Spirite dans la capitale, o\u00f9 elle put approfondir ses connaissances et mieux se pr\u00e9parer \u00e0 sa mission. L\u00e0, Armond la soumit \u00e0 un test, lui demandant de dire ce qui se trouvait dans une enveloppe scell\u00e9e, ce qu\u2019elle identifia correctement. M\u00eame apr\u00e8s avoir constat\u00e9 la qualit\u00e9 de sa m\u00e9diumnit\u00e9, Armond lui r\u00e9pondit qu\u2019elle n\u2019\u00e9tait pas encore pr\u00eate \u00e0 faire partie du conseil des m\u00e9diums de l\u2019institution. Martha soutint qu\u2019ils pouvaient \u00eatre meilleurs parce qu\u2019ils avaient d\u00e9j\u00e0 \u00e9tudi\u00e9, alors qu\u2019elle non, et elle commen\u00e7a alors \u00e0 fr\u00e9quenter l\u2019\u00c9cole des Apprentis et des M\u00e9diums, int\u00e9grant, apr\u00e8s trois ans, le conseil des m\u00e9diums. Elle consacra plus de cinquante ans de travail \u00e0 la FEESP, en plus de son d\u00e9vouement \u00e0 l\u2019Alliance Spirite \u00c9vang\u00e9lique et au Groupe Noel, qu\u2019elle fonda en 1977 \u00e0 Vila Mariana. De 1956 \u00e0 1967, elle travailla avec Edgard Armond, l\u2019aidant \u00e0 identifier, gr\u00e2ce \u00e0 la clairvoyance, des groupes d\u2019esprits qui se manifestaient et qui \u00e9taient li\u00e9s \u00e0 des travaux d\u2019aide aux incarn\u00e9s, car il menait diverses \u00e9tudes et recherches \u00e0 ce sujet.<\/p>\n\n\n\n<p class=\"has-black-color has-text-color has-link-color has-small-font-size wp-elements-39cf5bb0135f96fc4f1eac83ae7c1eff\">Eliana Franco, conf\u00e9renci\u00e8re \u00e0 la FEESP, raconte qu\u2019elle fut invit\u00e9e par Martha \u00e0 participer \u00e0 l\u2019assistance spirituelle destin\u00e9e aux enfants et qu\u2019il \u00e9tait marquant d\u2019observer la mani\u00e8re dont elle guidait les m\u00e9diums, \u00e9vitant l\u2019orgueil li\u00e9 \u00e0 la capacit\u00e9 m\u00e9diumnique et au travail accompli. \u00ab Elle identifiait toujours les esprits communicants, et les fois o\u00f9 elle ne commentait pas, c\u2019\u00e9tait parce qu\u2019un esprit comme Meimei ou An\u00e1lia Franco \u00e9tait pr\u00e9sent. Le soin \u00e9tait de faire en sorte que nous ne formions pas une opinion de nous-m\u00eames plus \u00e9lev\u00e9e que celle que nous devrions avoir \u00bb, explique-t-elle. Dans une interview accord\u00e9e au magazine Planeta, Martha d\u00e9clara que gr\u00e2ce \u00e0 la m\u00e9diumnit\u00e9, elle avait acquis une immense connaissance : \u00ab Je n\u2019ai suivi que l\u2019\u00e9cole primaire. Un jour, nous avons aid\u00e9 un homme dont les astrocytes \u00e9taient affaiblis \u2014 chose qui n\u2019appara\u00eet pas sur une tomographie. J\u2019ai consult\u00e9 mes amis m\u00e9decins, et ils m\u2019ont \u00e9clair\u00e9e. Les astrocytes nourrissent les neurones ; affaiblis, ils affaiblissent aussi le cerveau. C\u2019est le travail m\u00e9diumnique qui m\u2019a donn\u00e9 cette connaissance. \u00bb Elle d\u00e9c\u00e9da le 3 septembre 2014 \u00e0 S\u00e3o Paulo, \u00e0 l\u2019\u00e2ge de 99 ans, laissant un h\u00e9ritage de joie et de responsabilit\u00e9 qui a marqu\u00e9 tous ceux qui ont travaill\u00e9 avec elle, en particulier dans les travaux de vibrations qu\u2019elle a institu\u00e9s et dirig\u00e9s pendant de longues ann\u00e9es, r\u00e9unissant des c\u0153urs anim\u00e9s par la recherche de la paix et le d\u00e9sir d\u2019un monde meilleur.<\/p>\n<\/div><\/div>\n\n\n\n<div class=\"wp-block-uagb-container uagb-block-fb3d5469 alignfull uagb-is-root-container\"><div class=\"uagb-container-inner-blocks-wrap\"><\/div><\/div>\n\n\n\n<div class=\"wp-block-uagb-container uagb-block-acd75ed5 alignfull uagb-is-root-container\"><div class=\"uagb-container-inner-blocks-wrap\"><\/div><\/div>","protected":false},"excerpt":{"rendered":"<p>Martha Gallego Thomaz El legado de Martha Gallego Thomaz al espiritismo es incuestionable y su obra est\u00e1 entrelazada con la historia de la Federaci\u00f3n Esp\u00edrita del Estado de S\u00e3o Paulo (FEESP). El bien que hizo a quienes se iniciaban en la doctrina en aquella \u00e9poca y se sent\u00edan inseguros con su mediumnidad puede comprobarse a [&hellip;]<\/p>","protected":false},"author":1,"featured_media":0,"parent":0,"menu_order":0,"comment_status":"closed","ping_status":"closed","template":"","meta":{"_uag_custom_page_level_css":"","site-sidebar-layout":"default","site-content-layout":"","ast-site-content-layout":"default","site-content-style":"default","site-sidebar-style":"default","ast-global-header-display":"","ast-banner-title-visibility":"","ast-main-header-display":"","ast-hfb-above-header-display":"","ast-hfb-below-header-display":"","ast-hfb-mobile-header-display":"","site-post-title":"disabled","ast-breadcrumbs-content":"","ast-featured-img":"","footer-sml-layout":"","theme-transparent-header-meta":"","adv-header-id-meta":"","stick-header-meta":"","header-above-stick-meta":"","header-main-stick-meta":"","header-below-stick-meta":"","astra-migrate-meta-layouts":"set","ast-page-background-enabled":"default","ast-page-background-meta":{"desktop":{"background-color":"var(--ast-global-color-4)","background-image":"","background-repeat":"repeat","background-position":"center center","background-size":"auto","background-attachment":"scroll","background-type":"","background-media":"","overlay-type":"","overlay-color":"","overlay-opacity":"","overlay-gradient":""},"tablet":{"background-color":"","background-image":"","background-repeat":"repeat","background-position":"center center","background-size":"auto","background-attachment":"scroll","background-type":"","background-media":"","overlay-type":"","overlay-color":"","overlay-opacity":"","overlay-gradient":""},"mobile":{"background-color":"","background-image":"","background-repeat":"repeat","background-position":"center center","background-size":"auto","background-attachment":"scroll","background-type":"","background-media":"","overlay-type":"","overlay-color":"","overlay-opacity":"","overlay-gradient":""}},"ast-content-background-meta":{"desktop":{"background-color":"var(--ast-global-color-5)","background-image":"","background-repeat":"repeat","background-position":"center center","background-size":"auto","background-attachment":"scroll","background-type":"","background-media":"","overlay-type":"","overlay-color":"","overlay-opacity":"","overlay-gradient":""},"tablet":{"background-color":"var(--ast-global-color-5)","background-image":"","background-repeat":"repeat","background-position":"center center","background-size":"auto","background-attachment":"scroll","background-type":"","background-media":"","overlay-type":"","overlay-color":"","overlay-opacity":"","overlay-gradient":""},"mobile":{"background-color":"var(--ast-global-color-5)","background-image":"","background-repeat":"repeat","background-position":"center center","background-size":"auto","background-attachment":"scroll","background-type":"","background-media":"","overlay-type":"","overlay-color":"","overlay-opacity":"","overlay-gradient":""}},"footnotes":""},"class_list":["post-8905","page","type-page","status-publish","hentry"],"yoast_head":"<!-- This site is optimized with the Yoast SEO Premium plugin v24.2 (Yoast SEO v24.6) - https:\/\/yoast.com\/wordpress\/plugins\/seo\/ -->\n<title>Martha Gallego Thomaz - Uni\u00f3n Esp\u00edrita<\/title>\n<meta name=\"robots\" content=\"index, follow, max-snippet:-1, max-image-preview:large, max-video-preview:-1\" \/>\n<link rel=\"canonical\" href=\"https:\/\/nuevo-renacer.com\/fr\/martha-gallego-thomaz\/\" \/>\n<meta property=\"og:locale\" content=\"fr_FR\" \/>\n<meta property=\"og:type\" content=\"article\" \/>\n<meta property=\"og:title\" content=\"Martha Gallego Thomaz\" \/>\n<meta property=\"og:description\" content=\"Martha Gallego Thomaz El legado de Martha Gallego Thomaz al espiritismo es incuestionable y su obra est\u00e1 entrelazada con la historia de la Federaci\u00f3n Esp\u00edrita del Estado de S\u00e3o Paulo (FEESP). El bien que hizo a quienes se iniciaban en la doctrina en aquella \u00e9poca y se sent\u00edan inseguros con su mediumnidad puede comprobarse a [&hellip;]\" \/>\n<meta property=\"og:url\" content=\"https:\/\/nuevo-renacer.com\/fr\/martha-gallego-thomaz\/\" \/>\n<meta property=\"og:site_name\" content=\"Uni\u00f3n Esp\u00edrita\" \/>\n<meta property=\"article:publisher\" content=\"https:\/\/www.facebook.com\/groups\/3431398063740829\" \/>\n<meta property=\"article:modified_time\" content=\"2026-04-21T16:46:36+00:00\" \/>\n<meta property=\"og:image\" content=\"https:\/\/nuevo-renacer.com\/wp-content\/uploads\/2026\/04\/Martha-Gallego-scaled.webp\" \/>\n\t<meta property=\"og:image:width\" content=\"1707\" \/>\n\t<meta property=\"og:image:height\" content=\"2560\" \/>\n\t<meta property=\"og:image:type\" content=\"image\/webp\" \/>\n<meta name=\"twitter:card\" content=\"summary_large_image\" \/>\n<meta name=\"twitter:label1\" content=\"Dur\u00e9e de lecture estim\u00e9e\" \/>\n\t<meta name=\"twitter:data1\" content=\"5 minutes\" \/>\n<script type=\"application\/ld+json\" class=\"yoast-schema-graph\">{\"@context\":\"https:\/\/schema.org\",\"@graph\":[{\"@type\":\"WebPage\",\"@id\":\"https:\/\/nuevo-renacer.com\/martha-gallego-thomaz\/\",\"url\":\"https:\/\/nuevo-renacer.com\/martha-gallego-thomaz\/\",\"name\":\"Martha Gallego Thomaz - Uni\u00f3n Esp\u00edrita\",\"isPartOf\":{\"@id\":\"https:\/\/nuevo-renacer.com\/#website\"},\"primaryImageOfPage\":{\"@id\":\"https:\/\/nuevo-renacer.com\/martha-gallego-thomaz\/#primaryimage\"},\"image\":{\"@id\":\"https:\/\/nuevo-renacer.com\/martha-gallego-thomaz\/#primaryimage\"},\"thumbnailUrl\":\"https:\/\/nuevo-renacer.com\/wp-content\/uploads\/2026\/04\/Martha-Gallego-683x1024.webp\",\"datePublished\":\"2026-04-21T16:04:05+00:00\",\"dateModified\":\"2026-04-21T16:46:36+00:00\",\"breadcrumb\":{\"@id\":\"https:\/\/nuevo-renacer.com\/martha-gallego-thomaz\/#breadcrumb\"},\"inLanguage\":\"fr-FR\",\"potentialAction\":[{\"@type\":\"ReadAction\",\"target\":[\"https:\/\/nuevo-renacer.com\/martha-gallego-thomaz\/\"]}]},{\"@type\":\"ImageObject\",\"inLanguage\":\"fr-FR\",\"@id\":\"https:\/\/nuevo-renacer.com\/martha-gallego-thomaz\/#primaryimage\",\"url\":\"https:\/\/nuevo-renacer.com\/wp-content\/uploads\/2026\/04\/Martha-Gallego-683x1024.webp\",\"contentUrl\":\"https:\/\/nuevo-renacer.com\/wp-content\/uploads\/2026\/04\/Martha-Gallego-683x1024.webp\"},{\"@type\":\"BreadcrumbList\",\"@id\":\"https:\/\/nuevo-renacer.com\/martha-gallego-thomaz\/#breadcrumb\",\"itemListElement\":[{\"@type\":\"ListItem\",\"position\":1,\"name\":\"Startseite\",\"item\":\"https:\/\/nuevo-renacer.com\/\"},{\"@type\":\"ListItem\",\"position\":2,\"name\":\"Martha Gallego Thomaz\"}]},{\"@type\":\"WebSite\",\"@id\":\"https:\/\/nuevo-renacer.com\/#website\",\"url\":\"https:\/\/nuevo-renacer.com\/\",\"name\":\"Uni\u00f3n Esp\u00edrita\",\"description\":\"Nuevo Renacer\",\"publisher\":{\"@id\":\"https:\/\/nuevo-renacer.com\/#organization\"},\"potentialAction\":[{\"@type\":\"SearchAction\",\"target\":{\"@type\":\"EntryPoint\",\"urlTemplate\":\"https:\/\/nuevo-renacer.com\/?s={search_term_string}\"},\"query-input\":{\"@type\":\"PropertyValueSpecification\",\"valueRequired\":true,\"valueName\":\"search_term_string\"}}],\"inLanguage\":\"fr-FR\"},{\"@type\":\"Organization\",\"@id\":\"https:\/\/nuevo-renacer.com\/#organization\",\"name\":\"UFEC\",\"url\":\"https:\/\/nuevo-renacer.com\/\",\"logo\":{\"@type\":\"ImageObject\",\"inLanguage\":\"fr-FR\",\"@id\":\"https:\/\/nuevo-renacer.com\/#\/schema\/logo\/image\/\",\"url\":\"https:\/\/nuevo-renacer.com\/wp-content\/uploads\/2024\/05\/cropped-LOGO-TERMINADO1-3-3.png\",\"contentUrl\":\"https:\/\/nuevo-renacer.com\/wp-content\/uploads\/2024\/05\/cropped-LOGO-TERMINADO1-3-3.png\",\"width\":512,\"height\":512,\"caption\":\"UFEC\"},\"image\":{\"@id\":\"https:\/\/nuevo-renacer.com\/#\/schema\/logo\/image\/\"},\"sameAs\":[\"https:\/\/www.facebook.com\/groups\/3431398063740829\"]}]}<\/script>\n<!-- \/ Yoast SEO Premium plugin. -->","yoast_head_json":{"title":"Martha Gallego Thomaz - Uni\u00f3n Esp\u00edrita","robots":{"index":"index","follow":"follow","max-snippet":"max-snippet:-1","max-image-preview":"max-image-preview:large","max-video-preview":"max-video-preview:-1"},"canonical":"https:\/\/nuevo-renacer.com\/fr\/martha-gallego-thomaz\/","og_locale":"fr_FR","og_type":"article","og_title":"Martha Gallego Thomaz","og_description":"Martha Gallego Thomaz El legado de Martha Gallego Thomaz al espiritismo es incuestionable y su obra est\u00e1 entrelazada con la historia de la Federaci\u00f3n Esp\u00edrita del Estado de S\u00e3o Paulo (FEESP). El bien que hizo a quienes se iniciaban en la doctrina en aquella \u00e9poca y se sent\u00edan inseguros con su mediumnidad puede comprobarse a [&hellip;]","og_url":"https:\/\/nuevo-renacer.com\/fr\/martha-gallego-thomaz\/","og_site_name":"Uni\u00f3n Esp\u00edrita","article_publisher":"https:\/\/www.facebook.com\/groups\/3431398063740829","article_modified_time":"2026-04-21T16:46:36+00:00","og_image":[{"width":1707,"height":2560,"url":"https:\/\/nuevo-renacer.com\/wp-content\/uploads\/2026\/04\/Martha-Gallego-scaled.webp","type":"image\/webp"}],"twitter_card":"summary_large_image","twitter_misc":{"Dur\u00e9e de lecture estim\u00e9e":"5 minutes"},"schema":{"@context":"https:\/\/schema.org","@graph":[{"@type":"WebPage","@id":"https:\/\/nuevo-renacer.com\/martha-gallego-thomaz\/","url":"https:\/\/nuevo-renacer.com\/martha-gallego-thomaz\/","name":"Martha Gallego Thomaz - Uni\u00f3n Esp\u00edrita","isPartOf":{"@id":"https:\/\/nuevo-renacer.com\/#website"},"primaryImageOfPage":{"@id":"https:\/\/nuevo-renacer.com\/martha-gallego-thomaz\/#primaryimage"},"image":{"@id":"https:\/\/nuevo-renacer.com\/martha-gallego-thomaz\/#primaryimage"},"thumbnailUrl":"https:\/\/nuevo-renacer.com\/wp-content\/uploads\/2026\/04\/Martha-Gallego-683x1024.webp","datePublished":"2026-04-21T16:04:05+00:00","dateModified":"2026-04-21T16:46:36+00:00","breadcrumb":{"@id":"https:\/\/nuevo-renacer.com\/martha-gallego-thomaz\/#breadcrumb"},"inLanguage":"fr-FR","potentialAction":[{"@type":"ReadAction","target":["https:\/\/nuevo-renacer.com\/martha-gallego-thomaz\/"]}]},{"@type":"ImageObject","inLanguage":"fr-FR","@id":"https:\/\/nuevo-renacer.com\/martha-gallego-thomaz\/#primaryimage","url":"https:\/\/nuevo-renacer.com\/wp-content\/uploads\/2026\/04\/Martha-Gallego-683x1024.webp","contentUrl":"https:\/\/nuevo-renacer.com\/wp-content\/uploads\/2026\/04\/Martha-Gallego-683x1024.webp"},{"@type":"BreadcrumbList","@id":"https:\/\/nuevo-renacer.com\/martha-gallego-thomaz\/#breadcrumb","itemListElement":[{"@type":"ListItem","position":1,"name":"Startseite","item":"https:\/\/nuevo-renacer.com\/"},{"@type":"ListItem","position":2,"name":"Martha Gallego Thomaz"}]},{"@type":"WebSite","@id":"https:\/\/nuevo-renacer.com\/#website","url":"https:\/\/nuevo-renacer.com\/","name":"Uni\u00f3n Esp\u00edrita","description":"Nuevo Renacer","publisher":{"@id":"https:\/\/nuevo-renacer.com\/#organization"},"potentialAction":[{"@type":"SearchAction","target":{"@type":"EntryPoint","urlTemplate":"https:\/\/nuevo-renacer.com\/?s={search_term_string}"},"query-input":{"@type":"PropertyValueSpecification","valueRequired":true,"valueName":"search_term_string"}}],"inLanguage":"fr-FR"},{"@type":"Organization","@id":"https:\/\/nuevo-renacer.com\/#organization","name":"UFEC","url":"https:\/\/nuevo-renacer.com\/","logo":{"@type":"ImageObject","inLanguage":"fr-FR","@id":"https:\/\/nuevo-renacer.com\/#\/schema\/logo\/image\/","url":"https:\/\/nuevo-renacer.com\/wp-content\/uploads\/2024\/05\/cropped-LOGO-TERMINADO1-3-3.png","contentUrl":"https:\/\/nuevo-renacer.com\/wp-content\/uploads\/2024\/05\/cropped-LOGO-TERMINADO1-3-3.png","width":512,"height":512,"caption":"UFEC"},"image":{"@id":"https:\/\/nuevo-renacer.com\/#\/schema\/logo\/image\/"},"sameAs":["https:\/\/www.facebook.com\/groups\/3431398063740829"]}]}},"uagb_featured_image_src":{"full":false,"thumbnail":false,"medium":false,"medium_large":false,"large":false,"1536x1536":false,"2048x2048":false,"trp-custom-language-flag":false},"uagb_author_info":{"display_name":"adbv0","author_link":"https:\/\/nuevo-renacer.com\/fr\/author\/adbv0\/"},"uagb_comment_info":0,"uagb_excerpt":"Martha Gallego Thomaz El legado de Martha Gallego Thomaz al espiritismo es incuestionable y su obra est\u00e1 entrelazada con la historia de la Federaci\u00f3n Esp\u00edrita del Estado de S\u00e3o Paulo (FEESP). El bien que hizo a quienes se iniciaban en la doctrina en aquella \u00e9poca y se sent\u00edan inseguros con su mediumnidad puede comprobarse a\u2026","jetpack_sharing_enabled":true,"_links":{"self":[{"href":"https:\/\/nuevo-renacer.com\/fr\/wp-json\/wp\/v2\/pages\/8905","targetHints":{"allow":["GET"]}}],"collection":[{"href":"https:\/\/nuevo-renacer.com\/fr\/wp-json\/wp\/v2\/pages"}],"about":[{"href":"https:\/\/nuevo-renacer.com\/fr\/wp-json\/wp\/v2\/types\/page"}],"author":[{"embeddable":true,"href":"https:\/\/nuevo-renacer.com\/fr\/wp-json\/wp\/v2\/users\/1"}],"replies":[{"embeddable":true,"href":"https:\/\/nuevo-renacer.com\/fr\/wp-json\/wp\/v2\/comments?post=8905"}],"version-history":[{"count":3,"href":"https:\/\/nuevo-renacer.com\/fr\/wp-json\/wp\/v2\/pages\/8905\/revisions"}],"predecessor-version":[{"id":8912,"href":"https:\/\/nuevo-renacer.com\/fr\/wp-json\/wp\/v2\/pages\/8905\/revisions\/8912"}],"wp:attachment":[{"href":"https:\/\/nuevo-renacer.com\/fr\/wp-json\/wp\/v2\/media?parent=8905"}],"curies":[{"name":"wp","href":"https:\/\/api.w.org\/{rel}","templated":true}]}}