{"id":8821,"date":"2026-03-24T09:03:50","date_gmt":"2026-03-24T09:03:50","guid":{"rendered":"https:\/\/nuevo-renacer.com\/?page_id=8821"},"modified":"2026-03-24T09:05:05","modified_gmt":"2026-03-24T09:05:05","slug":"frederica-hauffe","status":"publish","type":"page","link":"https:\/\/nuevo-renacer.com\/fr\/frederica-hauffe\/","title":{"rendered":"Frederica Hauffe"},"content":{"rendered":"<div class=\"wp-block-uagb-container uagb-block-dbde4e89 alignfull uagb-is-root-container\"><div class=\"uagb-container-inner-blocks-wrap\">\n<p class=\"has-black-color has-text-color has-link-color has-medium-font-size wp-elements-0cdbe2bc5d55e5a49b5c561ec010a0e9\"><strong>Frederica Hauffe<\/strong><\/p>\n<\/div><\/div>\n\n\n\n<div class=\"wp-block-uagb-container uagb-block-5b38f87f alignfull uagb-is-root-container\"><div class=\"uagb-container-inner-blocks-wrap\">\n<figure class=\"wp-block-image size-large is-resized\"><img fetchpriority=\"high\" decoding=\"async\" width=\"826\" height=\"1024\" src=\"https:\/\/nuevo-renacer.com\/wp-content\/uploads\/2026\/03\/Frederica-Hauffe-826x1024.jpg\" alt=\"\" class=\"wp-image-8822\" style=\"aspect-ratio:0.8066467693796886;width:273px;height:auto\" srcset=\"https:\/\/nuevo-renacer.com\/wp-content\/uploads\/2026\/03\/Frederica-Hauffe-826x1024.jpg 826w, https:\/\/nuevo-renacer.com\/wp-content\/uploads\/2026\/03\/Frederica-Hauffe-242x300.jpg 242w, https:\/\/nuevo-renacer.com\/wp-content\/uploads\/2026\/03\/Frederica-Hauffe-768x952.jpg 768w, https:\/\/nuevo-renacer.com\/wp-content\/uploads\/2026\/03\/Frederica-Hauffe-10x12.jpg 10w, https:\/\/nuevo-renacer.com\/wp-content\/uploads\/2026\/03\/Frederica-Hauffe.jpg 960w\" sizes=\"(max-width: 826px) 100vw, 826px\" \/><\/figure>\n<\/div><\/div>\n\n\n\n<div class=\"wp-block-uagb-container uagb-block-5c6f57f5 alignfull uagb-is-root-container\"><div class=\"uagb-container-inner-blocks-wrap\">\n<p class=\"has-black-color has-text-color has-link-color has-small-font-size wp-elements-b9466b3f3afc40b28b1aae40d1138adc\">Pr\u00e8s de la ville de L\u00f6wenstein, en Bade-Wurtemberg, nich\u00e9 parmi les montagnes dont le point le plus \u00e9lev\u00e9 atteint 573 m\u00e8tres au-dessus du niveau de la mer, entour\u00e9 de collines et de vall\u00e9es, dans un creux pittoresque, se trouve le petit village de Prevorst. Il compte un peu plus de 400 habitants, dont la plupart vivent de la sylviculture pour la production de charbon et de la r\u00e9colte de produits locaux. En 1801, dans ces hautes montagnes de Prevorst, naquit une fille qui montra d\u00e8s son jeune \u00e2ge des capacit\u00e9s int\u00e9rieures extraordinaires.<\/p>\n\n\n\n<p class=\"has-black-color has-text-color has-link-color has-small-font-size wp-elements-08c7b96bcedd4cacde86e12b35ee0a9c\">Frederica Hauffe, commun\u00e9ment connue comme la Voyante de Prevorst, dont le p\u00e8re \u00e9tait garde forestier, fut \u00e9lev\u00e9e dans la plus grande simplicit\u00e9 et innocence en raison de l\u2019isolement du village. Mme Hauffe ne re\u00e7ut aucune \u00e9ducation scolaire ni certificat ; elle ne connaissait ni langues, ni histoire, ni g\u00e9ographie, ni histoire naturelle, et ne poss\u00e9dait aucune des connaissances habituelles pour son sexe. Pendant de nombreuses ann\u00e9es, la Bible et le Livre des Psaumes furent son seul contenu d\u2019\u00e9tude. Sa morale \u00e9tait incontestable ; pieuse sans hypocrisie, elle consid\u00e9rait ses longues souffrances et ses circonstances inhabituelles comme la providence de Dieu et exprimait ses sentiments par la po\u00e9sie.<\/p>\n\n\n\n<p class=\"has-black-color has-text-color has-link-color has-small-font-size wp-elements-240a37d6f08d9067bb4412dcd1617521\">En contrepartie de cette insensibilit\u00e9, une capacit\u00e9 ind\u00e9niable, surnaturelle ou pr\u00e9voyante se manifesta chez elle d\u00e8s l\u2019enfance, se r\u00e9v\u00e9lant surtout dans des r\u00eaves proph\u00e9tiques. Lorsqu\u2019elle \u00e9tait r\u00e9primand\u00e9e, f\u00e2ch\u00e9e ou bless\u00e9e pour quelque raison que ce soit, ou lorsque ses sentiments \u00e9taient meurtris, elle \u00e9tait guid\u00e9e la nuit vers ces recoins profonds, o\u00f9 des visions instructives, pr\u00e9monitoires ou proph\u00e9tiques lui apparaissaient.<\/p>\n\n\n\n<p class=\"has-black-color has-text-color has-link-color has-small-font-size wp-elements-45e3bfb6b3cbf9e80cc45bef12ee93d6\">Il arriva qu\u2019une fois son p\u00e8re perdit un objet pr\u00e9cieux et la rendit responsable, bien qu\u2019elle f\u00fbt innocente. Elle fut si boulevers\u00e9e que, dans un r\u00eave, elle vit l\u2019endroit o\u00f9 se trouvait l\u2019objet. M\u00eame enfant, elle montrait \u00e0 l\u2019aide d\u2019une baguette de noisetier o\u00f9 trouver de l\u2019eau et des m\u00e9taux. Plus tard, alors que la ville poss\u00e9dait peu de moyens culturels, ses parents la confi\u00e8rent \u00e0 son grand-p\u00e8re, Johann Schmidgall, qui vivait \u00e0 L\u00f6wenstein, \u00e0 quelques kilom\u00e8tres seulement. \u00c0 la grande consternation de la famille, cette r\u00e9ceptivit\u00e9 aux influences spirituelles, que les autres ne percevaient pas, se manifesta bient\u00f4t clairement. Dans la maison de son grand-p\u00e8re, un esprit apparut pour la premi\u00e8re fois \u00e0 la pauvre fille. \u00c0 minuit, elle vit dans le couloir une grande silhouette sombre qui soupirait en passant ; elle s\u2019arr\u00eata au bout du corridor et lui montra un visage qu\u2019elle n\u2019oublierait jamais. Cette premi\u00e8re apparition ne causa chez elle aucun trouble plus grand que les apparitions ult\u00e9rieures dans sa vie. Calme, elle alla vers son grand-p\u00e8re et dit : \u00ab Il y a un \u00e9tranger dans le couloir, va le voir. \u00bb<\/p>\n\n\n\n<p class=\"has-black-color has-text-color has-link-color has-small-font-size wp-elements-0b3900597df5ff08165f3b2ea8414311\">De telles capacit\u00e9s importantes, mais regrettables, ne chang\u00e8rent pas la jeune fille. Elle \u00e9tait la plus joyeuse parmi ses camarades de jeu, bien que, en raison de sa sensibilit\u00e9, elle doive rester longtemps dans sa chambre ; c\u2019\u00e9tait une pr\u00e9paration pour qu\u2019elle puisse voir avec des yeux ordinaires ce qui \u00e9tait invisible aux autres \u2014 le d\u00e9veloppement d\u2019une vision spirituelle par les sens corporels.<\/p>\n\n\n\n<p class=\"has-black-color has-text-color has-link-color has-small-font-size wp-elements-f78f74f45a9be8f9417a527d54727d4b\">Plus tard, elle v\u00e9cut avec ses parents \u00e0 Oberstenfeld, qui fut \u00e0 certaines p\u00e9riodes le domicile familial. De 17 \u00e0 19 ans, dans une p\u00e9riode d\u2019influences agr\u00e9ables et anim\u00e9es, elle sembla avoir perdu dans une certaine mesure cette facult\u00e9 de perception int\u00e9rieure ; seul son caract\u00e8re particuli\u00e8rement intellectuel transparaissait dans son regard, ainsi qu\u2019une plus grande joie, sans qu\u2019elle s\u2019\u00e9cart\u00e2t de ses habitudes ou de celles des jeunes filles de sa soci\u00e9t\u00e9. Malgr\u00e9 de fausses rumeurs, il est certain qu\u2019elle ne forma aucun attachement \u00e0 cet \u00e2ge et ne connut aucune d\u00e9ception sentimentale. Elle \u00e9tait extr\u00eamement r\u00e9ceptive aux apparitions spirituelles de toutes sortes : r\u00eaves proph\u00e9tiques, pr\u00e9dictions, visions proph\u00e9tiques dans des verres et des miroirs. Elle vit ainsi dans un verre une personne qui entrerait dans sa chambre une demi-heure plus tard, ainsi qu\u2019un carrosse qu\u2019elle ne pouvait identifier depuis sa position ; elle d\u00e9crivit la cal\u00e8che, les personnes qui y voyageaient et les chevaux \u2014 et une demi-heure plus tard, ils arriv\u00e8rent effectivement chez elle.<\/p>\n\n\n\n<p class=\"has-black-color has-text-color has-link-color has-small-font-size wp-elements-8d0950c7359dd800066f544dba6e03d9\">\u00c0 cette \u00e9poque, elle semblait jouir du \u00ab second sight \u00bb (vision secondaire). Un matin, alors qu\u2019elle quittait sa chambre lors d\u2019une visite m\u00e9dicale, elle vit dans le couloir un cercueil lui barrant le passage, et \u00e0 l\u2019int\u00e9rieur le corps de son grand-p\u00e8re. Elle retourna dans sa chambre et demanda au m\u00e9decin et \u00e0 ses parents de le voir. Pourtant, au d\u00e9but, aucun d\u2019eux \u2014 et m\u00eame elle \u2014 ne per\u00e7ut quoi que ce soit de plus. Le lendemain, cependant, le cercueil et le corps se trouvaient pr\u00e8s de son lit. Six semaines plus tard, son grand-p\u00e8re mourut, ayant joui d\u2019une excellente sant\u00e9 jusqu\u2019aux tous derniers jours.<\/p>\n\n\n\n<p class=\"has-black-color has-text-color has-link-color has-small-font-size wp-elements-0e40ac18655ee2ed89cadec2028fa7d0\">La capacit\u00e9 de voir des esprits, que Mme Hauffe poss\u00e9dait depuis l\u2019enfance, se d\u00e9veloppa continuellement. Entre le 25 novembre 1826 et le 2 mai 1829, le Dr Justinus Kerner put l\u2019examiner en profondeur et compiler les bases d\u2019un livre qui attira une grande attention en Allemagne, cinq \u00e9ditions \u00e9tant \u00e9puis\u00e9es en quelques ann\u00e9es. L\u2019ouvrage fut traduit en anglais par Mme Crowe et en fran\u00e7ais par le Dr Dusart.<\/p>\n\n\n\n<p class=\"has-black-color has-text-color has-link-color has-small-font-size wp-elements-de0ce7c6e83acd48993c6f5a98bf74d0\">Eschenmayer \u00e9crit \u00e0 son sujet dans Die Geheimnisse : \u00ab Ses dispositions naturelles \u00e9taient douces, aimables, s\u00e9rieuses. Elle se sentait toujours attir\u00e9e par la contemplation et la pri\u00e8re. Il y avait quelque chose d\u2019intellectuel dans l\u2019expression de ses yeux, toujours clairs et lumineux malgr\u00e9 la souffrance ; ils \u00e9taient tr\u00e8s vifs dans la conversation, puis soudain fixes \u2014 et l\u2019on pouvait voir par ce signe qu\u2019elle faisait face \u00e0 l\u2019une de ses \u00e9tranges apparitions. Dans de telles conditions, elle parlait rapidement. \u00bb<\/p>\n\n\n\n<p class=\"has-black-color has-text-color has-link-color has-small-font-size wp-elements-abf04a029ee59cbef3c776e4223c544a\">Le 5 ao\u00fbt 1829, \u00e0 dix heures, la voyante remarqua une silhouette blanche entrant dans sa chambre ; \u00e0 cet instant, la mourante poussa un cri de joie et son esprit sembla se d\u00e9tacher sur le moment. Peu apr\u00e8s, son \u00e2me quitta le corps, qui resta enti\u00e8rement reconnaissable, car aucun de ses traits ne conservait la forme pr\u00e9c\u00e9dente. Les restes de celle qui avait tant souffert furent inhum\u00e9s dans le pittoresque cimeti\u00e8re de L\u00f6wenstein, o\u00f9 reposaient d\u00e9j\u00e0 les corps de son grand-p\u00e8re, l\u2019estim\u00e9 Schmidgall, et de son \u00e9pouse, qu\u2019elle avait reconnus comme ses protecteurs spirituels.<\/p>\n<\/div><\/div>\n\n\n\n<div class=\"wp-block-uagb-container uagb-block-3259d955 alignfull uagb-is-root-container\"><div class=\"uagb-container-inner-blocks-wrap\"><\/div><\/div>\n\n\n\n<div class=\"wp-block-uagb-container uagb-block-1ab3b2d5 alignfull uagb-is-root-container\"><div class=\"uagb-container-inner-blocks-wrap\"><\/div><\/div>","protected":false},"excerpt":{"rendered":"<p>Frederica Hauffe Cerca de la ciudad de L\u00f6wenstein, en Baden-W\u00fcrttemberg, entre las monta\u00f1as cuyo punto m\u00e1s alto alcanza los 1879 pies sobre el nivel del mar, rodeada de colinas y valles, en un recodo pintoresco, se encuentra la peque\u00f1a aldea de Prevorst. Cuenta con poco m\u00e1s de 400 habitantes, que viven en su mayor parte [&hellip;]<\/p>","protected":false},"author":1,"featured_media":0,"parent":0,"menu_order":0,"comment_status":"closed","ping_status":"closed","template":"","meta":{"_uag_custom_page_level_css":"","site-sidebar-layout":"default","site-content-layout":"","ast-site-content-layout":"default","site-content-style":"default","site-sidebar-style":"default","ast-global-header-display":"","ast-banner-title-visibility":"","ast-main-header-display":"","ast-hfb-above-header-display":"","ast-hfb-below-header-display":"","ast-hfb-mobile-header-display":"","site-post-title":"disabled","ast-breadcrumbs-content":"","ast-featured-img":"","footer-sml-layout":"","theme-transparent-header-meta":"","adv-header-id-meta":"","stick-header-meta":"","header-above-stick-meta":"","header-main-stick-meta":"","header-below-stick-meta":"","astra-migrate-meta-layouts":"set","ast-page-background-enabled":"default","ast-page-background-meta":{"desktop":{"background-color":"var(--ast-global-color-4)","background-image":"","background-repeat":"repeat","background-position":"center center","background-size":"auto","background-attachment":"scroll","background-type":"","background-media":"","overlay-type":"","overlay-color":"","overlay-opacity":"","overlay-gradient":""},"tablet":{"background-color":"","background-image":"","background-repeat":"repeat","background-position":"center center","background-size":"auto","background-attachment":"scroll","background-type":"","background-media":"","overlay-type":"","overlay-color":"","overlay-opacity":"","overlay-gradient":""},"mobile":{"background-color":"","background-image":"","background-repeat":"repeat","background-position":"center center","background-size":"auto","background-attachment":"scroll","background-type":"","background-media":"","overlay-type":"","overlay-color":"","overlay-opacity":"","overlay-gradient":""}},"ast-content-background-meta":{"desktop":{"background-color":"var(--ast-global-color-5)","background-image":"","background-repeat":"repeat","background-position":"center center","background-size":"auto","background-attachment":"scroll","background-type":"","background-media":"","overlay-type":"","overlay-color":"","overlay-opacity":"","overlay-gradient":""},"tablet":{"background-color":"var(--ast-global-color-5)","background-image":"","background-repeat":"repeat","background-position":"center center","background-size":"auto","background-attachment":"scroll","background-type":"","background-media":"","overlay-type":"","overlay-color":"","overlay-opacity":"","overlay-gradient":""},"mobile":{"background-color":"var(--ast-global-color-5)","background-image":"","background-repeat":"repeat","background-position":"center center","background-size":"auto","background-attachment":"scroll","background-type":"","background-media":"","overlay-type":"","overlay-color":"","overlay-opacity":"","overlay-gradient":""}},"footnotes":""},"class_list":["post-8821","page","type-page","status-publish","hentry"],"yoast_head":"<!-- This site is optimized with the Yoast SEO Premium plugin v24.2 (Yoast SEO v24.6) - https:\/\/yoast.com\/wordpress\/plugins\/seo\/ -->\n<title>Frederica Hauffe - Uni\u00f3n Esp\u00edrita<\/title>\n<meta name=\"robots\" content=\"index, follow, max-snippet:-1, max-image-preview:large, max-video-preview:-1\" \/>\n<link rel=\"canonical\" href=\"https:\/\/nuevo-renacer.com\/fr\/frederica-hauffe\/\" \/>\n<meta property=\"og:locale\" content=\"fr_FR\" \/>\n<meta property=\"og:type\" content=\"article\" \/>\n<meta property=\"og:title\" content=\"Frederica Hauffe\" \/>\n<meta property=\"og:description\" content=\"Frederica Hauffe Cerca de la ciudad de L\u00f6wenstein, en Baden-W\u00fcrttemberg, entre las monta\u00f1as cuyo punto m\u00e1s alto alcanza los 1879 pies sobre el nivel del mar, rodeada de colinas y valles, en un recodo pintoresco, se encuentra la peque\u00f1a aldea de Prevorst. Cuenta con poco m\u00e1s de 400 habitantes, que viven en su mayor parte [&hellip;]\" \/>\n<meta property=\"og:url\" content=\"https:\/\/nuevo-renacer.com\/fr\/frederica-hauffe\/\" \/>\n<meta property=\"og:site_name\" content=\"Uni\u00f3n Esp\u00edrita\" \/>\n<meta property=\"article:publisher\" content=\"https:\/\/www.facebook.com\/groups\/3431398063740829\" \/>\n<meta property=\"article:modified_time\" content=\"2026-03-24T09:05:05+00:00\" \/>\n<meta property=\"og:image\" content=\"https:\/\/nuevo-renacer.com\/wp-content\/uploads\/2026\/03\/Frederica-Hauffe.jpg\" \/>\n\t<meta property=\"og:image:width\" content=\"960\" \/>\n\t<meta property=\"og:image:height\" content=\"1190\" \/>\n\t<meta property=\"og:image:type\" content=\"image\/jpeg\" \/>\n<meta name=\"twitter:card\" content=\"summary_large_image\" \/>\n<meta name=\"twitter:label1\" content=\"Dur\u00e9e de lecture estim\u00e9e\" \/>\n\t<meta name=\"twitter:data1\" content=\"6 minutes\" \/>\n<script type=\"application\/ld+json\" class=\"yoast-schema-graph\">{\"@context\":\"https:\/\/schema.org\",\"@graph\":[{\"@type\":\"WebPage\",\"@id\":\"https:\/\/nuevo-renacer.com\/frederica-hauffe\/\",\"url\":\"https:\/\/nuevo-renacer.com\/frederica-hauffe\/\",\"name\":\"Frederica Hauffe - Uni\u00f3n Esp\u00edrita\",\"isPartOf\":{\"@id\":\"https:\/\/nuevo-renacer.com\/#website\"},\"primaryImageOfPage\":{\"@id\":\"https:\/\/nuevo-renacer.com\/frederica-hauffe\/#primaryimage\"},\"image\":{\"@id\":\"https:\/\/nuevo-renacer.com\/frederica-hauffe\/#primaryimage\"},\"thumbnailUrl\":\"https:\/\/nuevo-renacer.com\/wp-content\/uploads\/2026\/03\/Frederica-Hauffe-826x1024.jpg\",\"datePublished\":\"2026-03-24T09:03:50+00:00\",\"dateModified\":\"2026-03-24T09:05:05+00:00\",\"breadcrumb\":{\"@id\":\"https:\/\/nuevo-renacer.com\/frederica-hauffe\/#breadcrumb\"},\"inLanguage\":\"fr-FR\",\"potentialAction\":[{\"@type\":\"ReadAction\",\"target\":[\"https:\/\/nuevo-renacer.com\/frederica-hauffe\/\"]}]},{\"@type\":\"ImageObject\",\"inLanguage\":\"fr-FR\",\"@id\":\"https:\/\/nuevo-renacer.com\/frederica-hauffe\/#primaryimage\",\"url\":\"https:\/\/nuevo-renacer.com\/wp-content\/uploads\/2026\/03\/Frederica-Hauffe-826x1024.jpg\",\"contentUrl\":\"https:\/\/nuevo-renacer.com\/wp-content\/uploads\/2026\/03\/Frederica-Hauffe-826x1024.jpg\"},{\"@type\":\"BreadcrumbList\",\"@id\":\"https:\/\/nuevo-renacer.com\/frederica-hauffe\/#breadcrumb\",\"itemListElement\":[{\"@type\":\"ListItem\",\"position\":1,\"name\":\"Startseite\",\"item\":\"https:\/\/nuevo-renacer.com\/\"},{\"@type\":\"ListItem\",\"position\":2,\"name\":\"Frederica Hauffe\"}]},{\"@type\":\"WebSite\",\"@id\":\"https:\/\/nuevo-renacer.com\/#website\",\"url\":\"https:\/\/nuevo-renacer.com\/\",\"name\":\"Uni\u00f3n Esp\u00edrita\",\"description\":\"Nuevo Renacer\",\"publisher\":{\"@id\":\"https:\/\/nuevo-renacer.com\/#organization\"},\"potentialAction\":[{\"@type\":\"SearchAction\",\"target\":{\"@type\":\"EntryPoint\",\"urlTemplate\":\"https:\/\/nuevo-renacer.com\/?s={search_term_string}\"},\"query-input\":{\"@type\":\"PropertyValueSpecification\",\"valueRequired\":true,\"valueName\":\"search_term_string\"}}],\"inLanguage\":\"fr-FR\"},{\"@type\":\"Organization\",\"@id\":\"https:\/\/nuevo-renacer.com\/#organization\",\"name\":\"UFEC\",\"url\":\"https:\/\/nuevo-renacer.com\/\",\"logo\":{\"@type\":\"ImageObject\",\"inLanguage\":\"fr-FR\",\"@id\":\"https:\/\/nuevo-renacer.com\/#\/schema\/logo\/image\/\",\"url\":\"https:\/\/nuevo-renacer.com\/wp-content\/uploads\/2024\/05\/cropped-LOGO-TERMINADO1-3-3.png\",\"contentUrl\":\"https:\/\/nuevo-renacer.com\/wp-content\/uploads\/2024\/05\/cropped-LOGO-TERMINADO1-3-3.png\",\"width\":512,\"height\":512,\"caption\":\"UFEC\"},\"image\":{\"@id\":\"https:\/\/nuevo-renacer.com\/#\/schema\/logo\/image\/\"},\"sameAs\":[\"https:\/\/www.facebook.com\/groups\/3431398063740829\"]}]}<\/script>\n<!-- \/ Yoast SEO Premium plugin. -->","yoast_head_json":{"title":"Frederica Hauffe - Uni\u00f3n Esp\u00edrita","robots":{"index":"index","follow":"follow","max-snippet":"max-snippet:-1","max-image-preview":"max-image-preview:large","max-video-preview":"max-video-preview:-1"},"canonical":"https:\/\/nuevo-renacer.com\/fr\/frederica-hauffe\/","og_locale":"fr_FR","og_type":"article","og_title":"Frederica Hauffe","og_description":"Frederica Hauffe Cerca de la ciudad de L\u00f6wenstein, en Baden-W\u00fcrttemberg, entre las monta\u00f1as cuyo punto m\u00e1s alto alcanza los 1879 pies sobre el nivel del mar, rodeada de colinas y valles, en un recodo pintoresco, se encuentra la peque\u00f1a aldea de Prevorst. Cuenta con poco m\u00e1s de 400 habitantes, que viven en su mayor parte [&hellip;]","og_url":"https:\/\/nuevo-renacer.com\/fr\/frederica-hauffe\/","og_site_name":"Uni\u00f3n Esp\u00edrita","article_publisher":"https:\/\/www.facebook.com\/groups\/3431398063740829","article_modified_time":"2026-03-24T09:05:05+00:00","og_image":[{"width":960,"height":1190,"url":"https:\/\/nuevo-renacer.com\/wp-content\/uploads\/2026\/03\/Frederica-Hauffe.jpg","type":"image\/jpeg"}],"twitter_card":"summary_large_image","twitter_misc":{"Dur\u00e9e de lecture estim\u00e9e":"6 minutes"},"schema":{"@context":"https:\/\/schema.org","@graph":[{"@type":"WebPage","@id":"https:\/\/nuevo-renacer.com\/frederica-hauffe\/","url":"https:\/\/nuevo-renacer.com\/frederica-hauffe\/","name":"Frederica Hauffe - Uni\u00f3n Esp\u00edrita","isPartOf":{"@id":"https:\/\/nuevo-renacer.com\/#website"},"primaryImageOfPage":{"@id":"https:\/\/nuevo-renacer.com\/frederica-hauffe\/#primaryimage"},"image":{"@id":"https:\/\/nuevo-renacer.com\/frederica-hauffe\/#primaryimage"},"thumbnailUrl":"https:\/\/nuevo-renacer.com\/wp-content\/uploads\/2026\/03\/Frederica-Hauffe-826x1024.jpg","datePublished":"2026-03-24T09:03:50+00:00","dateModified":"2026-03-24T09:05:05+00:00","breadcrumb":{"@id":"https:\/\/nuevo-renacer.com\/frederica-hauffe\/#breadcrumb"},"inLanguage":"fr-FR","potentialAction":[{"@type":"ReadAction","target":["https:\/\/nuevo-renacer.com\/frederica-hauffe\/"]}]},{"@type":"ImageObject","inLanguage":"fr-FR","@id":"https:\/\/nuevo-renacer.com\/frederica-hauffe\/#primaryimage","url":"https:\/\/nuevo-renacer.com\/wp-content\/uploads\/2026\/03\/Frederica-Hauffe-826x1024.jpg","contentUrl":"https:\/\/nuevo-renacer.com\/wp-content\/uploads\/2026\/03\/Frederica-Hauffe-826x1024.jpg"},{"@type":"BreadcrumbList","@id":"https:\/\/nuevo-renacer.com\/frederica-hauffe\/#breadcrumb","itemListElement":[{"@type":"ListItem","position":1,"name":"Startseite","item":"https:\/\/nuevo-renacer.com\/"},{"@type":"ListItem","position":2,"name":"Frederica Hauffe"}]},{"@type":"WebSite","@id":"https:\/\/nuevo-renacer.com\/#website","url":"https:\/\/nuevo-renacer.com\/","name":"Uni\u00f3n Esp\u00edrita","description":"Nuevo Renacer","publisher":{"@id":"https:\/\/nuevo-renacer.com\/#organization"},"potentialAction":[{"@type":"SearchAction","target":{"@type":"EntryPoint","urlTemplate":"https:\/\/nuevo-renacer.com\/?s={search_term_string}"},"query-input":{"@type":"PropertyValueSpecification","valueRequired":true,"valueName":"search_term_string"}}],"inLanguage":"fr-FR"},{"@type":"Organization","@id":"https:\/\/nuevo-renacer.com\/#organization","name":"UFEC","url":"https:\/\/nuevo-renacer.com\/","logo":{"@type":"ImageObject","inLanguage":"fr-FR","@id":"https:\/\/nuevo-renacer.com\/#\/schema\/logo\/image\/","url":"https:\/\/nuevo-renacer.com\/wp-content\/uploads\/2024\/05\/cropped-LOGO-TERMINADO1-3-3.png","contentUrl":"https:\/\/nuevo-renacer.com\/wp-content\/uploads\/2024\/05\/cropped-LOGO-TERMINADO1-3-3.png","width":512,"height":512,"caption":"UFEC"},"image":{"@id":"https:\/\/nuevo-renacer.com\/#\/schema\/logo\/image\/"},"sameAs":["https:\/\/www.facebook.com\/groups\/3431398063740829"]}]}},"uagb_featured_image_src":{"full":false,"thumbnail":false,"medium":false,"medium_large":false,"large":false,"1536x1536":false,"2048x2048":false,"trp-custom-language-flag":false},"uagb_author_info":{"display_name":"adbv0","author_link":"https:\/\/nuevo-renacer.com\/fr\/author\/adbv0\/"},"uagb_comment_info":0,"uagb_excerpt":"Frederica Hauffe Cerca de la ciudad de L\u00f6wenstein, en Baden-W\u00fcrttemberg, entre las monta\u00f1as cuyo punto m\u00e1s alto alcanza los 1879 pies sobre el nivel del mar, rodeada de colinas y valles, en un recodo pintoresco, se encuentra la peque\u00f1a aldea de Prevorst. Cuenta con poco m\u00e1s de 400 habitantes, que viven en su mayor parte\u2026","jetpack_sharing_enabled":true,"_links":{"self":[{"href":"https:\/\/nuevo-renacer.com\/fr\/wp-json\/wp\/v2\/pages\/8821","targetHints":{"allow":["GET"]}}],"collection":[{"href":"https:\/\/nuevo-renacer.com\/fr\/wp-json\/wp\/v2\/pages"}],"about":[{"href":"https:\/\/nuevo-renacer.com\/fr\/wp-json\/wp\/v2\/types\/page"}],"author":[{"embeddable":true,"href":"https:\/\/nuevo-renacer.com\/fr\/wp-json\/wp\/v2\/users\/1"}],"replies":[{"embeddable":true,"href":"https:\/\/nuevo-renacer.com\/fr\/wp-json\/wp\/v2\/comments?post=8821"}],"version-history":[{"count":1,"href":"https:\/\/nuevo-renacer.com\/fr\/wp-json\/wp\/v2\/pages\/8821\/revisions"}],"predecessor-version":[{"id":8823,"href":"https:\/\/nuevo-renacer.com\/fr\/wp-json\/wp\/v2\/pages\/8821\/revisions\/8823"}],"wp:attachment":[{"href":"https:\/\/nuevo-renacer.com\/fr\/wp-json\/wp\/v2\/media?parent=8821"}],"curies":[{"name":"wp","href":"https:\/\/api.w.org\/{rel}","templated":true}]}}