{"id":8814,"date":"2026-03-23T13:39:44","date_gmt":"2026-03-23T13:39:44","guid":{"rendered":"https:\/\/nuevo-renacer.com\/?page_id=8814"},"modified":"2026-03-23T13:51:11","modified_gmt":"2026-03-23T13:51:11","slug":"maria-da-conceicao-rocha-e-silva","status":"publish","type":"page","link":"https:\/\/nuevo-renacer.com\/fr\/maria-da-conceicao-rocha-e-silva\/","title":{"rendered":"Maria da Concei\u00e7\u00e3o Rocha e Silva"},"content":{"rendered":"<div class=\"wp-block-uagb-container uagb-block-296b7f74 alignfull uagb-is-root-container\"><div class=\"uagb-container-inner-blocks-wrap\">\n<p class=\"has-black-color has-text-color has-link-color has-medium-font-size wp-elements-13d58a427b3c3064340fe6bd709f5f03\"><strong>Maria da Concei\u00e7\u00e3o Rocha e Silva<\/strong><\/p>\n<\/div><\/div>\n\n\n\n<div class=\"wp-block-uagb-container uagb-block-68a41642 alignfull uagb-is-root-container\"><div class=\"uagb-container-inner-blocks-wrap\">\n<figure class=\"wp-block-image size-full is-resized\"><img fetchpriority=\"high\" decoding=\"async\" width=\"249\" height=\"360\" src=\"https:\/\/nuevo-renacer.com\/wp-content\/uploads\/2026\/03\/2.jpg\" alt=\"\" class=\"wp-image-8815\" style=\"width:316px;height:auto\" srcset=\"https:\/\/nuevo-renacer.com\/wp-content\/uploads\/2026\/03\/2.jpg 249w, https:\/\/nuevo-renacer.com\/wp-content\/uploads\/2026\/03\/2-208x300.jpg 208w, https:\/\/nuevo-renacer.com\/wp-content\/uploads\/2026\/03\/2-8x12.jpg 8w\" sizes=\"(max-width: 249px) 100vw, 249px\" \/><\/figure>\n<\/div><\/div>\n\n\n\n<div class=\"wp-block-uagb-container uagb-block-d75d4fa0 alignfull uagb-is-root-container\"><div class=\"uagb-container-inner-blocks-wrap\">\n<p class=\"has-black-color has-text-color has-link-color has-small-font-size wp-elements-912802658f3be9ef74d05bc83df7ddee\">Les nouvelles g\u00e9n\u00e9rations doivent conna\u00eetre Maria da Concei\u00e7\u00e3o Rocha e Silva, affectueusement appel\u00e9e \u00ab Nina \u00bb. Elle a adopt\u00e9 le pseudonyme Nina Arueira, ce dernier \u00e9tant le nom de famille de son p\u00e8re. Elle est n\u00e9e \u00e0 Campos dos Goytacazes le 7 janvier 1916 et est d\u00e9c\u00e9d\u00e9e le 18 mars 1935. Journaliste, \u00e9crivaine, militante syndicale et po\u00e9tesse, sa mort \u00e0 19 ans a boulevers\u00e9 la vie de son fianc\u00e9 Cl\u00f3vis Tavares pour toujours.<\/p>\n\n\n\n<p class=\"has-black-color has-text-color has-link-color has-small-font-size wp-elements-58223512e91e3c5ccc64617d2cf1c1c4\">\u00c0 l\u2019\u00e2ge de cinq ans, elle aurait d\u00e9j\u00e0 lu un livre de Victor Hugo. Nina dictait de petits po\u00e8mes que son p\u00e8re notait. Plus tard, ils ont \u00e9t\u00e9 publi\u00e9s dans le journal Rindo sous le pseudonyme de \u00ab Princesse de Vera Cruz \u00bb, fille de Lino Arueira et de son \u00e9pouse Maria Magdalena Rocha e Silva. D\u00e8s son enfance, elle montrait une grande pr\u00e9cocit\u00e9 et un talent exceptionnel. Sa grand-m\u00e8re l\u2019appelait \u00ab Pequenina \u00bb, et sa famille simplement \u00ab Nina \u00bb, pseudonyme qu\u2019elle adopterait \u00e0 l\u2019adolescence. Le 15 juillet 1924, \u00e0 l\u2019\u00e2ge de huit ans, elle fut choisie pour accueillir, lors d\u2019une grande c\u00e9l\u00e9bration civique municipale, le premier \u00e9v\u00eaque de la ville de Campos dos Goytacazes, D. Henrique C\u00e9sar Fernandes Mour\u00e3o. En 1928, \u00e0 douze ans, son p\u00e8re d\u00e9c\u00e9da, et Nina commen\u00e7a \u00e0 aider sa m\u00e8re dans le petit commerce familial. Ce fut une p\u00e9riode tr\u00e8s difficile, un moment de grande maturation pour la jeune fille, et les observations qu\u2019elle fit sur la soci\u00e9t\u00e9, les relations de travail et l\u2019hypocrisie dominante se refl\u00e9teraient dans ses futurs textes et po\u00e8mes.<\/p>\n\n\n\n<p class=\"has-black-color has-text-color has-link-color has-small-font-size wp-elements-647266fb4c58e6d76b3889e824640add\"><strong>Nina jeune<\/strong><\/p>\n\n\n\n<p class=\"has-black-color has-text-color has-link-color has-small-font-size wp-elements-98ae48d78f223a923263325574f1e31f\">\u00c0 quinze ans, Nina entra au Liceu de Humanidades de Campos. Elle donna des conf\u00e9rences au th\u00e9\u00e2tre de la ville, o\u00f9 sa r\u00e9putation de chroniqueuse et de critique se r\u00e9pandit. Elle r\u00e9digea le manifeste \u00c0 la jeunesse de ma terre. En raison de ses id\u00e9es, elle fut confront\u00e9e \u00e0 des critiques et \u00e0 des pers\u00e9cutions de la part d\u2019autres journalistes et habitants de la ville. Au Liceu, elle rencontra Cl\u00f3vis Tavares et Ad\u00e3o Pereira. Ensemble, ils fond\u00e8rent un journal \u00e9tudiant. \u00c0 seize ans, elle publiait d\u00e9j\u00e0 des articles en d\u00e9fense de la classe ouvri\u00e8re et des prostitu\u00e9es. \u00c0 dix-huit ans, elle adh\u00e9ra au Parti communiste et fonda l\u2019Alliance nationale lib\u00e9ratrice \u00e0 Campos, un front de gauche compos\u00e9 de secteurs de diverses organisations antifascistes et anti-int\u00e9gralistes. Elle quitta le lyc\u00e9e par insatisfaction vis-\u00e0-vis de la m\u00e9thodologie \u00e9ducative.<\/p>\n\n\n\n<p class=\"has-black-color has-text-color has-link-color has-small-font-size wp-elements-d107f28d063b766f2438c9f9c5d116e0\">Dans les ann\u00e9es difficiles du d\u00e9but des ann\u00e9es 1930 au Br\u00e9sil, et au milieu des soucis familiaux, elle rejoignit l\u2019Union de la jeunesse communiste avec ses deux amis du journal \u00e9tudiant. Pour la jeune fille, commen\u00e7a une p\u00e9riode de lutte : fatigu\u00e9e des d\u00e9bats \u00e9crits, elle se rendait aux portes des usines, o\u00f9 elle organisait des rassemblements et fondait des syndicats. Pendant cette p\u00e9riode, elle commen\u00e7a \u00e9galement \u00e0 fr\u00e9quenter la Soci\u00e9t\u00e9 th\u00e9osophique, cherchant la spiritualit\u00e9 qui lui faisait d\u00e9faut dans le mouvement ouvrier, et elle tomba amoureuse de Cl\u00f3vis Tavares, son compagnon constant.<\/p>\n\n\n\n<p class=\"has-black-color has-text-color has-link-color has-small-font-size wp-elements-9c2fb02efe062c54de85f34daa54154a\">En 1931, elle publiait d\u00e9j\u00e0 des po\u00e8mes qui d\u00e9montraient son intelligence et sa maturit\u00e9 morale. Elle \u00e9crivit ce concept de Dieu : \u00ab Dieu est un oc\u00e9an sans fin et nous sommes chacun une M\u00e9diterran\u00e9e dans les baies de la Terre. \u00bb Tr\u00e8s spiritualis\u00e9e, Nina \u00e9tait en avance sur son temps. Elle r\u00eavait d\u2019une soci\u00e9t\u00e9 fraternelle et d\u00e9fendait des id\u00e9es plus lib\u00e9rales pour les femmes, soutenant l\u2019\u00e9galit\u00e9 des droits entre hommes et femmes. Le 1er mai 1934, lors d\u2019un grand rassemblement sur la place Pra\u00e7a do Sant\u00edssimo Salvador \u00e0 Campos, le couple fut invit\u00e9 \u00e0 s\u2019adresser aux travailleurs. Pendant le discours de Cl\u00f3vis, quelqu\u2019un dans la foule mit le feu au drapeau national, ce que la police pr\u00e9sente interpr\u00e9ta comme un affront au gouvernement. Lors de la r\u00e9pression qui suivit, Cl\u00f3vis fut arr\u00eat\u00e9 et Nina r\u00e9ussit \u00e0 s\u2019\u00e9chapper. L\u2019histoire de Campos est pleine de femmes importantes et incroyables qui ont marqu\u00e9 leur \u00e9poque.<\/p>\n\n\n\n<p class=\"has-black-color has-text-color has-link-color has-small-font-size wp-elements-ea4d0aca0acef69555c8ee2101605c53\">Son amiti\u00e9 avec Virg\u00edlio de Paula fut fondamentale, car lorsqu\u2019elle contracta le typhus, c\u2019est le cher \u00ab grand-p\u00e8re Virg\u00edlio \u00bb, comme elle l\u2019appelait, qui prit soin d\u2019elle jusqu\u2019\u00e0 sa mort, survenue avant son mariage avec Cl\u00f3vis Tavares et avant ses vingt ans.<\/p>\n\n\n\n<p class=\"has-black-color has-text-color has-link-color has-small-font-size wp-elements-13d555894f2ffa76e611c7240cf9a09e\">Profond\u00e9ment affect\u00e9 par la mort de sa fianc\u00e9e, Cl\u00f3vis Tavares re\u00e7ut la nouvelle que l\u2019esprit de Nina s\u2019\u00e9tait communiqu\u00e9 dans une soci\u00e9t\u00e9 spirite. Cet \u00e9v\u00e9nement donna un nouveau sens \u00e0 sa vie, et depuis lors il devint adepte du spiritisme. Peu apr\u00e8s, en octobre 1935, il fonda l\u2019\u00e9cole J\u00e9sus-Christ pour enfants, inspir\u00e9e par une \u00e9cole du plan spirituel fond\u00e9e par l\u2019esprit de Nina Arueira. Nina fut la grande source d\u2019inspiration de sa vie et, dans la patrie spirituelle, elle poursuit son travail \u00e9ducatif en soutenant enfants et jeunes.<\/p>\n\n\n\n<p class=\"has-black-color has-text-color has-link-color has-small-font-size wp-elements-2a3b98213ff9ecfb63d329da45bb2c82\">Des maisons spirites, des groupes d\u2019entraide, des associations de jeunesse spirite et des \u00e9coles furent cr\u00e9\u00e9s au nom de Nina Arueira, comme par exemple le CIEP Nina Arueira situ\u00e9 dans le quartier de Penha, \u00e0 Campos dos Goytacazes. Rendons gr\u00e2ce \u00e0 Dieu, car \u00e0 travers les enseignements du spiritisme et des exemples de vie comme ceux de Nina et Cl\u00f3vis, nous nous pr\u00e9parons chaque jour \u00e0 vivre l\u2019immortalit\u00e9 et la justice divine.<\/p>\n\n\n\n<p class=\"has-black-color has-text-color has-link-color has-small-font-size wp-elements-b426846bc8de7f5903eab005dd2308af\">Qu\u2019a fait Nina pour \u00eatre immortalis\u00e9e ? Apr\u00e8s sa mort le 18 mars 1935, un processus historique commen\u00e7a, au cours duquel deux courants \u2014 les spirites et les communistes \u2014 disput\u00e8rent sa m\u00e9moire et lui attribu\u00e8rent des caract\u00e9ristiques mystiques de h\u00e9ro\u00efne et de martyre. Selon Juliana Carneiro, auteure du livre L\u2019\u00c9veil de Nina Arueira : De la lutte pour la m\u00e9moire \u00e0 la construction du mythe, pour les communistes, elle mourut en militante combative, une r\u00e9f\u00e9rence pour mobiliser de nouveaux activistes. Pour les spirites, en revanche, Nina ne mourut pas : elle se d\u00e9sincarna seulement. Elle cessa de lutter sur le plan terrestre et \u00e9volua pour contribuer \u00e0 l\u2019humanit\u00e9 depuis le plan spirituel. L\u2019ann\u00e9e suivante, Cl\u00f3vis rencontra Chico Xavier, et cette amiti\u00e9 fut tr\u00e8s importante pour sa vie en tant qu\u2019enseignant et \u00e9crivain. Parmi les m\u00e9diums ayant psychographi\u00e9 des messages de l\u2019esprit de Nina, Francisco C\u00e2ndido Xavier se distingue.<\/p>\n\n\n\n<p class=\"has-black-color has-text-color has-link-color has-small-font-size wp-elements-680af58f3aa58f607846f404fcacfd04\">\u00ab La femme qui reconna\u00eet sa qualit\u00e9 d\u2019\u00eatre humain ; rationnelle, sensible, vibrante, avec les m\u00eames droits \u00e0 la vie et \u00e0 la libert\u00e9. C\u2019est la femme qui se consid\u00e8re capable d\u2019affronter toutes les luttes\u2026 \u00bb (message psychographi\u00e9, Nina Arueira, 29\/04\/1942)<\/p>\n\n\n\n<p class=\"has-black-color has-text-color has-link-color has-small-font-size wp-elements-f3a9838db461eb2c9c6dd51fc09e12c9\">Ci-dessous un extrait de l\u2019un des plus beaux po\u00e8mes de la jeune Nina Arueira :<\/p>\n\n\n\n<p class=\"has-black-color has-text-color has-link-color has-small-font-size wp-elements-3e7fc1a2f2bd419bd7091b2dab0d4791\">\u00ab Mon esprit vibra dans le silence de la mati\u00e8re\u2026<\/p>\n\n\n\n<p class=\"has-black-color has-text-color has-link-color has-small-font-size wp-elements-a485f95648aa42816d4debaba65b43b2\">Mon \u00e2me s\u2019exalta dans la vibration de la lumi\u00e8re\u2026<\/p>\n\n\n\n<p class=\"has-black-color has-text-color has-link-color has-small-font-size wp-elements-831de28d138a3fc3e3716ec5e73827e0\">Je v\u00e9cus sur la terre dans l\u2019aspiration sid\u00e9rale<\/p>\n\n\n\n<p class=\"has-black-color has-text-color has-link-color has-small-font-size wp-elements-bd5a8104bd21031158245e7d4456b5dc\">de toucher de mon \u00e2me la lyre de J\u00e9sus\u2026<\/p>\n\n\n\n<p class=\"has-black-color has-text-color has-link-color has-small-font-size wp-elements-6277207c9cd8b6c22e7378711a6ef370\">De la vie je ne vis que l\u2019apparence trompeuse,<\/p>\n\n\n\n<p class=\"has-black-color has-text-color has-link-color has-small-font-size wp-elements-d3483bdfb8c35cb0350d9ef26ed5579e\">la richesse fictive qui ne me s\u00e9duisit pas,<\/p>\n\n\n\n<p class=\"has-black-color has-text-color has-link-color has-small-font-size wp-elements-8aa3c855117b10efc0be8330bbd2e6b9\">car mon c\u0153ur \u00e9tait fait de l\u2019essence<\/p>\n\n\n\n<p class=\"has-black-color has-text-color has-link-color has-small-font-size wp-elements-bd89468687912eae9d90cf722e6c8fb8\">qui s\u2019\u00e9l\u00e8ve du ciel et vers le ciel s\u2019est \u00e9lev\u00e9e.<\/p>\n\n\n\n<p class=\"has-black-color has-text-color has-link-color has-small-font-size wp-elements-f2adde1db0722c8c611affc5541c6630\">Le monde vint \u00e0 moi rempli de flatteries\u2026<\/p>\n\n\n\n<p class=\"has-black-color has-text-color has-link-color has-small-font-size wp-elements-a3fa546ace0b294dbee7420b7b8cbcef\">Et je rejetai le monde et sa cour orgueilleuse\u2026<\/p>\n\n\n\n<p class=\"has-black-color has-text-color has-link-color has-small-font-size wp-elements-9a7bdae3040984e7d51852e48c9ea759\">Je ne connus pas les tristes ambitions de la vie,<\/p>\n\n\n\n<p class=\"has-black-color has-text-color has-link-color has-small-font-size wp-elements-2a97d0dd6339bbf5a14ead2354fedd94\">mais l\u2019ambition heureuse d\u2019au-dessus\u2026 \u00bb<\/p>\n<\/div><\/div>\n\n\n\n<div class=\"wp-block-uagb-container uagb-block-820ff0cf alignfull uagb-is-root-container\"><div class=\"uagb-container-inner-blocks-wrap\"><\/div><\/div>\n\n\n\n<div class=\"wp-block-uagb-container uagb-block-d9cd1234 alignfull uagb-is-root-container\"><div class=\"uagb-container-inner-blocks-wrap\"><\/div><\/div>","protected":false},"excerpt":{"rendered":"<p>Maria da Concei\u00e7\u00e3o Rocha e Silva Las nuevas generaciones necesitan conocer a Maria da Concei\u00e7\u00e3o Rocha e Silva, cari\u00f1osamente llamada \u201cNina\u201d. Adopt\u00f3 el seud\u00f3nimo Nina Arueira, siendo este \u00faltimo el apellido de su padre. Naci\u00f3 en Campos dos Goytacazes el 7 de enero de 1916 y falleci\u00f3 el 18 de marzo de 1935. Periodista, escritora, [&hellip;]<\/p>","protected":false},"author":1,"featured_media":0,"parent":0,"menu_order":0,"comment_status":"closed","ping_status":"closed","template":"","meta":{"_uag_custom_page_level_css":"","site-sidebar-layout":"default","site-content-layout":"","ast-site-content-layout":"default","site-content-style":"default","site-sidebar-style":"default","ast-global-header-display":"","ast-banner-title-visibility":"","ast-main-header-display":"","ast-hfb-above-header-display":"","ast-hfb-below-header-display":"","ast-hfb-mobile-header-display":"","site-post-title":"disabled","ast-breadcrumbs-content":"","ast-featured-img":"","footer-sml-layout":"","theme-transparent-header-meta":"","adv-header-id-meta":"","stick-header-meta":"","header-above-stick-meta":"","header-main-stick-meta":"","header-below-stick-meta":"","astra-migrate-meta-layouts":"set","ast-page-background-enabled":"default","ast-page-background-meta":{"desktop":{"background-color":"var(--ast-global-color-4)","background-image":"","background-repeat":"repeat","background-position":"center center","background-size":"auto","background-attachment":"scroll","background-type":"","background-media":"","overlay-type":"","overlay-color":"","overlay-opacity":"","overlay-gradient":""},"tablet":{"background-color":"","background-image":"","background-repeat":"repeat","background-position":"center center","background-size":"auto","background-attachment":"scroll","background-type":"","background-media":"","overlay-type":"","overlay-color":"","overlay-opacity":"","overlay-gradient":""},"mobile":{"background-color":"","background-image":"","background-repeat":"repeat","background-position":"center center","background-size":"auto","background-attachment":"scroll","background-type":"","background-media":"","overlay-type":"","overlay-color":"","overlay-opacity":"","overlay-gradient":""}},"ast-content-background-meta":{"desktop":{"background-color":"var(--ast-global-color-5)","background-image":"","background-repeat":"repeat","background-position":"center center","background-size":"auto","background-attachment":"scroll","background-type":"","background-media":"","overlay-type":"","overlay-color":"","overlay-opacity":"","overlay-gradient":""},"tablet":{"background-color":"var(--ast-global-color-5)","background-image":"","background-repeat":"repeat","background-position":"center center","background-size":"auto","background-attachment":"scroll","background-type":"","background-media":"","overlay-type":"","overlay-color":"","overlay-opacity":"","overlay-gradient":""},"mobile":{"background-color":"var(--ast-global-color-5)","background-image":"","background-repeat":"repeat","background-position":"center center","background-size":"auto","background-attachment":"scroll","background-type":"","background-media":"","overlay-type":"","overlay-color":"","overlay-opacity":"","overlay-gradient":""}},"footnotes":""},"class_list":["post-8814","page","type-page","status-publish","hentry"],"yoast_head":"<!-- This site is optimized with the Yoast SEO Premium plugin v24.2 (Yoast SEO v24.6) - https:\/\/yoast.com\/wordpress\/plugins\/seo\/ -->\n<title>Maria da Concei\u00e7\u00e3o Rocha e Silva - Uni\u00f3n Esp\u00edrita<\/title>\n<meta name=\"robots\" content=\"index, follow, max-snippet:-1, max-image-preview:large, max-video-preview:-1\" \/>\n<link rel=\"canonical\" href=\"https:\/\/nuevo-renacer.com\/fr\/maria-da-conceicao-rocha-e-silva\/\" \/>\n<meta property=\"og:locale\" content=\"fr_FR\" \/>\n<meta property=\"og:type\" content=\"article\" \/>\n<meta property=\"og:title\" content=\"Maria da Concei\u00e7\u00e3o Rocha e Silva\" \/>\n<meta property=\"og:description\" content=\"Maria da Concei\u00e7\u00e3o Rocha e Silva Las nuevas generaciones necesitan conocer a Maria da Concei\u00e7\u00e3o Rocha e Silva, cari\u00f1osamente llamada \u201cNina\u201d. Adopt\u00f3 el seud\u00f3nimo Nina Arueira, siendo este \u00faltimo el apellido de su padre. Naci\u00f3 en Campos dos Goytacazes el 7 de enero de 1916 y falleci\u00f3 el 18 de marzo de 1935. Periodista, escritora, [&hellip;]\" \/>\n<meta property=\"og:url\" content=\"https:\/\/nuevo-renacer.com\/fr\/maria-da-conceicao-rocha-e-silva\/\" \/>\n<meta property=\"og:site_name\" content=\"Uni\u00f3n Esp\u00edrita\" \/>\n<meta property=\"article:publisher\" content=\"https:\/\/www.facebook.com\/groups\/3431398063740829\" \/>\n<meta property=\"article:modified_time\" content=\"2026-03-23T13:51:11+00:00\" \/>\n<meta property=\"og:image\" content=\"https:\/\/nuevo-renacer.com\/wp-content\/uploads\/2026\/03\/2.jpg\" \/>\n\t<meta property=\"og:image:width\" content=\"249\" \/>\n\t<meta property=\"og:image:height\" content=\"360\" \/>\n\t<meta property=\"og:image:type\" content=\"image\/jpeg\" \/>\n<meta name=\"twitter:card\" content=\"summary_large_image\" \/>\n<meta name=\"twitter:label1\" content=\"Dur\u00e9e de lecture estim\u00e9e\" \/>\n\t<meta name=\"twitter:data1\" content=\"7 minutes\" \/>\n<script type=\"application\/ld+json\" class=\"yoast-schema-graph\">{\"@context\":\"https:\/\/schema.org\",\"@graph\":[{\"@type\":\"WebPage\",\"@id\":\"https:\/\/nuevo-renacer.com\/maria-da-conceicao-rocha-e-silva\/\",\"url\":\"https:\/\/nuevo-renacer.com\/maria-da-conceicao-rocha-e-silva\/\",\"name\":\"Maria da Concei\u00e7\u00e3o Rocha e Silva - Uni\u00f3n Esp\u00edrita\",\"isPartOf\":{\"@id\":\"https:\/\/nuevo-renacer.com\/#website\"},\"primaryImageOfPage\":{\"@id\":\"https:\/\/nuevo-renacer.com\/maria-da-conceicao-rocha-e-silva\/#primaryimage\"},\"image\":{\"@id\":\"https:\/\/nuevo-renacer.com\/maria-da-conceicao-rocha-e-silva\/#primaryimage\"},\"thumbnailUrl\":\"https:\/\/nuevo-renacer.com\/wp-content\/uploads\/2026\/03\/2.jpg\",\"datePublished\":\"2026-03-23T13:39:44+00:00\",\"dateModified\":\"2026-03-23T13:51:11+00:00\",\"breadcrumb\":{\"@id\":\"https:\/\/nuevo-renacer.com\/maria-da-conceicao-rocha-e-silva\/#breadcrumb\"},\"inLanguage\":\"fr-FR\",\"potentialAction\":[{\"@type\":\"ReadAction\",\"target\":[\"https:\/\/nuevo-renacer.com\/maria-da-conceicao-rocha-e-silva\/\"]}]},{\"@type\":\"ImageObject\",\"inLanguage\":\"fr-FR\",\"@id\":\"https:\/\/nuevo-renacer.com\/maria-da-conceicao-rocha-e-silva\/#primaryimage\",\"url\":\"https:\/\/nuevo-renacer.com\/wp-content\/uploads\/2026\/03\/2.jpg\",\"contentUrl\":\"https:\/\/nuevo-renacer.com\/wp-content\/uploads\/2026\/03\/2.jpg\"},{\"@type\":\"BreadcrumbList\",\"@id\":\"https:\/\/nuevo-renacer.com\/maria-da-conceicao-rocha-e-silva\/#breadcrumb\",\"itemListElement\":[{\"@type\":\"ListItem\",\"position\":1,\"name\":\"Startseite\",\"item\":\"https:\/\/nuevo-renacer.com\/\"},{\"@type\":\"ListItem\",\"position\":2,\"name\":\"Maria da Concei\u00e7\u00e3o Rocha e Silva\"}]},{\"@type\":\"WebSite\",\"@id\":\"https:\/\/nuevo-renacer.com\/#website\",\"url\":\"https:\/\/nuevo-renacer.com\/\",\"name\":\"Uni\u00f3n Esp\u00edrita\",\"description\":\"Nuevo Renacer\",\"publisher\":{\"@id\":\"https:\/\/nuevo-renacer.com\/#organization\"},\"potentialAction\":[{\"@type\":\"SearchAction\",\"target\":{\"@type\":\"EntryPoint\",\"urlTemplate\":\"https:\/\/nuevo-renacer.com\/?s={search_term_string}\"},\"query-input\":{\"@type\":\"PropertyValueSpecification\",\"valueRequired\":true,\"valueName\":\"search_term_string\"}}],\"inLanguage\":\"fr-FR\"},{\"@type\":\"Organization\",\"@id\":\"https:\/\/nuevo-renacer.com\/#organization\",\"name\":\"UFEC\",\"url\":\"https:\/\/nuevo-renacer.com\/\",\"logo\":{\"@type\":\"ImageObject\",\"inLanguage\":\"fr-FR\",\"@id\":\"https:\/\/nuevo-renacer.com\/#\/schema\/logo\/image\/\",\"url\":\"https:\/\/nuevo-renacer.com\/wp-content\/uploads\/2024\/05\/cropped-LOGO-TERMINADO1-3-3.png\",\"contentUrl\":\"https:\/\/nuevo-renacer.com\/wp-content\/uploads\/2024\/05\/cropped-LOGO-TERMINADO1-3-3.png\",\"width\":512,\"height\":512,\"caption\":\"UFEC\"},\"image\":{\"@id\":\"https:\/\/nuevo-renacer.com\/#\/schema\/logo\/image\/\"},\"sameAs\":[\"https:\/\/www.facebook.com\/groups\/3431398063740829\"]}]}<\/script>\n<!-- \/ Yoast SEO Premium plugin. -->","yoast_head_json":{"title":"Maria da Concei\u00e7\u00e3o Rocha e Silva - Uni\u00f3n Esp\u00edrita","robots":{"index":"index","follow":"follow","max-snippet":"max-snippet:-1","max-image-preview":"max-image-preview:large","max-video-preview":"max-video-preview:-1"},"canonical":"https:\/\/nuevo-renacer.com\/fr\/maria-da-conceicao-rocha-e-silva\/","og_locale":"fr_FR","og_type":"article","og_title":"Maria da Concei\u00e7\u00e3o Rocha e Silva","og_description":"Maria da Concei\u00e7\u00e3o Rocha e Silva Las nuevas generaciones necesitan conocer a Maria da Concei\u00e7\u00e3o Rocha e Silva, cari\u00f1osamente llamada \u201cNina\u201d. Adopt\u00f3 el seud\u00f3nimo Nina Arueira, siendo este \u00faltimo el apellido de su padre. Naci\u00f3 en Campos dos Goytacazes el 7 de enero de 1916 y falleci\u00f3 el 18 de marzo de 1935. Periodista, escritora, [&hellip;]","og_url":"https:\/\/nuevo-renacer.com\/fr\/maria-da-conceicao-rocha-e-silva\/","og_site_name":"Uni\u00f3n Esp\u00edrita","article_publisher":"https:\/\/www.facebook.com\/groups\/3431398063740829","article_modified_time":"2026-03-23T13:51:11+00:00","og_image":[{"width":249,"height":360,"url":"https:\/\/nuevo-renacer.com\/wp-content\/uploads\/2026\/03\/2.jpg","type":"image\/jpeg"}],"twitter_card":"summary_large_image","twitter_misc":{"Dur\u00e9e de lecture estim\u00e9e":"7 minutes"},"schema":{"@context":"https:\/\/schema.org","@graph":[{"@type":"WebPage","@id":"https:\/\/nuevo-renacer.com\/maria-da-conceicao-rocha-e-silva\/","url":"https:\/\/nuevo-renacer.com\/maria-da-conceicao-rocha-e-silva\/","name":"Maria da Concei\u00e7\u00e3o Rocha e Silva - Uni\u00f3n Esp\u00edrita","isPartOf":{"@id":"https:\/\/nuevo-renacer.com\/#website"},"primaryImageOfPage":{"@id":"https:\/\/nuevo-renacer.com\/maria-da-conceicao-rocha-e-silva\/#primaryimage"},"image":{"@id":"https:\/\/nuevo-renacer.com\/maria-da-conceicao-rocha-e-silva\/#primaryimage"},"thumbnailUrl":"https:\/\/nuevo-renacer.com\/wp-content\/uploads\/2026\/03\/2.jpg","datePublished":"2026-03-23T13:39:44+00:00","dateModified":"2026-03-23T13:51:11+00:00","breadcrumb":{"@id":"https:\/\/nuevo-renacer.com\/maria-da-conceicao-rocha-e-silva\/#breadcrumb"},"inLanguage":"fr-FR","potentialAction":[{"@type":"ReadAction","target":["https:\/\/nuevo-renacer.com\/maria-da-conceicao-rocha-e-silva\/"]}]},{"@type":"ImageObject","inLanguage":"fr-FR","@id":"https:\/\/nuevo-renacer.com\/maria-da-conceicao-rocha-e-silva\/#primaryimage","url":"https:\/\/nuevo-renacer.com\/wp-content\/uploads\/2026\/03\/2.jpg","contentUrl":"https:\/\/nuevo-renacer.com\/wp-content\/uploads\/2026\/03\/2.jpg"},{"@type":"BreadcrumbList","@id":"https:\/\/nuevo-renacer.com\/maria-da-conceicao-rocha-e-silva\/#breadcrumb","itemListElement":[{"@type":"ListItem","position":1,"name":"Startseite","item":"https:\/\/nuevo-renacer.com\/"},{"@type":"ListItem","position":2,"name":"Maria da Concei\u00e7\u00e3o Rocha e Silva"}]},{"@type":"WebSite","@id":"https:\/\/nuevo-renacer.com\/#website","url":"https:\/\/nuevo-renacer.com\/","name":"Uni\u00f3n Esp\u00edrita","description":"Nuevo Renacer","publisher":{"@id":"https:\/\/nuevo-renacer.com\/#organization"},"potentialAction":[{"@type":"SearchAction","target":{"@type":"EntryPoint","urlTemplate":"https:\/\/nuevo-renacer.com\/?s={search_term_string}"},"query-input":{"@type":"PropertyValueSpecification","valueRequired":true,"valueName":"search_term_string"}}],"inLanguage":"fr-FR"},{"@type":"Organization","@id":"https:\/\/nuevo-renacer.com\/#organization","name":"UFEC","url":"https:\/\/nuevo-renacer.com\/","logo":{"@type":"ImageObject","inLanguage":"fr-FR","@id":"https:\/\/nuevo-renacer.com\/#\/schema\/logo\/image\/","url":"https:\/\/nuevo-renacer.com\/wp-content\/uploads\/2024\/05\/cropped-LOGO-TERMINADO1-3-3.png","contentUrl":"https:\/\/nuevo-renacer.com\/wp-content\/uploads\/2024\/05\/cropped-LOGO-TERMINADO1-3-3.png","width":512,"height":512,"caption":"UFEC"},"image":{"@id":"https:\/\/nuevo-renacer.com\/#\/schema\/logo\/image\/"},"sameAs":["https:\/\/www.facebook.com\/groups\/3431398063740829"]}]}},"uagb_featured_image_src":{"full":false,"thumbnail":false,"medium":false,"medium_large":false,"large":false,"1536x1536":false,"2048x2048":false,"trp-custom-language-flag":false},"uagb_author_info":{"display_name":"adbv0","author_link":"https:\/\/nuevo-renacer.com\/fr\/author\/adbv0\/"},"uagb_comment_info":0,"uagb_excerpt":"Maria da Concei\u00e7\u00e3o Rocha e Silva Las nuevas generaciones necesitan conocer a Maria da Concei\u00e7\u00e3o Rocha e Silva, cari\u00f1osamente llamada \u201cNina\u201d. Adopt\u00f3 el seud\u00f3nimo Nina Arueira, siendo este \u00faltimo el apellido de su padre. Naci\u00f3 en Campos dos Goytacazes el 7 de enero de 1916 y falleci\u00f3 el 18 de marzo de 1935. Periodista, escritora,\u2026","jetpack_sharing_enabled":true,"_links":{"self":[{"href":"https:\/\/nuevo-renacer.com\/fr\/wp-json\/wp\/v2\/pages\/8814","targetHints":{"allow":["GET"]}}],"collection":[{"href":"https:\/\/nuevo-renacer.com\/fr\/wp-json\/wp\/v2\/pages"}],"about":[{"href":"https:\/\/nuevo-renacer.com\/fr\/wp-json\/wp\/v2\/types\/page"}],"author":[{"embeddable":true,"href":"https:\/\/nuevo-renacer.com\/fr\/wp-json\/wp\/v2\/users\/1"}],"replies":[{"embeddable":true,"href":"https:\/\/nuevo-renacer.com\/fr\/wp-json\/wp\/v2\/comments?post=8814"}],"version-history":[{"count":3,"href":"https:\/\/nuevo-renacer.com\/fr\/wp-json\/wp\/v2\/pages\/8814\/revisions"}],"predecessor-version":[{"id":8820,"href":"https:\/\/nuevo-renacer.com\/fr\/wp-json\/wp\/v2\/pages\/8814\/revisions\/8820"}],"wp:attachment":[{"href":"https:\/\/nuevo-renacer.com\/fr\/wp-json\/wp\/v2\/media?parent=8814"}],"curies":[{"name":"wp","href":"https:\/\/api.w.org\/{rel}","templated":true}]}}