{"id":8802,"date":"2026-03-12T09:53:21","date_gmt":"2026-03-12T09:53:21","guid":{"rendered":"https:\/\/nuevo-renacer.com\/?page_id=8802"},"modified":"2026-03-12T09:53:24","modified_gmt":"2026-03-12T09:53:24","slug":"gladys-osborne-leonard","status":"publish","type":"page","link":"https:\/\/nuevo-renacer.com\/fr\/gladys-osborne-leonard\/","title":{"rendered":"Gladys Osborne Leonard"},"content":{"rendered":"<div class=\"wp-block-uagb-container uagb-block-95574ddc alignfull uagb-is-root-container\"><div class=\"uagb-container-inner-blocks-wrap\">\n<p class=\"has-black-color has-text-color has-link-color has-medium-font-size wp-elements-74a62797721a4c0bd2f7ffaffbb1fdf3\"><strong>Gladys Osborne Leonard<\/strong><\/p>\n<\/div><\/div>\n\n\n\n<div class=\"wp-block-uagb-container uagb-block-2b8429ce alignfull uagb-is-root-container\"><div class=\"uagb-container-inner-blocks-wrap\">\n<figure class=\"wp-block-image size-full is-resized\"><img fetchpriority=\"high\" decoding=\"async\" width=\"500\" height=\"789\" src=\"https:\/\/nuevo-renacer.com\/wp-content\/uploads\/2026\/03\/Gladys-Osborne-Leonard.png\" alt=\"\" class=\"wp-image-8803\" style=\"aspect-ratio:0.6337204068773067;width:288px;height:auto\" srcset=\"https:\/\/nuevo-renacer.com\/wp-content\/uploads\/2026\/03\/Gladys-Osborne-Leonard.png 500w, https:\/\/nuevo-renacer.com\/wp-content\/uploads\/2026\/03\/Gladys-Osborne-Leonard-190x300.png 190w, https:\/\/nuevo-renacer.com\/wp-content\/uploads\/2026\/03\/Gladys-Osborne-Leonard-8x12.png 8w\" sizes=\"(max-width: 500px) 100vw, 500px\" \/><\/figure>\n<\/div><\/div>\n\n\n\n<div class=\"wp-block-uagb-container uagb-block-a83cd000 alignfull uagb-is-root-container\"><div class=\"uagb-container-inner-blocks-wrap\">\n<p class=\"has-black-color has-text-color has-link-color has-small-font-size wp-elements-f876e7f9f022af7aed09ec05309ca75d\">Gladys Osborne Leonard est n\u00e9e le 28 mai 1882 \u00e0 Lytham St. Annes, Lancashire, Angleterre, et est d\u00e9c\u00e9d\u00e9e le 19 mars 1968 \u00e0 Broadstairs, Thanet, Angleterre. Chanteuse populaire, elle apprit \u00e0 chanter d\u00e8s son enfance et devint c\u00e9l\u00e8bre de son vivant. Cependant, en raison d\u2019une maladie survenue d\u00e8s son enfance, sa carri\u00e8re fut interrompue en 1906, lorsqu\u2019une infirmi\u00e8re spirite lui fit d\u00e9couvrir les s\u00e9ances de tables tournantes.<\/p>\n\n\n\n<p class=\"has-black-color has-text-color has-link-color has-small-font-size wp-elements-2adaafa2e8294356fd4779b4567648d5\">En consid\u00e9rant la p\u00e9riode o\u00f9 elle v\u00e9cut, \u00e0 l\u2019\u00e9poque de la Belle \u00c9poque, le magn\u00e9tisme \u00e9tait tr\u00e8s r\u00e9pandu, avec les tables tournantes et autres s\u00e9ances spirites \u00e0 la mode. Encore davantage apr\u00e8s la Codification kard\u00e9cienne, lorsque, en plus de reconna\u00eetre le paranormal, la nature sensible des manifestations encourageait fortement les gens \u00e0 pratiquer ces activit\u00e9s, principalement pour tenter d\u2019entrer en contact avec leurs proches d\u00e9c\u00e9d\u00e9s.<\/p>\n\n\n\n<p class=\"has-black-color has-text-color has-link-color has-small-font-size wp-elements-d419cab22a5500e4410b4901036fade7\">Elle racontait que, d\u00e8s l\u2019enfance, elle avait des visions de lieux magnifiques, qu\u2019elle appelait la \u00ab Vall\u00e9e Heureuse \u00bb, que les esprits lui montraient. Motiv\u00e9e par cela, elle participa avec des amis \u00e0 environ 26 s\u00e9ances sans r\u00e9sultats positifs, jusqu\u2019au jour, vers 1913, lors d\u2019une s\u00e9ance qui semblait infructueuse, o\u00f9 elle commen\u00e7a \u00e0 recevoir des messages de l\u2019au-del\u00e0, entrant dans une transe soudaine et manifestant l\u2019esprit d\u2019une femme nomm\u00e9e Feda, qui aurait \u00e9t\u00e9 l\u2019\u00e9pouse de l\u2019arri\u00e8re-arri\u00e8re-grand-p\u00e8re de la chanteuse. Outre Feda, l\u2019esprit North Star se manifesta \u00e9galement, pour des traitements spirituels par passes, faisant d\u2019elle, en plus de clairvoyante, une passeuse th\u00e9rapeutique.<\/p>\n\n\n\n<p class=\"has-black-color has-text-color has-link-color has-small-font-size wp-elements-9557dec6f8da13bdf1a7156936cedfe1\">Elle fut consid\u00e9r\u00e9e comme patiente psychiatrique, pr\u00e9sentant des troubles dissociatifs. Mais Feda lui donna des informations qui furent v\u00e9rifi\u00e9es comme exactes, et que la chanteuse ne pouvait conna\u00eetre autrement. Ses principaux chercheurs furent Sir Oliver Joseph Lodge et le R\u00e9v\u00e9rend Charles Drayton Thomas. Gr\u00e2ce \u00e0 sa m\u00e9diumnit\u00e9, le jeune Raymond, fils de Lodge, mort en 1914 pendant la Premi\u00e8re Guerre mondiale, put communiquer.<\/p>\n\n\n\n<p class=\"has-black-color has-text-color has-link-color has-small-font-size wp-elements-e6b6fd039ef3ff96036077e02ef2589d\">Elle devint une pr\u00e9sence r\u00e9guli\u00e8re \u00e0 la SPR en 1918, lorsque Mme W. H. Salter l\u2019\u00e9tudia lors de s\u00e9ances suppl\u00e9mentaires, en plus des 500 r\u00e9alis\u00e9es par le R\u00e9v\u00e9rend et d\u2019environ 75 autres par Sir Oliver Lodge. Selon Sir Arthur Conan Doyle, elle fut l\u2019une des plus grandes m\u00e9diums en transe qu\u2019il ait jamais connues, comme le rapporte son c\u00e9l\u00e8bre livre traduit en fran\u00e7ais sous le titre Histoire du Spiritisme.<\/p>\n\n\n\n<p class=\"has-black-color has-text-color has-link-color has-small-font-size wp-elements-57367604b97d52f5b23af6cb9cf241af\">En se d\u00e9veloppant, elle pratiqua \u00e9galement des sorties hors du corps, avec des r\u00e9cits merveilleux de lieux de ce monde et d\u2019autres mondes spirituels, comme le relate son c\u00e9l\u00e8bre livre Ma Vie en Deux Mondes.<\/p>\n\n\n\n<p class=\"has-black-color has-text-color has-link-color has-small-font-size wp-elements-68c007a32cfe79c0445b69cf077ef993\">Sa renomm\u00e9e lui valut le surnom de \u00ab Madame Piper britannique \u00bb, en r\u00e9f\u00e9rence \u00e0 la c\u00e9l\u00e8bre m\u00e9dium Leonora Piper (1857\u20131950).<\/p>\n\n\n\n<p class=\"has-black-color has-text-color has-link-color has-small-font-size wp-elements-7c88bb1e6d2b5f495376e2eaca5bbab6\">Mme Leonard fut test\u00e9e par les enqu\u00eateurs psychiques les plus r\u00e9put\u00e9s de l\u2019\u00e9poque, tels que le R\u00e9v. C. Drayton Thomas, le R\u00e9v. Vale Owen, James Hewat McKenzie, Mme W. H. Salter et Whately Carington, pour n\u2019en citer que quelques-uns.<\/p>\n\n\n\n<p class=\"has-black-color has-text-color has-link-color has-small-font-size wp-elements-4d376f5cedc8f9c580e63e9cd7bace1a\">Apr\u00e8s pr\u00e8s de cinquante ans de m\u00e9diumnit\u00e9, elle mourut en 1968, \u00e0 l\u2019\u00e2ge de 85 ans, et, \u00e0 l\u2019instar de Leslie Flint, Eusapia Palladino et de nombreux autres m\u00e9diums c\u00e9l\u00e8bres, Gladys Osborne Leonard ne fut jamais prise en flagrant d\u00e9lit de fraude.<\/p>\n<\/div><\/div>\n\n\n\n<div class=\"wp-block-uagb-container uagb-block-c4613104 alignfull uagb-is-root-container\"><div class=\"uagb-container-inner-blocks-wrap\"><\/div><\/div>\n\n\n\n<div class=\"wp-block-uagb-container uagb-block-34e7dc10 alignfull uagb-is-root-container\"><div class=\"uagb-container-inner-blocks-wrap\"><\/div><\/div>","protected":false},"excerpt":{"rendered":"<p>Gladys Osborne Leonard Gladys Osborne Leonard naci\u00f3 el 28 de mayo de 1882 en Lytham St. Annes, Lancashire, Inglaterra, y falleci\u00f3 el 19 de marzo de 1968 en Broadstairs, Thanet, Inglaterra. Fue una cantante popular, aprendi\u00f3 a cantar desde ni\u00f1a y se hizo famosa en su \u00e9poca. Sin embargo, debido a una enfermedad que apareci\u00f3 [&hellip;]<\/p>","protected":false},"author":1,"featured_media":0,"parent":0,"menu_order":0,"comment_status":"closed","ping_status":"closed","template":"","meta":{"_uag_custom_page_level_css":"","site-sidebar-layout":"default","site-content-layout":"","ast-site-content-layout":"default","site-content-style":"default","site-sidebar-style":"default","ast-global-header-display":"","ast-banner-title-visibility":"","ast-main-header-display":"","ast-hfb-above-header-display":"","ast-hfb-below-header-display":"","ast-hfb-mobile-header-display":"","site-post-title":"disabled","ast-breadcrumbs-content":"","ast-featured-img":"","footer-sml-layout":"","theme-transparent-header-meta":"","adv-header-id-meta":"","stick-header-meta":"","header-above-stick-meta":"","header-main-stick-meta":"","header-below-stick-meta":"","astra-migrate-meta-layouts":"set","ast-page-background-enabled":"default","ast-page-background-meta":{"desktop":{"background-color":"var(--ast-global-color-4)","background-image":"","background-repeat":"repeat","background-position":"center center","background-size":"auto","background-attachment":"scroll","background-type":"","background-media":"","overlay-type":"","overlay-color":"","overlay-opacity":"","overlay-gradient":""},"tablet":{"background-color":"","background-image":"","background-repeat":"repeat","background-position":"center center","background-size":"auto","background-attachment":"scroll","background-type":"","background-media":"","overlay-type":"","overlay-color":"","overlay-opacity":"","overlay-gradient":""},"mobile":{"background-color":"","background-image":"","background-repeat":"repeat","background-position":"center center","background-size":"auto","background-attachment":"scroll","background-type":"","background-media":"","overlay-type":"","overlay-color":"","overlay-opacity":"","overlay-gradient":""}},"ast-content-background-meta":{"desktop":{"background-color":"var(--ast-global-color-5)","background-image":"","background-repeat":"repeat","background-position":"center center","background-size":"auto","background-attachment":"scroll","background-type":"","background-media":"","overlay-type":"","overlay-color":"","overlay-opacity":"","overlay-gradient":""},"tablet":{"background-color":"var(--ast-global-color-5)","background-image":"","background-repeat":"repeat","background-position":"center center","background-size":"auto","background-attachment":"scroll","background-type":"","background-media":"","overlay-type":"","overlay-color":"","overlay-opacity":"","overlay-gradient":""},"mobile":{"background-color":"var(--ast-global-color-5)","background-image":"","background-repeat":"repeat","background-position":"center center","background-size":"auto","background-attachment":"scroll","background-type":"","background-media":"","overlay-type":"","overlay-color":"","overlay-opacity":"","overlay-gradient":""}},"footnotes":""},"class_list":["post-8802","page","type-page","status-publish","hentry"],"yoast_head":"<!-- This site is optimized with the Yoast SEO Premium plugin v24.2 (Yoast SEO v24.6) - https:\/\/yoast.com\/wordpress\/plugins\/seo\/ -->\n<title>Gladys Osborne Leonard - Uni\u00f3n Esp\u00edrita<\/title>\n<meta name=\"robots\" content=\"index, follow, max-snippet:-1, max-image-preview:large, max-video-preview:-1\" \/>\n<link rel=\"canonical\" href=\"https:\/\/nuevo-renacer.com\/fr\/gladys-osborne-leonard\/\" \/>\n<meta property=\"og:locale\" content=\"fr_FR\" \/>\n<meta property=\"og:type\" content=\"article\" \/>\n<meta property=\"og:title\" content=\"Gladys Osborne Leonard\" \/>\n<meta property=\"og:description\" content=\"Gladys Osborne Leonard Gladys Osborne Leonard naci\u00f3 el 28 de mayo de 1882 en Lytham St. Annes, Lancashire, Inglaterra, y falleci\u00f3 el 19 de marzo de 1968 en Broadstairs, Thanet, Inglaterra. Fue una cantante popular, aprendi\u00f3 a cantar desde ni\u00f1a y se hizo famosa en su \u00e9poca. Sin embargo, debido a una enfermedad que apareci\u00f3 [&hellip;]\" \/>\n<meta property=\"og:url\" content=\"https:\/\/nuevo-renacer.com\/fr\/gladys-osborne-leonard\/\" \/>\n<meta property=\"og:site_name\" content=\"Uni\u00f3n Esp\u00edrita\" \/>\n<meta property=\"article:publisher\" content=\"https:\/\/www.facebook.com\/groups\/3431398063740829\" \/>\n<meta property=\"article:modified_time\" content=\"2026-03-12T09:53:24+00:00\" \/>\n<meta property=\"og:image\" content=\"https:\/\/nuevo-renacer.com\/wp-content\/uploads\/2026\/03\/Gladys-Osborne-Leonard.png\" \/>\n\t<meta property=\"og:image:width\" content=\"500\" \/>\n\t<meta property=\"og:image:height\" content=\"789\" \/>\n\t<meta property=\"og:image:type\" content=\"image\/png\" \/>\n<meta name=\"twitter:card\" content=\"summary_large_image\" \/>\n<meta name=\"twitter:label1\" content=\"Dur\u00e9e de lecture estim\u00e9e\" \/>\n\t<meta name=\"twitter:data1\" content=\"3 minutes\" \/>\n<script type=\"application\/ld+json\" class=\"yoast-schema-graph\">{\"@context\":\"https:\/\/schema.org\",\"@graph\":[{\"@type\":\"WebPage\",\"@id\":\"https:\/\/nuevo-renacer.com\/gladys-osborne-leonard\/\",\"url\":\"https:\/\/nuevo-renacer.com\/gladys-osborne-leonard\/\",\"name\":\"Gladys Osborne Leonard - Uni\u00f3n Esp\u00edrita\",\"isPartOf\":{\"@id\":\"https:\/\/nuevo-renacer.com\/#website\"},\"primaryImageOfPage\":{\"@id\":\"https:\/\/nuevo-renacer.com\/gladys-osborne-leonard\/#primaryimage\"},\"image\":{\"@id\":\"https:\/\/nuevo-renacer.com\/gladys-osborne-leonard\/#primaryimage\"},\"thumbnailUrl\":\"https:\/\/nuevo-renacer.com\/wp-content\/uploads\/2026\/03\/Gladys-Osborne-Leonard.png\",\"datePublished\":\"2026-03-12T09:53:21+00:00\",\"dateModified\":\"2026-03-12T09:53:24+00:00\",\"breadcrumb\":{\"@id\":\"https:\/\/nuevo-renacer.com\/gladys-osborne-leonard\/#breadcrumb\"},\"inLanguage\":\"fr-FR\",\"potentialAction\":[{\"@type\":\"ReadAction\",\"target\":[\"https:\/\/nuevo-renacer.com\/gladys-osborne-leonard\/\"]}]},{\"@type\":\"ImageObject\",\"inLanguage\":\"fr-FR\",\"@id\":\"https:\/\/nuevo-renacer.com\/gladys-osborne-leonard\/#primaryimage\",\"url\":\"https:\/\/nuevo-renacer.com\/wp-content\/uploads\/2026\/03\/Gladys-Osborne-Leonard.png\",\"contentUrl\":\"https:\/\/nuevo-renacer.com\/wp-content\/uploads\/2026\/03\/Gladys-Osborne-Leonard.png\"},{\"@type\":\"BreadcrumbList\",\"@id\":\"https:\/\/nuevo-renacer.com\/gladys-osborne-leonard\/#breadcrumb\",\"itemListElement\":[{\"@type\":\"ListItem\",\"position\":1,\"name\":\"Startseite\",\"item\":\"https:\/\/nuevo-renacer.com\/\"},{\"@type\":\"ListItem\",\"position\":2,\"name\":\"Gladys Osborne Leonard\"}]},{\"@type\":\"WebSite\",\"@id\":\"https:\/\/nuevo-renacer.com\/#website\",\"url\":\"https:\/\/nuevo-renacer.com\/\",\"name\":\"Uni\u00f3n Esp\u00edrita\",\"description\":\"Nuevo Renacer\",\"publisher\":{\"@id\":\"https:\/\/nuevo-renacer.com\/#organization\"},\"potentialAction\":[{\"@type\":\"SearchAction\",\"target\":{\"@type\":\"EntryPoint\",\"urlTemplate\":\"https:\/\/nuevo-renacer.com\/?s={search_term_string}\"},\"query-input\":{\"@type\":\"PropertyValueSpecification\",\"valueRequired\":true,\"valueName\":\"search_term_string\"}}],\"inLanguage\":\"fr-FR\"},{\"@type\":\"Organization\",\"@id\":\"https:\/\/nuevo-renacer.com\/#organization\",\"name\":\"UFEC\",\"url\":\"https:\/\/nuevo-renacer.com\/\",\"logo\":{\"@type\":\"ImageObject\",\"inLanguage\":\"fr-FR\",\"@id\":\"https:\/\/nuevo-renacer.com\/#\/schema\/logo\/image\/\",\"url\":\"https:\/\/nuevo-renacer.com\/wp-content\/uploads\/2024\/05\/cropped-LOGO-TERMINADO1-3-3.png\",\"contentUrl\":\"https:\/\/nuevo-renacer.com\/wp-content\/uploads\/2024\/05\/cropped-LOGO-TERMINADO1-3-3.png\",\"width\":512,\"height\":512,\"caption\":\"UFEC\"},\"image\":{\"@id\":\"https:\/\/nuevo-renacer.com\/#\/schema\/logo\/image\/\"},\"sameAs\":[\"https:\/\/www.facebook.com\/groups\/3431398063740829\"]}]}<\/script>\n<!-- \/ Yoast SEO Premium plugin. -->","yoast_head_json":{"title":"Gladys Osborne Leonard - Uni\u00f3n Esp\u00edrita","robots":{"index":"index","follow":"follow","max-snippet":"max-snippet:-1","max-image-preview":"max-image-preview:large","max-video-preview":"max-video-preview:-1"},"canonical":"https:\/\/nuevo-renacer.com\/fr\/gladys-osborne-leonard\/","og_locale":"fr_FR","og_type":"article","og_title":"Gladys Osborne Leonard","og_description":"Gladys Osborne Leonard Gladys Osborne Leonard naci\u00f3 el 28 de mayo de 1882 en Lytham St. Annes, Lancashire, Inglaterra, y falleci\u00f3 el 19 de marzo de 1968 en Broadstairs, Thanet, Inglaterra. Fue una cantante popular, aprendi\u00f3 a cantar desde ni\u00f1a y se hizo famosa en su \u00e9poca. Sin embargo, debido a una enfermedad que apareci\u00f3 [&hellip;]","og_url":"https:\/\/nuevo-renacer.com\/fr\/gladys-osborne-leonard\/","og_site_name":"Uni\u00f3n Esp\u00edrita","article_publisher":"https:\/\/www.facebook.com\/groups\/3431398063740829","article_modified_time":"2026-03-12T09:53:24+00:00","og_image":[{"width":500,"height":789,"url":"https:\/\/nuevo-renacer.com\/wp-content\/uploads\/2026\/03\/Gladys-Osborne-Leonard.png","type":"image\/png"}],"twitter_card":"summary_large_image","twitter_misc":{"Dur\u00e9e de lecture estim\u00e9e":"3 minutes"},"schema":{"@context":"https:\/\/schema.org","@graph":[{"@type":"WebPage","@id":"https:\/\/nuevo-renacer.com\/gladys-osborne-leonard\/","url":"https:\/\/nuevo-renacer.com\/gladys-osborne-leonard\/","name":"Gladys Osborne Leonard - Uni\u00f3n Esp\u00edrita","isPartOf":{"@id":"https:\/\/nuevo-renacer.com\/#website"},"primaryImageOfPage":{"@id":"https:\/\/nuevo-renacer.com\/gladys-osborne-leonard\/#primaryimage"},"image":{"@id":"https:\/\/nuevo-renacer.com\/gladys-osborne-leonard\/#primaryimage"},"thumbnailUrl":"https:\/\/nuevo-renacer.com\/wp-content\/uploads\/2026\/03\/Gladys-Osborne-Leonard.png","datePublished":"2026-03-12T09:53:21+00:00","dateModified":"2026-03-12T09:53:24+00:00","breadcrumb":{"@id":"https:\/\/nuevo-renacer.com\/gladys-osborne-leonard\/#breadcrumb"},"inLanguage":"fr-FR","potentialAction":[{"@type":"ReadAction","target":["https:\/\/nuevo-renacer.com\/gladys-osborne-leonard\/"]}]},{"@type":"ImageObject","inLanguage":"fr-FR","@id":"https:\/\/nuevo-renacer.com\/gladys-osborne-leonard\/#primaryimage","url":"https:\/\/nuevo-renacer.com\/wp-content\/uploads\/2026\/03\/Gladys-Osborne-Leonard.png","contentUrl":"https:\/\/nuevo-renacer.com\/wp-content\/uploads\/2026\/03\/Gladys-Osborne-Leonard.png"},{"@type":"BreadcrumbList","@id":"https:\/\/nuevo-renacer.com\/gladys-osborne-leonard\/#breadcrumb","itemListElement":[{"@type":"ListItem","position":1,"name":"Startseite","item":"https:\/\/nuevo-renacer.com\/"},{"@type":"ListItem","position":2,"name":"Gladys Osborne Leonard"}]},{"@type":"WebSite","@id":"https:\/\/nuevo-renacer.com\/#website","url":"https:\/\/nuevo-renacer.com\/","name":"Uni\u00f3n Esp\u00edrita","description":"Nuevo Renacer","publisher":{"@id":"https:\/\/nuevo-renacer.com\/#organization"},"potentialAction":[{"@type":"SearchAction","target":{"@type":"EntryPoint","urlTemplate":"https:\/\/nuevo-renacer.com\/?s={search_term_string}"},"query-input":{"@type":"PropertyValueSpecification","valueRequired":true,"valueName":"search_term_string"}}],"inLanguage":"fr-FR"},{"@type":"Organization","@id":"https:\/\/nuevo-renacer.com\/#organization","name":"UFEC","url":"https:\/\/nuevo-renacer.com\/","logo":{"@type":"ImageObject","inLanguage":"fr-FR","@id":"https:\/\/nuevo-renacer.com\/#\/schema\/logo\/image\/","url":"https:\/\/nuevo-renacer.com\/wp-content\/uploads\/2024\/05\/cropped-LOGO-TERMINADO1-3-3.png","contentUrl":"https:\/\/nuevo-renacer.com\/wp-content\/uploads\/2024\/05\/cropped-LOGO-TERMINADO1-3-3.png","width":512,"height":512,"caption":"UFEC"},"image":{"@id":"https:\/\/nuevo-renacer.com\/#\/schema\/logo\/image\/"},"sameAs":["https:\/\/www.facebook.com\/groups\/3431398063740829"]}]}},"uagb_featured_image_src":{"full":false,"thumbnail":false,"medium":false,"medium_large":false,"large":false,"1536x1536":false,"2048x2048":false,"trp-custom-language-flag":false},"uagb_author_info":{"display_name":"adbv0","author_link":"https:\/\/nuevo-renacer.com\/fr\/author\/adbv0\/"},"uagb_comment_info":0,"uagb_excerpt":"Gladys Osborne Leonard Gladys Osborne Leonard naci\u00f3 el 28 de mayo de 1882 en Lytham St. Annes, Lancashire, Inglaterra, y falleci\u00f3 el 19 de marzo de 1968 en Broadstairs, Thanet, Inglaterra. Fue una cantante popular, aprendi\u00f3 a cantar desde ni\u00f1a y se hizo famosa en su \u00e9poca. Sin embargo, debido a una enfermedad que apareci\u00f3\u2026","jetpack_sharing_enabled":true,"_links":{"self":[{"href":"https:\/\/nuevo-renacer.com\/fr\/wp-json\/wp\/v2\/pages\/8802","targetHints":{"allow":["GET"]}}],"collection":[{"href":"https:\/\/nuevo-renacer.com\/fr\/wp-json\/wp\/v2\/pages"}],"about":[{"href":"https:\/\/nuevo-renacer.com\/fr\/wp-json\/wp\/v2\/types\/page"}],"author":[{"embeddable":true,"href":"https:\/\/nuevo-renacer.com\/fr\/wp-json\/wp\/v2\/users\/1"}],"replies":[{"embeddable":true,"href":"https:\/\/nuevo-renacer.com\/fr\/wp-json\/wp\/v2\/comments?post=8802"}],"version-history":[{"count":1,"href":"https:\/\/nuevo-renacer.com\/fr\/wp-json\/wp\/v2\/pages\/8802\/revisions"}],"predecessor-version":[{"id":8804,"href":"https:\/\/nuevo-renacer.com\/fr\/wp-json\/wp\/v2\/pages\/8802\/revisions\/8804"}],"wp:attachment":[{"href":"https:\/\/nuevo-renacer.com\/fr\/wp-json\/wp\/v2\/media?parent=8802"}],"curies":[{"name":"wp","href":"https:\/\/api.w.org\/{rel}","templated":true}]}}