{"id":8790,"date":"2026-02-19T13:58:03","date_gmt":"2026-02-19T13:58:03","guid":{"rendered":"https:\/\/nuevo-renacer.com\/?page_id=8790"},"modified":"2026-02-19T14:02:33","modified_gmt":"2026-02-19T14:02:33","slug":"raymond-auguste-quinsac-monvoisin","status":"publish","type":"page","link":"https:\/\/nuevo-renacer.com\/fr\/raymond-auguste-quinsac-monvoisin\/","title":{"rendered":"Raymond Auguste Quinsac Monvoisin"},"content":{"rendered":"<div class=\"wp-block-uagb-container uagb-block-8ccacd85 alignfull uagb-is-root-container\"><div class=\"uagb-container-inner-blocks-wrap\">\n<p class=\"has-black-color has-text-color has-link-color has-medium-font-size wp-elements-cd0bd16a4652a70e5a78a090f21efbb3\"><strong>Raymond Auguste Quinsac Monvoisin<\/strong><\/p>\n<\/div><\/div>\n\n\n\n<div class=\"wp-block-uagb-container uagb-block-03785b68 alignfull uagb-is-root-container\"><div class=\"uagb-container-inner-blocks-wrap\">\n<figure class=\"wp-block-image size-full is-resized\"><img fetchpriority=\"high\" decoding=\"async\" width=\"469\" height=\"535\" src=\"https:\/\/nuevo-renacer.com\/wp-content\/uploads\/2026\/02\/Raymond-Quinsac-Monvoisin.jpg\" alt=\"\" class=\"wp-image-8791\" style=\"aspect-ratio:0.8766416888244299;width:352px;height:auto\" srcset=\"https:\/\/nuevo-renacer.com\/wp-content\/uploads\/2026\/02\/Raymond-Quinsac-Monvoisin.jpg 469w, https:\/\/nuevo-renacer.com\/wp-content\/uploads\/2026\/02\/Raymond-Quinsac-Monvoisin-263x300.jpg 263w, https:\/\/nuevo-renacer.com\/wp-content\/uploads\/2026\/02\/Raymond-Quinsac-Monvoisin-11x12.jpg 11w\" sizes=\"(max-width: 469px) 100vw, 469px\" \/><\/figure>\n<\/div><\/div>\n\n\n\n<div class=\"wp-block-uagb-container uagb-block-118be211 alignfull uagb-is-root-container\"><div class=\"uagb-container-inner-blocks-wrap\">\n<p class=\"has-black-color has-text-color has-link-color has-small-font-size wp-elements-8f8db06decfb284728eef3f58878e5f6\">Raymond Auguste Quinsac Monvoisin est n\u00e9 le 31 mai 1790 \u00e0 Bordeaux, en France. Peintre de genre, de paysages, d\u2019histoire et de portraits, il fut l\u2019un des \u00e9l\u00e8ves les plus remarquables du Baron Gu\u00e9rin \u00e0 l\u2019\u00c9cole des Beaux-Arts de Paris. Plusieurs fois prim\u00e9, \u00e0 l\u2019\u00e2ge de 27 ans, il devint pensionnaire du roi de France \u00e0 Rome. \u00c0 son retour en France, il se distingua aux Salons et fut deux fois r\u00e9compens\u00e9 par le premier prix. De cette p\u00e9riode, qui s\u2019\u00e9tendit jusqu\u2019en 1842, datent ses s\u00e9ries de portraits des rois de France et des mar\u00e9chaux de la Renaissance, command\u00e9es par le gouvernement pour les galeries historiques du Palais de Versailles.<\/p>\n\n\n\n<p class=\"has-black-color has-text-color has-link-color has-small-font-size wp-elements-e48844140a012d14e03dc506480bdf11\">En 1836, Monvoisin \u2013 qui avait un temp\u00e9rament fort \u2013 se brouilla avec le directeur des mus\u00e9es royaux fran\u00e7ais, M. de Cailleux. \u00c9branl\u00e9 par cet \u00e9pisode et par d\u2019autres probl\u00e8mes personnels, il quitta la France en mai 1842. Il se rendit en Am\u00e9rique du Sud. Monvoisin et Rugendas furent les deux artistes les plus importants \u00e0 visiter le continent am\u00e9ricain \u00e0 cette \u00e9poque. Apr\u00e8s un passage rapide par Buenos Aires, il arriva au Chili en janvier 1843, apportant un peu plus de dix panneaux qui furent expos\u00e9s en mars de la m\u00eame ann\u00e9e \u00e0 l\u2019Universit\u00e9 de San Felipe. Cette exposition, devenue un jalon dans l\u2019histoire de l\u2019art au Chili, attira l\u2019attention de nombreuses personnalit\u00e9s et suscita l\u2019admiration pour la ma\u00eetrise et la beaut\u00e9 des \u0153uvres. Monvoisin re\u00e7ut au moins une centaine de commandes de portraits : il peignit pratiquement toute l\u2019aristocratie chilienne de l\u2019\u00e9poque. Le gouvernement lui promit la direction de la future Acad\u00e9mie de dessin et de peinture du Chili, mais choisit finalement l\u2019Italien Alexandre Cicarelli.<\/p>\n\n\n\n<p class=\"has-black-color has-text-color has-link-color has-small-font-size wp-elements-68118bc9107dcf271a6639faf71e7b85\">Apr\u00e8s quelque temps, Monvoisin visita le P\u00e9rou et le Br\u00e9sil. Il arriva \u00e0 Rio de Janeiro le 19 octobre 1847. Dans une lettre \u00e0 son fr\u00e8re, il se plaignit de la chaleur et informa qu\u2019il peindrait un portrait de D. Pedro II, qui l\u2019accueillit chaleureusement. La peinture \u2013 qui montre D. Pedro debout, en tenue imp\u00e9riale \u2013 est consid\u00e9r\u00e9e comme le portrait le plus fid\u00e8le de l\u2019empereur br\u00e9silien. En reconnaissance, D. Pedro remit \u00e0 l\u2019artiste l\u2019insigne de Chevalier de l\u2019Ordre du Cruzeiro et un pendule en bronze. Le tableau \u2013 qui peut \u00eatre vu au Mus\u00e9e imp\u00e9rial de Petr\u00f3polis \u2013 appartient au prince D. Jo\u00e3o d\u2019Orl\u00e9ans et Bragance, arri\u00e8re-petit-fils de D. Pedro II. L\u2019empereur poss\u00e9dait dans sa pinacoth\u00e8que au Palais de S\u00e3o Crist\u00f3v\u00e3o un autre tableau de Monvoisin : Jeune P\u00e9ruvien (ou Jeune Araucan). Monvoisin retourna en France en 1858, \u00e0 l\u2019apog\u00e9e du spiritisme. Il devint spirite et adepte de l\u2019hom\u00e9opathie. La premi\u00e8re mention de lui figure dans la Revue Spirite de mai 1866. La section \u00ab Conversations d\u2019outre-tombe \u00bb contient la transcription d\u2019une \u00e9vocation de l\u2019esprit de l\u2019Abb\u00e9 Laverdet, l\u2019un des pasteurs de l\u2019\u00c9glise fran\u00e7aise, survenue le 5 janvier 1866. L\u00e0, Kardec indique que \u00ab l\u2019un des amis les plus intimes de l\u2019abb\u00e9, M. Monvoisin, \u00e9minent peintre d\u2019histoire et fervent spirite, ayant souhait\u00e9 obtenir quelques paroles de l\u2019outre-tombe, nous a demand\u00e9 de l\u2019\u00e9voquer \u00bb.<\/p>\n\n\n\n<p class=\"has-black-color has-text-color has-link-color has-small-font-size wp-elements-1aa081c9fe0182287bd15d3f16ba67f1\">Membre de la Soci\u00e9t\u00e9 Parisienne d\u2019\u00c9tudes Spirites, Monvoisin est l\u2019auteur d\u2019un portrait du Codificateur du Spiritisme. Une donation de huit tableaux de ce peintre renomm\u00e9 stimula en Kardec le d\u00e9sir de cr\u00e9er un Mus\u00e9e Spirite : Portrait all\u00e9gorique de M. Allan Kardec ; Portrait de l\u2019auteur (Monvoisin) ; trois sc\u00e8nes spirites de la vie de Jeanne d\u2019Arc (Jeanne \u00e0 la fontaine, Jeanne bless\u00e9e et Jeanne sur le b\u00fbcher) ; l\u2019Auto-da-f\u00e9 de Jean Huss ; un tableau symbolique des Trois R\u00e9v\u00e9lations ; et l\u2019Apparition de J\u00e9sus parmi les ap\u00f4tres apr\u00e8s la mort corporelle. Le peintre d\u00e9c\u00e9da \u00e0 Boulogne-sur-Seine (Paris) le 26 mars 1870. Dans l\u2019\u00e9dition de mai de la m\u00eame ann\u00e9e, la Revue Spirite annon\u00e7a sa d\u00e9sincarnation avec un large reportage, relatant sa vie et son d\u00e9vouement au Spiritisme. Dans le texte sont cit\u00e9es des phrases de lui, dont : \u00ab Je serai le pr\u00e9curseur et le p\u00e8re de la peinture spirite. \u00bb Au moment de sa mort, il travaillait sur une s\u00e9rie de portraits des pr\u00e9curseurs du Spiritisme.<\/p>\n<\/div><\/div>\n\n\n\n<div class=\"wp-block-uagb-container uagb-block-97a80b6a alignfull uagb-is-root-container\"><div class=\"uagb-container-inner-blocks-wrap\"><\/div><\/div>\n\n\n\n<div class=\"wp-block-uagb-container uagb-block-dcd492b0 alignfull uagb-is-root-container\"><div class=\"uagb-container-inner-blocks-wrap\"><\/div><\/div>","protected":false},"excerpt":{"rendered":"<p>Raymond Auguste Quinsac Monvoisin Raymond Auguste Quinsac Monvoisin naci\u00f3 el 31 de mayo de 1790 en Burdeos, Francia. Pintor de escenas de g\u00e9nero, paisajes, historia y retratos, fue uno de los disc\u00edpulos m\u00e1s destacados del Bar\u00f3n Gu\u00e9rin en la Escuela de Bellas Artes de Par\u00eds. Premiado en varias ocasiones, a los 27 a\u00f1os se convirti\u00f3 [&hellip;]<\/p>","protected":false},"author":1,"featured_media":0,"parent":0,"menu_order":0,"comment_status":"closed","ping_status":"closed","template":"","meta":{"_uag_custom_page_level_css":"","site-sidebar-layout":"default","site-content-layout":"","ast-site-content-layout":"default","site-content-style":"default","site-sidebar-style":"default","ast-global-header-display":"","ast-banner-title-visibility":"","ast-main-header-display":"","ast-hfb-above-header-display":"","ast-hfb-below-header-display":"","ast-hfb-mobile-header-display":"","site-post-title":"disabled","ast-breadcrumbs-content":"","ast-featured-img":"","footer-sml-layout":"","theme-transparent-header-meta":"","adv-header-id-meta":"","stick-header-meta":"","header-above-stick-meta":"","header-main-stick-meta":"","header-below-stick-meta":"","astra-migrate-meta-layouts":"set","ast-page-background-enabled":"default","ast-page-background-meta":{"desktop":{"background-color":"var(--ast-global-color-4)","background-image":"","background-repeat":"repeat","background-position":"center center","background-size":"auto","background-attachment":"scroll","background-type":"","background-media":"","overlay-type":"","overlay-color":"","overlay-opacity":"","overlay-gradient":""},"tablet":{"background-color":"","background-image":"","background-repeat":"repeat","background-position":"center center","background-size":"auto","background-attachment":"scroll","background-type":"","background-media":"","overlay-type":"","overlay-color":"","overlay-opacity":"","overlay-gradient":""},"mobile":{"background-color":"","background-image":"","background-repeat":"repeat","background-position":"center center","background-size":"auto","background-attachment":"scroll","background-type":"","background-media":"","overlay-type":"","overlay-color":"","overlay-opacity":"","overlay-gradient":""}},"ast-content-background-meta":{"desktop":{"background-color":"var(--ast-global-color-5)","background-image":"","background-repeat":"repeat","background-position":"center center","background-size":"auto","background-attachment":"scroll","background-type":"","background-media":"","overlay-type":"","overlay-color":"","overlay-opacity":"","overlay-gradient":""},"tablet":{"background-color":"var(--ast-global-color-5)","background-image":"","background-repeat":"repeat","background-position":"center center","background-size":"auto","background-attachment":"scroll","background-type":"","background-media":"","overlay-type":"","overlay-color":"","overlay-opacity":"","overlay-gradient":""},"mobile":{"background-color":"var(--ast-global-color-5)","background-image":"","background-repeat":"repeat","background-position":"center center","background-size":"auto","background-attachment":"scroll","background-type":"","background-media":"","overlay-type":"","overlay-color":"","overlay-opacity":"","overlay-gradient":""}},"footnotes":""},"class_list":["post-8790","page","type-page","status-publish","hentry"],"yoast_head":"<!-- This site is optimized with the Yoast SEO Premium plugin v24.2 (Yoast SEO v24.6) - https:\/\/yoast.com\/wordpress\/plugins\/seo\/ -->\n<title>Raymond Auguste Quinsac Monvoisin - Uni\u00f3n Esp\u00edrita<\/title>\n<meta name=\"robots\" content=\"index, follow, max-snippet:-1, max-image-preview:large, max-video-preview:-1\" \/>\n<link rel=\"canonical\" href=\"https:\/\/nuevo-renacer.com\/fr\/raymond-auguste-quinsac-monvoisin\/\" \/>\n<meta property=\"og:locale\" content=\"fr_FR\" \/>\n<meta property=\"og:type\" content=\"article\" \/>\n<meta property=\"og:title\" content=\"Raymond Auguste Quinsac Monvoisin\" \/>\n<meta property=\"og:description\" content=\"Raymond Auguste Quinsac Monvoisin Raymond Auguste Quinsac Monvoisin naci\u00f3 el 31 de mayo de 1790 en Burdeos, Francia. Pintor de escenas de g\u00e9nero, paisajes, historia y retratos, fue uno de los disc\u00edpulos m\u00e1s destacados del Bar\u00f3n Gu\u00e9rin en la Escuela de Bellas Artes de Par\u00eds. Premiado en varias ocasiones, a los 27 a\u00f1os se convirti\u00f3 [&hellip;]\" \/>\n<meta property=\"og:url\" content=\"https:\/\/nuevo-renacer.com\/fr\/raymond-auguste-quinsac-monvoisin\/\" \/>\n<meta property=\"og:site_name\" content=\"Uni\u00f3n Esp\u00edrita\" \/>\n<meta property=\"article:publisher\" content=\"https:\/\/www.facebook.com\/groups\/3431398063740829\" \/>\n<meta property=\"article:modified_time\" content=\"2026-02-19T14:02:33+00:00\" \/>\n<meta property=\"og:image\" content=\"https:\/\/nuevo-renacer.com\/wp-content\/uploads\/2026\/02\/Raymond-Quinsac-Monvoisin.jpg\" \/>\n\t<meta property=\"og:image:width\" content=\"469\" \/>\n\t<meta property=\"og:image:height\" content=\"535\" \/>\n\t<meta property=\"og:image:type\" content=\"image\/jpeg\" \/>\n<meta name=\"twitter:card\" content=\"summary_large_image\" \/>\n<meta name=\"twitter:label1\" content=\"Dur\u00e9e de lecture estim\u00e9e\" \/>\n\t<meta name=\"twitter:data1\" content=\"5 minutes\" \/>\n<script type=\"application\/ld+json\" class=\"yoast-schema-graph\">{\"@context\":\"https:\/\/schema.org\",\"@graph\":[{\"@type\":\"WebPage\",\"@id\":\"https:\/\/nuevo-renacer.com\/raymond-auguste-quinsac-monvoisin\/\",\"url\":\"https:\/\/nuevo-renacer.com\/raymond-auguste-quinsac-monvoisin\/\",\"name\":\"Raymond Auguste Quinsac Monvoisin - Uni\u00f3n Esp\u00edrita\",\"isPartOf\":{\"@id\":\"https:\/\/nuevo-renacer.com\/#website\"},\"primaryImageOfPage\":{\"@id\":\"https:\/\/nuevo-renacer.com\/raymond-auguste-quinsac-monvoisin\/#primaryimage\"},\"image\":{\"@id\":\"https:\/\/nuevo-renacer.com\/raymond-auguste-quinsac-monvoisin\/#primaryimage\"},\"thumbnailUrl\":\"https:\/\/nuevo-renacer.com\/wp-content\/uploads\/2026\/02\/Raymond-Quinsac-Monvoisin.jpg\",\"datePublished\":\"2026-02-19T13:58:03+00:00\",\"dateModified\":\"2026-02-19T14:02:33+00:00\",\"breadcrumb\":{\"@id\":\"https:\/\/nuevo-renacer.com\/raymond-auguste-quinsac-monvoisin\/#breadcrumb\"},\"inLanguage\":\"fr-FR\",\"potentialAction\":[{\"@type\":\"ReadAction\",\"target\":[\"https:\/\/nuevo-renacer.com\/raymond-auguste-quinsac-monvoisin\/\"]}]},{\"@type\":\"ImageObject\",\"inLanguage\":\"fr-FR\",\"@id\":\"https:\/\/nuevo-renacer.com\/raymond-auguste-quinsac-monvoisin\/#primaryimage\",\"url\":\"https:\/\/nuevo-renacer.com\/wp-content\/uploads\/2026\/02\/Raymond-Quinsac-Monvoisin.jpg\",\"contentUrl\":\"https:\/\/nuevo-renacer.com\/wp-content\/uploads\/2026\/02\/Raymond-Quinsac-Monvoisin.jpg\"},{\"@type\":\"BreadcrumbList\",\"@id\":\"https:\/\/nuevo-renacer.com\/raymond-auguste-quinsac-monvoisin\/#breadcrumb\",\"itemListElement\":[{\"@type\":\"ListItem\",\"position\":1,\"name\":\"Startseite\",\"item\":\"https:\/\/nuevo-renacer.com\/\"},{\"@type\":\"ListItem\",\"position\":2,\"name\":\"Raymond Auguste Quinsac Monvoisin\"}]},{\"@type\":\"WebSite\",\"@id\":\"https:\/\/nuevo-renacer.com\/#website\",\"url\":\"https:\/\/nuevo-renacer.com\/\",\"name\":\"Uni\u00f3n Esp\u00edrita\",\"description\":\"Nuevo Renacer\",\"publisher\":{\"@id\":\"https:\/\/nuevo-renacer.com\/#organization\"},\"potentialAction\":[{\"@type\":\"SearchAction\",\"target\":{\"@type\":\"EntryPoint\",\"urlTemplate\":\"https:\/\/nuevo-renacer.com\/?s={search_term_string}\"},\"query-input\":{\"@type\":\"PropertyValueSpecification\",\"valueRequired\":true,\"valueName\":\"search_term_string\"}}],\"inLanguage\":\"fr-FR\"},{\"@type\":\"Organization\",\"@id\":\"https:\/\/nuevo-renacer.com\/#organization\",\"name\":\"UFEC\",\"url\":\"https:\/\/nuevo-renacer.com\/\",\"logo\":{\"@type\":\"ImageObject\",\"inLanguage\":\"fr-FR\",\"@id\":\"https:\/\/nuevo-renacer.com\/#\/schema\/logo\/image\/\",\"url\":\"https:\/\/nuevo-renacer.com\/wp-content\/uploads\/2024\/05\/cropped-LOGO-TERMINADO1-3-3.png\",\"contentUrl\":\"https:\/\/nuevo-renacer.com\/wp-content\/uploads\/2024\/05\/cropped-LOGO-TERMINADO1-3-3.png\",\"width\":512,\"height\":512,\"caption\":\"UFEC\"},\"image\":{\"@id\":\"https:\/\/nuevo-renacer.com\/#\/schema\/logo\/image\/\"},\"sameAs\":[\"https:\/\/www.facebook.com\/groups\/3431398063740829\"]}]}<\/script>\n<!-- \/ Yoast SEO Premium plugin. -->","yoast_head_json":{"title":"Raymond Auguste Quinsac Monvoisin - Uni\u00f3n Esp\u00edrita","robots":{"index":"index","follow":"follow","max-snippet":"max-snippet:-1","max-image-preview":"max-image-preview:large","max-video-preview":"max-video-preview:-1"},"canonical":"https:\/\/nuevo-renacer.com\/fr\/raymond-auguste-quinsac-monvoisin\/","og_locale":"fr_FR","og_type":"article","og_title":"Raymond Auguste Quinsac Monvoisin","og_description":"Raymond Auguste Quinsac Monvoisin Raymond Auguste Quinsac Monvoisin naci\u00f3 el 31 de mayo de 1790 en Burdeos, Francia. Pintor de escenas de g\u00e9nero, paisajes, historia y retratos, fue uno de los disc\u00edpulos m\u00e1s destacados del Bar\u00f3n Gu\u00e9rin en la Escuela de Bellas Artes de Par\u00eds. Premiado en varias ocasiones, a los 27 a\u00f1os se convirti\u00f3 [&hellip;]","og_url":"https:\/\/nuevo-renacer.com\/fr\/raymond-auguste-quinsac-monvoisin\/","og_site_name":"Uni\u00f3n Esp\u00edrita","article_publisher":"https:\/\/www.facebook.com\/groups\/3431398063740829","article_modified_time":"2026-02-19T14:02:33+00:00","og_image":[{"width":469,"height":535,"url":"https:\/\/nuevo-renacer.com\/wp-content\/uploads\/2026\/02\/Raymond-Quinsac-Monvoisin.jpg","type":"image\/jpeg"}],"twitter_card":"summary_large_image","twitter_misc":{"Dur\u00e9e de lecture estim\u00e9e":"5 minutes"},"schema":{"@context":"https:\/\/schema.org","@graph":[{"@type":"WebPage","@id":"https:\/\/nuevo-renacer.com\/raymond-auguste-quinsac-monvoisin\/","url":"https:\/\/nuevo-renacer.com\/raymond-auguste-quinsac-monvoisin\/","name":"Raymond Auguste Quinsac Monvoisin - Uni\u00f3n Esp\u00edrita","isPartOf":{"@id":"https:\/\/nuevo-renacer.com\/#website"},"primaryImageOfPage":{"@id":"https:\/\/nuevo-renacer.com\/raymond-auguste-quinsac-monvoisin\/#primaryimage"},"image":{"@id":"https:\/\/nuevo-renacer.com\/raymond-auguste-quinsac-monvoisin\/#primaryimage"},"thumbnailUrl":"https:\/\/nuevo-renacer.com\/wp-content\/uploads\/2026\/02\/Raymond-Quinsac-Monvoisin.jpg","datePublished":"2026-02-19T13:58:03+00:00","dateModified":"2026-02-19T14:02:33+00:00","breadcrumb":{"@id":"https:\/\/nuevo-renacer.com\/raymond-auguste-quinsac-monvoisin\/#breadcrumb"},"inLanguage":"fr-FR","potentialAction":[{"@type":"ReadAction","target":["https:\/\/nuevo-renacer.com\/raymond-auguste-quinsac-monvoisin\/"]}]},{"@type":"ImageObject","inLanguage":"fr-FR","@id":"https:\/\/nuevo-renacer.com\/raymond-auguste-quinsac-monvoisin\/#primaryimage","url":"https:\/\/nuevo-renacer.com\/wp-content\/uploads\/2026\/02\/Raymond-Quinsac-Monvoisin.jpg","contentUrl":"https:\/\/nuevo-renacer.com\/wp-content\/uploads\/2026\/02\/Raymond-Quinsac-Monvoisin.jpg"},{"@type":"BreadcrumbList","@id":"https:\/\/nuevo-renacer.com\/raymond-auguste-quinsac-monvoisin\/#breadcrumb","itemListElement":[{"@type":"ListItem","position":1,"name":"Startseite","item":"https:\/\/nuevo-renacer.com\/"},{"@type":"ListItem","position":2,"name":"Raymond Auguste Quinsac Monvoisin"}]},{"@type":"WebSite","@id":"https:\/\/nuevo-renacer.com\/#website","url":"https:\/\/nuevo-renacer.com\/","name":"Uni\u00f3n Esp\u00edrita","description":"Nuevo Renacer","publisher":{"@id":"https:\/\/nuevo-renacer.com\/#organization"},"potentialAction":[{"@type":"SearchAction","target":{"@type":"EntryPoint","urlTemplate":"https:\/\/nuevo-renacer.com\/?s={search_term_string}"},"query-input":{"@type":"PropertyValueSpecification","valueRequired":true,"valueName":"search_term_string"}}],"inLanguage":"fr-FR"},{"@type":"Organization","@id":"https:\/\/nuevo-renacer.com\/#organization","name":"UFEC","url":"https:\/\/nuevo-renacer.com\/","logo":{"@type":"ImageObject","inLanguage":"fr-FR","@id":"https:\/\/nuevo-renacer.com\/#\/schema\/logo\/image\/","url":"https:\/\/nuevo-renacer.com\/wp-content\/uploads\/2024\/05\/cropped-LOGO-TERMINADO1-3-3.png","contentUrl":"https:\/\/nuevo-renacer.com\/wp-content\/uploads\/2024\/05\/cropped-LOGO-TERMINADO1-3-3.png","width":512,"height":512,"caption":"UFEC"},"image":{"@id":"https:\/\/nuevo-renacer.com\/#\/schema\/logo\/image\/"},"sameAs":["https:\/\/www.facebook.com\/groups\/3431398063740829"]}]}},"uagb_featured_image_src":{"full":false,"thumbnail":false,"medium":false,"medium_large":false,"large":false,"1536x1536":false,"2048x2048":false,"trp-custom-language-flag":false},"uagb_author_info":{"display_name":"adbv0","author_link":"https:\/\/nuevo-renacer.com\/fr\/author\/adbv0\/"},"uagb_comment_info":0,"uagb_excerpt":"Raymond Auguste Quinsac Monvoisin Raymond Auguste Quinsac Monvoisin naci\u00f3 el 31 de mayo de 1790 en Burdeos, Francia. Pintor de escenas de g\u00e9nero, paisajes, historia y retratos, fue uno de los disc\u00edpulos m\u00e1s destacados del Bar\u00f3n Gu\u00e9rin en la Escuela de Bellas Artes de Par\u00eds. Premiado en varias ocasiones, a los 27 a\u00f1os se convirti\u00f3\u2026","jetpack_sharing_enabled":true,"_links":{"self":[{"href":"https:\/\/nuevo-renacer.com\/fr\/wp-json\/wp\/v2\/pages\/8790","targetHints":{"allow":["GET"]}}],"collection":[{"href":"https:\/\/nuevo-renacer.com\/fr\/wp-json\/wp\/v2\/pages"}],"about":[{"href":"https:\/\/nuevo-renacer.com\/fr\/wp-json\/wp\/v2\/types\/page"}],"author":[{"embeddable":true,"href":"https:\/\/nuevo-renacer.com\/fr\/wp-json\/wp\/v2\/users\/1"}],"replies":[{"embeddable":true,"href":"https:\/\/nuevo-renacer.com\/fr\/wp-json\/wp\/v2\/comments?post=8790"}],"version-history":[{"count":2,"href":"https:\/\/nuevo-renacer.com\/fr\/wp-json\/wp\/v2\/pages\/8790\/revisions"}],"predecessor-version":[{"id":8794,"href":"https:\/\/nuevo-renacer.com\/fr\/wp-json\/wp\/v2\/pages\/8790\/revisions\/8794"}],"wp:attachment":[{"href":"https:\/\/nuevo-renacer.com\/fr\/wp-json\/wp\/v2\/media?parent=8790"}],"curies":[{"name":"wp","href":"https:\/\/api.w.org\/{rel}","templated":true}]}}