{"id":8767,"date":"2026-01-23T11:46:40","date_gmt":"2026-01-23T11:46:40","guid":{"rendered":"https:\/\/nuevo-renacer.com\/?page_id=8767"},"modified":"2026-01-23T11:48:07","modified_gmt":"2026-01-23T11:48:07","slug":"gaetano-donizetti","status":"publish","type":"page","link":"https:\/\/nuevo-renacer.com\/fr\/gaetano-donizetti\/","title":{"rendered":"Gaetano Donizetti"},"content":{"rendered":"<div class=\"wp-block-uagb-container uagb-block-a4c824bc alignfull uagb-is-root-container\"><div class=\"uagb-container-inner-blocks-wrap\">\n<p class=\"has-black-color has-text-color has-link-color has-medium-font-size wp-elements-2721ce93325a53e9c1c8a57c7c732ac1\"><strong>Gaetano Donizetti<\/strong><\/p>\n<\/div><\/div>\n\n\n\n<div class=\"wp-block-uagb-container uagb-block-57a0b36f alignfull uagb-is-root-container\"><div class=\"uagb-container-inner-blocks-wrap\">\n<figure class=\"wp-block-image size-full is-resized\"><img fetchpriority=\"high\" decoding=\"async\" width=\"640\" height=\"663\" src=\"https:\/\/nuevo-renacer.com\/wp-content\/uploads\/2026\/01\/Gaetano_Donizetti.jpg\" alt=\"\" class=\"wp-image-8768\" style=\"width:304px;height:auto\" srcset=\"https:\/\/nuevo-renacer.com\/wp-content\/uploads\/2026\/01\/Gaetano_Donizetti.jpg 640w, https:\/\/nuevo-renacer.com\/wp-content\/uploads\/2026\/01\/Gaetano_Donizetti-290x300.jpg 290w, https:\/\/nuevo-renacer.com\/wp-content\/uploads\/2026\/01\/Gaetano_Donizetti-12x12.jpg 12w\" sizes=\"(max-width: 640px) 100vw, 640px\" \/><\/figure>\n<\/div><\/div>\n\n\n\n<div class=\"wp-block-uagb-container uagb-block-2273ec1b alignfull uagb-is-root-container\"><div class=\"uagb-container-inner-blocks-wrap\">\n<p class=\"has-black-color has-text-color has-link-color has-small-font-size wp-elements-114afe3dcbfc40482b2d3ace7f278f22\">Quiconque s\u2019est familiaris\u00e9 avec la Doctrine Spirite codifi\u00e9e par Allan Kardec ne s\u2019\u00e9tonne absolument pas si quelqu\u2019un affirme que les Esprits, lorsqu\u2019ils retournent sur Terre dans de nouveaux corps somatiques, apportent, une fois qu\u2019ils ont atteint un certain degr\u00e9 d\u2019\u00e9volution, des missions \u00e0 accomplir dans les domaines moral, religieux, litt\u00e9raire, artistique et scientifique. Gaetano Donizetti, par exemple, choisit la mission de diffuser la musique \u2013 mais une musique capable d\u2019impressionner et de sensibiliser les \u00eatres, de mani\u00e8re \u00e0 dominer leur intellect et surtout leurs sentiments. Aujourd\u2019hui, il n\u2019est plus ignor\u00e9 que la musique, comme l\u2019a d\u00e9j\u00e0 observ\u00e9 la science m\u00e9dicale, exerce dans de nombreux cas des fonctions th\u00e9rapeutiques. Elle influence \u00e9galement, de mani\u00e8re efficace, l\u2019augmentation de la productivit\u00e9 au travail. Donizetti apporta donc cette \u00ab m\u00e9dication sonore \u00bb dont certains peuples avaient besoin, m\u00e9dication qui continue d\u2019\u00eatre utilis\u00e9e avec un r\u00e9el agr\u00e9ment et un r\u00e9el profit. \u00c0 l\u2019\u00e2ge de d\u00e9cider de sa carri\u00e8re, on lui demanda de choisir : le droit, conform\u00e9ment \u00e0 la volont\u00e9 paternelle ; l\u2019architecture, en raison de son extraordinaire aptitude pour le dessin ; ou l\u2019art musical, pour lequel il \u00e9tait appel\u00e9 par une voix int\u00e9rieure, la voix de son guide spirituel, la voix du destin, comme l\u2019a exprim\u00e9 l\u2019un de ses biographes.<\/p>\n\n\n\n<p class=\"has-black-color has-text-color has-link-color has-small-font-size wp-elements-0a2ad10a1900e6f49c649e1ca8d59110\">Nonobstant sa grande admiration pour la science de Vitruve, et bien que ses parents souhaitassent le voir rev\u00eatir la toge, le destin \u2013 ce fameux destin encore si mal compris de nos jours \u2013 triompha, et Gaetano Donizetti s\u2019imposa au monde comme compositeur musical ! \u00c0 l\u2019\u00e2ge de 17 ans, il \u00e9crivait d\u00e9j\u00e0 des symphonies, des quatuors \u00e0 cordes, des cantates et de la musique religieuse, avec la facilit\u00e9 qui a toujours caract\u00e9ris\u00e9 son talent. \u00c0 son retour dans sa ville natale, apr\u00e8s quelques ann\u00e9es d\u2019\u00e9tudes \u00e0 l\u2019\u00e9tranger, Donizetti fut surpris par l\u2019insistance paternelle pour qu\u2019il abandonne son projet d\u2019\u00e9crire pour le th\u00e9\u00e2tre afin de se consacrer \u00e0 l\u2019enseignement, plus lucratif. Sa famille \u00e9tait pauvre et, naturellement, en tant que professeur, il lui serait plus facile de gagner de l\u2019argent pour son entretien et pour aider aux d\u00e9penses du foyer. Donizetti, cette \u00e2me vibrante, ne pouvait en aucune mani\u00e8re rester attach\u00e9 \u00e0 l\u2019enseignement ; son imagination et sa pens\u00e9e s\u2019\u00e9levaient tr\u00e8s au-dessus de la routine, et pour \u00e9viter qu\u2019on ne le fasse professeur, il s\u2019enr\u00f4la comme soldat, car ainsi, durant les temps libres de la vie militaire, il pouvait se livrer plus facilement \u00e0 sa passion favorite.<\/p>\n\n\n\n<p class=\"has-black-color has-text-color has-link-color has-small-font-size wp-elements-a61998cf55cdc53605d72d80ec023438\">On dit, avec une part de v\u00e9rit\u00e9, que Dieu \u00e9crit droit avec des lignes tortueuses. Cela se v\u00e9rifia exactement avec Donizetti. Pendant ses nombreux moments de loisir, il \u00e9crivit Enrico, Conte di Borgogna, sa premi\u00e8re op\u00e9ra, puis Il Falegname di Livonia. Gr\u00e2ce au succ\u00e8s de Il Falegname di Livonia, il eut la chance de rencontrer des personnes d\u2019influence qui firent en sorte qu\u2019il f\u00fbt dispens\u00e9 du service militaire et qui, de la m\u00eame mani\u00e8re, l\u2019aid\u00e8rent \u00e0 d\u00e9buter imm\u00e9diatement une intense activit\u00e9 musicale. Sa capacit\u00e9 d\u2019improvisation \u00e9tait surprenante : il ne pensait jamais \u00e0 ce qu\u2019il allait \u00e9crire, il s\u2019asseyait et se livrait enti\u00e8rement \u00e0 la muse inspiratrice. Sa fonction \u00e9tait donc presque m\u00e9canique ; comme un excellent instrument m\u00e9diumnique, il se contentait, en plus de ses connaissances musicales, de reproduire le plus fid\u00e8lement possible les douces et merveilleuses orchestrations, dont il percevait admirablement les magnifiques sonorit\u00e9s en lui.<\/p>\n\n\n\n<p class=\"has-black-color has-text-color has-link-color has-small-font-size wp-elements-8d560174bc1a02570d710261750845e1\">De nombreux auteurs spirituels participaient sans doute \u00e0 ces \u0153uvres musicales qu\u2019il pr\u00e9sentait m\u00e9diumniquement. C\u2019est pourquoi les genres de ses compositions \u00e9taient vari\u00e9s : le Septuor et la sc\u00e8ne des tombes dans Lucia di Lammermoor, le quatri\u00e8me acte de La Favorita sont des pages d\u2019intense et palpitante \u00e9motion, qui font monter les larmes aux yeux de l\u2019auditeur. Les partitions de Don Pasquale et de L\u2019Elixir d\u2019Amour, en revanche, nous transportent dans une all\u00e9gresse franche et communicative. Donizetti n\u2019a donc pas \u00e9t\u00e9 un compositeur qui ob\u00e9issait \u00e0 une \u00e9cole. Son \u00e9cole, si l\u2019on peut s\u2019exprimer ainsi, \u00e9tait celle de l\u2019inspiration pure et simple. Dans ces conditions, il fut capable de nous transmettre des pages qui sont d\u2019extraordinaires exemples de vigueur et de beaut\u00e9 indiscutable, comme Elisabeth de Kenilworth, Esula de Roma, Linda di Chamounix, Lucr\u00e8ce Borgia, et d\u2019autres presque sans valeur propre lorsqu\u2019il composait ses partitions sans aucune inspiration sup\u00e9rieure. Un critique musical nota cependant que, apr\u00e8s Rossini, Donizetti fut le compositeur le plus acclam\u00e9 au monde et celui qui sut le mieux consoler l\u2019Europe musicale, la sortant du douloureux silence dans lequel le grand Rossini l\u2019avait plong\u00e9e depuis 1829, apr\u00e8s la pr\u00e9sentation de son g\u00e9nial op\u00e9ra Guillaume Tell.<\/p>\n<\/div><\/div>\n\n\n\n<div class=\"wp-block-uagb-container uagb-block-25d41728 alignfull uagb-is-root-container\"><div class=\"uagb-container-inner-blocks-wrap\"><\/div><\/div>\n\n\n\n<div class=\"wp-block-uagb-container uagb-block-4b4d622a alignfull uagb-is-root-container\"><div class=\"uagb-container-inner-blocks-wrap\"><\/div><\/div>","protected":false},"excerpt":{"rendered":"<p>Gaetano Donizetti Quien ya se ha familiarizado con la Doctrina Esp\u00edrita codificada por Allan Kardec no se sorprende si alguien afirma que los Esp\u00edritus, al regresar a la Tierra en nuevos cuerpos, una vez alcanzado cierto grado evolutivo, traen consigo tareas que cumplir en los campos moral, religioso, literario, art\u00edstico y cient\u00edfico. Gaetano Donizetti, por [&hellip;]<\/p>","protected":false},"author":1,"featured_media":0,"parent":0,"menu_order":0,"comment_status":"closed","ping_status":"closed","template":"","meta":{"_uag_custom_page_level_css":"","site-sidebar-layout":"default","site-content-layout":"","ast-site-content-layout":"default","site-content-style":"default","site-sidebar-style":"default","ast-global-header-display":"","ast-banner-title-visibility":"","ast-main-header-display":"","ast-hfb-above-header-display":"","ast-hfb-below-header-display":"","ast-hfb-mobile-header-display":"","site-post-title":"disabled","ast-breadcrumbs-content":"","ast-featured-img":"","footer-sml-layout":"","theme-transparent-header-meta":"","adv-header-id-meta":"","stick-header-meta":"","header-above-stick-meta":"","header-main-stick-meta":"","header-below-stick-meta":"","astra-migrate-meta-layouts":"set","ast-page-background-enabled":"default","ast-page-background-meta":{"desktop":{"background-color":"var(--ast-global-color-4)","background-image":"","background-repeat":"repeat","background-position":"center center","background-size":"auto","background-attachment":"scroll","background-type":"","background-media":"","overlay-type":"","overlay-color":"","overlay-opacity":"","overlay-gradient":""},"tablet":{"background-color":"","background-image":"","background-repeat":"repeat","background-position":"center center","background-size":"auto","background-attachment":"scroll","background-type":"","background-media":"","overlay-type":"","overlay-color":"","overlay-opacity":"","overlay-gradient":""},"mobile":{"background-color":"","background-image":"","background-repeat":"repeat","background-position":"center center","background-size":"auto","background-attachment":"scroll","background-type":"","background-media":"","overlay-type":"","overlay-color":"","overlay-opacity":"","overlay-gradient":""}},"ast-content-background-meta":{"desktop":{"background-color":"var(--ast-global-color-5)","background-image":"","background-repeat":"repeat","background-position":"center center","background-size":"auto","background-attachment":"scroll","background-type":"","background-media":"","overlay-type":"","overlay-color":"","overlay-opacity":"","overlay-gradient":""},"tablet":{"background-color":"var(--ast-global-color-5)","background-image":"","background-repeat":"repeat","background-position":"center center","background-size":"auto","background-attachment":"scroll","background-type":"","background-media":"","overlay-type":"","overlay-color":"","overlay-opacity":"","overlay-gradient":""},"mobile":{"background-color":"var(--ast-global-color-5)","background-image":"","background-repeat":"repeat","background-position":"center center","background-size":"auto","background-attachment":"scroll","background-type":"","background-media":"","overlay-type":"","overlay-color":"","overlay-opacity":"","overlay-gradient":""}},"footnotes":""},"class_list":["post-8767","page","type-page","status-publish","hentry"],"yoast_head":"<!-- This site is optimized with the Yoast SEO Premium plugin v24.2 (Yoast SEO v24.6) - https:\/\/yoast.com\/wordpress\/plugins\/seo\/ -->\n<title>Gaetano Donizetti - Uni\u00f3n Esp\u00edrita<\/title>\n<meta name=\"robots\" content=\"index, follow, max-snippet:-1, max-image-preview:large, max-video-preview:-1\" \/>\n<link rel=\"canonical\" href=\"https:\/\/nuevo-renacer.com\/fr\/gaetano-donizetti\/\" \/>\n<meta property=\"og:locale\" content=\"fr_FR\" \/>\n<meta property=\"og:type\" content=\"article\" \/>\n<meta property=\"og:title\" content=\"Gaetano Donizetti\" \/>\n<meta property=\"og:description\" content=\"Gaetano Donizetti Quien ya se ha familiarizado con la Doctrina Esp\u00edrita codificada por Allan Kardec no se sorprende si alguien afirma que los Esp\u00edritus, al regresar a la Tierra en nuevos cuerpos, una vez alcanzado cierto grado evolutivo, traen consigo tareas que cumplir en los campos moral, religioso, literario, art\u00edstico y cient\u00edfico. Gaetano Donizetti, por [&hellip;]\" \/>\n<meta property=\"og:url\" content=\"https:\/\/nuevo-renacer.com\/fr\/gaetano-donizetti\/\" \/>\n<meta property=\"og:site_name\" content=\"Uni\u00f3n Esp\u00edrita\" \/>\n<meta property=\"article:publisher\" content=\"https:\/\/www.facebook.com\/groups\/3431398063740829\" \/>\n<meta property=\"article:modified_time\" content=\"2026-01-23T11:48:07+00:00\" \/>\n<meta property=\"og:image\" content=\"https:\/\/nuevo-renacer.com\/wp-content\/uploads\/2026\/01\/Gaetano_Donizetti.jpg\" \/>\n\t<meta property=\"og:image:width\" content=\"640\" \/>\n\t<meta property=\"og:image:height\" content=\"663\" \/>\n\t<meta property=\"og:image:type\" content=\"image\/jpeg\" \/>\n<meta name=\"twitter:card\" content=\"summary_large_image\" \/>\n<meta name=\"twitter:label1\" content=\"Dur\u00e9e de lecture estim\u00e9e\" \/>\n\t<meta name=\"twitter:data1\" content=\"5 minutes\" \/>\n<script type=\"application\/ld+json\" class=\"yoast-schema-graph\">{\"@context\":\"https:\/\/schema.org\",\"@graph\":[{\"@type\":\"WebPage\",\"@id\":\"https:\/\/nuevo-renacer.com\/gaetano-donizetti\/\",\"url\":\"https:\/\/nuevo-renacer.com\/gaetano-donizetti\/\",\"name\":\"Gaetano Donizetti - Uni\u00f3n Esp\u00edrita\",\"isPartOf\":{\"@id\":\"https:\/\/nuevo-renacer.com\/#website\"},\"primaryImageOfPage\":{\"@id\":\"https:\/\/nuevo-renacer.com\/gaetano-donizetti\/#primaryimage\"},\"image\":{\"@id\":\"https:\/\/nuevo-renacer.com\/gaetano-donizetti\/#primaryimage\"},\"thumbnailUrl\":\"https:\/\/nuevo-renacer.com\/wp-content\/uploads\/2026\/01\/Gaetano_Donizetti.jpg\",\"datePublished\":\"2026-01-23T11:46:40+00:00\",\"dateModified\":\"2026-01-23T11:48:07+00:00\",\"breadcrumb\":{\"@id\":\"https:\/\/nuevo-renacer.com\/gaetano-donizetti\/#breadcrumb\"},\"inLanguage\":\"fr-FR\",\"potentialAction\":[{\"@type\":\"ReadAction\",\"target\":[\"https:\/\/nuevo-renacer.com\/gaetano-donizetti\/\"]}]},{\"@type\":\"ImageObject\",\"inLanguage\":\"fr-FR\",\"@id\":\"https:\/\/nuevo-renacer.com\/gaetano-donizetti\/#primaryimage\",\"url\":\"https:\/\/nuevo-renacer.com\/wp-content\/uploads\/2026\/01\/Gaetano_Donizetti.jpg\",\"contentUrl\":\"https:\/\/nuevo-renacer.com\/wp-content\/uploads\/2026\/01\/Gaetano_Donizetti.jpg\"},{\"@type\":\"BreadcrumbList\",\"@id\":\"https:\/\/nuevo-renacer.com\/gaetano-donizetti\/#breadcrumb\",\"itemListElement\":[{\"@type\":\"ListItem\",\"position\":1,\"name\":\"Startseite\",\"item\":\"https:\/\/nuevo-renacer.com\/\"},{\"@type\":\"ListItem\",\"position\":2,\"name\":\"Gaetano Donizetti\"}]},{\"@type\":\"WebSite\",\"@id\":\"https:\/\/nuevo-renacer.com\/#website\",\"url\":\"https:\/\/nuevo-renacer.com\/\",\"name\":\"Uni\u00f3n Esp\u00edrita\",\"description\":\"Nuevo Renacer\",\"publisher\":{\"@id\":\"https:\/\/nuevo-renacer.com\/#organization\"},\"potentialAction\":[{\"@type\":\"SearchAction\",\"target\":{\"@type\":\"EntryPoint\",\"urlTemplate\":\"https:\/\/nuevo-renacer.com\/?s={search_term_string}\"},\"query-input\":{\"@type\":\"PropertyValueSpecification\",\"valueRequired\":true,\"valueName\":\"search_term_string\"}}],\"inLanguage\":\"fr-FR\"},{\"@type\":\"Organization\",\"@id\":\"https:\/\/nuevo-renacer.com\/#organization\",\"name\":\"UFEC\",\"url\":\"https:\/\/nuevo-renacer.com\/\",\"logo\":{\"@type\":\"ImageObject\",\"inLanguage\":\"fr-FR\",\"@id\":\"https:\/\/nuevo-renacer.com\/#\/schema\/logo\/image\/\",\"url\":\"https:\/\/nuevo-renacer.com\/wp-content\/uploads\/2024\/05\/cropped-LOGO-TERMINADO1-3-3.png\",\"contentUrl\":\"https:\/\/nuevo-renacer.com\/wp-content\/uploads\/2024\/05\/cropped-LOGO-TERMINADO1-3-3.png\",\"width\":512,\"height\":512,\"caption\":\"UFEC\"},\"image\":{\"@id\":\"https:\/\/nuevo-renacer.com\/#\/schema\/logo\/image\/\"},\"sameAs\":[\"https:\/\/www.facebook.com\/groups\/3431398063740829\"]}]}<\/script>\n<!-- \/ Yoast SEO Premium plugin. -->","yoast_head_json":{"title":"Gaetano Donizetti - Uni\u00f3n Esp\u00edrita","robots":{"index":"index","follow":"follow","max-snippet":"max-snippet:-1","max-image-preview":"max-image-preview:large","max-video-preview":"max-video-preview:-1"},"canonical":"https:\/\/nuevo-renacer.com\/fr\/gaetano-donizetti\/","og_locale":"fr_FR","og_type":"article","og_title":"Gaetano Donizetti","og_description":"Gaetano Donizetti Quien ya se ha familiarizado con la Doctrina Esp\u00edrita codificada por Allan Kardec no se sorprende si alguien afirma que los Esp\u00edritus, al regresar a la Tierra en nuevos cuerpos, una vez alcanzado cierto grado evolutivo, traen consigo tareas que cumplir en los campos moral, religioso, literario, art\u00edstico y cient\u00edfico. Gaetano Donizetti, por [&hellip;]","og_url":"https:\/\/nuevo-renacer.com\/fr\/gaetano-donizetti\/","og_site_name":"Uni\u00f3n Esp\u00edrita","article_publisher":"https:\/\/www.facebook.com\/groups\/3431398063740829","article_modified_time":"2026-01-23T11:48:07+00:00","og_image":[{"width":640,"height":663,"url":"https:\/\/nuevo-renacer.com\/wp-content\/uploads\/2026\/01\/Gaetano_Donizetti.jpg","type":"image\/jpeg"}],"twitter_card":"summary_large_image","twitter_misc":{"Dur\u00e9e de lecture estim\u00e9e":"5 minutes"},"schema":{"@context":"https:\/\/schema.org","@graph":[{"@type":"WebPage","@id":"https:\/\/nuevo-renacer.com\/gaetano-donizetti\/","url":"https:\/\/nuevo-renacer.com\/gaetano-donizetti\/","name":"Gaetano Donizetti - Uni\u00f3n Esp\u00edrita","isPartOf":{"@id":"https:\/\/nuevo-renacer.com\/#website"},"primaryImageOfPage":{"@id":"https:\/\/nuevo-renacer.com\/gaetano-donizetti\/#primaryimage"},"image":{"@id":"https:\/\/nuevo-renacer.com\/gaetano-donizetti\/#primaryimage"},"thumbnailUrl":"https:\/\/nuevo-renacer.com\/wp-content\/uploads\/2026\/01\/Gaetano_Donizetti.jpg","datePublished":"2026-01-23T11:46:40+00:00","dateModified":"2026-01-23T11:48:07+00:00","breadcrumb":{"@id":"https:\/\/nuevo-renacer.com\/gaetano-donizetti\/#breadcrumb"},"inLanguage":"fr-FR","potentialAction":[{"@type":"ReadAction","target":["https:\/\/nuevo-renacer.com\/gaetano-donizetti\/"]}]},{"@type":"ImageObject","inLanguage":"fr-FR","@id":"https:\/\/nuevo-renacer.com\/gaetano-donizetti\/#primaryimage","url":"https:\/\/nuevo-renacer.com\/wp-content\/uploads\/2026\/01\/Gaetano_Donizetti.jpg","contentUrl":"https:\/\/nuevo-renacer.com\/wp-content\/uploads\/2026\/01\/Gaetano_Donizetti.jpg"},{"@type":"BreadcrumbList","@id":"https:\/\/nuevo-renacer.com\/gaetano-donizetti\/#breadcrumb","itemListElement":[{"@type":"ListItem","position":1,"name":"Startseite","item":"https:\/\/nuevo-renacer.com\/"},{"@type":"ListItem","position":2,"name":"Gaetano Donizetti"}]},{"@type":"WebSite","@id":"https:\/\/nuevo-renacer.com\/#website","url":"https:\/\/nuevo-renacer.com\/","name":"Uni\u00f3n Esp\u00edrita","description":"Nuevo Renacer","publisher":{"@id":"https:\/\/nuevo-renacer.com\/#organization"},"potentialAction":[{"@type":"SearchAction","target":{"@type":"EntryPoint","urlTemplate":"https:\/\/nuevo-renacer.com\/?s={search_term_string}"},"query-input":{"@type":"PropertyValueSpecification","valueRequired":true,"valueName":"search_term_string"}}],"inLanguage":"fr-FR"},{"@type":"Organization","@id":"https:\/\/nuevo-renacer.com\/#organization","name":"UFEC","url":"https:\/\/nuevo-renacer.com\/","logo":{"@type":"ImageObject","inLanguage":"fr-FR","@id":"https:\/\/nuevo-renacer.com\/#\/schema\/logo\/image\/","url":"https:\/\/nuevo-renacer.com\/wp-content\/uploads\/2024\/05\/cropped-LOGO-TERMINADO1-3-3.png","contentUrl":"https:\/\/nuevo-renacer.com\/wp-content\/uploads\/2024\/05\/cropped-LOGO-TERMINADO1-3-3.png","width":512,"height":512,"caption":"UFEC"},"image":{"@id":"https:\/\/nuevo-renacer.com\/#\/schema\/logo\/image\/"},"sameAs":["https:\/\/www.facebook.com\/groups\/3431398063740829"]}]}},"uagb_featured_image_src":{"full":false,"thumbnail":false,"medium":false,"medium_large":false,"large":false,"1536x1536":false,"2048x2048":false,"trp-custom-language-flag":false},"uagb_author_info":{"display_name":"adbv0","author_link":"https:\/\/nuevo-renacer.com\/fr\/author\/adbv0\/"},"uagb_comment_info":0,"uagb_excerpt":"Gaetano Donizetti Quien ya se ha familiarizado con la Doctrina Esp\u00edrita codificada por Allan Kardec no se sorprende si alguien afirma que los Esp\u00edritus, al regresar a la Tierra en nuevos cuerpos, una vez alcanzado cierto grado evolutivo, traen consigo tareas que cumplir en los campos moral, religioso, literario, art\u00edstico y cient\u00edfico. Gaetano Donizetti, por\u2026","jetpack_sharing_enabled":true,"_links":{"self":[{"href":"https:\/\/nuevo-renacer.com\/fr\/wp-json\/wp\/v2\/pages\/8767","targetHints":{"allow":["GET"]}}],"collection":[{"href":"https:\/\/nuevo-renacer.com\/fr\/wp-json\/wp\/v2\/pages"}],"about":[{"href":"https:\/\/nuevo-renacer.com\/fr\/wp-json\/wp\/v2\/types\/page"}],"author":[{"embeddable":true,"href":"https:\/\/nuevo-renacer.com\/fr\/wp-json\/wp\/v2\/users\/1"}],"replies":[{"embeddable":true,"href":"https:\/\/nuevo-renacer.com\/fr\/wp-json\/wp\/v2\/comments?post=8767"}],"version-history":[{"count":1,"href":"https:\/\/nuevo-renacer.com\/fr\/wp-json\/wp\/v2\/pages\/8767\/revisions"}],"predecessor-version":[{"id":8769,"href":"https:\/\/nuevo-renacer.com\/fr\/wp-json\/wp\/v2\/pages\/8767\/revisions\/8769"}],"wp:attachment":[{"href":"https:\/\/nuevo-renacer.com\/fr\/wp-json\/wp\/v2\/media?parent=8767"}],"curies":[{"name":"wp","href":"https:\/\/api.w.org\/{rel}","templated":true}]}}