{"id":8751,"date":"2025-12-22T12:56:17","date_gmt":"2025-12-22T12:56:17","guid":{"rendered":"https:\/\/nuevo-renacer.com\/?page_id=8751"},"modified":"2025-12-22T12:56:21","modified_gmt":"2025-12-22T12:56:21","slug":"albert-von-schrenck-notzing","status":"publish","type":"page","link":"https:\/\/nuevo-renacer.com\/fr\/albert-von-schrenck-notzing\/","title":{"rendered":"Albert von Schrenck-Notzing"},"content":{"rendered":"<div class=\"wp-block-uagb-container uagb-block-466c7387 alignfull uagb-is-root-container\"><div class=\"uagb-container-inner-blocks-wrap\">\n<p class=\"has-black-color has-text-color has-link-color has-medium-font-size wp-elements-91d3a4235b1b44e7bf00e21437096b56\"><strong>Albert von Schrenck-Notzing<\/strong><\/p>\n<\/div><\/div>\n\n\n\n<div class=\"wp-block-uagb-container uagb-block-98c1c09b alignfull uagb-is-root-container\"><div class=\"uagb-container-inner-blocks-wrap\">\n<figure class=\"wp-block-image size-full is-resized\"><img fetchpriority=\"high\" decoding=\"async\" width=\"531\" height=\"758\" src=\"https:\/\/nuevo-renacer.com\/wp-content\/uploads\/2025\/12\/Albert-von-Schrenck-Notzing.jpg\" alt=\"\" class=\"wp-image-8752\" style=\"aspect-ratio:0.7005439830171155;width:256px;height:auto\" srcset=\"https:\/\/nuevo-renacer.com\/wp-content\/uploads\/2025\/12\/Albert-von-Schrenck-Notzing.jpg 531w, https:\/\/nuevo-renacer.com\/wp-content\/uploads\/2025\/12\/Albert-von-Schrenck-Notzing-210x300.jpg 210w, https:\/\/nuevo-renacer.com\/wp-content\/uploads\/2025\/12\/Albert-von-Schrenck-Notzing-8x12.jpg 8w\" sizes=\"(max-width: 531px) 100vw, 531px\" \/><\/figure>\n<\/div><\/div>\n\n\n\n<div class=\"wp-block-uagb-container uagb-block-5e5b9ce5 alignfull uagb-is-root-container\"><div class=\"uagb-container-inner-blocks-wrap\">\n<p class=\"has-black-color has-text-color has-link-color has-small-font-size wp-elements-89a1eb9490f8e1e661ebeccd531536af\">Le baron Albert von Schrenck-Notzing est n\u00e9 le 18 mai 1862 \u00e0 Oldenburg, en Allemagne, et a \u00e9tudi\u00e9 \u00e0 l'universit\u00e9 de Munich. Psychiatre l\u00e9giste et membre de l'aristocratie allemande, il s'est int\u00e9ress\u00e9 \u00e0 la recherche psychique en 1889. Il a collabor\u00e9 avec Charles Richet, C\u00e9sar Lombroso, Oliver Lodge et bien d'autres \u00e0 des recherches pendant 40 ans. Bien qu'il ait \u00e9t\u00e9 r\u00e9ticent, apparemment par conservatisme scientifique, \u00e0 croire en la m\u00e9diumnit\u00e9 et \u00e0 la survie, il \u00e9tait n\u00e9anmoins pleinement convaincu de la r\u00e9alit\u00e9 de la m\u00e9diumnit\u00e9. Il a commenc\u00e9 \u00e0 travailler avec la m\u00e9dium Eusapia Palladino, dont il assistait d\u00e9j\u00e0 les s\u00e9ances \u00e0 Rome en 1894. Il l'a suivie dans toute l'Europe et l'a invit\u00e9e deux fois \u00e0 Munich. Mais il ne d\u00e9clara sa croyance dans la r\u00e9alit\u00e9 de ses ph\u00e9nom\u00e8nes qu'en 1914 et ne publia ses notes de Rome et de Munich qu'en 1920, dans Physikalische des Mediumismus. Pendant de nombreuses ann\u00e9es, il \u00e9tudia les ph\u00e9nom\u00e8nes de mat\u00e9rialisation d'Eva C. (Marthe B\u00e9raud) \u00e0 Munich et chez Juliette Bisson \u00e0 Paris. Son livre, Phenomena of Materialisation, publi\u00e9 en Allemagne en 1914, en m\u00eame temps que l'ouvrage de Bisson en France, est largement illustr\u00e9 de photographies. Il a \u00e9galement \u00e9tudi\u00e9 d'autres m\u00e9diums classiques tels que Willi Schneider, Rudi Schneider, Stanislawa et Valentine Dencausse. Il fut l'un des plus grands chercheurs sur les ph\u00e9nom\u00e8nes d'effets physiques en Allemagne. Il obtint des cheveux de l'esprit mat\u00e9rialis\u00e9, les compara au microscope avec ceux du m\u00e9dium et constata qu'ils ne pouvaient pas provenir de la m\u00eame personne. Il obtint \u00e9galement les r\u00e9sultats d'analyses chimiques d'une certaine partie de l'ectoplasme, qui fut r\u00e9duit en cendres. Parmi ses \u00e9l\u00e9ments, il a trouv\u00e9 du chlorure de sodium (sel de cuisine) et du phosphate de calcium. Il a r\u00e9ussi \u00e0 filmer l'ectoplasme sortant de la bouche du m\u00e9dium. Le baron Albert von Schrenck-Notzing est d\u00e9c\u00e9d\u00e9 le 12 f\u00e9vrier 1929 \u00e0 Munich, en Allemagne.<\/p>\n<\/div><\/div>\n\n\n\n<div class=\"wp-block-uagb-container uagb-block-343c4df7 alignfull uagb-is-root-container\"><div class=\"uagb-container-inner-blocks-wrap\"><\/div><\/div>\n\n\n\n<div class=\"wp-block-uagb-container uagb-block-e3533405 alignfull uagb-is-root-container\"><div class=\"uagb-container-inner-blocks-wrap\"><\/div><\/div>","protected":false},"excerpt":{"rendered":"<p>Albert von Schrenck-Notzing El bar\u00f3n Albert von Schrenck-Notzing naci\u00f3 el 18 de mayo de 1862 en Oldenburg, Alemania, y estudi\u00f3 en la Universidad de M\u00fanich. Fue psiquiatra forense y miembro de la aristocracia alemana, y se interes\u00f3 por la investigaci\u00f3n ps\u00edquica en 1889. Colabor\u00f3 con Charles Richet, C\u00e9sar Lombroso, Oliver Lodge y muchos otros en [&hellip;]<\/p>","protected":false},"author":1,"featured_media":0,"parent":0,"menu_order":0,"comment_status":"closed","ping_status":"closed","template":"","meta":{"_uag_custom_page_level_css":"","site-sidebar-layout":"default","site-content-layout":"","ast-site-content-layout":"default","site-content-style":"default","site-sidebar-style":"default","ast-global-header-display":"","ast-banner-title-visibility":"","ast-main-header-display":"","ast-hfb-above-header-display":"","ast-hfb-below-header-display":"","ast-hfb-mobile-header-display":"","site-post-title":"disabled","ast-breadcrumbs-content":"","ast-featured-img":"","footer-sml-layout":"","theme-transparent-header-meta":"","adv-header-id-meta":"","stick-header-meta":"","header-above-stick-meta":"","header-main-stick-meta":"","header-below-stick-meta":"","astra-migrate-meta-layouts":"set","ast-page-background-enabled":"default","ast-page-background-meta":{"desktop":{"background-color":"var(--ast-global-color-4)","background-image":"","background-repeat":"repeat","background-position":"center center","background-size":"auto","background-attachment":"scroll","background-type":"","background-media":"","overlay-type":"","overlay-color":"","overlay-opacity":"","overlay-gradient":""},"tablet":{"background-color":"","background-image":"","background-repeat":"repeat","background-position":"center center","background-size":"auto","background-attachment":"scroll","background-type":"","background-media":"","overlay-type":"","overlay-color":"","overlay-opacity":"","overlay-gradient":""},"mobile":{"background-color":"","background-image":"","background-repeat":"repeat","background-position":"center center","background-size":"auto","background-attachment":"scroll","background-type":"","background-media":"","overlay-type":"","overlay-color":"","overlay-opacity":"","overlay-gradient":""}},"ast-content-background-meta":{"desktop":{"background-color":"var(--ast-global-color-5)","background-image":"","background-repeat":"repeat","background-position":"center center","background-size":"auto","background-attachment":"scroll","background-type":"","background-media":"","overlay-type":"","overlay-color":"","overlay-opacity":"","overlay-gradient":""},"tablet":{"background-color":"var(--ast-global-color-5)","background-image":"","background-repeat":"repeat","background-position":"center center","background-size":"auto","background-attachment":"scroll","background-type":"","background-media":"","overlay-type":"","overlay-color":"","overlay-opacity":"","overlay-gradient":""},"mobile":{"background-color":"var(--ast-global-color-5)","background-image":"","background-repeat":"repeat","background-position":"center center","background-size":"auto","background-attachment":"scroll","background-type":"","background-media":"","overlay-type":"","overlay-color":"","overlay-opacity":"","overlay-gradient":""}},"footnotes":""},"class_list":["post-8751","page","type-page","status-publish","hentry"],"yoast_head":"<!-- This site is optimized with the Yoast SEO Premium plugin v24.2 (Yoast SEO v24.6) - https:\/\/yoast.com\/wordpress\/plugins\/seo\/ -->\n<title>Albert von Schrenck-Notzing - Uni\u00f3n Esp\u00edrita<\/title>\n<meta name=\"robots\" content=\"index, follow, max-snippet:-1, max-image-preview:large, max-video-preview:-1\" \/>\n<link rel=\"canonical\" href=\"https:\/\/nuevo-renacer.com\/fr\/albert-von-schrenck-notzing\/\" \/>\n<meta property=\"og:locale\" content=\"fr_FR\" \/>\n<meta property=\"og:type\" content=\"article\" \/>\n<meta property=\"og:title\" content=\"Albert von Schrenck-Notzing\" \/>\n<meta property=\"og:description\" content=\"Albert von Schrenck-Notzing El bar\u00f3n Albert von Schrenck-Notzing naci\u00f3 el 18 de mayo de 1862 en Oldenburg, Alemania, y estudi\u00f3 en la Universidad de M\u00fanich. Fue psiquiatra forense y miembro de la aristocracia alemana, y se interes\u00f3 por la investigaci\u00f3n ps\u00edquica en 1889. Colabor\u00f3 con Charles Richet, C\u00e9sar Lombroso, Oliver Lodge y muchos otros en [&hellip;]\" \/>\n<meta property=\"og:url\" content=\"https:\/\/nuevo-renacer.com\/fr\/albert-von-schrenck-notzing\/\" \/>\n<meta property=\"og:site_name\" content=\"Uni\u00f3n Esp\u00edrita\" \/>\n<meta property=\"article:publisher\" content=\"https:\/\/www.facebook.com\/groups\/3431398063740829\" \/>\n<meta property=\"article:modified_time\" content=\"2025-12-22T12:56:21+00:00\" \/>\n<meta property=\"og:image\" content=\"https:\/\/nuevo-renacer.com\/wp-content\/uploads\/2025\/12\/Albert-von-Schrenck-Notzing.jpg\" \/>\n\t<meta property=\"og:image:width\" content=\"531\" \/>\n\t<meta property=\"og:image:height\" content=\"758\" \/>\n\t<meta property=\"og:image:type\" content=\"image\/jpeg\" \/>\n<meta name=\"twitter:card\" content=\"summary_large_image\" \/>\n<meta name=\"twitter:label1\" content=\"Dur\u00e9e de lecture estim\u00e9e\" \/>\n\t<meta name=\"twitter:data1\" content=\"2 minutes\" \/>\n<script type=\"application\/ld+json\" class=\"yoast-schema-graph\">{\"@context\":\"https:\/\/schema.org\",\"@graph\":[{\"@type\":\"WebPage\",\"@id\":\"https:\/\/nuevo-renacer.com\/albert-von-schrenck-notzing\/\",\"url\":\"https:\/\/nuevo-renacer.com\/albert-von-schrenck-notzing\/\",\"name\":\"Albert von Schrenck-Notzing - Uni\u00f3n Esp\u00edrita\",\"isPartOf\":{\"@id\":\"https:\/\/nuevo-renacer.com\/#website\"},\"primaryImageOfPage\":{\"@id\":\"https:\/\/nuevo-renacer.com\/albert-von-schrenck-notzing\/#primaryimage\"},\"image\":{\"@id\":\"https:\/\/nuevo-renacer.com\/albert-von-schrenck-notzing\/#primaryimage\"},\"thumbnailUrl\":\"https:\/\/nuevo-renacer.com\/wp-content\/uploads\/2025\/12\/Albert-von-Schrenck-Notzing.jpg\",\"datePublished\":\"2025-12-22T12:56:17+00:00\",\"dateModified\":\"2025-12-22T12:56:21+00:00\",\"breadcrumb\":{\"@id\":\"https:\/\/nuevo-renacer.com\/albert-von-schrenck-notzing\/#breadcrumb\"},\"inLanguage\":\"fr-FR\",\"potentialAction\":[{\"@type\":\"ReadAction\",\"target\":[\"https:\/\/nuevo-renacer.com\/albert-von-schrenck-notzing\/\"]}]},{\"@type\":\"ImageObject\",\"inLanguage\":\"fr-FR\",\"@id\":\"https:\/\/nuevo-renacer.com\/albert-von-schrenck-notzing\/#primaryimage\",\"url\":\"https:\/\/nuevo-renacer.com\/wp-content\/uploads\/2025\/12\/Albert-von-Schrenck-Notzing.jpg\",\"contentUrl\":\"https:\/\/nuevo-renacer.com\/wp-content\/uploads\/2025\/12\/Albert-von-Schrenck-Notzing.jpg\"},{\"@type\":\"BreadcrumbList\",\"@id\":\"https:\/\/nuevo-renacer.com\/albert-von-schrenck-notzing\/#breadcrumb\",\"itemListElement\":[{\"@type\":\"ListItem\",\"position\":1,\"name\":\"Startseite\",\"item\":\"https:\/\/nuevo-renacer.com\/\"},{\"@type\":\"ListItem\",\"position\":2,\"name\":\"Albert von Schrenck-Notzing\"}]},{\"@type\":\"WebSite\",\"@id\":\"https:\/\/nuevo-renacer.com\/#website\",\"url\":\"https:\/\/nuevo-renacer.com\/\",\"name\":\"Uni\u00f3n Esp\u00edrita\",\"description\":\"Nuevo Renacer\",\"publisher\":{\"@id\":\"https:\/\/nuevo-renacer.com\/#organization\"},\"potentialAction\":[{\"@type\":\"SearchAction\",\"target\":{\"@type\":\"EntryPoint\",\"urlTemplate\":\"https:\/\/nuevo-renacer.com\/?s={search_term_string}\"},\"query-input\":{\"@type\":\"PropertyValueSpecification\",\"valueRequired\":true,\"valueName\":\"search_term_string\"}}],\"inLanguage\":\"fr-FR\"},{\"@type\":\"Organization\",\"@id\":\"https:\/\/nuevo-renacer.com\/#organization\",\"name\":\"UFEC\",\"url\":\"https:\/\/nuevo-renacer.com\/\",\"logo\":{\"@type\":\"ImageObject\",\"inLanguage\":\"fr-FR\",\"@id\":\"https:\/\/nuevo-renacer.com\/#\/schema\/logo\/image\/\",\"url\":\"https:\/\/nuevo-renacer.com\/wp-content\/uploads\/2024\/05\/cropped-LOGO-TERMINADO1-3-3.png\",\"contentUrl\":\"https:\/\/nuevo-renacer.com\/wp-content\/uploads\/2024\/05\/cropped-LOGO-TERMINADO1-3-3.png\",\"width\":512,\"height\":512,\"caption\":\"UFEC\"},\"image\":{\"@id\":\"https:\/\/nuevo-renacer.com\/#\/schema\/logo\/image\/\"},\"sameAs\":[\"https:\/\/www.facebook.com\/groups\/3431398063740829\"]}]}<\/script>\n<!-- \/ Yoast SEO Premium plugin. -->","yoast_head_json":{"title":"Albert von Schrenck-Notzing - Uni\u00f3n Esp\u00edrita","robots":{"index":"index","follow":"follow","max-snippet":"max-snippet:-1","max-image-preview":"max-image-preview:large","max-video-preview":"max-video-preview:-1"},"canonical":"https:\/\/nuevo-renacer.com\/fr\/albert-von-schrenck-notzing\/","og_locale":"fr_FR","og_type":"article","og_title":"Albert von Schrenck-Notzing","og_description":"Albert von Schrenck-Notzing El bar\u00f3n Albert von Schrenck-Notzing naci\u00f3 el 18 de mayo de 1862 en Oldenburg, Alemania, y estudi\u00f3 en la Universidad de M\u00fanich. Fue psiquiatra forense y miembro de la aristocracia alemana, y se interes\u00f3 por la investigaci\u00f3n ps\u00edquica en 1889. Colabor\u00f3 con Charles Richet, C\u00e9sar Lombroso, Oliver Lodge y muchos otros en [&hellip;]","og_url":"https:\/\/nuevo-renacer.com\/fr\/albert-von-schrenck-notzing\/","og_site_name":"Uni\u00f3n Esp\u00edrita","article_publisher":"https:\/\/www.facebook.com\/groups\/3431398063740829","article_modified_time":"2025-12-22T12:56:21+00:00","og_image":[{"width":531,"height":758,"url":"https:\/\/nuevo-renacer.com\/wp-content\/uploads\/2025\/12\/Albert-von-Schrenck-Notzing.jpg","type":"image\/jpeg"}],"twitter_card":"summary_large_image","twitter_misc":{"Dur\u00e9e de lecture estim\u00e9e":"2 minutes"},"schema":{"@context":"https:\/\/schema.org","@graph":[{"@type":"WebPage","@id":"https:\/\/nuevo-renacer.com\/albert-von-schrenck-notzing\/","url":"https:\/\/nuevo-renacer.com\/albert-von-schrenck-notzing\/","name":"Albert von Schrenck-Notzing - Uni\u00f3n Esp\u00edrita","isPartOf":{"@id":"https:\/\/nuevo-renacer.com\/#website"},"primaryImageOfPage":{"@id":"https:\/\/nuevo-renacer.com\/albert-von-schrenck-notzing\/#primaryimage"},"image":{"@id":"https:\/\/nuevo-renacer.com\/albert-von-schrenck-notzing\/#primaryimage"},"thumbnailUrl":"https:\/\/nuevo-renacer.com\/wp-content\/uploads\/2025\/12\/Albert-von-Schrenck-Notzing.jpg","datePublished":"2025-12-22T12:56:17+00:00","dateModified":"2025-12-22T12:56:21+00:00","breadcrumb":{"@id":"https:\/\/nuevo-renacer.com\/albert-von-schrenck-notzing\/#breadcrumb"},"inLanguage":"fr-FR","potentialAction":[{"@type":"ReadAction","target":["https:\/\/nuevo-renacer.com\/albert-von-schrenck-notzing\/"]}]},{"@type":"ImageObject","inLanguage":"fr-FR","@id":"https:\/\/nuevo-renacer.com\/albert-von-schrenck-notzing\/#primaryimage","url":"https:\/\/nuevo-renacer.com\/wp-content\/uploads\/2025\/12\/Albert-von-Schrenck-Notzing.jpg","contentUrl":"https:\/\/nuevo-renacer.com\/wp-content\/uploads\/2025\/12\/Albert-von-Schrenck-Notzing.jpg"},{"@type":"BreadcrumbList","@id":"https:\/\/nuevo-renacer.com\/albert-von-schrenck-notzing\/#breadcrumb","itemListElement":[{"@type":"ListItem","position":1,"name":"Startseite","item":"https:\/\/nuevo-renacer.com\/"},{"@type":"ListItem","position":2,"name":"Albert von Schrenck-Notzing"}]},{"@type":"WebSite","@id":"https:\/\/nuevo-renacer.com\/#website","url":"https:\/\/nuevo-renacer.com\/","name":"Uni\u00f3n Esp\u00edrita","description":"Nuevo Renacer","publisher":{"@id":"https:\/\/nuevo-renacer.com\/#organization"},"potentialAction":[{"@type":"SearchAction","target":{"@type":"EntryPoint","urlTemplate":"https:\/\/nuevo-renacer.com\/?s={search_term_string}"},"query-input":{"@type":"PropertyValueSpecification","valueRequired":true,"valueName":"search_term_string"}}],"inLanguage":"fr-FR"},{"@type":"Organization","@id":"https:\/\/nuevo-renacer.com\/#organization","name":"UFEC","url":"https:\/\/nuevo-renacer.com\/","logo":{"@type":"ImageObject","inLanguage":"fr-FR","@id":"https:\/\/nuevo-renacer.com\/#\/schema\/logo\/image\/","url":"https:\/\/nuevo-renacer.com\/wp-content\/uploads\/2024\/05\/cropped-LOGO-TERMINADO1-3-3.png","contentUrl":"https:\/\/nuevo-renacer.com\/wp-content\/uploads\/2024\/05\/cropped-LOGO-TERMINADO1-3-3.png","width":512,"height":512,"caption":"UFEC"},"image":{"@id":"https:\/\/nuevo-renacer.com\/#\/schema\/logo\/image\/"},"sameAs":["https:\/\/www.facebook.com\/groups\/3431398063740829"]}]}},"uagb_featured_image_src":{"full":false,"thumbnail":false,"medium":false,"medium_large":false,"large":false,"1536x1536":false,"2048x2048":false,"trp-custom-language-flag":false},"uagb_author_info":{"display_name":"adbv0","author_link":"https:\/\/nuevo-renacer.com\/fr\/author\/adbv0\/"},"uagb_comment_info":0,"uagb_excerpt":"Albert von Schrenck-Notzing El bar\u00f3n Albert von Schrenck-Notzing naci\u00f3 el 18 de mayo de 1862 en Oldenburg, Alemania, y estudi\u00f3 en la Universidad de M\u00fanich. Fue psiquiatra forense y miembro de la aristocracia alemana, y se interes\u00f3 por la investigaci\u00f3n ps\u00edquica en 1889. Colabor\u00f3 con Charles Richet, C\u00e9sar Lombroso, Oliver Lodge y muchos otros en\u2026","jetpack_sharing_enabled":true,"_links":{"self":[{"href":"https:\/\/nuevo-renacer.com\/fr\/wp-json\/wp\/v2\/pages\/8751","targetHints":{"allow":["GET"]}}],"collection":[{"href":"https:\/\/nuevo-renacer.com\/fr\/wp-json\/wp\/v2\/pages"}],"about":[{"href":"https:\/\/nuevo-renacer.com\/fr\/wp-json\/wp\/v2\/types\/page"}],"author":[{"embeddable":true,"href":"https:\/\/nuevo-renacer.com\/fr\/wp-json\/wp\/v2\/users\/1"}],"replies":[{"embeddable":true,"href":"https:\/\/nuevo-renacer.com\/fr\/wp-json\/wp\/v2\/comments?post=8751"}],"version-history":[{"count":1,"href":"https:\/\/nuevo-renacer.com\/fr\/wp-json\/wp\/v2\/pages\/8751\/revisions"}],"predecessor-version":[{"id":8753,"href":"https:\/\/nuevo-renacer.com\/fr\/wp-json\/wp\/v2\/pages\/8751\/revisions\/8753"}],"wp:attachment":[{"href":"https:\/\/nuevo-renacer.com\/fr\/wp-json\/wp\/v2\/media?parent=8751"}],"curies":[{"name":"wp","href":"https:\/\/api.w.org\/{rel}","templated":true}]}}