{"id":8720,"date":"2025-11-24T11:45:02","date_gmt":"2025-11-24T11:45:02","guid":{"rendered":"https:\/\/nuevo-renacer.com\/?page_id=8720"},"modified":"2025-11-24T11:45:05","modified_gmt":"2025-11-24T11:45:05","slug":"deolindo-amorim","status":"publish","type":"page","link":"https:\/\/nuevo-renacer.com\/fr\/deolindo-amorim\/","title":{"rendered":"Deolindo Amorim"},"content":{"rendered":"<div class=\"wp-block-uagb-container uagb-block-7b8ddccf alignfull uagb-is-root-container\"><div class=\"uagb-container-inner-blocks-wrap\">\n<p class=\"has-black-color has-text-color has-link-color has-medium-font-size wp-elements-228836afe7fbdd559211a974a2db083e\"><strong>Deolindo Amorim<\/strong><\/p>\n<\/div><\/div>\n\n\n\n<div class=\"wp-block-uagb-container uagb-block-e795a4c3 alignfull uagb-is-root-container\"><div class=\"uagb-container-inner-blocks-wrap\">\n<figure class=\"wp-block-image size-full\"><img fetchpriority=\"high\" decoding=\"async\" width=\"195\" height=\"258\" src=\"https:\/\/nuevo-renacer.com\/wp-content\/uploads\/2025\/11\/Deolindo-Amorim.jpg\" alt=\"\" class=\"wp-image-8721\" srcset=\"https:\/\/nuevo-renacer.com\/wp-content\/uploads\/2025\/11\/Deolindo-Amorim.jpg 195w, https:\/\/nuevo-renacer.com\/wp-content\/uploads\/2025\/11\/Deolindo-Amorim-9x12.jpg 9w\" sizes=\"(max-width: 195px) 100vw, 195px\" \/><\/figure>\n<\/div><\/div>\n\n\n\n<div class=\"wp-block-uagb-container uagb-block-f59387df alignfull uagb-is-root-container\"><div class=\"uagb-container-inner-blocks-wrap\">\n<p class=\"has-black-color has-text-color has-link-color wp-elements-90aaafa4e0b4b9affd837a1bfa2d16cc\">Deolindo Amorim est n\u00e9 le 23 janvier 1908, bien que ses documents indiquent 1906, dans la ville de Baixa Grande, dans l'\u00c9tat de Bahia, et est d\u00e9c\u00e9d\u00e9 \u00e0 Rio de Janeiro le 24 avril 1989. Fils de Deolindo Antonio de Amorim et Maria Flora de Amorim, il s'est mari\u00e9 avec Delta dos Santos Amorim, avec qui il a eu deux enfants : Paulo Henrique Amorim (journaliste et correspondant \u00e0 l'\u00e9tranger) et Mar\u00edlia dos Santos Amorim.<\/p>\n\n\n\n<p class=\"has-black-color has-text-color has-link-color wp-elements-eb1a864cd218c9a511d43e63e9571bc1\">N\u00e9 dans une famille catholique, il s'est converti au protestantisme, par l'interm\u00e9diaire de l'\u00c9glise presbyt\u00e9rienne de Bahia, dans les ann\u00e9es 1925\/1926, apr\u00e8s avoir particip\u00e9 \u00e0 la grande campagne men\u00e9e par les croyants \u00e9vang\u00e9liques dans le sud de Bahia pour d\u00e9fendre la libert\u00e9 religieuse, contre les amendements alors en discussion au Congr\u00e8s national. Il a \u00e9t\u00e9 s\u00e9lectionn\u00e9 pour \u00e9tudier dans un s\u00e9minaire \u00e9vang\u00e9lique afin de devenir pasteur, mais il n'a jamais profess\u00e9 sa foi. Il a abandonn\u00e9 le protestantisme apr\u00e8s avoir \u00e9t\u00e9 r\u00e9primand\u00e9 par un pasteur, alors qu'il lisait un livre de litt\u00e9rature non \u00e9vang\u00e9lique, avec les mots suivants : \u00ab \u00c9coute, mon fr\u00e8re, celui qui se consacre au minist\u00e8re du Seigneur doit m\u00e9priser toutes ces choses \u00bb.<\/p>\n\n\n\n<p class=\"has-black-color has-text-color has-link-color wp-elements-b047bf84a20619669844b767836d04e6\">Autodidacte, sa vocation pour la litt\u00e9rature s'est manifest\u00e9e tr\u00e8s t\u00f4t. Ses premiers travaux sur des th\u00e8mes \u00e9vang\u00e9liques ont \u00e9t\u00e9 publi\u00e9s \u00e0 l'\u00e2ge de 17 ans, dans une publication protestante de Canavieiros, Bahia, intitul\u00e9e Noroeste Evang\u00e9lico. Cependant, ce furent des ann\u00e9es de recherche ; il devint agnostique, mais les doutes et la d\u00e9pression \u00e9taient toujours pr\u00e9sents. Jusqu'en 1935, lorsqu'un ami l'invita \u00e0 assister \u00e0 une r\u00e9union au Centre spirite Jorge Niemeyer, \u00e0 Rio de Janeiro, ville o\u00f9 il vivait depuis qu'il avait servi dans l'arm\u00e9e. Deolindo appr\u00e9cia non seulement la conf\u00e9rence et les concepts qu'il y entendit, mais il devint \u00e9galement un visiteur assidu du Centre, o\u00f9 il se mit \u00e0 \u00e9tudier les ouvrages fondamentaux. Lors de la premi\u00e8re \u00e9lection organis\u00e9e apr\u00e8s sa conversion, il fut \u00e9lu premier secr\u00e9taire de l'entit\u00e9.<\/p>\n\n\n\n<p class=\"has-black-color has-text-color has-link-color wp-elements-e04193899f16fab90d67e05334277168\">\u00c0 23 ans, il exer\u00e7ait d\u00e9j\u00e0 des activit\u00e9s journalistiques. \u00c0 Rio, il a collabor\u00e9 avec le Jornal do Com\u00e9rcio, puis avec A Vanguarda. Et, d\u00e9j\u00e0 en tant que journaliste professionnel syndiqu\u00e9, il est pass\u00e9 \u00e0 O Radical. Il est rest\u00e9 fid\u00e8le au journalisme jusqu'\u00e0 la fin de sa vie physique.<\/p>\n\n\n\n<p class=\"has-black-color has-text-color has-link-color wp-elements-b8df37b86ba9c6bc8e22899ec20272c3\">Fort de sa vaste culture et de son talent, auxquels s'ajoutait son humilit\u00e9 caract\u00e9ristique, il fut r\u00e9dacteur en chef du Mundo Esp\u00edrita, journal lanc\u00e9 \u00e0 Rio de Janeiro, puis transf\u00e9r\u00e9 \u00e0 Curitiba, dans l'\u00c9tat du Paran\u00e1, et fut son correspondant \u00e0 Rio jusqu'aux derniers jours de sa vie physique. Il collabora avec la plupart des journaux et magazines spirites du Br\u00e9sil et de l'\u00e9tranger.<\/p>\n\n\n\n<p class=\"has-black-color has-text-color has-link-color wp-elements-2fc714ff1458ba0400c82e024f43e923\">En 1939, avec Lins de Vasconcelos, il participa \u00e0 la Coalition pour un \u00c9tat la\u00efc. C'est \u00e9galement en 1939, le 15 novembre, alors que le Br\u00e9sil c\u00e9l\u00e9brait le cinquanti\u00e8me anniversaire de la Proclamation de la R\u00e9publique, qu'il installa et pr\u00e9sida le Ier Congr\u00e8s br\u00e9silien des journalistes et \u00e9crivains spirites.<\/p>\n\n\n\n<p class=\"has-black-color has-text-color has-link-color wp-elements-ec8926132907915c02671b4e0ad6b604\">En 1948, avec Leopoldo Machado et d'autres confr\u00e8res, il organisa le Ier Congr\u00e8s des Jeunesses Spiritistes du Br\u00e9sil. Il fut secr\u00e9taire du IIe Congr\u00e8s Spiritiste Panam\u00e9ricain, qui se tint \u00e0 Rio de Janeiro en 1949, puis fut \u00e9lu secr\u00e9taire de la Conf\u00e9d\u00e9ration Spiritiste Panam\u00e9ricain (CEPA) pendant les trois ann\u00e9es o\u00f9 cette organisation internationale fonctionna au Br\u00e9sil. Deolindo Amorim a lanc\u00e9 au Br\u00e9sil des m\u00e9thodes didactiques pour la diffusion du spiritisme et, dans ce but, a fond\u00e9 la Facult\u00e9 d'\u00e9tudes psychiques, qui a ensuite \u00e9t\u00e9 remplac\u00e9e par l'Institut de culture spirite du Br\u00e9sil (ICEB). Il en a \u00e9t\u00e9 le pr\u00e9sident pendant toute sa vie. Il a consacr\u00e9 les meilleures ann\u00e9es de sa vie \u00e0 l'ICEB, y mettant en place les cours r\u00e9guliers sur l'esprit, comme le pr\u00e9conisait Allan Kardec.<\/p>\n\n\n\n<p class=\"has-black-color has-text-color has-link-color wp-elements-d52d71751e6016ff57fcaa146f73acb2\">Il a \u00e9crit, entre autres, les livres : Le spiritisme et les doctrines spiritualistes ; Spiritisme et criminologie ; Africanisme et spiritisme ; Id\u00e9es et r\u00e9miniscences spirites ; Le spiritisme et les probl\u00e8mes humains ; Le spiritisme \u00e0 la lumi\u00e8re de la critique et les opuscule Le sens immortaliste de la pens\u00e9e de Le\u00f4ncio Correia ; Le 18 avril, grande date spirite ; Allan Kardec, l'homme, l'\u00e9poque, le milieu, les influences, la mission et La pens\u00e9e philosophique de L\u00e9on Denis.<\/p>\n\n\n\n<p class=\"has-black-color has-text-color has-link-color wp-elements-d4670f7f5560e85aa8fb2c3e8f4cb1c0\">Beaucoup de ses \u0153uvres ont \u00e9t\u00e9 traduites dans plusieurs langues. Il a \u00e9galement \u00e9crit certains livres en collaboration avec d'autres confr\u00e8res et, apr\u00e8s son d\u00e9c\u00e8s, d'autres ont \u00e9t\u00e9 publi\u00e9s \u00e0 l'initiative du journaliste et \u00e9crivain spirite Celso Martins, qui a men\u00e9 des recherches minutieuses dans la presse nationale, rassemblant les travaux de Deolindo et les compilant dans des livres.<\/p>\n\n\n\n<p class=\"has-black-color has-text-color has-link-color wp-elements-13c9d94c9ce09b8a799ca459fa3bbf42\">Dipl\u00f4m\u00e9 en sociologie de la Facult\u00e9 nationale de philosophie de l'Universit\u00e9 du Br\u00e9sil, Deolindo Amorim \u00e9tait \u00e9galement titulaire de dipl\u00f4mes en publicit\u00e9 et en services sociaux, et avait occup\u00e9 des postes \u00e9lev\u00e9s au minist\u00e8re des Finances. Il \u00e9tait \u00e9galement membre de l'Acad\u00e9mie des lettres de l'\u00c9tat de Rio de Janeiro, de la Soci\u00e9t\u00e9 br\u00e9silienne de philosophie, de l'Institut historique et g\u00e9ographique de Bahia et de l'Association br\u00e9silienne de la presse.<\/p>\n\n\n\n<p class=\"has-black-color has-text-color has-link-color wp-elements-d71fe9003cda449262d97b82cf0cc377\">De plus, lors du VIe Congr\u00e8s br\u00e9silien des journalistes et \u00e9crivains spirites, qui s'est tenu en juillet 1976 \u00e0 Brasilia, l'Association br\u00e9silienne des journalistes et \u00e9crivains spirites (ABRAJEE) a \u00e9t\u00e9 fond\u00e9e, un id\u00e9al que lui et d'autres confr\u00e8res caressaient depuis des ann\u00e9es. Deolindo en a \u00e9t\u00e9 le premier pr\u00e9sident.<\/p>\n\n\n\n<p class=\"has-black-color has-text-color has-link-color wp-elements-604fd4e2e74de55fcfba501796bd024b\">Ce n'est pas sans raison que Deolindo Amorim est l'\u00e9crivain et journaliste spirite br\u00e9silien le plus connu \u00e0 l'\u00e9tranger. Sa culture et son dynamisme, sa mani\u00e8re claire de pr\u00e9senter les concepts de la Doctrine au public, alli\u00e9s \u00e0 son humilit\u00e9, expliquent son succ\u00e8s aux quatre coins du monde et, certainement, aussi dans le Plan Spirituel.<\/p>\n<\/div><\/div>\n\n\n\n<div class=\"wp-block-uagb-container uagb-block-d29d545f alignfull uagb-is-root-container\"><div class=\"uagb-container-inner-blocks-wrap\"><\/div><\/div>\n\n\n\n<div class=\"wp-block-uagb-container uagb-block-26af6ee1 alignfull uagb-is-root-container\"><div class=\"uagb-container-inner-blocks-wrap\"><\/div><\/div>","protected":false},"excerpt":{"rendered":"<p>Deolindo Amorim Deolindo Amorim naci\u00f3 el 23 de enero de 1908, aunque en sus documentos figura 1906, en la ciudad de Baixa Grande, estado de Bah\u00eda, y falleci\u00f3 en R\u00edo de Janeiro el 24 de abril de 1989. Hijo de Deolindo Antonio de Amorim y Maria Flora de Amorim, se cas\u00f3 con Delta dos Santos [&hellip;]<\/p>","protected":false},"author":1,"featured_media":0,"parent":0,"menu_order":0,"comment_status":"closed","ping_status":"closed","template":"","meta":{"_uag_custom_page_level_css":"","site-sidebar-layout":"default","site-content-layout":"","ast-site-content-layout":"default","site-content-style":"default","site-sidebar-style":"default","ast-global-header-display":"","ast-banner-title-visibility":"","ast-main-header-display":"","ast-hfb-above-header-display":"","ast-hfb-below-header-display":"","ast-hfb-mobile-header-display":"","site-post-title":"disabled","ast-breadcrumbs-content":"","ast-featured-img":"","footer-sml-layout":"","theme-transparent-header-meta":"","adv-header-id-meta":"","stick-header-meta":"","header-above-stick-meta":"","header-main-stick-meta":"","header-below-stick-meta":"","astra-migrate-meta-layouts":"set","ast-page-background-enabled":"default","ast-page-background-meta":{"desktop":{"background-color":"var(--ast-global-color-4)","background-image":"","background-repeat":"repeat","background-position":"center center","background-size":"auto","background-attachment":"scroll","background-type":"","background-media":"","overlay-type":"","overlay-color":"","overlay-opacity":"","overlay-gradient":""},"tablet":{"background-color":"","background-image":"","background-repeat":"repeat","background-position":"center center","background-size":"auto","background-attachment":"scroll","background-type":"","background-media":"","overlay-type":"","overlay-color":"","overlay-opacity":"","overlay-gradient":""},"mobile":{"background-color":"","background-image":"","background-repeat":"repeat","background-position":"center center","background-size":"auto","background-attachment":"scroll","background-type":"","background-media":"","overlay-type":"","overlay-color":"","overlay-opacity":"","overlay-gradient":""}},"ast-content-background-meta":{"desktop":{"background-color":"var(--ast-global-color-5)","background-image":"","background-repeat":"repeat","background-position":"center center","background-size":"auto","background-attachment":"scroll","background-type":"","background-media":"","overlay-type":"","overlay-color":"","overlay-opacity":"","overlay-gradient":""},"tablet":{"background-color":"var(--ast-global-color-5)","background-image":"","background-repeat":"repeat","background-position":"center center","background-size":"auto","background-attachment":"scroll","background-type":"","background-media":"","overlay-type":"","overlay-color":"","overlay-opacity":"","overlay-gradient":""},"mobile":{"background-color":"var(--ast-global-color-5)","background-image":"","background-repeat":"repeat","background-position":"center center","background-size":"auto","background-attachment":"scroll","background-type":"","background-media":"","overlay-type":"","overlay-color":"","overlay-opacity":"","overlay-gradient":""}},"footnotes":""},"class_list":["post-8720","page","type-page","status-publish","hentry"],"yoast_head":"<!-- This site is optimized with the Yoast SEO Premium plugin v24.2 (Yoast SEO v24.6) - https:\/\/yoast.com\/wordpress\/plugins\/seo\/ -->\n<title>Deolindo Amorim - Uni\u00f3n Esp\u00edrita<\/title>\n<meta name=\"robots\" content=\"index, follow, max-snippet:-1, max-image-preview:large, max-video-preview:-1\" \/>\n<link rel=\"canonical\" href=\"https:\/\/nuevo-renacer.com\/fr\/deolindo-amorim\/\" \/>\n<meta property=\"og:locale\" content=\"fr_FR\" \/>\n<meta property=\"og:type\" content=\"article\" \/>\n<meta property=\"og:title\" content=\"Deolindo Amorim\" \/>\n<meta property=\"og:description\" content=\"Deolindo Amorim Deolindo Amorim naci\u00f3 el 23 de enero de 1908, aunque en sus documentos figura 1906, en la ciudad de Baixa Grande, estado de Bah\u00eda, y falleci\u00f3 en R\u00edo de Janeiro el 24 de abril de 1989. Hijo de Deolindo Antonio de Amorim y Maria Flora de Amorim, se cas\u00f3 con Delta dos Santos [&hellip;]\" \/>\n<meta property=\"og:url\" content=\"https:\/\/nuevo-renacer.com\/fr\/deolindo-amorim\/\" \/>\n<meta property=\"og:site_name\" content=\"Uni\u00f3n Esp\u00edrita\" \/>\n<meta property=\"article:publisher\" content=\"https:\/\/www.facebook.com\/groups\/3431398063740829\" \/>\n<meta property=\"article:modified_time\" content=\"2025-11-24T11:45:05+00:00\" \/>\n<meta property=\"og:image\" content=\"https:\/\/nuevo-renacer.com\/wp-content\/uploads\/2025\/11\/Deolindo-Amorim.jpg\" \/>\n\t<meta property=\"og:image:width\" content=\"195\" \/>\n\t<meta property=\"og:image:height\" content=\"258\" \/>\n\t<meta property=\"og:image:type\" content=\"image\/jpeg\" \/>\n<meta name=\"twitter:card\" content=\"summary_large_image\" \/>\n<meta name=\"twitter:label1\" content=\"Dur\u00e9e de lecture estim\u00e9e\" \/>\n\t<meta name=\"twitter:data1\" content=\"6 minutes\" \/>\n<script type=\"application\/ld+json\" class=\"yoast-schema-graph\">{\"@context\":\"https:\/\/schema.org\",\"@graph\":[{\"@type\":\"WebPage\",\"@id\":\"https:\/\/nuevo-renacer.com\/deolindo-amorim\/\",\"url\":\"https:\/\/nuevo-renacer.com\/deolindo-amorim\/\",\"name\":\"Deolindo Amorim - Uni\u00f3n Esp\u00edrita\",\"isPartOf\":{\"@id\":\"https:\/\/nuevo-renacer.com\/#website\"},\"primaryImageOfPage\":{\"@id\":\"https:\/\/nuevo-renacer.com\/deolindo-amorim\/#primaryimage\"},\"image\":{\"@id\":\"https:\/\/nuevo-renacer.com\/deolindo-amorim\/#primaryimage\"},\"thumbnailUrl\":\"https:\/\/nuevo-renacer.com\/wp-content\/uploads\/2025\/11\/Deolindo-Amorim.jpg\",\"datePublished\":\"2025-11-24T11:45:02+00:00\",\"dateModified\":\"2025-11-24T11:45:05+00:00\",\"breadcrumb\":{\"@id\":\"https:\/\/nuevo-renacer.com\/deolindo-amorim\/#breadcrumb\"},\"inLanguage\":\"fr-FR\",\"potentialAction\":[{\"@type\":\"ReadAction\",\"target\":[\"https:\/\/nuevo-renacer.com\/deolindo-amorim\/\"]}]},{\"@type\":\"ImageObject\",\"inLanguage\":\"fr-FR\",\"@id\":\"https:\/\/nuevo-renacer.com\/deolindo-amorim\/#primaryimage\",\"url\":\"https:\/\/nuevo-renacer.com\/wp-content\/uploads\/2025\/11\/Deolindo-Amorim.jpg\",\"contentUrl\":\"https:\/\/nuevo-renacer.com\/wp-content\/uploads\/2025\/11\/Deolindo-Amorim.jpg\"},{\"@type\":\"BreadcrumbList\",\"@id\":\"https:\/\/nuevo-renacer.com\/deolindo-amorim\/#breadcrumb\",\"itemListElement\":[{\"@type\":\"ListItem\",\"position\":1,\"name\":\"Startseite\",\"item\":\"https:\/\/nuevo-renacer.com\/\"},{\"@type\":\"ListItem\",\"position\":2,\"name\":\"Deolindo Amorim\"}]},{\"@type\":\"WebSite\",\"@id\":\"https:\/\/nuevo-renacer.com\/#website\",\"url\":\"https:\/\/nuevo-renacer.com\/\",\"name\":\"Uni\u00f3n Esp\u00edrita\",\"description\":\"Nuevo Renacer\",\"publisher\":{\"@id\":\"https:\/\/nuevo-renacer.com\/#organization\"},\"potentialAction\":[{\"@type\":\"SearchAction\",\"target\":{\"@type\":\"EntryPoint\",\"urlTemplate\":\"https:\/\/nuevo-renacer.com\/?s={search_term_string}\"},\"query-input\":{\"@type\":\"PropertyValueSpecification\",\"valueRequired\":true,\"valueName\":\"search_term_string\"}}],\"inLanguage\":\"fr-FR\"},{\"@type\":\"Organization\",\"@id\":\"https:\/\/nuevo-renacer.com\/#organization\",\"name\":\"UFEC\",\"url\":\"https:\/\/nuevo-renacer.com\/\",\"logo\":{\"@type\":\"ImageObject\",\"inLanguage\":\"fr-FR\",\"@id\":\"https:\/\/nuevo-renacer.com\/#\/schema\/logo\/image\/\",\"url\":\"https:\/\/nuevo-renacer.com\/wp-content\/uploads\/2024\/05\/cropped-LOGO-TERMINADO1-3-3.png\",\"contentUrl\":\"https:\/\/nuevo-renacer.com\/wp-content\/uploads\/2024\/05\/cropped-LOGO-TERMINADO1-3-3.png\",\"width\":512,\"height\":512,\"caption\":\"UFEC\"},\"image\":{\"@id\":\"https:\/\/nuevo-renacer.com\/#\/schema\/logo\/image\/\"},\"sameAs\":[\"https:\/\/www.facebook.com\/groups\/3431398063740829\"]}]}<\/script>\n<!-- \/ Yoast SEO Premium plugin. -->","yoast_head_json":{"title":"Deolindo Amorim - Uni\u00f3n Esp\u00edrita","robots":{"index":"index","follow":"follow","max-snippet":"max-snippet:-1","max-image-preview":"max-image-preview:large","max-video-preview":"max-video-preview:-1"},"canonical":"https:\/\/nuevo-renacer.com\/fr\/deolindo-amorim\/","og_locale":"fr_FR","og_type":"article","og_title":"Deolindo Amorim","og_description":"Deolindo Amorim Deolindo Amorim naci\u00f3 el 23 de enero de 1908, aunque en sus documentos figura 1906, en la ciudad de Baixa Grande, estado de Bah\u00eda, y falleci\u00f3 en R\u00edo de Janeiro el 24 de abril de 1989. Hijo de Deolindo Antonio de Amorim y Maria Flora de Amorim, se cas\u00f3 con Delta dos Santos [&hellip;]","og_url":"https:\/\/nuevo-renacer.com\/fr\/deolindo-amorim\/","og_site_name":"Uni\u00f3n Esp\u00edrita","article_publisher":"https:\/\/www.facebook.com\/groups\/3431398063740829","article_modified_time":"2025-11-24T11:45:05+00:00","og_image":[{"width":195,"height":258,"url":"https:\/\/nuevo-renacer.com\/wp-content\/uploads\/2025\/11\/Deolindo-Amorim.jpg","type":"image\/jpeg"}],"twitter_card":"summary_large_image","twitter_misc":{"Dur\u00e9e de lecture estim\u00e9e":"6 minutes"},"schema":{"@context":"https:\/\/schema.org","@graph":[{"@type":"WebPage","@id":"https:\/\/nuevo-renacer.com\/deolindo-amorim\/","url":"https:\/\/nuevo-renacer.com\/deolindo-amorim\/","name":"Deolindo Amorim - Uni\u00f3n Esp\u00edrita","isPartOf":{"@id":"https:\/\/nuevo-renacer.com\/#website"},"primaryImageOfPage":{"@id":"https:\/\/nuevo-renacer.com\/deolindo-amorim\/#primaryimage"},"image":{"@id":"https:\/\/nuevo-renacer.com\/deolindo-amorim\/#primaryimage"},"thumbnailUrl":"https:\/\/nuevo-renacer.com\/wp-content\/uploads\/2025\/11\/Deolindo-Amorim.jpg","datePublished":"2025-11-24T11:45:02+00:00","dateModified":"2025-11-24T11:45:05+00:00","breadcrumb":{"@id":"https:\/\/nuevo-renacer.com\/deolindo-amorim\/#breadcrumb"},"inLanguage":"fr-FR","potentialAction":[{"@type":"ReadAction","target":["https:\/\/nuevo-renacer.com\/deolindo-amorim\/"]}]},{"@type":"ImageObject","inLanguage":"fr-FR","@id":"https:\/\/nuevo-renacer.com\/deolindo-amorim\/#primaryimage","url":"https:\/\/nuevo-renacer.com\/wp-content\/uploads\/2025\/11\/Deolindo-Amorim.jpg","contentUrl":"https:\/\/nuevo-renacer.com\/wp-content\/uploads\/2025\/11\/Deolindo-Amorim.jpg"},{"@type":"BreadcrumbList","@id":"https:\/\/nuevo-renacer.com\/deolindo-amorim\/#breadcrumb","itemListElement":[{"@type":"ListItem","position":1,"name":"Startseite","item":"https:\/\/nuevo-renacer.com\/"},{"@type":"ListItem","position":2,"name":"Deolindo Amorim"}]},{"@type":"WebSite","@id":"https:\/\/nuevo-renacer.com\/#website","url":"https:\/\/nuevo-renacer.com\/","name":"Uni\u00f3n Esp\u00edrita","description":"Nuevo Renacer","publisher":{"@id":"https:\/\/nuevo-renacer.com\/#organization"},"potentialAction":[{"@type":"SearchAction","target":{"@type":"EntryPoint","urlTemplate":"https:\/\/nuevo-renacer.com\/?s={search_term_string}"},"query-input":{"@type":"PropertyValueSpecification","valueRequired":true,"valueName":"search_term_string"}}],"inLanguage":"fr-FR"},{"@type":"Organization","@id":"https:\/\/nuevo-renacer.com\/#organization","name":"UFEC","url":"https:\/\/nuevo-renacer.com\/","logo":{"@type":"ImageObject","inLanguage":"fr-FR","@id":"https:\/\/nuevo-renacer.com\/#\/schema\/logo\/image\/","url":"https:\/\/nuevo-renacer.com\/wp-content\/uploads\/2024\/05\/cropped-LOGO-TERMINADO1-3-3.png","contentUrl":"https:\/\/nuevo-renacer.com\/wp-content\/uploads\/2024\/05\/cropped-LOGO-TERMINADO1-3-3.png","width":512,"height":512,"caption":"UFEC"},"image":{"@id":"https:\/\/nuevo-renacer.com\/#\/schema\/logo\/image\/"},"sameAs":["https:\/\/www.facebook.com\/groups\/3431398063740829"]}]}},"uagb_featured_image_src":{"full":false,"thumbnail":false,"medium":false,"medium_large":false,"large":false,"1536x1536":false,"2048x2048":false,"trp-custom-language-flag":false},"uagb_author_info":{"display_name":"adbv0","author_link":"https:\/\/nuevo-renacer.com\/fr\/author\/adbv0\/"},"uagb_comment_info":0,"uagb_excerpt":"Deolindo Amorim Deolindo Amorim naci\u00f3 el 23 de enero de 1908, aunque en sus documentos figura 1906, en la ciudad de Baixa Grande, estado de Bah\u00eda, y falleci\u00f3 en R\u00edo de Janeiro el 24 de abril de 1989. Hijo de Deolindo Antonio de Amorim y Maria Flora de Amorim, se cas\u00f3 con Delta dos Santos\u2026","jetpack_sharing_enabled":true,"_links":{"self":[{"href":"https:\/\/nuevo-renacer.com\/fr\/wp-json\/wp\/v2\/pages\/8720","targetHints":{"allow":["GET"]}}],"collection":[{"href":"https:\/\/nuevo-renacer.com\/fr\/wp-json\/wp\/v2\/pages"}],"about":[{"href":"https:\/\/nuevo-renacer.com\/fr\/wp-json\/wp\/v2\/types\/page"}],"author":[{"embeddable":true,"href":"https:\/\/nuevo-renacer.com\/fr\/wp-json\/wp\/v2\/users\/1"}],"replies":[{"embeddable":true,"href":"https:\/\/nuevo-renacer.com\/fr\/wp-json\/wp\/v2\/comments?post=8720"}],"version-history":[{"count":1,"href":"https:\/\/nuevo-renacer.com\/fr\/wp-json\/wp\/v2\/pages\/8720\/revisions"}],"predecessor-version":[{"id":8722,"href":"https:\/\/nuevo-renacer.com\/fr\/wp-json\/wp\/v2\/pages\/8720\/revisions\/8722"}],"wp:attachment":[{"href":"https:\/\/nuevo-renacer.com\/fr\/wp-json\/wp\/v2\/media?parent=8720"}],"curies":[{"name":"wp","href":"https:\/\/api.w.org\/{rel}","templated":true}]}}