{"id":8633,"date":"2025-11-06T17:59:29","date_gmt":"2025-11-06T17:59:29","guid":{"rendered":"https:\/\/nuevo-renacer.com\/?page_id=8633"},"modified":"2025-11-06T17:59:32","modified_gmt":"2025-11-06T17:59:32","slug":"ernestina-ferreira-dos-santos","status":"publish","type":"page","link":"https:\/\/nuevo-renacer.com\/fr\/ernestina-ferreira-dos-santos\/","title":{"rendered":"Ernestina Ferreira dos Santos"},"content":{"rendered":"<div class=\"wp-block-uagb-container uagb-block-e8c7a7f2 alignfull uagb-is-root-container\"><div class=\"uagb-container-inner-blocks-wrap\">\n<p class=\"has-black-color has-text-color has-link-color has-medium-font-size wp-elements-76ad31f37335e8219fe730facb493819\"><strong>Ernestina Ferreira dos Santos<\/strong><\/p>\n<\/div><\/div>\n\n\n\n<div class=\"wp-block-uagb-container uagb-block-910e5d20 alignfull uagb-is-root-container\"><div class=\"uagb-container-inner-blocks-wrap\">\n<figure class=\"wp-block-image size-full is-resized\"><img fetchpriority=\"high\" decoding=\"async\" width=\"572\" height=\"542\" src=\"https:\/\/nuevo-renacer.com\/wp-content\/uploads\/2025\/11\/WhatsApp-Image-2025-11-06-at-18.57.38.jpeg\" alt=\"\" class=\"wp-image-8634\" style=\"width:364px;height:auto\" srcset=\"https:\/\/nuevo-renacer.com\/wp-content\/uploads\/2025\/11\/WhatsApp-Image-2025-11-06-at-18.57.38.jpeg 572w, https:\/\/nuevo-renacer.com\/wp-content\/uploads\/2025\/11\/WhatsApp-Image-2025-11-06-at-18.57.38-300x284.jpeg 300w, https:\/\/nuevo-renacer.com\/wp-content\/uploads\/2025\/11\/WhatsApp-Image-2025-11-06-at-18.57.38-13x12.jpeg 13w\" sizes=\"(max-width: 572px) 100vw, 572px\" \/><\/figure>\n<\/div><\/div>\n\n\n\n<div class=\"wp-block-uagb-container uagb-block-60d5e8b8 alignfull uagb-is-root-container\"><div class=\"uagb-container-inner-blocks-wrap\">\n<p class=\"has-black-color has-text-color has-link-color has-small-font-size wp-elements-0734009c99defdb14ccb11b8e7aee153\">Naci\u00f3 el 1 de enero de 1879 en R\u00edo de Janeiro y falleci\u00f3 el 16 de noviembre de 1953 en la misma ciudad. Era hija de Aristides Gon\u00e7alves Ferreira y D. Augusta Dias Ferreira. De peque\u00f1a perdi\u00f3 a su padre, quedando al cuidado de su buena y dedicada madre, quien le dio una esmerada educaci\u00f3n. Muy delgada y de salud delicada, a los cinco a\u00f1os de edad sufri\u00f3 un fuerte dolor en la pierna izquierda; era el comienzo de una porosis \u00f3sea, que le disloc\u00f3 la cadera. Tras una serie de operaciones muy dolorosas, tuvieron que amputarle la cabeza del f\u00e9mur, qued\u00e1ndole una pierna m\u00e1s corta, lo que le supuso a\u00f1os de intenso martirio; sus dolores eran tan fuertes que solo se pod\u00eda entrar en su habitaci\u00f3n de puntillas, para no molestarla.<\/p>\n\n\n\n<p class=\"has-black-color has-text-color has-link-color has-small-font-size wp-elements-674fb24450819c0f6d121a6c49c8b902\">As\u00ed lleg\u00f3 a la juventud en ese martirio constante. Se rebel\u00f3 contra la religi\u00f3n de sus padres, el catolicismo profesado por toda la familia. Argumentaba entonces: \u00abSiento que Dios existe, pero no como lo presentan. \u00bfPor qu\u00e9 yo, que nunca le he hecho da\u00f1o a nadie, sufro tanto, mientras que tanta gente perversa tiene salud y vive feliz?\u00bb. Su abuelo, que lo quer\u00eda mucho, se horrorizaba con ese pensamiento suyo y dec\u00eda: \u00abRecemos, gente, que nuestra Nen\u00ea est\u00e1 siendo tentada por el diablo\u00bb. Su madre, profesora, viuda, pobre y con muchos hijos, fue trasladada a Jacarepagu\u00e1. All\u00ed conoci\u00f3 a una pareja de granjeros, padres de nueve hijos, y uno de ellos se cas\u00f3 con su hija mayor, de donde naci\u00f3 un romance entre otro hijo de la pareja y Ernestina, sin esperanza de que se celebrara el enlace debido a la precariedad de su estado de salud.<\/p>\n\n\n\n<p class=\"has-black-color has-text-color has-link-color has-small-font-size wp-elements-d57f1d565a04e6b80e963096eb312efd\">Ign\u00e1cio Barbosa dos Santos, dos a\u00f1os mayor que Ernestina, se enamor\u00f3 de su candidez. Era de buen car\u00e1cter y amoroso y se convirti\u00f3 en su compa\u00f1ero constante, acompa\u00f1\u00e1ndola sin desanimarse, a pesar de su enfermedad y su estado de debilidad. A los 17 a\u00f1os, tras haber sufrido siete operaciones en la pierna, caminaba con dificultad y con dolores atroces. Aun as\u00ed, ambos se sent\u00edan cada vez m\u00e1s enamorados. Sin duda, eran almas gemelas que se hab\u00edan reencontrado.<\/p>\n\n\n\n<p class=\"has-black-color has-text-color has-link-color has-small-font-size wp-elements-92b0a23bda1697edb630b03b0c9b1615\">Debido a su enfermedad, se vio obligada a buscar a un sanador llamado Eduardo Silva, en S\u00e3o Paulo, quien, aunque no era espiritista, estaba dotado de facultades medi\u00famnicas. En esa \u00e9poca, un primo suyo le regal\u00f3 un ejemplar de \u00abEl Evangelio seg\u00fan el Espiritismo\u00bb. Durante el viaje, ley\u00f3 el libro y sinti\u00f3 que un nuevo horizonte se abr\u00eda ante sus ojos. En aquella \u00e9poca, cuando Eduardo Silva le impuso las manos, sinti\u00f3 una gran mejor\u00eda en su estado f\u00edsico; en el hotel, not\u00f3 que sus ropas estaban mojadas por una secreci\u00f3n. Con nuevas aplicaciones de pases, sus dolores desaparecieron por completo.<\/p>\n\n\n\n<p class=\"has-black-color has-text-color has-link-color has-small-font-size wp-elements-d1774cea76db806c0d4d38e624aadfe6\">Sinti\u00e9ndose curada, dos a\u00f1os despu\u00e9s accedi\u00f3 al matrimonio, convirti\u00e9ndose en esposa y madre. Su esposo se convirti\u00f3 en un enfermero desvelado, con un profundo sentimiento de protecci\u00f3n hacia su defecto f\u00edsico. A\u00f1os despu\u00e9s de casados, la enfermedad volvi\u00f3 a manifestarse. El m\u00e9dico le aconsej\u00f3 una intervenci\u00f3n quir\u00fargica, pero se cruz\u00f3 en su camino un ciudadano que profesaba el espiritismo, quien le sugiri\u00f3 la aplicaci\u00f3n de pases, recomendaci\u00f3n que ella recibi\u00f3 con gran alegr\u00eda. En esa \u00e9poca tuvo la oportunidad de desarrollar su mediumnidad, dando pasividad a un esp\u00edritu llamado Ester que, remont\u00e1ndose a vidas pasadas, le revel\u00f3 las causas de su sufrimiento. Poco despu\u00e9s, el m\u00e9dico constat\u00f3 que estaba radicalmente curada.<\/p>\n\n\n\n<p class=\"has-black-color has-text-color has-link-color has-small-font-size wp-elements-b6c69adc7ff5de46ae913281798dee8b\">Al integrarse en el espiritismo, ella y su esposo fundaron en su propia casa el \u00abGrupo Esp\u00edrita Cultivadores da Verdade\u00bb (Grupo Espiritista Cultivadores de la Verdad), que funcion\u00f3 durante alg\u00fan tiempo bajo la direcci\u00f3n del Sr. Serr\u00e3o, un amigo de la familia, y posteriormente asumi\u00f3 su direcci\u00f3n el famoso m\u00e9dium In\u00e1cio Bittencourt. Entonces se cre\u00f3 el \u00abP\u00e3o dos Pobres\u00bb (Pan de los Pobres), una forma de ayudar a los necesitados, y Ernestina sub\u00eda a menudo a las colinas, con la ayuda de un ni\u00f1o, para llevar a cabo su labor asistencial. En esa \u00e9poca, su marido sufri\u00f3 un rev\u00e9s financiero y tuvo que liquidar su empresa. Ernestina se present\u00f3 a un concurso en la Escuela Normal, se gradu\u00f3 como profesora y comenz\u00f3 a ayudar a su marido hasta que la vida de la pareja se normaliz\u00f3. Su principal aspiraci\u00f3n era fundar un hogar para acoger a ni\u00f1os desamparados, pero no ve\u00eda posibilidades de hacerlo, ya que los recursos disponibles eran escasos; las personas que frecuentaban el Grupo eran bastante modestas y pobres. Teresa de Jes\u00fas, que se comunicaba a trav\u00e9s de ella, anunciaba que, de aquella peque\u00f1a asociaci\u00f3n de Pan para los Necesitados, se desarrollar\u00eda una gran Casa de Caridad en un futuro muy pr\u00f3ximo.<\/p>\n\n\n\n<p class=\"has-black-color has-text-color has-link-color has-small-font-size wp-elements-96fd7e41969f500a9f06c1c2474bc599\">El 31 de diciembre de 1918, todo estaba listo para la distribuci\u00f3n al d\u00eda siguiente: los paquetes de alimentos, las telas, la ropa, los juguetes e incluso el dinero en sobres, cuando alguien llam\u00f3 a la puerta y entreg\u00f3 una lista con la suma de novecientos treinta mil r\u00e9is, una fortuna en aquella \u00e9poca. \u00bfQu\u00e9 hacer con todo ese dinero? Ernestina lo pens\u00f3 y lo guard\u00f3 para deliberar m\u00e1s tarde. Al d\u00eda siguiente, 1 de enero de 1919, se realiz\u00f3 la distribuci\u00f3n habitual. Era mi\u00e9rcoles y, esa noche, se celebr\u00f3 la sesi\u00f3n. Al final, como de costumbre, lleg\u00f3 el mensaje de Teresa de Jes\u00fas, diciendo: \u00abEl dinero que ha llegado en el \u00faltimo momento es la semilla para la Casa de la Caridad que os he estado anunciando. Ser\u00e1 para los ni\u00f1os m\u00e1s pobres que encontr\u00e9is. Trabajad, que yo os ayudar\u00e9\u00bb.<\/p>\n\n\n\n<p class=\"has-black-color has-text-color has-link-color has-small-font-size wp-elements-d5c500445b95ac134515c35a598dbcb5\">La alegr\u00eda fue general. En ese mismo instante, se redact\u00f3 el acta de fundaci\u00f3n y los presentes se inscribieron como socios fundadores. La primera junta directiva del Refugio \u00abTeresa de Jes\u00fas\u00bb qued\u00f3 constituida de la siguiente manera: Presidente, Ign\u00e1cio Bittencourt; Vicepresidente, Raul Salgado Zenha; Directora, Ernestina F. dos Santos; Vicedirector, Manoel Santos; Tesorero, Ant\u00f4nio Batista Coelho; Vicetesorero, Samuel Caldas; Secretario, Oct\u00e1vio Pereira Legey; Vicesecretario, Alexandre Dyott Fontenelle; y Procurador, Jo\u00e3o Esberard. Su abnegaci\u00f3n y su esp\u00edritu de trabajo, junto a los ni\u00f1os y los necesitados, su alma caritativa y su bondad personificada le valieron, en 1951, el Diploma y la Medalla de \u00abHonor al M\u00e9rito\u00bb, otorgados por Radio Nacional, en un programa dirigido por el Dr. Paulo Roberto, destinado a premiar a aquellos que se destacaran por los beneficios prestados en causas humanitarias.<\/p>\n\n\n\n<p class=\"has-black-color has-text-color has-link-color has-small-font-size wp-elements-5bf95c24c206c544f3e12d0125ea00bf\">No deseamos santificar a nadie, no es ese nuestro objetivo al desvelar estas grandes vidas, sino mostrarlas como ejemplo de abnegaci\u00f3n a las generaciones futuras, dici\u00e9ndoles: que incluso en esta \u00e9poca, en la que imperan la maldad y la corrupci\u00f3n, no todo est\u00e1 perdido, grandes almas destacan por la dulzura de sus sentimientos y su fuerza moral, como verdaderos disc\u00edpulos de Cristo. Su desencarnaci\u00f3n dej\u00f3 tras de s\u00ed un rastro de luz, seguido por un pu\u00f1ado de compa\u00f1eros que, hasta hoy, sostienen y seguir\u00e1n sosteniendo siempre la Casa de \u00abTeresa de Jes\u00fas\u00bb, instituci\u00f3n modelo en el estado de R\u00edo de Janeiro.<\/p>\n<\/div><\/div>\n\n\n\n<div class=\"wp-block-uagb-container uagb-block-e77d46d5 alignfull uagb-is-root-container\"><div class=\"uagb-container-inner-blocks-wrap\"><\/div><\/div>\n\n\n\n<div class=\"wp-block-uagb-container uagb-block-8c9ca943 alignfull uagb-is-root-container\"><div class=\"uagb-container-inner-blocks-wrap\"><\/div><\/div>","protected":false},"excerpt":{"rendered":"<p>Ernestina Ferreira dos Santos Naci\u00f3 el 1 de enero de 1879 en R\u00edo de Janeiro y falleci\u00f3 el 16 de noviembre de 1953 en la misma ciudad. Era hija de Aristides Gon\u00e7alves Ferreira y D. Augusta Dias Ferreira. De peque\u00f1a perdi\u00f3 a su padre, quedando al cuidado de su buena y dedicada madre, quien le [&hellip;]<\/p>","protected":false},"author":1,"featured_media":0,"parent":0,"menu_order":0,"comment_status":"closed","ping_status":"closed","template":"","meta":{"_uag_custom_page_level_css":"","site-sidebar-layout":"default","site-content-layout":"","ast-site-content-layout":"default","site-content-style":"default","site-sidebar-style":"default","ast-global-header-display":"","ast-banner-title-visibility":"","ast-main-header-display":"","ast-hfb-above-header-display":"","ast-hfb-below-header-display":"","ast-hfb-mobile-header-display":"","site-post-title":"disabled","ast-breadcrumbs-content":"","ast-featured-img":"","footer-sml-layout":"","theme-transparent-header-meta":"","adv-header-id-meta":"","stick-header-meta":"","header-above-stick-meta":"","header-main-stick-meta":"","header-below-stick-meta":"","astra-migrate-meta-layouts":"set","ast-page-background-enabled":"default","ast-page-background-meta":{"desktop":{"background-color":"var(--ast-global-color-4)","background-image":"","background-repeat":"repeat","background-position":"center center","background-size":"auto","background-attachment":"scroll","background-type":"","background-media":"","overlay-type":"","overlay-color":"","overlay-opacity":"","overlay-gradient":""},"tablet":{"background-color":"","background-image":"","background-repeat":"repeat","background-position":"center center","background-size":"auto","background-attachment":"scroll","background-type":"","background-media":"","overlay-type":"","overlay-color":"","overlay-opacity":"","overlay-gradient":""},"mobile":{"background-color":"","background-image":"","background-repeat":"repeat","background-position":"center center","background-size":"auto","background-attachment":"scroll","background-type":"","background-media":"","overlay-type":"","overlay-color":"","overlay-opacity":"","overlay-gradient":""}},"ast-content-background-meta":{"desktop":{"background-color":"var(--ast-global-color-5)","background-image":"","background-repeat":"repeat","background-position":"center center","background-size":"auto","background-attachment":"scroll","background-type":"","background-media":"","overlay-type":"","overlay-color":"","overlay-opacity":"","overlay-gradient":""},"tablet":{"background-color":"var(--ast-global-color-5)","background-image":"","background-repeat":"repeat","background-position":"center center","background-size":"auto","background-attachment":"scroll","background-type":"","background-media":"","overlay-type":"","overlay-color":"","overlay-opacity":"","overlay-gradient":""},"mobile":{"background-color":"var(--ast-global-color-5)","background-image":"","background-repeat":"repeat","background-position":"center center","background-size":"auto","background-attachment":"scroll","background-type":"","background-media":"","overlay-type":"","overlay-color":"","overlay-opacity":"","overlay-gradient":""}},"footnotes":""},"class_list":["post-8633","page","type-page","status-publish","hentry"],"yoast_head":"<!-- This site is optimized with the Yoast SEO Premium plugin v24.2 (Yoast SEO v24.6) - https:\/\/yoast.com\/wordpress\/plugins\/seo\/ -->\n<title>Ernestina Ferreira dos Santos - Uni\u00f3n Esp\u00edrita<\/title>\n<meta name=\"robots\" content=\"index, follow, max-snippet:-1, max-image-preview:large, max-video-preview:-1\" \/>\n<link rel=\"canonical\" href=\"https:\/\/nuevo-renacer.com\/fr\/ernestina-ferreira-dos-santos\/\" \/>\n<meta property=\"og:locale\" content=\"fr_FR\" \/>\n<meta property=\"og:type\" content=\"article\" \/>\n<meta property=\"og:title\" content=\"Ernestina Ferreira dos Santos\" \/>\n<meta property=\"og:description\" content=\"Ernestina Ferreira dos Santos Naci\u00f3 el 1 de enero de 1879 en R\u00edo de Janeiro y falleci\u00f3 el 16 de noviembre de 1953 en la misma ciudad. Era hija de Aristides Gon\u00e7alves Ferreira y D. Augusta Dias Ferreira. De peque\u00f1a perdi\u00f3 a su padre, quedando al cuidado de su buena y dedicada madre, quien le [&hellip;]\" \/>\n<meta property=\"og:url\" content=\"https:\/\/nuevo-renacer.com\/fr\/ernestina-ferreira-dos-santos\/\" \/>\n<meta property=\"og:site_name\" content=\"Uni\u00f3n Esp\u00edrita\" \/>\n<meta property=\"article:publisher\" content=\"https:\/\/www.facebook.com\/groups\/3431398063740829\" \/>\n<meta property=\"article:modified_time\" content=\"2025-11-06T17:59:32+00:00\" \/>\n<meta property=\"og:image\" content=\"https:\/\/nuevo-renacer.com\/wp-content\/uploads\/2025\/11\/WhatsApp-Image-2025-11-06-at-18.57.38.jpeg\" \/>\n\t<meta property=\"og:image:width\" content=\"572\" \/>\n\t<meta property=\"og:image:height\" content=\"542\" \/>\n\t<meta property=\"og:image:type\" content=\"image\/jpeg\" \/>\n<meta name=\"twitter:card\" content=\"summary_large_image\" \/>\n<meta name=\"twitter:label1\" content=\"Dur\u00e9e de lecture estim\u00e9e\" \/>\n\t<meta name=\"twitter:data1\" content=\"7 minutes\" \/>\n<script type=\"application\/ld+json\" class=\"yoast-schema-graph\">{\"@context\":\"https:\/\/schema.org\",\"@graph\":[{\"@type\":\"WebPage\",\"@id\":\"https:\/\/nuevo-renacer.com\/ernestina-ferreira-dos-santos\/\",\"url\":\"https:\/\/nuevo-renacer.com\/ernestina-ferreira-dos-santos\/\",\"name\":\"Ernestina Ferreira dos Santos - Uni\u00f3n Esp\u00edrita\",\"isPartOf\":{\"@id\":\"https:\/\/nuevo-renacer.com\/#website\"},\"primaryImageOfPage\":{\"@id\":\"https:\/\/nuevo-renacer.com\/ernestina-ferreira-dos-santos\/#primaryimage\"},\"image\":{\"@id\":\"https:\/\/nuevo-renacer.com\/ernestina-ferreira-dos-santos\/#primaryimage\"},\"thumbnailUrl\":\"https:\/\/nuevo-renacer.com\/wp-content\/uploads\/2025\/11\/WhatsApp-Image-2025-11-06-at-18.57.38.jpeg\",\"datePublished\":\"2025-11-06T17:59:29+00:00\",\"dateModified\":\"2025-11-06T17:59:32+00:00\",\"breadcrumb\":{\"@id\":\"https:\/\/nuevo-renacer.com\/ernestina-ferreira-dos-santos\/#breadcrumb\"},\"inLanguage\":\"fr-FR\",\"potentialAction\":[{\"@type\":\"ReadAction\",\"target\":[\"https:\/\/nuevo-renacer.com\/ernestina-ferreira-dos-santos\/\"]}]},{\"@type\":\"ImageObject\",\"inLanguage\":\"fr-FR\",\"@id\":\"https:\/\/nuevo-renacer.com\/ernestina-ferreira-dos-santos\/#primaryimage\",\"url\":\"https:\/\/nuevo-renacer.com\/wp-content\/uploads\/2025\/11\/WhatsApp-Image-2025-11-06-at-18.57.38.jpeg\",\"contentUrl\":\"https:\/\/nuevo-renacer.com\/wp-content\/uploads\/2025\/11\/WhatsApp-Image-2025-11-06-at-18.57.38.jpeg\"},{\"@type\":\"BreadcrumbList\",\"@id\":\"https:\/\/nuevo-renacer.com\/ernestina-ferreira-dos-santos\/#breadcrumb\",\"itemListElement\":[{\"@type\":\"ListItem\",\"position\":1,\"name\":\"Startseite\",\"item\":\"https:\/\/nuevo-renacer.com\/\"},{\"@type\":\"ListItem\",\"position\":2,\"name\":\"Ernestina Ferreira dos Santos\"}]},{\"@type\":\"WebSite\",\"@id\":\"https:\/\/nuevo-renacer.com\/#website\",\"url\":\"https:\/\/nuevo-renacer.com\/\",\"name\":\"Uni\u00f3n Esp\u00edrita\",\"description\":\"Nuevo Renacer\",\"publisher\":{\"@id\":\"https:\/\/nuevo-renacer.com\/#organization\"},\"potentialAction\":[{\"@type\":\"SearchAction\",\"target\":{\"@type\":\"EntryPoint\",\"urlTemplate\":\"https:\/\/nuevo-renacer.com\/?s={search_term_string}\"},\"query-input\":{\"@type\":\"PropertyValueSpecification\",\"valueRequired\":true,\"valueName\":\"search_term_string\"}}],\"inLanguage\":\"fr-FR\"},{\"@type\":\"Organization\",\"@id\":\"https:\/\/nuevo-renacer.com\/#organization\",\"name\":\"UFEC\",\"url\":\"https:\/\/nuevo-renacer.com\/\",\"logo\":{\"@type\":\"ImageObject\",\"inLanguage\":\"fr-FR\",\"@id\":\"https:\/\/nuevo-renacer.com\/#\/schema\/logo\/image\/\",\"url\":\"https:\/\/nuevo-renacer.com\/wp-content\/uploads\/2024\/05\/cropped-LOGO-TERMINADO1-3-3.png\",\"contentUrl\":\"https:\/\/nuevo-renacer.com\/wp-content\/uploads\/2024\/05\/cropped-LOGO-TERMINADO1-3-3.png\",\"width\":512,\"height\":512,\"caption\":\"UFEC\"},\"image\":{\"@id\":\"https:\/\/nuevo-renacer.com\/#\/schema\/logo\/image\/\"},\"sameAs\":[\"https:\/\/www.facebook.com\/groups\/3431398063740829\"]}]}<\/script>\n<!-- \/ Yoast SEO Premium plugin. -->","yoast_head_json":{"title":"Ernestina Ferreira dos Santos - Uni\u00f3n Esp\u00edrita","robots":{"index":"index","follow":"follow","max-snippet":"max-snippet:-1","max-image-preview":"max-image-preview:large","max-video-preview":"max-video-preview:-1"},"canonical":"https:\/\/nuevo-renacer.com\/fr\/ernestina-ferreira-dos-santos\/","og_locale":"fr_FR","og_type":"article","og_title":"Ernestina Ferreira dos Santos","og_description":"Ernestina Ferreira dos Santos Naci\u00f3 el 1 de enero de 1879 en R\u00edo de Janeiro y falleci\u00f3 el 16 de noviembre de 1953 en la misma ciudad. Era hija de Aristides Gon\u00e7alves Ferreira y D. Augusta Dias Ferreira. De peque\u00f1a perdi\u00f3 a su padre, quedando al cuidado de su buena y dedicada madre, quien le [&hellip;]","og_url":"https:\/\/nuevo-renacer.com\/fr\/ernestina-ferreira-dos-santos\/","og_site_name":"Uni\u00f3n Esp\u00edrita","article_publisher":"https:\/\/www.facebook.com\/groups\/3431398063740829","article_modified_time":"2025-11-06T17:59:32+00:00","og_image":[{"width":572,"height":542,"url":"https:\/\/nuevo-renacer.com\/wp-content\/uploads\/2025\/11\/WhatsApp-Image-2025-11-06-at-18.57.38.jpeg","type":"image\/jpeg"}],"twitter_card":"summary_large_image","twitter_misc":{"Dur\u00e9e de lecture estim\u00e9e":"7 minutes"},"schema":{"@context":"https:\/\/schema.org","@graph":[{"@type":"WebPage","@id":"https:\/\/nuevo-renacer.com\/ernestina-ferreira-dos-santos\/","url":"https:\/\/nuevo-renacer.com\/ernestina-ferreira-dos-santos\/","name":"Ernestina Ferreira dos Santos - Uni\u00f3n Esp\u00edrita","isPartOf":{"@id":"https:\/\/nuevo-renacer.com\/#website"},"primaryImageOfPage":{"@id":"https:\/\/nuevo-renacer.com\/ernestina-ferreira-dos-santos\/#primaryimage"},"image":{"@id":"https:\/\/nuevo-renacer.com\/ernestina-ferreira-dos-santos\/#primaryimage"},"thumbnailUrl":"https:\/\/nuevo-renacer.com\/wp-content\/uploads\/2025\/11\/WhatsApp-Image-2025-11-06-at-18.57.38.jpeg","datePublished":"2025-11-06T17:59:29+00:00","dateModified":"2025-11-06T17:59:32+00:00","breadcrumb":{"@id":"https:\/\/nuevo-renacer.com\/ernestina-ferreira-dos-santos\/#breadcrumb"},"inLanguage":"fr-FR","potentialAction":[{"@type":"ReadAction","target":["https:\/\/nuevo-renacer.com\/ernestina-ferreira-dos-santos\/"]}]},{"@type":"ImageObject","inLanguage":"fr-FR","@id":"https:\/\/nuevo-renacer.com\/ernestina-ferreira-dos-santos\/#primaryimage","url":"https:\/\/nuevo-renacer.com\/wp-content\/uploads\/2025\/11\/WhatsApp-Image-2025-11-06-at-18.57.38.jpeg","contentUrl":"https:\/\/nuevo-renacer.com\/wp-content\/uploads\/2025\/11\/WhatsApp-Image-2025-11-06-at-18.57.38.jpeg"},{"@type":"BreadcrumbList","@id":"https:\/\/nuevo-renacer.com\/ernestina-ferreira-dos-santos\/#breadcrumb","itemListElement":[{"@type":"ListItem","position":1,"name":"Startseite","item":"https:\/\/nuevo-renacer.com\/"},{"@type":"ListItem","position":2,"name":"Ernestina Ferreira dos Santos"}]},{"@type":"WebSite","@id":"https:\/\/nuevo-renacer.com\/#website","url":"https:\/\/nuevo-renacer.com\/","name":"Uni\u00f3n Esp\u00edrita","description":"Nuevo Renacer","publisher":{"@id":"https:\/\/nuevo-renacer.com\/#organization"},"potentialAction":[{"@type":"SearchAction","target":{"@type":"EntryPoint","urlTemplate":"https:\/\/nuevo-renacer.com\/?s={search_term_string}"},"query-input":{"@type":"PropertyValueSpecification","valueRequired":true,"valueName":"search_term_string"}}],"inLanguage":"fr-FR"},{"@type":"Organization","@id":"https:\/\/nuevo-renacer.com\/#organization","name":"UFEC","url":"https:\/\/nuevo-renacer.com\/","logo":{"@type":"ImageObject","inLanguage":"fr-FR","@id":"https:\/\/nuevo-renacer.com\/#\/schema\/logo\/image\/","url":"https:\/\/nuevo-renacer.com\/wp-content\/uploads\/2024\/05\/cropped-LOGO-TERMINADO1-3-3.png","contentUrl":"https:\/\/nuevo-renacer.com\/wp-content\/uploads\/2024\/05\/cropped-LOGO-TERMINADO1-3-3.png","width":512,"height":512,"caption":"UFEC"},"image":{"@id":"https:\/\/nuevo-renacer.com\/#\/schema\/logo\/image\/"},"sameAs":["https:\/\/www.facebook.com\/groups\/3431398063740829"]}]}},"uagb_featured_image_src":{"full":false,"thumbnail":false,"medium":false,"medium_large":false,"large":false,"1536x1536":false,"2048x2048":false,"trp-custom-language-flag":false},"uagb_author_info":{"display_name":"adbv0","author_link":"https:\/\/nuevo-renacer.com\/fr\/author\/adbv0\/"},"uagb_comment_info":0,"uagb_excerpt":"Ernestina Ferreira dos Santos Naci\u00f3 el 1 de enero de 1879 en R\u00edo de Janeiro y falleci\u00f3 el 16 de noviembre de 1953 en la misma ciudad. Era hija de Aristides Gon\u00e7alves Ferreira y D. Augusta Dias Ferreira. De peque\u00f1a perdi\u00f3 a su padre, quedando al cuidado de su buena y dedicada madre, quien le\u2026","jetpack_sharing_enabled":true,"_links":{"self":[{"href":"https:\/\/nuevo-renacer.com\/fr\/wp-json\/wp\/v2\/pages\/8633","targetHints":{"allow":["GET"]}}],"collection":[{"href":"https:\/\/nuevo-renacer.com\/fr\/wp-json\/wp\/v2\/pages"}],"about":[{"href":"https:\/\/nuevo-renacer.com\/fr\/wp-json\/wp\/v2\/types\/page"}],"author":[{"embeddable":true,"href":"https:\/\/nuevo-renacer.com\/fr\/wp-json\/wp\/v2\/users\/1"}],"replies":[{"embeddable":true,"href":"https:\/\/nuevo-renacer.com\/fr\/wp-json\/wp\/v2\/comments?post=8633"}],"version-history":[{"count":1,"href":"https:\/\/nuevo-renacer.com\/fr\/wp-json\/wp\/v2\/pages\/8633\/revisions"}],"predecessor-version":[{"id":8635,"href":"https:\/\/nuevo-renacer.com\/fr\/wp-json\/wp\/v2\/pages\/8633\/revisions\/8635"}],"wp:attachment":[{"href":"https:\/\/nuevo-renacer.com\/fr\/wp-json\/wp\/v2\/media?parent=8633"}],"curies":[{"name":"wp","href":"https:\/\/api.w.org\/{rel}","templated":true}]}}