{"id":8606,"date":"2025-11-03T11:42:32","date_gmt":"2025-11-03T11:42:32","guid":{"rendered":"https:\/\/nuevo-renacer.com\/?page_id=8606"},"modified":"2025-11-03T11:42:52","modified_gmt":"2025-11-03T11:42:52","slug":"clelia-soares-da-rocha","status":"publish","type":"page","link":"https:\/\/nuevo-renacer.com\/fr\/clelia-soares-da-rocha\/","title":{"rendered":"Cl\u00e9lia Soares da Rocha"},"content":{"rendered":"<div class=\"wp-block-uagb-container uagb-block-2ef46de7 alignfull uagb-is-root-container\"><div class=\"uagb-container-inner-blocks-wrap\">\n<p class=\"has-black-color has-text-color has-link-color has-medium-font-size wp-elements-4505f72322894b05cdad17c022a1bd1b\"><strong>Cl\u00e9lia Soares da Rocha<\/strong><\/p>\n<\/div><\/div>\n\n\n\n<div class=\"wp-block-uagb-container uagb-block-656d411d alignfull uagb-is-root-container\"><div class=\"uagb-container-inner-blocks-wrap\">\n<figure class=\"wp-block-image size-full is-resized\"><img fetchpriority=\"high\" decoding=\"async\" width=\"1000\" height=\"779\" src=\"https:\/\/nuevo-renacer.com\/wp-content\/uploads\/2025\/11\/Clelia-Soares-da-Rocha.jpg\" alt=\"\" class=\"wp-image-8607\" style=\"width:275px;height:auto\" srcset=\"https:\/\/nuevo-renacer.com\/wp-content\/uploads\/2025\/11\/Clelia-Soares-da-Rocha.jpg 1000w, https:\/\/nuevo-renacer.com\/wp-content\/uploads\/2025\/11\/Clelia-Soares-da-Rocha-300x234.jpg 300w, https:\/\/nuevo-renacer.com\/wp-content\/uploads\/2025\/11\/Clelia-Soares-da-Rocha-768x598.jpg 768w, https:\/\/nuevo-renacer.com\/wp-content\/uploads\/2025\/11\/Clelia-Soares-da-Rocha-15x12.jpg 15w\" sizes=\"(max-width: 1000px) 100vw, 1000px\" \/><\/figure>\n<\/div><\/div>\n\n\n\n<div class=\"wp-block-uagb-container uagb-block-e149af88 alignfull uagb-is-root-container\"><div class=\"uagb-container-inner-blocks-wrap\">\n<p class=\"has-black-color has-text-color has-link-color has-small-font-size wp-elements-5fbb062c542ebeeebb658cd62c4818f2\">Cl\u00e9lia Soares da Rocha est n\u00e9e dans la ville de Barra Mansa, dans l'\u00c9tat de Rio de Janeiro, le 18 octobre 1886, et est d\u00e9c\u00e9d\u00e9e \u00e0 l'\u00e2ge de 50 ans, le 16 f\u00e9vrier 1936. Elle a fait ses \u00e9tudes au Coll\u00e8ge Bom Conselho, dans la ville de Taubat\u00e9, puis a termin\u00e9 sa scolarit\u00e9 dans la ville de Piracicaba, o\u00f9 elle a obtenu son dipl\u00f4me d'enseignante primaire. Elle a enseign\u00e9 pendant plusieurs ann\u00e9es au Coll\u00e8ge des S\u0153urs, dans la ville de S\u00e3o Carlos. Issue d'une famille traditionnellement catholique, Cl\u00e9lia Rocha a tr\u00e8s t\u00f4t manifest\u00e9 son aversion pour les dogmes de la religion de ses parents, d\u00e8s sa petite enfance, ce qui lui a valu de s\u00e9v\u00e8res punitions au coll\u00e8ge interne, o\u00f9 elle a commenc\u00e9 \u00e0 \u00eatre consid\u00e9r\u00e9e comme une enfant rebelle.<\/p>\n\n\n\n<p class=\"has-black-color has-text-color has-link-color has-small-font-size wp-elements-4f6d62b28cde6099ea85bed3cb9ba124\">\u00c0 Piracicaba, alors qu'elle \u00e9tait encore \u00e9tudiante, elle a rencontr\u00e9 un jeune m\u00e9decin, avec lequel elle a convenu de se marier. Cependant, le jeune homme est d\u00e9c\u00e9d\u00e9 subitement, an\u00e9antissant tous ses r\u00eaves de jeune fille, qui n'a plus jamais pens\u00e9 au mariage, consacrant toute sa vie \u00e0 l'enseignement et \u00e0 la protection des enfants orphelins et d\u00e9favoris\u00e9s. Un jour, elle d\u00e9cida d'ouvrir un \u00e9tablissement d'enseignement dans la ville de Dourados, afin d'alphab\u00e9tiser les adultes qui n'avaient pas les moyens de suivre des cours pendant la journ\u00e9e. Elle le maintint pendant un certain temps et fournit gratuitement le mat\u00e9riel p\u00e9dagogique \u00e0 tous ceux qui ne pouvaient se le procurer.<\/p>\n\n\n\n<p class=\"has-black-color has-text-color has-link-color has-small-font-size wp-elements-b69d78b9429a5f7e2a58aec7764ccfe0\">\u00c0 cette \u00e9poque, la grande missionnaire An\u00e1lia Franco rendit visite \u00e0 la ville et, voyant les sacrifices indescriptibles que faisait la jeune enseignante, l'invita \u00e0 rejoindre son \u00e9quipe de travail, se proposant de l'aider autant que possible. \u00c0 partir de ce moment, elles devinrent de grandes amies et collaboratrices. Elles fond\u00e8rent une cr\u00e8che pour les m\u00e8res pauvres du quartier et un refuge pour les orphelins. An\u00e1lia Franco avait une confiance illimit\u00e9e dans le travail de Cl\u00e9lia Rocha. Dans l'une de ses lettres, elle affirma m\u00eame : \u00ab Vous \u00eates la directrice qui a le mieux assimil\u00e9 nos id\u00e9aux et qui a beaucoup produit. Si toutes les autres coop\u00e9ratrices faisaient comme vous, nous accomplirions beaucoup \u00bb.<\/p>\n\n\n\n<p class=\"has-black-color has-text-color has-link-color has-small-font-size wp-elements-91e785da3a67ff7dc6502461f03d70c3\">\u00c0 la fin de l'ann\u00e9e 1918, An\u00e1lia Franco fonda un asile dans la ville d'Uberaba, dans l'\u00c9tat du Minas Gerais, et invita Cl\u00e9lia Rocha \u00e0 en devenir la directrice. Peu apr\u00e8s, le 13 janvier 1919, An\u00e1lia d\u00e9c\u00e9da \u00e0 S\u00e3o Paulo, sans avoir pu mener \u00e0 bien son projet. Cl\u00e9lia, fid\u00e8le \u00e0 sa m\u00e9moire et respectant ses derni\u00e8res volont\u00e9s, d\u00e9cida de d\u00e9m\u00e9nager \u00e0 Uberaba avec toutes ses \u00e9l\u00e8ves et fonda plus tard dans cette ville un coll\u00e8ge avec 18 pensionnaires afin d'accueillir ses 72 \u00e9l\u00e8ves internes. Face \u00e0 son \u0153uvre caritative, elle sollicita \u00e0 plusieurs reprises des subventions municipales, \u00e9tatiques et f\u00e9d\u00e9rales, sans jamais obtenir de r\u00e9ponse \u00e0 ses demandes, car, du fait qu'elle \u00e9tait spirite, elle fut victime d'une intense pers\u00e9cution de la part des pr\u00eatres locaux. Comme An\u00e1lia Franco, elle a organis\u00e9 un ensemble litt\u00e9raire, artistique et musical avec ses propres \u00e9l\u00e8ves et a parcouru les villes de l'int\u00e9rieur des \u00c9tats de S\u00e3o Paulo et de Minas Gerais, obtenant ainsi les moyens de subsistance n\u00e9cessaires pour maintenir son \u00e9tablissement, ce qu'elle a r\u00e9ussi \u00e0 faire avec un certain succ\u00e8s. Fid\u00e8le \u00e0 la m\u00e9moire d'An\u00e1lia Franco, elle fit tout pour que les id\u00e9aux qu'elle d\u00e9fendait soient maintenus dans toute leur pl\u00e9nitude, se conduisant toujours avec un v\u00e9ritable esprit d'abn\u00e9gation et de sacrifice, attestant sans cesse sa grandeur spirituelle.<\/p>\n\n\n\n<p class=\"has-black-color has-text-color has-link-color has-small-font-size wp-elements-e066e9619e5a2653fe3556f9aabd6d3f\">Elle fonda avec ses \u00e9l\u00e8ves \u00e2g\u00e9es de plus de 16 ans la Ligue f\u00e9minine des ouvri\u00e8res du bien, dans le but de former de nouvelles \u00e9quipes de coop\u00e9ratrices qui pourraient plus tard poursuivre son formidable travail d'assistance. En 1924, elle s'installa dans la ville de S\u00e3o Manoel, dans l'\u00c9tat de S\u00e3o Paulo, o\u00f9 elle fit la connaissance d'Amando Sim\u00f5es, un riche fermier de la r\u00e9gion, dot\u00e9 d'un esprit bien form\u00e9 et d'un c\u0153ur g\u00e9n\u00e9reux qui, connaissant ses grandes difficult\u00e9s et son courage sto\u00efque, d\u00e9cida de l'aider en lui faisant don d'un b\u00e2timent et d'une partie de son terrain afin que Cl\u00e9lia puisse y installer son \u00e9tablissement d'enseignement. Gr\u00e2ce au prestige de ce confr\u00e8re d\u00e9vou\u00e9, elle a rapidement b\u00e9n\u00e9fici\u00e9 du soutien d'une partie de la population et de la sympathie du conseil municipal, ce qui lui a permis d'\u00e9tendre son \u0153uvre caritative. Elle accueillit dans le \u00ab Lar de An\u00e1lia Franco \u00bb des dizaines d'enfants orphelins et y c\u00e9l\u00e9bra de nombreux mariages de ses anciennes \u00e9l\u00e8ves, les confiant \u00e0 la t\u00e2che de femmes au foyer, r\u00e9int\u00e9gr\u00e9es dans la soci\u00e9t\u00e9, pour servir d'\u00e9pouses et de m\u00e8res.<\/p>\n\n\n\n<p class=\"has-black-color has-text-color has-link-color has-small-font-size wp-elements-4f0a2e96f33e8216a9f327f586456d67\">En 1930, \u00e0 No\u00ebl, elle fonda la \u00ab Creche Ber\u00e7o de Ouro \u00bb (cr\u00e8che Ber\u00e7o de Ouro), destin\u00e9e \u00e0 accueillir les petits enfants, qu'elle entretenait avec tout l'amour de son \u00e2me. Elle \u00e9tait une fervente spirite et s'int\u00e9ressait beaucoup aux questions doctrinales. An\u00e1lia \u00e9tait \u00e9galement femme de lettres, journaliste, po\u00e9tesse, \u00e9crivaine, dramaturge, musicienne et professeure de langues. Elle a \u00e9crit plusieurs pi\u00e8ces de th\u00e9\u00e2tre ; ses drames, com\u00e9dies et enqu\u00eates ont \u00e9t\u00e9 mis en sc\u00e8ne avec beaucoup de succ\u00e8s par le Groupe Th\u00e9\u00e2tral. Elle a \u00e9galement pr\u00e9sent\u00e9 de nombreux po\u00e8mes et compositions musicales. Excellente professeure d'arts plastiques, elle donnait des cours de fleurs artificielles, de peinture, de broderie, d'art culinaire et de musique, pr\u00e9parant ses filles adoptives \u00e0 devenir les femmes au foyer talentueuses de demain.<\/p>\n\n\n\n<p class=\"has-black-color has-text-color has-link-color has-small-font-size wp-elements-2531c1f202267ace5a5492c69ebec8ac\">En priv\u00e9, toutes ses filles adoptives l'appelaient \u00ab Maman Lili \u00bb. Elle a donn\u00e9 son propre nom \u00e0 beaucoup d'entre elles, lorsqu'elles ont \u00e9t\u00e9 abandonn\u00e9es \u00e0 la cr\u00e8che \u00ab Ber\u00e7o de Ouro \u00bb et que leurs parents ne se sont pas pr\u00e9sent\u00e9s. Devant r\u00e9gulariser leur \u00e9tat civil, elle n'a jamais h\u00e9sit\u00e9 \u00e0 les enregistrer sous son propre nom. Elle a fond\u00e9 le journal litt\u00e9raire \u00ab L\u00edrio Branco \u00bb et le \u00ab Mensageiro do \u00d3rf\u00e3o \u00bb, aujourd'hui \u00ab Mensageiro do Lar \u00bb, organe de diffusion du spiritisme, qui continue d'\u00eatre \u00e9dit\u00e9 dans les ateliers graphiques du Lar An\u00e1lia Franco, dans la ville de S. Manoel. Cl\u00e9lia Rocha \u00e9tait donc une missionnaire au sens propre du terme, appartenant \u00e0 la pl\u00e9iade de femmes spirites courageuses du m\u00eame niveau qu'An\u00e1lia Franco, Ol\u00edmpia Bel\u00e9m, Aura Celeste, Eur\u00eddice Panar, Abigair Lima et tant d'autres.<\/p>\n<\/div><\/div>\n\n\n\n<div class=\"wp-block-uagb-container uagb-block-2e183146 alignfull uagb-is-root-container\"><div class=\"uagb-container-inner-blocks-wrap\"><\/div><\/div>\n\n\n\n<div class=\"wp-block-uagb-container uagb-block-5535922e alignfull uagb-is-root-container\"><div class=\"uagb-container-inner-blocks-wrap\"><\/div><\/div>","protected":false},"excerpt":{"rendered":"<p>Cl\u00e9lia Soares da Rocha Cl\u00e9lia Rocha naci\u00f3 en la ciudad de Barra Mansa, estado de R\u00edo de Janeiro, el 18 de octubre de 1886 y falleci\u00f3, a los 50 a\u00f1os de edad, el 16 de febrero de 1936. Fue educada como interna en el Colegio Bom Conselho, en la ciudad de Taubat\u00e9, y complet\u00f3 su [&hellip;]<\/p>","protected":false},"author":1,"featured_media":0,"parent":0,"menu_order":0,"comment_status":"closed","ping_status":"closed","template":"","meta":{"_uag_custom_page_level_css":"","site-sidebar-layout":"default","site-content-layout":"","ast-site-content-layout":"default","site-content-style":"default","site-sidebar-style":"default","ast-global-header-display":"","ast-banner-title-visibility":"","ast-main-header-display":"","ast-hfb-above-header-display":"","ast-hfb-below-header-display":"","ast-hfb-mobile-header-display":"","site-post-title":"disabled","ast-breadcrumbs-content":"","ast-featured-img":"","footer-sml-layout":"","theme-transparent-header-meta":"","adv-header-id-meta":"","stick-header-meta":"","header-above-stick-meta":"","header-main-stick-meta":"","header-below-stick-meta":"","astra-migrate-meta-layouts":"set","ast-page-background-enabled":"default","ast-page-background-meta":{"desktop":{"background-color":"var(--ast-global-color-4)","background-image":"","background-repeat":"repeat","background-position":"center center","background-size":"auto","background-attachment":"scroll","background-type":"","background-media":"","overlay-type":"","overlay-color":"","overlay-opacity":"","overlay-gradient":""},"tablet":{"background-color":"","background-image":"","background-repeat":"repeat","background-position":"center center","background-size":"auto","background-attachment":"scroll","background-type":"","background-media":"","overlay-type":"","overlay-color":"","overlay-opacity":"","overlay-gradient":""},"mobile":{"background-color":"","background-image":"","background-repeat":"repeat","background-position":"center center","background-size":"auto","background-attachment":"scroll","background-type":"","background-media":"","overlay-type":"","overlay-color":"","overlay-opacity":"","overlay-gradient":""}},"ast-content-background-meta":{"desktop":{"background-color":"var(--ast-global-color-5)","background-image":"","background-repeat":"repeat","background-position":"center center","background-size":"auto","background-attachment":"scroll","background-type":"","background-media":"","overlay-type":"","overlay-color":"","overlay-opacity":"","overlay-gradient":""},"tablet":{"background-color":"var(--ast-global-color-5)","background-image":"","background-repeat":"repeat","background-position":"center center","background-size":"auto","background-attachment":"scroll","background-type":"","background-media":"","overlay-type":"","overlay-color":"","overlay-opacity":"","overlay-gradient":""},"mobile":{"background-color":"var(--ast-global-color-5)","background-image":"","background-repeat":"repeat","background-position":"center center","background-size":"auto","background-attachment":"scroll","background-type":"","background-media":"","overlay-type":"","overlay-color":"","overlay-opacity":"","overlay-gradient":""}},"footnotes":""},"class_list":["post-8606","page","type-page","status-publish","hentry"],"yoast_head":"<!-- This site is optimized with the Yoast SEO Premium plugin v24.2 (Yoast SEO v24.6) - https:\/\/yoast.com\/wordpress\/plugins\/seo\/ -->\n<title>Cl\u00e9lia Soares da Rocha - Uni\u00f3n Esp\u00edrita<\/title>\n<meta name=\"robots\" content=\"index, follow, max-snippet:-1, max-image-preview:large, max-video-preview:-1\" \/>\n<link rel=\"canonical\" href=\"https:\/\/nuevo-renacer.com\/fr\/clelia-soares-da-rocha\/\" \/>\n<meta property=\"og:locale\" content=\"fr_FR\" \/>\n<meta property=\"og:type\" content=\"article\" \/>\n<meta property=\"og:title\" content=\"Cl\u00e9lia Soares da Rocha\" \/>\n<meta property=\"og:description\" content=\"Cl\u00e9lia Soares da Rocha Cl\u00e9lia Rocha naci\u00f3 en la ciudad de Barra Mansa, estado de R\u00edo de Janeiro, el 18 de octubre de 1886 y falleci\u00f3, a los 50 a\u00f1os de edad, el 16 de febrero de 1936. Fue educada como interna en el Colegio Bom Conselho, en la ciudad de Taubat\u00e9, y complet\u00f3 su [&hellip;]\" \/>\n<meta property=\"og:url\" content=\"https:\/\/nuevo-renacer.com\/fr\/clelia-soares-da-rocha\/\" \/>\n<meta property=\"og:site_name\" content=\"Uni\u00f3n Esp\u00edrita\" \/>\n<meta property=\"article:publisher\" content=\"https:\/\/www.facebook.com\/groups\/3431398063740829\" \/>\n<meta property=\"article:modified_time\" content=\"2025-11-03T11:42:52+00:00\" \/>\n<meta property=\"og:image\" content=\"https:\/\/nuevo-renacer.com\/wp-content\/uploads\/2025\/11\/Clelia-Soares-da-Rocha.jpg\" \/>\n\t<meta property=\"og:image:width\" content=\"1000\" \/>\n\t<meta property=\"og:image:height\" content=\"779\" \/>\n\t<meta property=\"og:image:type\" content=\"image\/jpeg\" \/>\n<meta name=\"twitter:card\" content=\"summary_large_image\" \/>\n<meta name=\"twitter:label1\" content=\"Dur\u00e9e de lecture estim\u00e9e\" \/>\n\t<meta name=\"twitter:data1\" content=\"6 minutes\" \/>\n<script type=\"application\/ld+json\" class=\"yoast-schema-graph\">{\"@context\":\"https:\/\/schema.org\",\"@graph\":[{\"@type\":\"WebPage\",\"@id\":\"https:\/\/nuevo-renacer.com\/clelia-soares-da-rocha\/\",\"url\":\"https:\/\/nuevo-renacer.com\/clelia-soares-da-rocha\/\",\"name\":\"Cl\u00e9lia Soares da Rocha - Uni\u00f3n Esp\u00edrita\",\"isPartOf\":{\"@id\":\"https:\/\/nuevo-renacer.com\/#website\"},\"primaryImageOfPage\":{\"@id\":\"https:\/\/nuevo-renacer.com\/clelia-soares-da-rocha\/#primaryimage\"},\"image\":{\"@id\":\"https:\/\/nuevo-renacer.com\/clelia-soares-da-rocha\/#primaryimage\"},\"thumbnailUrl\":\"https:\/\/nuevo-renacer.com\/wp-content\/uploads\/2025\/11\/Clelia-Soares-da-Rocha.jpg\",\"datePublished\":\"2025-11-03T11:42:32+00:00\",\"dateModified\":\"2025-11-03T11:42:52+00:00\",\"breadcrumb\":{\"@id\":\"https:\/\/nuevo-renacer.com\/clelia-soares-da-rocha\/#breadcrumb\"},\"inLanguage\":\"fr-FR\",\"potentialAction\":[{\"@type\":\"ReadAction\",\"target\":[\"https:\/\/nuevo-renacer.com\/clelia-soares-da-rocha\/\"]}]},{\"@type\":\"ImageObject\",\"inLanguage\":\"fr-FR\",\"@id\":\"https:\/\/nuevo-renacer.com\/clelia-soares-da-rocha\/#primaryimage\",\"url\":\"https:\/\/nuevo-renacer.com\/wp-content\/uploads\/2025\/11\/Clelia-Soares-da-Rocha.jpg\",\"contentUrl\":\"https:\/\/nuevo-renacer.com\/wp-content\/uploads\/2025\/11\/Clelia-Soares-da-Rocha.jpg\"},{\"@type\":\"BreadcrumbList\",\"@id\":\"https:\/\/nuevo-renacer.com\/clelia-soares-da-rocha\/#breadcrumb\",\"itemListElement\":[{\"@type\":\"ListItem\",\"position\":1,\"name\":\"Startseite\",\"item\":\"https:\/\/nuevo-renacer.com\/\"},{\"@type\":\"ListItem\",\"position\":2,\"name\":\"Cl\u00e9lia Soares da Rocha\"}]},{\"@type\":\"WebSite\",\"@id\":\"https:\/\/nuevo-renacer.com\/#website\",\"url\":\"https:\/\/nuevo-renacer.com\/\",\"name\":\"Uni\u00f3n Esp\u00edrita\",\"description\":\"Nuevo Renacer\",\"publisher\":{\"@id\":\"https:\/\/nuevo-renacer.com\/#organization\"},\"potentialAction\":[{\"@type\":\"SearchAction\",\"target\":{\"@type\":\"EntryPoint\",\"urlTemplate\":\"https:\/\/nuevo-renacer.com\/?s={search_term_string}\"},\"query-input\":{\"@type\":\"PropertyValueSpecification\",\"valueRequired\":true,\"valueName\":\"search_term_string\"}}],\"inLanguage\":\"fr-FR\"},{\"@type\":\"Organization\",\"@id\":\"https:\/\/nuevo-renacer.com\/#organization\",\"name\":\"UFEC\",\"url\":\"https:\/\/nuevo-renacer.com\/\",\"logo\":{\"@type\":\"ImageObject\",\"inLanguage\":\"fr-FR\",\"@id\":\"https:\/\/nuevo-renacer.com\/#\/schema\/logo\/image\/\",\"url\":\"https:\/\/nuevo-renacer.com\/wp-content\/uploads\/2024\/05\/cropped-LOGO-TERMINADO1-3-3.png\",\"contentUrl\":\"https:\/\/nuevo-renacer.com\/wp-content\/uploads\/2024\/05\/cropped-LOGO-TERMINADO1-3-3.png\",\"width\":512,\"height\":512,\"caption\":\"UFEC\"},\"image\":{\"@id\":\"https:\/\/nuevo-renacer.com\/#\/schema\/logo\/image\/\"},\"sameAs\":[\"https:\/\/www.facebook.com\/groups\/3431398063740829\"]}]}<\/script>\n<!-- \/ Yoast SEO Premium plugin. -->","yoast_head_json":{"title":"Cl\u00e9lia Soares da Rocha - Uni\u00f3n Esp\u00edrita","robots":{"index":"index","follow":"follow","max-snippet":"max-snippet:-1","max-image-preview":"max-image-preview:large","max-video-preview":"max-video-preview:-1"},"canonical":"https:\/\/nuevo-renacer.com\/fr\/clelia-soares-da-rocha\/","og_locale":"fr_FR","og_type":"article","og_title":"Cl\u00e9lia Soares da Rocha","og_description":"Cl\u00e9lia Soares da Rocha Cl\u00e9lia Rocha naci\u00f3 en la ciudad de Barra Mansa, estado de R\u00edo de Janeiro, el 18 de octubre de 1886 y falleci\u00f3, a los 50 a\u00f1os de edad, el 16 de febrero de 1936. Fue educada como interna en el Colegio Bom Conselho, en la ciudad de Taubat\u00e9, y complet\u00f3 su [&hellip;]","og_url":"https:\/\/nuevo-renacer.com\/fr\/clelia-soares-da-rocha\/","og_site_name":"Uni\u00f3n Esp\u00edrita","article_publisher":"https:\/\/www.facebook.com\/groups\/3431398063740829","article_modified_time":"2025-11-03T11:42:52+00:00","og_image":[{"width":1000,"height":779,"url":"https:\/\/nuevo-renacer.com\/wp-content\/uploads\/2025\/11\/Clelia-Soares-da-Rocha.jpg","type":"image\/jpeg"}],"twitter_card":"summary_large_image","twitter_misc":{"Dur\u00e9e de lecture estim\u00e9e":"6 minutes"},"schema":{"@context":"https:\/\/schema.org","@graph":[{"@type":"WebPage","@id":"https:\/\/nuevo-renacer.com\/clelia-soares-da-rocha\/","url":"https:\/\/nuevo-renacer.com\/clelia-soares-da-rocha\/","name":"Cl\u00e9lia Soares da Rocha - Uni\u00f3n Esp\u00edrita","isPartOf":{"@id":"https:\/\/nuevo-renacer.com\/#website"},"primaryImageOfPage":{"@id":"https:\/\/nuevo-renacer.com\/clelia-soares-da-rocha\/#primaryimage"},"image":{"@id":"https:\/\/nuevo-renacer.com\/clelia-soares-da-rocha\/#primaryimage"},"thumbnailUrl":"https:\/\/nuevo-renacer.com\/wp-content\/uploads\/2025\/11\/Clelia-Soares-da-Rocha.jpg","datePublished":"2025-11-03T11:42:32+00:00","dateModified":"2025-11-03T11:42:52+00:00","breadcrumb":{"@id":"https:\/\/nuevo-renacer.com\/clelia-soares-da-rocha\/#breadcrumb"},"inLanguage":"fr-FR","potentialAction":[{"@type":"ReadAction","target":["https:\/\/nuevo-renacer.com\/clelia-soares-da-rocha\/"]}]},{"@type":"ImageObject","inLanguage":"fr-FR","@id":"https:\/\/nuevo-renacer.com\/clelia-soares-da-rocha\/#primaryimage","url":"https:\/\/nuevo-renacer.com\/wp-content\/uploads\/2025\/11\/Clelia-Soares-da-Rocha.jpg","contentUrl":"https:\/\/nuevo-renacer.com\/wp-content\/uploads\/2025\/11\/Clelia-Soares-da-Rocha.jpg"},{"@type":"BreadcrumbList","@id":"https:\/\/nuevo-renacer.com\/clelia-soares-da-rocha\/#breadcrumb","itemListElement":[{"@type":"ListItem","position":1,"name":"Startseite","item":"https:\/\/nuevo-renacer.com\/"},{"@type":"ListItem","position":2,"name":"Cl\u00e9lia Soares da Rocha"}]},{"@type":"WebSite","@id":"https:\/\/nuevo-renacer.com\/#website","url":"https:\/\/nuevo-renacer.com\/","name":"Uni\u00f3n Esp\u00edrita","description":"Nuevo Renacer","publisher":{"@id":"https:\/\/nuevo-renacer.com\/#organization"},"potentialAction":[{"@type":"SearchAction","target":{"@type":"EntryPoint","urlTemplate":"https:\/\/nuevo-renacer.com\/?s={search_term_string}"},"query-input":{"@type":"PropertyValueSpecification","valueRequired":true,"valueName":"search_term_string"}}],"inLanguage":"fr-FR"},{"@type":"Organization","@id":"https:\/\/nuevo-renacer.com\/#organization","name":"UFEC","url":"https:\/\/nuevo-renacer.com\/","logo":{"@type":"ImageObject","inLanguage":"fr-FR","@id":"https:\/\/nuevo-renacer.com\/#\/schema\/logo\/image\/","url":"https:\/\/nuevo-renacer.com\/wp-content\/uploads\/2024\/05\/cropped-LOGO-TERMINADO1-3-3.png","contentUrl":"https:\/\/nuevo-renacer.com\/wp-content\/uploads\/2024\/05\/cropped-LOGO-TERMINADO1-3-3.png","width":512,"height":512,"caption":"UFEC"},"image":{"@id":"https:\/\/nuevo-renacer.com\/#\/schema\/logo\/image\/"},"sameAs":["https:\/\/www.facebook.com\/groups\/3431398063740829"]}]}},"uagb_featured_image_src":{"full":false,"thumbnail":false,"medium":false,"medium_large":false,"large":false,"1536x1536":false,"2048x2048":false,"trp-custom-language-flag":false},"uagb_author_info":{"display_name":"adbv0","author_link":"https:\/\/nuevo-renacer.com\/fr\/author\/adbv0\/"},"uagb_comment_info":0,"uagb_excerpt":"Cl\u00e9lia Soares da Rocha Cl\u00e9lia Rocha naci\u00f3 en la ciudad de Barra Mansa, estado de R\u00edo de Janeiro, el 18 de octubre de 1886 y falleci\u00f3, a los 50 a\u00f1os de edad, el 16 de febrero de 1936. Fue educada como interna en el Colegio Bom Conselho, en la ciudad de Taubat\u00e9, y complet\u00f3 su\u2026","jetpack_sharing_enabled":true,"_links":{"self":[{"href":"https:\/\/nuevo-renacer.com\/fr\/wp-json\/wp\/v2\/pages\/8606","targetHints":{"allow":["GET"]}}],"collection":[{"href":"https:\/\/nuevo-renacer.com\/fr\/wp-json\/wp\/v2\/pages"}],"about":[{"href":"https:\/\/nuevo-renacer.com\/fr\/wp-json\/wp\/v2\/types\/page"}],"author":[{"embeddable":true,"href":"https:\/\/nuevo-renacer.com\/fr\/wp-json\/wp\/v2\/users\/1"}],"replies":[{"embeddable":true,"href":"https:\/\/nuevo-renacer.com\/fr\/wp-json\/wp\/v2\/comments?post=8606"}],"version-history":[{"count":1,"href":"https:\/\/nuevo-renacer.com\/fr\/wp-json\/wp\/v2\/pages\/8606\/revisions"}],"predecessor-version":[{"id":8608,"href":"https:\/\/nuevo-renacer.com\/fr\/wp-json\/wp\/v2\/pages\/8606\/revisions\/8608"}],"wp:attachment":[{"href":"https:\/\/nuevo-renacer.com\/fr\/wp-json\/wp\/v2\/media?parent=8606"}],"curies":[{"name":"wp","href":"https:\/\/api.w.org\/{rel}","templated":true}]}}