{"id":8576,"date":"2025-10-22T10:22:50","date_gmt":"2025-10-22T10:22:50","guid":{"rendered":"https:\/\/nuevo-renacer.com\/?page_id=8576"},"modified":"2025-10-22T10:29:18","modified_gmt":"2025-10-22T10:29:18","slug":"guilherme-taylor-march","status":"publish","type":"page","link":"https:\/\/nuevo-renacer.com\/fr\/guilherme-taylor-march\/","title":{"rendered":"Guilherme Taylor Mars"},"content":{"rendered":"<div class=\"wp-block-uagb-container uagb-block-38cbecf5 alignfull uagb-is-root-container\"><div class=\"uagb-container-inner-blocks-wrap\">\n<p class=\"has-black-color has-text-color has-link-color has-medium-font-size wp-elements-caaeb392ec3bf2936f13882f8cab7011\"><strong>Guilherme Taylor Mars<\/strong><\/p>\n<\/div><\/div>\n\n\n\n<div class=\"wp-block-uagb-container uagb-block-25ed309f alignfull uagb-is-root-container\"><div class=\"uagb-container-inner-blocks-wrap\">\n<figure class=\"wp-block-image size-full is-resized\"><img fetchpriority=\"high\" decoding=\"async\" width=\"209\" height=\"242\" src=\"https:\/\/nuevo-renacer.com\/wp-content\/uploads\/2025\/10\/Guilherme.jpg\" alt=\"\" class=\"wp-image-8577\" style=\"width:224px;height:auto\" srcset=\"https:\/\/nuevo-renacer.com\/wp-content\/uploads\/2025\/10\/Guilherme.jpg 209w, https:\/\/nuevo-renacer.com\/wp-content\/uploads\/2025\/10\/Guilherme-10x12.jpg 10w\" sizes=\"(max-width: 209px) 100vw, 209px\" \/><\/figure>\n<\/div><\/div>\n\n\n\n<div class=\"wp-block-uagb-container uagb-block-54f2c1c6 alignfull uagb-is-root-container\"><div class=\"uagb-container-inner-blocks-wrap\">\n<p class=\"has-black-color has-text-color has-link-color has-small-font-size wp-elements-b630636a600caffc43427ce74c2bca86\">Sur le plateau de la Serra dos \u00d3rg\u00e3os, o\u00f9 se trouve aujourd&#039;hui la ville de Teres\u00f3polis, \u00e9tat de Rio de Janeiro, est n\u00e9 le 21 ao\u00fbt 1838, l&#039;enfant Guilherme Taylor Mars. Il \u00e9tait le fils d&#039;un citoyen anglais George Mars, est n\u00e9 et a grandi au Portugal, et Ign\u00e1cia Mars, un br\u00e9silien d&#039;origine africaine. Le premier-n\u00e9 le fils de ce couple, six ans de plus que William, a \u00e9t\u00e9 nomm\u00e9 George Brittain Mars. Les noms Brittain et Taylor hommage \u00e0 leurs parrains respectifs, selon la coutume de l&#039;\u00e9poque. Donc, Guilherme \u00e9tait filleul de vice-amiral John Taylor, un ami de son p\u00e8re, qui l&#039;avait accompagn\u00e9 au Br\u00e9sil \u00e0 l&#039;amiral Cochrane, commandant au cours de certaines ann\u00e9es de la flotte imp\u00e9riale du br\u00e9sil. Son p\u00e8re a acquis une sesmar\u00eda, destin\u00e9s \u00e0 l&#039;\u00e9levage de chevaux de course et \u00e0 la culture des c\u00e9r\u00e9ales. La propri\u00e9t\u00e9 a \u00e9t\u00e9 rebaptis\u00e9e la Fazenda de Mars, donnant naissance \u00e0 la ville de Teres\u00f3polis.<\/p>\n\n\n\n<p class=\"has-black-color has-text-color has-link-color has-small-font-size wp-elements-33945600b4db341fe4a122450bfc57e4\">George Mars doit \u00eatre l&#039;habitude de la petite maison dans la sierra. J&#039;ai utilis\u00e9 pour organiser des f\u00eates et pique-niques en \u00e9t\u00e9, et en l&#039;invitant de nombreux amis qui ont souffert de la chaleur et de la poussi\u00e8re de la cour. Apr\u00e8s la mort de George Mars, leurs enfants ont \u00e9t\u00e9 laiss\u00e9s \u00e0 la merci des al\u00e9as de la cible, puisque sa m\u00e8re \u00e9tait d\u00e9c\u00e9d\u00e9 avant son p\u00e8re, bien qu&#039;il avait l\u00e9gu\u00e9 une fortune consid\u00e9rable. Le premier-n\u00e9, \u00e2g\u00e9 de 18 ans, serait de prendre soin de leurs propres int\u00e9r\u00eats. La petite Guilherme, de 12 ans, il a \u00e9t\u00e9 confi\u00e9 \u00e0 un tuteur, qui n&#039;a m\u00e9nag\u00e9 aucun effort dans leur \u00e9ducation. Stage au sein du Coll\u00e8ge des Parents Paiva, Rio de Janeiro, puis s&#039;inscrit \u00e0 la Facult\u00e9 de M\u00e9decine de la Cour, il a fini la course avec brio, en 1859. Apr\u00e8s l&#039;obtention de son dipl\u00f4me, il a appris qu&#039;il \u00e9tait pauvre: ses vastes et riches propri\u00e9t\u00e9s \u00e9tait pass\u00e9 en d&#039;autres mains, et n&#039;avait pas de banque de d\u00e9p\u00f4t sur votre compte. Il a attribu\u00e9 ce qui est arriv\u00e9 aux affaires malheureuses prises par son tuteur.<\/p>\n\n\n\n<p class=\"has-black-color has-text-color has-link-color has-small-font-size wp-elements-df0b1a52891d3b92d0404e4d6c4e08fb\">Cette d\u00e9ception est pour beaucoup un malheur irr\u00e9parable, assez pour an\u00e9antir l&#039;esprit d&#039;un jeune homme qui \u00e9tait venu dans le monde entour\u00e9 par des biens mat\u00e9riels, qui avait \u00e9t\u00e9 priv\u00e9 de l&#039;amour de la m\u00e8re quand il \u00e9tait encore un enfant, et encore une fille, avait perdu son p\u00e8re. Maintenant, quand ils atteignent l&#039;\u00e2ge de la majorit\u00e9 et d&#039;obtenir le contr\u00f4le de votre propre vie, vous \u00eates seul et les mains vides pour le d\u00e9but du voyage. Cependant, il \u00e9tait fort et ne pas se laisser intimider par les difficult\u00e9s de la vie. A titre professionnel, avec laquelle il pouvait gagner le pain de chaque jour? Alors, qui est lanc\u00e9 \u00e0 travailler avec la foi et le courage. Le dr Mars a commenc\u00e9 sa carri\u00e8re en tant que m\u00e9decin hom\u00e9opathe. Il est important de clarifier la raison pour laquelle vous \u00eates int\u00e9ress\u00e9 par ce syst\u00e8me de gu\u00e9rison, de harc\u00e8lement dans le milieu m\u00e9dical de l&#039;\u00e9poque. Quand j&#039;\u00e9tais en derni\u00e8re ann\u00e9e de m\u00e9decine, a v\u00e9cu dans une maison de pension et a contract\u00e9 la variole. Par cons\u00e9quent, vous devez \u00eatre d\u00e9plac\u00e9 \u00e0 l&#039;h\u00f4pital. Pour \u00e9viter cela, le propri\u00e9taire de la carte, spiritualiste convaincu, avec votre consentement, se cachant de lui dans une chambre loin de la maison et a pris en charge de son traitement, medic\u00e1ndolo avec l&#039;hom\u00e9opathie, sans assistance m\u00e9dicale.<\/p>\n\n\n\n<p class=\"has-black-color has-text-color has-link-color has-small-font-size wp-elements-a8fc8ec1fbb490b3b78f098d6c7a2b2d\">Les adeptes du spiritisme pratiqu\u00e9 librement la m\u00e9decine hom\u00e9opathique, sans pers\u00e9cution de la part des autorit\u00e9s m\u00e9dicales, probablement parce qu&#039;il n&#039;avait pas peur de la concurrence d&#039;une th\u00e9rapie qui n&#039;\u00e9tait jusqu&#039;alors consid\u00e9r\u00e9 comme inoffensif. Apr\u00e8s la gu\u00e9rison sans s\u00e9quelles, le jeune \u00e9tudiant de ressentir de la compassion pour les sciences de Hahnemann, et bient\u00f4t il a commenc\u00e9 \u00e0 \u00e9tudier avec la d\u00e9termination et le d\u00e9vouement. Une fois dipl\u00f4m\u00e9, a adopt\u00e9 l&#039;hom\u00e9opathie comme une pratique clinique, dont l&#039;efficacit\u00e9 a \u00e9t\u00e9 prouv\u00e9e. Pour l&#039;amour de la profession, d\u00e8s qu&#039;il est entr\u00e9 en contact avec la mis\u00e8re et de la souffrance, il pouvait voir les clart\u00e9s divines baume pour les blessures qui ont frapp\u00e9 le corps, les \u00e2mes et les c\u0153urs, de comprendre que le vrai Dieu \u00e9tait compl\u00e8tement \u00e9tranger \u00e0 celui que j&#039;avais connu \u00e0 l&#039;\u00e9cole. La justice divine avait fond\u00e9 la diversit\u00e9 du destin de l&#039;homme dans de puissantes raisons qui correspondait \u00e0 l&#039;int\u00e9r\u00eat de chacun d&#039;eux. O\u00f9 trouver une explication philosophique de ces v\u00e9rit\u00e9s?<\/p>\n\n\n\n<p class=\"has-black-color has-text-color has-link-color has-small-font-size wp-elements-9de02d4481b918c48007fb82282ca7f8\">Elle a eu neuf enfants: sept gar\u00e7ons et deux femmes. Il \u00e9tait m\u00e9decin de la consultation hom\u00e9opathique de la Sainte Maison de la Mis\u00e9ricorde, sans payer, et puis d&#039;un salari\u00e9 avec cinquante mille r\u00e9is par mois. Compte tenu de son d\u00e9vouement \u00e0 la cause de la charit\u00e9, et son esprit de renoncement, d&#039;obtenir \u00e0 faible revenu dans sa propre clinique, et une grande partie d&#039;entre eux est all\u00e9 \u00e0 aider les moins fortun\u00e9s. Leur situation \u00e9conomique a \u00e9t\u00e9 exacerb\u00e9e par une autre maladie insidieuse qui avait touch\u00e9 dans sa jeunesse, et a commenc\u00e9 \u00e0 limiter leurs mouvements. Il \u00e9tait alors quand il y a un ph\u00e9nom\u00e8ne social: le peuple, \u00e0 le voir comme un missionnaire de la bonne dans les difficult\u00e9s, vint \u00e0 son secours. La population de Niter\u00f3i, achet\u00e9 par souscription publique, l&#039;immeuble de la rue Santana 14, aujourd&#039;hui, Benjamin Constant, et donn\u00e9 \u00e0 la grande philanthrope. Pour prendre possession de la maison, a ouvert ses portes pour les d\u00e9sh\u00e9rit\u00e9s de la chance pouvait entrer librement. Il a l&#039;habitude de dire: &#034;Cette maison n&#039;est pas de moi, mais de tous ceux qui n&#039;ont pas un toit&#034;.<\/p>\n\n\n\n<p class=\"has-black-color has-text-color has-link-color has-small-font-size wp-elements-32226db508553dd16f900ba6ae52359c\">Avec la maladie d&#039;avancer inexorablement, servit les patients, dans sa chambre de malade. Sa femme et sa famille et manipul\u00e9 recettes hom\u00e9opathiques et distribu\u00e9 gratuitement. Les patients les plus pauvres venus des villes de l&#039;int\u00e9rieur ont \u00e9t\u00e9 de passer la nuit dans la maison du m\u00e9decin, humanitaire, dont les portes ne sont jamais ferm\u00e9es et verrouill\u00e9es. 63 ans de l&#039;activit\u00e9 m\u00e9dicale, avec un d\u00e9vouement sans pareil. Il a renonc\u00e9 \u00e0 tout int\u00e9r\u00eat mat\u00e9riel, et se consacre jour et nuit, sans la fatigue ou de la r\u00e9bellion, \u00e0 la sublime mission de soulager la souffrance des autres. Il a \u00e9t\u00e9 surnomm\u00e9 &#034;le P\u00e8re des Pauvres&#034;. Qui l&#039;a vu courb\u00e9 par la souffrance physique, en s\u00e9chant les larmes de patients, pourrait dire: &#034;Ce que l&#039;homme si \u00e9trange, qu&#039;ils en oublient leur propre douleur pour soulager les autres. Vous pouvez \u00eatre un saint...&#034;. Sa famille, cependant, il savait que c&#039;\u00e9tait un simple spirite, qui est en essayant de r\u00e9pondre \u00e0 la recommandation du Divin M\u00e9decin: &#034;Aimez-vous les uns les autres comme je vous ai aim\u00e9s.&#034;<\/p>\n\n\n\n<p class=\"has-black-color has-text-color has-link-color has-small-font-size wp-elements-46ba73809080dbaa638038ff8b76c848\">Le dr Mars dit au revoir \u00e0 la vie physique, le 21 juin 1922, apr\u00e8s 84 ans de vie, de travail, enti\u00e8rement d\u00e9di\u00e9 \u00e0 la bonne et \u00e0 la fraternit\u00e9. Les gens sont venus en masse et a pris son cercueil dans les bras du cimeti\u00e8re de Maru\u00ed, o\u00f9 il a \u00e9t\u00e9 enterr\u00e9 au milieu des fleurs et des larmes. Les pouvoirs publics pris en charge les frais de l&#039;enterrement, en reconnaissance et en hommage \u00e0 l&#039;humilit\u00e9 et \u00e0 la pauvret\u00e9 de l&#039;homme qui l&#039;avait trahi ses compagnons. Le O Fluminense journal a publi\u00e9 le 22 juin 1922 un article intitul\u00e9 &#034;La fin de l&#039;existence d&#039;un bienfaiteur de l&#039;humanit\u00e9.&#034;<\/p>\n\n\n\n<p class=\"has-black-color has-text-color has-link-color has-small-font-size wp-elements-49d85bff03d607093452f3a436328959\">La ville de Niter\u00f3i perp\u00e9tu\u00e9 sa m\u00e9moire en donnant son nom \u00e0 une voie publique. La F\u00e9d\u00e9ration Spirite de l&#039;\u00c9tat de Rio de Janeiro, fond\u00e9es et entretenues par l&#039;Institut, le Dr Mars, un soin de jour qui dessert environ 200 enfants dans le besoin, de deux \u00e0 six ans. Il est int\u00e9ressant de noter que la vie de M. Mars poss\u00e8de une remarquable analogie avec le Dr Bezerra de Menezes. Les deux \u00e9taient des m\u00e9decins hom\u00e9opathes; particip\u00e9 \u00e0 la vie politique, les \u00e9lus du Parti Lib\u00e9ral, \u00e0 des moments diff\u00e9rents, et, au d\u00e9but de sa vie professionnelle; profess\u00e9 au spiritisme; \u00e9taient pauvres, et ils ont consacr\u00e9 leur vie pour les malades et d\u00e9favoris\u00e9s. Comme le Dr Bezerra de Menezes, le Dr Mars, avec sa vie de renoncement et de sacrifice, et il savait comment faire pour l&#039;honneur de la M\u00e9decine et de la Doctrine Spirit, comme un v\u00e9ritable Ap\u00f4tre du Bien.<\/p>\n<\/div><\/div>\n\n\n\n<div class=\"wp-block-uagb-container uagb-block-4764da3b alignfull uagb-is-root-container\"><div class=\"uagb-container-inner-blocks-wrap\"><\/div><\/div>\n\n\n\n<div class=\"wp-block-uagb-container uagb-block-14c1366c alignfull uagb-is-root-container\"><div class=\"uagb-container-inner-blocks-wrap\"><\/div><\/div>","protected":false},"excerpt":{"rendered":"<p>Guilherme Taylor March En la meseta de la Serra dos \u00d3rg\u00e3os, donde hoy se encuentra la ciudad de Teres\u00f3polis, en el estado de R\u00edo de Janeiro, naci\u00f3 el 21 de agosto de 1838 el ni\u00f1o Guilherme Taylor March. Era hijo del ciudadano ingl\u00e9s George March, nacido y criado en Portugal, y de Ign\u00e1cia March, brasile\u00f1a [&hellip;]<\/p>","protected":false},"author":1,"featured_media":0,"parent":0,"menu_order":0,"comment_status":"closed","ping_status":"closed","template":"","meta":{"_uag_custom_page_level_css":"","site-sidebar-layout":"default","site-content-layout":"","ast-site-content-layout":"default","site-content-style":"default","site-sidebar-style":"default","ast-global-header-display":"","ast-banner-title-visibility":"","ast-main-header-display":"","ast-hfb-above-header-display":"","ast-hfb-below-header-display":"","ast-hfb-mobile-header-display":"","site-post-title":"disabled","ast-breadcrumbs-content":"","ast-featured-img":"","footer-sml-layout":"","theme-transparent-header-meta":"","adv-header-id-meta":"","stick-header-meta":"","header-above-stick-meta":"","header-main-stick-meta":"","header-below-stick-meta":"","astra-migrate-meta-layouts":"set","ast-page-background-enabled":"default","ast-page-background-meta":{"desktop":{"background-color":"var(--ast-global-color-4)","background-image":"","background-repeat":"repeat","background-position":"center center","background-size":"auto","background-attachment":"scroll","background-type":"","background-media":"","overlay-type":"","overlay-color":"","overlay-opacity":"","overlay-gradient":""},"tablet":{"background-color":"","background-image":"","background-repeat":"repeat","background-position":"center center","background-size":"auto","background-attachment":"scroll","background-type":"","background-media":"","overlay-type":"","overlay-color":"","overlay-opacity":"","overlay-gradient":""},"mobile":{"background-color":"","background-image":"","background-repeat":"repeat","background-position":"center center","background-size":"auto","background-attachment":"scroll","background-type":"","background-media":"","overlay-type":"","overlay-color":"","overlay-opacity":"","overlay-gradient":""}},"ast-content-background-meta":{"desktop":{"background-color":"var(--ast-global-color-5)","background-image":"","background-repeat":"repeat","background-position":"center center","background-size":"auto","background-attachment":"scroll","background-type":"","background-media":"","overlay-type":"","overlay-color":"","overlay-opacity":"","overlay-gradient":""},"tablet":{"background-color":"var(--ast-global-color-5)","background-image":"","background-repeat":"repeat","background-position":"center center","background-size":"auto","background-attachment":"scroll","background-type":"","background-media":"","overlay-type":"","overlay-color":"","overlay-opacity":"","overlay-gradient":""},"mobile":{"background-color":"var(--ast-global-color-5)","background-image":"","background-repeat":"repeat","background-position":"center center","background-size":"auto","background-attachment":"scroll","background-type":"","background-media":"","overlay-type":"","overlay-color":"","overlay-opacity":"","overlay-gradient":""}},"footnotes":""},"class_list":["post-8576","page","type-page","status-publish","hentry"],"yoast_head":"<!-- This site is optimized with the Yoast SEO Premium plugin v24.2 (Yoast SEO v24.6) - https:\/\/yoast.com\/wordpress\/plugins\/seo\/ -->\n<title>Guilherme Taylor March - Uni\u00f3n Esp\u00edrita<\/title>\n<meta name=\"robots\" content=\"index, follow, max-snippet:-1, max-image-preview:large, max-video-preview:-1\" \/>\n<link rel=\"canonical\" href=\"https:\/\/nuevo-renacer.com\/fr\/guilherme-taylor-march\/\" \/>\n<meta property=\"og:locale\" content=\"fr_FR\" \/>\n<meta property=\"og:type\" content=\"article\" \/>\n<meta property=\"og:title\" content=\"Guilherme Taylor March\" \/>\n<meta property=\"og:description\" content=\"Guilherme Taylor March En la meseta de la Serra dos \u00d3rg\u00e3os, donde hoy se encuentra la ciudad de Teres\u00f3polis, en el estado de R\u00edo de Janeiro, naci\u00f3 el 21 de agosto de 1838 el ni\u00f1o Guilherme Taylor March. Era hijo del ciudadano ingl\u00e9s George March, nacido y criado en Portugal, y de Ign\u00e1cia March, brasile\u00f1a [&hellip;]\" \/>\n<meta property=\"og:url\" content=\"https:\/\/nuevo-renacer.com\/fr\/guilherme-taylor-march\/\" \/>\n<meta property=\"og:site_name\" content=\"Uni\u00f3n Esp\u00edrita\" \/>\n<meta property=\"article:publisher\" content=\"https:\/\/www.facebook.com\/groups\/3431398063740829\" \/>\n<meta property=\"article:modified_time\" content=\"2025-10-22T10:29:18+00:00\" \/>\n<meta property=\"og:image\" content=\"https:\/\/nuevo-renacer.com\/wp-content\/uploads\/2025\/10\/Guilherme.jpg\" \/>\n\t<meta property=\"og:image:width\" content=\"209\" \/>\n\t<meta property=\"og:image:height\" content=\"242\" \/>\n\t<meta property=\"og:image:type\" content=\"image\/jpeg\" \/>\n<meta name=\"twitter:card\" content=\"summary_large_image\" \/>\n<meta name=\"twitter:label1\" content=\"Dur\u00e9e de lecture estim\u00e9e\" \/>\n\t<meta name=\"twitter:data1\" content=\"8 minutes\" \/>\n<script type=\"application\/ld+json\" class=\"yoast-schema-graph\">{\"@context\":\"https:\/\/schema.org\",\"@graph\":[{\"@type\":\"WebPage\",\"@id\":\"https:\/\/nuevo-renacer.com\/guilherme-taylor-march\/\",\"url\":\"https:\/\/nuevo-renacer.com\/guilherme-taylor-march\/\",\"name\":\"Guilherme Taylor March - Uni\u00f3n Esp\u00edrita\",\"isPartOf\":{\"@id\":\"https:\/\/nuevo-renacer.com\/#website\"},\"primaryImageOfPage\":{\"@id\":\"https:\/\/nuevo-renacer.com\/guilherme-taylor-march\/#primaryimage\"},\"image\":{\"@id\":\"https:\/\/nuevo-renacer.com\/guilherme-taylor-march\/#primaryimage\"},\"thumbnailUrl\":\"https:\/\/nuevo-renacer.com\/wp-content\/uploads\/2025\/10\/Guilherme.jpg\",\"datePublished\":\"2025-10-22T10:22:50+00:00\",\"dateModified\":\"2025-10-22T10:29:18+00:00\",\"breadcrumb\":{\"@id\":\"https:\/\/nuevo-renacer.com\/guilherme-taylor-march\/#breadcrumb\"},\"inLanguage\":\"fr-FR\",\"potentialAction\":[{\"@type\":\"ReadAction\",\"target\":[\"https:\/\/nuevo-renacer.com\/guilherme-taylor-march\/\"]}]},{\"@type\":\"ImageObject\",\"inLanguage\":\"fr-FR\",\"@id\":\"https:\/\/nuevo-renacer.com\/guilherme-taylor-march\/#primaryimage\",\"url\":\"https:\/\/nuevo-renacer.com\/wp-content\/uploads\/2025\/10\/Guilherme.jpg\",\"contentUrl\":\"https:\/\/nuevo-renacer.com\/wp-content\/uploads\/2025\/10\/Guilherme.jpg\"},{\"@type\":\"BreadcrumbList\",\"@id\":\"https:\/\/nuevo-renacer.com\/guilherme-taylor-march\/#breadcrumb\",\"itemListElement\":[{\"@type\":\"ListItem\",\"position\":1,\"name\":\"Startseite\",\"item\":\"https:\/\/nuevo-renacer.com\/\"},{\"@type\":\"ListItem\",\"position\":2,\"name\":\"Guilherme Taylor March\"}]},{\"@type\":\"WebSite\",\"@id\":\"https:\/\/nuevo-renacer.com\/#website\",\"url\":\"https:\/\/nuevo-renacer.com\/\",\"name\":\"Uni\u00f3n Esp\u00edrita\",\"description\":\"Nuevo Renacer\",\"publisher\":{\"@id\":\"https:\/\/nuevo-renacer.com\/#organization\"},\"potentialAction\":[{\"@type\":\"SearchAction\",\"target\":{\"@type\":\"EntryPoint\",\"urlTemplate\":\"https:\/\/nuevo-renacer.com\/?s={search_term_string}\"},\"query-input\":{\"@type\":\"PropertyValueSpecification\",\"valueRequired\":true,\"valueName\":\"search_term_string\"}}],\"inLanguage\":\"fr-FR\"},{\"@type\":\"Organization\",\"@id\":\"https:\/\/nuevo-renacer.com\/#organization\",\"name\":\"UFEC\",\"url\":\"https:\/\/nuevo-renacer.com\/\",\"logo\":{\"@type\":\"ImageObject\",\"inLanguage\":\"fr-FR\",\"@id\":\"https:\/\/nuevo-renacer.com\/#\/schema\/logo\/image\/\",\"url\":\"https:\/\/nuevo-renacer.com\/wp-content\/uploads\/2024\/05\/cropped-LOGO-TERMINADO1-3-3.png\",\"contentUrl\":\"https:\/\/nuevo-renacer.com\/wp-content\/uploads\/2024\/05\/cropped-LOGO-TERMINADO1-3-3.png\",\"width\":512,\"height\":512,\"caption\":\"UFEC\"},\"image\":{\"@id\":\"https:\/\/nuevo-renacer.com\/#\/schema\/logo\/image\/\"},\"sameAs\":[\"https:\/\/www.facebook.com\/groups\/3431398063740829\"]}]}<\/script>\n<!-- \/ Yoast SEO Premium plugin. -->","yoast_head_json":{"title":"Guilherme Taylor March - Uni\u00f3n Esp\u00edrita","robots":{"index":"index","follow":"follow","max-snippet":"max-snippet:-1","max-image-preview":"max-image-preview:large","max-video-preview":"max-video-preview:-1"},"canonical":"https:\/\/nuevo-renacer.com\/fr\/guilherme-taylor-march\/","og_locale":"fr_FR","og_type":"article","og_title":"Guilherme Taylor March","og_description":"Guilherme Taylor March En la meseta de la Serra dos \u00d3rg\u00e3os, donde hoy se encuentra la ciudad de Teres\u00f3polis, en el estado de R\u00edo de Janeiro, naci\u00f3 el 21 de agosto de 1838 el ni\u00f1o Guilherme Taylor March. Era hijo del ciudadano ingl\u00e9s George March, nacido y criado en Portugal, y de Ign\u00e1cia March, brasile\u00f1a [&hellip;]","og_url":"https:\/\/nuevo-renacer.com\/fr\/guilherme-taylor-march\/","og_site_name":"Uni\u00f3n Esp\u00edrita","article_publisher":"https:\/\/www.facebook.com\/groups\/3431398063740829","article_modified_time":"2025-10-22T10:29:18+00:00","og_image":[{"width":209,"height":242,"url":"https:\/\/nuevo-renacer.com\/wp-content\/uploads\/2025\/10\/Guilherme.jpg","type":"image\/jpeg"}],"twitter_card":"summary_large_image","twitter_misc":{"Dur\u00e9e de lecture estim\u00e9e":"8 minutes"},"schema":{"@context":"https:\/\/schema.org","@graph":[{"@type":"WebPage","@id":"https:\/\/nuevo-renacer.com\/guilherme-taylor-march\/","url":"https:\/\/nuevo-renacer.com\/guilherme-taylor-march\/","name":"Guilherme Taylor March - Uni\u00f3n Esp\u00edrita","isPartOf":{"@id":"https:\/\/nuevo-renacer.com\/#website"},"primaryImageOfPage":{"@id":"https:\/\/nuevo-renacer.com\/guilherme-taylor-march\/#primaryimage"},"image":{"@id":"https:\/\/nuevo-renacer.com\/guilherme-taylor-march\/#primaryimage"},"thumbnailUrl":"https:\/\/nuevo-renacer.com\/wp-content\/uploads\/2025\/10\/Guilherme.jpg","datePublished":"2025-10-22T10:22:50+00:00","dateModified":"2025-10-22T10:29:18+00:00","breadcrumb":{"@id":"https:\/\/nuevo-renacer.com\/guilherme-taylor-march\/#breadcrumb"},"inLanguage":"fr-FR","potentialAction":[{"@type":"ReadAction","target":["https:\/\/nuevo-renacer.com\/guilherme-taylor-march\/"]}]},{"@type":"ImageObject","inLanguage":"fr-FR","@id":"https:\/\/nuevo-renacer.com\/guilherme-taylor-march\/#primaryimage","url":"https:\/\/nuevo-renacer.com\/wp-content\/uploads\/2025\/10\/Guilherme.jpg","contentUrl":"https:\/\/nuevo-renacer.com\/wp-content\/uploads\/2025\/10\/Guilherme.jpg"},{"@type":"BreadcrumbList","@id":"https:\/\/nuevo-renacer.com\/guilherme-taylor-march\/#breadcrumb","itemListElement":[{"@type":"ListItem","position":1,"name":"Startseite","item":"https:\/\/nuevo-renacer.com\/"},{"@type":"ListItem","position":2,"name":"Guilherme Taylor March"}]},{"@type":"WebSite","@id":"https:\/\/nuevo-renacer.com\/#website","url":"https:\/\/nuevo-renacer.com\/","name":"Uni\u00f3n Esp\u00edrita","description":"Nuevo Renacer","publisher":{"@id":"https:\/\/nuevo-renacer.com\/#organization"},"potentialAction":[{"@type":"SearchAction","target":{"@type":"EntryPoint","urlTemplate":"https:\/\/nuevo-renacer.com\/?s={search_term_string}"},"query-input":{"@type":"PropertyValueSpecification","valueRequired":true,"valueName":"search_term_string"}}],"inLanguage":"fr-FR"},{"@type":"Organization","@id":"https:\/\/nuevo-renacer.com\/#organization","name":"UFEC","url":"https:\/\/nuevo-renacer.com\/","logo":{"@type":"ImageObject","inLanguage":"fr-FR","@id":"https:\/\/nuevo-renacer.com\/#\/schema\/logo\/image\/","url":"https:\/\/nuevo-renacer.com\/wp-content\/uploads\/2024\/05\/cropped-LOGO-TERMINADO1-3-3.png","contentUrl":"https:\/\/nuevo-renacer.com\/wp-content\/uploads\/2024\/05\/cropped-LOGO-TERMINADO1-3-3.png","width":512,"height":512,"caption":"UFEC"},"image":{"@id":"https:\/\/nuevo-renacer.com\/#\/schema\/logo\/image\/"},"sameAs":["https:\/\/www.facebook.com\/groups\/3431398063740829"]}]}},"uagb_featured_image_src":{"full":false,"thumbnail":false,"medium":false,"medium_large":false,"large":false,"1536x1536":false,"2048x2048":false,"trp-custom-language-flag":false},"uagb_author_info":{"display_name":"adbv0","author_link":"https:\/\/nuevo-renacer.com\/fr\/author\/adbv0\/"},"uagb_comment_info":0,"uagb_excerpt":"Guilherme Taylor March En la meseta de la Serra dos \u00d3rg\u00e3os, donde hoy se encuentra la ciudad de Teres\u00f3polis, en el estado de R\u00edo de Janeiro, naci\u00f3 el 21 de agosto de 1838 el ni\u00f1o Guilherme Taylor March. Era hijo del ciudadano ingl\u00e9s George March, nacido y criado en Portugal, y de Ign\u00e1cia March, brasile\u00f1a\u2026","jetpack_sharing_enabled":true,"_links":{"self":[{"href":"https:\/\/nuevo-renacer.com\/fr\/wp-json\/wp\/v2\/pages\/8576","targetHints":{"allow":["GET"]}}],"collection":[{"href":"https:\/\/nuevo-renacer.com\/fr\/wp-json\/wp\/v2\/pages"}],"about":[{"href":"https:\/\/nuevo-renacer.com\/fr\/wp-json\/wp\/v2\/types\/page"}],"author":[{"embeddable":true,"href":"https:\/\/nuevo-renacer.com\/fr\/wp-json\/wp\/v2\/users\/1"}],"replies":[{"embeddable":true,"href":"https:\/\/nuevo-renacer.com\/fr\/wp-json\/wp\/v2\/comments?post=8576"}],"version-history":[{"count":2,"href":"https:\/\/nuevo-renacer.com\/fr\/wp-json\/wp\/v2\/pages\/8576\/revisions"}],"predecessor-version":[{"id":8579,"href":"https:\/\/nuevo-renacer.com\/fr\/wp-json\/wp\/v2\/pages\/8576\/revisions\/8579"}],"wp:attachment":[{"href":"https:\/\/nuevo-renacer.com\/fr\/wp-json\/wp\/v2\/media?parent=8576"}],"curies":[{"name":"wp","href":"https:\/\/api.w.org\/{rel}","templated":true}]}}