{"id":8501,"date":"2025-09-04T08:02:34","date_gmt":"2025-09-04T08:02:34","guid":{"rendered":"https:\/\/nuevo-renacer.com\/?page_id=8501"},"modified":"2025-09-04T08:02:36","modified_gmt":"2025-09-04T08:02:36","slug":"benedita-fernandes","status":"publish","type":"page","link":"https:\/\/nuevo-renacer.com\/fr\/benedita-fernandes\/","title":{"rendered":"Benedita Fernandes"},"content":{"rendered":"<div class=\"wp-block-uagb-container uagb-block-6bc7a1ad alignfull uagb-is-root-container\"><div class=\"uagb-container-inner-blocks-wrap\">\n<p class=\"has-black-color has-text-color has-link-color has-medium-font-size wp-elements-e3e0572cc9d719d5146384c0fa26b2c2\"><strong>Benedita Fernandes<\/strong><\/p>\n<\/div><\/div>\n\n\n\n<div class=\"wp-block-uagb-container uagb-block-5be57cf9 alignfull uagb-is-root-container\"><div class=\"uagb-container-inner-blocks-wrap\">\n<figure class=\"wp-block-image size-full is-resized\"><img fetchpriority=\"high\" decoding=\"async\" width=\"805\" height=\"779\" src=\"https:\/\/nuevo-renacer.com\/wp-content\/uploads\/2025\/09\/benedita.jpeg\" alt=\"\" class=\"wp-image-8502\" style=\"width:269px;height:auto\" srcset=\"https:\/\/nuevo-renacer.com\/wp-content\/uploads\/2025\/09\/benedita.jpeg 805w, https:\/\/nuevo-renacer.com\/wp-content\/uploads\/2025\/09\/benedita-300x290.jpeg 300w, https:\/\/nuevo-renacer.com\/wp-content\/uploads\/2025\/09\/benedita-768x743.jpeg 768w, https:\/\/nuevo-renacer.com\/wp-content\/uploads\/2025\/09\/benedita-12x12.jpeg 12w\" sizes=\"(max-width: 805px) 100vw, 805px\" \/><\/figure>\n<\/div><\/div>\n\n\n\n<div class=\"wp-block-uagb-container uagb-block-5114cf8c alignfull uagb-is-root-container\"><div class=\"uagb-container-inner-blocks-wrap\">\n<p class=\"has-black-color has-text-color has-link-color has-small-font-size wp-elements-9892398fd6ff83aa815e20cdfd487bde\">Benedita Fernandes est n\u00e9e le 27 juin 1883 \u00e0 Campos Novos de Cunha (S\u00e3o Paulo) et est d\u00e9c\u00e9d\u00e9e le 9 octobre 1947 \u00e0 Ara\u00e7atuba. L'initiation de Benedita Fernandes aux activit\u00e9s spirites fut tr\u00e8s inhabituelle. Tourment\u00e9e par une terrible possession, une v\u00e9ritable soumission, Benedita perdit le contact avec sa famille et erra sans but. \u00c0 une occasion, elle causa tellement de probl\u00e8mes \u00e0 la population qu'elle fut incarc\u00e9r\u00e9e dans la prison publique de la ville de Pen\u00e1polis. \u00c0 cette \u00e9poque, il n'existait pas encore d'h\u00f4pitaux ni de centres destin\u00e9s \u00e0 cet effet. Le ge\u00f4lier Padial, puis M. Marcheze, s'occup\u00e8rent de la femme malade, notamment en lui imposant les mains. Elle reprit conscience et d\u00e9cida de partir pour Ara\u00e7atuba.<\/p>\n\n\n\n<p class=\"has-black-color has-text-color has-link-color has-small-font-size wp-elements-560e21ec8ef2f47a940be6e0cf2314d3\">En remerciement pour l'aide re\u00e7ue, cette femme simple, noire et semi-analphab\u00e8te, avec d'autres lavandi\u00e8res, a commenc\u00e9 en 1927 \u00e0 construire de petites maisons en bois dans le quartier de Dona Ida (aujourd'hui Santana). Benedita est devenue une pionni\u00e8re de l'aide sociale spirite dans toute la r\u00e9gion nord-ouest de l'\u00c9tat de S\u00e3o Paulo lorsqu'elle a fond\u00e9 l'Associa\u00e7\u00e3o das Senhoras Crist\u00e3s (Association des femmes chr\u00e9tiennes) \u00e0 Ara\u00e7atuba le 6 mars 1932. \u00c9tant donn\u00e9 que cette \u0153uvre a jet\u00e9 les bases du sanatorium, elle est probablement aussi l'une des pionni\u00e8res des h\u00f4pitaux psychiatriques spirites.<\/p>\n\n\n\n<p class=\"has-black-color has-text-color has-link-color has-small-font-size wp-elements-b6e8f0a656c847eff0c5c13351de5eec\">La r\u00e9union fondatrice de l'association s'est tenue dans les locaux du centre spirite \u00ab Paz, Amor e Caridade \u00bb (Paix, Amour et Charit\u00e9), dans le m\u00eame quartier. Parmi les participants figurait le pionnier du mouvement spirite \u00e0 Ara\u00e7atuba, M. Gede\u00e3o Fernandes de Miranda. L'action humanitaire s'est poursuivie avec l'inauguration de son propre b\u00e2timent en 1933. \u00c0 la demande des autorit\u00e9s gouvernementales, le travail a \u00e9t\u00e9 divis\u00e9 en deux actions sp\u00e9cifiques : la prise en charge des malades mentaux et la prise en charge des orphelins et des enfants dans le besoin. C'est ainsi que sont n\u00e9s le \u00ab foyer pour enfants \u00bb et la maison de retraite \u00ab Dr Jaime de Oliveira \u00bb. Ces institutions ont ferm\u00e9 leurs portes dans les ann\u00e9es 1950, apr\u00e8s le d\u00e9c\u00e8s de la fondatrice, ou ont \u00e9t\u00e9 transform\u00e9es en un sanatorium qui a re\u00e7u le nom de Benedita en son honneur.<\/p>\n\n\n\n<p class=\"has-black-color has-text-color has-link-color has-small-font-size wp-elements-14b3dda961d5cec04a8a4d7d6f1037d3\">Benedita Fernandes proposait \u00e9galement un cours en collaboration avec la mairie et tenait un refuge nocturne. Outre son travail caritatif, elle a \u00e9galement travaill\u00e9 comme m\u00e9dium, notamment comme passista, et a laiss\u00e9 de nombreux exemples nobles. Benedita Fernandes est \u00e9galement devenue l'une des pionni\u00e8res du mouvement actuel d'union des spirites lorsqu'elle a fond\u00e9, le 30 ao\u00fbt 1940, l'Uni\u00e3o Esp\u00edrita Regional da Noroeste (Union spirite r\u00e9gionale du Nord-Ouest) et en a \u00e9t\u00e9 \u00e9lue pr\u00e9sidente. Cependant, ce mouvement ne s'est vraiment d\u00e9velopp\u00e9 qu'avec la fondation de l'Uni\u00e3o das Sociedades Esp\u00edritas do Estado de S\u00e3o Paulo (Union des soci\u00e9t\u00e9s spirites de l'\u00c9tat de S\u00e3o Paulo) en 1947.<\/p>\n\n\n\n<p class=\"has-black-color has-text-color has-link-color has-small-font-size wp-elements-c4d8c76e16f523ab482e2cc9e3550202\">Ainsi, Benedita participa activement au mouvement spirite de la ville, effectuant des visites et menant des campagnes dans la r\u00e9gion. Elle correspondait avec Cairbar Schutel, qui publiait r\u00e9guli\u00e8rement des articles sur son travail dans le journal historique \u00ab O Clarim \u00bb. Elle re\u00e7ut la visite de personnalit\u00e9s importantes telles que Jo\u00e3o Le\u00e3o Pitta et Leopoldo Machado. Elle accompagna m\u00eame ce dernier \u00e0 une r\u00e9union spirite historique dans la ville de Cruzeiro, \u00e0 S\u00e3o Paulo. Le pionnier Dr Tomaz Novelino (de Franca, S\u00e3o Paulo) mentionne \u00e9galement la r\u00e9union \u00e0 laquelle il a particip\u00e9 avec Benedita et qui portait sur les malades mentaux. Em\u00edlia Santos, qui a \u00e9galement fait l'objet d'une biographie, et de nombreuses autres personnalit\u00e9s \u00e9minentes de l'\u00e9poque ont collabor\u00e9 avec Benedita. Elle a b\u00e9n\u00e9fici\u00e9 du soutien des autorit\u00e9s municipales et \u00e9tatiques, des spirites, des francs-ma\u00e7ons et de la population.<\/p>\n\n\n\n<p class=\"has-black-color has-text-color has-link-color has-small-font-size wp-elements-b331d4d7c839e87ae83341c8c8b28455\">Il existe de nombreuses histoires \u00e9mouvantes sur son engagement pour le bien, qu'elle a men\u00e9 \u00e0 bien en collaboration avec la communaut\u00e9. Actuellement, ses \u0153uvres ant\u00e9rieures se limitent au sanatorium \u00ab Benedita Fernandes \u00bb. En son honneur, la rue du sanatorium dans le quartier de Santana porte \u00e9galement son nom. De nombreuses institutions spirites \u00e0 S\u00e3o Paulo et dans d'autres \u00c9tats portent son nom ou ont des d\u00e9partements qui portent son nom.<\/p>\n\n\n\n<p class=\"has-black-color has-text-color has-link-color has-small-font-size wp-elements-9a3d7f0e457de0a542c57c7c3b59ebb3\">Un \u00e9v\u00e9nement qui a contribu\u00e9 \u00e0 la diffusion de l'\u0153uvre de Benedita Fernandes a \u00e9t\u00e9 un message psychographi\u00e9 par Francisco Xavier intitul\u00e9 \u00ab Num Domingo de Calor \u00bb (Un dimanche chaud), sign\u00e9 par Hil\u00e1rio Silva et publi\u00e9 dans l'\u00ab Anu\u00e1rio Esp\u00edrita 1964 \u00bb. \u00ab Benedita Fernandes, la fondatrice d\u00e9sint\u00e9ress\u00e9e de l'Associa\u00e7\u00e3o das Senhoras Esp\u00edritas Crist\u00e3s (Association des femmes spirites chr\u00e9tiennes) \u00e0 Ara\u00e7atuba, dans l'\u00c9tat de S\u00e3o Paulo, fut invit\u00e9e \u00e0 une r\u00e9union de femmes engag\u00e9es dans des \u0153uvres caritatives afin de discuter de divers probl\u00e8mes li\u00e9s \u00e0 des projets d'aide. Comme elle \u00e9tait particuli\u00e8rement engag\u00e9e aupr\u00e8s des poss\u00e9d\u00e9s et des malades mentaux, elle ne pouvait refuser l'invitation. Cependant, la pr\u00e9sence de la c\u00e9l\u00e8bre missionnaire a fait sensation.<\/p>\n\n\n\n<p class=\"has-black-color has-text-color has-link-color has-small-font-size wp-elements-0877a2a9f28e6af9941360a0f7e05f83\">C'\u00e9tait un dimanche tr\u00e8s chaud et Benedita portait un \u00e9pais manteau en laine, qui n'aurait \u00e9t\u00e9 appropri\u00e9 que par temps froid.<\/p>\n\n\n\n<div class=\"wp-block-group is-layout-constrained wp-block-group-is-layout-constrained\">\n<p class=\"has-black-color has-text-color has-link-color has-small-font-size wp-elements-576a59b3d0167dc7a62ad2b45fdc9bdd\">\u2013 \u00ab C'est fou ! \u00bb, murmura quelqu'un \u00e0 proximit\u00e9.<\/p>\n\n\n\n<p class=\"has-black-color has-text-color has-link-color has-small-font-size wp-elements-59f924fc289714198fe04873f8e42140\">\u2013 \u00ab Comme elle c\u00f4toie tant de fous, la pauvre spirite est devenue folle... \u00bb, dit \u00e0 voix basse une \u00e9l\u00e9gante dame \u00e0 sa voisine de si\u00e8ge.<\/p>\n\n\n\n<p class=\"has-black-color has-text-color has-link-color has-small-font-size wp-elements-dbad5028d91a16d2c5fbd444748ae9e1\">\u2013 \u00ab C'est de la pure vanit\u00e9 \u00bb, dit une autre, \u00ab elle veut \u00eatre diff\u00e9rente \u00bb.<\/p>\n\n\n\n<p class=\"has-black-color has-text-color has-link-color has-small-font-size wp-elements-d5dafd3dc5dc7fd4d7ce87233d3b38f2\">\u2013 \u00ab Un cas de possession ! \u00bb, dit une amie \u00e0 voix basse.<\/p>\n<\/div>\n\n\n\n<p class=\"has-black-color has-text-color has-link-color has-small-font-size wp-elements-662a280252345917eec0240b2b4b208a\">Cependant, Benedita s'est exprim\u00e9e sur les sujets propos\u00e9s avec compr\u00e9hension et amour. Pendant le travail, la pr\u00e9sidente a remarqu\u00e9 une certaine agitation dans la salle et a constat\u00e9 que Benedita transpirait de tous ses pores, elle lui a donc demand\u00e9 d'enlever son manteau. Benedita Fernandes, bien que g\u00ean\u00e9e, a ob\u00e9i humblement, et c'est seulement alors que les dames pr\u00e9sentes ont pu voir que cette femme admirable qui s'occupait de dizaines de malades \u00e0 Ara\u00e7atuba \u00e0 la sueur de son front portait une simple robe en tissu \u00e9pais avec d'\u00e9normes pi\u00e8ces.<\/p>\n\n\n\n<p class=\"has-black-color has-text-color has-link-color has-small-font-size wp-elements-3485575337f23d1f2a78683dc4137d79\">Le 8 octobre 1947, \u00e0 23 heures, elle s'est sentie mal alors qu'elle parlait aux enfants et leur donnait des conseils. Le 9 octobre 1947, elle s'est \u00e9teinte paisiblement \u00e0 l'\u00e2ge de 64 ans. Ses fun\u00e9railles ont \u00e9t\u00e9 les plus fr\u00e9quent\u00e9es de son \u00e9poque et, aujourd'hui encore, sa tombe est l'une des plus visit\u00e9es de la ville d'Ara\u00e7atuba.<\/p>\n<\/div><\/div>\n\n\n\n<div class=\"wp-block-uagb-container uagb-block-764e9c05 alignfull uagb-is-root-container\"><div class=\"uagb-container-inner-blocks-wrap\"><\/div><\/div>\n\n\n\n<div class=\"wp-block-uagb-container uagb-block-7f45c556 alignfull uagb-is-root-container\"><div class=\"uagb-container-inner-blocks-wrap\"><\/div><\/div>","protected":false},"excerpt":{"rendered":"<p>Benedita Fernandes Benedita Fernandes naci\u00f3 el 27 de junio de 1883 en Campos Novos de Cunha (S\u00e3o Paulo) y falleci\u00f3 el 9 de octubre de 1947 en Ara\u00e7atuba. La iniciaci\u00f3n de Benedita Fernandes en las actividades espiritas fue muy inusual. Atormentada por una terrible posesi\u00f3n, una aut\u00e9ntica sumisi\u00f3n, Benedita perdi\u00f3 el contacto con su familia [&hellip;]<\/p>","protected":false},"author":1,"featured_media":0,"parent":0,"menu_order":0,"comment_status":"closed","ping_status":"closed","template":"","meta":{"_uag_custom_page_level_css":"","site-sidebar-layout":"default","site-content-layout":"","ast-site-content-layout":"default","site-content-style":"default","site-sidebar-style":"default","ast-global-header-display":"","ast-banner-title-visibility":"","ast-main-header-display":"","ast-hfb-above-header-display":"","ast-hfb-below-header-display":"","ast-hfb-mobile-header-display":"","site-post-title":"disabled","ast-breadcrumbs-content":"","ast-featured-img":"","footer-sml-layout":"","theme-transparent-header-meta":"","adv-header-id-meta":"","stick-header-meta":"","header-above-stick-meta":"","header-main-stick-meta":"","header-below-stick-meta":"","astra-migrate-meta-layouts":"set","ast-page-background-enabled":"default","ast-page-background-meta":{"desktop":{"background-color":"var(--ast-global-color-4)","background-image":"","background-repeat":"repeat","background-position":"center center","background-size":"auto","background-attachment":"scroll","background-type":"","background-media":"","overlay-type":"","overlay-color":"","overlay-opacity":"","overlay-gradient":""},"tablet":{"background-color":"","background-image":"","background-repeat":"repeat","background-position":"center center","background-size":"auto","background-attachment":"scroll","background-type":"","background-media":"","overlay-type":"","overlay-color":"","overlay-opacity":"","overlay-gradient":""},"mobile":{"background-color":"","background-image":"","background-repeat":"repeat","background-position":"center center","background-size":"auto","background-attachment":"scroll","background-type":"","background-media":"","overlay-type":"","overlay-color":"","overlay-opacity":"","overlay-gradient":""}},"ast-content-background-meta":{"desktop":{"background-color":"var(--ast-global-color-5)","background-image":"","background-repeat":"repeat","background-position":"center center","background-size":"auto","background-attachment":"scroll","background-type":"","background-media":"","overlay-type":"","overlay-color":"","overlay-opacity":"","overlay-gradient":""},"tablet":{"background-color":"var(--ast-global-color-5)","background-image":"","background-repeat":"repeat","background-position":"center center","background-size":"auto","background-attachment":"scroll","background-type":"","background-media":"","overlay-type":"","overlay-color":"","overlay-opacity":"","overlay-gradient":""},"mobile":{"background-color":"var(--ast-global-color-5)","background-image":"","background-repeat":"repeat","background-position":"center center","background-size":"auto","background-attachment":"scroll","background-type":"","background-media":"","overlay-type":"","overlay-color":"","overlay-opacity":"","overlay-gradient":""}},"footnotes":""},"class_list":["post-8501","page","type-page","status-publish","hentry"],"yoast_head":"<!-- This site is optimized with the Yoast SEO Premium plugin v24.2 (Yoast SEO v24.6) - https:\/\/yoast.com\/wordpress\/plugins\/seo\/ -->\n<title>Benedita Fernandes - Uni\u00f3n Esp\u00edrita<\/title>\n<meta name=\"robots\" content=\"index, follow, max-snippet:-1, max-image-preview:large, max-video-preview:-1\" \/>\n<link rel=\"canonical\" href=\"https:\/\/nuevo-renacer.com\/fr\/benedita-fernandes\/\" \/>\n<meta property=\"og:locale\" content=\"fr_FR\" \/>\n<meta property=\"og:type\" content=\"article\" \/>\n<meta property=\"og:title\" content=\"Benedita Fernandes\" \/>\n<meta property=\"og:description\" content=\"Benedita Fernandes Benedita Fernandes naci\u00f3 el 27 de junio de 1883 en Campos Novos de Cunha (S\u00e3o Paulo) y falleci\u00f3 el 9 de octubre de 1947 en Ara\u00e7atuba. La iniciaci\u00f3n de Benedita Fernandes en las actividades espiritas fue muy inusual. Atormentada por una terrible posesi\u00f3n, una aut\u00e9ntica sumisi\u00f3n, Benedita perdi\u00f3 el contacto con su familia [&hellip;]\" \/>\n<meta property=\"og:url\" content=\"https:\/\/nuevo-renacer.com\/fr\/benedita-fernandes\/\" \/>\n<meta property=\"og:site_name\" content=\"Uni\u00f3n Esp\u00edrita\" \/>\n<meta property=\"article:publisher\" content=\"https:\/\/www.facebook.com\/groups\/3431398063740829\" \/>\n<meta property=\"article:modified_time\" content=\"2025-09-04T08:02:36+00:00\" \/>\n<meta property=\"og:image\" content=\"https:\/\/nuevo-renacer.com\/wp-content\/uploads\/2025\/09\/benedita.jpeg\" \/>\n\t<meta property=\"og:image:width\" content=\"805\" \/>\n\t<meta property=\"og:image:height\" content=\"779\" \/>\n\t<meta property=\"og:image:type\" content=\"image\/jpeg\" \/>\n<meta name=\"twitter:card\" content=\"summary_large_image\" \/>\n<meta name=\"twitter:label1\" content=\"Dur\u00e9e de lecture estim\u00e9e\" \/>\n\t<meta name=\"twitter:data1\" content=\"6 minutes\" \/>\n<script type=\"application\/ld+json\" class=\"yoast-schema-graph\">{\"@context\":\"https:\/\/schema.org\",\"@graph\":[{\"@type\":\"WebPage\",\"@id\":\"https:\/\/nuevo-renacer.com\/benedita-fernandes\/\",\"url\":\"https:\/\/nuevo-renacer.com\/benedita-fernandes\/\",\"name\":\"Benedita Fernandes - Uni\u00f3n Esp\u00edrita\",\"isPartOf\":{\"@id\":\"https:\/\/nuevo-renacer.com\/#website\"},\"primaryImageOfPage\":{\"@id\":\"https:\/\/nuevo-renacer.com\/benedita-fernandes\/#primaryimage\"},\"image\":{\"@id\":\"https:\/\/nuevo-renacer.com\/benedita-fernandes\/#primaryimage\"},\"thumbnailUrl\":\"https:\/\/nuevo-renacer.com\/wp-content\/uploads\/2025\/09\/benedita.jpeg\",\"datePublished\":\"2025-09-04T08:02:34+00:00\",\"dateModified\":\"2025-09-04T08:02:36+00:00\",\"breadcrumb\":{\"@id\":\"https:\/\/nuevo-renacer.com\/benedita-fernandes\/#breadcrumb\"},\"inLanguage\":\"fr-FR\",\"potentialAction\":[{\"@type\":\"ReadAction\",\"target\":[\"https:\/\/nuevo-renacer.com\/benedita-fernandes\/\"]}]},{\"@type\":\"ImageObject\",\"inLanguage\":\"fr-FR\",\"@id\":\"https:\/\/nuevo-renacer.com\/benedita-fernandes\/#primaryimage\",\"url\":\"https:\/\/nuevo-renacer.com\/wp-content\/uploads\/2025\/09\/benedita.jpeg\",\"contentUrl\":\"https:\/\/nuevo-renacer.com\/wp-content\/uploads\/2025\/09\/benedita.jpeg\"},{\"@type\":\"BreadcrumbList\",\"@id\":\"https:\/\/nuevo-renacer.com\/benedita-fernandes\/#breadcrumb\",\"itemListElement\":[{\"@type\":\"ListItem\",\"position\":1,\"name\":\"Startseite\",\"item\":\"https:\/\/nuevo-renacer.com\/\"},{\"@type\":\"ListItem\",\"position\":2,\"name\":\"Benedita Fernandes\"}]},{\"@type\":\"WebSite\",\"@id\":\"https:\/\/nuevo-renacer.com\/#website\",\"url\":\"https:\/\/nuevo-renacer.com\/\",\"name\":\"Uni\u00f3n Esp\u00edrita\",\"description\":\"Nuevo Renacer\",\"publisher\":{\"@id\":\"https:\/\/nuevo-renacer.com\/#organization\"},\"potentialAction\":[{\"@type\":\"SearchAction\",\"target\":{\"@type\":\"EntryPoint\",\"urlTemplate\":\"https:\/\/nuevo-renacer.com\/?s={search_term_string}\"},\"query-input\":{\"@type\":\"PropertyValueSpecification\",\"valueRequired\":true,\"valueName\":\"search_term_string\"}}],\"inLanguage\":\"fr-FR\"},{\"@type\":\"Organization\",\"@id\":\"https:\/\/nuevo-renacer.com\/#organization\",\"name\":\"UFEC\",\"url\":\"https:\/\/nuevo-renacer.com\/\",\"logo\":{\"@type\":\"ImageObject\",\"inLanguage\":\"fr-FR\",\"@id\":\"https:\/\/nuevo-renacer.com\/#\/schema\/logo\/image\/\",\"url\":\"https:\/\/nuevo-renacer.com\/wp-content\/uploads\/2024\/05\/cropped-LOGO-TERMINADO1-3-3.png\",\"contentUrl\":\"https:\/\/nuevo-renacer.com\/wp-content\/uploads\/2024\/05\/cropped-LOGO-TERMINADO1-3-3.png\",\"width\":512,\"height\":512,\"caption\":\"UFEC\"},\"image\":{\"@id\":\"https:\/\/nuevo-renacer.com\/#\/schema\/logo\/image\/\"},\"sameAs\":[\"https:\/\/www.facebook.com\/groups\/3431398063740829\"]}]}<\/script>\n<!-- \/ Yoast SEO Premium plugin. -->","yoast_head_json":{"title":"Benedita Fernandes - Uni\u00f3n Esp\u00edrita","robots":{"index":"index","follow":"follow","max-snippet":"max-snippet:-1","max-image-preview":"max-image-preview:large","max-video-preview":"max-video-preview:-1"},"canonical":"https:\/\/nuevo-renacer.com\/fr\/benedita-fernandes\/","og_locale":"fr_FR","og_type":"article","og_title":"Benedita Fernandes","og_description":"Benedita Fernandes Benedita Fernandes naci\u00f3 el 27 de junio de 1883 en Campos Novos de Cunha (S\u00e3o Paulo) y falleci\u00f3 el 9 de octubre de 1947 en Ara\u00e7atuba. La iniciaci\u00f3n de Benedita Fernandes en las actividades espiritas fue muy inusual. Atormentada por una terrible posesi\u00f3n, una aut\u00e9ntica sumisi\u00f3n, Benedita perdi\u00f3 el contacto con su familia [&hellip;]","og_url":"https:\/\/nuevo-renacer.com\/fr\/benedita-fernandes\/","og_site_name":"Uni\u00f3n Esp\u00edrita","article_publisher":"https:\/\/www.facebook.com\/groups\/3431398063740829","article_modified_time":"2025-09-04T08:02:36+00:00","og_image":[{"width":805,"height":779,"url":"https:\/\/nuevo-renacer.com\/wp-content\/uploads\/2025\/09\/benedita.jpeg","type":"image\/jpeg"}],"twitter_card":"summary_large_image","twitter_misc":{"Dur\u00e9e de lecture estim\u00e9e":"6 minutes"},"schema":{"@context":"https:\/\/schema.org","@graph":[{"@type":"WebPage","@id":"https:\/\/nuevo-renacer.com\/benedita-fernandes\/","url":"https:\/\/nuevo-renacer.com\/benedita-fernandes\/","name":"Benedita Fernandes - Uni\u00f3n Esp\u00edrita","isPartOf":{"@id":"https:\/\/nuevo-renacer.com\/#website"},"primaryImageOfPage":{"@id":"https:\/\/nuevo-renacer.com\/benedita-fernandes\/#primaryimage"},"image":{"@id":"https:\/\/nuevo-renacer.com\/benedita-fernandes\/#primaryimage"},"thumbnailUrl":"https:\/\/nuevo-renacer.com\/wp-content\/uploads\/2025\/09\/benedita.jpeg","datePublished":"2025-09-04T08:02:34+00:00","dateModified":"2025-09-04T08:02:36+00:00","breadcrumb":{"@id":"https:\/\/nuevo-renacer.com\/benedita-fernandes\/#breadcrumb"},"inLanguage":"fr-FR","potentialAction":[{"@type":"ReadAction","target":["https:\/\/nuevo-renacer.com\/benedita-fernandes\/"]}]},{"@type":"ImageObject","inLanguage":"fr-FR","@id":"https:\/\/nuevo-renacer.com\/benedita-fernandes\/#primaryimage","url":"https:\/\/nuevo-renacer.com\/wp-content\/uploads\/2025\/09\/benedita.jpeg","contentUrl":"https:\/\/nuevo-renacer.com\/wp-content\/uploads\/2025\/09\/benedita.jpeg"},{"@type":"BreadcrumbList","@id":"https:\/\/nuevo-renacer.com\/benedita-fernandes\/#breadcrumb","itemListElement":[{"@type":"ListItem","position":1,"name":"Startseite","item":"https:\/\/nuevo-renacer.com\/"},{"@type":"ListItem","position":2,"name":"Benedita Fernandes"}]},{"@type":"WebSite","@id":"https:\/\/nuevo-renacer.com\/#website","url":"https:\/\/nuevo-renacer.com\/","name":"Uni\u00f3n Esp\u00edrita","description":"Nuevo Renacer","publisher":{"@id":"https:\/\/nuevo-renacer.com\/#organization"},"potentialAction":[{"@type":"SearchAction","target":{"@type":"EntryPoint","urlTemplate":"https:\/\/nuevo-renacer.com\/?s={search_term_string}"},"query-input":{"@type":"PropertyValueSpecification","valueRequired":true,"valueName":"search_term_string"}}],"inLanguage":"fr-FR"},{"@type":"Organization","@id":"https:\/\/nuevo-renacer.com\/#organization","name":"UFEC","url":"https:\/\/nuevo-renacer.com\/","logo":{"@type":"ImageObject","inLanguage":"fr-FR","@id":"https:\/\/nuevo-renacer.com\/#\/schema\/logo\/image\/","url":"https:\/\/nuevo-renacer.com\/wp-content\/uploads\/2024\/05\/cropped-LOGO-TERMINADO1-3-3.png","contentUrl":"https:\/\/nuevo-renacer.com\/wp-content\/uploads\/2024\/05\/cropped-LOGO-TERMINADO1-3-3.png","width":512,"height":512,"caption":"UFEC"},"image":{"@id":"https:\/\/nuevo-renacer.com\/#\/schema\/logo\/image\/"},"sameAs":["https:\/\/www.facebook.com\/groups\/3431398063740829"]}]}},"uagb_featured_image_src":{"full":false,"thumbnail":false,"medium":false,"medium_large":false,"large":false,"1536x1536":false,"2048x2048":false,"trp-custom-language-flag":false},"uagb_author_info":{"display_name":"adbv0","author_link":"https:\/\/nuevo-renacer.com\/fr\/author\/adbv0\/"},"uagb_comment_info":0,"uagb_excerpt":"Benedita Fernandes Benedita Fernandes naci\u00f3 el 27 de junio de 1883 en Campos Novos de Cunha (S\u00e3o Paulo) y falleci\u00f3 el 9 de octubre de 1947 en Ara\u00e7atuba. La iniciaci\u00f3n de Benedita Fernandes en las actividades espiritas fue muy inusual. Atormentada por una terrible posesi\u00f3n, una aut\u00e9ntica sumisi\u00f3n, Benedita perdi\u00f3 el contacto con su familia\u2026","jetpack_sharing_enabled":true,"_links":{"self":[{"href":"https:\/\/nuevo-renacer.com\/fr\/wp-json\/wp\/v2\/pages\/8501","targetHints":{"allow":["GET"]}}],"collection":[{"href":"https:\/\/nuevo-renacer.com\/fr\/wp-json\/wp\/v2\/pages"}],"about":[{"href":"https:\/\/nuevo-renacer.com\/fr\/wp-json\/wp\/v2\/types\/page"}],"author":[{"embeddable":true,"href":"https:\/\/nuevo-renacer.com\/fr\/wp-json\/wp\/v2\/users\/1"}],"replies":[{"embeddable":true,"href":"https:\/\/nuevo-renacer.com\/fr\/wp-json\/wp\/v2\/comments?post=8501"}],"version-history":[{"count":1,"href":"https:\/\/nuevo-renacer.com\/fr\/wp-json\/wp\/v2\/pages\/8501\/revisions"}],"predecessor-version":[{"id":8503,"href":"https:\/\/nuevo-renacer.com\/fr\/wp-json\/wp\/v2\/pages\/8501\/revisions\/8503"}],"wp:attachment":[{"href":"https:\/\/nuevo-renacer.com\/fr\/wp-json\/wp\/v2\/media?parent=8501"}],"curies":[{"name":"wp","href":"https:\/\/api.w.org\/{rel}","templated":true}]}}