{"id":8475,"date":"2025-09-02T06:09:05","date_gmt":"2025-09-02T06:09:05","guid":{"rendered":"https:\/\/nuevo-renacer.com\/?page_id=8475"},"modified":"2025-09-02T06:16:45","modified_gmt":"2025-09-02T06:16:45","slug":"andrew-jackson-davis","status":"publish","type":"page","link":"https:\/\/nuevo-renacer.com\/fr\/andrew-jackson-davis\/","title":{"rendered":"Andrew Jackson Davis"},"content":{"rendered":"<div class=\"wp-block-uagb-container uagb-block-631337f4 alignfull uagb-is-root-container\"><div class=\"uagb-container-inner-blocks-wrap\">\n<p class=\"has-black-color has-text-color has-link-color has-medium-font-size wp-elements-9bafeee960c6dcf3b9ee8bff740025fc\"><strong>Andrew Jackson Davis<\/strong><\/p>\n<\/div><\/div>\n\n\n\n<div class=\"wp-block-uagb-container uagb-block-f76acd6a alignfull uagb-is-root-container\"><div class=\"uagb-container-inner-blocks-wrap\">\n<figure class=\"wp-block-image alignleft size-full is-resized\"><img fetchpriority=\"high\" decoding=\"async\" width=\"484\" height=\"430\" src=\"https:\/\/nuevo-renacer.com\/wp-content\/uploads\/2025\/09\/7267290-L.jpg\" alt=\"\" class=\"wp-image-8476\" style=\"width:302px;height:auto\" srcset=\"https:\/\/nuevo-renacer.com\/wp-content\/uploads\/2025\/09\/7267290-L.jpg 484w, https:\/\/nuevo-renacer.com\/wp-content\/uploads\/2025\/09\/7267290-L-300x267.jpg 300w, https:\/\/nuevo-renacer.com\/wp-content\/uploads\/2025\/09\/7267290-L-14x12.jpg 14w\" sizes=\"(max-width: 484px) 100vw, 484px\" \/><\/figure>\n<\/div><\/div>\n\n\n\n<div class=\"wp-block-uagb-container uagb-block-894dd7b2 alignfull uagb-is-root-container\"><div class=\"uagb-container-inner-blocks-wrap\">\n<p class=\"has-black-color has-text-color has-link-color has-small-font-size wp-elements-6f5b3ac61ff8e17eb253ed59291f0ca5\">Andrew Jackson Davis, surnomm\u00e9 \u00ab le p\u00e8re du spiritisme moderne \u00bb, \u00ab l'Allan Kardec am\u00e9ricain \u00bb, fils de parents humbles et incultes, est n\u00e9 le 11 ao\u00fbt 1826 dans un district rural de l'\u00c9tat de New York (\u00c9tats-Unis), sur les rives de l'Hudson, parmi des gens simples et ignorants. C'\u00e9tait un gar\u00e7on peu vif, d\u00e9pourvu d'activit\u00e9 intellectuelle, au corps ch\u00e9tif, sans aucun signe laissant pr\u00e9sager son exceptionnelle m\u00e9diumnit\u00e9 future. Tout comme Francisco C\u00e2ndido Xavier, le c\u00e9l\u00e8bre m\u00e9dium br\u00e9silien, Jackson Davis a commenc\u00e9 \u00e0 entendre, dans les derni\u00e8res ann\u00e9es de son enfance, des voix agr\u00e9ables et douces, suivies de belles clairvoyances, d\u00e9veloppant en lui en m\u00eame temps des dons m\u00e9diumniques - applicables aux diagnostics m\u00e9dicaux.<\/p>\n\n\n\n<p class=\"has-black-color has-text-color has-link-color has-small-font-size wp-elements-5a72c60cd556f4fcb0cbd53caef22775\">Le 6 mars 1844, probablement dans son corps p\u00e9rispirique, il fut transport\u00e9 de la petite localit\u00e9 de Poughkeepsie, o\u00f9 il vivait, aux montagnes de Catskill, \u00e0 quarante miles de l\u00e0. Dans ces montagnes, il rencontra deux anciens, qui lui r\u00e9v\u00e9l\u00e8rent \u00eatre ses mentors, identifi\u00e9s par la suite comme les esprits de Galien et de Swedenborg. Ce fut le premier contact que le jeune gar\u00e7on eut avec ceux qu'on appelle les morts. Avec le temps, sa m\u00e9diumnit\u00e9 prit une nouvelle direction. Lorsqu'il \u00e9tait en transe, il parlait plusieurs langues, dont l'h\u00e9breu, toutes inconnues de lui, exposant des connaissances admirables en g\u00e9ologie et discutant, avec une rare habilet\u00e9, de questions complexes d'arch\u00e9ologie historique et biblique, de mythologie, ainsi que de th\u00e8mes linguistiques et sociaux - bien qu'il ne connaisse rien \u00e0 la grammaire ou aux r\u00e8gles de la langue et n'ait suivi aucune \u00e9tude litt\u00e9raire ou scientifique. Ses r\u00e9ponses \u00e9taient telles qu'elles \u00ab feraient honneur, selon le Dr Jorge Bush, professeur \u00e0 l'universit\u00e9 de New York, \u00e0 n'importe quel \u00e9tudiant de cet \u00e2ge, m\u00eame s'il avait consult\u00e9 toutes les biblioth\u00e8ques de la chr\u00e9tient\u00e9 pour les fournir.<\/p>\n\n\n\n<p class=\"has-black-color has-text-color has-link-color has-small-font-size wp-elements-46b460a848680855200384f891ee5bee\">Sa personne attira rapidement l'attention du Dr Lyon, du r\u00e9v\u00e9rend Guilherme Fishbough et de nombreux hommes s\u00e9rieux et cultiv\u00e9s, parmi lesquels se distingue le nom d'Edgar Allan Poe. Pendant deux ans, Davis dicta, dans un \u00e9tat de transe inconsciente, un livre sur les secrets de la nature, publi\u00e9 en 1847 sous le titre \u00ab Les principes de la nature \u00bb. Conan Doyle y fit r\u00e9f\u00e9rence, le qualifiant de \u00ab l'un des livres les plus profonds et les plus originaux de philosophie \u00bb, et il compte, aux \u00c9tats-Unis, des dizaines d'\u00e9ditions. Un fait similaire se produira plus tard, ici au Br\u00e9sil, avec le m\u00e9dium susmentionn\u00e9 qui, n\u00e9 dans un milieu tout aussi pauvre et inculte, et sans connaissances \u00e0 la hauteur, a psychographi\u00e9, \u00e0 l'\u00e2ge de vingt ans, l'\u0153uvre po\u00e9tique remarquable et tr\u00e8s originale \u00ab Parnaso de Al\u00e9m-T\u00famulo \u00bb (Parnasse d'outre-tombe).<\/p>\n\n\n\n<p class=\"has-black-color has-text-color has-link-color has-small-font-size wp-elements-6782640c6f99b6637b18c759d8aff149\">Comme ce m\u00e9dium, Davis a \u00e9galement re\u00e7u de nombreux autres livres, une trentaine environ, en partie publi\u00e9s sous le titre g\u00e9n\u00e9ral de \u00ab Filosofia Harm\u00f4nica \u00bb (Philosophie harmonique), qui lui ont \u00e9t\u00e9 transmis par l'entit\u00e9 spirituelle Swedenborg. Des dizaines d'\u00e9ditions ont \u00e9t\u00e9 publi\u00e9es aux \u00c9tats-Unis, ce qui montre bien l'int\u00e9r\u00eat que ses doctrines r\u00e9v\u00e9latrices ont suscit\u00e9, conqu\u00e9rant des milliers de pros\u00e9lytes. Davis n'\u00e9tait ni un mystique ni un religieux au sens vulgaire du terme, et il n'acceptait pas non plus la r\u00e9v\u00e9lation biblique dans son interpr\u00e9tation litt\u00e9rale. Cependant, il \u00e9tait honn\u00eate, s\u00e9rieux, incorruptible, amoureux de la V\u00e9rit\u00e9 et sinc\u00e8rement conscient de sa responsabilit\u00e9 dans ces \u00e9v\u00e9nements novateurs.<\/p>\n\n\n\n<p class=\"has-black-color has-text-color has-link-color has-small-font-size wp-elements-5cff7d83e616f9f3cad664b139df8738\">Dans sa pauvret\u00e9 mat\u00e9rielle, il n'a jamais oubli\u00e9 la justice et la charit\u00e9 envers tous. Ses facult\u00e9s m\u00e9diumniques ont atteint leur plein d\u00e9veloppement apr\u00e8s l'\u00e2ge de 21 ans, et il a alors pu observer plus clairement le processus de d\u00e9sincarnation de plusieurs personnes, le racontant dans les moindres d\u00e9tails. Ses descriptions concordent avec d'innombrables autres faites par des m\u00e9diums de diff\u00e9rents pays, trouvant un compl\u00e9ment tr\u00e8s pertinent dans l'\u0153uvre m\u00e9diumnique de Francisco C\u00e2ndido Xavier.<\/p>\n\n\n\n<p class=\"has-black-color has-text-color has-link-color has-small-font-size wp-elements-5af4ea568a5c2ebdc0b2ca8b2e560fc7\">Avant 1856, Jackson Davis avait pr\u00e9dit l'apparition des automobiles et des v\u00e9hicules a\u00e9riens propuls\u00e9s par une force motrice explosive, ainsi que celle des machines \u00e0 \u00e9crire et, selon toute vraisemblance, des locomotives \u00e0 moteur \u00e0 combustion interne. La richesse des d\u00e9tails que Davis a laiss\u00e9s dans son ouvrage \u00ab Penetralia \u00bb, aujourd'hui centenaire, au sujet de ces inventions futures est extraordinaire, voire stup\u00e9fiante. En outre, il a \u00e9galement pr\u00e9dit, en 1847, la manifestation ostensible des esprits aupr\u00e8s des cr\u00e9atures humaines, soulignant qu'il ne faudrait pas longtemps pour que cette v\u00e9rit\u00e9 se r\u00e9v\u00e8le dans une d\u00e9monstration exub\u00e9rante. Son \u0153uvre initiale, d'une grande luminosit\u00e9, \u00e9tait une pr\u00e9paration \u00e0 l'apparition du spiritisme, et dans l'une de ses notes, dat\u00e9e du 31 mars 1848, on peut lire ce passage significatif : \u00ab Cette nuit, un souffle frais a effleur\u00e9 mon visage, et j'ai entendu une voix, douce et ferme, me dire : \u00ab Fr\u00e8re, un bon travail a \u00e9t\u00e9 commenc\u00e9 ; contemple la d\u00e9monstration vivante qui se pr\u00e9sente. \u00bb Je me suis mis \u00e0 r\u00e9fl\u00e9chir \u00e0 la signification de ce message.<\/p>\n\n\n\n<p class=\"has-black-color has-text-color has-link-color has-small-font-size wp-elements-617d2084823eabb2be52232c1d2edf2e\">Il \u00e9tait loin de se douter que, pr\u00e9cis\u00e9ment dans la nuit du jour mentionn\u00e9, les s\u0153urs Fox, \u00e0 Hydesville, communiqueraient, par des coups, avec l'esprit d'un mort, inaugurant ainsi le grand mouvement spirite mondial. \u00c0 cause de cela, Jackson Davis a \u00e9t\u00e9 qualifi\u00e9 par certains \u00e9crivains spirites de \u00ab proph\u00e8te de la Nouvelle R\u00e9v\u00e9lation \u00bb. La s\u00e9rie de livres intitul\u00e9e \u00ab Philosophie harmonique \u00bb, ouvrages d'un haut niveau moral et intellectuel, a \u00e9t\u00e9 suivie des \u00ab R\u00e9v\u00e9lations divines de la nature \u00bb, dont la r\u00e9ception a occup\u00e9 les ann\u00e9es suivantes de sa vie. (...)<\/p>\n\n\n\n<p class=\"has-black-color has-text-color has-link-color has-small-font-size wp-elements-a24f18cbf36a951f981f99615337cddf\">Au cours des voyages qu'il fit, d\u00e9tach\u00e9 de son corps, dans le monde des esprits, Davis fut t\u00e9moin, dans un lieu qu'il appela \u00ab Summerland \u00bb, de l'\u00e9ducation harmonieuse des enfants d\u00e9sincarn\u00e9s, r\u00e9unis par groupes dans de grands et beaux b\u00e2timents, o\u00f9 on leur dispensait un enseignement et des soins sp\u00e9ciaux, tout cela en fonction de leur \u00e2ge et de leurs connaissances. Davis fut tellement \u00e9merveill\u00e9 par le syst\u00e8me adopt\u00e9 l\u00e0-bas et son organisation ing\u00e9nieuse qu'il chercha \u00e0 le concr\u00e9tiser sur le plan terrestre. C'est ainsi que naquit le premier Lyc\u00e9e spirite, fond\u00e9 par lui le 25 janvier 1863, \u00e0 Dodsworth Hall, Broadway, New York. Ce mouvement lyc\u00e9en s'est ramifi\u00e9 aux \u00c9tats-Unis et s'est propag\u00e9 en Angleterre, au Canada, en Australie, etc.<\/p>\n\n\n\n<p class=\"has-black-color has-text-color has-link-color has-small-font-size wp-elements-434fa5769bee2f82f61af7ce9d748caa\">Le c\u00e9l\u00e8bre voyant am\u00e9ricain a \u00e9t\u00e9 victime d'accusations calomnieuses et de critiques acerbes, lanc\u00e9es contre lui par les \u00e9ternels d\u00e9tracteurs de la V\u00e9rit\u00e9. Homme sup\u00e9rieur, il surmontait tout avec une tol\u00e9rance \u00e9vang\u00e9lique et une grande compr\u00e9hension. Au cours des derni\u00e8res ann\u00e9es de sa vie, Andrew Jackson Davis dirigea une petite librairie \u00e0 Boston et, le 13 janvier 1910, \u00e0 l'\u00e2ge de 84 ans, il d\u00e9c\u00e9da dans sa r\u00e9sidence de Watertown, dans l'\u00c9tat du Massachusetts, laissant \u00e0 l'humanit\u00e9 l'exemple digne de son existence fructueuse.<\/p>\n<\/div><\/div>\n\n\n\n<div class=\"wp-block-uagb-container uagb-block-62b44c17 alignfull uagb-is-root-container\"><div class=\"uagb-container-inner-blocks-wrap\"><\/div><\/div>\n\n\n\n<div class=\"wp-block-uagb-container uagb-block-3290b960 alignfull uagb-is-root-container\"><div class=\"uagb-container-inner-blocks-wrap\"><\/div><\/div>","protected":false},"excerpt":{"rendered":"<p>Andrew Jackson Davis Andrew Jackson Davis, apodado \u00abel padre del espiritismo moderno\u00bb y \u00abel Allan Kardec estadounidense\u00bb, hijo de padres humildes y sin estudios, naci\u00f3 el 11 de agosto de 1826 en un distrito rural del estado de Nueva York (EE. UU.), a orillas del r\u00edo Hudson, entre gente sencilla e ignorante. Era un ni\u00f1o [&hellip;]<\/p>","protected":false},"author":1,"featured_media":0,"parent":0,"menu_order":0,"comment_status":"closed","ping_status":"closed","template":"","meta":{"_uag_custom_page_level_css":"","site-sidebar-layout":"default","site-content-layout":"","ast-site-content-layout":"default","site-content-style":"default","site-sidebar-style":"default","ast-global-header-display":"","ast-banner-title-visibility":"","ast-main-header-display":"","ast-hfb-above-header-display":"","ast-hfb-below-header-display":"","ast-hfb-mobile-header-display":"","site-post-title":"disabled","ast-breadcrumbs-content":"","ast-featured-img":"","footer-sml-layout":"","theme-transparent-header-meta":"","adv-header-id-meta":"","stick-header-meta":"","header-above-stick-meta":"","header-main-stick-meta":"","header-below-stick-meta":"","astra-migrate-meta-layouts":"set","ast-page-background-enabled":"default","ast-page-background-meta":{"desktop":{"background-color":"var(--ast-global-color-4)","background-image":"","background-repeat":"repeat","background-position":"center center","background-size":"auto","background-attachment":"scroll","background-type":"","background-media":"","overlay-type":"","overlay-color":"","overlay-opacity":"","overlay-gradient":""},"tablet":{"background-color":"","background-image":"","background-repeat":"repeat","background-position":"center center","background-size":"auto","background-attachment":"scroll","background-type":"","background-media":"","overlay-type":"","overlay-color":"","overlay-opacity":"","overlay-gradient":""},"mobile":{"background-color":"","background-image":"","background-repeat":"repeat","background-position":"center center","background-size":"auto","background-attachment":"scroll","background-type":"","background-media":"","overlay-type":"","overlay-color":"","overlay-opacity":"","overlay-gradient":""}},"ast-content-background-meta":{"desktop":{"background-color":"var(--ast-global-color-5)","background-image":"","background-repeat":"repeat","background-position":"center center","background-size":"auto","background-attachment":"scroll","background-type":"","background-media":"","overlay-type":"","overlay-color":"","overlay-opacity":"","overlay-gradient":""},"tablet":{"background-color":"var(--ast-global-color-5)","background-image":"","background-repeat":"repeat","background-position":"center center","background-size":"auto","background-attachment":"scroll","background-type":"","background-media":"","overlay-type":"","overlay-color":"","overlay-opacity":"","overlay-gradient":""},"mobile":{"background-color":"var(--ast-global-color-5)","background-image":"","background-repeat":"repeat","background-position":"center center","background-size":"auto","background-attachment":"scroll","background-type":"","background-media":"","overlay-type":"","overlay-color":"","overlay-opacity":"","overlay-gradient":""}},"footnotes":""},"class_list":["post-8475","page","type-page","status-publish","hentry"],"yoast_head":"<!-- This site is optimized with the Yoast SEO Premium plugin v24.2 (Yoast SEO v24.6) - https:\/\/yoast.com\/wordpress\/plugins\/seo\/ -->\n<title>Andrew Jackson Davis - Uni\u00f3n Esp\u00edrita<\/title>\n<meta name=\"robots\" content=\"index, follow, max-snippet:-1, max-image-preview:large, max-video-preview:-1\" \/>\n<link rel=\"canonical\" href=\"https:\/\/nuevo-renacer.com\/fr\/andrew-jackson-davis\/\" \/>\n<meta property=\"og:locale\" content=\"fr_FR\" \/>\n<meta property=\"og:type\" content=\"article\" \/>\n<meta property=\"og:title\" content=\"Andrew Jackson Davis\" \/>\n<meta property=\"og:description\" content=\"Andrew Jackson Davis Andrew Jackson Davis, apodado \u00abel padre del espiritismo moderno\u00bb y \u00abel Allan Kardec estadounidense\u00bb, hijo de padres humildes y sin estudios, naci\u00f3 el 11 de agosto de 1826 en un distrito rural del estado de Nueva York (EE. UU.), a orillas del r\u00edo Hudson, entre gente sencilla e ignorante. Era un ni\u00f1o [&hellip;]\" \/>\n<meta property=\"og:url\" content=\"https:\/\/nuevo-renacer.com\/fr\/andrew-jackson-davis\/\" \/>\n<meta property=\"og:site_name\" content=\"Uni\u00f3n Esp\u00edrita\" \/>\n<meta property=\"article:publisher\" content=\"https:\/\/www.facebook.com\/groups\/3431398063740829\" \/>\n<meta property=\"article:modified_time\" content=\"2025-09-02T06:16:45+00:00\" \/>\n<meta property=\"og:image\" content=\"https:\/\/nuevo-renacer.com\/wp-content\/uploads\/2025\/09\/7267290-L.jpg\" \/>\n\t<meta property=\"og:image:width\" content=\"484\" \/>\n\t<meta property=\"og:image:height\" content=\"430\" \/>\n\t<meta property=\"og:image:type\" content=\"image\/jpeg\" \/>\n<meta name=\"twitter:card\" content=\"summary_large_image\" \/>\n<meta name=\"twitter:label1\" content=\"Dur\u00e9e de lecture estim\u00e9e\" \/>\n\t<meta name=\"twitter:data1\" content=\"7 minutes\" \/>\n<script type=\"application\/ld+json\" class=\"yoast-schema-graph\">{\"@context\":\"https:\/\/schema.org\",\"@graph\":[{\"@type\":\"WebPage\",\"@id\":\"https:\/\/nuevo-renacer.com\/andrew-jackson-davis\/\",\"url\":\"https:\/\/nuevo-renacer.com\/andrew-jackson-davis\/\",\"name\":\"Andrew Jackson Davis - Uni\u00f3n Esp\u00edrita\",\"isPartOf\":{\"@id\":\"https:\/\/nuevo-renacer.com\/#website\"},\"primaryImageOfPage\":{\"@id\":\"https:\/\/nuevo-renacer.com\/andrew-jackson-davis\/#primaryimage\"},\"image\":{\"@id\":\"https:\/\/nuevo-renacer.com\/andrew-jackson-davis\/#primaryimage\"},\"thumbnailUrl\":\"https:\/\/nuevo-renacer.com\/wp-content\/uploads\/2025\/09\/7267290-L.jpg\",\"datePublished\":\"2025-09-02T06:09:05+00:00\",\"dateModified\":\"2025-09-02T06:16:45+00:00\",\"breadcrumb\":{\"@id\":\"https:\/\/nuevo-renacer.com\/andrew-jackson-davis\/#breadcrumb\"},\"inLanguage\":\"fr-FR\",\"potentialAction\":[{\"@type\":\"ReadAction\",\"target\":[\"https:\/\/nuevo-renacer.com\/andrew-jackson-davis\/\"]}]},{\"@type\":\"ImageObject\",\"inLanguage\":\"fr-FR\",\"@id\":\"https:\/\/nuevo-renacer.com\/andrew-jackson-davis\/#primaryimage\",\"url\":\"https:\/\/nuevo-renacer.com\/wp-content\/uploads\/2025\/09\/7267290-L.jpg\",\"contentUrl\":\"https:\/\/nuevo-renacer.com\/wp-content\/uploads\/2025\/09\/7267290-L.jpg\"},{\"@type\":\"BreadcrumbList\",\"@id\":\"https:\/\/nuevo-renacer.com\/andrew-jackson-davis\/#breadcrumb\",\"itemListElement\":[{\"@type\":\"ListItem\",\"position\":1,\"name\":\"Startseite\",\"item\":\"https:\/\/nuevo-renacer.com\/\"},{\"@type\":\"ListItem\",\"position\":2,\"name\":\"Andrew Jackson Davis\"}]},{\"@type\":\"WebSite\",\"@id\":\"https:\/\/nuevo-renacer.com\/#website\",\"url\":\"https:\/\/nuevo-renacer.com\/\",\"name\":\"Uni\u00f3n Esp\u00edrita\",\"description\":\"Nuevo Renacer\",\"publisher\":{\"@id\":\"https:\/\/nuevo-renacer.com\/#organization\"},\"potentialAction\":[{\"@type\":\"SearchAction\",\"target\":{\"@type\":\"EntryPoint\",\"urlTemplate\":\"https:\/\/nuevo-renacer.com\/?s={search_term_string}\"},\"query-input\":{\"@type\":\"PropertyValueSpecification\",\"valueRequired\":true,\"valueName\":\"search_term_string\"}}],\"inLanguage\":\"fr-FR\"},{\"@type\":\"Organization\",\"@id\":\"https:\/\/nuevo-renacer.com\/#organization\",\"name\":\"UFEC\",\"url\":\"https:\/\/nuevo-renacer.com\/\",\"logo\":{\"@type\":\"ImageObject\",\"inLanguage\":\"fr-FR\",\"@id\":\"https:\/\/nuevo-renacer.com\/#\/schema\/logo\/image\/\",\"url\":\"https:\/\/nuevo-renacer.com\/wp-content\/uploads\/2024\/05\/cropped-LOGO-TERMINADO1-3-3.png\",\"contentUrl\":\"https:\/\/nuevo-renacer.com\/wp-content\/uploads\/2024\/05\/cropped-LOGO-TERMINADO1-3-3.png\",\"width\":512,\"height\":512,\"caption\":\"UFEC\"},\"image\":{\"@id\":\"https:\/\/nuevo-renacer.com\/#\/schema\/logo\/image\/\"},\"sameAs\":[\"https:\/\/www.facebook.com\/groups\/3431398063740829\"]}]}<\/script>\n<!-- \/ Yoast SEO Premium plugin. -->","yoast_head_json":{"title":"Andrew Jackson Davis - Uni\u00f3n Esp\u00edrita","robots":{"index":"index","follow":"follow","max-snippet":"max-snippet:-1","max-image-preview":"max-image-preview:large","max-video-preview":"max-video-preview:-1"},"canonical":"https:\/\/nuevo-renacer.com\/fr\/andrew-jackson-davis\/","og_locale":"fr_FR","og_type":"article","og_title":"Andrew Jackson Davis","og_description":"Andrew Jackson Davis Andrew Jackson Davis, apodado \u00abel padre del espiritismo moderno\u00bb y \u00abel Allan Kardec estadounidense\u00bb, hijo de padres humildes y sin estudios, naci\u00f3 el 11 de agosto de 1826 en un distrito rural del estado de Nueva York (EE. UU.), a orillas del r\u00edo Hudson, entre gente sencilla e ignorante. Era un ni\u00f1o [&hellip;]","og_url":"https:\/\/nuevo-renacer.com\/fr\/andrew-jackson-davis\/","og_site_name":"Uni\u00f3n Esp\u00edrita","article_publisher":"https:\/\/www.facebook.com\/groups\/3431398063740829","article_modified_time":"2025-09-02T06:16:45+00:00","og_image":[{"width":484,"height":430,"url":"https:\/\/nuevo-renacer.com\/wp-content\/uploads\/2025\/09\/7267290-L.jpg","type":"image\/jpeg"}],"twitter_card":"summary_large_image","twitter_misc":{"Dur\u00e9e de lecture estim\u00e9e":"7 minutes"},"schema":{"@context":"https:\/\/schema.org","@graph":[{"@type":"WebPage","@id":"https:\/\/nuevo-renacer.com\/andrew-jackson-davis\/","url":"https:\/\/nuevo-renacer.com\/andrew-jackson-davis\/","name":"Andrew Jackson Davis - Uni\u00f3n Esp\u00edrita","isPartOf":{"@id":"https:\/\/nuevo-renacer.com\/#website"},"primaryImageOfPage":{"@id":"https:\/\/nuevo-renacer.com\/andrew-jackson-davis\/#primaryimage"},"image":{"@id":"https:\/\/nuevo-renacer.com\/andrew-jackson-davis\/#primaryimage"},"thumbnailUrl":"https:\/\/nuevo-renacer.com\/wp-content\/uploads\/2025\/09\/7267290-L.jpg","datePublished":"2025-09-02T06:09:05+00:00","dateModified":"2025-09-02T06:16:45+00:00","breadcrumb":{"@id":"https:\/\/nuevo-renacer.com\/andrew-jackson-davis\/#breadcrumb"},"inLanguage":"fr-FR","potentialAction":[{"@type":"ReadAction","target":["https:\/\/nuevo-renacer.com\/andrew-jackson-davis\/"]}]},{"@type":"ImageObject","inLanguage":"fr-FR","@id":"https:\/\/nuevo-renacer.com\/andrew-jackson-davis\/#primaryimage","url":"https:\/\/nuevo-renacer.com\/wp-content\/uploads\/2025\/09\/7267290-L.jpg","contentUrl":"https:\/\/nuevo-renacer.com\/wp-content\/uploads\/2025\/09\/7267290-L.jpg"},{"@type":"BreadcrumbList","@id":"https:\/\/nuevo-renacer.com\/andrew-jackson-davis\/#breadcrumb","itemListElement":[{"@type":"ListItem","position":1,"name":"Startseite","item":"https:\/\/nuevo-renacer.com\/"},{"@type":"ListItem","position":2,"name":"Andrew Jackson Davis"}]},{"@type":"WebSite","@id":"https:\/\/nuevo-renacer.com\/#website","url":"https:\/\/nuevo-renacer.com\/","name":"Uni\u00f3n Esp\u00edrita","description":"Nuevo Renacer","publisher":{"@id":"https:\/\/nuevo-renacer.com\/#organization"},"potentialAction":[{"@type":"SearchAction","target":{"@type":"EntryPoint","urlTemplate":"https:\/\/nuevo-renacer.com\/?s={search_term_string}"},"query-input":{"@type":"PropertyValueSpecification","valueRequired":true,"valueName":"search_term_string"}}],"inLanguage":"fr-FR"},{"@type":"Organization","@id":"https:\/\/nuevo-renacer.com\/#organization","name":"UFEC","url":"https:\/\/nuevo-renacer.com\/","logo":{"@type":"ImageObject","inLanguage":"fr-FR","@id":"https:\/\/nuevo-renacer.com\/#\/schema\/logo\/image\/","url":"https:\/\/nuevo-renacer.com\/wp-content\/uploads\/2024\/05\/cropped-LOGO-TERMINADO1-3-3.png","contentUrl":"https:\/\/nuevo-renacer.com\/wp-content\/uploads\/2024\/05\/cropped-LOGO-TERMINADO1-3-3.png","width":512,"height":512,"caption":"UFEC"},"image":{"@id":"https:\/\/nuevo-renacer.com\/#\/schema\/logo\/image\/"},"sameAs":["https:\/\/www.facebook.com\/groups\/3431398063740829"]}]}},"uagb_featured_image_src":{"full":false,"thumbnail":false,"medium":false,"medium_large":false,"large":false,"1536x1536":false,"2048x2048":false,"trp-custom-language-flag":false},"uagb_author_info":{"display_name":"adbv0","author_link":"https:\/\/nuevo-renacer.com\/fr\/author\/adbv0\/"},"uagb_comment_info":0,"uagb_excerpt":"Andrew Jackson Davis Andrew Jackson Davis, apodado \u00abel padre del espiritismo moderno\u00bb y \u00abel Allan Kardec estadounidense\u00bb, hijo de padres humildes y sin estudios, naci\u00f3 el 11 de agosto de 1826 en un distrito rural del estado de Nueva York (EE. UU.), a orillas del r\u00edo Hudson, entre gente sencilla e ignorante. Era un ni\u00f1o\u2026","jetpack_sharing_enabled":true,"_links":{"self":[{"href":"https:\/\/nuevo-renacer.com\/fr\/wp-json\/wp\/v2\/pages\/8475","targetHints":{"allow":["GET"]}}],"collection":[{"href":"https:\/\/nuevo-renacer.com\/fr\/wp-json\/wp\/v2\/pages"}],"about":[{"href":"https:\/\/nuevo-renacer.com\/fr\/wp-json\/wp\/v2\/types\/page"}],"author":[{"embeddable":true,"href":"https:\/\/nuevo-renacer.com\/fr\/wp-json\/wp\/v2\/users\/1"}],"replies":[{"embeddable":true,"href":"https:\/\/nuevo-renacer.com\/fr\/wp-json\/wp\/v2\/comments?post=8475"}],"version-history":[{"count":2,"href":"https:\/\/nuevo-renacer.com\/fr\/wp-json\/wp\/v2\/pages\/8475\/revisions"}],"predecessor-version":[{"id":8478,"href":"https:\/\/nuevo-renacer.com\/fr\/wp-json\/wp\/v2\/pages\/8475\/revisions\/8478"}],"wp:attachment":[{"href":"https:\/\/nuevo-renacer.com\/fr\/wp-json\/wp\/v2\/media?parent=8475"}],"curies":[{"name":"wp","href":"https:\/\/api.w.org\/{rel}","templated":true}]}}