{"id":8454,"date":"2025-08-25T13:24:06","date_gmt":"2025-08-25T13:24:06","guid":{"rendered":"https:\/\/nuevo-renacer.com\/?page_id=8454"},"modified":"2025-08-26T13:07:11","modified_gmt":"2025-08-26T13:07:11","slug":"novedades-reconstruccion-desde-el-alma","status":"publish","type":"page","link":"https:\/\/nuevo-renacer.com\/fr\/novedades-reconstruccion-desde-el-alma\/","title":{"rendered":"Reconstrucci\u00f3n desde el alma"},"content":{"rendered":"<div class=\"wp-block-uagb-container uagb-block-cb258333 alignfull uagb-is-root-container\"><div class=\"uagb-container-inner-blocks-wrap\">\n<p class=\"has-black-color has-text-color has-link-color has-medium-font-size wp-elements-da968ad1bb916020311a9c8507334470\"><strong>Reconstruction depuis l'\u00e2me : la soci\u00e9t\u00e9 d'\u00e9tudes psychologiques \u00ab Amor a la Moral \u00bb (Amour de la morale) continue de vivre<\/strong><\/p>\n<\/div><\/div>\n\n\n\n<div class=\"wp-block-uagb-container uagb-block-ab482a73 alignwide uagb-is-root-container\">\n<figure class=\"wp-block-image size-large\"><img fetchpriority=\"high\" decoding=\"async\" width=\"1024\" height=\"819\" src=\"https:\/\/nuevo-renacer.com\/wp-content\/uploads\/2025\/08\/Amor-a-la-Moral-2-1024x819.jpeg\" alt=\"\" class=\"wp-image-8459\" srcset=\"https:\/\/nuevo-renacer.com\/wp-content\/uploads\/2025\/08\/Amor-a-la-Moral-2-1024x819.jpeg 1024w, https:\/\/nuevo-renacer.com\/wp-content\/uploads\/2025\/08\/Amor-a-la-Moral-2-300x240.jpeg 300w, https:\/\/nuevo-renacer.com\/wp-content\/uploads\/2025\/08\/Amor-a-la-Moral-2-768x614.jpeg 768w, https:\/\/nuevo-renacer.com\/wp-content\/uploads\/2025\/08\/Amor-a-la-Moral-2-1536x1229.jpeg 1536w, https:\/\/nuevo-renacer.com\/wp-content\/uploads\/2025\/08\/Amor-a-la-Moral-2-15x12.jpeg 15w, https:\/\/nuevo-renacer.com\/wp-content\/uploads\/2025\/08\/Amor-a-la-Moral-2.jpeg 1600w\" sizes=\"(max-width: 1024px) 100vw, 1024px\" \/><\/figure>\n<\/div>\n\n\n\n<div class=\"wp-block-uagb-container uagb-block-09a30c31 alignfull uagb-is-root-container\"><div class=\"uagb-container-inner-blocks-wrap\">\n<p class=\"has-black-color has-text-color has-link-color has-small-font-size wp-elements-3c08b770591e80881a4eb072548d9d32\">Ce qui a frapp\u00e9 Santiago de Cuba en 2012 \u00e9tait plus qu'une simple temp\u00eate. L'ouragan Sandy a laiss\u00e9 derri\u00e8re lui des d\u00e9combres, de la douleur et une profonde blessure, \u00e9galement au c\u0153ur de la communaut\u00e9 spirite. Le centre \u00ab Amor a la Moral \u00bb, lieu de r\u00e9confort, d'apprentissage et d'espoir, a \u00e9t\u00e9 d\u00e9vast\u00e9 jusqu'\u00e0 ses fondations. Les r\u00e9serves d'aide qui restaient ont disparu dans le chaos de l'urgence : pill\u00e9es, spoli\u00e9es. Il ne restait plus que quelques bancs... et l'image d'Allan Kardec. C'\u00e9tait comme si l'esprit lui-m\u00eame avait mont\u00e9 la garde.<\/p>\n\n\n\n<p class=\"has-black-color has-text-color has-link-color has-small-font-size wp-elements-c0e5f35d3d30c235f2a6a36e4f64f44d\">Les ann\u00e9es ont pass\u00e9. L'entr\u00e9e du centre est rest\u00e9e ouverte, non pas comme une invitation, mais comme un t\u00e9moin muet de la perte, comme un monument \u00e0 la vuln\u00e9rabilit\u00e9. Mais la foi des gens est rest\u00e9e. Silencieuse, persistante, in\u00e9branlable. Dans les conversations, dans les pri\u00e8res, dans le souvenir de ce qui \u00e9tait et de ce qui sera \u00e0 nouveau.<\/p>\n\n\n\n<p class=\"has-black-color has-text-color has-link-color has-small-font-size wp-elements-9e03d9338c01365f0a50b57c572dac14\">Au c\u0153ur de tout cet espoir, de ce travail silencieux et de cette pers\u00e9v\u00e9rance se trouvait une femme : Ivony Recasen Fajardo, aux c\u00f4t\u00e9s des membres d'\u00ab Amor a la Moral \u00bb. Elle s'est battue sans rel\u00e2che pour ce moment au nom du monde spirituel. Avec d\u00e9vouement, courage et une profonde confiance dans les enseignements du spiritisme, elle a travaill\u00e9 \u2013 contre les adversit\u00e9s du temps et souvent dans le silence \u2013 pour parvenir \u00e0 ce nouveau d\u00e9part. Elle \u00e9tait \u00e0 la fois la voix, le c\u0153ur et la main, anim\u00e9e par la foi que \u00ab Amor a la Moral \u00bb pouvait rena\u00eetre.<\/p>\n\n\n\n<p class=\"has-black-color has-text-color has-link-color has-small-font-size wp-elements-cf09e88f98062ba7103b918e9a178d5b\">Aujourd'hui, en ao\u00fbt 2025, l'entr\u00e9e a finalement \u00e9t\u00e9 referm\u00e9e. Une porte qui peut \u00eatre referm\u00e9e, si simple et pourtant si significative. C'est plus qu'une avanc\u00e9e dans la construction. C'est un signe : nous sommes toujours l\u00e0. Nous n'abandonnons pas. Nous croyons en la reconstruction, non seulement avec des pierres, mais aussi avec l'esprit et le c\u0153ur.<\/p>\n\n\n\n<p class=\"has-black-color has-text-color has-link-color has-small-font-size wp-elements-a956547f1f6b81e4ec379c8e96dcbe79\">Pour \u00ab Amor a la Moral \u00bb, ce moment symbolise le retour \u00e0 la dignit\u00e9, \u00e0 la paix et \u00e0 l'ordre int\u00e9rieur. Et pour le mouvement spirite de Santiago de Cuba, c'est une grande victoire. Au milieu des difficult\u00e9s \u00e9conomiques et des d\u00e9fis sociaux, le centre d\u00e9montre que la foi et la communaut\u00e9 peuvent perdurer m\u00eame apr\u00e8s les revers les plus durs. Que ce nouveau d\u00e9part soit une lumi\u00e8re, non seulement pour les membres d'\u00ab Amor a la Moral \u00bb, mais aussi pour tous ceux qui croient au pouvoir de l'amour et de l'esprit.<\/p>\n\n\n\n<p class=\"has-black-color has-text-color has-link-color has-small-font-size wp-elements-f9568083f4f07008526ab66b50730fed\">Cette \u00e9volution nous remplit d'une grande joie spirituelle et renforce notre engagement \u00e0 diffuser les enseignements spirites.<\/p>\n\n\n\n<p class=\"has-black-color has-text-color has-link-color has-small-font-size wp-elements-ad2fe4e7749f46f18c6344b59e2a94e3\">Yaimary Silvera Batista<br>Jos\u00e9 Fernando De Labrada Silvera<br>Rigoberto Voisin Sanchez<\/p>\n\n\n\n<p class=\"has-black-color has-text-color has-link-color has-small-font-size wp-elements-58eaa3879bda06ba2cd5a60dd92c9a4a\"><em>Cadre sup\u00e9rieur de l'Union spirite \u2013 Nuevo Renacer<\/em><\/p>\n<\/div><\/div>\n\n\n\n<div class=\"wp-block-uagb-container uagb-block-fe5559ee alignfull uagb-is-root-container\"><div class=\"uagb-container-inner-blocks-wrap\"><\/div><\/div>\n\n\n\n<div class=\"wp-block-uagb-container uagb-block-ab210ecc alignfull uagb-is-root-container\"><div class=\"uagb-container-inner-blocks-wrap\"><\/div><\/div>","protected":false},"excerpt":{"rendered":"<p>Reconstrucci\u00f3n desde el alma: Sociedad de estudio Psicologico \u00abAmor a la Moral\u00bb sigue vivo Lo que azot\u00f3 Santiago de Cuba en 2012 fue m\u00e1s que una simple tormenta. El hurac\u00e1n Sandy dej\u00f3 tras de s\u00ed escombros, dolor y una profunda herida, tambi\u00e9n en el coraz\u00f3n de la comunidad espiritista. El centro \u00abAmor a la Moral\u00bb, [&hellip;]<\/p>","protected":false},"author":1,"featured_media":8457,"parent":0,"menu_order":0,"comment_status":"closed","ping_status":"closed","template":"","meta":{"_uag_custom_page_level_css":"","site-sidebar-layout":"default","site-content-layout":"","ast-site-content-layout":"default","site-content-style":"default","site-sidebar-style":"default","ast-global-header-display":"","ast-banner-title-visibility":"","ast-main-header-display":"","ast-hfb-above-header-display":"","ast-hfb-below-header-display":"","ast-hfb-mobile-header-display":"","site-post-title":"disabled","ast-breadcrumbs-content":"","ast-featured-img":"","footer-sml-layout":"","theme-transparent-header-meta":"","adv-header-id-meta":"","stick-header-meta":"","header-above-stick-meta":"","header-main-stick-meta":"","header-below-stick-meta":"","astra-migrate-meta-layouts":"set","ast-page-background-enabled":"default","ast-page-background-meta":{"desktop":{"background-color":"var(--ast-global-color-4)","background-image":"","background-repeat":"repeat","background-position":"center center","background-size":"auto","background-attachment":"scroll","background-type":"","background-media":"","overlay-type":"","overlay-color":"","overlay-opacity":"","overlay-gradient":""},"tablet":{"background-color":"","background-image":"","background-repeat":"repeat","background-position":"center center","background-size":"auto","background-attachment":"scroll","background-type":"","background-media":"","overlay-type":"","overlay-color":"","overlay-opacity":"","overlay-gradient":""},"mobile":{"background-color":"","background-image":"","background-repeat":"repeat","background-position":"center center","background-size":"auto","background-attachment":"scroll","background-type":"","background-media":"","overlay-type":"","overlay-color":"","overlay-opacity":"","overlay-gradient":""}},"ast-content-background-meta":{"desktop":{"background-color":"var(--ast-global-color-5)","background-image":"","background-repeat":"repeat","background-position":"center center","background-size":"auto","background-attachment":"scroll","background-type":"","background-media":"","overlay-type":"","overlay-color":"","overlay-opacity":"","overlay-gradient":""},"tablet":{"background-color":"var(--ast-global-color-5)","background-image":"","background-repeat":"repeat","background-position":"center center","background-size":"auto","background-attachment":"scroll","background-type":"","background-media":"","overlay-type":"","overlay-color":"","overlay-opacity":"","overlay-gradient":""},"mobile":{"background-color":"var(--ast-global-color-5)","background-image":"","background-repeat":"repeat","background-position":"center center","background-size":"auto","background-attachment":"scroll","background-type":"","background-media":"","overlay-type":"","overlay-color":"","overlay-opacity":"","overlay-gradient":""}},"footnotes":""},"class_list":["post-8454","page","type-page","status-publish","has-post-thumbnail","hentry"],"yoast_head":"<!-- This site is optimized with the Yoast SEO Premium plugin v24.2 (Yoast SEO v24.6) - https:\/\/yoast.com\/wordpress\/plugins\/seo\/ -->\n<title>Reconstrucci\u00f3n desde el alma - Uni\u00f3n Esp\u00edrita<\/title>\n<meta name=\"robots\" content=\"index, follow, max-snippet:-1, max-image-preview:large, max-video-preview:-1\" \/>\n<link rel=\"canonical\" href=\"https:\/\/nuevo-renacer.com\/fr\/novedades-reconstruccion-desde-el-alma\/\" \/>\n<meta property=\"og:locale\" content=\"fr_FR\" \/>\n<meta property=\"og:type\" content=\"article\" \/>\n<meta property=\"og:title\" content=\"Reconstrucci\u00f3n desde el alma\" \/>\n<meta property=\"og:description\" content=\"Reconstrucci\u00f3n desde el alma: Sociedad de estudio Psicologico \u00abAmor a la Moral\u00bb sigue vivo Lo que azot\u00f3 Santiago de Cuba en 2012 fue m\u00e1s que una simple tormenta. El hurac\u00e1n Sandy dej\u00f3 tras de s\u00ed escombros, dolor y una profunda herida, tambi\u00e9n en el coraz\u00f3n de la comunidad espiritista. El centro \u00abAmor a la Moral\u00bb, [&hellip;]\" \/>\n<meta property=\"og:url\" content=\"https:\/\/nuevo-renacer.com\/fr\/novedades-reconstruccion-desde-el-alma\/\" \/>\n<meta property=\"og:site_name\" content=\"Uni\u00f3n Esp\u00edrita\" \/>\n<meta property=\"article:publisher\" content=\"https:\/\/www.facebook.com\/groups\/3431398063740829\" \/>\n<meta property=\"article:modified_time\" content=\"2025-08-26T13:07:11+00:00\" \/>\n<meta property=\"og:image\" content=\"https:\/\/nuevo-renacer.com\/wp-content\/uploads\/2025\/08\/Amor-a-la-Moral-1.jpeg\" \/>\n\t<meta property=\"og:image:width\" content=\"1600\" \/>\n\t<meta property=\"og:image:height\" content=\"1280\" \/>\n\t<meta property=\"og:image:type\" content=\"image\/jpeg\" \/>\n<meta name=\"twitter:card\" content=\"summary_large_image\" \/>\n<meta name=\"twitter:label1\" content=\"Dur\u00e9e de lecture estim\u00e9e\" \/>\n\t<meta name=\"twitter:data1\" content=\"3 minutes\" \/>\n<script type=\"application\/ld+json\" class=\"yoast-schema-graph\">{\"@context\":\"https:\/\/schema.org\",\"@graph\":[{\"@type\":\"WebPage\",\"@id\":\"https:\/\/nuevo-renacer.com\/novedades-reconstruccion-desde-el-alma\/\",\"url\":\"https:\/\/nuevo-renacer.com\/novedades-reconstruccion-desde-el-alma\/\",\"name\":\"Reconstrucci\u00f3n desde el alma - Uni\u00f3n Esp\u00edrita\",\"isPartOf\":{\"@id\":\"https:\/\/nuevo-renacer.com\/#website\"},\"primaryImageOfPage\":{\"@id\":\"https:\/\/nuevo-renacer.com\/novedades-reconstruccion-desde-el-alma\/#primaryimage\"},\"image\":{\"@id\":\"https:\/\/nuevo-renacer.com\/novedades-reconstruccion-desde-el-alma\/#primaryimage\"},\"thumbnailUrl\":\"https:\/\/nuevo-renacer.com\/wp-content\/uploads\/2025\/08\/Amor-a-la-Moral-1.jpeg\",\"datePublished\":\"2025-08-25T13:24:06+00:00\",\"dateModified\":\"2025-08-26T13:07:11+00:00\",\"breadcrumb\":{\"@id\":\"https:\/\/nuevo-renacer.com\/novedades-reconstruccion-desde-el-alma\/#breadcrumb\"},\"inLanguage\":\"fr-FR\",\"potentialAction\":[{\"@type\":\"ReadAction\",\"target\":[\"https:\/\/nuevo-renacer.com\/novedades-reconstruccion-desde-el-alma\/\"]}]},{\"@type\":\"ImageObject\",\"inLanguage\":\"fr-FR\",\"@id\":\"https:\/\/nuevo-renacer.com\/novedades-reconstruccion-desde-el-alma\/#primaryimage\",\"url\":\"https:\/\/nuevo-renacer.com\/wp-content\/uploads\/2025\/08\/Amor-a-la-Moral-1.jpeg\",\"contentUrl\":\"https:\/\/nuevo-renacer.com\/wp-content\/uploads\/2025\/08\/Amor-a-la-Moral-1.jpeg\",\"width\":1600,\"height\":1280},{\"@type\":\"BreadcrumbList\",\"@id\":\"https:\/\/nuevo-renacer.com\/novedades-reconstruccion-desde-el-alma\/#breadcrumb\",\"itemListElement\":[{\"@type\":\"ListItem\",\"position\":1,\"name\":\"Startseite\",\"item\":\"https:\/\/nuevo-renacer.com\/\"},{\"@type\":\"ListItem\",\"position\":2,\"name\":\"Reconstrucci\u00f3n desde el alma\"}]},{\"@type\":\"WebSite\",\"@id\":\"https:\/\/nuevo-renacer.com\/#website\",\"url\":\"https:\/\/nuevo-renacer.com\/\",\"name\":\"Uni\u00f3n Esp\u00edrita\",\"description\":\"Nuevo Renacer\",\"publisher\":{\"@id\":\"https:\/\/nuevo-renacer.com\/#organization\"},\"potentialAction\":[{\"@type\":\"SearchAction\",\"target\":{\"@type\":\"EntryPoint\",\"urlTemplate\":\"https:\/\/nuevo-renacer.com\/?s={search_term_string}\"},\"query-input\":{\"@type\":\"PropertyValueSpecification\",\"valueRequired\":true,\"valueName\":\"search_term_string\"}}],\"inLanguage\":\"fr-FR\"},{\"@type\":\"Organization\",\"@id\":\"https:\/\/nuevo-renacer.com\/#organization\",\"name\":\"UFEC\",\"url\":\"https:\/\/nuevo-renacer.com\/\",\"logo\":{\"@type\":\"ImageObject\",\"inLanguage\":\"fr-FR\",\"@id\":\"https:\/\/nuevo-renacer.com\/#\/schema\/logo\/image\/\",\"url\":\"https:\/\/nuevo-renacer.com\/wp-content\/uploads\/2024\/05\/cropped-LOGO-TERMINADO1-3-3.png\",\"contentUrl\":\"https:\/\/nuevo-renacer.com\/wp-content\/uploads\/2024\/05\/cropped-LOGO-TERMINADO1-3-3.png\",\"width\":512,\"height\":512,\"caption\":\"UFEC\"},\"image\":{\"@id\":\"https:\/\/nuevo-renacer.com\/#\/schema\/logo\/image\/\"},\"sameAs\":[\"https:\/\/www.facebook.com\/groups\/3431398063740829\"]}]}<\/script>\n<!-- \/ Yoast SEO Premium plugin. -->","yoast_head_json":{"title":"Reconstrucci\u00f3n desde el alma - Uni\u00f3n Esp\u00edrita","robots":{"index":"index","follow":"follow","max-snippet":"max-snippet:-1","max-image-preview":"max-image-preview:large","max-video-preview":"max-video-preview:-1"},"canonical":"https:\/\/nuevo-renacer.com\/fr\/novedades-reconstruccion-desde-el-alma\/","og_locale":"fr_FR","og_type":"article","og_title":"Reconstrucci\u00f3n desde el alma","og_description":"Reconstrucci\u00f3n desde el alma: Sociedad de estudio Psicologico \u00abAmor a la Moral\u00bb sigue vivo Lo que azot\u00f3 Santiago de Cuba en 2012 fue m\u00e1s que una simple tormenta. El hurac\u00e1n Sandy dej\u00f3 tras de s\u00ed escombros, dolor y una profunda herida, tambi\u00e9n en el coraz\u00f3n de la comunidad espiritista. El centro \u00abAmor a la Moral\u00bb, [&hellip;]","og_url":"https:\/\/nuevo-renacer.com\/fr\/novedades-reconstruccion-desde-el-alma\/","og_site_name":"Uni\u00f3n Esp\u00edrita","article_publisher":"https:\/\/www.facebook.com\/groups\/3431398063740829","article_modified_time":"2025-08-26T13:07:11+00:00","og_image":[{"width":1600,"height":1280,"url":"https:\/\/nuevo-renacer.com\/wp-content\/uploads\/2025\/08\/Amor-a-la-Moral-1.jpeg","type":"image\/jpeg"}],"twitter_card":"summary_large_image","twitter_misc":{"Dur\u00e9e de lecture estim\u00e9e":"3 minutes"},"schema":{"@context":"https:\/\/schema.org","@graph":[{"@type":"WebPage","@id":"https:\/\/nuevo-renacer.com\/novedades-reconstruccion-desde-el-alma\/","url":"https:\/\/nuevo-renacer.com\/novedades-reconstruccion-desde-el-alma\/","name":"Reconstrucci\u00f3n desde el alma - Uni\u00f3n Esp\u00edrita","isPartOf":{"@id":"https:\/\/nuevo-renacer.com\/#website"},"primaryImageOfPage":{"@id":"https:\/\/nuevo-renacer.com\/novedades-reconstruccion-desde-el-alma\/#primaryimage"},"image":{"@id":"https:\/\/nuevo-renacer.com\/novedades-reconstruccion-desde-el-alma\/#primaryimage"},"thumbnailUrl":"https:\/\/nuevo-renacer.com\/wp-content\/uploads\/2025\/08\/Amor-a-la-Moral-1.jpeg","datePublished":"2025-08-25T13:24:06+00:00","dateModified":"2025-08-26T13:07:11+00:00","breadcrumb":{"@id":"https:\/\/nuevo-renacer.com\/novedades-reconstruccion-desde-el-alma\/#breadcrumb"},"inLanguage":"fr-FR","potentialAction":[{"@type":"ReadAction","target":["https:\/\/nuevo-renacer.com\/novedades-reconstruccion-desde-el-alma\/"]}]},{"@type":"ImageObject","inLanguage":"fr-FR","@id":"https:\/\/nuevo-renacer.com\/novedades-reconstruccion-desde-el-alma\/#primaryimage","url":"https:\/\/nuevo-renacer.com\/wp-content\/uploads\/2025\/08\/Amor-a-la-Moral-1.jpeg","contentUrl":"https:\/\/nuevo-renacer.com\/wp-content\/uploads\/2025\/08\/Amor-a-la-Moral-1.jpeg","width":1600,"height":1280},{"@type":"BreadcrumbList","@id":"https:\/\/nuevo-renacer.com\/novedades-reconstruccion-desde-el-alma\/#breadcrumb","itemListElement":[{"@type":"ListItem","position":1,"name":"Startseite","item":"https:\/\/nuevo-renacer.com\/"},{"@type":"ListItem","position":2,"name":"Reconstrucci\u00f3n desde el alma"}]},{"@type":"WebSite","@id":"https:\/\/nuevo-renacer.com\/#website","url":"https:\/\/nuevo-renacer.com\/","name":"Uni\u00f3n Esp\u00edrita","description":"Nuevo Renacer","publisher":{"@id":"https:\/\/nuevo-renacer.com\/#organization"},"potentialAction":[{"@type":"SearchAction","target":{"@type":"EntryPoint","urlTemplate":"https:\/\/nuevo-renacer.com\/?s={search_term_string}"},"query-input":{"@type":"PropertyValueSpecification","valueRequired":true,"valueName":"search_term_string"}}],"inLanguage":"fr-FR"},{"@type":"Organization","@id":"https:\/\/nuevo-renacer.com\/#organization","name":"UFEC","url":"https:\/\/nuevo-renacer.com\/","logo":{"@type":"ImageObject","inLanguage":"fr-FR","@id":"https:\/\/nuevo-renacer.com\/#\/schema\/logo\/image\/","url":"https:\/\/nuevo-renacer.com\/wp-content\/uploads\/2024\/05\/cropped-LOGO-TERMINADO1-3-3.png","contentUrl":"https:\/\/nuevo-renacer.com\/wp-content\/uploads\/2024\/05\/cropped-LOGO-TERMINADO1-3-3.png","width":512,"height":512,"caption":"UFEC"},"image":{"@id":"https:\/\/nuevo-renacer.com\/#\/schema\/logo\/image\/"},"sameAs":["https:\/\/www.facebook.com\/groups\/3431398063740829"]}]}},"uagb_featured_image_src":{"full":["https:\/\/nuevo-renacer.com\/wp-content\/uploads\/2025\/08\/Amor-a-la-Moral-1.jpeg",1600,1280,false],"thumbnail":["https:\/\/nuevo-renacer.com\/wp-content\/uploads\/2025\/08\/Amor-a-la-Moral-1-150x150.jpeg",150,150,true],"medium":["https:\/\/nuevo-renacer.com\/wp-content\/uploads\/2025\/08\/Amor-a-la-Moral-1-300x240.jpeg",300,240,true],"medium_large":["https:\/\/nuevo-renacer.com\/wp-content\/uploads\/2025\/08\/Amor-a-la-Moral-1-768x614.jpeg",768,614,true],"large":["https:\/\/nuevo-renacer.com\/wp-content\/uploads\/2025\/08\/Amor-a-la-Moral-1-1024x819.jpeg",1024,819,true],"1536x1536":["https:\/\/nuevo-renacer.com\/wp-content\/uploads\/2025\/08\/Amor-a-la-Moral-1-1536x1229.jpeg",1536,1229,true],"2048x2048":["https:\/\/nuevo-renacer.com\/wp-content\/uploads\/2025\/08\/Amor-a-la-Moral-1.jpeg",1600,1280,false],"trp-custom-language-flag":["https:\/\/nuevo-renacer.com\/wp-content\/uploads\/2025\/08\/Amor-a-la-Moral-1-15x12.jpeg",15,12,true]},"uagb_author_info":{"display_name":"adbv0","author_link":"https:\/\/nuevo-renacer.com\/fr\/author\/adbv0\/"},"uagb_comment_info":0,"uagb_excerpt":"Reconstrucci\u00f3n desde el alma: Sociedad de estudio Psicologico \u00abAmor a la Moral\u00bb sigue vivo Lo que azot\u00f3 Santiago de Cuba en 2012 fue m\u00e1s que una simple tormenta. El hurac\u00e1n Sandy dej\u00f3 tras de s\u00ed escombros, dolor y una profunda herida, tambi\u00e9n en el coraz\u00f3n de la comunidad espiritista. El centro \u00abAmor a la Moral\u00bb,\u2026","jetpack_sharing_enabled":true,"_links":{"self":[{"href":"https:\/\/nuevo-renacer.com\/fr\/wp-json\/wp\/v2\/pages\/8454","targetHints":{"allow":["GET"]}}],"collection":[{"href":"https:\/\/nuevo-renacer.com\/fr\/wp-json\/wp\/v2\/pages"}],"about":[{"href":"https:\/\/nuevo-renacer.com\/fr\/wp-json\/wp\/v2\/types\/page"}],"author":[{"embeddable":true,"href":"https:\/\/nuevo-renacer.com\/fr\/wp-json\/wp\/v2\/users\/1"}],"replies":[{"embeddable":true,"href":"https:\/\/nuevo-renacer.com\/fr\/wp-json\/wp\/v2\/comments?post=8454"}],"version-history":[{"count":3,"href":"https:\/\/nuevo-renacer.com\/fr\/wp-json\/wp\/v2\/pages\/8454\/revisions"}],"predecessor-version":[{"id":8471,"href":"https:\/\/nuevo-renacer.com\/fr\/wp-json\/wp\/v2\/pages\/8454\/revisions\/8471"}],"wp:featuredmedia":[{"embeddable":true,"href":"https:\/\/nuevo-renacer.com\/fr\/wp-json\/wp\/v2\/media\/8457"}],"wp:attachment":[{"href":"https:\/\/nuevo-renacer.com\/fr\/wp-json\/wp\/v2\/media?parent=8454"}],"curies":[{"name":"wp","href":"https:\/\/api.w.org\/{rel}","templated":true}]}}