{"id":8421,"date":"2025-07-18T12:59:12","date_gmt":"2025-07-18T12:59:12","guid":{"rendered":"https:\/\/nuevo-renacer.com\/?page_id=8421"},"modified":"2025-07-18T12:59:16","modified_gmt":"2025-07-18T12:59:16","slug":"jean-meyer","status":"publish","type":"page","link":"https:\/\/nuevo-renacer.com\/fr\/jean-meyer\/","title":{"rendered":"Jean Meyer"},"content":{"rendered":"<div class=\"wp-block-uagb-container uagb-block-c6b8849f alignfull uagb-is-root-container\"><div class=\"uagb-container-inner-blocks-wrap\">\n<p class=\"has-black-color has-text-color has-link-color has-medium-font-size wp-elements-3e3f041f6d5563d9f24fd4504ce64006\"><strong>Jean Meyer<\/strong><\/p>\n<\/div><\/div>\n\n\n\n<div class=\"wp-block-uagb-container uagb-block-9a523b8d alignfull uagb-is-root-container\"><div class=\"uagb-container-inner-blocks-wrap\">\n<figure class=\"wp-block-image size-full is-resized\"><img fetchpriority=\"high\" decoding=\"async\" width=\"1000\" height=\"779\" src=\"https:\/\/nuevo-renacer.com\/wp-content\/uploads\/2025\/07\/Jean-Meyer.jpg\" alt=\"\" class=\"wp-image-8422\" style=\"width:309px;height:auto\" srcset=\"https:\/\/nuevo-renacer.com\/wp-content\/uploads\/2025\/07\/Jean-Meyer.jpg 1000w, https:\/\/nuevo-renacer.com\/wp-content\/uploads\/2025\/07\/Jean-Meyer-300x234.jpg 300w, https:\/\/nuevo-renacer.com\/wp-content\/uploads\/2025\/07\/Jean-Meyer-768x598.jpg 768w, https:\/\/nuevo-renacer.com\/wp-content\/uploads\/2025\/07\/Jean-Meyer-15x12.jpg 15w\" sizes=\"(max-width: 1000px) 100vw, 1000px\" \/><\/figure>\n<\/div><\/div>\n\n\n\n<div class=\"wp-block-uagb-container uagb-block-b68fa6cb alignfull uagb-is-root-container\"><div class=\"uagb-container-inner-blocks-wrap\">\n<p class=\"has-black-color has-text-color has-link-color has-small-font-size wp-elements-ac761262e09f7acf5d4c361a0739b047\">N\u00e9 \u00e0 Riken (Suisse) le 8 juillet 1855 et d\u00e9c\u00e9d\u00e9 \u00e0 B\u00e9ziers (France) le 13 avril 1931, Jean Meyer, \u00e9crivain, scientifique, philanthrope et philosophe suisse, fut l'une des figures spirites les plus marquantes du d\u00e9but du XXe si\u00e8cle. Converti au spiritisme apr\u00e8s avoir lu les \u0153uvres d'Allan Kardec et de L\u00e9on Denis, il se consacra corps et \u00e2me \u00e0 la grande t\u00e2che de diffuser la Doctrine des Esprits. Poss\u00e9dant une fortune mat\u00e9rielle consid\u00e9rable, il la mit au service du spiritisme, se consacrant avec courage et un v\u00e9ritable amour \u00e0 la t\u00e2che de diffuser ses principes fondamentaux.<\/p>\n\n\n\n<p class=\"has-black-color has-text-color has-link-color has-small-font-size wp-elements-b157fecb147eb319681eceda32c002be\">Gr\u00e2ce \u00e0 sa contribution financi\u00e8re et \u00e0 son soutien moral, l'\u00ab Institut international de m\u00e9tapsychique \u00bb fut fond\u00e9 \u00e0 Paris, o\u00f9 il s'\u00e9tait install\u00e9 dans sa jeunesse. Son premier pr\u00e9sident fut le Dr Roque Santol\u00edquido, \u00e9minent professeur, d\u00e9put\u00e9 et ministre de la Sant\u00e9 publique et conseiller gouvernemental en Italie. La vice-pr\u00e9sidence de cette nouvelle institution fut occup\u00e9e par le non moins c\u00e9l\u00e8bre Dr Gustavo Geley. En raison de ses travaux importants, cet institut fut consid\u00e9r\u00e9 comme \u00ab d'utilit\u00e9 publique \u00bb par le gouvernement fran\u00e7ais. Au moment de son d\u00e9c\u00e8s, Jean Meyer \u00e9tait directeur propri\u00e9taire de la \u00ab Revue Spirite \u00bb, fond\u00e9e par Allan Kardec, qu'il dirigea entre 1916 et 1931. En 1917, dans sa propre r\u00e9sidence, Vila Valrose, \u00e0 Paris, fut fond\u00e9e l'\u00ab Union spirite fran\u00e7aise \u00bb, dont les principaux compagnons \u00e9taient Gabriel Delanne et L\u00e9on Denis. Il fut \u00e9galement vice-pr\u00e9sident de la \u00ab Maison des spirites \u00bb, dans la m\u00eame ville ; membre \u00e9minent de la \u00ab Soci\u00e9t\u00e9 d'\u00e9tudes m\u00e9tapsychiques \u00bb et de l'\u00ab Institut international de m\u00e9tapsychique \u00bb, vice-pr\u00e9sident du \u00ab Congr\u00e8s spirite international de La Haye \u00bb, vice-pr\u00e9sident de la \u00ab F\u00e9d\u00e9ration spirite internationale \u00bb, lorsqu'elle avait son si\u00e8ge \u00e0 Paris, en plus d'avoir \u00e9t\u00e9 membre de nombreuses entit\u00e9s scientifiques en France et dans d'autres pays.<\/p>\n\n\n\n<p class=\"has-black-color has-text-color has-link-color has-small-font-size wp-elements-e86633fa96752bd0ed9291fe7e0eba6b\">Jean Meyer se consacra r\u00e9solument \u00e0 l'\u00e9tude des aspects philosophiques et scientifiques de la doctrine spirite, sans pour autant n\u00e9gliger la partie philanthropique, en soutenant financi\u00e8rement plusieurs institutions caritatives, dont une \u0153uvre construite \u00e0 Lyon par Mesdames Stephen et Dayt. Le grand r\u00e9coltant a consacr\u00e9 une partie consid\u00e9rable de sa fortune \u00e0 la diffusion du spiritisme \u00e0 travers les \u00ab \u00c9ditions Meyer \u00bb et au soutien d'institutions doctrinales, parmi lesquelles se distingue l'\u00ab Union spirite fran\u00e7aise \u00bb. Il a entrepris de nombreuses \u00e9tudes avec le Dr Gustavo Geley* \u00e0 l'\u00ab Institut international de m\u00e9tapsychique \u00bb, car il \u00e9tait un chercheur pers\u00e9v\u00e9rant dans le domaine des ph\u00e9nom\u00e8nes spirites, au point de m\u00e9riter de L\u00e9on Chevreuil, l'un des pr\u00e9sidents de l'\u00ab Union spirite fran\u00e7aise \u00bb, l'affirmation selon laquelle \u00ab sans Meyer, la m\u00e9tapsychique n'existerait pas \u00bb.<\/p>\n\n\n\n<p class=\"has-black-color has-text-color has-link-color has-small-font-size wp-elements-c8bf3913762f0661711e1cdb3d3b69f7\">En tant que vice-pr\u00e9sident de la commission ex\u00e9cutive du \u00ab Congr\u00e8s spirite international \u00bb, qui s'est tenu \u00e0 Paris du 6 au 13 septembre 1925, Meyer a travaill\u00e9 avec acharnement, mettant en avant de mani\u00e8re impressionnante ses connaissances scientifiques. Lors du Congr\u00e8s spirite de Londres, qui s'est tenu en 1928, auquel il a particip\u00e9 aux c\u00f4t\u00e9s de \u00ab Sir \u00bb Arthur Conan Doyle, qui l'appr\u00e9ciait beaucoup, il a prononc\u00e9 les mots suivants : \u00ab C'est par l'union de la science et du spiritisme, par cette foi rationnelle qui nous est donn\u00e9e, en nous aidant les uns les autres, que nous parviendrons \u00e0 une compr\u00e9hension toujours plus juste et toujours plus \u00e9lev\u00e9e de l'\u0153uvre de Dieu \u00bb. Nous pouvons affirmer sans h\u00e9sitation que Jean Meyer fut l'un des plus l\u00e9gitimes continuateurs de l'\u0153uvre d'Allan Kardec, notamment par le maintien des tirages de la \u00ab Revue Spirite \u00bb pendant environ 15 ans et par la r\u00e9alisation d'une intense diffusion des postulats spirites, \u00e0 une \u00e9poque o\u00f9 la nouvelle doctrine r\u00e9v\u00e9l\u00e9e commen\u00e7ait \u00e0 \u00e9clairer les sombres horizons du monde par la splendeur de sa lumi\u00e8re. Jean Meyer n'\u00e9tait pas un homme qui a enterr\u00e9 son talent, selon la sage phrase des \u00c9vangiles. Il \u00e9tait convaincu que la fortune mat\u00e9rielle devait \u00eatre mise au service de causes nobles, c'est pourquoi il n'h\u00e9sita pas \u00e0 mettre cet h\u00e9ritage transitoire, qu'il avait re\u00e7u du Ciel, au service du spiritisme et des moins favoris\u00e9s par les biens terrestres, mais il mit \u00e9galement son intelligence, sa foi in\u00e9branlable et toutes les forces dont il disposait pour que cette m\u00eame cause triomphe.<\/p>\n<\/div><\/div>\n\n\n\n<div class=\"wp-block-uagb-container uagb-block-8f91b0af alignfull uagb-is-root-container\"><div class=\"uagb-container-inner-blocks-wrap\"><\/div><\/div>\n\n\n\n<div class=\"wp-block-uagb-container uagb-block-6f6fe01c alignfull uagb-is-root-container\"><div class=\"uagb-container-inner-blocks-wrap\"><\/div><\/div>","protected":false},"excerpt":{"rendered":"<p>Jean Meyer Nacido en Riken (Suiza) el 8 de julio de 1855 y fallecido en B\u00e9ziers (Francia) el 13 de abril de 1931. Jean Meyer, escritor, cient\u00edfico, fil\u00e1ntropo y fil\u00f3sofo suizo, fue una de las figuras espiritistas m\u00e1s destacadas de principios del siglo XX. Convertido al espiritismo tras leer las obras de Allan Kardec y [&hellip;]<\/p>","protected":false},"author":1,"featured_media":0,"parent":0,"menu_order":0,"comment_status":"closed","ping_status":"closed","template":"","meta":{"_uag_custom_page_level_css":"","site-sidebar-layout":"default","site-content-layout":"","ast-site-content-layout":"default","site-content-style":"default","site-sidebar-style":"default","ast-global-header-display":"","ast-banner-title-visibility":"","ast-main-header-display":"","ast-hfb-above-header-display":"","ast-hfb-below-header-display":"","ast-hfb-mobile-header-display":"","site-post-title":"disabled","ast-breadcrumbs-content":"","ast-featured-img":"","footer-sml-layout":"","theme-transparent-header-meta":"","adv-header-id-meta":"","stick-header-meta":"","header-above-stick-meta":"","header-main-stick-meta":"","header-below-stick-meta":"","astra-migrate-meta-layouts":"set","ast-page-background-enabled":"default","ast-page-background-meta":{"desktop":{"background-color":"var(--ast-global-color-4)","background-image":"","background-repeat":"repeat","background-position":"center center","background-size":"auto","background-attachment":"scroll","background-type":"","background-media":"","overlay-type":"","overlay-color":"","overlay-opacity":"","overlay-gradient":""},"tablet":{"background-color":"","background-image":"","background-repeat":"repeat","background-position":"center center","background-size":"auto","background-attachment":"scroll","background-type":"","background-media":"","overlay-type":"","overlay-color":"","overlay-opacity":"","overlay-gradient":""},"mobile":{"background-color":"","background-image":"","background-repeat":"repeat","background-position":"center center","background-size":"auto","background-attachment":"scroll","background-type":"","background-media":"","overlay-type":"","overlay-color":"","overlay-opacity":"","overlay-gradient":""}},"ast-content-background-meta":{"desktop":{"background-color":"var(--ast-global-color-5)","background-image":"","background-repeat":"repeat","background-position":"center center","background-size":"auto","background-attachment":"scroll","background-type":"","background-media":"","overlay-type":"","overlay-color":"","overlay-opacity":"","overlay-gradient":""},"tablet":{"background-color":"var(--ast-global-color-5)","background-image":"","background-repeat":"repeat","background-position":"center center","background-size":"auto","background-attachment":"scroll","background-type":"","background-media":"","overlay-type":"","overlay-color":"","overlay-opacity":"","overlay-gradient":""},"mobile":{"background-color":"var(--ast-global-color-5)","background-image":"","background-repeat":"repeat","background-position":"center center","background-size":"auto","background-attachment":"scroll","background-type":"","background-media":"","overlay-type":"","overlay-color":"","overlay-opacity":"","overlay-gradient":""}},"footnotes":""},"class_list":["post-8421","page","type-page","status-publish","hentry"],"yoast_head":"<!-- This site is optimized with the Yoast SEO Premium plugin v24.2 (Yoast SEO v24.6) - https:\/\/yoast.com\/wordpress\/plugins\/seo\/ -->\n<title>Jean Meyer - Uni\u00f3n Esp\u00edrita<\/title>\n<meta name=\"robots\" content=\"index, follow, max-snippet:-1, max-image-preview:large, max-video-preview:-1\" \/>\n<link rel=\"canonical\" href=\"https:\/\/nuevo-renacer.com\/fr\/jean-meyer\/\" \/>\n<meta property=\"og:locale\" content=\"fr_FR\" \/>\n<meta property=\"og:type\" content=\"article\" \/>\n<meta property=\"og:title\" content=\"Jean Meyer\" \/>\n<meta property=\"og:description\" content=\"Jean Meyer Nacido en Riken (Suiza) el 8 de julio de 1855 y fallecido en B\u00e9ziers (Francia) el 13 de abril de 1931. Jean Meyer, escritor, cient\u00edfico, fil\u00e1ntropo y fil\u00f3sofo suizo, fue una de las figuras espiritistas m\u00e1s destacadas de principios del siglo XX. Convertido al espiritismo tras leer las obras de Allan Kardec y [&hellip;]\" \/>\n<meta property=\"og:url\" content=\"https:\/\/nuevo-renacer.com\/fr\/jean-meyer\/\" \/>\n<meta property=\"og:site_name\" content=\"Uni\u00f3n Esp\u00edrita\" \/>\n<meta property=\"article:publisher\" content=\"https:\/\/www.facebook.com\/groups\/3431398063740829\" \/>\n<meta property=\"article:modified_time\" content=\"2025-07-18T12:59:16+00:00\" \/>\n<meta property=\"og:image\" content=\"https:\/\/nuevo-renacer.com\/wp-content\/uploads\/2025\/07\/Jean-Meyer.jpg\" \/>\n\t<meta property=\"og:image:width\" content=\"1000\" \/>\n\t<meta property=\"og:image:height\" content=\"779\" \/>\n\t<meta property=\"og:image:type\" content=\"image\/jpeg\" \/>\n<meta name=\"twitter:card\" content=\"summary_large_image\" \/>\n<meta name=\"twitter:label1\" content=\"Dur\u00e9e de lecture estim\u00e9e\" \/>\n\t<meta name=\"twitter:data1\" content=\"4 minutes\" \/>\n<script type=\"application\/ld+json\" class=\"yoast-schema-graph\">{\"@context\":\"https:\/\/schema.org\",\"@graph\":[{\"@type\":\"WebPage\",\"@id\":\"https:\/\/nuevo-renacer.com\/jean-meyer\/\",\"url\":\"https:\/\/nuevo-renacer.com\/jean-meyer\/\",\"name\":\"Jean Meyer - Uni\u00f3n Esp\u00edrita\",\"isPartOf\":{\"@id\":\"https:\/\/nuevo-renacer.com\/#website\"},\"primaryImageOfPage\":{\"@id\":\"https:\/\/nuevo-renacer.com\/jean-meyer\/#primaryimage\"},\"image\":{\"@id\":\"https:\/\/nuevo-renacer.com\/jean-meyer\/#primaryimage\"},\"thumbnailUrl\":\"https:\/\/nuevo-renacer.com\/wp-content\/uploads\/2025\/07\/Jean-Meyer.jpg\",\"datePublished\":\"2025-07-18T12:59:12+00:00\",\"dateModified\":\"2025-07-18T12:59:16+00:00\",\"breadcrumb\":{\"@id\":\"https:\/\/nuevo-renacer.com\/jean-meyer\/#breadcrumb\"},\"inLanguage\":\"fr-FR\",\"potentialAction\":[{\"@type\":\"ReadAction\",\"target\":[\"https:\/\/nuevo-renacer.com\/jean-meyer\/\"]}]},{\"@type\":\"ImageObject\",\"inLanguage\":\"fr-FR\",\"@id\":\"https:\/\/nuevo-renacer.com\/jean-meyer\/#primaryimage\",\"url\":\"https:\/\/nuevo-renacer.com\/wp-content\/uploads\/2025\/07\/Jean-Meyer.jpg\",\"contentUrl\":\"https:\/\/nuevo-renacer.com\/wp-content\/uploads\/2025\/07\/Jean-Meyer.jpg\"},{\"@type\":\"BreadcrumbList\",\"@id\":\"https:\/\/nuevo-renacer.com\/jean-meyer\/#breadcrumb\",\"itemListElement\":[{\"@type\":\"ListItem\",\"position\":1,\"name\":\"Startseite\",\"item\":\"https:\/\/nuevo-renacer.com\/\"},{\"@type\":\"ListItem\",\"position\":2,\"name\":\"Jean Meyer\"}]},{\"@type\":\"WebSite\",\"@id\":\"https:\/\/nuevo-renacer.com\/#website\",\"url\":\"https:\/\/nuevo-renacer.com\/\",\"name\":\"Uni\u00f3n Esp\u00edrita\",\"description\":\"Nuevo Renacer\",\"publisher\":{\"@id\":\"https:\/\/nuevo-renacer.com\/#organization\"},\"potentialAction\":[{\"@type\":\"SearchAction\",\"target\":{\"@type\":\"EntryPoint\",\"urlTemplate\":\"https:\/\/nuevo-renacer.com\/?s={search_term_string}\"},\"query-input\":{\"@type\":\"PropertyValueSpecification\",\"valueRequired\":true,\"valueName\":\"search_term_string\"}}],\"inLanguage\":\"fr-FR\"},{\"@type\":\"Organization\",\"@id\":\"https:\/\/nuevo-renacer.com\/#organization\",\"name\":\"UFEC\",\"url\":\"https:\/\/nuevo-renacer.com\/\",\"logo\":{\"@type\":\"ImageObject\",\"inLanguage\":\"fr-FR\",\"@id\":\"https:\/\/nuevo-renacer.com\/#\/schema\/logo\/image\/\",\"url\":\"https:\/\/nuevo-renacer.com\/wp-content\/uploads\/2024\/05\/cropped-LOGO-TERMINADO1-3-3.png\",\"contentUrl\":\"https:\/\/nuevo-renacer.com\/wp-content\/uploads\/2024\/05\/cropped-LOGO-TERMINADO1-3-3.png\",\"width\":512,\"height\":512,\"caption\":\"UFEC\"},\"image\":{\"@id\":\"https:\/\/nuevo-renacer.com\/#\/schema\/logo\/image\/\"},\"sameAs\":[\"https:\/\/www.facebook.com\/groups\/3431398063740829\"]}]}<\/script>\n<!-- \/ Yoast SEO Premium plugin. -->","yoast_head_json":{"title":"Jean Meyer - Uni\u00f3n Esp\u00edrita","robots":{"index":"index","follow":"follow","max-snippet":"max-snippet:-1","max-image-preview":"max-image-preview:large","max-video-preview":"max-video-preview:-1"},"canonical":"https:\/\/nuevo-renacer.com\/fr\/jean-meyer\/","og_locale":"fr_FR","og_type":"article","og_title":"Jean Meyer","og_description":"Jean Meyer Nacido en Riken (Suiza) el 8 de julio de 1855 y fallecido en B\u00e9ziers (Francia) el 13 de abril de 1931. Jean Meyer, escritor, cient\u00edfico, fil\u00e1ntropo y fil\u00f3sofo suizo, fue una de las figuras espiritistas m\u00e1s destacadas de principios del siglo XX. Convertido al espiritismo tras leer las obras de Allan Kardec y [&hellip;]","og_url":"https:\/\/nuevo-renacer.com\/fr\/jean-meyer\/","og_site_name":"Uni\u00f3n Esp\u00edrita","article_publisher":"https:\/\/www.facebook.com\/groups\/3431398063740829","article_modified_time":"2025-07-18T12:59:16+00:00","og_image":[{"width":1000,"height":779,"url":"https:\/\/nuevo-renacer.com\/wp-content\/uploads\/2025\/07\/Jean-Meyer.jpg","type":"image\/jpeg"}],"twitter_card":"summary_large_image","twitter_misc":{"Dur\u00e9e de lecture estim\u00e9e":"4 minutes"},"schema":{"@context":"https:\/\/schema.org","@graph":[{"@type":"WebPage","@id":"https:\/\/nuevo-renacer.com\/jean-meyer\/","url":"https:\/\/nuevo-renacer.com\/jean-meyer\/","name":"Jean Meyer - Uni\u00f3n Esp\u00edrita","isPartOf":{"@id":"https:\/\/nuevo-renacer.com\/#website"},"primaryImageOfPage":{"@id":"https:\/\/nuevo-renacer.com\/jean-meyer\/#primaryimage"},"image":{"@id":"https:\/\/nuevo-renacer.com\/jean-meyer\/#primaryimage"},"thumbnailUrl":"https:\/\/nuevo-renacer.com\/wp-content\/uploads\/2025\/07\/Jean-Meyer.jpg","datePublished":"2025-07-18T12:59:12+00:00","dateModified":"2025-07-18T12:59:16+00:00","breadcrumb":{"@id":"https:\/\/nuevo-renacer.com\/jean-meyer\/#breadcrumb"},"inLanguage":"fr-FR","potentialAction":[{"@type":"ReadAction","target":["https:\/\/nuevo-renacer.com\/jean-meyer\/"]}]},{"@type":"ImageObject","inLanguage":"fr-FR","@id":"https:\/\/nuevo-renacer.com\/jean-meyer\/#primaryimage","url":"https:\/\/nuevo-renacer.com\/wp-content\/uploads\/2025\/07\/Jean-Meyer.jpg","contentUrl":"https:\/\/nuevo-renacer.com\/wp-content\/uploads\/2025\/07\/Jean-Meyer.jpg"},{"@type":"BreadcrumbList","@id":"https:\/\/nuevo-renacer.com\/jean-meyer\/#breadcrumb","itemListElement":[{"@type":"ListItem","position":1,"name":"Startseite","item":"https:\/\/nuevo-renacer.com\/"},{"@type":"ListItem","position":2,"name":"Jean Meyer"}]},{"@type":"WebSite","@id":"https:\/\/nuevo-renacer.com\/#website","url":"https:\/\/nuevo-renacer.com\/","name":"Uni\u00f3n Esp\u00edrita","description":"Nuevo Renacer","publisher":{"@id":"https:\/\/nuevo-renacer.com\/#organization"},"potentialAction":[{"@type":"SearchAction","target":{"@type":"EntryPoint","urlTemplate":"https:\/\/nuevo-renacer.com\/?s={search_term_string}"},"query-input":{"@type":"PropertyValueSpecification","valueRequired":true,"valueName":"search_term_string"}}],"inLanguage":"fr-FR"},{"@type":"Organization","@id":"https:\/\/nuevo-renacer.com\/#organization","name":"UFEC","url":"https:\/\/nuevo-renacer.com\/","logo":{"@type":"ImageObject","inLanguage":"fr-FR","@id":"https:\/\/nuevo-renacer.com\/#\/schema\/logo\/image\/","url":"https:\/\/nuevo-renacer.com\/wp-content\/uploads\/2024\/05\/cropped-LOGO-TERMINADO1-3-3.png","contentUrl":"https:\/\/nuevo-renacer.com\/wp-content\/uploads\/2024\/05\/cropped-LOGO-TERMINADO1-3-3.png","width":512,"height":512,"caption":"UFEC"},"image":{"@id":"https:\/\/nuevo-renacer.com\/#\/schema\/logo\/image\/"},"sameAs":["https:\/\/www.facebook.com\/groups\/3431398063740829"]}]}},"uagb_featured_image_src":{"full":false,"thumbnail":false,"medium":false,"medium_large":false,"large":false,"1536x1536":false,"2048x2048":false,"trp-custom-language-flag":false},"uagb_author_info":{"display_name":"adbv0","author_link":"https:\/\/nuevo-renacer.com\/fr\/author\/adbv0\/"},"uagb_comment_info":0,"uagb_excerpt":"Jean Meyer Nacido en Riken (Suiza) el 8 de julio de 1855 y fallecido en B\u00e9ziers (Francia) el 13 de abril de 1931. Jean Meyer, escritor, cient\u00edfico, fil\u00e1ntropo y fil\u00f3sofo suizo, fue una de las figuras espiritistas m\u00e1s destacadas de principios del siglo XX. Convertido al espiritismo tras leer las obras de Allan Kardec y\u2026","jetpack_sharing_enabled":true,"_links":{"self":[{"href":"https:\/\/nuevo-renacer.com\/fr\/wp-json\/wp\/v2\/pages\/8421","targetHints":{"allow":["GET"]}}],"collection":[{"href":"https:\/\/nuevo-renacer.com\/fr\/wp-json\/wp\/v2\/pages"}],"about":[{"href":"https:\/\/nuevo-renacer.com\/fr\/wp-json\/wp\/v2\/types\/page"}],"author":[{"embeddable":true,"href":"https:\/\/nuevo-renacer.com\/fr\/wp-json\/wp\/v2\/users\/1"}],"replies":[{"embeddable":true,"href":"https:\/\/nuevo-renacer.com\/fr\/wp-json\/wp\/v2\/comments?post=8421"}],"version-history":[{"count":1,"href":"https:\/\/nuevo-renacer.com\/fr\/wp-json\/wp\/v2\/pages\/8421\/revisions"}],"predecessor-version":[{"id":8423,"href":"https:\/\/nuevo-renacer.com\/fr\/wp-json\/wp\/v2\/pages\/8421\/revisions\/8423"}],"wp:attachment":[{"href":"https:\/\/nuevo-renacer.com\/fr\/wp-json\/wp\/v2\/media?parent=8421"}],"curies":[{"name":"wp","href":"https:\/\/api.w.org\/{rel}","templated":true}]}}