{"id":8398,"date":"2025-07-07T10:56:31","date_gmt":"2025-07-07T10:56:31","guid":{"rendered":"https:\/\/nuevo-renacer.com\/?page_id=8398"},"modified":"2025-07-07T11:00:56","modified_gmt":"2025-07-07T11:00:56","slug":"amelie-gabrielle-boudet","status":"publish","type":"page","link":"https:\/\/nuevo-renacer.com\/fr\/amelie-gabrielle-boudet\/","title":{"rendered":"Am\u00e9lie Gabrielle Boudet"},"content":{"rendered":"<div class=\"wp-block-uagb-container uagb-block-490bd73a alignfull uagb-is-root-container\"><div class=\"uagb-container-inner-blocks-wrap\">\n<p class=\"has-black-color has-text-color has-link-color has-medium-font-size wp-elements-8c0f099a972285b9a96894c7aaefb3d6\"><strong>Am\u00e9lie Gabrielle Boudet<\/strong><\/p>\n<\/div><\/div>\n\n\n\n<div class=\"wp-block-uagb-container uagb-block-144bdfa6 alignfull uagb-is-root-container\"><div class=\"uagb-container-inner-blocks-wrap\">\n<figure class=\"wp-block-image size-full is-resized\"><img fetchpriority=\"high\" decoding=\"async\" width=\"300\" height=\"399\" src=\"https:\/\/nuevo-renacer.com\/wp-content\/uploads\/2025\/07\/178966330-300-934d25c8.jpg\" alt=\"\" class=\"wp-image-8399\" style=\"width:218px;height:auto\" srcset=\"https:\/\/nuevo-renacer.com\/wp-content\/uploads\/2025\/07\/178966330-300-934d25c8.jpg 300w, https:\/\/nuevo-renacer.com\/wp-content\/uploads\/2025\/07\/178966330-300-934d25c8-226x300.jpg 226w, https:\/\/nuevo-renacer.com\/wp-content\/uploads\/2025\/07\/178966330-300-934d25c8-9x12.jpg 9w\" sizes=\"(max-width: 300px) 100vw, 300px\" \/><\/figure>\n<\/div><\/div>\n\n\n\n<div class=\"wp-block-uagb-container uagb-block-6b035b65 alignfull uagb-is-root-container\"><div class=\"uagb-container-inner-blocks-wrap\">\n<p class=\"has-black-color has-text-color has-link-color has-small-font-size wp-elements-58591aab2c35fdb00aacf14694af0753\">Am\u00e9lie Gabrielle Boudet est n\u00e9e \u00e0 Thiais, une ville situ\u00e9e \u00e0 12 kilom\u00e8tres de Paris, le 23 novembre 1795. Fille unique de Julien Louis Boudet et Julie Louise Segneat de Lacomb, Am\u00e9lie a tr\u00e8s t\u00f4t combin\u00e9 une grande vivacit\u00e9 d'esprit avec un vif int\u00e9r\u00eat pour les \u00e9tudes, recevant une \u00e9ducation morale raffin\u00e9e qui lui a permis de d\u00e9velopper des capacit\u00e9s intellectuelles tr\u00e8s pouss\u00e9es. Elle obtint son dipl\u00f4me \u00e0 l'\u00c9cole normale de Paris en tant que professeure de premi\u00e8re classe et, selon Canuto Abreu, dans \u00ab Le livre des esprits et sa tradition historique et l\u00e9gendaire \u00bb, elle fut \u00e9galement professeure de lettres et de beaux-arts. Elle a \u00e9crit trois ouvrages : Contos Primaveris (Contes printaniers, 1825), No\u00e7\u00f5es de Desenho (Notions de dessin, 1826) et O Essencial em Belas Artes (L'essentiel dans les beaux-arts, 1828).<\/p>\n\n\n\n<p class=\"has-black-color has-text-color has-link-color has-small-font-size wp-elements-5afa290aae3ad5a3d47ae9e7e5e27f0f\">Vivant \u00e0 Paris, dans le monde des lettres et de l'enseignement, le destin a voulu qu'un jour Mlle Am\u00e9lie Boudet rencontre le professeur Hippolyte L\u00e9on Denizard Rivail. Elle a rapidement attir\u00e9 son attention par son sourire tendre et bienveillant, sa gentillesse et sa gr\u00e2ce. Le mariage fut c\u00e9l\u00e9br\u00e9 le 6 f\u00e9vrier 1832, r\u00e9affirmant un amour de vies ant\u00e9rieures et des engagements mutuels d'aide. Le professeur Rivail fonda \u00e0 Paris l'Institut technique. Am\u00e9lie l'accompagna dans cette p\u00e9riode difficile de l'\u00e9ducation fran\u00e7aise : l'enseignement primaire de l'\u00e9poque ne b\u00e9n\u00e9ficiait d'aucun soutien gouvernemental, ce qui ne changea qu'en 1833. Deux ans apr\u00e8s sa fondation, l'Institut ferma ses portes en raison de difficult\u00e9s financi\u00e8res et fut mis en liquidation. Kardec se retrouva avec des dettes \u00e0 r\u00e9gler, ce qu'il fit avec noblesse.<\/p>\n\n\n\n<p class=\"has-black-color has-text-color has-link-color has-small-font-size wp-elements-3e13105776e039c13fcf831643c743b6\">Comme toutes les grandes femmes, Am\u00e9lie se rangea aux c\u00f4t\u00e9s de son mari. Tandis que Rivail s'occupait de la comptabilit\u00e9 des commerces et des traductions, elle, consciente du c\u0153ur g\u00e9n\u00e9reux et soucieux de son mari pour l'\u00e9ducation des enfants et des jeunes, collaborait \u00e0 la pr\u00e9paration de cours gratuits, dispens\u00e9s dans la propre r\u00e9sidence du couple, le soir, qui fonctionn\u00e8rent de 1835 \u00e0 1840. Madame Rivail, en plus d'\u00eatre conseill\u00e8re, fut l'inspiratrice de plusieurs projets men\u00e9s \u00e0 bien par son mari. Leymarie, qui \u00e9tait un ami intime du couple, d\u00e9clara que le professeur tenait en grande estime les opinions de son \u00e9pouse.<\/p>\n\n\n\n<p class=\"has-black-color has-text-color has-link-color has-small-font-size wp-elements-a1be34a01db79aa60ac335c37aeeaabb\">Gr\u00e2ce aux efforts des deux \u00e9poux, ils atteignirent une situation financi\u00e8re satisfaisante. Mais une mission bien plus grande attendait ces deux c\u0153urs qui s'aimaient et qui aimaient l'humanit\u00e9. L'appel se fit entendre en 1854, avec le ph\u00e9nom\u00e8ne des tables tournantes, que Rivail commen\u00e7a \u00e0 observer et \u00e0 \u00e9tudier. Am\u00e9lie devint alors la secr\u00e9taire de son mari, l'assistant dans la nouvelle et ardue mission de codification de la doctrine spirite, le stimulant et l'encourageant. Apr\u00e8s la publication du \u00ab Livre des esprits \u00bb, le 18 avril 1857, sign\u00e9 Allan Kardec, des s\u00e9ances tr\u00e8s fr\u00e9quent\u00e9es furent organis\u00e9es dans l'appartement du couple, ce qui exigeait de Madame Rivail une s\u00e9rie de soins et d'attentions qui la laissaient parfois \u00e9puis\u00e9e. <\/p>\n\n\n\n<p class=\"has-black-color has-text-color has-link-color has-small-font-size wp-elements-22b07483681363768f4c952eabcc72ad\">Kardec a dit d'elle : (...) Ma femme (...) a pleinement adh\u00e9r\u00e9 \u00e0 mes intentions et m'a second\u00e9 dans ma t\u00e2che laborieuse, comme elle continue de le faire, \u00e0 travers un travail qui d\u00e9passe souvent ses forces, sacrifiant sans regret les plaisirs et les distractions du monde auxquels sa position familiale l'avait habitu\u00e9e. Pendant trente-sept ans, elle fut la fid\u00e8le compagne de son mari, l'accompagnant dans ses voyages, chaque fois que ses forces le lui permettaient. <\/p>\n\n\n\n<p class=\"has-black-color has-text-color has-link-color has-small-font-size wp-elements-0d21cac870d233336c6d18fa3589f7de\">Le d\u00e9c\u00e8s de Kardec n'affecta en rien l'esprit travailleur et vertueux de Madame Rivail qui, malgr\u00e9 son \u00e2ge avanc\u00e9, administra les ressources, les propri\u00e9t\u00e9s et les \u0153uvres dont elle \u00e9tait l'unique propri\u00e9taire. Son engagement motiva la poursuite de la doctrine. Avec d\u00e9sint\u00e9ressement et d\u00e9vouement, elle fonda la \u00ab Soci\u00e9t\u00e9 pour la continuation des \u0153uvres spirites d'Allan Kardec \u00bb, destin\u00e9e \u00e0 diffuser le spiritisme par tous les moyens possibles. Ainsi, la Revue Spirite continua \u00e0 \u00eatre publi\u00e9e, tout comme les autres \u0153uvres de Kardec et tous les livres de la Doctrine spirite.<\/p>\n\n\n\n<p class=\"has-black-color has-text-color has-link-color has-small-font-size wp-elements-f24942749ab400ac8f0f2fd18e8c24e3\">Lors du Proc\u00e8s des Spiritistes, en 1875, qui porta le spiritisme devant les tribunaux, elle fut appel\u00e9e \u00e0 t\u00e9moigner. Trait\u00e9e de mani\u00e8re irrespectueuse par le juge, elle r\u00e9pondit fermement aux questions et d\u00e9fendit la m\u00e9moire de Kardec. C'\u00e9tait un autre t\u00e9moignage douloureux auquel elle avait \u00e9t\u00e9 appel\u00e9e.<\/p>\n\n\n\n<p class=\"has-black-color has-text-color has-link-color has-small-font-size wp-elements-bc7bab13c37e5643c441d015f53b413d\">Vers cinq heures du matin, le 21 janvier 1883, calmement et avec le doux sourire qui ornait toujours ses l\u00e8vres, la grande successeure d'Allan Kardec quitta son corps. Elle fut enterr\u00e9e le 23, \u00e0 c\u00f4t\u00e9 du dolmen de son mari. Lors des hommages, Leymarie et Gabriel Delanne, entre autres, prirent la parole, soulignant tous les v\u00e9ritables m\u00e9rites de la successeure d'Allan Kardec. M. Lecoq lut \u00e9galement une communication m\u00e9diumnique d'Antoine de Padoue, re\u00e7ue le 22 janvier, dans laquelle il d\u00e9crivait l'accueil brillant r\u00e9serv\u00e9 \u00e0 Am\u00e9lie par Allan Kardec et ses amis \u00e9lev\u00e9s de la Spiritualit\u00e9.<\/p>\n<\/div><\/div>\n\n\n\n<div class=\"wp-block-uagb-container uagb-block-56e91c9d alignfull uagb-is-root-container\"><div class=\"uagb-container-inner-blocks-wrap\"><\/div><\/div>\n\n\n\n<div class=\"wp-block-uagb-container uagb-block-15b7f1ae alignfull uagb-is-root-container\"><div class=\"uagb-container-inner-blocks-wrap\"><\/div><\/div>","protected":false},"excerpt":{"rendered":"<p>Am\u00e9lie Gabrielle Boudet Am\u00e9lie Gabrielle Boudet naci\u00f3 en Thiais, una ciudad situada a 12 kil\u00f3metros de Par\u00eds, el 23 de noviembre de 1795. Hija \u00fanica de Julien Louis Boudet y Julie Louise Segneat de Lacomb, Am\u00e9lie combin\u00f3 desde muy temprana edad una gran vivacidad con un fuerte inter\u00e9s por los estudios, recibiendo una refinada educaci\u00f3n [&hellip;]<\/p>","protected":false},"author":1,"featured_media":0,"parent":0,"menu_order":0,"comment_status":"closed","ping_status":"closed","template":"","meta":{"_uag_custom_page_level_css":"","site-sidebar-layout":"default","site-content-layout":"","ast-site-content-layout":"default","site-content-style":"default","site-sidebar-style":"default","ast-global-header-display":"","ast-banner-title-visibility":"","ast-main-header-display":"","ast-hfb-above-header-display":"","ast-hfb-below-header-display":"","ast-hfb-mobile-header-display":"","site-post-title":"disabled","ast-breadcrumbs-content":"","ast-featured-img":"","footer-sml-layout":"","theme-transparent-header-meta":"","adv-header-id-meta":"","stick-header-meta":"","header-above-stick-meta":"","header-main-stick-meta":"","header-below-stick-meta":"","astra-migrate-meta-layouts":"set","ast-page-background-enabled":"default","ast-page-background-meta":{"desktop":{"background-color":"var(--ast-global-color-4)","background-image":"","background-repeat":"repeat","background-position":"center center","background-size":"auto","background-attachment":"scroll","background-type":"","background-media":"","overlay-type":"","overlay-color":"","overlay-opacity":"","overlay-gradient":""},"tablet":{"background-color":"","background-image":"","background-repeat":"repeat","background-position":"center center","background-size":"auto","background-attachment":"scroll","background-type":"","background-media":"","overlay-type":"","overlay-color":"","overlay-opacity":"","overlay-gradient":""},"mobile":{"background-color":"","background-image":"","background-repeat":"repeat","background-position":"center center","background-size":"auto","background-attachment":"scroll","background-type":"","background-media":"","overlay-type":"","overlay-color":"","overlay-opacity":"","overlay-gradient":""}},"ast-content-background-meta":{"desktop":{"background-color":"var(--ast-global-color-5)","background-image":"","background-repeat":"repeat","background-position":"center center","background-size":"auto","background-attachment":"scroll","background-type":"","background-media":"","overlay-type":"","overlay-color":"","overlay-opacity":"","overlay-gradient":""},"tablet":{"background-color":"var(--ast-global-color-5)","background-image":"","background-repeat":"repeat","background-position":"center center","background-size":"auto","background-attachment":"scroll","background-type":"","background-media":"","overlay-type":"","overlay-color":"","overlay-opacity":"","overlay-gradient":""},"mobile":{"background-color":"var(--ast-global-color-5)","background-image":"","background-repeat":"repeat","background-position":"center center","background-size":"auto","background-attachment":"scroll","background-type":"","background-media":"","overlay-type":"","overlay-color":"","overlay-opacity":"","overlay-gradient":""}},"footnotes":""},"class_list":["post-8398","page","type-page","status-publish","hentry"],"yoast_head":"<!-- This site is optimized with the Yoast SEO Premium plugin v24.2 (Yoast SEO v24.6) - https:\/\/yoast.com\/wordpress\/plugins\/seo\/ -->\n<title>Am\u00e9lie Gabrielle Boudet - Uni\u00f3n Esp\u00edrita<\/title>\n<meta name=\"robots\" content=\"index, follow, max-snippet:-1, max-image-preview:large, max-video-preview:-1\" \/>\n<link rel=\"canonical\" href=\"https:\/\/nuevo-renacer.com\/fr\/amelie-gabrielle-boudet\/\" \/>\n<meta property=\"og:locale\" content=\"fr_FR\" \/>\n<meta property=\"og:type\" content=\"article\" \/>\n<meta property=\"og:title\" content=\"Am\u00e9lie Gabrielle Boudet\" \/>\n<meta property=\"og:description\" content=\"Am\u00e9lie Gabrielle Boudet Am\u00e9lie Gabrielle Boudet naci\u00f3 en Thiais, una ciudad situada a 12 kil\u00f3metros de Par\u00eds, el 23 de noviembre de 1795. Hija \u00fanica de Julien Louis Boudet y Julie Louise Segneat de Lacomb, Am\u00e9lie combin\u00f3 desde muy temprana edad una gran vivacidad con un fuerte inter\u00e9s por los estudios, recibiendo una refinada educaci\u00f3n [&hellip;]\" \/>\n<meta property=\"og:url\" content=\"https:\/\/nuevo-renacer.com\/fr\/amelie-gabrielle-boudet\/\" \/>\n<meta property=\"og:site_name\" content=\"Uni\u00f3n Esp\u00edrita\" \/>\n<meta property=\"article:publisher\" content=\"https:\/\/www.facebook.com\/groups\/3431398063740829\" \/>\n<meta property=\"article:modified_time\" content=\"2025-07-07T11:00:56+00:00\" \/>\n<meta property=\"og:image\" content=\"https:\/\/nuevo-renacer.com\/wp-content\/uploads\/2025\/07\/178966330-300-934d25c8.jpg\" \/>\n\t<meta property=\"og:image:width\" content=\"300\" \/>\n\t<meta property=\"og:image:height\" content=\"399\" \/>\n\t<meta property=\"og:image:type\" content=\"image\/jpeg\" \/>\n<meta name=\"twitter:card\" content=\"summary_large_image\" \/>\n<meta name=\"twitter:label1\" content=\"Dur\u00e9e de lecture estim\u00e9e\" \/>\n\t<meta name=\"twitter:data1\" content=\"5 minutes\" \/>\n<script type=\"application\/ld+json\" class=\"yoast-schema-graph\">{\"@context\":\"https:\/\/schema.org\",\"@graph\":[{\"@type\":\"WebPage\",\"@id\":\"https:\/\/nuevo-renacer.com\/amelie-gabrielle-boudet\/\",\"url\":\"https:\/\/nuevo-renacer.com\/amelie-gabrielle-boudet\/\",\"name\":\"Am\u00e9lie Gabrielle Boudet - Uni\u00f3n Esp\u00edrita\",\"isPartOf\":{\"@id\":\"https:\/\/nuevo-renacer.com\/#website\"},\"primaryImageOfPage\":{\"@id\":\"https:\/\/nuevo-renacer.com\/amelie-gabrielle-boudet\/#primaryimage\"},\"image\":{\"@id\":\"https:\/\/nuevo-renacer.com\/amelie-gabrielle-boudet\/#primaryimage\"},\"thumbnailUrl\":\"https:\/\/nuevo-renacer.com\/wp-content\/uploads\/2025\/07\/178966330-300-934d25c8.jpg\",\"datePublished\":\"2025-07-07T10:56:31+00:00\",\"dateModified\":\"2025-07-07T11:00:56+00:00\",\"breadcrumb\":{\"@id\":\"https:\/\/nuevo-renacer.com\/amelie-gabrielle-boudet\/#breadcrumb\"},\"inLanguage\":\"fr-FR\",\"potentialAction\":[{\"@type\":\"ReadAction\",\"target\":[\"https:\/\/nuevo-renacer.com\/amelie-gabrielle-boudet\/\"]}]},{\"@type\":\"ImageObject\",\"inLanguage\":\"fr-FR\",\"@id\":\"https:\/\/nuevo-renacer.com\/amelie-gabrielle-boudet\/#primaryimage\",\"url\":\"https:\/\/nuevo-renacer.com\/wp-content\/uploads\/2025\/07\/178966330-300-934d25c8.jpg\",\"contentUrl\":\"https:\/\/nuevo-renacer.com\/wp-content\/uploads\/2025\/07\/178966330-300-934d25c8.jpg\"},{\"@type\":\"BreadcrumbList\",\"@id\":\"https:\/\/nuevo-renacer.com\/amelie-gabrielle-boudet\/#breadcrumb\",\"itemListElement\":[{\"@type\":\"ListItem\",\"position\":1,\"name\":\"Startseite\",\"item\":\"https:\/\/nuevo-renacer.com\/\"},{\"@type\":\"ListItem\",\"position\":2,\"name\":\"Am\u00e9lie Gabrielle Boudet\"}]},{\"@type\":\"WebSite\",\"@id\":\"https:\/\/nuevo-renacer.com\/#website\",\"url\":\"https:\/\/nuevo-renacer.com\/\",\"name\":\"Uni\u00f3n Esp\u00edrita\",\"description\":\"Nuevo Renacer\",\"publisher\":{\"@id\":\"https:\/\/nuevo-renacer.com\/#organization\"},\"potentialAction\":[{\"@type\":\"SearchAction\",\"target\":{\"@type\":\"EntryPoint\",\"urlTemplate\":\"https:\/\/nuevo-renacer.com\/?s={search_term_string}\"},\"query-input\":{\"@type\":\"PropertyValueSpecification\",\"valueRequired\":true,\"valueName\":\"search_term_string\"}}],\"inLanguage\":\"fr-FR\"},{\"@type\":\"Organization\",\"@id\":\"https:\/\/nuevo-renacer.com\/#organization\",\"name\":\"UFEC\",\"url\":\"https:\/\/nuevo-renacer.com\/\",\"logo\":{\"@type\":\"ImageObject\",\"inLanguage\":\"fr-FR\",\"@id\":\"https:\/\/nuevo-renacer.com\/#\/schema\/logo\/image\/\",\"url\":\"https:\/\/nuevo-renacer.com\/wp-content\/uploads\/2024\/05\/cropped-LOGO-TERMINADO1-3-3.png\",\"contentUrl\":\"https:\/\/nuevo-renacer.com\/wp-content\/uploads\/2024\/05\/cropped-LOGO-TERMINADO1-3-3.png\",\"width\":512,\"height\":512,\"caption\":\"UFEC\"},\"image\":{\"@id\":\"https:\/\/nuevo-renacer.com\/#\/schema\/logo\/image\/\"},\"sameAs\":[\"https:\/\/www.facebook.com\/groups\/3431398063740829\"]}]}<\/script>\n<!-- \/ Yoast SEO Premium plugin. -->","yoast_head_json":{"title":"Am\u00e9lie Gabrielle Boudet - Uni\u00f3n Esp\u00edrita","robots":{"index":"index","follow":"follow","max-snippet":"max-snippet:-1","max-image-preview":"max-image-preview:large","max-video-preview":"max-video-preview:-1"},"canonical":"https:\/\/nuevo-renacer.com\/fr\/amelie-gabrielle-boudet\/","og_locale":"fr_FR","og_type":"article","og_title":"Am\u00e9lie Gabrielle Boudet","og_description":"Am\u00e9lie Gabrielle Boudet Am\u00e9lie Gabrielle Boudet naci\u00f3 en Thiais, una ciudad situada a 12 kil\u00f3metros de Par\u00eds, el 23 de noviembre de 1795. Hija \u00fanica de Julien Louis Boudet y Julie Louise Segneat de Lacomb, Am\u00e9lie combin\u00f3 desde muy temprana edad una gran vivacidad con un fuerte inter\u00e9s por los estudios, recibiendo una refinada educaci\u00f3n [&hellip;]","og_url":"https:\/\/nuevo-renacer.com\/fr\/amelie-gabrielle-boudet\/","og_site_name":"Uni\u00f3n Esp\u00edrita","article_publisher":"https:\/\/www.facebook.com\/groups\/3431398063740829","article_modified_time":"2025-07-07T11:00:56+00:00","og_image":[{"width":300,"height":399,"url":"https:\/\/nuevo-renacer.com\/wp-content\/uploads\/2025\/07\/178966330-300-934d25c8.jpg","type":"image\/jpeg"}],"twitter_card":"summary_large_image","twitter_misc":{"Dur\u00e9e de lecture estim\u00e9e":"5 minutes"},"schema":{"@context":"https:\/\/schema.org","@graph":[{"@type":"WebPage","@id":"https:\/\/nuevo-renacer.com\/amelie-gabrielle-boudet\/","url":"https:\/\/nuevo-renacer.com\/amelie-gabrielle-boudet\/","name":"Am\u00e9lie Gabrielle Boudet - Uni\u00f3n Esp\u00edrita","isPartOf":{"@id":"https:\/\/nuevo-renacer.com\/#website"},"primaryImageOfPage":{"@id":"https:\/\/nuevo-renacer.com\/amelie-gabrielle-boudet\/#primaryimage"},"image":{"@id":"https:\/\/nuevo-renacer.com\/amelie-gabrielle-boudet\/#primaryimage"},"thumbnailUrl":"https:\/\/nuevo-renacer.com\/wp-content\/uploads\/2025\/07\/178966330-300-934d25c8.jpg","datePublished":"2025-07-07T10:56:31+00:00","dateModified":"2025-07-07T11:00:56+00:00","breadcrumb":{"@id":"https:\/\/nuevo-renacer.com\/amelie-gabrielle-boudet\/#breadcrumb"},"inLanguage":"fr-FR","potentialAction":[{"@type":"ReadAction","target":["https:\/\/nuevo-renacer.com\/amelie-gabrielle-boudet\/"]}]},{"@type":"ImageObject","inLanguage":"fr-FR","@id":"https:\/\/nuevo-renacer.com\/amelie-gabrielle-boudet\/#primaryimage","url":"https:\/\/nuevo-renacer.com\/wp-content\/uploads\/2025\/07\/178966330-300-934d25c8.jpg","contentUrl":"https:\/\/nuevo-renacer.com\/wp-content\/uploads\/2025\/07\/178966330-300-934d25c8.jpg"},{"@type":"BreadcrumbList","@id":"https:\/\/nuevo-renacer.com\/amelie-gabrielle-boudet\/#breadcrumb","itemListElement":[{"@type":"ListItem","position":1,"name":"Startseite","item":"https:\/\/nuevo-renacer.com\/"},{"@type":"ListItem","position":2,"name":"Am\u00e9lie Gabrielle Boudet"}]},{"@type":"WebSite","@id":"https:\/\/nuevo-renacer.com\/#website","url":"https:\/\/nuevo-renacer.com\/","name":"Uni\u00f3n Esp\u00edrita","description":"Nuevo Renacer","publisher":{"@id":"https:\/\/nuevo-renacer.com\/#organization"},"potentialAction":[{"@type":"SearchAction","target":{"@type":"EntryPoint","urlTemplate":"https:\/\/nuevo-renacer.com\/?s={search_term_string}"},"query-input":{"@type":"PropertyValueSpecification","valueRequired":true,"valueName":"search_term_string"}}],"inLanguage":"fr-FR"},{"@type":"Organization","@id":"https:\/\/nuevo-renacer.com\/#organization","name":"UFEC","url":"https:\/\/nuevo-renacer.com\/","logo":{"@type":"ImageObject","inLanguage":"fr-FR","@id":"https:\/\/nuevo-renacer.com\/#\/schema\/logo\/image\/","url":"https:\/\/nuevo-renacer.com\/wp-content\/uploads\/2024\/05\/cropped-LOGO-TERMINADO1-3-3.png","contentUrl":"https:\/\/nuevo-renacer.com\/wp-content\/uploads\/2024\/05\/cropped-LOGO-TERMINADO1-3-3.png","width":512,"height":512,"caption":"UFEC"},"image":{"@id":"https:\/\/nuevo-renacer.com\/#\/schema\/logo\/image\/"},"sameAs":["https:\/\/www.facebook.com\/groups\/3431398063740829"]}]}},"uagb_featured_image_src":{"full":false,"thumbnail":false,"medium":false,"medium_large":false,"large":false,"1536x1536":false,"2048x2048":false,"trp-custom-language-flag":false},"uagb_author_info":{"display_name":"adbv0","author_link":"https:\/\/nuevo-renacer.com\/fr\/author\/adbv0\/"},"uagb_comment_info":0,"uagb_excerpt":"Am\u00e9lie Gabrielle Boudet Am\u00e9lie Gabrielle Boudet naci\u00f3 en Thiais, una ciudad situada a 12 kil\u00f3metros de Par\u00eds, el 23 de noviembre de 1795. Hija \u00fanica de Julien Louis Boudet y Julie Louise Segneat de Lacomb, Am\u00e9lie combin\u00f3 desde muy temprana edad una gran vivacidad con un fuerte inter\u00e9s por los estudios, recibiendo una refinada educaci\u00f3n\u2026","jetpack_sharing_enabled":true,"_links":{"self":[{"href":"https:\/\/nuevo-renacer.com\/fr\/wp-json\/wp\/v2\/pages\/8398","targetHints":{"allow":["GET"]}}],"collection":[{"href":"https:\/\/nuevo-renacer.com\/fr\/wp-json\/wp\/v2\/pages"}],"about":[{"href":"https:\/\/nuevo-renacer.com\/fr\/wp-json\/wp\/v2\/types\/page"}],"author":[{"embeddable":true,"href":"https:\/\/nuevo-renacer.com\/fr\/wp-json\/wp\/v2\/users\/1"}],"replies":[{"embeddable":true,"href":"https:\/\/nuevo-renacer.com\/fr\/wp-json\/wp\/v2\/comments?post=8398"}],"version-history":[{"count":2,"href":"https:\/\/nuevo-renacer.com\/fr\/wp-json\/wp\/v2\/pages\/8398\/revisions"}],"predecessor-version":[{"id":8402,"href":"https:\/\/nuevo-renacer.com\/fr\/wp-json\/wp\/v2\/pages\/8398\/revisions\/8402"}],"wp:attachment":[{"href":"https:\/\/nuevo-renacer.com\/fr\/wp-json\/wp\/v2\/media?parent=8398"}],"curies":[{"name":"wp","href":"https:\/\/api.w.org\/{rel}","templated":true}]}}