{"id":8284,"date":"2025-06-10T09:11:00","date_gmt":"2025-06-10T09:11:00","guid":{"rendered":"https:\/\/nuevo-renacer.com\/?page_id=8284"},"modified":"2025-06-10T09:11:03","modified_gmt":"2025-06-10T09:11:03","slug":"oliver-joseph-lodge","status":"publish","type":"page","link":"https:\/\/nuevo-renacer.com\/fr\/oliver-joseph-lodge\/","title":{"rendered":"Oliver Joseph Lodge"},"content":{"rendered":"<div class=\"wp-block-uagb-container uagb-block-f273dccd alignfull uagb-is-root-container\"><div class=\"uagb-container-inner-blocks-wrap\">\n<p class=\"has-black-color has-text-color has-link-color has-medium-font-size wp-elements-1eb1e15e1bf9ca80ee168554d6f2324f\"><strong>Oliver Joseph Lodge<\/strong><\/p>\n<\/div><\/div>\n\n\n\n<div class=\"wp-block-uagb-container uagb-block-a33adbfd alignfull uagb-is-root-container\"><div class=\"uagb-container-inner-blocks-wrap\">\n<figure class=\"wp-block-image size-large is-resized\"><img fetchpriority=\"high\" decoding=\"async\" width=\"752\" height=\"1024\" src=\"https:\/\/nuevo-renacer.com\/wp-content\/uploads\/2025\/06\/Oliver_Joseph_Lodge3-752x1024.jpg\" alt=\"\" class=\"wp-image-8285\" style=\"width:223px;height:auto\" srcset=\"https:\/\/nuevo-renacer.com\/wp-content\/uploads\/2025\/06\/Oliver_Joseph_Lodge3-752x1024.jpg 752w, https:\/\/nuevo-renacer.com\/wp-content\/uploads\/2025\/06\/Oliver_Joseph_Lodge3-220x300.jpg 220w, https:\/\/nuevo-renacer.com\/wp-content\/uploads\/2025\/06\/Oliver_Joseph_Lodge3-768x1046.jpg 768w, https:\/\/nuevo-renacer.com\/wp-content\/uploads\/2025\/06\/Oliver_Joseph_Lodge3-1128x1536.jpg 1128w, https:\/\/nuevo-renacer.com\/wp-content\/uploads\/2025\/06\/Oliver_Joseph_Lodge3-9x12.jpg 9w, https:\/\/nuevo-renacer.com\/wp-content\/uploads\/2025\/06\/Oliver_Joseph_Lodge3.jpg 1188w\" sizes=\"(max-width: 752px) 100vw, 752px\" \/><\/figure>\n<\/div><\/div>\n\n\n\n<div class=\"wp-block-uagb-container uagb-block-68addc5d alignfull uagb-is-root-container\"><div class=\"uagb-container-inner-blocks-wrap\">\n<p class=\"has-black-color has-text-color has-link-color has-small-font-size wp-elements-8c669dc8f98a5a23246e292239b63546\">Il est n\u00e9 le 12 juin 1851 \u00e0 Penkhull, en Angleterre. \u00c9duqu\u00e9 \u00e0 la Grammar School de Newport et \u00e0 l'University College de Londres, il \u00e9tait l'un des physiciens les plus r\u00e9put\u00e9s de son \u00e9poque. Il a men\u00e9 d'importantes recherches sur la source de la force \u00e9lectromotrice dans la pile volta\u00efque, sur les ondes \u00e9lectromagn\u00e9tiques et sur la t\u00e9l\u00e9graphie sans fil. Il acquit une renomm\u00e9e mondiale en tant qu'inventeur, ayant largement contribu\u00e9 au d\u00e9veloppement de l'\u00e9lectricit\u00e9.<\/p>\n\n\n\n<p class=\"has-black-color has-text-color has-link-color has-small-font-size wp-elements-1aa7b8fec7e62cf657297dc03305e76d\">Ce n'est qu'apr\u00e8s avoir atteint l'\u00e2ge de cinquante ans que Lodge s'int\u00e9ressa aux manifestations psychiques, apportant un t\u00e9moignage inestimable sur la survie et la communication des esprits. Dans son ouvrage \u00ab Pourquoi je crois en l'immortalit\u00e9 personnelle \u00bb, il d\u00e9clare :<\/p>\n\n\n\n<p class=\"has-black-color has-text-color has-link-color has-small-font-size wp-elements-cb33222a3431efd1feeab0587f0293a5\">\u00ab La preuve de l'identit\u00e9 personnelle est ainsi largement \u00e9tablie, de mani\u00e8re s\u00e9rieuse et syst\u00e9matique, par l'examen critique des chercheurs et, surtout, par les efforts particuliers et intelligents des communicateurs de l'au-del\u00e0. Pour moi, la preuve est pratiquement compl\u00e8te, et je n'ai aucun doute sur l'existence et la survie de la personnalit\u00e9, pas plus que je n'en aurais sur la d\u00e9duction de toute exp\u00e9rience ordinaire et normale \u00bb.<\/p>\n\n\n\n<p class=\"has-black-color has-text-color has-link-color has-small-font-size wp-elements-5fd380fdb917e0272f0c6d8f603f181a\">Il a laiss\u00e9 de nombreux ouvrages, parmi lesquels nous soulignons les suivants : \u00ab La formation de l'homme \u00bb, \u00ab Raimundo \u00bb et \u00ab Pourquoi je crois en l'immortalit\u00e9 personnelle \u00bb. Le nom de Sir Oliver Lodge constitue l'un des plus grands ornements des sciences modernes. Scientifique anglais n\u00e9 \u00e0 Penkhull, dans le Staffordshire, le 12 juin 1851 et d\u00e9c\u00e9d\u00e9 \u00e0 Amesbury le 22 ao\u00fbt 1940. Professeur de physique au Coll\u00e8ge universitaire de Liverpool entre 1881 et 1900, directeur de l'universit\u00e9 de Birmingham en 1900 et professeur \u00e0 Oxford en 1903. Il a apport\u00e9 d'importantes contributions aux th\u00e9ories de l'\u00e9lectricit\u00e9 de contact et de l'\u00e9lectrolyse, \u00e0 la d\u00e9charge oscillatoire dans les bouteilles de Leyde, \u00e0 la production d'ondes \u00e9lectromagn\u00e9tiques dans l'air et a introduit des am\u00e9liorations au t\u00e9l\u00e9graphe sans fil.<\/p>\n\n\n\n<p class=\"has-black-color has-text-color has-link-color has-small-font-size wp-elements-9b2aa64e15467e5f9dfb9838d5a5a383\">Il a men\u00e9 des exp\u00e9riences sur la r\u00e9duction du brouillard par dispersion \u00e9lectrique. Il est l'auteur de plusieurs trait\u00e9s scientifiques et ouvrages, parmi lesquels : \u00ab Manuel de m\u00e9canique \u00e9l\u00e9mentaire \u00bb, en 1877 ; \u00ab Pionniers de la science \u00bb, en 1893 ; \u00ab Vie et mati\u00e8re \u00bb, 1905 ; \u00ab Les \u00e9lectrons ou la nature et les propri\u00e9t\u00e9s de l'\u00e9lectricit\u00e9 n\u00e9gative \u00bb, 1907 ; \u00ab Science et mortalit\u00e9 \u00bb, 1908 ; \u00ab L'\u00e9ther dans l'espace \u00bb, 1909 ; \u00ab Au-del\u00e0 de la physique ou l'id\u00e9alisation du m\u00e9canisme \u00bb, 1930.<\/p>\n\n\n\n<p class=\"has-black-color has-text-color has-link-color has-small-font-size wp-elements-afa4d5cdd896820ee5665dbcec0ed455\">L'importance que le monde accorda \u00e0 son incursion dans le domaine du spiritisme et aux exp\u00e9riences rigoureuses et contr\u00f4l\u00e9es avec lesquelles il \u00e9tudia le cas post mortem de son fils Raymond, mort dans une tranch\u00e9e des Flandres au cours des premiers mois de la Premi\u00e8re Guerre mondiale, suscita de vives controverses. Son \u00e9cart par rapport \u00e0 la voie de la science acad\u00e9mique fit de lui la cible d'attaques virulentes de la part de ses \u00ab coll\u00e8gues \u00bb de profession. Mais il \u00e9tait pleinement conscient des risques qu'il courait. Il se dirigea vers le cirque \u00e0 la mani\u00e8re des martyrs chr\u00e9tiens. Mais il fut avant tout un martyr de la science. On l'accusa de na\u00efvet\u00e9 pour avoir accept\u00e9 les affirmations de son fils, qui rendait compte de l'existence de boissons, de cigarettes, d'arbres et de maisons dans la vie spirituelle. Ce n'\u00e9tait qu'un p\u00e8re d\u00e9sesp\u00e9r\u00e9, qui s'abandonnait \u00e0 la douleur naturelle de la perte, disait-on. Cependant, tous ceux qui \u00e9tudient les probl\u00e8mes de l'au-del\u00e0 savent que dans les plans inf\u00e9rieurs du monde spirituel, la ressemblance avec le plan terrestre est frappante.<\/p>\n\n\n\n<p class=\"has-black-color has-text-color has-link-color has-small-font-size wp-elements-d7ce7263df1c4abdb42caa2f42206631\">Oliver \u00e9tait un exemple vivant de courage en t\u00e9moignant de sa foi. Mais cette foi consciente, rationnelle et m\u00eame exigeante, enseign\u00e9e par Kardec. Non pas la foi aveugle, issue d'une soumission craintive et inconditionnelle \u00e0 des principes dogmatiques, mais la foi qui sert \u00e0 la fois de fondement \u00e0 la religion et \u00e0 la science. Ce type sup\u00e9rieur de foi exclut la superstition. Ce n'est pas une gr\u00e2ce qui vient d'en haut, mais une conqu\u00eate de l'homme \u00e0 travers l'\u00e9volution. C'est pourquoi elle n'est pas seulement divine, mais elle a deux facettes : elle est \u00e0 la fois humaine et divine. Les hommes cultiv\u00e9s en g\u00e9n\u00e9ral, et les hommes de science en particulier, fuient la foi religieuse, mais ils ne peuvent \u00e9chapper aux griffes logiques de la foi scientifique. Sir Oliver Lodge nous offre un exemple d\u00e9cisif de la conjugaison de ces deux aspects de la Foi, qui, avec une majuscule initiale, n'en est qu'une seule, comme un visage se compose de deux faces. Le personnage en question \u00e9tait non seulement un scientifique de talent et un p\u00e8re aimant, mais surtout un homme dot\u00e9 d'une grande vision et d'un sens critique aigu, qui a d\u00e9tourn\u00e9 son attention vers la recherche spirituelle, jouant le r\u00f4le difficile de pr\u00e9curseur d'une \u00e9poque o\u00f9 la science et la religion marcheront ensemble sur le m\u00eame chemin de la vie.<\/p>\n<\/div><\/div>\n\n\n\n<div class=\"wp-block-uagb-container uagb-block-419cdebc alignfull uagb-is-root-container\"><div class=\"uagb-container-inner-blocks-wrap\"><\/div><\/div>\n\n\n\n<div class=\"wp-block-uagb-container uagb-block-e2b04c91 alignfull uagb-is-root-container\"><div class=\"uagb-container-inner-blocks-wrap\"><\/div><\/div>","protected":false},"excerpt":{"rendered":"<p>Oliver Joseph Lodge Naci\u00f3 el 12 de junio de 1851 en Penkhull, Inglaterra. Educado en la Grammar School de Newport y en el University College de Londres, fue uno de los f\u00edsicos m\u00e1s reputados de la \u00e9poca. Realiz\u00f3 importantes investigaciones sobre la sede de la fuerza electromotriz en la pila voltaica, sobre las ondas electromagn\u00e9ticas [&hellip;]<\/p>","protected":false},"author":1,"featured_media":0,"parent":0,"menu_order":0,"comment_status":"closed","ping_status":"closed","template":"","meta":{"_uag_custom_page_level_css":"","site-sidebar-layout":"default","site-content-layout":"","ast-site-content-layout":"default","site-content-style":"default","site-sidebar-style":"default","ast-global-header-display":"","ast-banner-title-visibility":"","ast-main-header-display":"","ast-hfb-above-header-display":"","ast-hfb-below-header-display":"","ast-hfb-mobile-header-display":"","site-post-title":"disabled","ast-breadcrumbs-content":"","ast-featured-img":"","footer-sml-layout":"","theme-transparent-header-meta":"","adv-header-id-meta":"","stick-header-meta":"","header-above-stick-meta":"","header-main-stick-meta":"","header-below-stick-meta":"","astra-migrate-meta-layouts":"set","ast-page-background-enabled":"default","ast-page-background-meta":{"desktop":{"background-color":"var(--ast-global-color-4)","background-image":"","background-repeat":"repeat","background-position":"center center","background-size":"auto","background-attachment":"scroll","background-type":"","background-media":"","overlay-type":"","overlay-color":"","overlay-opacity":"","overlay-gradient":""},"tablet":{"background-color":"","background-image":"","background-repeat":"repeat","background-position":"center center","background-size":"auto","background-attachment":"scroll","background-type":"","background-media":"","overlay-type":"","overlay-color":"","overlay-opacity":"","overlay-gradient":""},"mobile":{"background-color":"","background-image":"","background-repeat":"repeat","background-position":"center center","background-size":"auto","background-attachment":"scroll","background-type":"","background-media":"","overlay-type":"","overlay-color":"","overlay-opacity":"","overlay-gradient":""}},"ast-content-background-meta":{"desktop":{"background-color":"var(--ast-global-color-5)","background-image":"","background-repeat":"repeat","background-position":"center center","background-size":"auto","background-attachment":"scroll","background-type":"","background-media":"","overlay-type":"","overlay-color":"","overlay-opacity":"","overlay-gradient":""},"tablet":{"background-color":"var(--ast-global-color-5)","background-image":"","background-repeat":"repeat","background-position":"center center","background-size":"auto","background-attachment":"scroll","background-type":"","background-media":"","overlay-type":"","overlay-color":"","overlay-opacity":"","overlay-gradient":""},"mobile":{"background-color":"var(--ast-global-color-5)","background-image":"","background-repeat":"repeat","background-position":"center center","background-size":"auto","background-attachment":"scroll","background-type":"","background-media":"","overlay-type":"","overlay-color":"","overlay-opacity":"","overlay-gradient":""}},"footnotes":""},"class_list":["post-8284","page","type-page","status-publish","hentry"],"yoast_head":"<!-- This site is optimized with the Yoast SEO Premium plugin v24.2 (Yoast SEO v24.6) - https:\/\/yoast.com\/wordpress\/plugins\/seo\/ -->\n<title>Oliver Joseph Lodge - Uni\u00f3n Esp\u00edrita<\/title>\n<meta name=\"description\" content=\"Oliver Joseph Lodge (1851-1940) fue un f\u00edsico, escritor y fil\u00f3sofo brit\u00e1nico notable por sus contribuciones tanto a la ciencia como a la espiritualidad.\" \/>\n<meta name=\"robots\" content=\"index, follow, max-snippet:-1, max-image-preview:large, max-video-preview:-1\" \/>\n<link rel=\"canonical\" href=\"https:\/\/nuevo-renacer.com\/fr\/oliver-joseph-lodge\/\" \/>\n<meta property=\"og:locale\" content=\"fr_FR\" \/>\n<meta property=\"og:type\" content=\"article\" \/>\n<meta property=\"og:title\" content=\"Oliver Joseph Lodge\" \/>\n<meta property=\"og:description\" content=\"Oliver Joseph Lodge (1851-1940) fue un f\u00edsico, escritor y fil\u00f3sofo brit\u00e1nico notable por sus contribuciones tanto a la ciencia como a la espiritualidad.\" \/>\n<meta property=\"og:url\" content=\"https:\/\/nuevo-renacer.com\/fr\/oliver-joseph-lodge\/\" \/>\n<meta property=\"og:site_name\" content=\"Uni\u00f3n Esp\u00edrita\" \/>\n<meta property=\"article:publisher\" content=\"https:\/\/www.facebook.com\/groups\/3431398063740829\" \/>\n<meta property=\"article:modified_time\" content=\"2025-06-10T09:11:03+00:00\" \/>\n<meta property=\"og:image\" content=\"https:\/\/nuevo-renacer.com\/wp-content\/uploads\/2025\/06\/Oliver_Joseph_Lodge3.jpg\" \/>\n\t<meta property=\"og:image:width\" content=\"1188\" \/>\n\t<meta property=\"og:image:height\" content=\"1618\" \/>\n\t<meta property=\"og:image:type\" content=\"image\/jpeg\" \/>\n<meta name=\"twitter:card\" content=\"summary_large_image\" \/>\n<meta name=\"twitter:label1\" content=\"Dur\u00e9e de lecture estim\u00e9e\" \/>\n\t<meta name=\"twitter:data1\" content=\"5 minutes\" \/>\n<script type=\"application\/ld+json\" class=\"yoast-schema-graph\">{\"@context\":\"https:\/\/schema.org\",\"@graph\":[{\"@type\":\"WebPage\",\"@id\":\"https:\/\/nuevo-renacer.com\/oliver-joseph-lodge\/\",\"url\":\"https:\/\/nuevo-renacer.com\/oliver-joseph-lodge\/\",\"name\":\"Oliver Joseph Lodge - Uni\u00f3n Esp\u00edrita\",\"isPartOf\":{\"@id\":\"https:\/\/nuevo-renacer.com\/#website\"},\"primaryImageOfPage\":{\"@id\":\"https:\/\/nuevo-renacer.com\/oliver-joseph-lodge\/#primaryimage\"},\"image\":{\"@id\":\"https:\/\/nuevo-renacer.com\/oliver-joseph-lodge\/#primaryimage\"},\"thumbnailUrl\":\"https:\/\/nuevo-renacer.com\/wp-content\/uploads\/2025\/06\/Oliver_Joseph_Lodge3-752x1024.jpg\",\"datePublished\":\"2025-06-10T09:11:00+00:00\",\"dateModified\":\"2025-06-10T09:11:03+00:00\",\"description\":\"Oliver Joseph Lodge (1851-1940) fue un f\u00edsico, escritor y fil\u00f3sofo brit\u00e1nico notable por sus contribuciones tanto a la ciencia como a la espiritualidad.\",\"breadcrumb\":{\"@id\":\"https:\/\/nuevo-renacer.com\/oliver-joseph-lodge\/#breadcrumb\"},\"inLanguage\":\"fr-FR\",\"potentialAction\":[{\"@type\":\"ReadAction\",\"target\":[\"https:\/\/nuevo-renacer.com\/oliver-joseph-lodge\/\"]}]},{\"@type\":\"ImageObject\",\"inLanguage\":\"fr-FR\",\"@id\":\"https:\/\/nuevo-renacer.com\/oliver-joseph-lodge\/#primaryimage\",\"url\":\"https:\/\/nuevo-renacer.com\/wp-content\/uploads\/2025\/06\/Oliver_Joseph_Lodge3-752x1024.jpg\",\"contentUrl\":\"https:\/\/nuevo-renacer.com\/wp-content\/uploads\/2025\/06\/Oliver_Joseph_Lodge3-752x1024.jpg\"},{\"@type\":\"BreadcrumbList\",\"@id\":\"https:\/\/nuevo-renacer.com\/oliver-joseph-lodge\/#breadcrumb\",\"itemListElement\":[{\"@type\":\"ListItem\",\"position\":1,\"name\":\"Startseite\",\"item\":\"https:\/\/nuevo-renacer.com\/\"},{\"@type\":\"ListItem\",\"position\":2,\"name\":\"Oliver Joseph Lodge\"}]},{\"@type\":\"WebSite\",\"@id\":\"https:\/\/nuevo-renacer.com\/#website\",\"url\":\"https:\/\/nuevo-renacer.com\/\",\"name\":\"Uni\u00f3n Esp\u00edrita\",\"description\":\"Nuevo Renacer\",\"publisher\":{\"@id\":\"https:\/\/nuevo-renacer.com\/#organization\"},\"potentialAction\":[{\"@type\":\"SearchAction\",\"target\":{\"@type\":\"EntryPoint\",\"urlTemplate\":\"https:\/\/nuevo-renacer.com\/?s={search_term_string}\"},\"query-input\":{\"@type\":\"PropertyValueSpecification\",\"valueRequired\":true,\"valueName\":\"search_term_string\"}}],\"inLanguage\":\"fr-FR\"},{\"@type\":\"Organization\",\"@id\":\"https:\/\/nuevo-renacer.com\/#organization\",\"name\":\"UFEC\",\"url\":\"https:\/\/nuevo-renacer.com\/\",\"logo\":{\"@type\":\"ImageObject\",\"inLanguage\":\"fr-FR\",\"@id\":\"https:\/\/nuevo-renacer.com\/#\/schema\/logo\/image\/\",\"url\":\"https:\/\/nuevo-renacer.com\/wp-content\/uploads\/2024\/05\/cropped-LOGO-TERMINADO1-3-3.png\",\"contentUrl\":\"https:\/\/nuevo-renacer.com\/wp-content\/uploads\/2024\/05\/cropped-LOGO-TERMINADO1-3-3.png\",\"width\":512,\"height\":512,\"caption\":\"UFEC\"},\"image\":{\"@id\":\"https:\/\/nuevo-renacer.com\/#\/schema\/logo\/image\/\"},\"sameAs\":[\"https:\/\/www.facebook.com\/groups\/3431398063740829\"]}]}<\/script>\n<!-- \/ Yoast SEO Premium plugin. -->","yoast_head_json":{"title":"Oliver Joseph Lodge - Uni\u00f3n Esp\u00edrita","description":"Oliver Joseph Lodge (1851-1940) fue un f\u00edsico, escritor y fil\u00f3sofo brit\u00e1nico notable por sus contribuciones tanto a la ciencia como a la espiritualidad.","robots":{"index":"index","follow":"follow","max-snippet":"max-snippet:-1","max-image-preview":"max-image-preview:large","max-video-preview":"max-video-preview:-1"},"canonical":"https:\/\/nuevo-renacer.com\/fr\/oliver-joseph-lodge\/","og_locale":"fr_FR","og_type":"article","og_title":"Oliver Joseph Lodge","og_description":"Oliver Joseph Lodge (1851-1940) fue un f\u00edsico, escritor y fil\u00f3sofo brit\u00e1nico notable por sus contribuciones tanto a la ciencia como a la espiritualidad.","og_url":"https:\/\/nuevo-renacer.com\/fr\/oliver-joseph-lodge\/","og_site_name":"Uni\u00f3n Esp\u00edrita","article_publisher":"https:\/\/www.facebook.com\/groups\/3431398063740829","article_modified_time":"2025-06-10T09:11:03+00:00","og_image":[{"width":1188,"height":1618,"url":"https:\/\/nuevo-renacer.com\/wp-content\/uploads\/2025\/06\/Oliver_Joseph_Lodge3.jpg","type":"image\/jpeg"}],"twitter_card":"summary_large_image","twitter_misc":{"Dur\u00e9e de lecture estim\u00e9e":"5 minutes"},"schema":{"@context":"https:\/\/schema.org","@graph":[{"@type":"WebPage","@id":"https:\/\/nuevo-renacer.com\/oliver-joseph-lodge\/","url":"https:\/\/nuevo-renacer.com\/oliver-joseph-lodge\/","name":"Oliver Joseph Lodge - Uni\u00f3n Esp\u00edrita","isPartOf":{"@id":"https:\/\/nuevo-renacer.com\/#website"},"primaryImageOfPage":{"@id":"https:\/\/nuevo-renacer.com\/oliver-joseph-lodge\/#primaryimage"},"image":{"@id":"https:\/\/nuevo-renacer.com\/oliver-joseph-lodge\/#primaryimage"},"thumbnailUrl":"https:\/\/nuevo-renacer.com\/wp-content\/uploads\/2025\/06\/Oliver_Joseph_Lodge3-752x1024.jpg","datePublished":"2025-06-10T09:11:00+00:00","dateModified":"2025-06-10T09:11:03+00:00","description":"Oliver Joseph Lodge (1851-1940) fue un f\u00edsico, escritor y fil\u00f3sofo brit\u00e1nico notable por sus contribuciones tanto a la ciencia como a la espiritualidad.","breadcrumb":{"@id":"https:\/\/nuevo-renacer.com\/oliver-joseph-lodge\/#breadcrumb"},"inLanguage":"fr-FR","potentialAction":[{"@type":"ReadAction","target":["https:\/\/nuevo-renacer.com\/oliver-joseph-lodge\/"]}]},{"@type":"ImageObject","inLanguage":"fr-FR","@id":"https:\/\/nuevo-renacer.com\/oliver-joseph-lodge\/#primaryimage","url":"https:\/\/nuevo-renacer.com\/wp-content\/uploads\/2025\/06\/Oliver_Joseph_Lodge3-752x1024.jpg","contentUrl":"https:\/\/nuevo-renacer.com\/wp-content\/uploads\/2025\/06\/Oliver_Joseph_Lodge3-752x1024.jpg"},{"@type":"BreadcrumbList","@id":"https:\/\/nuevo-renacer.com\/oliver-joseph-lodge\/#breadcrumb","itemListElement":[{"@type":"ListItem","position":1,"name":"Startseite","item":"https:\/\/nuevo-renacer.com\/"},{"@type":"ListItem","position":2,"name":"Oliver Joseph Lodge"}]},{"@type":"WebSite","@id":"https:\/\/nuevo-renacer.com\/#website","url":"https:\/\/nuevo-renacer.com\/","name":"Uni\u00f3n Esp\u00edrita","description":"Nuevo Renacer","publisher":{"@id":"https:\/\/nuevo-renacer.com\/#organization"},"potentialAction":[{"@type":"SearchAction","target":{"@type":"EntryPoint","urlTemplate":"https:\/\/nuevo-renacer.com\/?s={search_term_string}"},"query-input":{"@type":"PropertyValueSpecification","valueRequired":true,"valueName":"search_term_string"}}],"inLanguage":"fr-FR"},{"@type":"Organization","@id":"https:\/\/nuevo-renacer.com\/#organization","name":"UFEC","url":"https:\/\/nuevo-renacer.com\/","logo":{"@type":"ImageObject","inLanguage":"fr-FR","@id":"https:\/\/nuevo-renacer.com\/#\/schema\/logo\/image\/","url":"https:\/\/nuevo-renacer.com\/wp-content\/uploads\/2024\/05\/cropped-LOGO-TERMINADO1-3-3.png","contentUrl":"https:\/\/nuevo-renacer.com\/wp-content\/uploads\/2024\/05\/cropped-LOGO-TERMINADO1-3-3.png","width":512,"height":512,"caption":"UFEC"},"image":{"@id":"https:\/\/nuevo-renacer.com\/#\/schema\/logo\/image\/"},"sameAs":["https:\/\/www.facebook.com\/groups\/3431398063740829"]}]}},"uagb_featured_image_src":{"full":false,"thumbnail":false,"medium":false,"medium_large":false,"large":false,"1536x1536":false,"2048x2048":false,"trp-custom-language-flag":false},"uagb_author_info":{"display_name":"adbv0","author_link":"https:\/\/nuevo-renacer.com\/fr\/author\/adbv0\/"},"uagb_comment_info":0,"uagb_excerpt":"Oliver Joseph Lodge Naci\u00f3 el 12 de junio de 1851 en Penkhull, Inglaterra. Educado en la Grammar School de Newport y en el University College de Londres, fue uno de los f\u00edsicos m\u00e1s reputados de la \u00e9poca. Realiz\u00f3 importantes investigaciones sobre la sede de la fuerza electromotriz en la pila voltaica, sobre las ondas electromagn\u00e9ticas\u2026","jetpack_sharing_enabled":true,"_links":{"self":[{"href":"https:\/\/nuevo-renacer.com\/fr\/wp-json\/wp\/v2\/pages\/8284","targetHints":{"allow":["GET"]}}],"collection":[{"href":"https:\/\/nuevo-renacer.com\/fr\/wp-json\/wp\/v2\/pages"}],"about":[{"href":"https:\/\/nuevo-renacer.com\/fr\/wp-json\/wp\/v2\/types\/page"}],"author":[{"embeddable":true,"href":"https:\/\/nuevo-renacer.com\/fr\/wp-json\/wp\/v2\/users\/1"}],"replies":[{"embeddable":true,"href":"https:\/\/nuevo-renacer.com\/fr\/wp-json\/wp\/v2\/comments?post=8284"}],"version-history":[{"count":1,"href":"https:\/\/nuevo-renacer.com\/fr\/wp-json\/wp\/v2\/pages\/8284\/revisions"}],"predecessor-version":[{"id":8286,"href":"https:\/\/nuevo-renacer.com\/fr\/wp-json\/wp\/v2\/pages\/8284\/revisions\/8286"}],"wp:attachment":[{"href":"https:\/\/nuevo-renacer.com\/fr\/wp-json\/wp\/v2\/media?parent=8284"}],"curies":[{"name":"wp","href":"https:\/\/api.w.org\/{rel}","templated":true}]}}