{"id":8207,"date":"2025-05-28T09:11:18","date_gmt":"2025-05-28T09:11:18","guid":{"rendered":"https:\/\/nuevo-renacer.com\/?page_id=8207"},"modified":"2025-05-28T09:48:27","modified_gmt":"2025-05-28T09:48:27","slug":"gemma-galgani","status":"publish","type":"page","link":"https:\/\/nuevo-renacer.com\/fr\/gemma-galgani\/","title":{"rendered":"Gemma Galgani"},"content":{"rendered":"<div class=\"wp-block-uagb-container uagb-block-3f1adc55 alignfull uagb-is-root-container\"><div class=\"uagb-container-inner-blocks-wrap\">\n<p class=\"has-black-color has-text-color has-link-color has-medium-font-size wp-elements-032a8a162626e1e7ab0a2b16ea126a4a\"><strong>Gemma Galgani<\/strong><\/p>\n<\/div><\/div>\n\n\n\n<div class=\"wp-block-uagb-container uagb-block-91188692 alignfull uagb-is-root-container\"><div class=\"uagb-container-inner-blocks-wrap\">\n<figure class=\"wp-block-image alignleft size-full is-resized\"><img fetchpriority=\"high\" decoding=\"async\" width=\"379\" height=\"502\" src=\"https:\/\/nuevo-renacer.com\/wp-content\/uploads\/2025\/05\/Screenshot-605.png\" alt=\"\" class=\"wp-image-8219\" style=\"width:267px;height:auto\" srcset=\"https:\/\/nuevo-renacer.com\/wp-content\/uploads\/2025\/05\/Screenshot-605.png 379w, https:\/\/nuevo-renacer.com\/wp-content\/uploads\/2025\/05\/Screenshot-605-226x300.png 226w, https:\/\/nuevo-renacer.com\/wp-content\/uploads\/2025\/05\/Screenshot-605-9x12.png 9w\" sizes=\"(max-width: 379px) 100vw, 379px\" \/><\/figure>\n<\/div><\/div>\n\n\n\n<div class=\"wp-block-uagb-container uagb-block-705e2e70 alignfull uagb-is-root-container\"><div class=\"uagb-container-inner-blocks-wrap\">\n<p class=\"has-black-color has-text-color has-link-color has-small-font-size wp-elements-fb247879233895aa28efe86a6c2d9854\">Sainte Gemma Galgani (1878-1903) est n\u00e9e \u00e0 Lucques, un village italien, et a manifest\u00e9 d\u00e8s son plus jeune \u00e2ge un grand d\u00e9sir de pri\u00e8re gr\u00e2ce \u00e0 sa m\u00e8re. Sa m\u00e8re mourut pr\u00e9matur\u00e9ment de la tuberculose et le p\u00e8re de Gemma la confia \u00e0 l'internat des s\u0153urs de Sainte-Zita.<\/p>\n\n\n\n<p class=\"has-black-color has-text-color has-link-color has-small-font-size wp-elements-ec6d5337d4df3908f91f515bd2c1a880\">Apr\u00e8s avoir beaucoup insist\u00e9, elle a re\u00e7u sa premi\u00e8re communion \u00e0 l'\u00e2ge de neuf ans. Elle avait l'habitude de dire : \"Donnez-moi J\u00e9sus... et vous verrez comme je serai bonne. Je vais beaucoup changer.<\/p>\n\n\n\n<p class=\"has-black-color has-text-color has-link-color has-small-font-size wp-elements-ffd19434a1ef82e71da0d9a939640958\">Des ann\u00e9es plus tard, \u00e0 l'\u00e2ge de 19 ans, son p\u00e8re est d\u00e9c\u00e9d\u00e9 et, malheureusement, les dirigeants de son entreprise n'ont pas su g\u00e9rer l'argent, si bien qu'ils ont tout perdu, la laissant, elle et ses fr\u00e8res et s\u0153urs, dans la pauvret\u00e9.<\/p>\n\n\n\n<p class=\"has-black-color has-text-color has-link-color has-small-font-size wp-elements-284ed8f94d839bef6c1039c6c222d873\">La souffrance fait partie de sa vie. Il d\u00e9veloppe une grave maladie du dos et contracte \u00e9galement une m\u00e9ningite ; bient\u00f4t, ses bras et ses jambes deviennent paralys\u00e9s. C'est alors qu'il s'attache \u00e0 saint Gabriel Possenti de Notre-Dame des Douleurs (alors v\u00e9n\u00e9rable) et commence \u00e0 le voir tous les soirs \u00e0 son chevet.<\/p>\n\n\n\n<p class=\"has-black-color has-text-color has-link-color has-small-font-size wp-elements-d1175ec01842a6440ccdfa859046dd78\">Une nuit, alors qu'il pensait que sa mort \u00e9tait proche, il entendit le son d'un chapelet qui bougeait : c'\u00e9tait la sainte. Elle lui demanda de faire une neuvaine en l'honneur du Sacr\u00e9-C\u0153ur de J\u00e9sus pour obtenir la gu\u00e9rison. Au bout de neuf jours, Gemma s'est lev\u00e9e, \u00e0 la joie et \u00e0 la stup\u00e9faction de tous.<\/p>\n\n\n\n<p class=\"has-black-color has-text-color has-link-color has-small-font-size wp-elements-3d1b91cd1bc7af74b5d9429535226eb4\">Gemma nourrissait dans son c\u0153ur l'id\u00e9e de se consacrer \u00e0 la vie religieuse, mais le Seigneur avait d'autres projets pour elle. Un jour, alors qu'elle r\u00e9fl\u00e9chissait, elle se mit \u00e0 prier et entra soudain en extase, ressentant une profonde douleur pour ses p\u00e9ch\u00e9s. C'est alors que la Vierge Marie lui apparut et lui dit : \"Mon fils J\u00e9sus t'aime au-del\u00e0 de toute mesure et veut te donner une gr\u00e2ce. Je serai une M\u00e8re pour toi. Tu seras une vraie fille.<\/p>\n\n\n\n<p class=\"has-black-color has-text-color has-link-color has-small-font-size wp-elements-10042b8814d2b006cbd6f6ffb94d00a5\">C'est alors qu'il vit J\u00e9sus avec toutes ses plaies en feu et les flammes atteignirent rapidement ses mains, ses pieds et son c\u0153ur. \u00ab J'ai senti que j'\u00e9tais en train de mourir et je serais tomb\u00e9 par terre si ma M\u00e8re ne m'avait pas retenu en restant sous son manteau \u00bb.<\/p>\n\n\n\n<p class=\"has-black-color has-text-color has-link-color has-small-font-size wp-elements-e9f82913149b719545a16e80d6a5eff6\">Gemma raconte qu'elle est rest\u00e9e dans cette position pendant plusieurs heures et qu'\u00e0 la fin, elle est tomb\u00e9e \u00e0 genoux, ressentant de fortes douleurs dans les mains, les pieds et le c\u0153ur.<\/p>\n\n\n\n<p class=\"has-black-color has-text-color has-link-color has-small-font-size wp-elements-3dc7097bc0acb3b47c9bc4264b1651a5\">Gemma a v\u00e9cu des exp\u00e9riences tr\u00e8s enrichissantes avec son ange gardien ; sa puret\u00e9 a probablement attir\u00e9 son fid\u00e8le gardien et ils ont eu de longues conversations. Ensemble, elles r\u00e9citaient diverses pri\u00e8res et psaumes, et m\u00e9ditaient sur la Passion du Christ. C'est alors, en 1902, que Gemma s'offrit \u00e0 Dieu comme victime pour le salut des \u00e2mes. Son estomac refusait toute nourriture et, au bout d'un certain temps, elle se mit \u00e0 cracher du sang.<\/p>\n\n\n\n<p class=\"has-black-color has-text-color has-link-color has-small-font-size wp-elements-4b274e0ad3c5d364129526e4598f5ab4\">Parall\u00e8lement, une p\u00e9riode intense de s\u00e9cheresse spirituelle s'est install\u00e9e dans son \u00e2me, avec des attaques du diable en personne. Il tente de la convaincre que Dieu l'a abandonn\u00e9e et, lorsqu'il n'y parvient pas, il s'en prend parfois \u00e0 elle physiquement.<\/p>\n\n\n\n<p class=\"has-black-color has-text-color has-link-color has-small-font-size wp-elements-326b08fa19f99c4128cfd3baa56ed58a\">Son corps s'affaiblit de plus en plus jusqu'\u00e0 ce que, le 11 avril 1903, alors qu'il n'a plus aucune force, il demande un viatique :<\/p>\n\n\n\n<p class=\"has-black-color has-text-color has-link-color has-small-font-size wp-elements-2c25819d1ccbbab6e5d0d54c9d0b5377\">\"Je ne cherche rien, j'ai tout sacrifi\u00e9 \u00e0 Dieu, je suis pr\u00eat \u00e0 mourir. Il ne me reste plus rien, J\u00e9sus. Je te confie ma pauvre \u00e2me... J\u00e9sus !<\/p>\n\n\n\n<p class=\"has-black-color has-text-color has-link-color has-small-font-size wp-elements-82b7b2ecec69b222f9d73ceacbec6a33\">Gemma a souri et a tourn\u00e9 la t\u00eate sur le c\u00f4t\u00e9, poussant son dernier soupir. Elle avait 25 ans.<\/p>\n<\/div><\/div>\n\n\n\n<div class=\"wp-block-uagb-container uagb-block-468a8b50 alignfull uagb-is-root-container\"><div class=\"uagb-container-inner-blocks-wrap\"><\/div><\/div>\n\n\n\n<div class=\"wp-block-uagb-container uagb-block-a41a1d33 alignfull uagb-is-root-container\"><div class=\"uagb-container-inner-blocks-wrap\">\n<figure class=\"wp-block-image alignleft size-full is-resized is-style-default\"><img decoding=\"async\" width=\"785\" height=\"545\" src=\"https:\/\/nuevo-renacer.com\/wp-content\/uploads\/2025\/05\/30571255_1587593651288001_2779042740447477760_n-2.jpg\" alt=\"\" class=\"wp-image-8214\" style=\"width:290px;height:auto\" srcset=\"https:\/\/nuevo-renacer.com\/wp-content\/uploads\/2025\/05\/30571255_1587593651288001_2779042740447477760_n-2.jpg 785w, https:\/\/nuevo-renacer.com\/wp-content\/uploads\/2025\/05\/30571255_1587593651288001_2779042740447477760_n-2-300x208.jpg 300w, https:\/\/nuevo-renacer.com\/wp-content\/uploads\/2025\/05\/30571255_1587593651288001_2779042740447477760_n-2-768x533.jpg 768w, https:\/\/nuevo-renacer.com\/wp-content\/uploads\/2025\/05\/30571255_1587593651288001_2779042740447477760_n-2-18x12.jpg 18w\" sizes=\"(max-width: 785px) 100vw, 785px\" \/><figcaption class=\"wp-element-caption\">Le moment de sa mort.<\/figcaption><\/figure>\n<\/div><\/div>\n\n\n\n<div class=\"wp-block-uagb-container uagb-block-b138e672 alignfull uagb-is-root-container\"><div class=\"uagb-container-inner-blocks-wrap\"><\/div><\/div>\n\n\n\n<div class=\"wp-block-uagb-container uagb-block-fcb42624 alignfull uagb-is-root-container\"><div class=\"uagb-container-inner-blocks-wrap\"><\/div><\/div>","protected":false},"excerpt":{"rendered":"<p>Gemma Galgani Santa Gemma Galgani (1878-1903) naci\u00f3 en Lucca, un pueblo italiano, y desde muy peque\u00f1a mostr\u00f3 un gran deseo de oraci\u00f3n gracias a su madre. Su madre muri\u00f3 muy pronto de tuberculosis y el padre de Gemma la dej\u00f3 al cuidado del internado de las Hermanas de Santa Zita. Despu\u00e9s de mucho insistir, recibi\u00f3 [&hellip;]<\/p>","protected":false},"author":1,"featured_media":0,"parent":0,"menu_order":0,"comment_status":"closed","ping_status":"closed","template":"","meta":{"_uag_custom_page_level_css":"","site-sidebar-layout":"default","site-content-layout":"","ast-site-content-layout":"default","site-content-style":"default","site-sidebar-style":"default","ast-global-header-display":"","ast-banner-title-visibility":"","ast-main-header-display":"","ast-hfb-above-header-display":"","ast-hfb-below-header-display":"","ast-hfb-mobile-header-display":"","site-post-title":"disabled","ast-breadcrumbs-content":"","ast-featured-img":"","footer-sml-layout":"","theme-transparent-header-meta":"","adv-header-id-meta":"","stick-header-meta":"","header-above-stick-meta":"","header-main-stick-meta":"","header-below-stick-meta":"","astra-migrate-meta-layouts":"set","ast-page-background-enabled":"default","ast-page-background-meta":{"desktop":{"background-color":"var(--ast-global-color-4)","background-image":"","background-repeat":"repeat","background-position":"center center","background-size":"auto","background-attachment":"scroll","background-type":"","background-media":"","overlay-type":"","overlay-color":"","overlay-opacity":"","overlay-gradient":""},"tablet":{"background-color":"","background-image":"","background-repeat":"repeat","background-position":"center center","background-size":"auto","background-attachment":"scroll","background-type":"","background-media":"","overlay-type":"","overlay-color":"","overlay-opacity":"","overlay-gradient":""},"mobile":{"background-color":"","background-image":"","background-repeat":"repeat","background-position":"center center","background-size":"auto","background-attachment":"scroll","background-type":"","background-media":"","overlay-type":"","overlay-color":"","overlay-opacity":"","overlay-gradient":""}},"ast-content-background-meta":{"desktop":{"background-color":"var(--ast-global-color-5)","background-image":"","background-repeat":"repeat","background-position":"center center","background-size":"auto","background-attachment":"scroll","background-type":"","background-media":"","overlay-type":"","overlay-color":"","overlay-opacity":"","overlay-gradient":""},"tablet":{"background-color":"var(--ast-global-color-5)","background-image":"","background-repeat":"repeat","background-position":"center center","background-size":"auto","background-attachment":"scroll","background-type":"","background-media":"","overlay-type":"","overlay-color":"","overlay-opacity":"","overlay-gradient":""},"mobile":{"background-color":"var(--ast-global-color-5)","background-image":"","background-repeat":"repeat","background-position":"center center","background-size":"auto","background-attachment":"scroll","background-type":"","background-media":"","overlay-type":"","overlay-color":"","overlay-opacity":"","overlay-gradient":""}},"footnotes":""},"class_list":["post-8207","page","type-page","status-publish","hentry"],"yoast_head":"<!-- This site is optimized with the Yoast SEO Premium plugin v24.2 (Yoast SEO v24.6) - https:\/\/yoast.com\/wordpress\/plugins\/seo\/ -->\n<title>Gemma Galgani - Uni\u00f3n Esp\u00edrita<\/title>\n<meta name=\"description\" content=\"Descubre la vida de Santa Gemma Galgani, la m\u00edstica italiana del siglo XIX conocida por sus visiones, estigmas y profunda devoci\u00f3n a Cristo.\" \/>\n<meta name=\"robots\" content=\"index, follow, max-snippet:-1, max-image-preview:large, max-video-preview:-1\" \/>\n<link rel=\"canonical\" href=\"https:\/\/nuevo-renacer.com\/fr\/gemma-galgani\/\" \/>\n<meta property=\"og:locale\" content=\"fr_FR\" \/>\n<meta property=\"og:type\" content=\"article\" \/>\n<meta property=\"og:title\" content=\"Gemma Galgani\" \/>\n<meta property=\"og:description\" content=\"Descubre la vida de Santa Gemma Galgani, la m\u00edstica italiana del siglo XIX conocida por sus visiones, estigmas y profunda devoci\u00f3n a Cristo.\" \/>\n<meta property=\"og:url\" content=\"https:\/\/nuevo-renacer.com\/fr\/gemma-galgani\/\" \/>\n<meta property=\"og:site_name\" content=\"Uni\u00f3n Esp\u00edrita\" \/>\n<meta property=\"article:publisher\" content=\"https:\/\/www.facebook.com\/groups\/3431398063740829\" \/>\n<meta property=\"article:modified_time\" content=\"2025-05-28T09:48:27+00:00\" \/>\n<meta property=\"og:image\" content=\"https:\/\/nuevo-renacer.com\/wp-content\/uploads\/2025\/05\/Screenshot-605.png\" \/>\n\t<meta property=\"og:image:width\" content=\"379\" \/>\n\t<meta property=\"og:image:height\" content=\"502\" \/>\n\t<meta property=\"og:image:type\" content=\"image\/png\" \/>\n<meta name=\"twitter:card\" content=\"summary_large_image\" \/>\n<meta name=\"twitter:label1\" content=\"Dur\u00e9e de lecture estim\u00e9e\" \/>\n\t<meta name=\"twitter:data1\" content=\"4 minutes\" \/>\n<script type=\"application\/ld+json\" class=\"yoast-schema-graph\">{\"@context\":\"https:\/\/schema.org\",\"@graph\":[{\"@type\":\"WebPage\",\"@id\":\"https:\/\/nuevo-renacer.com\/gemma-galgani\/\",\"url\":\"https:\/\/nuevo-renacer.com\/gemma-galgani\/\",\"name\":\"Gemma Galgani - Uni\u00f3n Esp\u00edrita\",\"isPartOf\":{\"@id\":\"https:\/\/nuevo-renacer.com\/#website\"},\"primaryImageOfPage\":{\"@id\":\"https:\/\/nuevo-renacer.com\/gemma-galgani\/#primaryimage\"},\"image\":{\"@id\":\"https:\/\/nuevo-renacer.com\/gemma-galgani\/#primaryimage\"},\"thumbnailUrl\":\"https:\/\/nuevo-renacer.com\/wp-content\/uploads\/2025\/05\/Screenshot-605.png\",\"datePublished\":\"2025-05-28T09:11:18+00:00\",\"dateModified\":\"2025-05-28T09:48:27+00:00\",\"description\":\"Descubre la vida de Santa Gemma Galgani, la m\u00edstica italiana del siglo XIX conocida por sus visiones, estigmas y profunda devoci\u00f3n a Cristo.\",\"breadcrumb\":{\"@id\":\"https:\/\/nuevo-renacer.com\/gemma-galgani\/#breadcrumb\"},\"inLanguage\":\"fr-FR\",\"potentialAction\":[{\"@type\":\"ReadAction\",\"target\":[\"https:\/\/nuevo-renacer.com\/gemma-galgani\/\"]}]},{\"@type\":\"ImageObject\",\"inLanguage\":\"fr-FR\",\"@id\":\"https:\/\/nuevo-renacer.com\/gemma-galgani\/#primaryimage\",\"url\":\"https:\/\/nuevo-renacer.com\/wp-content\/uploads\/2025\/05\/Screenshot-605.png\",\"contentUrl\":\"https:\/\/nuevo-renacer.com\/wp-content\/uploads\/2025\/05\/Screenshot-605.png\"},{\"@type\":\"BreadcrumbList\",\"@id\":\"https:\/\/nuevo-renacer.com\/gemma-galgani\/#breadcrumb\",\"itemListElement\":[{\"@type\":\"ListItem\",\"position\":1,\"name\":\"Startseite\",\"item\":\"https:\/\/nuevo-renacer.com\/\"},{\"@type\":\"ListItem\",\"position\":2,\"name\":\"Gemma Galgani\"}]},{\"@type\":\"WebSite\",\"@id\":\"https:\/\/nuevo-renacer.com\/#website\",\"url\":\"https:\/\/nuevo-renacer.com\/\",\"name\":\"Uni\u00f3n Esp\u00edrita\",\"description\":\"Nuevo Renacer\",\"publisher\":{\"@id\":\"https:\/\/nuevo-renacer.com\/#organization\"},\"potentialAction\":[{\"@type\":\"SearchAction\",\"target\":{\"@type\":\"EntryPoint\",\"urlTemplate\":\"https:\/\/nuevo-renacer.com\/?s={search_term_string}\"},\"query-input\":{\"@type\":\"PropertyValueSpecification\",\"valueRequired\":true,\"valueName\":\"search_term_string\"}}],\"inLanguage\":\"fr-FR\"},{\"@type\":\"Organization\",\"@id\":\"https:\/\/nuevo-renacer.com\/#organization\",\"name\":\"UFEC\",\"url\":\"https:\/\/nuevo-renacer.com\/\",\"logo\":{\"@type\":\"ImageObject\",\"inLanguage\":\"fr-FR\",\"@id\":\"https:\/\/nuevo-renacer.com\/#\/schema\/logo\/image\/\",\"url\":\"https:\/\/nuevo-renacer.com\/wp-content\/uploads\/2024\/05\/cropped-LOGO-TERMINADO1-3-3.png\",\"contentUrl\":\"https:\/\/nuevo-renacer.com\/wp-content\/uploads\/2024\/05\/cropped-LOGO-TERMINADO1-3-3.png\",\"width\":512,\"height\":512,\"caption\":\"UFEC\"},\"image\":{\"@id\":\"https:\/\/nuevo-renacer.com\/#\/schema\/logo\/image\/\"},\"sameAs\":[\"https:\/\/www.facebook.com\/groups\/3431398063740829\"]}]}<\/script>\n<!-- \/ Yoast SEO Premium plugin. -->","yoast_head_json":{"title":"Gemma Galgani - Uni\u00f3n Esp\u00edrita","description":"Descubre la vida de Santa Gemma Galgani, la m\u00edstica italiana del siglo XIX conocida por sus visiones, estigmas y profunda devoci\u00f3n a Cristo.","robots":{"index":"index","follow":"follow","max-snippet":"max-snippet:-1","max-image-preview":"max-image-preview:large","max-video-preview":"max-video-preview:-1"},"canonical":"https:\/\/nuevo-renacer.com\/fr\/gemma-galgani\/","og_locale":"fr_FR","og_type":"article","og_title":"Gemma Galgani","og_description":"Descubre la vida de Santa Gemma Galgani, la m\u00edstica italiana del siglo XIX conocida por sus visiones, estigmas y profunda devoci\u00f3n a Cristo.","og_url":"https:\/\/nuevo-renacer.com\/fr\/gemma-galgani\/","og_site_name":"Uni\u00f3n Esp\u00edrita","article_publisher":"https:\/\/www.facebook.com\/groups\/3431398063740829","article_modified_time":"2025-05-28T09:48:27+00:00","og_image":[{"width":379,"height":502,"url":"https:\/\/nuevo-renacer.com\/wp-content\/uploads\/2025\/05\/Screenshot-605.png","type":"image\/png"}],"twitter_card":"summary_large_image","twitter_misc":{"Dur\u00e9e de lecture estim\u00e9e":"4 minutes"},"schema":{"@context":"https:\/\/schema.org","@graph":[{"@type":"WebPage","@id":"https:\/\/nuevo-renacer.com\/gemma-galgani\/","url":"https:\/\/nuevo-renacer.com\/gemma-galgani\/","name":"Gemma Galgani - Uni\u00f3n Esp\u00edrita","isPartOf":{"@id":"https:\/\/nuevo-renacer.com\/#website"},"primaryImageOfPage":{"@id":"https:\/\/nuevo-renacer.com\/gemma-galgani\/#primaryimage"},"image":{"@id":"https:\/\/nuevo-renacer.com\/gemma-galgani\/#primaryimage"},"thumbnailUrl":"https:\/\/nuevo-renacer.com\/wp-content\/uploads\/2025\/05\/Screenshot-605.png","datePublished":"2025-05-28T09:11:18+00:00","dateModified":"2025-05-28T09:48:27+00:00","description":"Descubre la vida de Santa Gemma Galgani, la m\u00edstica italiana del siglo XIX conocida por sus visiones, estigmas y profunda devoci\u00f3n a Cristo.","breadcrumb":{"@id":"https:\/\/nuevo-renacer.com\/gemma-galgani\/#breadcrumb"},"inLanguage":"fr-FR","potentialAction":[{"@type":"ReadAction","target":["https:\/\/nuevo-renacer.com\/gemma-galgani\/"]}]},{"@type":"ImageObject","inLanguage":"fr-FR","@id":"https:\/\/nuevo-renacer.com\/gemma-galgani\/#primaryimage","url":"https:\/\/nuevo-renacer.com\/wp-content\/uploads\/2025\/05\/Screenshot-605.png","contentUrl":"https:\/\/nuevo-renacer.com\/wp-content\/uploads\/2025\/05\/Screenshot-605.png"},{"@type":"BreadcrumbList","@id":"https:\/\/nuevo-renacer.com\/gemma-galgani\/#breadcrumb","itemListElement":[{"@type":"ListItem","position":1,"name":"Startseite","item":"https:\/\/nuevo-renacer.com\/"},{"@type":"ListItem","position":2,"name":"Gemma Galgani"}]},{"@type":"WebSite","@id":"https:\/\/nuevo-renacer.com\/#website","url":"https:\/\/nuevo-renacer.com\/","name":"Uni\u00f3n Esp\u00edrita","description":"Nuevo Renacer","publisher":{"@id":"https:\/\/nuevo-renacer.com\/#organization"},"potentialAction":[{"@type":"SearchAction","target":{"@type":"EntryPoint","urlTemplate":"https:\/\/nuevo-renacer.com\/?s={search_term_string}"},"query-input":{"@type":"PropertyValueSpecification","valueRequired":true,"valueName":"search_term_string"}}],"inLanguage":"fr-FR"},{"@type":"Organization","@id":"https:\/\/nuevo-renacer.com\/#organization","name":"UFEC","url":"https:\/\/nuevo-renacer.com\/","logo":{"@type":"ImageObject","inLanguage":"fr-FR","@id":"https:\/\/nuevo-renacer.com\/#\/schema\/logo\/image\/","url":"https:\/\/nuevo-renacer.com\/wp-content\/uploads\/2024\/05\/cropped-LOGO-TERMINADO1-3-3.png","contentUrl":"https:\/\/nuevo-renacer.com\/wp-content\/uploads\/2024\/05\/cropped-LOGO-TERMINADO1-3-3.png","width":512,"height":512,"caption":"UFEC"},"image":{"@id":"https:\/\/nuevo-renacer.com\/#\/schema\/logo\/image\/"},"sameAs":["https:\/\/www.facebook.com\/groups\/3431398063740829"]}]}},"uagb_featured_image_src":{"full":false,"thumbnail":false,"medium":false,"medium_large":false,"large":false,"1536x1536":false,"2048x2048":false,"trp-custom-language-flag":false},"uagb_author_info":{"display_name":"adbv0","author_link":"https:\/\/nuevo-renacer.com\/fr\/author\/adbv0\/"},"uagb_comment_info":0,"uagb_excerpt":"Gemma Galgani Santa Gemma Galgani (1878-1903) naci\u00f3 en Lucca, un pueblo italiano, y desde muy peque\u00f1a mostr\u00f3 un gran deseo de oraci\u00f3n gracias a su madre. Su madre muri\u00f3 muy pronto de tuberculosis y el padre de Gemma la dej\u00f3 al cuidado del internado de las Hermanas de Santa Zita. Despu\u00e9s de mucho insistir, recibi\u00f3\u2026","jetpack_sharing_enabled":true,"_links":{"self":[{"href":"https:\/\/nuevo-renacer.com\/fr\/wp-json\/wp\/v2\/pages\/8207","targetHints":{"allow":["GET"]}}],"collection":[{"href":"https:\/\/nuevo-renacer.com\/fr\/wp-json\/wp\/v2\/pages"}],"about":[{"href":"https:\/\/nuevo-renacer.com\/fr\/wp-json\/wp\/v2\/types\/page"}],"author":[{"embeddable":true,"href":"https:\/\/nuevo-renacer.com\/fr\/wp-json\/wp\/v2\/users\/1"}],"replies":[{"embeddable":true,"href":"https:\/\/nuevo-renacer.com\/fr\/wp-json\/wp\/v2\/comments?post=8207"}],"version-history":[{"count":5,"href":"https:\/\/nuevo-renacer.com\/fr\/wp-json\/wp\/v2\/pages\/8207\/revisions"}],"predecessor-version":[{"id":8220,"href":"https:\/\/nuevo-renacer.com\/fr\/wp-json\/wp\/v2\/pages\/8207\/revisions\/8220"}],"wp:attachment":[{"href":"https:\/\/nuevo-renacer.com\/fr\/wp-json\/wp\/v2\/media?parent=8207"}],"curies":[{"name":"wp","href":"https:\/\/api.w.org\/{rel}","templated":true}]}}