{"id":8202,"date":"2025-05-27T08:16:11","date_gmt":"2025-05-27T08:16:11","guid":{"rendered":"https:\/\/nuevo-renacer.com\/?page_id=8202"},"modified":"2025-05-27T09:00:59","modified_gmt":"2025-05-27T09:00:59","slug":"platon","status":"publish","type":"page","link":"https:\/\/nuevo-renacer.com\/fr\/platon\/","title":{"rendered":"Platon"},"content":{"rendered":"<p class=\"has-text-align-left has-black-color has-text-color has-link-color has-medium-font-size wp-elements-45a515142106b98507cde77246e5d3af\"><strong>Platon<\/strong><\/p>\n\n\n\n<div class=\"wp-block-uagb-container uagb-block-326258c7 alignfull uagb-is-root-container\"><div class=\"uagb-container-inner-blocks-wrap\">\n<figure class=\"wp-block-image alignleft size-large is-resized\"><img fetchpriority=\"high\" decoding=\"async\" width=\"653\" height=\"1024\" src=\"https:\/\/nuevo-renacer.com\/wp-content\/uploads\/2025\/05\/English_School_-_Portrait_of_Plato_Athenian_philosopher_-_Plato_-_-_From_series_Leaders_of_Men_-_-_MeisterDrucke-1061278-653x1024.jpg\" alt=\"\" class=\"wp-image-8203\" style=\"width:219px;height:auto\" srcset=\"https:\/\/nuevo-renacer.com\/wp-content\/uploads\/2025\/05\/English_School_-_Portrait_of_Plato_Athenian_philosopher_-_Plato_-_-_From_series_Leaders_of_Men_-_-_MeisterDrucke-1061278-653x1024.jpg 653w, https:\/\/nuevo-renacer.com\/wp-content\/uploads\/2025\/05\/English_School_-_Portrait_of_Plato_Athenian_philosopher_-_Plato_-_-_From_series_Leaders_of_Men_-_-_MeisterDrucke-1061278-191x300.jpg 191w, https:\/\/nuevo-renacer.com\/wp-content\/uploads\/2025\/05\/English_School_-_Portrait_of_Plato_Athenian_philosopher_-_Plato_-_-_From_series_Leaders_of_Men_-_-_MeisterDrucke-1061278-8x12.jpg 8w, https:\/\/nuevo-renacer.com\/wp-content\/uploads\/2025\/05\/English_School_-_Portrait_of_Plato_Athenian_philosopher_-_Plato_-_-_From_series_Leaders_of_Men_-_-_MeisterDrucke-1061278.jpg 685w\" sizes=\"(max-width: 653px) 100vw, 653px\" \/><\/figure>\n<\/div><\/div>\n\n\n\n<div class=\"wp-block-uagb-container uagb-block-84bee83b alignfull uagb-is-root-container\"><div class=\"uagb-container-inner-blocks-wrap\">\n<p class=\"has-black-color has-text-color has-link-color has-small-font-size wp-elements-8bc84e774432e668359a0cda572264e0\">L&#039;arbre est connu par ses fruits. Toutes les mesures doivent \u00eatre caract\u00e9ris\u00e9 par ce qu&#039;il produit: il doit \u00eatre appel\u00e9 mal si elle produit le mal, et bon quand il produit le bien. Ces mots peuvent sembler les paroles du Seigneur J\u00e9sus \u00e0 tous ceux qui ont lu l&#039;\u00c9vangile.<\/p>\n\n\n\n<p class=\"has-black-color has-text-color has-link-color has-small-font-size wp-elements-8dfe61cf8892fd291cb615317d47de4a\">Cependant, ils ont \u00e9t\u00e9 \u00e9crits et donn\u00e9 au monde si\u00e8cles avant J\u00e9sus par Platon, philosophe grec, disciple de Socrate. Il est n\u00e9 en l&#039;an 428 ou 427.C., dans la ville d&#039;Ath\u00e8nes, en Gr\u00e8ce. Appartenant \u00e0 la haute aristocratie, \u00e0 20 ans, il rencontre et se lie d&#039;amiti\u00e9 avec le philosophe Socrate, qui l&#039;a accompagn\u00e9 jusqu&#039;\u00e0 ses derniers jours, et dont il a \u00e9crit ses enseignements, qui ont atteint de nos jours.<\/p>\n\n\n\n<p class=\"has-black-color has-text-color has-link-color has-small-font-size wp-elements-cc535b903a4ed5ae5d08f1b02e923ae8\">Il voyagea en \u00c9gypte et au sud de l&#039;Italie. En Sicile, il a assist\u00e9 \u00e0 la cour d&#039;un tyran de Syracuse appel\u00e9 Dionysos. D\u00e9sireux d&#039;influence sur la politique de la ville, a fini par \u00eatre incompatible avec Dionysos, qui lui a caus\u00e9 \u00e0 vendre comme esclaves sur l&#039;\u00eele d&#039;Egine, qui \u00e9tait en guerre avec Ath\u00e8nes. Secouru, il revient dans sa ville natale o\u00f9, \u00e0 l&#039;\u00e2ge de quarante ans, il a fond\u00e9 l&#039;Acad\u00e9mie, o\u00f9 il a enseign\u00e9 jusqu&#039;\u00e0 la fin de ses jours sur la terre.<\/p>\n\n\n\n<p class=\"has-black-color has-text-color has-link-color has-small-font-size wp-elements-bf1d8e750822ab4c107ef3fb5cf4d925\">Il est facile de comprendre pourquoi lui et Socrate sont consid\u00e9r\u00e9s comme des pr\u00e9curseurs de l&#039;id\u00e9e chr\u00e9tienne, et de Spiritisme, avec seulement de lire certains de ses \u00e9crits. Les \u0153uvres de Kardec-L&#039;Evangile selon le Spiritisme pr\u00e9sente quelques passages qui se rapportent \u00e0 la conception de ces deux philosophes grecs au sujet de l&#039;\u00e2me, de ses progr\u00e8s, de la r\u00e9incarnation, l&#039;esprit du monde et de ses habitants, ainsi que les vertus les plus exalt\u00e9s, \u00e9tablissant un parall\u00e8le entre ces id\u00e9es, celles du Christ et, par cons\u00e9quent, les principes fondamentaux du Spiritisme.<\/p>\n\n\n\n<p class=\"has-black-color has-text-color has-link-color has-small-font-size wp-elements-10f4139bbfb3b394a0d5871f61723b46\">Consid\u00e9r\u00e9 comme l&#039;un des philosophes les plus influents de tous les temps, que sa pens\u00e9e a domin\u00e9 la philosophie chr\u00e9tienne antique et les \u00e9crits m\u00e9di\u00e9vaux nous l\u00e9gua la pens\u00e9e socratique, ainsi que les comptes de d\u00e9placement de ces derniers jours de son professeur. Il fut aussi le cr\u00e9ateur du dialogue philosophique, une sorte de drame d&#039;id\u00e9es.<\/p>\n\n\n\n<p class=\"has-black-color has-text-color has-link-color has-small-font-size wp-elements-109ed00e46e4368cfbfb3cc3d1e334cf\">Son travail Le Banquet est consid\u00e9r\u00e9 comme l&#039;un des plus grands de la litt\u00e9rature ancienne. En tant que po\u00e8te, son style est le point le plus \u00e9lev\u00e9 de la prose grecque, et il montre dans ses po\u00e8mes en prose sur le mythe de la caverne, l&#039;Atlantide, et Eros.<\/p>\n\n\n\n<p class=\"has-black-color has-text-color has-link-color has-small-font-size wp-elements-efa0010937f72bcc59575a88708ba527\">A \u00e9crit: l&#039;amour est partout dans la Nature, qui nous invite \u00e0 exercer notre intelligence; de m\u00eame, le mouvement des \u00e9toiles, nous l&#039;avons trouv\u00e9. C&#039;est l&#039;amour qui orne la nature, avec ses riches tapis; elle orne lui-m\u00eame et est install\u00e9 o\u00f9 il y a des fleurs et des parfums. C&#039;est aussi l&#039;amour qui donne la paix aux hommes, le calme de la mer, le silence, le vent et le r\u00eave de la douleur.<\/p>\n\n\n\n<p class=\"has-black-color has-text-color has-link-color has-small-font-size wp-elements-481789b8fc386461f1cb4a636f3d3fc1\">Les \u0153uvres de Platon trait\u00e9s, le mensonge, la nature de l&#039;homme, la pi\u00e9t\u00e9, le devoir, la beaut\u00e9, la sagesse, la justice, le courage, l&#039;amiti\u00e9, et de la vertu. Dans le livre VII de La R\u00e9publique, pr\u00e9sente le c\u00e9l\u00e8bre mythe de la caverne: encha\u00een\u00e9s \u00e0 l&#039;int\u00e9rieur d&#039;une prison souterraine et de revenir \u00e0 l&#039;entr\u00e9e par la p\u00e9n\u00e9tration de la lumi\u00e8re, l\u00e0, ils sont pris au pi\u00e8ge ne peut voir les ombres projet\u00e9es par les hommes, les animaux et tout ce qui est en dehors de la caverne.<\/p>\n\n\n\n<p class=\"has-black-color has-text-color has-link-color has-small-font-size wp-elements-3c34e7078c2865e225352a6745ad7166\">Un homme qui se lib\u00e8re est \u00e9bloui par la lumi\u00e8re du soleil \u00e0 l&#039;ext\u00e9rieur, et il d\u00e9couvre que tout ce que j&#039;avais vu jusqu&#039;alors, c&#039;\u00e9tait irr\u00e9el. Il y a le monde r\u00e9el. Toutefois, si vous retournez \u00e0 l&#039;int\u00e9rieur et que vous souhaitez transmettre ce qu&#039;il a vu d&#039;autres, qui sont encore prisonniers, il sent qu&#039;il court le risque d&#039;\u00eatre maltrait\u00e9 et m\u00eame assassin\u00e9s. C&#039;est exactement, selon Platon, la mission du philosophe.<\/p>\n\n\n\n<p class=\"has-black-color has-text-color has-link-color has-small-font-size wp-elements-d4e8bdc31f30341090e0ecca3fda28a7\">D\u00e9sincarn\u00e9es, plein de clart\u00e9 et de force cr\u00e9atrice, \u00e0 l&#039;\u00e2ge de 80 ans, de la Spiritualit\u00e9, de rejoindre de nombreux autres Esprits calibre intellectuel et moral, Platon continue sa mission, de r\u00e9v\u00e9ler les nuances du monde spirituel, le monde de la lumi\u00e8re aveuglante du soleil, le monde r\u00e9el, vrai.<\/p>\n\n\n\n<p class=\"has-black-color has-text-color has-link-color has-small-font-size wp-elements-bd954d6f32460776e6d66c7c8cb534f2\">Son nom est mentionn\u00e9 dans l&#039;introduction du Livre des Esprits; la signature de l&#039;un des passages de la r\u00e9ponse \u00e0 la question 1009 de la m\u00eame \u0153uvre, o\u00f9, parlant de l&#039;absence de sanctions \u00e9ternelle, n&#039;oubliez pas les exhortations de Socrate, quand, en son temps, il a pr\u00e9sent\u00e9 l&#039;\u00e2me de la migration par le biais de multiples existences, suivie par une p\u00e9riode plus ou moins longue de erraticidad.<\/p>\n\n\n\n<p class=\"has-black-color has-text-color has-link-color has-small-font-size wp-elements-f195865efe958bf4b52c100921283001\">Et il conclut: l&#039;Humanit\u00e9, pas hundas vos yeux tristes dans les profondeurs de la terre, \u00e0 la recherche il y a punition. Pleurer, en attendant, r\u00e9pare et de se r\u00e9fugier dans l&#039;id\u00e9e d&#039;un Dieu est en soi bonne, tout \u00e0 fait puissant et essentiellement juste.<\/p>\n<\/div><\/div>\n\n\n\n<div class=\"wp-block-uagb-container uagb-block-3d936a81 alignfull uagb-is-root-container\"><div class=\"uagb-container-inner-blocks-wrap\"><\/div><\/div>\n\n\n\n<div class=\"wp-block-uagb-container uagb-block-2f4782a0 alignfull uagb-is-root-container\"><div class=\"uagb-container-inner-blocks-wrap\"><\/div><\/div>","protected":false},"excerpt":{"rendered":"<p>Plat\u00f3n El \u00e1rbol se conoce por sus frutos. Toda acci\u00f3n debe caracterizarse por lo que produce: debe llamarse mala cuando produce el mal, y buena cuando produce el bien. Estas palabras pueden sonar a palabras del Se\u00f1or Jes\u00fas a cualquiera que haya le\u00eddo el Evangelio. Sin embargo, fueron escritas y dadas al mundo siglos antes [&hellip;]<\/p>","protected":false},"author":1,"featured_media":0,"parent":0,"menu_order":0,"comment_status":"closed","ping_status":"closed","template":"","meta":{"_uag_custom_page_level_css":"","site-sidebar-layout":"default","site-content-layout":"","ast-site-content-layout":"default","site-content-style":"default","site-sidebar-style":"default","ast-global-header-display":"","ast-banner-title-visibility":"","ast-main-header-display":"","ast-hfb-above-header-display":"","ast-hfb-below-header-display":"","ast-hfb-mobile-header-display":"","site-post-title":"disabled","ast-breadcrumbs-content":"","ast-featured-img":"","footer-sml-layout":"","theme-transparent-header-meta":"","adv-header-id-meta":"","stick-header-meta":"","header-above-stick-meta":"","header-main-stick-meta":"","header-below-stick-meta":"","astra-migrate-meta-layouts":"set","ast-page-background-enabled":"default","ast-page-background-meta":{"desktop":{"background-color":"var(--ast-global-color-4)","background-image":"","background-repeat":"repeat","background-position":"center center","background-size":"auto","background-attachment":"scroll","background-type":"","background-media":"","overlay-type":"","overlay-color":"","overlay-opacity":"","overlay-gradient":""},"tablet":{"background-color":"","background-image":"","background-repeat":"repeat","background-position":"center center","background-size":"auto","background-attachment":"scroll","background-type":"","background-media":"","overlay-type":"","overlay-color":"","overlay-opacity":"","overlay-gradient":""},"mobile":{"background-color":"","background-image":"","background-repeat":"repeat","background-position":"center center","background-size":"auto","background-attachment":"scroll","background-type":"","background-media":"","overlay-type":"","overlay-color":"","overlay-opacity":"","overlay-gradient":""}},"ast-content-background-meta":{"desktop":{"background-color":"var(--ast-global-color-5)","background-image":"","background-repeat":"repeat","background-position":"center center","background-size":"auto","background-attachment":"scroll","background-type":"","background-media":"","overlay-type":"","overlay-color":"","overlay-opacity":"","overlay-gradient":""},"tablet":{"background-color":"var(--ast-global-color-5)","background-image":"","background-repeat":"repeat","background-position":"center center","background-size":"auto","background-attachment":"scroll","background-type":"","background-media":"","overlay-type":"","overlay-color":"","overlay-opacity":"","overlay-gradient":""},"mobile":{"background-color":"var(--ast-global-color-5)","background-image":"","background-repeat":"repeat","background-position":"center center","background-size":"auto","background-attachment":"scroll","background-type":"","background-media":"","overlay-type":"","overlay-color":"","overlay-opacity":"","overlay-gradient":""}},"footnotes":""},"class_list":["post-8202","page","type-page","status-publish","hentry"],"yoast_head":"<!-- This site is optimized with the Yoast SEO Premium plugin v24.2 (Yoast SEO v24.6) - https:\/\/yoast.com\/wordpress\/plugins\/seo\/ -->\n<title>Plat\u00f3n - Uni\u00f3n Esp\u00edrita<\/title>\n<meta name=\"description\" content=\"Explora el pensamiento de Plat\u00f3n desde la visi\u00f3n esp\u00edrita: su creencia en la inmortalidad del alma, la reencarnaci\u00f3n.\" \/>\n<meta name=\"robots\" content=\"index, follow, max-snippet:-1, max-image-preview:large, max-video-preview:-1\" \/>\n<link rel=\"canonical\" href=\"https:\/\/nuevo-renacer.com\/fr\/platon\/\" \/>\n<meta property=\"og:locale\" content=\"fr_FR\" \/>\n<meta property=\"og:type\" content=\"article\" \/>\n<meta property=\"og:title\" content=\"Plat\u00f3n\" \/>\n<meta property=\"og:description\" content=\"Explora el pensamiento de Plat\u00f3n desde la visi\u00f3n esp\u00edrita: su creencia en la inmortalidad del alma, la reencarnaci\u00f3n.\" \/>\n<meta property=\"og:url\" content=\"https:\/\/nuevo-renacer.com\/fr\/platon\/\" \/>\n<meta property=\"og:site_name\" content=\"Uni\u00f3n Esp\u00edrita\" \/>\n<meta property=\"article:publisher\" content=\"https:\/\/www.facebook.com\/groups\/3431398063740829\" \/>\n<meta property=\"article:modified_time\" content=\"2025-05-27T09:00:59+00:00\" \/>\n<meta property=\"og:image\" content=\"https:\/\/nuevo-renacer.com\/wp-content\/uploads\/2025\/05\/English_School_-_Portrait_of_Plato_Athenian_philosopher_-_Plato_-_-_From_series_Leaders_of_Men_-_-_MeisterDrucke-1061278.jpg\" \/>\n\t<meta property=\"og:image:width\" content=\"685\" \/>\n\t<meta property=\"og:image:height\" content=\"1074\" \/>\n\t<meta property=\"og:image:type\" content=\"image\/jpeg\" \/>\n<meta name=\"twitter:card\" content=\"summary_large_image\" \/>\n<meta name=\"twitter:label1\" content=\"Dur\u00e9e de lecture estim\u00e9e\" \/>\n\t<meta name=\"twitter:data1\" content=\"5 minutes\" \/>\n<script type=\"application\/ld+json\" class=\"yoast-schema-graph\">{\"@context\":\"https:\/\/schema.org\",\"@graph\":[{\"@type\":\"WebPage\",\"@id\":\"https:\/\/nuevo-renacer.com\/platon\/\",\"url\":\"https:\/\/nuevo-renacer.com\/platon\/\",\"name\":\"Plat\u00f3n - Uni\u00f3n Esp\u00edrita\",\"isPartOf\":{\"@id\":\"https:\/\/nuevo-renacer.com\/#website\"},\"primaryImageOfPage\":{\"@id\":\"https:\/\/nuevo-renacer.com\/platon\/#primaryimage\"},\"image\":{\"@id\":\"https:\/\/nuevo-renacer.com\/platon\/#primaryimage\"},\"thumbnailUrl\":\"https:\/\/nuevo-renacer.com\/wp-content\/uploads\/2025\/05\/English_School_-_Portrait_of_Plato_Athenian_philosopher_-_Plato_-_-_From_series_Leaders_of_Men_-_-_MeisterDrucke-1061278-653x1024.jpg\",\"datePublished\":\"2025-05-27T08:16:11+00:00\",\"dateModified\":\"2025-05-27T09:00:59+00:00\",\"description\":\"Explora el pensamiento de Plat\u00f3n desde la visi\u00f3n esp\u00edrita: su creencia en la inmortalidad del alma, la reencarnaci\u00f3n.\",\"breadcrumb\":{\"@id\":\"https:\/\/nuevo-renacer.com\/platon\/#breadcrumb\"},\"inLanguage\":\"fr-FR\",\"potentialAction\":[{\"@type\":\"ReadAction\",\"target\":[\"https:\/\/nuevo-renacer.com\/platon\/\"]}]},{\"@type\":\"ImageObject\",\"inLanguage\":\"fr-FR\",\"@id\":\"https:\/\/nuevo-renacer.com\/platon\/#primaryimage\",\"url\":\"https:\/\/nuevo-renacer.com\/wp-content\/uploads\/2025\/05\/English_School_-_Portrait_of_Plato_Athenian_philosopher_-_Plato_-_-_From_series_Leaders_of_Men_-_-_MeisterDrucke-1061278-653x1024.jpg\",\"contentUrl\":\"https:\/\/nuevo-renacer.com\/wp-content\/uploads\/2025\/05\/English_School_-_Portrait_of_Plato_Athenian_philosopher_-_Plato_-_-_From_series_Leaders_of_Men_-_-_MeisterDrucke-1061278-653x1024.jpg\"},{\"@type\":\"BreadcrumbList\",\"@id\":\"https:\/\/nuevo-renacer.com\/platon\/#breadcrumb\",\"itemListElement\":[{\"@type\":\"ListItem\",\"position\":1,\"name\":\"Startseite\",\"item\":\"https:\/\/nuevo-renacer.com\/\"},{\"@type\":\"ListItem\",\"position\":2,\"name\":\"Plat\u00f3n\"}]},{\"@type\":\"WebSite\",\"@id\":\"https:\/\/nuevo-renacer.com\/#website\",\"url\":\"https:\/\/nuevo-renacer.com\/\",\"name\":\"Uni\u00f3n Esp\u00edrita\",\"description\":\"Nuevo Renacer\",\"publisher\":{\"@id\":\"https:\/\/nuevo-renacer.com\/#organization\"},\"potentialAction\":[{\"@type\":\"SearchAction\",\"target\":{\"@type\":\"EntryPoint\",\"urlTemplate\":\"https:\/\/nuevo-renacer.com\/?s={search_term_string}\"},\"query-input\":{\"@type\":\"PropertyValueSpecification\",\"valueRequired\":true,\"valueName\":\"search_term_string\"}}],\"inLanguage\":\"fr-FR\"},{\"@type\":\"Organization\",\"@id\":\"https:\/\/nuevo-renacer.com\/#organization\",\"name\":\"UFEC\",\"url\":\"https:\/\/nuevo-renacer.com\/\",\"logo\":{\"@type\":\"ImageObject\",\"inLanguage\":\"fr-FR\",\"@id\":\"https:\/\/nuevo-renacer.com\/#\/schema\/logo\/image\/\",\"url\":\"https:\/\/nuevo-renacer.com\/wp-content\/uploads\/2024\/05\/cropped-LOGO-TERMINADO1-3-3.png\",\"contentUrl\":\"https:\/\/nuevo-renacer.com\/wp-content\/uploads\/2024\/05\/cropped-LOGO-TERMINADO1-3-3.png\",\"width\":512,\"height\":512,\"caption\":\"UFEC\"},\"image\":{\"@id\":\"https:\/\/nuevo-renacer.com\/#\/schema\/logo\/image\/\"},\"sameAs\":[\"https:\/\/www.facebook.com\/groups\/3431398063740829\"]}]}<\/script>\n<!-- \/ Yoast SEO Premium plugin. -->","yoast_head_json":{"title":"Plat\u00f3n - Uni\u00f3n Esp\u00edrita","description":"Explora el pensamiento de Plat\u00f3n desde la visi\u00f3n esp\u00edrita: su creencia en la inmortalidad del alma, la reencarnaci\u00f3n.","robots":{"index":"index","follow":"follow","max-snippet":"max-snippet:-1","max-image-preview":"max-image-preview:large","max-video-preview":"max-video-preview:-1"},"canonical":"https:\/\/nuevo-renacer.com\/fr\/platon\/","og_locale":"fr_FR","og_type":"article","og_title":"Plat\u00f3n","og_description":"Explora el pensamiento de Plat\u00f3n desde la visi\u00f3n esp\u00edrita: su creencia en la inmortalidad del alma, la reencarnaci\u00f3n.","og_url":"https:\/\/nuevo-renacer.com\/fr\/platon\/","og_site_name":"Uni\u00f3n Esp\u00edrita","article_publisher":"https:\/\/www.facebook.com\/groups\/3431398063740829","article_modified_time":"2025-05-27T09:00:59+00:00","og_image":[{"width":685,"height":1074,"url":"https:\/\/nuevo-renacer.com\/wp-content\/uploads\/2025\/05\/English_School_-_Portrait_of_Plato_Athenian_philosopher_-_Plato_-_-_From_series_Leaders_of_Men_-_-_MeisterDrucke-1061278.jpg","type":"image\/jpeg"}],"twitter_card":"summary_large_image","twitter_misc":{"Dur\u00e9e de lecture estim\u00e9e":"5 minutes"},"schema":{"@context":"https:\/\/schema.org","@graph":[{"@type":"WebPage","@id":"https:\/\/nuevo-renacer.com\/platon\/","url":"https:\/\/nuevo-renacer.com\/platon\/","name":"Plat\u00f3n - Uni\u00f3n Esp\u00edrita","isPartOf":{"@id":"https:\/\/nuevo-renacer.com\/#website"},"primaryImageOfPage":{"@id":"https:\/\/nuevo-renacer.com\/platon\/#primaryimage"},"image":{"@id":"https:\/\/nuevo-renacer.com\/platon\/#primaryimage"},"thumbnailUrl":"https:\/\/nuevo-renacer.com\/wp-content\/uploads\/2025\/05\/English_School_-_Portrait_of_Plato_Athenian_philosopher_-_Plato_-_-_From_series_Leaders_of_Men_-_-_MeisterDrucke-1061278-653x1024.jpg","datePublished":"2025-05-27T08:16:11+00:00","dateModified":"2025-05-27T09:00:59+00:00","description":"Explora el pensamiento de Plat\u00f3n desde la visi\u00f3n esp\u00edrita: su creencia en la inmortalidad del alma, la reencarnaci\u00f3n.","breadcrumb":{"@id":"https:\/\/nuevo-renacer.com\/platon\/#breadcrumb"},"inLanguage":"fr-FR","potentialAction":[{"@type":"ReadAction","target":["https:\/\/nuevo-renacer.com\/platon\/"]}]},{"@type":"ImageObject","inLanguage":"fr-FR","@id":"https:\/\/nuevo-renacer.com\/platon\/#primaryimage","url":"https:\/\/nuevo-renacer.com\/wp-content\/uploads\/2025\/05\/English_School_-_Portrait_of_Plato_Athenian_philosopher_-_Plato_-_-_From_series_Leaders_of_Men_-_-_MeisterDrucke-1061278-653x1024.jpg","contentUrl":"https:\/\/nuevo-renacer.com\/wp-content\/uploads\/2025\/05\/English_School_-_Portrait_of_Plato_Athenian_philosopher_-_Plato_-_-_From_series_Leaders_of_Men_-_-_MeisterDrucke-1061278-653x1024.jpg"},{"@type":"BreadcrumbList","@id":"https:\/\/nuevo-renacer.com\/platon\/#breadcrumb","itemListElement":[{"@type":"ListItem","position":1,"name":"Startseite","item":"https:\/\/nuevo-renacer.com\/"},{"@type":"ListItem","position":2,"name":"Plat\u00f3n"}]},{"@type":"WebSite","@id":"https:\/\/nuevo-renacer.com\/#website","url":"https:\/\/nuevo-renacer.com\/","name":"Uni\u00f3n Esp\u00edrita","description":"Nuevo Renacer","publisher":{"@id":"https:\/\/nuevo-renacer.com\/#organization"},"potentialAction":[{"@type":"SearchAction","target":{"@type":"EntryPoint","urlTemplate":"https:\/\/nuevo-renacer.com\/?s={search_term_string}"},"query-input":{"@type":"PropertyValueSpecification","valueRequired":true,"valueName":"search_term_string"}}],"inLanguage":"fr-FR"},{"@type":"Organization","@id":"https:\/\/nuevo-renacer.com\/#organization","name":"UFEC","url":"https:\/\/nuevo-renacer.com\/","logo":{"@type":"ImageObject","inLanguage":"fr-FR","@id":"https:\/\/nuevo-renacer.com\/#\/schema\/logo\/image\/","url":"https:\/\/nuevo-renacer.com\/wp-content\/uploads\/2024\/05\/cropped-LOGO-TERMINADO1-3-3.png","contentUrl":"https:\/\/nuevo-renacer.com\/wp-content\/uploads\/2024\/05\/cropped-LOGO-TERMINADO1-3-3.png","width":512,"height":512,"caption":"UFEC"},"image":{"@id":"https:\/\/nuevo-renacer.com\/#\/schema\/logo\/image\/"},"sameAs":["https:\/\/www.facebook.com\/groups\/3431398063740829"]}]}},"uagb_featured_image_src":{"full":false,"thumbnail":false,"medium":false,"medium_large":false,"large":false,"1536x1536":false,"2048x2048":false,"trp-custom-language-flag":false},"uagb_author_info":{"display_name":"adbv0","author_link":"https:\/\/nuevo-renacer.com\/fr\/author\/adbv0\/"},"uagb_comment_info":0,"uagb_excerpt":"Plat\u00f3n El \u00e1rbol se conoce por sus frutos. Toda acci\u00f3n debe caracterizarse por lo que produce: debe llamarse mala cuando produce el mal, y buena cuando produce el bien. Estas palabras pueden sonar a palabras del Se\u00f1or Jes\u00fas a cualquiera que haya le\u00eddo el Evangelio. Sin embargo, fueron escritas y dadas al mundo siglos antes\u2026","jetpack_sharing_enabled":true,"_links":{"self":[{"href":"https:\/\/nuevo-renacer.com\/fr\/wp-json\/wp\/v2\/pages\/8202","targetHints":{"allow":["GET"]}}],"collection":[{"href":"https:\/\/nuevo-renacer.com\/fr\/wp-json\/wp\/v2\/pages"}],"about":[{"href":"https:\/\/nuevo-renacer.com\/fr\/wp-json\/wp\/v2\/types\/page"}],"author":[{"embeddable":true,"href":"https:\/\/nuevo-renacer.com\/fr\/wp-json\/wp\/v2\/users\/1"}],"replies":[{"embeddable":true,"href":"https:\/\/nuevo-renacer.com\/fr\/wp-json\/wp\/v2\/comments?post=8202"}],"version-history":[{"count":2,"href":"https:\/\/nuevo-renacer.com\/fr\/wp-json\/wp\/v2\/pages\/8202\/revisions"}],"predecessor-version":[{"id":8205,"href":"https:\/\/nuevo-renacer.com\/fr\/wp-json\/wp\/v2\/pages\/8202\/revisions\/8205"}],"wp:attachment":[{"href":"https:\/\/nuevo-renacer.com\/fr\/wp-json\/wp\/v2\/media?parent=8202"}],"curies":[{"name":"wp","href":"https:\/\/api.w.org\/{rel}","templated":true}]}}