{"id":8113,"date":"2025-05-15T07:49:30","date_gmt":"2025-05-15T07:49:30","guid":{"rendered":"https:\/\/nuevo-renacer.com\/?page_id=8113"},"modified":"2025-05-15T07:49:33","modified_gmt":"2025-05-15T07:49:33","slug":"heinrich-heine","status":"publish","type":"page","link":"https:\/\/nuevo-renacer.com\/fr\/heinrich-heine\/","title":{"rendered":"Heinrich Heine"},"content":{"rendered":"<div class=\"wp-block-uagb-container uagb-block-06273b8d alignfull uagb-is-root-container\"><div class=\"uagb-container-inner-blocks-wrap\">\n<p class=\"has-black-color has-text-color has-link-color has-medium-font-size wp-elements-088f064877dc85df7678228f4484fc10\"><strong>Heinrich Heine<\/strong><\/p>\n<\/div><\/div>\n\n\n\n<div class=\"wp-block-uagb-container uagb-block-7262f6f7 alignfull uagb-is-root-container\"><div class=\"uagb-container-inner-blocks-wrap\">\n<figure class=\"wp-block-image size-large is-resized\"><img fetchpriority=\"high\" decoding=\"async\" width=\"855\" height=\"1024\" src=\"https:\/\/nuevo-renacer.com\/wp-content\/uploads\/2025\/05\/HeinrichHeine-855x1024.jpg\" alt=\"\" class=\"wp-image-8114\" style=\"width:235px;height:auto\" srcset=\"https:\/\/nuevo-renacer.com\/wp-content\/uploads\/2025\/05\/HeinrichHeine-855x1024.jpg 855w, https:\/\/nuevo-renacer.com\/wp-content\/uploads\/2025\/05\/HeinrichHeine-251x300.jpg 251w, https:\/\/nuevo-renacer.com\/wp-content\/uploads\/2025\/05\/HeinrichHeine-768x920.jpg 768w, https:\/\/nuevo-renacer.com\/wp-content\/uploads\/2025\/05\/HeinrichHeine-1283x1536.jpg 1283w, https:\/\/nuevo-renacer.com\/wp-content\/uploads\/2025\/05\/HeinrichHeine-10x12.jpg 10w, https:\/\/nuevo-renacer.com\/wp-content\/uploads\/2025\/05\/HeinrichHeine.jpg 1336w\" sizes=\"(max-width: 855px) 100vw, 855px\" \/><\/figure>\n<\/div><\/div>\n\n\n\n<div class=\"wp-block-uagb-container uagb-block-9cacc3eb alignfull uagb-is-root-container\"><div class=\"uagb-container-inner-blocks-wrap\">\n<p class=\"has-black-color has-text-color has-link-color has-small-font-size wp-elements-ada37ca292d8e0ad4eb840a451b56f7c\">Heinrich Heine a sign\u00e9 le message inclus dans L'\u00c9vangile selon le Spiritisme, au point 3 du chapitre XX, intitul\u00e9 Les derniers seront les premiers.<\/p>\n\n\n\n<p class=\"has-black-color has-text-color has-link-color has-small-font-size wp-elements-e88b397633d0c2a37200acc76d8c006d\">Il est n\u00e9 \u00e0 D\u00fcsseldorf le 13 d\u00e9cembre 1797 dans une famille juive. Destin\u00e9 au commerce, il est envoy\u00e9 par son p\u00e8re chez un oncle banquier \u00e0 Hambourg. Il s'av\u00e8re rapidement qu'il n'a aucune comp\u00e9tence commerciale et son oncle l'envoie \u00e0 Bonn pour y \u00e9tudier le droit. Mais le jeune Harry, comme on l'appelle alors, s'int\u00e9resse aux questions litt\u00e9raires et suit des cours de litt\u00e9rature.<\/p>\n\n\n\n<p class=\"has-black-color has-text-color has-link-color has-small-font-size wp-elements-782b608ad5802d78e5b117d2a1196cfe\">Berlin est son environnement le plus favorable, lui permettant de fr\u00e9quenter les salons litt\u00e9raires et de suivre la philosophie politique de Hegel. Po\u00e8te et journaliste, il devient c\u00e9l\u00e8bre pour ses po\u00e8mes et ses carnets de voyage. D\u00e9go\u00fbt\u00e9 par le climat antis\u00e9mite qui r\u00e8gne dans le pays, il \u00e9migre \u00e0 Paris en 1831.<\/p>\n\n\n\n<p class=\"has-black-color has-text-color has-link-color has-small-font-size wp-elements-53669acbaa950f775b9a8e05b22f1ee7\">Il y devient correspondant des principaux journaux allemands. Il est l'un des journalistes les plus agit\u00e9s et les plus controvers\u00e9s de son \u00e9poque. Pour le Journal g\u00e9n\u00e9ral d'Augsbourg, il d\u00e9crit la vie fran\u00e7aise, ses sujets de pr\u00e9dilection \u00e9tant le parlement, la presse, le monde artistique, le th\u00e9\u00e2tre et la musique.<\/p>\n\n\n\n<p class=\"has-black-color has-text-color has-link-color has-small-font-size wp-elements-54418656f19274977c065d8d142c0360\">Son influence est \u00e9norme, tant \u00e0 l'int\u00e9rieur qu'\u00e0 l'ext\u00e9rieur de l'Allemagne. Dans la seconde moiti\u00e9 du XIXe si\u00e8cle, tous les po\u00e8tes allemands semblaient \u00eatre des Heinous.<\/p>\n\n\n\n<p class=\"has-black-color has-text-color has-link-color has-small-font-size wp-elements-491eab81662239dfccaf0e3bdbe4a6fe\">Sa po\u00e9sie est d'abord un lyrisme m\u00e9lancolique. Ses po\u00e8mes sentimentaux sont pleins de malheur et de lamentations amoureuses. Certains de ses po\u00e8mes d'amour ont atteint une renomm\u00e9e universelle et ont \u00e9t\u00e9 mis en musique par Schubert, Schumann et de nombreux autres compositeurs.<\/p>\n\n\n\n<p class=\"has-black-color has-text-color has-link-color has-small-font-size wp-elements-f31dc7c918e3a0296438a58737eb1819\">Il a \u00e9crit des po\u00e8mes d\u00e9di\u00e9s \u00e0 la mer, en vers libres. Et enfin, des po\u00e8mes politiques, avec des vers qui d\u00e9peignent des situations de l'\u00e9poque, comme Les tisserands, un po\u00e8me inspir\u00e9 par la gr\u00e8ve des tisserands sil\u00e9siens affam\u00e9s.<\/p>\n\n\n\n<p class=\"has-black-color has-text-color has-link-color has-small-font-size wp-elements-c8e3b9fc0eeaa03b4272fd865703805f\">En tant que prosateur, il est consid\u00e9r\u00e9 comme l'un des plus agiles de la litt\u00e9rature germanophone, toutes \u00e9poques confondues. Ses \u0153uvres les plus ambitieuses sont L'\u00e9cole romantique et L'histoire de la religion et de la philosophie en Allemagne. Dans ce dernier, Heine semble avoir voulu compl\u00e9ter le livre de Mme de St\u00e4el sur l'Allemagne en essayant de montrer aux Fran\u00e7ais la pens\u00e9e esth\u00e9tique et philosophique de son pays. On y trouve la proph\u00e9tie d'un \u00e9veil r\u00e9volutionnaire de la conscience allemande et surtout la croyance du po\u00e8te en l'importance universelle de la pens\u00e9e de Hegel.<\/p>\n\n\n\n<p class=\"has-black-color has-text-color has-link-color has-small-font-size wp-elements-65bd66247878b763ed7cc74cc28e6262\">Il a souffert de difficult\u00e9s \u00e9conomiques, a \u00e9t\u00e9 confront\u00e9 \u00e0 des conflits politiques et a finalement \u00e9t\u00e9 victime de la maladie. Paralys\u00e9, il meurt le 17 f\u00e9vrier 1856 \u00e0 Paris.<\/p>\n\n\n\n<p class=\"has-black-color has-text-color has-link-color has-small-font-size wp-elements-8a3b246aa96922b0fbb0ffc6f03895f2\">Le message de L'\u00c9vangile selon le Spiritisme est dat\u00e9 de Paris 1863.<\/p>\n<\/div><\/div>\n\n\n\n<div class=\"wp-block-uagb-container uagb-block-77c76dc3 alignfull uagb-is-root-container\"><div class=\"uagb-container-inner-blocks-wrap\"><\/div><\/div>\n\n\n\n<div class=\"wp-block-uagb-container uagb-block-d5a4cb9d alignfull uagb-is-root-container\"><div class=\"uagb-container-inner-blocks-wrap\"><\/div><\/div>","protected":false},"excerpt":{"rendered":"<p>Heinrich Heine Heinrich Heine firm\u00f3 el mensaje incluido en El Evangelio seg\u00fan el Espiritismo, en el punto 3 del cap\u00edtulo XX, titulado Los \u00faltimos ser\u00e1n los primeros. Naci\u00f3 en D\u00fcsseldorf, el 13 de diciembre de 1797, en el seno de una familia jud\u00eda. Su destino era el comercio, por lo que fue enviado por su [&hellip;]<\/p>","protected":false},"author":1,"featured_media":0,"parent":0,"menu_order":0,"comment_status":"closed","ping_status":"closed","template":"","meta":{"_uag_custom_page_level_css":"","site-sidebar-layout":"default","site-content-layout":"","ast-site-content-layout":"default","site-content-style":"default","site-sidebar-style":"default","ast-global-header-display":"","ast-banner-title-visibility":"","ast-main-header-display":"","ast-hfb-above-header-display":"","ast-hfb-below-header-display":"","ast-hfb-mobile-header-display":"","site-post-title":"disabled","ast-breadcrumbs-content":"","ast-featured-img":"","footer-sml-layout":"","theme-transparent-header-meta":"","adv-header-id-meta":"","stick-header-meta":"","header-above-stick-meta":"","header-main-stick-meta":"","header-below-stick-meta":"","astra-migrate-meta-layouts":"set","ast-page-background-enabled":"default","ast-page-background-meta":{"desktop":{"background-color":"var(--ast-global-color-4)","background-image":"","background-repeat":"repeat","background-position":"center center","background-size":"auto","background-attachment":"scroll","background-type":"","background-media":"","overlay-type":"","overlay-color":"","overlay-opacity":"","overlay-gradient":""},"tablet":{"background-color":"","background-image":"","background-repeat":"repeat","background-position":"center center","background-size":"auto","background-attachment":"scroll","background-type":"","background-media":"","overlay-type":"","overlay-color":"","overlay-opacity":"","overlay-gradient":""},"mobile":{"background-color":"","background-image":"","background-repeat":"repeat","background-position":"center center","background-size":"auto","background-attachment":"scroll","background-type":"","background-media":"","overlay-type":"","overlay-color":"","overlay-opacity":"","overlay-gradient":""}},"ast-content-background-meta":{"desktop":{"background-color":"var(--ast-global-color-5)","background-image":"","background-repeat":"repeat","background-position":"center center","background-size":"auto","background-attachment":"scroll","background-type":"","background-media":"","overlay-type":"","overlay-color":"","overlay-opacity":"","overlay-gradient":""},"tablet":{"background-color":"var(--ast-global-color-5)","background-image":"","background-repeat":"repeat","background-position":"center center","background-size":"auto","background-attachment":"scroll","background-type":"","background-media":"","overlay-type":"","overlay-color":"","overlay-opacity":"","overlay-gradient":""},"mobile":{"background-color":"var(--ast-global-color-5)","background-image":"","background-repeat":"repeat","background-position":"center center","background-size":"auto","background-attachment":"scroll","background-type":"","background-media":"","overlay-type":"","overlay-color":"","overlay-opacity":"","overlay-gradient":""}},"footnotes":""},"class_list":["post-8113","page","type-page","status-publish","hentry"],"yoast_head":"<!-- This site is optimized with the Yoast SEO Premium plugin v24.2 (Yoast SEO v24.6) - https:\/\/yoast.com\/wordpress\/plugins\/seo\/ -->\n<title>Heinrich Heine - Uni\u00f3n Esp\u00edrita<\/title>\n<meta name=\"robots\" content=\"index, follow, max-snippet:-1, max-image-preview:large, max-video-preview:-1\" \/>\n<link rel=\"canonical\" href=\"https:\/\/nuevo-renacer.com\/fr\/heinrich-heine\/\" \/>\n<meta property=\"og:locale\" content=\"fr_FR\" \/>\n<meta property=\"og:type\" content=\"article\" \/>\n<meta property=\"og:title\" content=\"Heinrich Heine\" \/>\n<meta property=\"og:description\" content=\"Heinrich Heine Heinrich Heine firm\u00f3 el mensaje incluido en El Evangelio seg\u00fan el Espiritismo, en el punto 3 del cap\u00edtulo XX, titulado Los \u00faltimos ser\u00e1n los primeros. Naci\u00f3 en D\u00fcsseldorf, el 13 de diciembre de 1797, en el seno de una familia jud\u00eda. Su destino era el comercio, por lo que fue enviado por su [&hellip;]\" \/>\n<meta property=\"og:url\" content=\"https:\/\/nuevo-renacer.com\/fr\/heinrich-heine\/\" \/>\n<meta property=\"og:site_name\" content=\"Uni\u00f3n Esp\u00edrita\" \/>\n<meta property=\"article:publisher\" content=\"https:\/\/www.facebook.com\/groups\/3431398063740829\" \/>\n<meta property=\"article:modified_time\" content=\"2025-05-15T07:49:33+00:00\" \/>\n<meta property=\"og:image\" content=\"https:\/\/nuevo-renacer.com\/wp-content\/uploads\/2025\/05\/HeinrichHeine.jpg\" \/>\n\t<meta property=\"og:image:width\" content=\"1336\" \/>\n\t<meta property=\"og:image:height\" content=\"1600\" \/>\n\t<meta property=\"og:image:type\" content=\"image\/jpeg\" \/>\n<meta name=\"twitter:card\" content=\"summary_large_image\" \/>\n<meta name=\"twitter:label1\" content=\"Dur\u00e9e de lecture estim\u00e9e\" \/>\n\t<meta name=\"twitter:data1\" content=\"3 minutes\" \/>\n<script type=\"application\/ld+json\" class=\"yoast-schema-graph\">{\"@context\":\"https:\/\/schema.org\",\"@graph\":[{\"@type\":\"WebPage\",\"@id\":\"https:\/\/nuevo-renacer.com\/heinrich-heine\/\",\"url\":\"https:\/\/nuevo-renacer.com\/heinrich-heine\/\",\"name\":\"Heinrich Heine - Uni\u00f3n Esp\u00edrita\",\"isPartOf\":{\"@id\":\"https:\/\/nuevo-renacer.com\/#website\"},\"primaryImageOfPage\":{\"@id\":\"https:\/\/nuevo-renacer.com\/heinrich-heine\/#primaryimage\"},\"image\":{\"@id\":\"https:\/\/nuevo-renacer.com\/heinrich-heine\/#primaryimage\"},\"thumbnailUrl\":\"https:\/\/nuevo-renacer.com\/wp-content\/uploads\/2025\/05\/HeinrichHeine-855x1024.jpg\",\"datePublished\":\"2025-05-15T07:49:30+00:00\",\"dateModified\":\"2025-05-15T07:49:33+00:00\",\"breadcrumb\":{\"@id\":\"https:\/\/nuevo-renacer.com\/heinrich-heine\/#breadcrumb\"},\"inLanguage\":\"fr-FR\",\"potentialAction\":[{\"@type\":\"ReadAction\",\"target\":[\"https:\/\/nuevo-renacer.com\/heinrich-heine\/\"]}]},{\"@type\":\"ImageObject\",\"inLanguage\":\"fr-FR\",\"@id\":\"https:\/\/nuevo-renacer.com\/heinrich-heine\/#primaryimage\",\"url\":\"https:\/\/nuevo-renacer.com\/wp-content\/uploads\/2025\/05\/HeinrichHeine-855x1024.jpg\",\"contentUrl\":\"https:\/\/nuevo-renacer.com\/wp-content\/uploads\/2025\/05\/HeinrichHeine-855x1024.jpg\"},{\"@type\":\"BreadcrumbList\",\"@id\":\"https:\/\/nuevo-renacer.com\/heinrich-heine\/#breadcrumb\",\"itemListElement\":[{\"@type\":\"ListItem\",\"position\":1,\"name\":\"Startseite\",\"item\":\"https:\/\/nuevo-renacer.com\/\"},{\"@type\":\"ListItem\",\"position\":2,\"name\":\"Heinrich Heine\"}]},{\"@type\":\"WebSite\",\"@id\":\"https:\/\/nuevo-renacer.com\/#website\",\"url\":\"https:\/\/nuevo-renacer.com\/\",\"name\":\"Uni\u00f3n Esp\u00edrita\",\"description\":\"Nuevo Renacer\",\"publisher\":{\"@id\":\"https:\/\/nuevo-renacer.com\/#organization\"},\"potentialAction\":[{\"@type\":\"SearchAction\",\"target\":{\"@type\":\"EntryPoint\",\"urlTemplate\":\"https:\/\/nuevo-renacer.com\/?s={search_term_string}\"},\"query-input\":{\"@type\":\"PropertyValueSpecification\",\"valueRequired\":true,\"valueName\":\"search_term_string\"}}],\"inLanguage\":\"fr-FR\"},{\"@type\":\"Organization\",\"@id\":\"https:\/\/nuevo-renacer.com\/#organization\",\"name\":\"UFEC\",\"url\":\"https:\/\/nuevo-renacer.com\/\",\"logo\":{\"@type\":\"ImageObject\",\"inLanguage\":\"fr-FR\",\"@id\":\"https:\/\/nuevo-renacer.com\/#\/schema\/logo\/image\/\",\"url\":\"https:\/\/nuevo-renacer.com\/wp-content\/uploads\/2024\/05\/cropped-LOGO-TERMINADO1-3-3.png\",\"contentUrl\":\"https:\/\/nuevo-renacer.com\/wp-content\/uploads\/2024\/05\/cropped-LOGO-TERMINADO1-3-3.png\",\"width\":512,\"height\":512,\"caption\":\"UFEC\"},\"image\":{\"@id\":\"https:\/\/nuevo-renacer.com\/#\/schema\/logo\/image\/\"},\"sameAs\":[\"https:\/\/www.facebook.com\/groups\/3431398063740829\"]}]}<\/script>\n<!-- \/ Yoast SEO Premium plugin. -->","yoast_head_json":{"title":"Heinrich Heine - Uni\u00f3n Esp\u00edrita","robots":{"index":"index","follow":"follow","max-snippet":"max-snippet:-1","max-image-preview":"max-image-preview:large","max-video-preview":"max-video-preview:-1"},"canonical":"https:\/\/nuevo-renacer.com\/fr\/heinrich-heine\/","og_locale":"fr_FR","og_type":"article","og_title":"Heinrich Heine","og_description":"Heinrich Heine Heinrich Heine firm\u00f3 el mensaje incluido en El Evangelio seg\u00fan el Espiritismo, en el punto 3 del cap\u00edtulo XX, titulado Los \u00faltimos ser\u00e1n los primeros. Naci\u00f3 en D\u00fcsseldorf, el 13 de diciembre de 1797, en el seno de una familia jud\u00eda. Su destino era el comercio, por lo que fue enviado por su [&hellip;]","og_url":"https:\/\/nuevo-renacer.com\/fr\/heinrich-heine\/","og_site_name":"Uni\u00f3n Esp\u00edrita","article_publisher":"https:\/\/www.facebook.com\/groups\/3431398063740829","article_modified_time":"2025-05-15T07:49:33+00:00","og_image":[{"width":1336,"height":1600,"url":"https:\/\/nuevo-renacer.com\/wp-content\/uploads\/2025\/05\/HeinrichHeine.jpg","type":"image\/jpeg"}],"twitter_card":"summary_large_image","twitter_misc":{"Dur\u00e9e de lecture estim\u00e9e":"3 minutes"},"schema":{"@context":"https:\/\/schema.org","@graph":[{"@type":"WebPage","@id":"https:\/\/nuevo-renacer.com\/heinrich-heine\/","url":"https:\/\/nuevo-renacer.com\/heinrich-heine\/","name":"Heinrich Heine - Uni\u00f3n Esp\u00edrita","isPartOf":{"@id":"https:\/\/nuevo-renacer.com\/#website"},"primaryImageOfPage":{"@id":"https:\/\/nuevo-renacer.com\/heinrich-heine\/#primaryimage"},"image":{"@id":"https:\/\/nuevo-renacer.com\/heinrich-heine\/#primaryimage"},"thumbnailUrl":"https:\/\/nuevo-renacer.com\/wp-content\/uploads\/2025\/05\/HeinrichHeine-855x1024.jpg","datePublished":"2025-05-15T07:49:30+00:00","dateModified":"2025-05-15T07:49:33+00:00","breadcrumb":{"@id":"https:\/\/nuevo-renacer.com\/heinrich-heine\/#breadcrumb"},"inLanguage":"fr-FR","potentialAction":[{"@type":"ReadAction","target":["https:\/\/nuevo-renacer.com\/heinrich-heine\/"]}]},{"@type":"ImageObject","inLanguage":"fr-FR","@id":"https:\/\/nuevo-renacer.com\/heinrich-heine\/#primaryimage","url":"https:\/\/nuevo-renacer.com\/wp-content\/uploads\/2025\/05\/HeinrichHeine-855x1024.jpg","contentUrl":"https:\/\/nuevo-renacer.com\/wp-content\/uploads\/2025\/05\/HeinrichHeine-855x1024.jpg"},{"@type":"BreadcrumbList","@id":"https:\/\/nuevo-renacer.com\/heinrich-heine\/#breadcrumb","itemListElement":[{"@type":"ListItem","position":1,"name":"Startseite","item":"https:\/\/nuevo-renacer.com\/"},{"@type":"ListItem","position":2,"name":"Heinrich Heine"}]},{"@type":"WebSite","@id":"https:\/\/nuevo-renacer.com\/#website","url":"https:\/\/nuevo-renacer.com\/","name":"Uni\u00f3n Esp\u00edrita","description":"Nuevo Renacer","publisher":{"@id":"https:\/\/nuevo-renacer.com\/#organization"},"potentialAction":[{"@type":"SearchAction","target":{"@type":"EntryPoint","urlTemplate":"https:\/\/nuevo-renacer.com\/?s={search_term_string}"},"query-input":{"@type":"PropertyValueSpecification","valueRequired":true,"valueName":"search_term_string"}}],"inLanguage":"fr-FR"},{"@type":"Organization","@id":"https:\/\/nuevo-renacer.com\/#organization","name":"UFEC","url":"https:\/\/nuevo-renacer.com\/","logo":{"@type":"ImageObject","inLanguage":"fr-FR","@id":"https:\/\/nuevo-renacer.com\/#\/schema\/logo\/image\/","url":"https:\/\/nuevo-renacer.com\/wp-content\/uploads\/2024\/05\/cropped-LOGO-TERMINADO1-3-3.png","contentUrl":"https:\/\/nuevo-renacer.com\/wp-content\/uploads\/2024\/05\/cropped-LOGO-TERMINADO1-3-3.png","width":512,"height":512,"caption":"UFEC"},"image":{"@id":"https:\/\/nuevo-renacer.com\/#\/schema\/logo\/image\/"},"sameAs":["https:\/\/www.facebook.com\/groups\/3431398063740829"]}]}},"uagb_featured_image_src":{"full":false,"thumbnail":false,"medium":false,"medium_large":false,"large":false,"1536x1536":false,"2048x2048":false,"trp-custom-language-flag":false},"uagb_author_info":{"display_name":"adbv0","author_link":"https:\/\/nuevo-renacer.com\/fr\/author\/adbv0\/"},"uagb_comment_info":0,"uagb_excerpt":"Heinrich Heine Heinrich Heine firm\u00f3 el mensaje incluido en El Evangelio seg\u00fan el Espiritismo, en el punto 3 del cap\u00edtulo XX, titulado Los \u00faltimos ser\u00e1n los primeros. Naci\u00f3 en D\u00fcsseldorf, el 13 de diciembre de 1797, en el seno de una familia jud\u00eda. Su destino era el comercio, por lo que fue enviado por su\u2026","jetpack_sharing_enabled":true,"_links":{"self":[{"href":"https:\/\/nuevo-renacer.com\/fr\/wp-json\/wp\/v2\/pages\/8113","targetHints":{"allow":["GET"]}}],"collection":[{"href":"https:\/\/nuevo-renacer.com\/fr\/wp-json\/wp\/v2\/pages"}],"about":[{"href":"https:\/\/nuevo-renacer.com\/fr\/wp-json\/wp\/v2\/types\/page"}],"author":[{"embeddable":true,"href":"https:\/\/nuevo-renacer.com\/fr\/wp-json\/wp\/v2\/users\/1"}],"replies":[{"embeddable":true,"href":"https:\/\/nuevo-renacer.com\/fr\/wp-json\/wp\/v2\/comments?post=8113"}],"version-history":[{"count":1,"href":"https:\/\/nuevo-renacer.com\/fr\/wp-json\/wp\/v2\/pages\/8113\/revisions"}],"predecessor-version":[{"id":8115,"href":"https:\/\/nuevo-renacer.com\/fr\/wp-json\/wp\/v2\/pages\/8113\/revisions\/8115"}],"wp:attachment":[{"href":"https:\/\/nuevo-renacer.com\/fr\/wp-json\/wp\/v2\/media?parent=8113"}],"curies":[{"name":"wp","href":"https:\/\/api.w.org\/{rel}","templated":true}]}}