{"id":8108,"date":"2025-05-15T06:57:47","date_gmt":"2025-05-15T06:57:47","guid":{"rendered":"https:\/\/nuevo-renacer.com\/?page_id=8108"},"modified":"2025-05-15T07:01:20","modified_gmt":"2025-05-15T07:01:20","slug":"christian-friedrich-samuel-hahnemann","status":"publish","type":"page","link":"https:\/\/nuevo-renacer.com\/fr\/christian-friedrich-samuel-hahnemann\/","title":{"rendered":"Christian Friedrich Samuel Hahnemann"},"content":{"rendered":"<div class=\"wp-block-uagb-container uagb-block-c0404e6d alignfull uagb-is-root-container\"><div class=\"uagb-container-inner-blocks-wrap\">\n<p class=\"has-black-color has-text-color has-link-color has-medium-font-size wp-elements-74a37b7e457310e4ae8c248472fba7f9\"><strong>Christian Friedrich Samuel Hahnemann<\/strong><\/p>\n<\/div><\/div>\n\n\n\n<div class=\"wp-block-uagb-container uagb-block-fed108c3 alignfull uagb-is-root-container\"><div class=\"uagb-container-inner-blocks-wrap\">\n<figure class=\"wp-block-image size-large is-resized\"><img fetchpriority=\"high\" decoding=\"async\" width=\"779\" height=\"1024\" src=\"https:\/\/nuevo-renacer.com\/wp-content\/uploads\/2025\/05\/Hahnemann-779x1024.jpg\" alt=\"\" class=\"wp-image-8109\" style=\"width:259px;height:auto\" srcset=\"https:\/\/nuevo-renacer.com\/wp-content\/uploads\/2025\/05\/Hahnemann-779x1024.jpg 779w, https:\/\/nuevo-renacer.com\/wp-content\/uploads\/2025\/05\/Hahnemann-228x300.jpg 228w, https:\/\/nuevo-renacer.com\/wp-content\/uploads\/2025\/05\/Hahnemann-768x1009.jpg 768w, https:\/\/nuevo-renacer.com\/wp-content\/uploads\/2025\/05\/Hahnemann-9x12.jpg 9w, https:\/\/nuevo-renacer.com\/wp-content\/uploads\/2025\/05\/Hahnemann.jpg 950w\" sizes=\"(max-width: 779px) 100vw, 779px\" \/><\/figure>\n<\/div><\/div>\n\n\n\n<div class=\"wp-block-uagb-container uagb-block-dd865936 alignfull uagb-is-root-container\"><div class=\"uagb-container-inner-blocks-wrap\">\n<p class=\"has-black-color has-text-color has-link-color has-small-font-size wp-elements-7a08a56f326c53436f3c5facc91d3c9e\">Christian Friedrich Samuel Hahnemann est n\u00e9 le 10 avril 1755 \u00e0 Meissen, en Saxe. Ses parents lui donnent les noms de Christian, adepte du Christ ; Friedrich, prot\u00e9g\u00e9 du roi ; Samuel, Dieu m'a entendu, en reconnaissance de Dieu.<\/p>\n\n\n\n<p class=\"has-black-color has-text-color has-link-color has-small-font-size wp-elements-8259603f25716b9daeadc0a7e0eac02b\">Son p\u00e8re \u00e9tait peintre sur porcelaine et il \u00e9tait lui-m\u00eame pr\u00e9par\u00e9 \u00e0 suivre la carri\u00e8re de son p\u00e8re. \u00c0 l'\u00e9cole, il apprend plusieurs langues \u00e9trang\u00e8res : l'anglais, le fran\u00e7ais, l'espagnol, le latin, l'arabe, le grec, l'h\u00e9breu et le chald\u00e9en, en plus de la langue nationale. Son objectif est de pouvoir, plus tard, faire le commerce de la porcelaine dans d'autres pays.<\/p>\n\n\n\n<p class=\"has-black-color has-text-color has-link-color has-small-font-size wp-elements-da362443a2c368b5bfa42278d81cca21\">Mais son destin est tout autre. Il \u00e9tudie la m\u00e9decine \u00e0 Leipzig et \u00e0 Vienne. Pauvre, il subvient \u00e0 ses besoins en traduisant, ce qui lui permet d'entrer en contact avec des ouvrages sur les doctrines existentielles.<\/p>\n\n\n\n<p class=\"has-black-color has-text-color has-link-color has-small-font-size wp-elements-b29345186dd766275cb4566d42169e93\">En 1812, il devient professeur \u00e0 l'universit\u00e9 de Leipzig. Au cours de sa carri\u00e8re m\u00e9dicale, il s'inqui\u00e8te toutefois de ne pas obtenir de bons r\u00e9sultats dans la gu\u00e9rison des patients qu'il traite. Ses amis lui dirent qu'il r\u00eavait, que tout ce qu'il souhaitait \u00e9tait une utopie. L'homme est limit\u00e9, tout comme ses connaissances.<\/p>\n\n\n\n<p class=\"has-black-color has-text-color has-link-color has-small-font-size wp-elements-bf39d1b5761a18b0e0eb4ac964e7f96c\">Finalement, \u00e0 l'\u00e2ge de 36 ans, apr\u00e8s la mort d'un ami qu'il traitait cliniquement, il a d\u00e9cid\u00e9 d'abandonner la m\u00e9decine.<\/p>\n\n\n\n<p class=\"has-black-color has-text-color has-link-color has-small-font-size wp-elements-7d8fda738daf331e7002ce47e64fd6fd\">Il est entr\u00e9 dans son cabinet et a dit \u00e0 ses patients qu'il ne les reverrait plus jamais. Si vous ne pouvez pas les gu\u00e9rir, \u00e0 quoi sert votre science ! Et il les renvoie tous. Il est profond\u00e9ment d\u00e9courag\u00e9. Pour survivre et faire vivre sa famille, il se tourne vers la traduction, notamment dans les domaines de la chimie et de la pharmacologie.<\/p>\n\n\n\n<p class=\"has-black-color has-text-color has-link-color has-small-font-size wp-elements-fed521407fcd65c8a1b9e9828d8ac2f3\">En 1790, alors qu'il traduit un ouvrage d'un m\u00e9decin \u00e9cossais, William Cullen, il est frapp\u00e9 par la description des propri\u00e9t\u00e9s de la quinine. Il est particuli\u00e8rement frapp\u00e9 par le fait que l'empoisonnement \u00e0 la quinine pr\u00e9sente des sympt\u00f4mes similaires \u00e0 ceux de la maladie naturelle qu'est la fi\u00e8vre intermittente. Il commence \u00e0 ing\u00e9rer lui-m\u00eame des doses de quinine et constate que les r\u00e9sultats sont similaires \u00e0 ceux de la fi\u00e8vre qu'il combat.<\/p>\n\n\n\n<p class=\"has-black-color has-text-color has-link-color has-small-font-size wp-elements-b452d7a8465441d5599873b8756e827d\">Il r\u00e9p\u00e8te l'exp\u00e9rience avec d'autres m\u00e9dicaments, comme le mercure, la belladone et la digitaline, toujours chez des hommes sains, et finit par \u00e9laborer la doctrine hom\u00e9opathique, r\u00e9sum\u00e9e dans l'expression : similia similibus curantur, c'est-\u00e0-dire que des sympt\u00f4mes similaires sont gu\u00e9ris par des rem\u00e8des similaires. En 1796, ses observations sont publi\u00e9es. Ces observations constitueront son \u0153uvre la plus importante : l'Organon, publi\u00e9 en 1810, o\u00f9 il explique son syst\u00e8me et cr\u00e9e l'hom\u00e9opathie. Il publiera par la suite La science m\u00e9dicale pure et La th\u00e9orie et le traitement hom\u00e9opathique des maladies chroniques.<\/p>\n\n\n\n<p class=\"has-black-color has-text-color has-link-color has-small-font-size wp-elements-5e92463a6136340c408b89936a91b5a2\">Les principes hom\u00e9opathiques \u00e9tablissent que toute substance qui, \u00e0 dose consid\u00e9rable, est capable de provoquer un \u00e9tat symptomatique chez un individu sain, a \u00e9galement la capacit\u00e9 de le faire dispara\u00eetre, lorsqu'elle est administr\u00e9e \u00e0 petites doses. De m\u00eame, la pr\u00e9paration des m\u00e9dicaments n\u00e9cessite des dilutions infinit\u00e9simales, car celles-ci auraient la capacit\u00e9 de d\u00e9velopper les vertus m\u00e9dicinales dynamiques des substances grossi\u00e8res.<\/p>\n\n\n\n<p class=\"has-black-color has-text-color has-link-color has-small-font-size wp-elements-484868edee8f62582f9a50da0d9e001a\">D\u00e8s le d\u00e9but, Hahnemann subit une campagne f\u00e9roce contre ce qu'il exposait, notamment de la part des pharmaciens, ce dont il souffrit beaucoup. Ce n'est qu'en 1835, alors qu'il a plus de 80 ans et qu'il est veuf, qu'il est sollicit\u00e9 par une jeune femme qui est all\u00e9e le chercher dans son village comme dernier recours m\u00e9dical et qui a \u00e9t\u00e9 gu\u00e9rie par lui. Ils se rencontrent et elle l'emm\u00e8ne \u00e0 Paris, o\u00f9 il est enfin reconnu.<\/p>\n\n\n\n<p class=\"has-black-color has-text-color has-link-color has-small-font-size wp-elements-9e3bb7b3ffd0879d8a89a9fbbe629664\">Il meurt \u00e0 Paris le 2 juillet 1843, 14 ans avant la publication du Livre des Esprits et la naissance de la doctrine spirite. Membre de l'\u00e9quipe spirituelle charg\u00e9e de la codification, il apporte sa contribution notamment dans L'\u00c9vangile selon le spiritisme, chapitre IX, Heureux les doux et les pacifiques, o\u00f9 il signe le message du point 10, qui traite des vertus et des vices inh\u00e9rents \u00e0 l'Esprit. Ce message a \u00e9t\u00e9 prononc\u00e9 \u00e0 Paris en 1863.<\/p>\n\n\n\n<p class=\"has-black-color has-text-color has-link-color has-small-font-size wp-elements-d2ebd33852d24de82275e2cf5251c45b\">A titre de curiosit\u00e9, la m\u00eame ann\u00e9e, le 13 mars, \u00e0 la Soci\u00e9t\u00e9 spirite de Paris, avec Mme Costel comme m\u00e9dium, Hahnemann pronon\u00e7a une dissertation sur l'\u00e9tat de la science \u00e0 cette \u00e9poque, en r\u00e9ponse \u00e0 un m\u00e9decin hom\u00e9opathe \u00e9tranger qui assistait \u00e0 la s\u00e9ance. Cette dissertation se trouve dans le sixi\u00e8me volume de la Revue spirite.<\/p>\n<\/div><\/div>\n\n\n\n<div class=\"wp-block-uagb-container uagb-block-be8e81de alignfull uagb-is-root-container\"><div class=\"uagb-container-inner-blocks-wrap\"><\/div><\/div>\n\n\n\n<div class=\"wp-block-uagb-container uagb-block-fed5b0ee alignfull uagb-is-root-container\"><div class=\"uagb-container-inner-blocks-wrap\"><\/div><\/div>","protected":false},"excerpt":{"rendered":"<p>Christian Friedrich Samuel Hahnemann Christian Friedrich Samuel Hahnemann naci\u00f3 el 10 de abril de 1755 en Meissen, Sajonia. Sus padres le pusieron los nombres de Christian, seguidor de Cristo; Friedrich, protegido del rey; Samuel, Dios me ha escuchado, en reconocimiento a Dios. Su padre era pintor de porcelana y \u00e9l mismo estaba preparado para seguir [&hellip;]<\/p>","protected":false},"author":1,"featured_media":0,"parent":0,"menu_order":0,"comment_status":"closed","ping_status":"closed","template":"","meta":{"_uag_custom_page_level_css":"","site-sidebar-layout":"default","site-content-layout":"","ast-site-content-layout":"default","site-content-style":"default","site-sidebar-style":"default","ast-global-header-display":"","ast-banner-title-visibility":"","ast-main-header-display":"","ast-hfb-above-header-display":"","ast-hfb-below-header-display":"","ast-hfb-mobile-header-display":"","site-post-title":"disabled","ast-breadcrumbs-content":"","ast-featured-img":"","footer-sml-layout":"","theme-transparent-header-meta":"","adv-header-id-meta":"","stick-header-meta":"","header-above-stick-meta":"","header-main-stick-meta":"","header-below-stick-meta":"","astra-migrate-meta-layouts":"set","ast-page-background-enabled":"default","ast-page-background-meta":{"desktop":{"background-color":"var(--ast-global-color-4)","background-image":"","background-repeat":"repeat","background-position":"center center","background-size":"auto","background-attachment":"scroll","background-type":"","background-media":"","overlay-type":"","overlay-color":"","overlay-opacity":"","overlay-gradient":""},"tablet":{"background-color":"","background-image":"","background-repeat":"repeat","background-position":"center center","background-size":"auto","background-attachment":"scroll","background-type":"","background-media":"","overlay-type":"","overlay-color":"","overlay-opacity":"","overlay-gradient":""},"mobile":{"background-color":"","background-image":"","background-repeat":"repeat","background-position":"center center","background-size":"auto","background-attachment":"scroll","background-type":"","background-media":"","overlay-type":"","overlay-color":"","overlay-opacity":"","overlay-gradient":""}},"ast-content-background-meta":{"desktop":{"background-color":"var(--ast-global-color-5)","background-image":"","background-repeat":"repeat","background-position":"center center","background-size":"auto","background-attachment":"scroll","background-type":"","background-media":"","overlay-type":"","overlay-color":"","overlay-opacity":"","overlay-gradient":""},"tablet":{"background-color":"var(--ast-global-color-5)","background-image":"","background-repeat":"repeat","background-position":"center center","background-size":"auto","background-attachment":"scroll","background-type":"","background-media":"","overlay-type":"","overlay-color":"","overlay-opacity":"","overlay-gradient":""},"mobile":{"background-color":"var(--ast-global-color-5)","background-image":"","background-repeat":"repeat","background-position":"center center","background-size":"auto","background-attachment":"scroll","background-type":"","background-media":"","overlay-type":"","overlay-color":"","overlay-opacity":"","overlay-gradient":""}},"footnotes":""},"class_list":["post-8108","page","type-page","status-publish","hentry"],"yoast_head":"<!-- This site is optimized with the Yoast SEO Premium plugin v24.2 (Yoast SEO v24.6) - https:\/\/yoast.com\/wordpress\/plugins\/seo\/ -->\n<title>Christian Friedrich Samuel Hahnemann - Uni\u00f3n Esp\u00edrita<\/title>\n<meta name=\"robots\" content=\"index, follow, max-snippet:-1, max-image-preview:large, max-video-preview:-1\" \/>\n<link rel=\"canonical\" href=\"https:\/\/nuevo-renacer.com\/fr\/christian-friedrich-samuel-hahnemann\/\" \/>\n<meta property=\"og:locale\" content=\"fr_FR\" \/>\n<meta property=\"og:type\" content=\"article\" \/>\n<meta property=\"og:title\" content=\"Christian Friedrich Samuel Hahnemann\" \/>\n<meta property=\"og:description\" content=\"Christian Friedrich Samuel Hahnemann Christian Friedrich Samuel Hahnemann naci\u00f3 el 10 de abril de 1755 en Meissen, Sajonia. Sus padres le pusieron los nombres de Christian, seguidor de Cristo; Friedrich, protegido del rey; Samuel, Dios me ha escuchado, en reconocimiento a Dios. Su padre era pintor de porcelana y \u00e9l mismo estaba preparado para seguir [&hellip;]\" \/>\n<meta property=\"og:url\" content=\"https:\/\/nuevo-renacer.com\/fr\/christian-friedrich-samuel-hahnemann\/\" \/>\n<meta property=\"og:site_name\" content=\"Uni\u00f3n Esp\u00edrita\" \/>\n<meta property=\"article:publisher\" content=\"https:\/\/www.facebook.com\/groups\/3431398063740829\" \/>\n<meta property=\"article:modified_time\" content=\"2025-05-15T07:01:20+00:00\" \/>\n<meta property=\"og:image\" content=\"https:\/\/nuevo-renacer.com\/wp-content\/uploads\/2025\/05\/Hahnemann.jpg\" \/>\n\t<meta property=\"og:image:width\" content=\"950\" \/>\n\t<meta property=\"og:image:height\" content=\"1248\" \/>\n\t<meta property=\"og:image:type\" content=\"image\/jpeg\" \/>\n<meta name=\"twitter:card\" content=\"summary_large_image\" \/>\n<meta name=\"twitter:label1\" content=\"Dur\u00e9e de lecture estim\u00e9e\" \/>\n\t<meta name=\"twitter:data1\" content=\"4 minutes\" \/>\n<script type=\"application\/ld+json\" class=\"yoast-schema-graph\">{\"@context\":\"https:\/\/schema.org\",\"@graph\":[{\"@type\":\"WebPage\",\"@id\":\"https:\/\/nuevo-renacer.com\/christian-friedrich-samuel-hahnemann\/\",\"url\":\"https:\/\/nuevo-renacer.com\/christian-friedrich-samuel-hahnemann\/\",\"name\":\"Christian Friedrich Samuel Hahnemann - Uni\u00f3n Esp\u00edrita\",\"isPartOf\":{\"@id\":\"https:\/\/nuevo-renacer.com\/#website\"},\"primaryImageOfPage\":{\"@id\":\"https:\/\/nuevo-renacer.com\/christian-friedrich-samuel-hahnemann\/#primaryimage\"},\"image\":{\"@id\":\"https:\/\/nuevo-renacer.com\/christian-friedrich-samuel-hahnemann\/#primaryimage\"},\"thumbnailUrl\":\"https:\/\/nuevo-renacer.com\/wp-content\/uploads\/2025\/05\/Hahnemann-779x1024.jpg\",\"datePublished\":\"2025-05-15T06:57:47+00:00\",\"dateModified\":\"2025-05-15T07:01:20+00:00\",\"breadcrumb\":{\"@id\":\"https:\/\/nuevo-renacer.com\/christian-friedrich-samuel-hahnemann\/#breadcrumb\"},\"inLanguage\":\"fr-FR\",\"potentialAction\":[{\"@type\":\"ReadAction\",\"target\":[\"https:\/\/nuevo-renacer.com\/christian-friedrich-samuel-hahnemann\/\"]}]},{\"@type\":\"ImageObject\",\"inLanguage\":\"fr-FR\",\"@id\":\"https:\/\/nuevo-renacer.com\/christian-friedrich-samuel-hahnemann\/#primaryimage\",\"url\":\"https:\/\/nuevo-renacer.com\/wp-content\/uploads\/2025\/05\/Hahnemann-779x1024.jpg\",\"contentUrl\":\"https:\/\/nuevo-renacer.com\/wp-content\/uploads\/2025\/05\/Hahnemann-779x1024.jpg\"},{\"@type\":\"BreadcrumbList\",\"@id\":\"https:\/\/nuevo-renacer.com\/christian-friedrich-samuel-hahnemann\/#breadcrumb\",\"itemListElement\":[{\"@type\":\"ListItem\",\"position\":1,\"name\":\"Startseite\",\"item\":\"https:\/\/nuevo-renacer.com\/\"},{\"@type\":\"ListItem\",\"position\":2,\"name\":\"Christian Friedrich Samuel Hahnemann\"}]},{\"@type\":\"WebSite\",\"@id\":\"https:\/\/nuevo-renacer.com\/#website\",\"url\":\"https:\/\/nuevo-renacer.com\/\",\"name\":\"Uni\u00f3n Esp\u00edrita\",\"description\":\"Nuevo Renacer\",\"publisher\":{\"@id\":\"https:\/\/nuevo-renacer.com\/#organization\"},\"potentialAction\":[{\"@type\":\"SearchAction\",\"target\":{\"@type\":\"EntryPoint\",\"urlTemplate\":\"https:\/\/nuevo-renacer.com\/?s={search_term_string}\"},\"query-input\":{\"@type\":\"PropertyValueSpecification\",\"valueRequired\":true,\"valueName\":\"search_term_string\"}}],\"inLanguage\":\"fr-FR\"},{\"@type\":\"Organization\",\"@id\":\"https:\/\/nuevo-renacer.com\/#organization\",\"name\":\"UFEC\",\"url\":\"https:\/\/nuevo-renacer.com\/\",\"logo\":{\"@type\":\"ImageObject\",\"inLanguage\":\"fr-FR\",\"@id\":\"https:\/\/nuevo-renacer.com\/#\/schema\/logo\/image\/\",\"url\":\"https:\/\/nuevo-renacer.com\/wp-content\/uploads\/2024\/05\/cropped-LOGO-TERMINADO1-3-3.png\",\"contentUrl\":\"https:\/\/nuevo-renacer.com\/wp-content\/uploads\/2024\/05\/cropped-LOGO-TERMINADO1-3-3.png\",\"width\":512,\"height\":512,\"caption\":\"UFEC\"},\"image\":{\"@id\":\"https:\/\/nuevo-renacer.com\/#\/schema\/logo\/image\/\"},\"sameAs\":[\"https:\/\/www.facebook.com\/groups\/3431398063740829\"]}]}<\/script>\n<!-- \/ Yoast SEO Premium plugin. -->","yoast_head_json":{"title":"Christian Friedrich Samuel Hahnemann - Uni\u00f3n Esp\u00edrita","robots":{"index":"index","follow":"follow","max-snippet":"max-snippet:-1","max-image-preview":"max-image-preview:large","max-video-preview":"max-video-preview:-1"},"canonical":"https:\/\/nuevo-renacer.com\/fr\/christian-friedrich-samuel-hahnemann\/","og_locale":"fr_FR","og_type":"article","og_title":"Christian Friedrich Samuel Hahnemann","og_description":"Christian Friedrich Samuel Hahnemann Christian Friedrich Samuel Hahnemann naci\u00f3 el 10 de abril de 1755 en Meissen, Sajonia. Sus padres le pusieron los nombres de Christian, seguidor de Cristo; Friedrich, protegido del rey; Samuel, Dios me ha escuchado, en reconocimiento a Dios. Su padre era pintor de porcelana y \u00e9l mismo estaba preparado para seguir [&hellip;]","og_url":"https:\/\/nuevo-renacer.com\/fr\/christian-friedrich-samuel-hahnemann\/","og_site_name":"Uni\u00f3n Esp\u00edrita","article_publisher":"https:\/\/www.facebook.com\/groups\/3431398063740829","article_modified_time":"2025-05-15T07:01:20+00:00","og_image":[{"width":950,"height":1248,"url":"https:\/\/nuevo-renacer.com\/wp-content\/uploads\/2025\/05\/Hahnemann.jpg","type":"image\/jpeg"}],"twitter_card":"summary_large_image","twitter_misc":{"Dur\u00e9e de lecture estim\u00e9e":"4 minutes"},"schema":{"@context":"https:\/\/schema.org","@graph":[{"@type":"WebPage","@id":"https:\/\/nuevo-renacer.com\/christian-friedrich-samuel-hahnemann\/","url":"https:\/\/nuevo-renacer.com\/christian-friedrich-samuel-hahnemann\/","name":"Christian Friedrich Samuel Hahnemann - Uni\u00f3n Esp\u00edrita","isPartOf":{"@id":"https:\/\/nuevo-renacer.com\/#website"},"primaryImageOfPage":{"@id":"https:\/\/nuevo-renacer.com\/christian-friedrich-samuel-hahnemann\/#primaryimage"},"image":{"@id":"https:\/\/nuevo-renacer.com\/christian-friedrich-samuel-hahnemann\/#primaryimage"},"thumbnailUrl":"https:\/\/nuevo-renacer.com\/wp-content\/uploads\/2025\/05\/Hahnemann-779x1024.jpg","datePublished":"2025-05-15T06:57:47+00:00","dateModified":"2025-05-15T07:01:20+00:00","breadcrumb":{"@id":"https:\/\/nuevo-renacer.com\/christian-friedrich-samuel-hahnemann\/#breadcrumb"},"inLanguage":"fr-FR","potentialAction":[{"@type":"ReadAction","target":["https:\/\/nuevo-renacer.com\/christian-friedrich-samuel-hahnemann\/"]}]},{"@type":"ImageObject","inLanguage":"fr-FR","@id":"https:\/\/nuevo-renacer.com\/christian-friedrich-samuel-hahnemann\/#primaryimage","url":"https:\/\/nuevo-renacer.com\/wp-content\/uploads\/2025\/05\/Hahnemann-779x1024.jpg","contentUrl":"https:\/\/nuevo-renacer.com\/wp-content\/uploads\/2025\/05\/Hahnemann-779x1024.jpg"},{"@type":"BreadcrumbList","@id":"https:\/\/nuevo-renacer.com\/christian-friedrich-samuel-hahnemann\/#breadcrumb","itemListElement":[{"@type":"ListItem","position":1,"name":"Startseite","item":"https:\/\/nuevo-renacer.com\/"},{"@type":"ListItem","position":2,"name":"Christian Friedrich Samuel Hahnemann"}]},{"@type":"WebSite","@id":"https:\/\/nuevo-renacer.com\/#website","url":"https:\/\/nuevo-renacer.com\/","name":"Uni\u00f3n Esp\u00edrita","description":"Nuevo Renacer","publisher":{"@id":"https:\/\/nuevo-renacer.com\/#organization"},"potentialAction":[{"@type":"SearchAction","target":{"@type":"EntryPoint","urlTemplate":"https:\/\/nuevo-renacer.com\/?s={search_term_string}"},"query-input":{"@type":"PropertyValueSpecification","valueRequired":true,"valueName":"search_term_string"}}],"inLanguage":"fr-FR"},{"@type":"Organization","@id":"https:\/\/nuevo-renacer.com\/#organization","name":"UFEC","url":"https:\/\/nuevo-renacer.com\/","logo":{"@type":"ImageObject","inLanguage":"fr-FR","@id":"https:\/\/nuevo-renacer.com\/#\/schema\/logo\/image\/","url":"https:\/\/nuevo-renacer.com\/wp-content\/uploads\/2024\/05\/cropped-LOGO-TERMINADO1-3-3.png","contentUrl":"https:\/\/nuevo-renacer.com\/wp-content\/uploads\/2024\/05\/cropped-LOGO-TERMINADO1-3-3.png","width":512,"height":512,"caption":"UFEC"},"image":{"@id":"https:\/\/nuevo-renacer.com\/#\/schema\/logo\/image\/"},"sameAs":["https:\/\/www.facebook.com\/groups\/3431398063740829"]}]}},"uagb_featured_image_src":{"full":false,"thumbnail":false,"medium":false,"medium_large":false,"large":false,"1536x1536":false,"2048x2048":false,"trp-custom-language-flag":false},"uagb_author_info":{"display_name":"adbv0","author_link":"https:\/\/nuevo-renacer.com\/fr\/author\/adbv0\/"},"uagb_comment_info":0,"uagb_excerpt":"Christian Friedrich Samuel Hahnemann Christian Friedrich Samuel Hahnemann naci\u00f3 el 10 de abril de 1755 en Meissen, Sajonia. Sus padres le pusieron los nombres de Christian, seguidor de Cristo; Friedrich, protegido del rey; Samuel, Dios me ha escuchado, en reconocimiento a Dios. Su padre era pintor de porcelana y \u00e9l mismo estaba preparado para seguir\u2026","jetpack_sharing_enabled":true,"_links":{"self":[{"href":"https:\/\/nuevo-renacer.com\/fr\/wp-json\/wp\/v2\/pages\/8108","targetHints":{"allow":["GET"]}}],"collection":[{"href":"https:\/\/nuevo-renacer.com\/fr\/wp-json\/wp\/v2\/pages"}],"about":[{"href":"https:\/\/nuevo-renacer.com\/fr\/wp-json\/wp\/v2\/types\/page"}],"author":[{"embeddable":true,"href":"https:\/\/nuevo-renacer.com\/fr\/wp-json\/wp\/v2\/users\/1"}],"replies":[{"embeddable":true,"href":"https:\/\/nuevo-renacer.com\/fr\/wp-json\/wp\/v2\/comments?post=8108"}],"version-history":[{"count":2,"href":"https:\/\/nuevo-renacer.com\/fr\/wp-json\/wp\/v2\/pages\/8108\/revisions"}],"predecessor-version":[{"id":8111,"href":"https:\/\/nuevo-renacer.com\/fr\/wp-json\/wp\/v2\/pages\/8108\/revisions\/8111"}],"wp:attachment":[{"href":"https:\/\/nuevo-renacer.com\/fr\/wp-json\/wp\/v2\/media?parent=8108"}],"curies":[{"name":"wp","href":"https:\/\/api.w.org\/{rel}","templated":true}]}}