{"id":6947,"date":"2025-02-04T08:23:49","date_gmt":"2025-02-04T08:23:49","guid":{"rendered":"https:\/\/nuevo-renacer.com\/?page_id=6947"},"modified":"2025-02-04T08:23:52","modified_gmt":"2025-02-04T08:23:52","slug":"quien-nos-esperara-al-otro-lado-de-la-vida","status":"publish","type":"page","link":"https:\/\/nuevo-renacer.com\/fr\/quien-nos-esperara-al-otro-lado-de-la-vida\/","title":{"rendered":"Qui nous attendra de l'autre c\u00f4t\u00e9 de la vie ?"},"content":{"rendered":"<div class=\"wp-block-uagb-container uagb-block-9ada055d alignfull uagb-is-root-container\"><div class=\"uagb-container-inner-blocks-wrap\">\n<p class=\"has-black-color has-text-color has-link-color has-medium-font-size wp-elements-becb6a92b7b812c44b60ad58d30c24a7\"><strong>Qui nous attendra de l'autre c\u00f4t\u00e9 de la vie ?<\/strong><\/p>\n<\/div><\/div>\n\n\n\n<div class=\"wp-block-uagb-container uagb-block-1f92a383 alignfull uagb-is-root-container\"><div class=\"uagb-container-inner-blocks-wrap\">\n<figure class=\"wp-block-image size-large is-resized\"><img fetchpriority=\"high\" decoding=\"async\" width=\"1024\" height=\"607\" src=\"https:\/\/nuevo-renacer.com\/wp-content\/uploads\/2025\/02\/Nahtod-1024x607.jpeg\" alt=\"\" class=\"wp-image-6948\" style=\"width:484px;height:auto\" srcset=\"https:\/\/nuevo-renacer.com\/wp-content\/uploads\/2025\/02\/Nahtod-1024x607.jpeg 1024w, https:\/\/nuevo-renacer.com\/wp-content\/uploads\/2025\/02\/Nahtod-300x178.jpeg 300w, https:\/\/nuevo-renacer.com\/wp-content\/uploads\/2025\/02\/Nahtod-768x455.jpeg 768w, https:\/\/nuevo-renacer.com\/wp-content\/uploads\/2025\/02\/Nahtod-1536x911.jpeg 1536w, https:\/\/nuevo-renacer.com\/wp-content\/uploads\/2025\/02\/Nahtod-18x12.jpeg 18w, https:\/\/nuevo-renacer.com\/wp-content\/uploads\/2025\/02\/Nahtod.jpeg 1786w\" sizes=\"(max-width: 1024px) 100vw, 1024px\" \/><\/figure>\n<\/div><\/div>\n\n\n\n<div class=\"wp-block-uagb-container uagb-block-8b1ba782 alignfull uagb-is-root-container\"><div class=\"uagb-container-inner-blocks-wrap\">\n<p class=\"has-black-color has-text-color has-link-color has-small-font-size wp-elements-14080ffb892e38bf60303479417a712e\">C&#039;est une question que, dans de nombreuses occasions, nous pouvons relever que d&#039;une grande foule de gens est une bonne question, surtout quand vous \u00eates pas au courant de cette connaissance \u00e0 travers l&#039;\u00e9tude de la Doctrine des Esprits que vous pouvez acheter.<\/p>\n\n\n\n<p class=\"has-black-color has-text-color has-link-color has-small-font-size wp-elements-6e73250c75d65f9309a3a5bac453a4e8\">Nous devons commencer par dire que, apr\u00e8s la mort, l&#039;esprit se d\u00e9gage de son mat\u00e9riel de shell progressivement, n&#039;a pas \u00e9chapp\u00e9e comme l&#039;oiseau qui a \u00e9t\u00e9 rendu \u00e0 la libert\u00e9. Les deux avions, de la physique et de la fluidique, de toucher confus. Ainsi, de cette fa\u00e7on, l&#039;Esprit est dissociant lui-m\u00eame peu \u00e0 peu de ses obligations, car ils ne se cassent pas.<\/p>\n\n\n\n<p class=\"has-black-color has-text-color has-link-color has-small-font-size wp-elements-d962ce013c1b1cfcb28836d8ac1bc035\">Desencarnar est un changement de plan, telles que l&#039;oms va vivre dans une autre ville, pas de perturber ceux qui en raison de leur bonne conscience, ont v\u00e9cu sur la Terre en pratiquant le droit, dans ses diverses formes et dans les plus diverses croyances. Cependant, la mort n&#039;a pas de subvention \u00e9tats miraculeuse de notre conscience, nous sommes toujours en gardant les sensations, les sentiments, l&#039;amour, les d\u00e9fauts, les addictions, le ressentiment, la haine, etc, ainsi que les vertus que nous avons \u00e9t\u00e9 en mesure de conqu\u00e9rir dans cette exp\u00e9rience.<\/p>\n\n\n\n<p class=\"has-black-color has-text-color has-link-color has-small-font-size wp-elements-c5f09ed474829dd8a330346cbc026ada\">C&#039;est pour cette raison que si votre vie terrestre a \u00e9t\u00e9 le travail et l&#039;amour, la transition de la terre \u00e0 la sph\u00e8re spirituelle sera toujours douce et harmonieuse.<\/p>\n\n\n\n<p class=\"has-black-color has-text-color has-link-color has-small-font-size wp-elements-330c7061472a959e170c033540259d2d\">Dans ces conditions, vous pourrez retrouver imm\u00e9diatement \u00e0 ces esprits qui ont \u00e9t\u00e9 l&#039;objet de son affection dans le monde, en supposant qu&#039;ils sont dans le m\u00eame niveau d&#039;\u00e9volution. C&#039;est ainsi que vous pouvez vous sentir et de trouver imm\u00e9diatement la compagnie de ces \u00eatres \u00e0 ceux qu&#039;il aime et qui l&#039;ont pr\u00e9c\u00e9d\u00e9 dans l&#039;au-del\u00e0. Souvent troupeau de retourner \u00e0 la Patrie Spirituelle et de les aider \u00e0 se d\u00e9barrasser de l&#039;emballage de la question.<\/p>\n\n\n\n<p class=\"has-black-color has-text-color has-link-color has-small-font-size wp-elements-f10d0be1e0b3a2069f0fe6c8b7f1dc6a\">C&#039;est ainsi qu&#039;un agr\u00e9able bonheur et une joie permanente, se saisit de leurs c\u0153urs amis et chaleureux, d&#039;apr\u00e8s l&#039;amertume de la s\u00e9paration et de l&#039;absence prolong\u00e9e, en retrouvant imm\u00e9diatement \u00e0 ceux qui ont rencontr\u00e9 la Terre, et qu&#039;ils sont morts avant lui. En plus en arri\u00e8re pour trouver de nombreux qu&#039;il avait perdu de vue au cours de votre derni\u00e8re exp\u00e9rience.<\/p>\n\n\n\n<p class=\"has-black-color has-text-color has-link-color has-small-font-size wp-elements-89eded1fc6bf2690e7d631aa50e246a4\">L&#039;une des rencontres plus remarquable que nous ayons c&#039;est notre Guide Spirituel, qui, nous le savons bien, il est d&#039;un ordre sup\u00e9rieur, qui est avec nous depuis notre naissance \u00e0 notre mort, et qui nous suit souvent apr\u00e8s lui dans la vie spirituelle, et m\u00eame pendant de nombreuses actions du corps, parce que ces stocks sont mais les phases sont tr\u00e8s courtes par rapport \u00e0 la vie de l&#039;Esprit. Il a admis son implication dans le Monde des Grands, comme nos parents, de prot\u00e9ger et de ampararnos, pour nous guider sur le chemin de la bonne, \u00e0 travers l&#039;intuition et de l&#039;inspiration, qui tout au long de notre exp\u00e9rience a \u00e9t\u00e9 de travailler en nous, dans notre intime. Si nous avons fait des progr\u00e8s, si nous avons progress\u00e9 spirituellement, il a heureusement il y aura avanc\u00e9s.<\/p>\n\n\n\n<p class=\"has-black-color has-text-color has-link-color has-small-font-size wp-elements-2000ad85fdf1e499deb0fc04c733658e\">Cependant, \u00e0 l&#039;inverse, ceux qui \u00e9mergent du Sol satur\u00e9 obsessions par les biens \u00e9ph\u00e9m\u00e8res du monde et \u00e9clips\u00e9 par les r\u00e9bellions, incompr\u00e9hensible, pas trouv\u00e9, d\u00e8s que les proches desencarnaron avant. Leurs perceptions, limit\u00e9e \u00e0 l&#039;atmosph\u00e8re sombre de leurs pens\u00e9es et de leurs valeurs sont n\u00e9gatives, font qu&#039;il est impossible de profiter de la douce bonheur des retrouvailles.<\/p>\n\n\n\n<p class=\"has-black-color has-text-color has-link-color has-small-font-size wp-elements-f453a58de774f4c7beae0ebdda8c3c78\">Dans les zones les plus proches de la plan\u00e8te des esprits d\u00e9sincarn\u00e9s de conserver les caract\u00e9ristiques qui ont \u00e9t\u00e9 plus agr\u00e9able dans les activit\u00e9s de l&#039;existence mat\u00e9rielle, en tenant compte du fait que certains d&#039;entre eux, qui errent \u00e0 travers le monde avec un v\u00eatement bio impos\u00e9es par les circonstances de la t\u00e2che que vous devez effectuer \u00e0 c\u00f4t\u00e9 de l&#039;incarn\u00e9, le retour \u00e0 des conditions avant la r\u00e9incarnation, si riche, si vous avez \u00e9t\u00e9 en mesure de remplir ses obligations dans le plan de la douleurs et des difficult\u00e9s d&#039;un mat\u00e9riau.<\/p>\n\n\n\n<p class=\"has-black-color has-text-color has-link-color has-small-font-size wp-elements-41d6081347699da55731bdd909b88639\">C&#039;est pourquoi nous voyons tant de fois \u00e0 des Esprits, qui souffre depuis longtemps et perturb\u00e9 qui donnent l&#039;impression d&#039;\u00eatre des cr\u00e9atures de la abandonn\u00e9 et oubli\u00e9, mais en r\u00e9alit\u00e9 ils sont les auteurs de leur impuissance, en raison de leur persistance dans le mal, dans une intention criminelle, ou dans la d\u00e9sob\u00e9issance \u00e0 la loi Divine.<\/p>\n\n\n\n<p class=\"has-black-color has-text-color has-link-color has-small-font-size wp-elements-6595e37ad64054a5616e2ac0999505c2\">Dans les premiers jours de sa vie spirituelle, une \u00e2me d\u00e9sincarn\u00e9e \u00e0 la recherche naturellement les activit\u00e9s qui ont \u00e9t\u00e9 privil\u00e9gi\u00e9es dans les cercles de la vie mat\u00e9rielle, dans l&#039;ob\u00e9issance des liens d&#039;affinit\u00e9, comme c&#039;est le cas dans les associations de la Terre. Les Esprits se rassemblent en groupes en fonction de leur harmonie et leur \u00e9volution, la pr\u00e9paration d&#039;un nouveau stade, un avenir, l&#039;exp\u00e9rience sur la terre, en se laissant guider facilement par les Fr\u00e8res sup\u00e9rieur d\u00e9sign\u00e9 pour ce type de t\u00e2che, o\u00f9 il a pr\u00e9vu des actions et des tests qui sont n\u00e9cessaires pour notre am\u00e9lioration. La Planification des R\u00e9incarnations, est directement li\u00e9e \u00e0 l&#039;activit\u00e9 de Clarification.<\/p>\n\n\n\n<p class=\"has-black-color has-text-color has-link-color has-small-font-size wp-elements-1cc3c20574541d5ff9ba630d383cd0ea\">Il prend naturellement en compte le groupe compos\u00e9 par les membres de la famille spirituelle, parce que nous allons nous r\u00e9unir \u00e0 nouveau, bien que la modification logiquement notre r\u00f4le au sein de l&#039;annexe, les l\u00e9gislateurs vont influencer votre avenir \u00e0 s&#039;engager dans les travaux qui m\u00e8neront \u00e0 l&#039;\u00e9laboration de la morale et intellectuelle, car ils sont parfaitement form\u00e9s pour aider et conseiller les Esprits inf\u00e9rieurs \u00e0 eux-m\u00eames, affectant les conditions de l&#039;action des g\u00e9n\u00e9rations pr\u00e9sentes et \u00e0 venir.<\/p>\n<\/div><\/div>\n\n\n\n<div class=\"wp-block-uagb-container uagb-block-6452fb0e alignfull uagb-is-root-container\"><div class=\"uagb-container-inner-blocks-wrap\"><\/div><\/div>\n\n\n\n<div class=\"wp-block-uagb-container uagb-block-472113c9 alignfull uagb-is-root-container\"><div class=\"uagb-container-inner-blocks-wrap\">\n<p class=\"has-black-color has-text-color has-link-color has-small-font-size wp-elements-f1d45f20666c8dd475d1d41f4e494f48\"><em>Article \u00e9crit par Juan Miguel Fern\u00e1ndez Mu\u00f1oz<\/em><\/p>\n<\/div><\/div>\n\n\n\n<div class=\"wp-block-uagb-container uagb-block-a4ad6ccc alignfull uagb-is-root-container\"><div class=\"uagb-container-inner-blocks-wrap\"><\/div><\/div>\n\n\n\n<div class=\"wp-block-uagb-container uagb-block-237df41c alignfull uagb-is-root-container\"><div class=\"uagb-container-inner-blocks-wrap\"><\/div><\/div>","protected":false},"excerpt":{"rendered":"<p>\u00bfQui\u00e9n nos esperar\u00e1 al otro lado de la vida? Esta es una pregunta que en muchas ocasiones nos podemos plantear y que para una gran multitud de personas es una gran inc\u00f3gnita, sobre todo cuando se desconocen aquellos conocimientos que a trav\u00e9s del estudio de la Doctrina de los Esp\u00edritus se pueden adquirir. Debemos comenzar [&hellip;]<\/p>","protected":false},"author":1,"featured_media":0,"parent":0,"menu_order":0,"comment_status":"closed","ping_status":"closed","template":"","meta":{"_uag_custom_page_level_css":"","site-sidebar-layout":"default","site-content-layout":"","ast-site-content-layout":"default","site-content-style":"default","site-sidebar-style":"default","ast-global-header-display":"","ast-banner-title-visibility":"","ast-main-header-display":"","ast-hfb-above-header-display":"","ast-hfb-below-header-display":"","ast-hfb-mobile-header-display":"","site-post-title":"disabled","ast-breadcrumbs-content":"","ast-featured-img":"","footer-sml-layout":"","theme-transparent-header-meta":"","adv-header-id-meta":"","stick-header-meta":"","header-above-stick-meta":"","header-main-stick-meta":"","header-below-stick-meta":"","astra-migrate-meta-layouts":"set","ast-page-background-enabled":"default","ast-page-background-meta":{"desktop":{"background-color":"var(--ast-global-color-4)","background-image":"","background-repeat":"repeat","background-position":"center center","background-size":"auto","background-attachment":"scroll","background-type":"","background-media":"","overlay-type":"","overlay-color":"","overlay-opacity":"","overlay-gradient":""},"tablet":{"background-color":"","background-image":"","background-repeat":"repeat","background-position":"center center","background-size":"auto","background-attachment":"scroll","background-type":"","background-media":"","overlay-type":"","overlay-color":"","overlay-opacity":"","overlay-gradient":""},"mobile":{"background-color":"","background-image":"","background-repeat":"repeat","background-position":"center center","background-size":"auto","background-attachment":"scroll","background-type":"","background-media":"","overlay-type":"","overlay-color":"","overlay-opacity":"","overlay-gradient":""}},"ast-content-background-meta":{"desktop":{"background-color":"var(--ast-global-color-5)","background-image":"","background-repeat":"repeat","background-position":"center center","background-size":"auto","background-attachment":"scroll","background-type":"","background-media":"","overlay-type":"","overlay-color":"","overlay-opacity":"","overlay-gradient":""},"tablet":{"background-color":"var(--ast-global-color-5)","background-image":"","background-repeat":"repeat","background-position":"center center","background-size":"auto","background-attachment":"scroll","background-type":"","background-media":"","overlay-type":"","overlay-color":"","overlay-opacity":"","overlay-gradient":""},"mobile":{"background-color":"var(--ast-global-color-5)","background-image":"","background-repeat":"repeat","background-position":"center center","background-size":"auto","background-attachment":"scroll","background-type":"","background-media":"","overlay-type":"","overlay-color":"","overlay-opacity":"","overlay-gradient":""}},"footnotes":""},"class_list":["post-6947","page","type-page","status-publish","hentry"],"yoast_head":"<!-- This site is optimized with the Yoast SEO Premium plugin v24.2 (Yoast SEO v24.6) - https:\/\/yoast.com\/wordpress\/plugins\/seo\/ -->\n<title>\u00bfQui\u00e9n nos esperar\u00e1 al otro lado de la vida? - Uni\u00f3n Esp\u00edrita<\/title>\n<meta name=\"robots\" content=\"index, follow, max-snippet:-1, max-image-preview:large, max-video-preview:-1\" \/>\n<link rel=\"canonical\" href=\"https:\/\/nuevo-renacer.com\/fr\/quien-nos-esperara-al-otro-lado-de-la-vida\/\" \/>\n<meta property=\"og:locale\" content=\"fr_FR\" \/>\n<meta property=\"og:type\" content=\"article\" \/>\n<meta property=\"og:title\" content=\"\u00bfQui\u00e9n nos esperar\u00e1 al otro lado de la vida?\" \/>\n<meta property=\"og:description\" content=\"\u00bfQui\u00e9n nos esperar\u00e1 al otro lado de la vida? Esta es una pregunta que en muchas ocasiones nos podemos plantear y que para una gran multitud de personas es una gran inc\u00f3gnita, sobre todo cuando se desconocen aquellos conocimientos que a trav\u00e9s del estudio de la Doctrina de los Esp\u00edritus se pueden adquirir. Debemos comenzar [&hellip;]\" \/>\n<meta property=\"og:url\" content=\"https:\/\/nuevo-renacer.com\/fr\/quien-nos-esperara-al-otro-lado-de-la-vida\/\" \/>\n<meta property=\"og:site_name\" content=\"Uni\u00f3n Esp\u00edrita\" \/>\n<meta property=\"article:publisher\" content=\"https:\/\/www.facebook.com\/groups\/3431398063740829\" \/>\n<meta property=\"article:modified_time\" content=\"2025-02-04T08:23:52+00:00\" \/>\n<meta property=\"og:image\" content=\"https:\/\/nuevo-renacer.com\/wp-content\/uploads\/2025\/02\/Nahtod.jpeg\" \/>\n\t<meta property=\"og:image:width\" content=\"1786\" \/>\n\t<meta property=\"og:image:height\" content=\"1059\" \/>\n\t<meta property=\"og:image:type\" content=\"image\/jpeg\" \/>\n<meta name=\"twitter:card\" content=\"summary_large_image\" \/>\n<meta name=\"twitter:label1\" content=\"Dur\u00e9e de lecture estim\u00e9e\" \/>\n\t<meta name=\"twitter:data1\" content=\"6 minutes\" \/>\n<script type=\"application\/ld+json\" class=\"yoast-schema-graph\">{\"@context\":\"https:\/\/schema.org\",\"@graph\":[{\"@type\":\"WebPage\",\"@id\":\"https:\/\/nuevo-renacer.com\/quien-nos-esperara-al-otro-lado-de-la-vida\/\",\"url\":\"https:\/\/nuevo-renacer.com\/quien-nos-esperara-al-otro-lado-de-la-vida\/\",\"name\":\"\u00bfQui\u00e9n nos esperar\u00e1 al otro lado de la vida? - Uni\u00f3n Esp\u00edrita\",\"isPartOf\":{\"@id\":\"https:\/\/nuevo-renacer.com\/#website\"},\"primaryImageOfPage\":{\"@id\":\"https:\/\/nuevo-renacer.com\/quien-nos-esperara-al-otro-lado-de-la-vida\/#primaryimage\"},\"image\":{\"@id\":\"https:\/\/nuevo-renacer.com\/quien-nos-esperara-al-otro-lado-de-la-vida\/#primaryimage\"},\"thumbnailUrl\":\"https:\/\/nuevo-renacer.com\/wp-content\/uploads\/2025\/02\/Nahtod-1024x607.jpeg\",\"datePublished\":\"2025-02-04T08:23:49+00:00\",\"dateModified\":\"2025-02-04T08:23:52+00:00\",\"breadcrumb\":{\"@id\":\"https:\/\/nuevo-renacer.com\/quien-nos-esperara-al-otro-lado-de-la-vida\/#breadcrumb\"},\"inLanguage\":\"fr-FR\",\"potentialAction\":[{\"@type\":\"ReadAction\",\"target\":[\"https:\/\/nuevo-renacer.com\/quien-nos-esperara-al-otro-lado-de-la-vida\/\"]}]},{\"@type\":\"ImageObject\",\"inLanguage\":\"fr-FR\",\"@id\":\"https:\/\/nuevo-renacer.com\/quien-nos-esperara-al-otro-lado-de-la-vida\/#primaryimage\",\"url\":\"https:\/\/nuevo-renacer.com\/wp-content\/uploads\/2025\/02\/Nahtod-1024x607.jpeg\",\"contentUrl\":\"https:\/\/nuevo-renacer.com\/wp-content\/uploads\/2025\/02\/Nahtod-1024x607.jpeg\"},{\"@type\":\"BreadcrumbList\",\"@id\":\"https:\/\/nuevo-renacer.com\/quien-nos-esperara-al-otro-lado-de-la-vida\/#breadcrumb\",\"itemListElement\":[{\"@type\":\"ListItem\",\"position\":1,\"name\":\"Startseite\",\"item\":\"https:\/\/nuevo-renacer.com\/\"},{\"@type\":\"ListItem\",\"position\":2,\"name\":\"\u00bfQui\u00e9n nos esperar\u00e1 al otro lado de la vida?\"}]},{\"@type\":\"WebSite\",\"@id\":\"https:\/\/nuevo-renacer.com\/#website\",\"url\":\"https:\/\/nuevo-renacer.com\/\",\"name\":\"Uni\u00f3n Esp\u00edrita\",\"description\":\"Nuevo Renacer\",\"publisher\":{\"@id\":\"https:\/\/nuevo-renacer.com\/#organization\"},\"potentialAction\":[{\"@type\":\"SearchAction\",\"target\":{\"@type\":\"EntryPoint\",\"urlTemplate\":\"https:\/\/nuevo-renacer.com\/?s={search_term_string}\"},\"query-input\":{\"@type\":\"PropertyValueSpecification\",\"valueRequired\":true,\"valueName\":\"search_term_string\"}}],\"inLanguage\":\"fr-FR\"},{\"@type\":\"Organization\",\"@id\":\"https:\/\/nuevo-renacer.com\/#organization\",\"name\":\"UFEC\",\"url\":\"https:\/\/nuevo-renacer.com\/\",\"logo\":{\"@type\":\"ImageObject\",\"inLanguage\":\"fr-FR\",\"@id\":\"https:\/\/nuevo-renacer.com\/#\/schema\/logo\/image\/\",\"url\":\"https:\/\/nuevo-renacer.com\/wp-content\/uploads\/2024\/05\/cropped-LOGO-TERMINADO1-3-3.png\",\"contentUrl\":\"https:\/\/nuevo-renacer.com\/wp-content\/uploads\/2024\/05\/cropped-LOGO-TERMINADO1-3-3.png\",\"width\":512,\"height\":512,\"caption\":\"UFEC\"},\"image\":{\"@id\":\"https:\/\/nuevo-renacer.com\/#\/schema\/logo\/image\/\"},\"sameAs\":[\"https:\/\/www.facebook.com\/groups\/3431398063740829\"]}]}<\/script>\n<!-- \/ Yoast SEO Premium plugin. -->","yoast_head_json":{"title":"\u00bfQui\u00e9n nos esperar\u00e1 al otro lado de la vida? - Uni\u00f3n Esp\u00edrita","robots":{"index":"index","follow":"follow","max-snippet":"max-snippet:-1","max-image-preview":"max-image-preview:large","max-video-preview":"max-video-preview:-1"},"canonical":"https:\/\/nuevo-renacer.com\/fr\/quien-nos-esperara-al-otro-lado-de-la-vida\/","og_locale":"fr_FR","og_type":"article","og_title":"\u00bfQui\u00e9n nos esperar\u00e1 al otro lado de la vida?","og_description":"\u00bfQui\u00e9n nos esperar\u00e1 al otro lado de la vida? Esta es una pregunta que en muchas ocasiones nos podemos plantear y que para una gran multitud de personas es una gran inc\u00f3gnita, sobre todo cuando se desconocen aquellos conocimientos que a trav\u00e9s del estudio de la Doctrina de los Esp\u00edritus se pueden adquirir. Debemos comenzar [&hellip;]","og_url":"https:\/\/nuevo-renacer.com\/fr\/quien-nos-esperara-al-otro-lado-de-la-vida\/","og_site_name":"Uni\u00f3n Esp\u00edrita","article_publisher":"https:\/\/www.facebook.com\/groups\/3431398063740829","article_modified_time":"2025-02-04T08:23:52+00:00","og_image":[{"width":1786,"height":1059,"url":"https:\/\/nuevo-renacer.com\/wp-content\/uploads\/2025\/02\/Nahtod.jpeg","type":"image\/jpeg"}],"twitter_card":"summary_large_image","twitter_misc":{"Dur\u00e9e de lecture estim\u00e9e":"6 minutes"},"schema":{"@context":"https:\/\/schema.org","@graph":[{"@type":"WebPage","@id":"https:\/\/nuevo-renacer.com\/quien-nos-esperara-al-otro-lado-de-la-vida\/","url":"https:\/\/nuevo-renacer.com\/quien-nos-esperara-al-otro-lado-de-la-vida\/","name":"\u00bfQui\u00e9n nos esperar\u00e1 al otro lado de la vida? - Uni\u00f3n Esp\u00edrita","isPartOf":{"@id":"https:\/\/nuevo-renacer.com\/#website"},"primaryImageOfPage":{"@id":"https:\/\/nuevo-renacer.com\/quien-nos-esperara-al-otro-lado-de-la-vida\/#primaryimage"},"image":{"@id":"https:\/\/nuevo-renacer.com\/quien-nos-esperara-al-otro-lado-de-la-vida\/#primaryimage"},"thumbnailUrl":"https:\/\/nuevo-renacer.com\/wp-content\/uploads\/2025\/02\/Nahtod-1024x607.jpeg","datePublished":"2025-02-04T08:23:49+00:00","dateModified":"2025-02-04T08:23:52+00:00","breadcrumb":{"@id":"https:\/\/nuevo-renacer.com\/quien-nos-esperara-al-otro-lado-de-la-vida\/#breadcrumb"},"inLanguage":"fr-FR","potentialAction":[{"@type":"ReadAction","target":["https:\/\/nuevo-renacer.com\/quien-nos-esperara-al-otro-lado-de-la-vida\/"]}]},{"@type":"ImageObject","inLanguage":"fr-FR","@id":"https:\/\/nuevo-renacer.com\/quien-nos-esperara-al-otro-lado-de-la-vida\/#primaryimage","url":"https:\/\/nuevo-renacer.com\/wp-content\/uploads\/2025\/02\/Nahtod-1024x607.jpeg","contentUrl":"https:\/\/nuevo-renacer.com\/wp-content\/uploads\/2025\/02\/Nahtod-1024x607.jpeg"},{"@type":"BreadcrumbList","@id":"https:\/\/nuevo-renacer.com\/quien-nos-esperara-al-otro-lado-de-la-vida\/#breadcrumb","itemListElement":[{"@type":"ListItem","position":1,"name":"Startseite","item":"https:\/\/nuevo-renacer.com\/"},{"@type":"ListItem","position":2,"name":"\u00bfQui\u00e9n nos esperar\u00e1 al otro lado de la vida?"}]},{"@type":"WebSite","@id":"https:\/\/nuevo-renacer.com\/#website","url":"https:\/\/nuevo-renacer.com\/","name":"Uni\u00f3n Esp\u00edrita","description":"Nuevo Renacer","publisher":{"@id":"https:\/\/nuevo-renacer.com\/#organization"},"potentialAction":[{"@type":"SearchAction","target":{"@type":"EntryPoint","urlTemplate":"https:\/\/nuevo-renacer.com\/?s={search_term_string}"},"query-input":{"@type":"PropertyValueSpecification","valueRequired":true,"valueName":"search_term_string"}}],"inLanguage":"fr-FR"},{"@type":"Organization","@id":"https:\/\/nuevo-renacer.com\/#organization","name":"UFEC","url":"https:\/\/nuevo-renacer.com\/","logo":{"@type":"ImageObject","inLanguage":"fr-FR","@id":"https:\/\/nuevo-renacer.com\/#\/schema\/logo\/image\/","url":"https:\/\/nuevo-renacer.com\/wp-content\/uploads\/2024\/05\/cropped-LOGO-TERMINADO1-3-3.png","contentUrl":"https:\/\/nuevo-renacer.com\/wp-content\/uploads\/2024\/05\/cropped-LOGO-TERMINADO1-3-3.png","width":512,"height":512,"caption":"UFEC"},"image":{"@id":"https:\/\/nuevo-renacer.com\/#\/schema\/logo\/image\/"},"sameAs":["https:\/\/www.facebook.com\/groups\/3431398063740829"]}]}},"uagb_featured_image_src":{"full":false,"thumbnail":false,"medium":false,"medium_large":false,"large":false,"1536x1536":false,"2048x2048":false,"trp-custom-language-flag":false},"uagb_author_info":{"display_name":"adbv0","author_link":"https:\/\/nuevo-renacer.com\/fr\/author\/adbv0\/"},"uagb_comment_info":0,"uagb_excerpt":"\u00bfQui\u00e9n nos esperar\u00e1 al otro lado de la vida? Esta es una pregunta que en muchas ocasiones nos podemos plantear y que para una gran multitud de personas es una gran inc\u00f3gnita, sobre todo cuando se desconocen aquellos conocimientos que a trav\u00e9s del estudio de la Doctrina de los Esp\u00edritus se pueden adquirir. Debemos comenzar\u2026","jetpack_sharing_enabled":true,"_links":{"self":[{"href":"https:\/\/nuevo-renacer.com\/fr\/wp-json\/wp\/v2\/pages\/6947","targetHints":{"allow":["GET"]}}],"collection":[{"href":"https:\/\/nuevo-renacer.com\/fr\/wp-json\/wp\/v2\/pages"}],"about":[{"href":"https:\/\/nuevo-renacer.com\/fr\/wp-json\/wp\/v2\/types\/page"}],"author":[{"embeddable":true,"href":"https:\/\/nuevo-renacer.com\/fr\/wp-json\/wp\/v2\/users\/1"}],"replies":[{"embeddable":true,"href":"https:\/\/nuevo-renacer.com\/fr\/wp-json\/wp\/v2\/comments?post=6947"}],"version-history":[{"count":1,"href":"https:\/\/nuevo-renacer.com\/fr\/wp-json\/wp\/v2\/pages\/6947\/revisions"}],"predecessor-version":[{"id":6949,"href":"https:\/\/nuevo-renacer.com\/fr\/wp-json\/wp\/v2\/pages\/6947\/revisions\/6949"}],"wp:attachment":[{"href":"https:\/\/nuevo-renacer.com\/fr\/wp-json\/wp\/v2\/media?parent=6947"}],"curies":[{"name":"wp","href":"https:\/\/api.w.org\/{rel}","templated":true}]}}