{"id":6888,"date":"2025-01-28T08:57:09","date_gmt":"2025-01-28T08:57:09","guid":{"rendered":"https:\/\/nuevo-renacer.com\/?page_id=6888"},"modified":"2025-01-28T09:09:21","modified_gmt":"2025-01-28T09:09:21","slug":"jose-augusto-faure-da-rosa","status":"publish","type":"page","link":"https:\/\/nuevo-renacer.com\/fr\/jose-augusto-faure-da-rosa\/","title":{"rendered":"Jos\u00e9 Augusto Faure da Rosa"},"content":{"rendered":"<div class=\"wp-block-uagb-container uagb-block-22675800 alignfull uagb-is-root-container\"><div class=\"uagb-container-inner-blocks-wrap\">\n<p class=\"has-black-color has-text-color has-link-color has-medium-font-size wp-elements-6b76b3d28b1db256f186816ce1854e5c\"><strong>Jos\u00e9 Augusto Faure da Rosa<\/strong><\/p>\n<\/div><\/div>\n\n\n\n<div class=\"wp-block-uagb-container uagb-block-3a1b6c32 alignfull uagb-is-root-container\"><div class=\"uagb-container-inner-blocks-wrap\">\n<figure class=\"wp-block-image size-large is-resized\"><img fetchpriority=\"high\" decoding=\"async\" width=\"1024\" height=\"1024\" src=\"https:\/\/nuevo-renacer.com\/wp-content\/uploads\/2025\/01\/faure_da_rosa_1_1_1200_2500-1024x1024.jpg\" alt=\"\" class=\"wp-image-6889\" style=\"width:291px;height:auto\" srcset=\"https:\/\/nuevo-renacer.com\/wp-content\/uploads\/2025\/01\/faure_da_rosa_1_1_1200_2500-1024x1024.jpg 1024w, https:\/\/nuevo-renacer.com\/wp-content\/uploads\/2025\/01\/faure_da_rosa_1_1_1200_2500-300x300.jpg 300w, https:\/\/nuevo-renacer.com\/wp-content\/uploads\/2025\/01\/faure_da_rosa_1_1_1200_2500-150x150.jpg 150w, https:\/\/nuevo-renacer.com\/wp-content\/uploads\/2025\/01\/faure_da_rosa_1_1_1200_2500-768x768.jpg 768w, https:\/\/nuevo-renacer.com\/wp-content\/uploads\/2025\/01\/faure_da_rosa_1_1_1200_2500-12x12.jpg 12w, https:\/\/nuevo-renacer.com\/wp-content\/uploads\/2025\/01\/faure_da_rosa_1_1_1200_2500.jpg 1200w\" sizes=\"(max-width: 1024px) 100vw, 1024px\" \/><\/figure>\n<\/div><\/div>\n\n\n\n<div class=\"wp-block-uagb-container uagb-block-ababc817 alignfull uagb-is-root-container\"><div class=\"uagb-container-inner-blocks-wrap\">\n<p class=\"has-black-color has-text-color has-link-color has-small-font-size wp-elements-bd5e0832141ab71206fda4ec5b24b10e\">N\u00e9 \u00e0 Leiria (Portugal) le 16 novembre 1873 et d\u00e9c\u00e9d\u00e9 le 8 novembre 1950.<\/p>\n\n\n\n<p class=\"has-black-color has-text-color has-link-color has-small-font-size wp-elements-d49b8516c98a829e1a5a97e04b425fa7\">Le colonel Jos\u00e9 Augusto Faure da Rosa \u00e9tait l'un des spirites les plus connus du Portugal. Il a suivi les cours de l'\u00e9cole militaire et a \u00e9t\u00e9 promu enseigne en 1897. En plus d'\u00eatre militaire, il a \u00e9t\u00e9 professeur de lyc\u00e9e, d'abord \u00e0 Leiria, puis \u00e0 Lisbonne. \u00c0 Lisbonne, il prend de nombreux engagements, se consacrant au journalisme et au th\u00e9\u00e2tre. En collaboration avec Henrique Garland, il traduit deux pi\u00e8ces de th\u00e9\u00e2tre de l'anglais, qui sont jou\u00e9es au th\u00e9\u00e2tre Gin\u00e1sio en 1905.<\/p>\n\n\n\n<p class=\"has-black-color has-text-color has-link-color has-small-font-size wp-elements-30495660133449981fe54651ccbae3a8\">\u00c0 cette \u00e9poque, avec cinq filles et ayant besoin d'augmenter ses ressources financi\u00e8res, il a accept\u00e9 une invitation \u00e0 s'embarquer pour l'Inde, o\u00f9 il a servi pendant 18 ans. Il y occupa diverses fonctions, dont celles de gouverneur de Daman, de chef d'\u00e9tat-major du quartier g\u00e9n\u00e9ral du gouvernement indien, d'administrateur des for\u00eats de Goa, Praganan et Nagar-Avely et, dans ces derniers territoires, de commandant militaire et d'administrateur civil, toutes fonctions qu'il exer\u00e7a avec un rare jugement et un grand sens des responsabilit\u00e9s. Il r\u00e9alisa avec grand succ\u00e8s des essais sur la culture du caoutchouc et d'autres \u00e9tudes importantes, qu'il l\u00e9gua \u00e0 la post\u00e9rit\u00e9 dans ses monographies : \u00ab Mem\u00f3ria da Cultura da Borracha em Goa \u00bb (1908) et \u00ab Mem\u00f3ria da Ensilagem do Capim, em Goa \u00bb ( 1909).<\/p>\n\n\n\n<p class=\"has-black-color has-text-color has-link-color has-small-font-size wp-elements-c8888a450b7e1e78a11b7c9c4e56ebe8\">Lors de la campagne de Timor, en 1912, il commande la colonne d'op\u00e9rations occidentale. Au cours de cette campagne, il est f\u00e9licit\u00e9 par le commandant g\u00e9n\u00e9ral Filomeno de C\u00e2mara dans son \u00ab Rapport \u00bb, car Faure da Rosa, contre l'avis de ses sup\u00e9rieurs, a refus\u00e9 de s\u00e9parer les femmes et les enfants du chef de famille parmi les prisonniers, faisant ainsi preuve d'un grand esprit humaniste. Il termine sa carri\u00e8re dans l'\u00c9tat indien en 1920, date \u00e0 laquelle il rentre au Portugal. En 1922, il est nomm\u00e9 secr\u00e9taire g\u00e9n\u00e9ral du gouvernement de Manica et Sofala et charg\u00e9 du gouvernement de ce m\u00eame territoire, apr\u00e8s quoi, en 1925, il retourne d\u00e9finitivement dans la m\u00e9tropole.<\/p>\n\n\n\n<p class=\"has-black-color has-text-color has-link-color has-small-font-size wp-elements-702a99800886dc5759e0cd6974ab53b2\">En tant que publiciste, ses qualit\u00e9s exceptionnelles d'\u00e9rudit se sont r\u00e9v\u00e9l\u00e9es au cours des deux ann\u00e9es suivantes, en publiant de nombreux articles sur les coop\u00e9ratives, principalement dans le journal \u00ab O Povo \u00bb. Il a re\u00e7u la m\u00e9daille d'argent de la valeur militaire (avec palme), la m\u00e9daille d'or du comportement exemplaire et d'autres m\u00e9dailles pour la campagne de Timor. Il \u00e9tait grand officier de l'ordre militaire d'Aviz. Apr\u00e8s 1926, il a \u00e9t\u00e9 invit\u00e9 \u00e0 devenir gouverneur g\u00e9n\u00e9ral de l'Angola, ce qu'il a refus\u00e9.<\/p>\n\n\n\n<p class=\"has-black-color has-text-color has-link-color has-small-font-size wp-elements-95507337bf977e53223da5c65386c243\">La d\u00e9sincarnation d'une de ses filles, en 1927, le conduit au d\u00e9sespoir et il abandonne toute activit\u00e9 cr\u00e9atrice dans le domaine du coop\u00e9rativisme pour se consacrer exclusivement \u00e0 l'\u00e9tude du spiritisme, au service duquel il met toute son intelligence et un d\u00e9vouement exceptionnel. Il donna un grand nombre de conf\u00e9rences sur la Doctrine des Esprits, dont une en r\u00e9ponse \u00e0 un conf\u00e9rencier belge qui donnait une conf\u00e9rence au th\u00e9\u00e2tre S\u00e3o Lu\u00eds. La conf\u00e9rence de Faure da Rosa s'intitule \u00ab D\u00e9fense du spiritisme \u00bb et constitue une apoth\u00e9ose. Elle eut lieu au cin\u00e9ma Condes et la salle \u00e9tait pleine \u00e0 craquer d'illustres personnages de l'\u00e9poque, m\u00e9decins, avocats, ing\u00e9nieurs, industriels, commer\u00e7ants, artistes et autres personnes de renom.<\/p>\n\n\n\n<p class=\"has-black-color has-text-color has-link-color has-small-font-size wp-elements-6cb155425046f95df8e0fe7b1e5d50f3\">Francisco de Melo e Noronha a \u00e9voqu\u00e9 la personnalit\u00e9 du colonel Faure da Rosa dans une lettre lue \u00e0 l'occasion de l'hommage posthume qui lui a \u00e9t\u00e9 rendu \u00e0 l'occasion du premier anniversaire de sa mort. \u00ab L'hommage rendu dans ce Centre utile et rayonnant, qui comm\u00e9more le premier anniversaire de la date \u00e0 laquelle l'esprit lucide de notre distingu\u00e9 confr\u00e8re le colonel Faure da Rosa s'est d\u00e9sincarn\u00e9 de son corps mat\u00e9riel, est extr\u00eamement justifi\u00e9.<\/p>\n\n\n\n<p class=\"has-black-color has-text-color has-link-color has-small-font-size wp-elements-bcc430be6ae286f6f70e4a8905009b7a\">Je me rends compte que je peux le d\u00e9finir en reprenant les mots de Pyrrhus sur un exemple romain : \u00ab Ille est Fabricius, qui dificilius ab honestate, quam sob a curou suo, avert potest \u00bb. En effet, digne d'aide, le soleil s'\u00e9carterait plus facilement de sa course que lui du chemin de l'honneur. Il embrassa la carri\u00e8re militaire, servit son pays, en m\u00e9tropole et outre-mer, et, sans tache, porta toujours son uniforme, respecta toujours son serment de soldat. C'est ainsi qu'il a rendu le dernier souffle de son existence contemporaine. C'est ainsi que son \u00e2me, purifi\u00e9e et ayant franchi le voile, sera d\u00e9sormais honor\u00e9e d'une gloire m\u00e9rit\u00e9e dans le monde ineffable.<\/p>\n\n\n\n<p class=\"has-black-color has-text-color has-link-color has-small-font-size wp-elements-2d2fc16002544d18864106a3f32b9437\">Mais l\u00e0 o\u00f9 Faure da Rosa a atteint des proportions de p\u00e8lerin et a li\u00e9 son nom \u00e0 un prestige ind\u00e9l\u00e9bile, c'est parmi nous, dans ce milieu d'\u00e9tude et d'asc\u00e8se, dans cette atmosph\u00e8re de raison, d'exp\u00e9rience et de fraternit\u00e9. Ses lignes physiologiques t\u00e9moignaient d'une bont\u00e9 que ses mani\u00e8res ne d\u00e9mentaient pas, et en cela il r\u00e9v\u00e9lait une \u00e9ducation fine et minutieuse qui, d\u00e8s le d\u00e9but de nos relations personnelles, suscita ma franche sympathie.<\/p>\n\n\n\n<p class=\"has-black-color has-text-color has-link-color has-small-font-size wp-elements-8b050eede83fc31b2b6afe4e4beb3986\">Et lorsqu'un jour, \u00e0 l'invitation passionnante de Son Excellence, alors Pr\u00e9sident de la F\u00e9d\u00e9ration Spirite Portugaise, j'y donnai une conf\u00e9rence, le regrett\u00e9 Colonel m'informa dans une lettre pr\u00e9c\u00e9dente que, pour m'\u00e9viter de passer la nuit dans le froid en traversant le Tage, sur la rive gauche duquel j'habite, il avait fix\u00e9 une heure plus t\u00f4t que d'habitude, faisant ainsi un changement d'une d\u00e9licate gentillesse, pour lequel je lui suis tr\u00e8s reconnaissant. Ap\u00f4tre \u00e9minent du Spiritisme, qui parlait avec courage, avec une vaste \u00e9rudition, une logique impeccable et une herm\u00e9neutique solide, il est incontestable qu'il a rendu \u00e0 la cause des services vraiment inhabituels, ses discours, ses allocutions et ses conf\u00e9rences \u00e9tant des le\u00e7ons pr\u00e9cieuses et ses ouvrages imprim\u00e9s de magnifiques sources de r\u00e9f\u00e9rence.<\/p>\n\n\n\n<p class=\"has-black-color has-text-color has-link-color has-small-font-size wp-elements-8ae76be9a62d8e01e6a72842986ac03d\">On peut affirmer p\u00e9remptoirement que Faure da Rosa n'a jamais \u00e9crit sur la science et la conscience. Il \u00e9tait exhaustif jusqu'au moindre d\u00e9tail et ne manquait pas d'\u00e9l\u00e9gance dans l'orthographe et l'\u00e9locution. \u00ab En un certain sens, il partageait le caract\u00e8re et la structure psychique d'Allan Kardec, sans rien enlever \u00e0 l'\u00e9clat de son \u00e2me et \u00e0 la valeur intrins\u00e8que de sa propre personnalit\u00e9 \u00bb.<\/p>\n\n\n\n<p class=\"has-black-color has-text-color has-link-color has-small-font-size wp-elements-1266e99f98d411819e8523a3bace8658\">Faure da Rosa a \u00e9t\u00e9 pr\u00e9sident de la F\u00e9d\u00e9ration spirite portugaise, fonction qu'il a exerc\u00e9e avec dignit\u00e9 et efficacit\u00e9.<\/p>\n<\/div><\/div>\n\n\n\n<div class=\"wp-block-uagb-container uagb-block-6ce46d53 alignfull uagb-is-root-container\"><div class=\"uagb-container-inner-blocks-wrap\"><\/div><\/div>\n\n\n\n<div class=\"wp-block-uagb-container uagb-block-f12f46d3 alignfull uagb-is-root-container\"><div class=\"uagb-container-inner-blocks-wrap\"><\/div><\/div>","protected":false},"excerpt":{"rendered":"<p>Jos\u00e9 Augusto Faure da Rosa Naci\u00f3 en Leiria (Portugal) el 16 de noviembre de 1873 y falleci\u00f3 el 8 de noviembre de 1950. El coronel Jos\u00e9 Augusto Faure da Rosa fue uno de los espiritistas m\u00e1s notables de Portugal. Asisti\u00f3 a la Escuela del Ej\u00e9rcito y fue ascendido a alf\u00e9rez en 1897. Adem\u00e1s de militar, [&hellip;]<\/p>","protected":false},"author":1,"featured_media":0,"parent":0,"menu_order":0,"comment_status":"closed","ping_status":"closed","template":"","meta":{"_uag_custom_page_level_css":"","site-sidebar-layout":"default","site-content-layout":"","ast-site-content-layout":"default","site-content-style":"default","site-sidebar-style":"default","ast-global-header-display":"","ast-banner-title-visibility":"","ast-main-header-display":"","ast-hfb-above-header-display":"","ast-hfb-below-header-display":"","ast-hfb-mobile-header-display":"","site-post-title":"disabled","ast-breadcrumbs-content":"","ast-featured-img":"","footer-sml-layout":"","theme-transparent-header-meta":"","adv-header-id-meta":"","stick-header-meta":"","header-above-stick-meta":"","header-main-stick-meta":"","header-below-stick-meta":"","astra-migrate-meta-layouts":"set","ast-page-background-enabled":"default","ast-page-background-meta":{"desktop":{"background-color":"var(--ast-global-color-4)","background-image":"","background-repeat":"repeat","background-position":"center center","background-size":"auto","background-attachment":"scroll","background-type":"","background-media":"","overlay-type":"","overlay-color":"","overlay-opacity":"","overlay-gradient":""},"tablet":{"background-color":"","background-image":"","background-repeat":"repeat","background-position":"center center","background-size":"auto","background-attachment":"scroll","background-type":"","background-media":"","overlay-type":"","overlay-color":"","overlay-opacity":"","overlay-gradient":""},"mobile":{"background-color":"","background-image":"","background-repeat":"repeat","background-position":"center center","background-size":"auto","background-attachment":"scroll","background-type":"","background-media":"","overlay-type":"","overlay-color":"","overlay-opacity":"","overlay-gradient":""}},"ast-content-background-meta":{"desktop":{"background-color":"var(--ast-global-color-5)","background-image":"","background-repeat":"repeat","background-position":"center center","background-size":"auto","background-attachment":"scroll","background-type":"","background-media":"","overlay-type":"","overlay-color":"","overlay-opacity":"","overlay-gradient":""},"tablet":{"background-color":"var(--ast-global-color-5)","background-image":"","background-repeat":"repeat","background-position":"center center","background-size":"auto","background-attachment":"scroll","background-type":"","background-media":"","overlay-type":"","overlay-color":"","overlay-opacity":"","overlay-gradient":""},"mobile":{"background-color":"var(--ast-global-color-5)","background-image":"","background-repeat":"repeat","background-position":"center center","background-size":"auto","background-attachment":"scroll","background-type":"","background-media":"","overlay-type":"","overlay-color":"","overlay-opacity":"","overlay-gradient":""}},"footnotes":""},"class_list":["post-6888","page","type-page","status-publish","hentry"],"yoast_head":"<!-- This site is optimized with the Yoast SEO Premium plugin v24.2 (Yoast SEO v24.6) - https:\/\/yoast.com\/wordpress\/plugins\/seo\/ -->\n<title>Jos\u00e9 Augusto Faure da Rosa - Uni\u00f3n Esp\u00edrita<\/title>\n<meta name=\"robots\" content=\"index, follow, max-snippet:-1, max-image-preview:large, max-video-preview:-1\" \/>\n<link rel=\"canonical\" href=\"https:\/\/nuevo-renacer.com\/fr\/jose-augusto-faure-da-rosa\/\" \/>\n<meta property=\"og:locale\" content=\"fr_FR\" \/>\n<meta property=\"og:type\" content=\"article\" \/>\n<meta property=\"og:title\" content=\"Jos\u00e9 Augusto Faure da Rosa\" \/>\n<meta property=\"og:description\" content=\"Jos\u00e9 Augusto Faure da Rosa Naci\u00f3 en Leiria (Portugal) el 16 de noviembre de 1873 y falleci\u00f3 el 8 de noviembre de 1950. El coronel Jos\u00e9 Augusto Faure da Rosa fue uno de los espiritistas m\u00e1s notables de Portugal. Asisti\u00f3 a la Escuela del Ej\u00e9rcito y fue ascendido a alf\u00e9rez en 1897. Adem\u00e1s de militar, [&hellip;]\" \/>\n<meta property=\"og:url\" content=\"https:\/\/nuevo-renacer.com\/fr\/jose-augusto-faure-da-rosa\/\" \/>\n<meta property=\"og:site_name\" content=\"Uni\u00f3n Esp\u00edrita\" \/>\n<meta property=\"article:publisher\" content=\"https:\/\/www.facebook.com\/groups\/3431398063740829\" \/>\n<meta property=\"article:modified_time\" content=\"2025-01-28T09:09:21+00:00\" \/>\n<meta property=\"og:image\" content=\"https:\/\/nuevo-renacer.com\/wp-content\/uploads\/2025\/01\/faure_da_rosa_1_1_1200_2500.jpg\" \/>\n\t<meta property=\"og:image:width\" content=\"1200\" \/>\n\t<meta property=\"og:image:height\" content=\"1200\" \/>\n\t<meta property=\"og:image:type\" content=\"image\/jpeg\" \/>\n<meta name=\"twitter:card\" content=\"summary_large_image\" \/>\n<meta name=\"twitter:label1\" content=\"Dur\u00e9e de lecture estim\u00e9e\" \/>\n\t<meta name=\"twitter:data1\" content=\"6 minutes\" \/>\n<script type=\"application\/ld+json\" class=\"yoast-schema-graph\">{\"@context\":\"https:\/\/schema.org\",\"@graph\":[{\"@type\":\"WebPage\",\"@id\":\"https:\/\/nuevo-renacer.com\/jose-augusto-faure-da-rosa\/\",\"url\":\"https:\/\/nuevo-renacer.com\/jose-augusto-faure-da-rosa\/\",\"name\":\"Jos\u00e9 Augusto Faure da Rosa - Uni\u00f3n Esp\u00edrita\",\"isPartOf\":{\"@id\":\"https:\/\/nuevo-renacer.com\/#website\"},\"primaryImageOfPage\":{\"@id\":\"https:\/\/nuevo-renacer.com\/jose-augusto-faure-da-rosa\/#primaryimage\"},\"image\":{\"@id\":\"https:\/\/nuevo-renacer.com\/jose-augusto-faure-da-rosa\/#primaryimage\"},\"thumbnailUrl\":\"https:\/\/nuevo-renacer.com\/wp-content\/uploads\/2025\/01\/faure_da_rosa_1_1_1200_2500-1024x1024.jpg\",\"datePublished\":\"2025-01-28T08:57:09+00:00\",\"dateModified\":\"2025-01-28T09:09:21+00:00\",\"breadcrumb\":{\"@id\":\"https:\/\/nuevo-renacer.com\/jose-augusto-faure-da-rosa\/#breadcrumb\"},\"inLanguage\":\"fr-FR\",\"potentialAction\":[{\"@type\":\"ReadAction\",\"target\":[\"https:\/\/nuevo-renacer.com\/jose-augusto-faure-da-rosa\/\"]}]},{\"@type\":\"ImageObject\",\"inLanguage\":\"fr-FR\",\"@id\":\"https:\/\/nuevo-renacer.com\/jose-augusto-faure-da-rosa\/#primaryimage\",\"url\":\"https:\/\/nuevo-renacer.com\/wp-content\/uploads\/2025\/01\/faure_da_rosa_1_1_1200_2500-1024x1024.jpg\",\"contentUrl\":\"https:\/\/nuevo-renacer.com\/wp-content\/uploads\/2025\/01\/faure_da_rosa_1_1_1200_2500-1024x1024.jpg\"},{\"@type\":\"BreadcrumbList\",\"@id\":\"https:\/\/nuevo-renacer.com\/jose-augusto-faure-da-rosa\/#breadcrumb\",\"itemListElement\":[{\"@type\":\"ListItem\",\"position\":1,\"name\":\"Startseite\",\"item\":\"https:\/\/nuevo-renacer.com\/\"},{\"@type\":\"ListItem\",\"position\":2,\"name\":\"Jos\u00e9 Augusto Faure da Rosa\"}]},{\"@type\":\"WebSite\",\"@id\":\"https:\/\/nuevo-renacer.com\/#website\",\"url\":\"https:\/\/nuevo-renacer.com\/\",\"name\":\"Uni\u00f3n Esp\u00edrita\",\"description\":\"Nuevo Renacer\",\"publisher\":{\"@id\":\"https:\/\/nuevo-renacer.com\/#organization\"},\"potentialAction\":[{\"@type\":\"SearchAction\",\"target\":{\"@type\":\"EntryPoint\",\"urlTemplate\":\"https:\/\/nuevo-renacer.com\/?s={search_term_string}\"},\"query-input\":{\"@type\":\"PropertyValueSpecification\",\"valueRequired\":true,\"valueName\":\"search_term_string\"}}],\"inLanguage\":\"fr-FR\"},{\"@type\":\"Organization\",\"@id\":\"https:\/\/nuevo-renacer.com\/#organization\",\"name\":\"UFEC\",\"url\":\"https:\/\/nuevo-renacer.com\/\",\"logo\":{\"@type\":\"ImageObject\",\"inLanguage\":\"fr-FR\",\"@id\":\"https:\/\/nuevo-renacer.com\/#\/schema\/logo\/image\/\",\"url\":\"https:\/\/nuevo-renacer.com\/wp-content\/uploads\/2024\/05\/cropped-LOGO-TERMINADO1-3-3.png\",\"contentUrl\":\"https:\/\/nuevo-renacer.com\/wp-content\/uploads\/2024\/05\/cropped-LOGO-TERMINADO1-3-3.png\",\"width\":512,\"height\":512,\"caption\":\"UFEC\"},\"image\":{\"@id\":\"https:\/\/nuevo-renacer.com\/#\/schema\/logo\/image\/\"},\"sameAs\":[\"https:\/\/www.facebook.com\/groups\/3431398063740829\"]}]}<\/script>\n<!-- \/ Yoast SEO Premium plugin. -->","yoast_head_json":{"title":"Jos\u00e9 Augusto Faure da Rosa - Uni\u00f3n Esp\u00edrita","robots":{"index":"index","follow":"follow","max-snippet":"max-snippet:-1","max-image-preview":"max-image-preview:large","max-video-preview":"max-video-preview:-1"},"canonical":"https:\/\/nuevo-renacer.com\/fr\/jose-augusto-faure-da-rosa\/","og_locale":"fr_FR","og_type":"article","og_title":"Jos\u00e9 Augusto Faure da Rosa","og_description":"Jos\u00e9 Augusto Faure da Rosa Naci\u00f3 en Leiria (Portugal) el 16 de noviembre de 1873 y falleci\u00f3 el 8 de noviembre de 1950. El coronel Jos\u00e9 Augusto Faure da Rosa fue uno de los espiritistas m\u00e1s notables de Portugal. Asisti\u00f3 a la Escuela del Ej\u00e9rcito y fue ascendido a alf\u00e9rez en 1897. Adem\u00e1s de militar, [&hellip;]","og_url":"https:\/\/nuevo-renacer.com\/fr\/jose-augusto-faure-da-rosa\/","og_site_name":"Uni\u00f3n Esp\u00edrita","article_publisher":"https:\/\/www.facebook.com\/groups\/3431398063740829","article_modified_time":"2025-01-28T09:09:21+00:00","og_image":[{"width":1200,"height":1200,"url":"https:\/\/nuevo-renacer.com\/wp-content\/uploads\/2025\/01\/faure_da_rosa_1_1_1200_2500.jpg","type":"image\/jpeg"}],"twitter_card":"summary_large_image","twitter_misc":{"Dur\u00e9e de lecture estim\u00e9e":"6 minutes"},"schema":{"@context":"https:\/\/schema.org","@graph":[{"@type":"WebPage","@id":"https:\/\/nuevo-renacer.com\/jose-augusto-faure-da-rosa\/","url":"https:\/\/nuevo-renacer.com\/jose-augusto-faure-da-rosa\/","name":"Jos\u00e9 Augusto Faure da Rosa - Uni\u00f3n Esp\u00edrita","isPartOf":{"@id":"https:\/\/nuevo-renacer.com\/#website"},"primaryImageOfPage":{"@id":"https:\/\/nuevo-renacer.com\/jose-augusto-faure-da-rosa\/#primaryimage"},"image":{"@id":"https:\/\/nuevo-renacer.com\/jose-augusto-faure-da-rosa\/#primaryimage"},"thumbnailUrl":"https:\/\/nuevo-renacer.com\/wp-content\/uploads\/2025\/01\/faure_da_rosa_1_1_1200_2500-1024x1024.jpg","datePublished":"2025-01-28T08:57:09+00:00","dateModified":"2025-01-28T09:09:21+00:00","breadcrumb":{"@id":"https:\/\/nuevo-renacer.com\/jose-augusto-faure-da-rosa\/#breadcrumb"},"inLanguage":"fr-FR","potentialAction":[{"@type":"ReadAction","target":["https:\/\/nuevo-renacer.com\/jose-augusto-faure-da-rosa\/"]}]},{"@type":"ImageObject","inLanguage":"fr-FR","@id":"https:\/\/nuevo-renacer.com\/jose-augusto-faure-da-rosa\/#primaryimage","url":"https:\/\/nuevo-renacer.com\/wp-content\/uploads\/2025\/01\/faure_da_rosa_1_1_1200_2500-1024x1024.jpg","contentUrl":"https:\/\/nuevo-renacer.com\/wp-content\/uploads\/2025\/01\/faure_da_rosa_1_1_1200_2500-1024x1024.jpg"},{"@type":"BreadcrumbList","@id":"https:\/\/nuevo-renacer.com\/jose-augusto-faure-da-rosa\/#breadcrumb","itemListElement":[{"@type":"ListItem","position":1,"name":"Startseite","item":"https:\/\/nuevo-renacer.com\/"},{"@type":"ListItem","position":2,"name":"Jos\u00e9 Augusto Faure da Rosa"}]},{"@type":"WebSite","@id":"https:\/\/nuevo-renacer.com\/#website","url":"https:\/\/nuevo-renacer.com\/","name":"Uni\u00f3n Esp\u00edrita","description":"Nuevo Renacer","publisher":{"@id":"https:\/\/nuevo-renacer.com\/#organization"},"potentialAction":[{"@type":"SearchAction","target":{"@type":"EntryPoint","urlTemplate":"https:\/\/nuevo-renacer.com\/?s={search_term_string}"},"query-input":{"@type":"PropertyValueSpecification","valueRequired":true,"valueName":"search_term_string"}}],"inLanguage":"fr-FR"},{"@type":"Organization","@id":"https:\/\/nuevo-renacer.com\/#organization","name":"UFEC","url":"https:\/\/nuevo-renacer.com\/","logo":{"@type":"ImageObject","inLanguage":"fr-FR","@id":"https:\/\/nuevo-renacer.com\/#\/schema\/logo\/image\/","url":"https:\/\/nuevo-renacer.com\/wp-content\/uploads\/2024\/05\/cropped-LOGO-TERMINADO1-3-3.png","contentUrl":"https:\/\/nuevo-renacer.com\/wp-content\/uploads\/2024\/05\/cropped-LOGO-TERMINADO1-3-3.png","width":512,"height":512,"caption":"UFEC"},"image":{"@id":"https:\/\/nuevo-renacer.com\/#\/schema\/logo\/image\/"},"sameAs":["https:\/\/www.facebook.com\/groups\/3431398063740829"]}]}},"uagb_featured_image_src":{"full":false,"thumbnail":false,"medium":false,"medium_large":false,"large":false,"1536x1536":false,"2048x2048":false,"trp-custom-language-flag":false},"uagb_author_info":{"display_name":"adbv0","author_link":"https:\/\/nuevo-renacer.com\/fr\/author\/adbv0\/"},"uagb_comment_info":0,"uagb_excerpt":"Jos\u00e9 Augusto Faure da Rosa Naci\u00f3 en Leiria (Portugal) el 16 de noviembre de 1873 y falleci\u00f3 el 8 de noviembre de 1950. El coronel Jos\u00e9 Augusto Faure da Rosa fue uno de los espiritistas m\u00e1s notables de Portugal. Asisti\u00f3 a la Escuela del Ej\u00e9rcito y fue ascendido a alf\u00e9rez en 1897. Adem\u00e1s de militar,\u2026","jetpack_sharing_enabled":true,"_links":{"self":[{"href":"https:\/\/nuevo-renacer.com\/fr\/wp-json\/wp\/v2\/pages\/6888","targetHints":{"allow":["GET"]}}],"collection":[{"href":"https:\/\/nuevo-renacer.com\/fr\/wp-json\/wp\/v2\/pages"}],"about":[{"href":"https:\/\/nuevo-renacer.com\/fr\/wp-json\/wp\/v2\/types\/page"}],"author":[{"embeddable":true,"href":"https:\/\/nuevo-renacer.com\/fr\/wp-json\/wp\/v2\/users\/1"}],"replies":[{"embeddable":true,"href":"https:\/\/nuevo-renacer.com\/fr\/wp-json\/wp\/v2\/comments?post=6888"}],"version-history":[{"count":2,"href":"https:\/\/nuevo-renacer.com\/fr\/wp-json\/wp\/v2\/pages\/6888\/revisions"}],"predecessor-version":[{"id":6891,"href":"https:\/\/nuevo-renacer.com\/fr\/wp-json\/wp\/v2\/pages\/6888\/revisions\/6891"}],"wp:attachment":[{"href":"https:\/\/nuevo-renacer.com\/fr\/wp-json\/wp\/v2\/media?parent=6888"}],"curies":[{"name":"wp","href":"https:\/\/api.w.org\/{rel}","templated":true}]}}