{"id":6848,"date":"2025-01-22T09:29:16","date_gmt":"2025-01-22T09:29:16","guid":{"rendered":"https:\/\/nuevo-renacer.com\/?page_id=6848"},"modified":"2025-01-22T10:26:09","modified_gmt":"2025-01-22T10:26:09","slug":"maria-oneill","status":"publish","type":"page","link":"https:\/\/nuevo-renacer.com\/fr\/maria-oneill\/","title":{"rendered":"Maria O\u00b4Neill"},"content":{"rendered":"<div class=\"wp-block-uagb-container uagb-block-c3233075 alignfull uagb-is-root-container\"><div class=\"uagb-container-inner-blocks-wrap\">\n<p class=\"has-black-color has-text-color has-link-color has-medium-font-size wp-elements-1fd816dfa191dec6edef56988638b806\"><strong>Maria O\u00b4Neill<\/strong><\/p>\n<\/div><\/div>\n\n\n\n<div class=\"wp-block-uagb-container uagb-block-9b39e03b alignfull uagb-is-root-container\"><div class=\"uagb-container-inner-blocks-wrap\">\n<figure class=\"wp-block-image size-full is-resized\"><img decoding=\"async\" width=\"190\" height=\"217\" src=\"https:\/\/nuevo-renacer.com\/wp-content\/uploads\/2025\/01\/images-1.jpg\" alt=\"\" class=\"wp-image-6855\" style=\"width:233px;height:auto\" srcset=\"https:\/\/nuevo-renacer.com\/wp-content\/uploads\/2025\/01\/images-1.jpg 190w, https:\/\/nuevo-renacer.com\/wp-content\/uploads\/2025\/01\/images-1-11x12.jpg 11w\" sizes=\"(max-width: 190px) 100vw, 190px\" \/><\/figure>\n<\/div><\/div>\n\n\n\n<div class=\"wp-block-uagb-container uagb-block-13a92970 alignfull uagb-is-root-container\"><div class=\"uagb-container-inner-blocks-wrap\">\n<p class=\"has-black-color has-text-color has-link-color has-small-font-size wp-elements-00f8b78d71baa2efc438e560623660bb\">Maria O\u2019Neill, \u00e9crivain, a commenc\u00e9 sa carri\u00e8re dans la th\u00e9osophie et s\u2019est plus tard int\u00e9ress\u00e9e au spiritisme auquel elle a consacr\u00e9 une grande partie de sa vie jusqu\u2019\u00e0 la fin de ses jours. Elle a particip\u00e9 au premier congr\u00e8s spirite portugais et a donn\u00e9 \u00e0 la FEP la plus grande contribution. Elle a fait partie du comit\u00e9 de r\u00e9daction de la revue Espiritismo, \u00e0 laquelle elle a toujours particip\u00e9.<\/p>\n\n\n\n<p class=\"has-black-color has-text-color has-link-color has-small-font-size wp-elements-158e6468cf41ef56dd6236b8076514c0\">Personne \u00ab\u00a0ouverte \u00e0 toutes les peurs et pr\u00e9occupations de la pens\u00e9e, sa vie \u00e9tait un apostolat des id\u00e9es g\u00e9n\u00e9reuses et belles\u00a0\u00bb. Son \u0153uvre litt\u00e9raire, assez vaste, comprenait une collection d\u2019histoires pour enfants qui \u00e9taient consid\u00e9r\u00e9es comme les meilleures \u00e0 l\u2019\u00e9poque en portugais et ont \u00e9t\u00e9 traduites dans diff\u00e9rentes langues. Il a commenc\u00e9 par un livre de po\u00e9sie, \u00ab\u00a0Nimbos\u00a0\u00bb, de Bulh\u00e3o Pato, pr\u00e9c\u00e9d\u00e9 d\u2019autres \u0153uvres, dont certaines de valeur remarquable, comme \u00ab\u00a0La lutte des sentiments\u00a0\u00bb, \u00ab\u00a0Illusion immorale\u00a0\u00bb, \u00ab\u00a0Un drame de la jalousie\u00a0\u00bb, \u00ab\u00a0L\u2019amour est souffrance\u00a0\u00bb, \u00abUn heureux engagement\u00bb, \u00abLes psaumes de l\u2019amour\u00bb, \u00abLa vraie vie\u00bb, \u00abLes \u00e2mes f\u00e9minines\u00bb, \u00abLa vip\u00e8re\u00bb, \u00abLes feuilles en vrac\u00bb, \u00abLa cha\u00eene de V\u00e9ra\u00bb, \u00abL\u2019amour atteint tout\u00bb.<\/p>\n\n\n\n<p class=\"has-black-color has-text-color has-link-color has-small-font-size wp-elements-5c2f9648088b10c021560ddc9b3eda78\">Leur activit\u00e9 philanthropique n\u2019a pas \u00e9t\u00e9 moins f\u00e9conde, parce qu\u2019elle a \u00e9t\u00e9 amen\u00e9e par sa grandeur morale \u00e0 \u00eatre discr\u00e8te, \u00e0 faire le bien sans participation, Distribuer aux n\u00e9cessiteux, avec une simplicit\u00e9 maternelle, les \u00e9conomies et la production de leurs \u0153uvres litt\u00e9raires.<\/p>\n\n\n\n<p class=\"has-black-color has-text-color has-link-color has-small-font-size wp-elements-30eb9bac137f6b1ae9f82625dec460b0\">La compagne et enseignante, qui \u00e9tait d\u00e9di\u00e9e comme peu \u00e0 la F\u00e9d\u00e9ration spirite portugaise, avait l\u2019id\u00e9al qu\u2019elle rendait visible par la d\u00e9mystification et la puret\u00e9 dont elle savait le servir... Femme de grande culture, membre de l\u2019Acad\u00e9mie des lettres, avait toujours \u00e9t\u00e9 un esprit brillant et un caract\u00e8re sup\u00e9rieur... Au sein de la FEP, elle a \u00e9t\u00e9 un \u00e9l\u00e9ment de coordination et d\u2019harmonisation entre ceux qui \u00e9taient parfois en d\u00e9saccord, ce qui l\u2019a amen\u00e9e \u00e0 reconsid\u00e9rer ses attitudes, parfois consid\u00e9r\u00e9es comme insolubles.<\/p>\n\n\n\n<p class=\"has-black-color has-text-color has-link-color has-small-font-size wp-elements-2e31a25b4d4cae7d36fd0b2c32d4d119\">Maria O\u2019Neill surprit tous ceux qui l\u2019entendirent avec sa parole l\u00e9g\u00e8re, sa clart\u00e9 et son raisonnement clair. Une vraie femme d\u2019armes se d\u00e9ploie dans les conf\u00e9rences, en apportant un soutien particulier aux spirites de l\u2019Algarve et de l\u2019Alentejo qu\u2019elle invite souvent \u00e0 assister \u00e0 des conf\u00e9rences. On a pu trouver plusieurs r\u00e9f\u00e9rences louables \u00e0 Maria O\u2019Neill dans \"Com\u00e9rcio do Porto\" (17-11-1929), \"Gazeta de Coimbra\" (28-11-1929), \"O Primeiro de Janeiro\" (28-11-1929), parmi beaucoup d\u2019autres journaux c\u00e9l\u00e8bres de l\u2019\u00e9poque.<\/p>\n\n\n\n<p class=\"has-black-color has-text-color has-link-color has-small-font-size wp-elements-45cf388f6f704720cfcea050e8d8aec0\">En 1930, elle se rend au Br\u00e9sil o\u00f9 elle donne une s\u00e9rie de conf\u00e9rences sur des sujets litt\u00e9raires et spirites. Le succ\u00e8s est grand dans les pays de Santa Cruz. Elle retourne \u00e0 Lisbonne et se rend au Br\u00e9sil, cette fois en f\u00e9vrier\u00a01932, o\u00f9 elle attend de nombreuses conf\u00e9rences sur le spiritisme. Son \u00e9tat de sant\u00e9 \u00e9tait assez grave lorsqu\u2019elle a atterri \u00e0 Bahia et qu\u2019elle a d\u00e9cid\u00e9 de rentrer \u00e0 Lisbonne.<\/p>\n\n\n\n<p class=\"has-black-color has-text-color has-link-color has-small-font-size wp-elements-e95907222a0354e45cca5f7a49fcaf75\">Elle meurt en pleine mer, deux jours apr\u00e8s son d\u00e9part pour le retour, le 23\u00a0mars\u00a01932. Son corps a \u00e9t\u00e9 jet\u00e9 \u00e0 la mer, comme le souhaitaient les mystiques hindous avec lesquels Maria O\u2019Neill avait une profonde affinit\u00e9, en tant qu\u2019\u00e9l\u00e8ve d\u2019Annie Besant et de Blawatsky, alors que son esprit immortel, \u00e0 la recherche de nouveaux horizons, demandait d\u2019autres \u00e9tapes de spiritualit\u00e9.<\/p>\n<\/div><\/div>\n\n\n\n<div class=\"wp-block-uagb-container uagb-block-2ca14fd4 alignfull uagb-is-root-container\"><div class=\"uagb-container-inner-blocks-wrap\"><\/div><\/div>\n\n\n\n<div class=\"wp-block-uagb-container uagb-block-bead905b alignfull uagb-is-root-container\"><div class=\"uagb-container-inner-blocks-wrap\"><\/div><\/div>","protected":false},"excerpt":{"rendered":"<p>Maria O\u00b4Neill Mar\u00eda O&#8217;Neill, escritora, se inici\u00f3 en la teosof\u00eda, interes\u00e1ndose posteriormente por el espiritismo, al que dedic\u00f3 hasta el final de sus d\u00edas una gran parte de su existencia. Particip\u00f3 en el I Congreso Esp\u00edrita Portugu\u00e9s y dio a la FEP la m\u00e1s dedicada colaboraci\u00f3n. Fue parte del cuerpo redactor de la revista Espiritismo, [&hellip;]<\/p>","protected":false},"author":1,"featured_media":0,"parent":0,"menu_order":0,"comment_status":"closed","ping_status":"closed","template":"","meta":{"_uag_custom_page_level_css":"","site-sidebar-layout":"default","site-content-layout":"","ast-site-content-layout":"default","site-content-style":"default","site-sidebar-style":"default","ast-global-header-display":"","ast-banner-title-visibility":"","ast-main-header-display":"","ast-hfb-above-header-display":"","ast-hfb-below-header-display":"","ast-hfb-mobile-header-display":"","site-post-title":"disabled","ast-breadcrumbs-content":"","ast-featured-img":"","footer-sml-layout":"","theme-transparent-header-meta":"","adv-header-id-meta":"","stick-header-meta":"","header-above-stick-meta":"","header-main-stick-meta":"","header-below-stick-meta":"","astra-migrate-meta-layouts":"set","ast-page-background-enabled":"default","ast-page-background-meta":{"desktop":{"background-color":"var(--ast-global-color-4)","background-image":"","background-repeat":"repeat","background-position":"center center","background-size":"auto","background-attachment":"scroll","background-type":"","background-media":"","overlay-type":"","overlay-color":"","overlay-opacity":"","overlay-gradient":""},"tablet":{"background-color":"","background-image":"","background-repeat":"repeat","background-position":"center center","background-size":"auto","background-attachment":"scroll","background-type":"","background-media":"","overlay-type":"","overlay-color":"","overlay-opacity":"","overlay-gradient":""},"mobile":{"background-color":"","background-image":"","background-repeat":"repeat","background-position":"center center","background-size":"auto","background-attachment":"scroll","background-type":"","background-media":"","overlay-type":"","overlay-color":"","overlay-opacity":"","overlay-gradient":""}},"ast-content-background-meta":{"desktop":{"background-color":"var(--ast-global-color-5)","background-image":"","background-repeat":"repeat","background-position":"center center","background-size":"auto","background-attachment":"scroll","background-type":"","background-media":"","overlay-type":"","overlay-color":"","overlay-opacity":"","overlay-gradient":""},"tablet":{"background-color":"var(--ast-global-color-5)","background-image":"","background-repeat":"repeat","background-position":"center center","background-size":"auto","background-attachment":"scroll","background-type":"","background-media":"","overlay-type":"","overlay-color":"","overlay-opacity":"","overlay-gradient":""},"mobile":{"background-color":"var(--ast-global-color-5)","background-image":"","background-repeat":"repeat","background-position":"center center","background-size":"auto","background-attachment":"scroll","background-type":"","background-media":"","overlay-type":"","overlay-color":"","overlay-opacity":"","overlay-gradient":""}},"footnotes":""},"class_list":["post-6848","page","type-page","status-publish","hentry"],"yoast_head":"<!-- This site is optimized with the Yoast SEO Premium plugin v24.2 (Yoast SEO v24.6) - https:\/\/yoast.com\/wordpress\/plugins\/seo\/ -->\n<title>Maria O\u00b4Neill - Uni\u00f3n Esp\u00edrita<\/title>\n<meta name=\"robots\" content=\"index, follow, max-snippet:-1, max-image-preview:large, max-video-preview:-1\" \/>\n<link rel=\"canonical\" href=\"https:\/\/nuevo-renacer.com\/fr\/maria-oneill\/\" \/>\n<meta property=\"og:locale\" content=\"fr_FR\" \/>\n<meta property=\"og:type\" content=\"article\" \/>\n<meta property=\"og:title\" content=\"Maria O\u00b4Neill\" \/>\n<meta property=\"og:description\" content=\"Maria O\u00b4Neill Mar\u00eda O&#8217;Neill, escritora, se inici\u00f3 en la teosof\u00eda, interes\u00e1ndose posteriormente por el espiritismo, al que dedic\u00f3 hasta el final de sus d\u00edas una gran parte de su existencia. Particip\u00f3 en el I Congreso Esp\u00edrita Portugu\u00e9s y dio a la FEP la m\u00e1s dedicada colaboraci\u00f3n. Fue parte del cuerpo redactor de la revista Espiritismo, [&hellip;]\" \/>\n<meta property=\"og:url\" content=\"https:\/\/nuevo-renacer.com\/fr\/maria-oneill\/\" \/>\n<meta property=\"og:site_name\" content=\"Uni\u00f3n Esp\u00edrita\" \/>\n<meta property=\"article:publisher\" content=\"https:\/\/www.facebook.com\/groups\/3431398063740829\" \/>\n<meta property=\"article:modified_time\" content=\"2025-01-22T10:26:09+00:00\" \/>\n<meta property=\"og:image\" content=\"https:\/\/nuevo-renacer.com\/wp-content\/uploads\/2025\/01\/images-1.jpg\" \/>\n\t<meta property=\"og:image:width\" content=\"190\" \/>\n\t<meta property=\"og:image:height\" content=\"217\" \/>\n\t<meta property=\"og:image:type\" content=\"image\/jpeg\" \/>\n<meta name=\"twitter:card\" content=\"summary_large_image\" \/>\n<meta name=\"twitter:label1\" content=\"Dur\u00e9e de lecture estim\u00e9e\" \/>\n\t<meta name=\"twitter:data1\" content=\"3 minutes\" \/>\n<script type=\"application\/ld+json\" class=\"yoast-schema-graph\">{\"@context\":\"https:\/\/schema.org\",\"@graph\":[{\"@type\":\"WebPage\",\"@id\":\"https:\/\/nuevo-renacer.com\/maria-oneill\/\",\"url\":\"https:\/\/nuevo-renacer.com\/maria-oneill\/\",\"name\":\"Maria O\u00b4Neill - Uni\u00f3n Esp\u00edrita\",\"isPartOf\":{\"@id\":\"https:\/\/nuevo-renacer.com\/#website\"},\"primaryImageOfPage\":{\"@id\":\"https:\/\/nuevo-renacer.com\/maria-oneill\/#primaryimage\"},\"image\":{\"@id\":\"https:\/\/nuevo-renacer.com\/maria-oneill\/#primaryimage\"},\"thumbnailUrl\":\"https:\/\/nuevo-renacer.com\/wp-content\/uploads\/2025\/01\/images-1.jpg\",\"datePublished\":\"2025-01-22T09:29:16+00:00\",\"dateModified\":\"2025-01-22T10:26:09+00:00\",\"breadcrumb\":{\"@id\":\"https:\/\/nuevo-renacer.com\/maria-oneill\/#breadcrumb\"},\"inLanguage\":\"fr-FR\",\"potentialAction\":[{\"@type\":\"ReadAction\",\"target\":[\"https:\/\/nuevo-renacer.com\/maria-oneill\/\"]}]},{\"@type\":\"ImageObject\",\"inLanguage\":\"fr-FR\",\"@id\":\"https:\/\/nuevo-renacer.com\/maria-oneill\/#primaryimage\",\"url\":\"https:\/\/nuevo-renacer.com\/wp-content\/uploads\/2025\/01\/images-1.jpg\",\"contentUrl\":\"https:\/\/nuevo-renacer.com\/wp-content\/uploads\/2025\/01\/images-1.jpg\"},{\"@type\":\"BreadcrumbList\",\"@id\":\"https:\/\/nuevo-renacer.com\/maria-oneill\/#breadcrumb\",\"itemListElement\":[{\"@type\":\"ListItem\",\"position\":1,\"name\":\"Startseite\",\"item\":\"https:\/\/nuevo-renacer.com\/\"},{\"@type\":\"ListItem\",\"position\":2,\"name\":\"Maria O\u00b4Neill\"}]},{\"@type\":\"WebSite\",\"@id\":\"https:\/\/nuevo-renacer.com\/#website\",\"url\":\"https:\/\/nuevo-renacer.com\/\",\"name\":\"Uni\u00f3n Esp\u00edrita\",\"description\":\"Nuevo Renacer\",\"publisher\":{\"@id\":\"https:\/\/nuevo-renacer.com\/#organization\"},\"potentialAction\":[{\"@type\":\"SearchAction\",\"target\":{\"@type\":\"EntryPoint\",\"urlTemplate\":\"https:\/\/nuevo-renacer.com\/?s={search_term_string}\"},\"query-input\":{\"@type\":\"PropertyValueSpecification\",\"valueRequired\":true,\"valueName\":\"search_term_string\"}}],\"inLanguage\":\"fr-FR\"},{\"@type\":\"Organization\",\"@id\":\"https:\/\/nuevo-renacer.com\/#organization\",\"name\":\"UFEC\",\"url\":\"https:\/\/nuevo-renacer.com\/\",\"logo\":{\"@type\":\"ImageObject\",\"inLanguage\":\"fr-FR\",\"@id\":\"https:\/\/nuevo-renacer.com\/#\/schema\/logo\/image\/\",\"url\":\"https:\/\/nuevo-renacer.com\/wp-content\/uploads\/2024\/05\/cropped-LOGO-TERMINADO1-3-3.png\",\"contentUrl\":\"https:\/\/nuevo-renacer.com\/wp-content\/uploads\/2024\/05\/cropped-LOGO-TERMINADO1-3-3.png\",\"width\":512,\"height\":512,\"caption\":\"UFEC\"},\"image\":{\"@id\":\"https:\/\/nuevo-renacer.com\/#\/schema\/logo\/image\/\"},\"sameAs\":[\"https:\/\/www.facebook.com\/groups\/3431398063740829\"]}]}<\/script>\n<!-- \/ Yoast SEO Premium plugin. -->","yoast_head_json":{"title":"Maria O\u00b4Neill - Uni\u00f3n Esp\u00edrita","robots":{"index":"index","follow":"follow","max-snippet":"max-snippet:-1","max-image-preview":"max-image-preview:large","max-video-preview":"max-video-preview:-1"},"canonical":"https:\/\/nuevo-renacer.com\/fr\/maria-oneill\/","og_locale":"fr_FR","og_type":"article","og_title":"Maria O\u00b4Neill","og_description":"Maria O\u00b4Neill Mar\u00eda O&#8217;Neill, escritora, se inici\u00f3 en la teosof\u00eda, interes\u00e1ndose posteriormente por el espiritismo, al que dedic\u00f3 hasta el final de sus d\u00edas una gran parte de su existencia. Particip\u00f3 en el I Congreso Esp\u00edrita Portugu\u00e9s y dio a la FEP la m\u00e1s dedicada colaboraci\u00f3n. Fue parte del cuerpo redactor de la revista Espiritismo, [&hellip;]","og_url":"https:\/\/nuevo-renacer.com\/fr\/maria-oneill\/","og_site_name":"Uni\u00f3n Esp\u00edrita","article_publisher":"https:\/\/www.facebook.com\/groups\/3431398063740829","article_modified_time":"2025-01-22T10:26:09+00:00","og_image":[{"width":190,"height":217,"url":"https:\/\/nuevo-renacer.com\/wp-content\/uploads\/2025\/01\/images-1.jpg","type":"image\/jpeg"}],"twitter_card":"summary_large_image","twitter_misc":{"Dur\u00e9e de lecture estim\u00e9e":"3 minutes"},"schema":{"@context":"https:\/\/schema.org","@graph":[{"@type":"WebPage","@id":"https:\/\/nuevo-renacer.com\/maria-oneill\/","url":"https:\/\/nuevo-renacer.com\/maria-oneill\/","name":"Maria O\u00b4Neill - Uni\u00f3n Esp\u00edrita","isPartOf":{"@id":"https:\/\/nuevo-renacer.com\/#website"},"primaryImageOfPage":{"@id":"https:\/\/nuevo-renacer.com\/maria-oneill\/#primaryimage"},"image":{"@id":"https:\/\/nuevo-renacer.com\/maria-oneill\/#primaryimage"},"thumbnailUrl":"https:\/\/nuevo-renacer.com\/wp-content\/uploads\/2025\/01\/images-1.jpg","datePublished":"2025-01-22T09:29:16+00:00","dateModified":"2025-01-22T10:26:09+00:00","breadcrumb":{"@id":"https:\/\/nuevo-renacer.com\/maria-oneill\/#breadcrumb"},"inLanguage":"fr-FR","potentialAction":[{"@type":"ReadAction","target":["https:\/\/nuevo-renacer.com\/maria-oneill\/"]}]},{"@type":"ImageObject","inLanguage":"fr-FR","@id":"https:\/\/nuevo-renacer.com\/maria-oneill\/#primaryimage","url":"https:\/\/nuevo-renacer.com\/wp-content\/uploads\/2025\/01\/images-1.jpg","contentUrl":"https:\/\/nuevo-renacer.com\/wp-content\/uploads\/2025\/01\/images-1.jpg"},{"@type":"BreadcrumbList","@id":"https:\/\/nuevo-renacer.com\/maria-oneill\/#breadcrumb","itemListElement":[{"@type":"ListItem","position":1,"name":"Startseite","item":"https:\/\/nuevo-renacer.com\/"},{"@type":"ListItem","position":2,"name":"Maria O\u00b4Neill"}]},{"@type":"WebSite","@id":"https:\/\/nuevo-renacer.com\/#website","url":"https:\/\/nuevo-renacer.com\/","name":"Uni\u00f3n Esp\u00edrita","description":"Nuevo Renacer","publisher":{"@id":"https:\/\/nuevo-renacer.com\/#organization"},"potentialAction":[{"@type":"SearchAction","target":{"@type":"EntryPoint","urlTemplate":"https:\/\/nuevo-renacer.com\/?s={search_term_string}"},"query-input":{"@type":"PropertyValueSpecification","valueRequired":true,"valueName":"search_term_string"}}],"inLanguage":"fr-FR"},{"@type":"Organization","@id":"https:\/\/nuevo-renacer.com\/#organization","name":"UFEC","url":"https:\/\/nuevo-renacer.com\/","logo":{"@type":"ImageObject","inLanguage":"fr-FR","@id":"https:\/\/nuevo-renacer.com\/#\/schema\/logo\/image\/","url":"https:\/\/nuevo-renacer.com\/wp-content\/uploads\/2024\/05\/cropped-LOGO-TERMINADO1-3-3.png","contentUrl":"https:\/\/nuevo-renacer.com\/wp-content\/uploads\/2024\/05\/cropped-LOGO-TERMINADO1-3-3.png","width":512,"height":512,"caption":"UFEC"},"image":{"@id":"https:\/\/nuevo-renacer.com\/#\/schema\/logo\/image\/"},"sameAs":["https:\/\/www.facebook.com\/groups\/3431398063740829"]}]}},"uagb_featured_image_src":{"full":false,"thumbnail":false,"medium":false,"medium_large":false,"large":false,"1536x1536":false,"2048x2048":false,"trp-custom-language-flag":false},"uagb_author_info":{"display_name":"adbv0","author_link":"https:\/\/nuevo-renacer.com\/fr\/author\/adbv0\/"},"uagb_comment_info":0,"uagb_excerpt":"Maria O\u00b4Neill Mar\u00eda O&#8217;Neill, escritora, se inici\u00f3 en la teosof\u00eda, interes\u00e1ndose posteriormente por el espiritismo, al que dedic\u00f3 hasta el final de sus d\u00edas una gran parte de su existencia. Particip\u00f3 en el I Congreso Esp\u00edrita Portugu\u00e9s y dio a la FEP la m\u00e1s dedicada colaboraci\u00f3n. Fue parte del cuerpo redactor de la revista Espiritismo,\u2026","jetpack_sharing_enabled":true,"_links":{"self":[{"href":"https:\/\/nuevo-renacer.com\/fr\/wp-json\/wp\/v2\/pages\/6848","targetHints":{"allow":["GET"]}}],"collection":[{"href":"https:\/\/nuevo-renacer.com\/fr\/wp-json\/wp\/v2\/pages"}],"about":[{"href":"https:\/\/nuevo-renacer.com\/fr\/wp-json\/wp\/v2\/types\/page"}],"author":[{"embeddable":true,"href":"https:\/\/nuevo-renacer.com\/fr\/wp-json\/wp\/v2\/users\/1"}],"replies":[{"embeddable":true,"href":"https:\/\/nuevo-renacer.com\/fr\/wp-json\/wp\/v2\/comments?post=6848"}],"version-history":[{"count":4,"href":"https:\/\/nuevo-renacer.com\/fr\/wp-json\/wp\/v2\/pages\/6848\/revisions"}],"predecessor-version":[{"id":6856,"href":"https:\/\/nuevo-renacer.com\/fr\/wp-json\/wp\/v2\/pages\/6848\/revisions\/6856"}],"wp:attachment":[{"href":"https:\/\/nuevo-renacer.com\/fr\/wp-json\/wp\/v2\/media?parent=6848"}],"curies":[{"name":"wp","href":"https:\/\/api.w.org\/{rel}","templated":true}]}}