{"id":6835,"date":"2025-01-21T08:24:17","date_gmt":"2025-01-21T08:24:17","guid":{"rendered":"https:\/\/nuevo-renacer.com\/?page_id=6835"},"modified":"2025-01-21T10:39:43","modified_gmt":"2025-01-21T10:39:43","slug":"frederic-myers","status":"publish","type":"page","link":"https:\/\/nuevo-renacer.com\/fr\/frederic-myers\/","title":{"rendered":"Frederic Myers"},"content":{"rendered":"<div class=\"wp-block-uagb-container uagb-block-6eb2eb81 alignfull uagb-is-root-container\"><div class=\"uagb-container-inner-blocks-wrap\">\n<p class=\"has-black-color has-text-color has-link-color has-medium-font-size wp-elements-d53ec2fd06ca8da62a6c46247952ab4b\"><strong>Frederic Myers<\/strong><\/p>\n<\/div><\/div>\n\n\n\n<div class=\"wp-block-uagb-container uagb-block-471fba8b alignfull uagb-is-root-container\"><div class=\"uagb-container-inner-blocks-wrap\">\n<figure class=\"wp-block-image size-large is-resized\"><img fetchpriority=\"high\" decoding=\"async\" width=\"829\" height=\"1024\" src=\"https:\/\/nuevo-renacer.com\/wp-content\/uploads\/2025\/01\/Frederic_William_Henry_Myers_by_William_Clarke_Wontner-829x1024.jpg\" alt=\"\" class=\"wp-image-6836\" style=\"width:286px;height:auto\" srcset=\"https:\/\/nuevo-renacer.com\/wp-content\/uploads\/2025\/01\/Frederic_William_Henry_Myers_by_William_Clarke_Wontner-829x1024.jpg 829w, https:\/\/nuevo-renacer.com\/wp-content\/uploads\/2025\/01\/Frederic_William_Henry_Myers_by_William_Clarke_Wontner-243x300.jpg 243w, https:\/\/nuevo-renacer.com\/wp-content\/uploads\/2025\/01\/Frederic_William_Henry_Myers_by_William_Clarke_Wontner-768x949.jpg 768w, https:\/\/nuevo-renacer.com\/wp-content\/uploads\/2025\/01\/Frederic_William_Henry_Myers_by_William_Clarke_Wontner-1243x1536.jpg 1243w, https:\/\/nuevo-renacer.com\/wp-content\/uploads\/2025\/01\/Frederic_William_Henry_Myers_by_William_Clarke_Wontner-1657x2048.jpg 1657w, https:\/\/nuevo-renacer.com\/wp-content\/uploads\/2025\/01\/Frederic_William_Henry_Myers_by_William_Clarke_Wontner-10x12.jpg 10w\" sizes=\"(max-width: 829px) 100vw, 829px\" \/><\/figure>\n<\/div><\/div>\n\n\n\n<div class=\"wp-block-uagb-container uagb-block-6ec3e696 alignfull uagb-is-root-container\"><div class=\"uagb-container-inner-blocks-wrap\">\n<p class=\"has-black-color has-text-color has-link-color has-small-font-size wp-elements-bf8b4689715d373811840da1f80564d1\">Il est n\u00e9 \u00e0 Keswick (Cumberland), Angleterre, le 6 f\u00e9vrier 1843, et est d\u00e9c\u00e9d\u00e9 \u00e0 Rome, Italie, le 17 janvier 1901.<\/p>\n\n\n\n<p class=\"has-black-color has-text-color has-link-color has-small-font-size wp-elements-78f6a35cd2fd15bf35c1a1a24b1e25ba\">Frederic William Henry Myers, plus connu sous le nom de Frederic Myers, \u00e9tait un homme de lettres anglais, c\u00e9l\u00e8bre pour ses \u00e9crits remarquables et ses \u00e9tudes sur les ph\u00e9nom\u00e8nes spirites.<\/p>\n\n\n\n<p class=\"has-black-color has-text-color has-link-color has-small-font-size wp-elements-684f57c9296ea7eac92d1599f1e18a98\">Il a fait ses \u00e9tudes au Trinity College, \u00e0 Cambridge, et, apr\u00e8s avoir atteint un nombre consid\u00e9rable de victoires, il fut nomm\u00e9 professeur de la centre et, en 1872, l&#039;inspecteur des \u00e9coles du district. En ce moment, il avait d\u00e9j\u00e0 publi\u00e9 un po\u00e8me intitul\u00e9 &#034;S\u00e3o Paulo&#034;. En 1870 et 1872, il publie deux autres volumes de po\u00e9sie. En 1883, il publie ses &#034;Essais, Classique et Moderne&#034;, une \u0153uvre qui atteint remarquable valeur litt\u00e9raire.<\/p>\n\n\n\n<p class=\"has-black-color has-text-color has-link-color has-small-font-size wp-elements-e2e4d893caf949efd7980b1d364cb972\">En 1882, apr\u00e8s plusieurs essais, d&#039;\u00e9tudes et de discussions, a \u00e9t\u00e9 en premi\u00e8re place dans la liste des fondateurs de la &#034;London Society for Psychical Research,&#034; et il est devenu le porte-parole de la soci\u00e9t\u00e9, apporter une pr\u00e9cieuse contribution \u00e0 la r\u00e9vision du chef-d&#039;\u0153uvre de &#034;Fant\u00f4mes de vivants&#034; (1886), dont l&#039;introduction qu&#039;il a \u00e9crit. Il a \u00e9galement \u00e9crit &#034;La science et la vie future.&#034;<\/p>\n\n\n\n<p class=\"has-black-color has-text-color has-link-color has-small-font-size wp-elements-9b7ec8e7da6717630c273ad601b0b1d7\">Apr\u00e8s son desencarnaci\u00f3n, elle a publi\u00e9 son livre &#034;la Personnalit\u00e9 Humaine et de sa Survie de la Mort Corporelle&#034; (La personnalit\u00e9 humaine et de sa survie de la mort corporelle), traduit du portugais avec le titre &#034;Une Personnalit\u00e9 d&#039;un \u00eatre Humain&#034; (L&#039;homme de la personnalit\u00e9), un travail qui \u00e9tait, en fait et en droit, une contribution pr\u00e9cieuse dans le domaine de la recherche psychique, et a \u00e9t\u00e9 qualifi\u00e9e par le sage William James comme la premi\u00e8re tentative de consid\u00e9rer le ph\u00e9nom\u00e8ne de l&#039;hallucination, l&#039;hypnotisme, l&#039;op\u00e9rateur et la dualit\u00e9 de la personnalit\u00e9 en tant que parties d&#039;un tout.<\/p>\n\n\n\n<p class=\"has-black-color has-text-color has-link-color has-small-font-size wp-elements-d4e8f2cfcd74dfe717fd53f7cba9aa29\">Son ouvrage &#034;La personnalit\u00e9 humaine&#034; a \u00e9t\u00e9 consacr\u00e9e \u00e0 Henry Sidgwick et Edmond Gurney et est un r\u00e9f\u00e9rentiel de lumineux enseignements. En cela, Il proclame, &#034;ainsi que Socrate est all\u00e9 descendre la philosophie du ciel sur la terre, le moyen Emmanuel Swedenborg est celui qui a soulev\u00e9 la philosophie de la terre vers le ciel&#034;.<\/p>\n\n\n\n<p class=\"has-black-color has-text-color has-link-color has-small-font-size wp-elements-20ec5d11d317a98f644be32863a5abad\">Le spiritisme doit beaucoup \u00e0 Frederic Myers pour l'int\u00e9r\u00eat qu'il a toujours manifest\u00e9 pour l'investigation des ph\u00e9nom\u00e8nes psychiques et pour l'id\u00e9alisme qui l'a guid\u00e9, cherchant \u00e0 convaincre de nombreuses personnes par un travail m\u00e9thodique et la diffusion des v\u00e9rit\u00e9s spirites, par des travaux qui ont eu le m\u00e9rite de sensibiliser de nombreuses personnes notoirement influentes, parmi lesquelles \u00ab Sir \u00bb Arthur Conan Doyle, le g\u00e9nial cr\u00e9ateur de \u00ab Sherlock Holmes \u00bb, qui a m\u00eame d\u00e9clar\u00e9 dans un de ses r\u00e9cits que l'ouvrage de Fr\u00e9d\u00e9ric Myers \u00ab La personnalit\u00e9 humaine \u00bb \u00e9tait celui qui l'avait le plus impressionn\u00e9, contribuant de mani\u00e8re d\u00e9cisive \u00e0 sa conversion au spiritisme.<\/p>\n\n\n\n<p class=\"has-black-color has-text-color has-link-color has-small-font-size wp-elements-58a6b7dbe413ae4792810e2f830f0a6b\">Dans son ouvrage &#034;Histoire du Spiritisme&#034;, Conan Doyle, t\u00e9moigne au sujet de Myers, en disant: &#034;La foi que F. W. H. Myers avait \u00e9t\u00e9 perdu dans le Christianisme a \u00e9t\u00e9 restaur\u00e9 par le Spiritisme&#034;. Dans son livre &#034;La Foi, dit: &#034;je ne peux Pas, dans tous les sens, un profond contraste \u00e0 mes convictions actuelles avec le Christianisme. Je le consid\u00e8re plut\u00f4t comme un d\u00e9veloppement scientifique de l&#039;attitude et l&#039;enseignement du Christ.&#034;<\/p>\n\n\n\n<p class=\"has-black-color has-text-color has-link-color has-small-font-size wp-elements-52b9b3ee7f4afd28c3b52bb92db3363a\">Par cons\u00e9quent, Fr\u00e9d\u00e9ric Myers fut l'un des chercheurs les plus \u00e9rudits du si\u00e8cle dernier et sa contribution \u00e0 la diffusion des postulats spirites fut l'une des plus appr\u00e9ciables.<\/p>\n<\/div><\/div>\n\n\n\n<div class=\"wp-block-uagb-container uagb-block-ec1b0aba alignfull uagb-is-root-container\"><div class=\"uagb-container-inner-blocks-wrap\"><\/div><\/div>\n\n\n\n<div class=\"wp-block-uagb-container uagb-block-714a0535 alignfull uagb-is-root-container\"><div class=\"uagb-container-inner-blocks-wrap\"><\/div><\/div>","protected":false},"excerpt":{"rendered":"<p>Frederic Myers Naci\u00f3 en Keswick (Cumberland), Inglaterra, el 6 de febrero de 1843, y muri\u00f3 en Roma, Italia, el 17 de enero de 1901. Frederic William Henry Myers, m\u00e1s conocido como Frederic Myers, fue un erudito literario ingl\u00e9s, famoso por sus notables escritos y estudios sobre los fen\u00f3menos esp\u00edritas. Se educ\u00f3 en el Trinity College [&hellip;]<\/p>","protected":false},"author":1,"featured_media":0,"parent":0,"menu_order":0,"comment_status":"closed","ping_status":"closed","template":"","meta":{"_uag_custom_page_level_css":"","site-sidebar-layout":"default","site-content-layout":"","ast-site-content-layout":"default","site-content-style":"default","site-sidebar-style":"default","ast-global-header-display":"","ast-banner-title-visibility":"","ast-main-header-display":"","ast-hfb-above-header-display":"","ast-hfb-below-header-display":"","ast-hfb-mobile-header-display":"","site-post-title":"disabled","ast-breadcrumbs-content":"","ast-featured-img":"","footer-sml-layout":"","theme-transparent-header-meta":"","adv-header-id-meta":"","stick-header-meta":"","header-above-stick-meta":"","header-main-stick-meta":"","header-below-stick-meta":"","astra-migrate-meta-layouts":"set","ast-page-background-enabled":"default","ast-page-background-meta":{"desktop":{"background-color":"var(--ast-global-color-4)","background-image":"","background-repeat":"repeat","background-position":"center center","background-size":"auto","background-attachment":"scroll","background-type":"","background-media":"","overlay-type":"","overlay-color":"","overlay-opacity":"","overlay-gradient":""},"tablet":{"background-color":"","background-image":"","background-repeat":"repeat","background-position":"center center","background-size":"auto","background-attachment":"scroll","background-type":"","background-media":"","overlay-type":"","overlay-color":"","overlay-opacity":"","overlay-gradient":""},"mobile":{"background-color":"","background-image":"","background-repeat":"repeat","background-position":"center center","background-size":"auto","background-attachment":"scroll","background-type":"","background-media":"","overlay-type":"","overlay-color":"","overlay-opacity":"","overlay-gradient":""}},"ast-content-background-meta":{"desktop":{"background-color":"var(--ast-global-color-5)","background-image":"","background-repeat":"repeat","background-position":"center center","background-size":"auto","background-attachment":"scroll","background-type":"","background-media":"","overlay-type":"","overlay-color":"","overlay-opacity":"","overlay-gradient":""},"tablet":{"background-color":"var(--ast-global-color-5)","background-image":"","background-repeat":"repeat","background-position":"center center","background-size":"auto","background-attachment":"scroll","background-type":"","background-media":"","overlay-type":"","overlay-color":"","overlay-opacity":"","overlay-gradient":""},"mobile":{"background-color":"var(--ast-global-color-5)","background-image":"","background-repeat":"repeat","background-position":"center center","background-size":"auto","background-attachment":"scroll","background-type":"","background-media":"","overlay-type":"","overlay-color":"","overlay-opacity":"","overlay-gradient":""}},"footnotes":""},"class_list":["post-6835","page","type-page","status-publish","hentry"],"yoast_head":"<!-- This site is optimized with the Yoast SEO Premium plugin v24.2 (Yoast SEO v24.6) - https:\/\/yoast.com\/wordpress\/plugins\/seo\/ -->\n<title>Frederic Myers - Uni\u00f3n Esp\u00edrita<\/title>\n<meta name=\"robots\" content=\"index, follow, max-snippet:-1, max-image-preview:large, max-video-preview:-1\" \/>\n<link rel=\"canonical\" href=\"https:\/\/nuevo-renacer.com\/fr\/frederic-myers\/\" \/>\n<meta property=\"og:locale\" content=\"fr_FR\" \/>\n<meta property=\"og:type\" content=\"article\" \/>\n<meta property=\"og:title\" content=\"Frederic Myers\" \/>\n<meta property=\"og:description\" content=\"Frederic Myers Naci\u00f3 en Keswick (Cumberland), Inglaterra, el 6 de febrero de 1843, y muri\u00f3 en Roma, Italia, el 17 de enero de 1901. Frederic William Henry Myers, m\u00e1s conocido como Frederic Myers, fue un erudito literario ingl\u00e9s, famoso por sus notables escritos y estudios sobre los fen\u00f3menos esp\u00edritas. Se educ\u00f3 en el Trinity College [&hellip;]\" \/>\n<meta property=\"og:url\" content=\"https:\/\/nuevo-renacer.com\/fr\/frederic-myers\/\" \/>\n<meta property=\"og:site_name\" content=\"Uni\u00f3n Esp\u00edrita\" \/>\n<meta property=\"article:publisher\" content=\"https:\/\/www.facebook.com\/groups\/3431398063740829\" \/>\n<meta property=\"article:modified_time\" content=\"2025-01-21T10:39:43+00:00\" \/>\n<meta property=\"og:image\" content=\"https:\/\/nuevo-renacer.com\/wp-content\/uploads\/2025\/01\/Frederic_William_Henry_Myers_by_William_Clarke_Wontner-scaled.jpg\" \/>\n\t<meta property=\"og:image:width\" content=\"2071\" \/>\n\t<meta property=\"og:image:height\" content=\"2560\" \/>\n\t<meta property=\"og:image:type\" content=\"image\/jpeg\" \/>\n<meta name=\"twitter:card\" content=\"summary_large_image\" \/>\n<meta name=\"twitter:label1\" content=\"Dur\u00e9e de lecture estim\u00e9e\" \/>\n\t<meta name=\"twitter:data1\" content=\"4 minutes\" \/>\n<script type=\"application\/ld+json\" class=\"yoast-schema-graph\">{\"@context\":\"https:\/\/schema.org\",\"@graph\":[{\"@type\":\"WebPage\",\"@id\":\"https:\/\/nuevo-renacer.com\/frederic-myers\/\",\"url\":\"https:\/\/nuevo-renacer.com\/frederic-myers\/\",\"name\":\"Frederic Myers - Uni\u00f3n Esp\u00edrita\",\"isPartOf\":{\"@id\":\"https:\/\/nuevo-renacer.com\/#website\"},\"primaryImageOfPage\":{\"@id\":\"https:\/\/nuevo-renacer.com\/frederic-myers\/#primaryimage\"},\"image\":{\"@id\":\"https:\/\/nuevo-renacer.com\/frederic-myers\/#primaryimage\"},\"thumbnailUrl\":\"https:\/\/nuevo-renacer.com\/wp-content\/uploads\/2025\/01\/Frederic_William_Henry_Myers_by_William_Clarke_Wontner-829x1024.jpg\",\"datePublished\":\"2025-01-21T08:24:17+00:00\",\"dateModified\":\"2025-01-21T10:39:43+00:00\",\"breadcrumb\":{\"@id\":\"https:\/\/nuevo-renacer.com\/frederic-myers\/#breadcrumb\"},\"inLanguage\":\"fr-FR\",\"potentialAction\":[{\"@type\":\"ReadAction\",\"target\":[\"https:\/\/nuevo-renacer.com\/frederic-myers\/\"]}]},{\"@type\":\"ImageObject\",\"inLanguage\":\"fr-FR\",\"@id\":\"https:\/\/nuevo-renacer.com\/frederic-myers\/#primaryimage\",\"url\":\"https:\/\/nuevo-renacer.com\/wp-content\/uploads\/2025\/01\/Frederic_William_Henry_Myers_by_William_Clarke_Wontner-829x1024.jpg\",\"contentUrl\":\"https:\/\/nuevo-renacer.com\/wp-content\/uploads\/2025\/01\/Frederic_William_Henry_Myers_by_William_Clarke_Wontner-829x1024.jpg\"},{\"@type\":\"BreadcrumbList\",\"@id\":\"https:\/\/nuevo-renacer.com\/frederic-myers\/#breadcrumb\",\"itemListElement\":[{\"@type\":\"ListItem\",\"position\":1,\"name\":\"Startseite\",\"item\":\"https:\/\/nuevo-renacer.com\/\"},{\"@type\":\"ListItem\",\"position\":2,\"name\":\"Frederic Myers\"}]},{\"@type\":\"WebSite\",\"@id\":\"https:\/\/nuevo-renacer.com\/#website\",\"url\":\"https:\/\/nuevo-renacer.com\/\",\"name\":\"Uni\u00f3n Esp\u00edrita\",\"description\":\"Nuevo Renacer\",\"publisher\":{\"@id\":\"https:\/\/nuevo-renacer.com\/#organization\"},\"potentialAction\":[{\"@type\":\"SearchAction\",\"target\":{\"@type\":\"EntryPoint\",\"urlTemplate\":\"https:\/\/nuevo-renacer.com\/?s={search_term_string}\"},\"query-input\":{\"@type\":\"PropertyValueSpecification\",\"valueRequired\":true,\"valueName\":\"search_term_string\"}}],\"inLanguage\":\"fr-FR\"},{\"@type\":\"Organization\",\"@id\":\"https:\/\/nuevo-renacer.com\/#organization\",\"name\":\"UFEC\",\"url\":\"https:\/\/nuevo-renacer.com\/\",\"logo\":{\"@type\":\"ImageObject\",\"inLanguage\":\"fr-FR\",\"@id\":\"https:\/\/nuevo-renacer.com\/#\/schema\/logo\/image\/\",\"url\":\"https:\/\/nuevo-renacer.com\/wp-content\/uploads\/2024\/05\/cropped-LOGO-TERMINADO1-3-3.png\",\"contentUrl\":\"https:\/\/nuevo-renacer.com\/wp-content\/uploads\/2024\/05\/cropped-LOGO-TERMINADO1-3-3.png\",\"width\":512,\"height\":512,\"caption\":\"UFEC\"},\"image\":{\"@id\":\"https:\/\/nuevo-renacer.com\/#\/schema\/logo\/image\/\"},\"sameAs\":[\"https:\/\/www.facebook.com\/groups\/3431398063740829\"]}]}<\/script>\n<!-- \/ Yoast SEO Premium plugin. -->","yoast_head_json":{"title":"Frederic Myers - Uni\u00f3n Esp\u00edrita","robots":{"index":"index","follow":"follow","max-snippet":"max-snippet:-1","max-image-preview":"max-image-preview:large","max-video-preview":"max-video-preview:-1"},"canonical":"https:\/\/nuevo-renacer.com\/fr\/frederic-myers\/","og_locale":"fr_FR","og_type":"article","og_title":"Frederic Myers","og_description":"Frederic Myers Naci\u00f3 en Keswick (Cumberland), Inglaterra, el 6 de febrero de 1843, y muri\u00f3 en Roma, Italia, el 17 de enero de 1901. Frederic William Henry Myers, m\u00e1s conocido como Frederic Myers, fue un erudito literario ingl\u00e9s, famoso por sus notables escritos y estudios sobre los fen\u00f3menos esp\u00edritas. Se educ\u00f3 en el Trinity College [&hellip;]","og_url":"https:\/\/nuevo-renacer.com\/fr\/frederic-myers\/","og_site_name":"Uni\u00f3n Esp\u00edrita","article_publisher":"https:\/\/www.facebook.com\/groups\/3431398063740829","article_modified_time":"2025-01-21T10:39:43+00:00","og_image":[{"width":2071,"height":2560,"url":"https:\/\/nuevo-renacer.com\/wp-content\/uploads\/2025\/01\/Frederic_William_Henry_Myers_by_William_Clarke_Wontner-scaled.jpg","type":"image\/jpeg"}],"twitter_card":"summary_large_image","twitter_misc":{"Dur\u00e9e de lecture estim\u00e9e":"4 minutes"},"schema":{"@context":"https:\/\/schema.org","@graph":[{"@type":"WebPage","@id":"https:\/\/nuevo-renacer.com\/frederic-myers\/","url":"https:\/\/nuevo-renacer.com\/frederic-myers\/","name":"Frederic Myers - Uni\u00f3n Esp\u00edrita","isPartOf":{"@id":"https:\/\/nuevo-renacer.com\/#website"},"primaryImageOfPage":{"@id":"https:\/\/nuevo-renacer.com\/frederic-myers\/#primaryimage"},"image":{"@id":"https:\/\/nuevo-renacer.com\/frederic-myers\/#primaryimage"},"thumbnailUrl":"https:\/\/nuevo-renacer.com\/wp-content\/uploads\/2025\/01\/Frederic_William_Henry_Myers_by_William_Clarke_Wontner-829x1024.jpg","datePublished":"2025-01-21T08:24:17+00:00","dateModified":"2025-01-21T10:39:43+00:00","breadcrumb":{"@id":"https:\/\/nuevo-renacer.com\/frederic-myers\/#breadcrumb"},"inLanguage":"fr-FR","potentialAction":[{"@type":"ReadAction","target":["https:\/\/nuevo-renacer.com\/frederic-myers\/"]}]},{"@type":"ImageObject","inLanguage":"fr-FR","@id":"https:\/\/nuevo-renacer.com\/frederic-myers\/#primaryimage","url":"https:\/\/nuevo-renacer.com\/wp-content\/uploads\/2025\/01\/Frederic_William_Henry_Myers_by_William_Clarke_Wontner-829x1024.jpg","contentUrl":"https:\/\/nuevo-renacer.com\/wp-content\/uploads\/2025\/01\/Frederic_William_Henry_Myers_by_William_Clarke_Wontner-829x1024.jpg"},{"@type":"BreadcrumbList","@id":"https:\/\/nuevo-renacer.com\/frederic-myers\/#breadcrumb","itemListElement":[{"@type":"ListItem","position":1,"name":"Startseite","item":"https:\/\/nuevo-renacer.com\/"},{"@type":"ListItem","position":2,"name":"Frederic Myers"}]},{"@type":"WebSite","@id":"https:\/\/nuevo-renacer.com\/#website","url":"https:\/\/nuevo-renacer.com\/","name":"Uni\u00f3n Esp\u00edrita","description":"Nuevo Renacer","publisher":{"@id":"https:\/\/nuevo-renacer.com\/#organization"},"potentialAction":[{"@type":"SearchAction","target":{"@type":"EntryPoint","urlTemplate":"https:\/\/nuevo-renacer.com\/?s={search_term_string}"},"query-input":{"@type":"PropertyValueSpecification","valueRequired":true,"valueName":"search_term_string"}}],"inLanguage":"fr-FR"},{"@type":"Organization","@id":"https:\/\/nuevo-renacer.com\/#organization","name":"UFEC","url":"https:\/\/nuevo-renacer.com\/","logo":{"@type":"ImageObject","inLanguage":"fr-FR","@id":"https:\/\/nuevo-renacer.com\/#\/schema\/logo\/image\/","url":"https:\/\/nuevo-renacer.com\/wp-content\/uploads\/2024\/05\/cropped-LOGO-TERMINADO1-3-3.png","contentUrl":"https:\/\/nuevo-renacer.com\/wp-content\/uploads\/2024\/05\/cropped-LOGO-TERMINADO1-3-3.png","width":512,"height":512,"caption":"UFEC"},"image":{"@id":"https:\/\/nuevo-renacer.com\/#\/schema\/logo\/image\/"},"sameAs":["https:\/\/www.facebook.com\/groups\/3431398063740829"]}]}},"uagb_featured_image_src":{"full":false,"thumbnail":false,"medium":false,"medium_large":false,"large":false,"1536x1536":false,"2048x2048":false,"trp-custom-language-flag":false},"uagb_author_info":{"display_name":"adbv0","author_link":"https:\/\/nuevo-renacer.com\/fr\/author\/adbv0\/"},"uagb_comment_info":0,"uagb_excerpt":"Frederic Myers Naci\u00f3 en Keswick (Cumberland), Inglaterra, el 6 de febrero de 1843, y muri\u00f3 en Roma, Italia, el 17 de enero de 1901. Frederic William Henry Myers, m\u00e1s conocido como Frederic Myers, fue un erudito literario ingl\u00e9s, famoso por sus notables escritos y estudios sobre los fen\u00f3menos esp\u00edritas. Se educ\u00f3 en el Trinity College\u2026","jetpack_sharing_enabled":true,"_links":{"self":[{"href":"https:\/\/nuevo-renacer.com\/fr\/wp-json\/wp\/v2\/pages\/6835","targetHints":{"allow":["GET"]}}],"collection":[{"href":"https:\/\/nuevo-renacer.com\/fr\/wp-json\/wp\/v2\/pages"}],"about":[{"href":"https:\/\/nuevo-renacer.com\/fr\/wp-json\/wp\/v2\/types\/page"}],"author":[{"embeddable":true,"href":"https:\/\/nuevo-renacer.com\/fr\/wp-json\/wp\/v2\/users\/1"}],"replies":[{"embeddable":true,"href":"https:\/\/nuevo-renacer.com\/fr\/wp-json\/wp\/v2\/comments?post=6835"}],"version-history":[{"count":5,"href":"https:\/\/nuevo-renacer.com\/fr\/wp-json\/wp\/v2\/pages\/6835\/revisions"}],"predecessor-version":[{"id":6844,"href":"https:\/\/nuevo-renacer.com\/fr\/wp-json\/wp\/v2\/pages\/6835\/revisions\/6844"}],"wp:attachment":[{"href":"https:\/\/nuevo-renacer.com\/fr\/wp-json\/wp\/v2\/media?parent=6835"}],"curies":[{"name":"wp","href":"https:\/\/api.w.org\/{rel}","templated":true}]}}