{"id":6739,"date":"2025-01-09T19:38:21","date_gmt":"2025-01-09T19:38:21","guid":{"rendered":"https:\/\/nuevo-renacer.com\/?page_id=6739"},"modified":"2025-01-09T20:06:13","modified_gmt":"2025-01-09T20:06:13","slug":"los-peligros-del-esoterismo-moderno","status":"publish","type":"page","link":"https:\/\/nuevo-renacer.com\/fr\/los-peligros-del-esoterismo-moderno\/","title":{"rendered":"Los peligros del esoterismo moderno"},"content":{"rendered":"<div class=\"wp-block-uagb-container uagb-block-e2717492 alignfull uagb-is-root-container\"><div class=\"uagb-container-inner-blocks-wrap\">\n<p class=\"has-black-color has-text-color has-link-color has-medium-font-size wp-elements-c690243a72a5b5af796e48080904676c\"><strong>Les dangers de l'\u00e9sot\u00e9risme moderne \u2013 Partie I<\/strong><\/p>\n<\/div><\/div>\n\n\n\n<div class=\"wp-block-uagb-container uagb-block-ccd3a797 alignfull uagb-is-root-container\"><div class=\"uagb-container-inner-blocks-wrap\">\n<figure class=\"wp-block-image size-full is-resized\"><img fetchpriority=\"high\" decoding=\"async\" width=\"626\" height=\"417\" src=\"https:\/\/nuevo-renacer.com\/wp-content\/uploads\/2025\/01\/flache-illustration-des-esoterik-emblems_250484-3172.avif\" alt=\"\" class=\"wp-image-6740\" style=\"width:416px;height:auto\"\/><\/figure>\n<\/div><\/div>\n\n\n\n<div class=\"wp-block-uagb-container uagb-block-ec79e5e5 alignfull uagb-is-root-container\"><div class=\"uagb-container-inner-blocks-wrap\">\n<p class=\"has-black-color has-text-color has-link-color has-small-font-size wp-elements-8feb280c80b08fa4143869abd891fd04\">Chers fr\u00e8res et s\u0153urs,<\/p>\n\n\n\n<p class=\"has-black-color has-text-color has-link-color has-small-font-size wp-elements-86cd4e43939ab34d4d875fb09c1c3abf\">nous voudrions vous parler de l'\u00e9sot\u00e9risme moderne, dont les racines s'\u00e9tendent de plus en plus et dont nous voyons avec inqui\u00e9tude le d\u00e9veloppement et la propagation rapide. Il peut vous sembler inoffensif, mais la v\u00e9rit\u00e9 est que l'\u00e9sot\u00e9risme moderne est un loup menteur d\u00e9guis\u00e9 en agneau, un cancer prolif\u00e9rant dans la psych\u00e9 humaine. C'est l'outil insidieux du mal qui, sous le couvert de l'innocence et de l'amour, avec de doux mensonges et de fausses promesses, s'efforce d'envelopper les \u00e2mes des innocents ignorants dans le voile \u00e9blouissant de la tromperie. Car cela emp\u00eache ces pauvres \u00e2mes de voir les vraies v\u00e9rit\u00e9s divines et rend ainsi le chemin de la r\u00e9demption consid\u00e9rablement plus difficile. Mais ces pauvres \u00e2mes ne sont pas les seules \u00e0 \u00eatre affect\u00e9es par ces exc\u00e8s n\u00e9fastes.<\/p>\n\n\n\n<p class=\"has-black-color has-text-color has-link-color has-small-font-size wp-elements-fda6bae3bfb302d55dd97fcfdd6dcf9d\">Les messages des diff\u00e9rents courants de l'\u00e9sot\u00e9risme moderne sont si perfides dans leur insistance constante sur la lumi\u00e8re et l'amour et la n\u00e9gation stricte de l'existence du n\u00e9gatif, que les pauvres \u00e2mes, dans leur d\u00e9sir exacerb\u00e9 d'un monde parfait dans le royaume du chaos, se croient les \u00e9lus \"guerriers de la lumi\u00e8re\". Mais en r\u00e9alit\u00e9, elles deviennent sans le savoir les bras terrestres tendus des esprits inf\u00e9rieurs trompeurs qui savent les guider habilement. Enivr\u00e9s et d\u00e9pendants de la potion sucr\u00e9e et empoisonn\u00e9e de la coupe des illusions, ils s'accrochent \u00e0 leur drogue du royaume du cr\u00e9puscule. Mais malheur \u00e0 eux si la prise de conscience devient am\u00e8re et le sevrage douloureux. Et personne n'y \u00e9chappe \u00e0 long terme.<\/p>\n\n\n\n<p class=\"has-black-color has-text-color has-link-color has-small-font-size wp-elements-48d8b59491166cc1c9cd919fa7fdbb6e\">Alors \u00e9coutez, fr\u00e8res et s\u0153urs, vous qui \u00eates sur le vrai p\u00e8lerinage, agissez avec sagesse. Ne croyez pas sans filtre toutes les belles paroles qui s'adressent \u00e0 votre bouche et \u00e0 votre d\u00e9sir. Un tel message ne peut jamais provenir d'un \u00eatre spirituel sup\u00e9rieur vertueux. Seuls les esprits inf\u00e9rieurs flattent leurs victimes. Sache que la nature de la v\u00e9rit\u00e9 est sobre, mais claire et empreinte de logique. Pour les ignorants et ceux qui lui r\u00e9sistent, elle est comme un rem\u00e8de amer qui gronde d'abord dans l'estomac, mais qui, apr\u00e8s un certain temps, se transforme en un baume des plus beaux, qui seul gu\u00e9rit.<\/p>\n\n\n\n<p class=\"has-black-color has-text-color has-link-color has-small-font-size wp-elements-7b598d8e4144a3210db49ec9661ac335\">D'o\u00f9 notre appel urgent. Dieu a donn\u00e9 \u00e0 ses enfants une arme puissante pour lutter et se prot\u00e9ger contre la tromperie et la fraude : l'esprit. Ne le laissez pas d\u00e9g\u00e9n\u00e9rer \u00e0 cause d'une saintet\u00e9 (apparente). Utilisez-le comme une \u00e9p\u00e9e tranchante. Ne pensez pas que le ciel exige de vous une foi aveugle. Au contraire, vous devez tester, exp\u00e9rimenter et comprendre par vous-m\u00eames. Ce n'est qu'ainsi que vous reconna\u00eetrez et atteindrez le salut.<\/p>\n\n\n\n<p class=\"has-black-color has-text-color has-link-color has-small-font-size wp-elements-2b497fd1bd501c9728e6689ffd7a783d\">En cela, chers fr\u00e8res et s\u0153urs, vous reconna\u00eetrez la v\u00e9racit\u00e9 du spiritisme, qui se distingue par son caract\u00e8re unique de toutes les religions et de tous les syst\u00e8mes de croyance. Le spiritisme met l'accent sur la fusion de la foi et de la science. En effet, le spiritisme veut cr\u00e9er de la connaissance. C'est pourquoi, si vous voulez \u00eatre de vrais spiritualistes et chercheurs de Graal, qui aiment la v\u00e9rit\u00e9 divine plus que les apparences flatteuses, nous vous conseillons de prendre exemple sur le grand envoy\u00e9 du Spiritisme, Allan Kardec lui-m\u00eame. Avec un amour et une confiance profonds en notre P\u00e8re c\u00e9leste, il a humblement accept\u00e9 la gigantesque t\u00e2che sacr\u00e9e qui lui a \u00e9t\u00e9 confi\u00e9e de s\u00e9parer l'ivraie du bon grain et les messages des esprits les plus purs du mar\u00e9cage des esprits menteurs et trompeurs.<\/p>\n\n\n\n<p class=\"has-black-color has-text-color has-link-color has-small-font-size wp-elements-2e5f93eb91e87a217909a0c440b09caf\">Suivez cet exemple et rien ne s'opposera \u00e0 votre retour \u00e0 la maison, notre maison spirituelle avec Dieu, notre P\u00e8re.<\/p>\n<\/div><\/div>\n\n\n\n<div class=\"wp-block-uagb-container uagb-block-dfce93cb alignfull uagb-is-root-container\"><div class=\"uagb-container-inner-blocks-wrap\"><\/div><\/div>\n\n\n\n<div class=\"wp-block-uagb-container uagb-block-a4dc0e7a alignfull uagb-is-root-container\"><div class=\"uagb-container-inner-blocks-wrap\">\n<p class=\"has-black-color has-text-color has-link-color wp-elements-5fde71f742af771f8f7fe0d7d6b1aef6\"><em>Psicografiado par le moyen Daniela M.<\/em><\/p>\n<\/div><\/div>\n\n\n\n<div class=\"wp-block-uagb-container uagb-block-8d710895 alignfull uagb-is-root-container\"><div class=\"uagb-container-inner-blocks-wrap\"><\/div><\/div>\n\n\n\n<div class=\"wp-block-uagb-container uagb-block-1dafb94d alignfull uagb-is-root-container\"><div class=\"uagb-container-inner-blocks-wrap\"><\/div><\/div>","protected":false},"excerpt":{"rendered":"<p>Los peligros del esoterismo moderno &#8211; Parte I Queridos hermanos y hermanas, nos gustar\u00eda hablaros del esoterismo moderno, cuyas ra\u00edces se est\u00e1n extendiendo cada vez m\u00e1s y cuyo desarrollo y r\u00e1pida propagaci\u00f3n vemos con preocupaci\u00f3n. Puede parecerles inofensivo, pero la verdad es que el esoterismo moderno es un lobo mentiroso con piel de cordero, un [&hellip;]<\/p>","protected":false},"author":1,"featured_media":0,"parent":0,"menu_order":0,"comment_status":"closed","ping_status":"closed","template":"","meta":{"_uag_custom_page_level_css":"","site-sidebar-layout":"default","site-content-layout":"","ast-site-content-layout":"default","site-content-style":"default","site-sidebar-style":"default","ast-global-header-display":"","ast-banner-title-visibility":"","ast-main-header-display":"","ast-hfb-above-header-display":"","ast-hfb-below-header-display":"","ast-hfb-mobile-header-display":"","site-post-title":"disabled","ast-breadcrumbs-content":"","ast-featured-img":"","footer-sml-layout":"","theme-transparent-header-meta":"","adv-header-id-meta":"","stick-header-meta":"","header-above-stick-meta":"","header-main-stick-meta":"","header-below-stick-meta":"","astra-migrate-meta-layouts":"set","ast-page-background-enabled":"default","ast-page-background-meta":{"desktop":{"background-color":"var(--ast-global-color-4)","background-image":"","background-repeat":"repeat","background-position":"center center","background-size":"auto","background-attachment":"scroll","background-type":"","background-media":"","overlay-type":"","overlay-color":"","overlay-opacity":"","overlay-gradient":""},"tablet":{"background-color":"","background-image":"","background-repeat":"repeat","background-position":"center center","background-size":"auto","background-attachment":"scroll","background-type":"","background-media":"","overlay-type":"","overlay-color":"","overlay-opacity":"","overlay-gradient":""},"mobile":{"background-color":"","background-image":"","background-repeat":"repeat","background-position":"center center","background-size":"auto","background-attachment":"scroll","background-type":"","background-media":"","overlay-type":"","overlay-color":"","overlay-opacity":"","overlay-gradient":""}},"ast-content-background-meta":{"desktop":{"background-color":"var(--ast-global-color-5)","background-image":"","background-repeat":"repeat","background-position":"center center","background-size":"auto","background-attachment":"scroll","background-type":"","background-media":"","overlay-type":"","overlay-color":"","overlay-opacity":"","overlay-gradient":""},"tablet":{"background-color":"var(--ast-global-color-5)","background-image":"","background-repeat":"repeat","background-position":"center center","background-size":"auto","background-attachment":"scroll","background-type":"","background-media":"","overlay-type":"","overlay-color":"","overlay-opacity":"","overlay-gradient":""},"mobile":{"background-color":"var(--ast-global-color-5)","background-image":"","background-repeat":"repeat","background-position":"center center","background-size":"auto","background-attachment":"scroll","background-type":"","background-media":"","overlay-type":"","overlay-color":"","overlay-opacity":"","overlay-gradient":""}},"footnotes":""},"class_list":["post-6739","page","type-page","status-publish","hentry"],"yoast_head":"<!-- This site is optimized with the Yoast SEO Premium plugin v24.2 (Yoast SEO v24.6) - https:\/\/yoast.com\/wordpress\/plugins\/seo\/ -->\n<title>Los peligros del esoterismo moderno - Uni\u00f3n Esp\u00edrita<\/title>\n<meta name=\"robots\" content=\"index, follow, max-snippet:-1, max-image-preview:large, max-video-preview:-1\" \/>\n<link rel=\"canonical\" href=\"https:\/\/nuevo-renacer.com\/fr\/los-peligros-del-esoterismo-moderno\/\" \/>\n<meta property=\"og:locale\" content=\"fr_FR\" \/>\n<meta property=\"og:type\" content=\"article\" \/>\n<meta property=\"og:title\" content=\"Los peligros del esoterismo moderno\" \/>\n<meta property=\"og:description\" content=\"Los peligros del esoterismo moderno &#8211; Parte I Queridos hermanos y hermanas, nos gustar\u00eda hablaros del esoterismo moderno, cuyas ra\u00edces se est\u00e1n extendiendo cada vez m\u00e1s y cuyo desarrollo y r\u00e1pida propagaci\u00f3n vemos con preocupaci\u00f3n. Puede parecerles inofensivo, pero la verdad es que el esoterismo moderno es un lobo mentiroso con piel de cordero, un [&hellip;]\" \/>\n<meta property=\"og:url\" content=\"https:\/\/nuevo-renacer.com\/fr\/los-peligros-del-esoterismo-moderno\/\" \/>\n<meta property=\"og:site_name\" content=\"Uni\u00f3n Esp\u00edrita\" \/>\n<meta property=\"article:publisher\" content=\"https:\/\/www.facebook.com\/groups\/3431398063740829\" \/>\n<meta property=\"article:modified_time\" content=\"2025-01-09T20:06:13+00:00\" \/>\n<meta name=\"twitter:card\" content=\"summary_large_image\" \/>\n<meta name=\"twitter:label1\" content=\"Dur\u00e9e de lecture estim\u00e9e\" \/>\n\t<meta name=\"twitter:data1\" content=\"3 minutes\" \/>\n<script type=\"application\/ld+json\" class=\"yoast-schema-graph\">{\"@context\":\"https:\/\/schema.org\",\"@graph\":[{\"@type\":\"WebPage\",\"@id\":\"https:\/\/nuevo-renacer.com\/los-peligros-del-esoterismo-moderno\/\",\"url\":\"https:\/\/nuevo-renacer.com\/los-peligros-del-esoterismo-moderno\/\",\"name\":\"Los peligros del esoterismo moderno - Uni\u00f3n Esp\u00edrita\",\"isPartOf\":{\"@id\":\"https:\/\/nuevo-renacer.com\/#website\"},\"primaryImageOfPage\":{\"@id\":\"https:\/\/nuevo-renacer.com\/los-peligros-del-esoterismo-moderno\/#primaryimage\"},\"image\":{\"@id\":\"https:\/\/nuevo-renacer.com\/los-peligros-del-esoterismo-moderno\/#primaryimage\"},\"thumbnailUrl\":\"https:\/\/nuevo-renacer.com\/wp-content\/uploads\/2025\/01\/flache-illustration-des-esoterik-emblems_250484-3172.avif\",\"datePublished\":\"2025-01-09T19:38:21+00:00\",\"dateModified\":\"2025-01-09T20:06:13+00:00\",\"breadcrumb\":{\"@id\":\"https:\/\/nuevo-renacer.com\/los-peligros-del-esoterismo-moderno\/#breadcrumb\"},\"inLanguage\":\"fr-FR\",\"potentialAction\":[{\"@type\":\"ReadAction\",\"target\":[\"https:\/\/nuevo-renacer.com\/los-peligros-del-esoterismo-moderno\/\"]}]},{\"@type\":\"ImageObject\",\"inLanguage\":\"fr-FR\",\"@id\":\"https:\/\/nuevo-renacer.com\/los-peligros-del-esoterismo-moderno\/#primaryimage\",\"url\":\"https:\/\/nuevo-renacer.com\/wp-content\/uploads\/2025\/01\/flache-illustration-des-esoterik-emblems_250484-3172.avif\",\"contentUrl\":\"https:\/\/nuevo-renacer.com\/wp-content\/uploads\/2025\/01\/flache-illustration-des-esoterik-emblems_250484-3172.avif\"},{\"@type\":\"BreadcrumbList\",\"@id\":\"https:\/\/nuevo-renacer.com\/los-peligros-del-esoterismo-moderno\/#breadcrumb\",\"itemListElement\":[{\"@type\":\"ListItem\",\"position\":1,\"name\":\"Startseite\",\"item\":\"https:\/\/nuevo-renacer.com\/\"},{\"@type\":\"ListItem\",\"position\":2,\"name\":\"Los peligros del esoterismo moderno\"}]},{\"@type\":\"WebSite\",\"@id\":\"https:\/\/nuevo-renacer.com\/#website\",\"url\":\"https:\/\/nuevo-renacer.com\/\",\"name\":\"Uni\u00f3n Esp\u00edrita\",\"description\":\"Nuevo Renacer\",\"publisher\":{\"@id\":\"https:\/\/nuevo-renacer.com\/#organization\"},\"potentialAction\":[{\"@type\":\"SearchAction\",\"target\":{\"@type\":\"EntryPoint\",\"urlTemplate\":\"https:\/\/nuevo-renacer.com\/?s={search_term_string}\"},\"query-input\":{\"@type\":\"PropertyValueSpecification\",\"valueRequired\":true,\"valueName\":\"search_term_string\"}}],\"inLanguage\":\"fr-FR\"},{\"@type\":\"Organization\",\"@id\":\"https:\/\/nuevo-renacer.com\/#organization\",\"name\":\"UFEC\",\"url\":\"https:\/\/nuevo-renacer.com\/\",\"logo\":{\"@type\":\"ImageObject\",\"inLanguage\":\"fr-FR\",\"@id\":\"https:\/\/nuevo-renacer.com\/#\/schema\/logo\/image\/\",\"url\":\"https:\/\/nuevo-renacer.com\/wp-content\/uploads\/2024\/05\/cropped-LOGO-TERMINADO1-3-3.png\",\"contentUrl\":\"https:\/\/nuevo-renacer.com\/wp-content\/uploads\/2024\/05\/cropped-LOGO-TERMINADO1-3-3.png\",\"width\":512,\"height\":512,\"caption\":\"UFEC\"},\"image\":{\"@id\":\"https:\/\/nuevo-renacer.com\/#\/schema\/logo\/image\/\"},\"sameAs\":[\"https:\/\/www.facebook.com\/groups\/3431398063740829\"]}]}<\/script>\n<!-- \/ Yoast SEO Premium plugin. -->","yoast_head_json":{"title":"Los peligros del esoterismo moderno - Uni\u00f3n Esp\u00edrita","robots":{"index":"index","follow":"follow","max-snippet":"max-snippet:-1","max-image-preview":"max-image-preview:large","max-video-preview":"max-video-preview:-1"},"canonical":"https:\/\/nuevo-renacer.com\/fr\/los-peligros-del-esoterismo-moderno\/","og_locale":"fr_FR","og_type":"article","og_title":"Los peligros del esoterismo moderno","og_description":"Los peligros del esoterismo moderno &#8211; Parte I Queridos hermanos y hermanas, nos gustar\u00eda hablaros del esoterismo moderno, cuyas ra\u00edces se est\u00e1n extendiendo cada vez m\u00e1s y cuyo desarrollo y r\u00e1pida propagaci\u00f3n vemos con preocupaci\u00f3n. Puede parecerles inofensivo, pero la verdad es que el esoterismo moderno es un lobo mentiroso con piel de cordero, un [&hellip;]","og_url":"https:\/\/nuevo-renacer.com\/fr\/los-peligros-del-esoterismo-moderno\/","og_site_name":"Uni\u00f3n Esp\u00edrita","article_publisher":"https:\/\/www.facebook.com\/groups\/3431398063740829","article_modified_time":"2025-01-09T20:06:13+00:00","twitter_card":"summary_large_image","twitter_misc":{"Dur\u00e9e de lecture estim\u00e9e":"3 minutes"},"schema":{"@context":"https:\/\/schema.org","@graph":[{"@type":"WebPage","@id":"https:\/\/nuevo-renacer.com\/los-peligros-del-esoterismo-moderno\/","url":"https:\/\/nuevo-renacer.com\/los-peligros-del-esoterismo-moderno\/","name":"Los peligros del esoterismo moderno - Uni\u00f3n Esp\u00edrita","isPartOf":{"@id":"https:\/\/nuevo-renacer.com\/#website"},"primaryImageOfPage":{"@id":"https:\/\/nuevo-renacer.com\/los-peligros-del-esoterismo-moderno\/#primaryimage"},"image":{"@id":"https:\/\/nuevo-renacer.com\/los-peligros-del-esoterismo-moderno\/#primaryimage"},"thumbnailUrl":"https:\/\/nuevo-renacer.com\/wp-content\/uploads\/2025\/01\/flache-illustration-des-esoterik-emblems_250484-3172.avif","datePublished":"2025-01-09T19:38:21+00:00","dateModified":"2025-01-09T20:06:13+00:00","breadcrumb":{"@id":"https:\/\/nuevo-renacer.com\/los-peligros-del-esoterismo-moderno\/#breadcrumb"},"inLanguage":"fr-FR","potentialAction":[{"@type":"ReadAction","target":["https:\/\/nuevo-renacer.com\/los-peligros-del-esoterismo-moderno\/"]}]},{"@type":"ImageObject","inLanguage":"fr-FR","@id":"https:\/\/nuevo-renacer.com\/los-peligros-del-esoterismo-moderno\/#primaryimage","url":"https:\/\/nuevo-renacer.com\/wp-content\/uploads\/2025\/01\/flache-illustration-des-esoterik-emblems_250484-3172.avif","contentUrl":"https:\/\/nuevo-renacer.com\/wp-content\/uploads\/2025\/01\/flache-illustration-des-esoterik-emblems_250484-3172.avif"},{"@type":"BreadcrumbList","@id":"https:\/\/nuevo-renacer.com\/los-peligros-del-esoterismo-moderno\/#breadcrumb","itemListElement":[{"@type":"ListItem","position":1,"name":"Startseite","item":"https:\/\/nuevo-renacer.com\/"},{"@type":"ListItem","position":2,"name":"Los peligros del esoterismo moderno"}]},{"@type":"WebSite","@id":"https:\/\/nuevo-renacer.com\/#website","url":"https:\/\/nuevo-renacer.com\/","name":"Uni\u00f3n Esp\u00edrita","description":"Nuevo Renacer","publisher":{"@id":"https:\/\/nuevo-renacer.com\/#organization"},"potentialAction":[{"@type":"SearchAction","target":{"@type":"EntryPoint","urlTemplate":"https:\/\/nuevo-renacer.com\/?s={search_term_string}"},"query-input":{"@type":"PropertyValueSpecification","valueRequired":true,"valueName":"search_term_string"}}],"inLanguage":"fr-FR"},{"@type":"Organization","@id":"https:\/\/nuevo-renacer.com\/#organization","name":"UFEC","url":"https:\/\/nuevo-renacer.com\/","logo":{"@type":"ImageObject","inLanguage":"fr-FR","@id":"https:\/\/nuevo-renacer.com\/#\/schema\/logo\/image\/","url":"https:\/\/nuevo-renacer.com\/wp-content\/uploads\/2024\/05\/cropped-LOGO-TERMINADO1-3-3.png","contentUrl":"https:\/\/nuevo-renacer.com\/wp-content\/uploads\/2024\/05\/cropped-LOGO-TERMINADO1-3-3.png","width":512,"height":512,"caption":"UFEC"},"image":{"@id":"https:\/\/nuevo-renacer.com\/#\/schema\/logo\/image\/"},"sameAs":["https:\/\/www.facebook.com\/groups\/3431398063740829"]}]}},"uagb_featured_image_src":{"full":false,"thumbnail":false,"medium":false,"medium_large":false,"large":false,"1536x1536":false,"2048x2048":false,"trp-custom-language-flag":false},"uagb_author_info":{"display_name":"adbv0","author_link":"https:\/\/nuevo-renacer.com\/fr\/author\/adbv0\/"},"uagb_comment_info":0,"uagb_excerpt":"Los peligros del esoterismo moderno &#8211; Parte I Queridos hermanos y hermanas, nos gustar\u00eda hablaros del esoterismo moderno, cuyas ra\u00edces se est\u00e1n extendiendo cada vez m\u00e1s y cuyo desarrollo y r\u00e1pida propagaci\u00f3n vemos con preocupaci\u00f3n. Puede parecerles inofensivo, pero la verdad es que el esoterismo moderno es un lobo mentiroso con piel de cordero, un\u2026","jetpack_sharing_enabled":true,"_links":{"self":[{"href":"https:\/\/nuevo-renacer.com\/fr\/wp-json\/wp\/v2\/pages\/6739","targetHints":{"allow":["GET"]}}],"collection":[{"href":"https:\/\/nuevo-renacer.com\/fr\/wp-json\/wp\/v2\/pages"}],"about":[{"href":"https:\/\/nuevo-renacer.com\/fr\/wp-json\/wp\/v2\/types\/page"}],"author":[{"embeddable":true,"href":"https:\/\/nuevo-renacer.com\/fr\/wp-json\/wp\/v2\/users\/1"}],"replies":[{"embeddable":true,"href":"https:\/\/nuevo-renacer.com\/fr\/wp-json\/wp\/v2\/comments?post=6739"}],"version-history":[{"count":4,"href":"https:\/\/nuevo-renacer.com\/fr\/wp-json\/wp\/v2\/pages\/6739\/revisions"}],"predecessor-version":[{"id":6746,"href":"https:\/\/nuevo-renacer.com\/fr\/wp-json\/wp\/v2\/pages\/6739\/revisions\/6746"}],"wp:attachment":[{"href":"https:\/\/nuevo-renacer.com\/fr\/wp-json\/wp\/v2\/media?parent=6739"}],"curies":[{"name":"wp","href":"https:\/\/api.w.org\/{rel}","templated":true}]}}