{"id":6733,"date":"2025-01-09T11:36:07","date_gmt":"2025-01-09T11:36:07","guid":{"rendered":"https:\/\/nuevo-renacer.com\/?page_id=6733"},"modified":"2025-01-09T11:36:07","modified_gmt":"2025-01-09T11:36:07","slug":"william-thomas-stead","status":"publish","type":"page","link":"https:\/\/nuevo-renacer.com\/fr\/william-thomas-stead\/","title":{"rendered":"William Thomas Stead"},"content":{"rendered":"<div class=\"wp-block-uagb-container uagb-block-11104380 alignfull uagb-is-root-container\"><div class=\"uagb-container-inner-blocks-wrap\">\n<p class=\"has-black-color has-text-color has-link-color has-medium-font-size wp-elements-67adbae2dd2d7a5cf722d308f7cdd436\"><strong>William Thomas Stead<\/strong><\/p>\n<\/div><\/div>\n\n\n\n<div class=\"wp-block-uagb-container uagb-block-9e92838f alignfull uagb-is-root-container\"><div class=\"uagb-container-inner-blocks-wrap\">\n<figure class=\"wp-block-image size-large is-resized\"><img fetchpriority=\"high\" decoding=\"async\" width=\"722\" height=\"1024\" src=\"https:\/\/nuevo-renacer.com\/wp-content\/uploads\/2025\/01\/William-Thomas-Stead-1890-722x1024.webp\" alt=\"\" class=\"wp-image-6734\" style=\"width:261px;height:auto\" srcset=\"https:\/\/nuevo-renacer.com\/wp-content\/uploads\/2025\/01\/William-Thomas-Stead-1890-722x1024.webp 722w, https:\/\/nuevo-renacer.com\/wp-content\/uploads\/2025\/01\/William-Thomas-Stead-1890-212x300.webp 212w, https:\/\/nuevo-renacer.com\/wp-content\/uploads\/2025\/01\/William-Thomas-Stead-1890-768x1089.webp 768w, https:\/\/nuevo-renacer.com\/wp-content\/uploads\/2025\/01\/William-Thomas-Stead-1890-1083x1536.webp 1083w, https:\/\/nuevo-renacer.com\/wp-content\/uploads\/2025\/01\/William-Thomas-Stead-1890-8x12.webp 8w, https:\/\/nuevo-renacer.com\/wp-content\/uploads\/2025\/01\/William-Thomas-Stead-1890.webp 1128w\" sizes=\"(max-width: 722px) 100vw, 722px\" \/><\/figure>\n<\/div><\/div>\n\n\n\n<div class=\"wp-block-uagb-container uagb-block-5d3d467b alignfull uagb-is-root-container\"><div class=\"uagb-container-inner-blocks-wrap\">\n<p class=\"has-black-color has-text-color has-link-color has-small-font-size wp-elements-0f1c38ef7d2eaeecf10ad9fb764a5757\">N\u00e9 en Embleton, Nothumberland, en Angleterre, le 5 juillet 1849, et, malheureusement, un d\u00e9sincarn\u00e9e dans la catastrophe du Titanic, paquebot, dans la nuit du 14 au 15 avril 1912.<\/p>\n\n\n\n<p class=\"has-black-color has-text-color has-link-color has-small-font-size wp-elements-c4e105b9f352bdf93b8c6ae86cb3a588\">Au d\u00e9but de la d\u00e9cennie 1910, il y avait des rapports \u00e0 l&#039;occasion des grands \u00e9v\u00e8nements. Un remarquable journaliste, William Thomas Stead, a eu l&#039;heureuse id\u00e9e de d\u00e9part de ce genre de publicit\u00e9, qui a atteint un grand succ\u00e8s en Angleterre.<\/p>\n\n\n\n<p class=\"has-black-color has-text-color has-link-color has-small-font-size wp-elements-db11137c4fe2f1fc2edcbccf0ce76bc2\">\u00c0 l&#039;occasion du lancement du Titanic, le plus grand navire du monde, r\u00e9put\u00e9 insubmersible, de telles innovations introduites dans l&#039;il, et le syst\u00e8me constructif, ce fameux journal d&#039;homme a \u00e9t\u00e9 invit\u00e9 \u00e0 faire le r\u00e9cit de son voyage inaugural, en donnant la couverture m\u00e9diatique de tout ce qui se passait \u00e0 bord.<\/p>\n\n\n\n<p class=\"has-black-color has-text-color has-link-color has-small-font-size wp-elements-82c7938272c798663e9323973610506d\">Il est arriv\u00e9, cependant, que le vaisseau s&#039;est \u00e9cras\u00e9 dans d&#039;\u00e9normes glaciers et dans une tentative de sauvetage command\u00e9e par le commandant, a ouvert une \u00e9norme fissure dans son casque, provoquant son naufrage, dans la nuit du 14 au 15 avril 1912.<\/p>\n\n\n\n<p class=\"has-black-color has-text-color has-link-color has-small-font-size wp-elements-e5794f5ee1b76552aee5e6fc384d2f3a\">Entre les mille cinq cent et trois victimes, a \u00e9t\u00e9 de William Thomas Stead. Le moment fatidique rempli le monde de la consternation et le Spiritisme a \u00e9t\u00e9 priv\u00e9 du pr\u00e9cieux concours d&#039;un grand journal d&#039;homme, un homme qui a \u00e9t\u00e9 profond\u00e9ment engag\u00e9 \u00e0 diffuser les grandes v\u00e9rit\u00e9s qui avaient trouv\u00e9 dans leurs travaux de recherche dans le domaine de la ph\u00e9nom\u00e9nologie medi\u00famnica.<\/p>\n\n\n\n<p class=\"has-black-color has-text-color has-link-color has-small-font-size wp-elements-c9e23842a6bb4c8f0b91163c14853538\">Remarquable journaliste, \u00e9crivain et publiciste anglais, William Thomas Stead a \u00e9t\u00e9 consacr\u00e9e \u00e0 de tr\u00e8s jeunes \u00e0 cette course.<\/p>\n\n\n\n<p class=\"has-black-color has-text-color has-link-color has-small-font-size wp-elements-ffbd8317705bd75cfad7e701a28f0b2b\">En l&#039;an 1871, il a dirig\u00e9 le Norhern Echo de la ville de Darlington, et dans les ann\u00e9es 1883 \u00e0 1889, il a dirig\u00e9 la Pall Mall Gazette.<\/p>\n\n\n\n<p class=\"has-black-color has-text-color has-link-color has-small-font-size wp-elements-0ba8b679d6292682a6c778f37eb29869\">En l&#039;ann\u00e9e 1890, il fonde la Revue de Rewies et en 1893 et 1894, il a publi\u00e9 de nombreux magazines du m\u00eame genre, dans les \u00c9tats-unis et en Australie.<\/p>\n\n\n\n<p class=\"has-black-color has-text-color has-link-color has-small-font-size wp-elements-f26ca5450020112a2800be7a8dc195ec\">\u00c0 partir de 1893 \u00e0 1897, il a conduit l&#039;organe spirite Fronti\u00e8re.<\/p>\n\n\n\n<p class=\"has-black-color has-text-color has-link-color has-small-font-size wp-elements-d34a8befca16c99bc8fb5c35f9bc3452\">En l&#039;ann\u00e9e 1898, a commenc\u00e9 une visite en Russie, o\u00f9 il a \u00e9t\u00e9 re\u00e7u par le Tsar, donnant lieu \u00e0 une intense lutte en faveur du pacifisme monde id\u00e9al, qui a continu\u00e9 \u00e0 d\u00e9fendre avec tout l&#039;enthousiasme, \u00e0 travers la parole \u00e9crite et orale.<\/p>\n\n\n\n<p class=\"has-black-color has-text-color has-link-color has-small-font-size wp-elements-f70c542a62ea6566ac0abf2ee1b60745\">Dans le cadre de la Conf\u00e9rence de la Paix, \u00e0 La Haye, en 1899, elle a eu l&#039;occasion de visiter la ville, \u00e0 commencer peu apr\u00e8s en Angleterre, ac\u00e9rrimas des campagnes contre la guerre d&#039;afrique du sud, et comme un r\u00e9sultat, a fait beaucoup d&#039;ennemis.<\/p>\n\n\n\n<p class=\"has-black-color has-text-color has-link-color has-small-font-size wp-elements-f8e9ee6461a40554f63015f6e32ddd87\">Il a travaill\u00e9 dur et avec courage pour \u00e9tablir un trait\u00e9 entre l&#039;Allemagne et l&#039;Angleterre, en plaidant pour la r\u00e9alisation de la deuxi\u00e8me conf\u00e9rence de la paix, la tenue \u00e0 La Haye, aux pays-bas, o\u00f9, en tant que correspondant, il a Publi\u00e9 l&#039;e-Mail de la Conf\u00e9rence de la Paix.<\/p>\n\n\n\n<p class=\"has-black-color has-text-color has-link-color has-small-font-size wp-elements-6eb361b31e20c57dc1596a197607fa9c\">Remarquable est la facilit\u00e9 avec laquelle il \u00e9crit ses articles, qui, invariablement, ils avaient un caract\u00e8re tablo\u00efd.<\/p>\n\n\n\n<p class=\"has-black-color has-text-color has-link-color has-small-font-size wp-elements-b085ef073cc5dac23f3389a1515c5ddf\">Dans ses livres, vous pouvez voir l&#039;enthousiasme et l&#039;engagement avec lesquels trait\u00e9 de sujets que je voulais aborder: La v\u00e9rit\u00e9 sur la Russie (1888), Si le Christ est venu \u00e0 Chicago (1893), La guerre de l&#039;emploi aux \u00c9tats-unis (1894), Le monde invisible de Satan (1897), Les \u00c9tats-unis de l&#039;Europe (1899), les \u00c9tudes sur les Mrs Booth (1900), L&#039;am\u00e9ricanisation du monde (1902).<\/p>\n\n\n\n<p class=\"has-black-color has-text-color has-link-color has-small-font-size wp-elements-fb9be1ab180e7e6ec29d668ba62dc25e\">Le roi de journalistes et, plus que cela \u2013 l&#039;empereur, \u00e9tait le titre reconnaissants qu&#039;il a re\u00e7u \u00e0 Paris, en janvier 1907, quatre mois avant la c\u00e9l\u00e9bration de la c\u00e9l\u00e8bre Conf\u00e9rence de La Haye.<\/p>\n\n\n\n<p class=\"has-black-color has-text-color has-link-color has-small-font-size wp-elements-bc8e73b834d2945bfbe76ad943c51853\">Quand j&#039;\u00e9tais \u00e0 l&#039;apog\u00e9e de sa carri\u00e8re d&#039;\u00e9crivain et de journaliste, quelques ann\u00e9es avant sa desencarnaci\u00f3n, pleine d&#039;admiration pour l&#039;Angleterre et le monde de la science, avec son aveu qu&#039;il \u00e9tait pleinement convaincu de l&#039;existence de ce monde des esprits, par le fait d&#039;avoir re\u00e7u, par l&#039;interm\u00e9diaire de son propre mediunidad, une s\u00e9rie de communications esp\u00edritas, attribu\u00e9 \u00e0 l&#039;Esprit de Julia, qui ont ensuite \u00e9t\u00e9 publi\u00e9s dans un livre qui a atteint un grand succ\u00e8s, a appel\u00e9 les Lettres de Julia.<\/p>\n\n\n\n<p class=\"has-black-color has-text-color has-link-color has-small-font-size wp-elements-85b748d7e4b03411cb4255b9aea8eeba\">Il a dit: Les lettres de Julia ont \u00e9t\u00e9 re\u00e7us par moi-m\u00eame. \u00catre seul, assis et \u00e0 l&#039;ambiance calme, se tenait consciemment ma main droite, dans laquelle elle avait un stylo \u00e0 la disposition de Julia, et j&#039;ai regard\u00e9 avec beaucoup d&#039;int\u00e9r\u00eat tout ce qu&#039;elle a \u00e9crit. Je peux admettre, comme une revendication de mes d\u00e9tracteurs, que les lettres de Julia ont \u00e9t\u00e9 \u00e9crites simplement par mon subconscient, j&#039;, cela ne diminue en aucune fa\u00e7on la v\u00e9rit\u00e9, ni diminuer la force de cette preuve \u00e9loquent et \u00e9mouvant en faveur de la hausse de la vie. Comment je souhaite que mon conscient de l&#039;ego pourrait \u00e9crire aussi bien!<\/p>\n\n\n\n<p class=\"has-black-color has-text-color has-link-color has-small-font-size wp-elements-bd30e5d79c9cf7b10526f9ffec26fdd8\">En l&#039;ann\u00e9e 1895, r\u00e9pondant \u00e0 une question de la Matin\u00e9e Annonceur de New York, qui lui a demand\u00e9 pourquoi il croyait \u00e0 l&#039;immortalit\u00e9, il a r\u00e9pondu: Seul l&#039;\u00c9ternel peut affirmer ou de nier l&#039;immortalit\u00e9. Si je vous comprends bien, ce n&#039;est pas \u00e0 propos de l&#039;immortalit\u00e9 de l&#039;\u00e2me, mais plut\u00f4t la persistance de l&#039;entit\u00e9, apr\u00e8s la dissolution du corps, au moyen de laquelle l&#039;entit\u00e9 est manifest\u00e9 au cours de sa vie terrestre. Il y a une question beaucoup plus simple, que je peux r\u00e9pondre sans h\u00e9sitation et sans peur. Il ne serait pas vrai si j&#039;ai dit que je crois en la persistance de l&#039;individu apr\u00e8s la mort, ont observ\u00e9 des ph\u00e9nom\u00e8nes appel\u00e9s esp\u00edritas. Longtemps avant qu&#039;il a accept\u00e9 ce fait. Apr\u00e8s je soumettre ma croyance \u00e0 l&#039;\u00e9preuve d&#039;une d\u00e9monstration exp\u00e9rimentale. Et si vous jamais dit: je pense que, aujourd&#039;hui, je le dis, je le sais. N&#039;est-il pas une grande diff\u00e9rence?<\/p>\n\n\n\n<p class=\"has-black-color has-text-color has-link-color has-small-font-size wp-elements-c4282b2ce5931710b24429b602fe7987\">William Thomas Stead \u00e9tait un grand ami de la grande Ruy Barbosa.<\/p>\n\n\n\n<p class=\"has-black-color has-text-color has-link-color has-small-font-size wp-elements-846a72d465e96e7bf8b121b0de7335cb\">Il est dit que dans la nuit du naufrage du Titanic, la famille, les membres de cette grande br\u00e9silien politique, se sont r\u00e9unis dans une session d&#039;exp\u00e9rimentation medi\u00fanica, \u00e0 Po\u00e7os de Caldas, re\u00e7u l&#039;information que le c\u00e9l\u00e8bre journaliste \u00e9tait d\u00e9sincarn\u00e9e, des nouvelles Ruy re\u00e7u avec surprise et tout \u00e0 fait naturellement, lorsque l&#039;un des membres de sa famille en est inform\u00e9.<\/p>\n\n\n\n<p class=\"has-black-color has-text-color has-link-color has-small-font-size wp-elements-69d4bce1b646305062b7b0869839f928\">La vieille politique reconnu dans le message, de fa\u00e7on \u00e9tonnante, le style de la Place.<\/p>\n<\/div><\/div>\n\n\n\n<div class=\"wp-block-uagb-container uagb-block-fe452de9 alignfull uagb-is-root-container\"><div class=\"uagb-container-inner-blocks-wrap\"><\/div><\/div>\n\n\n\n<div class=\"wp-block-uagb-container uagb-block-e4036ab5 alignfull uagb-is-root-container\"><div class=\"uagb-container-inner-blocks-wrap\"><\/div><\/div>","protected":false},"excerpt":{"rendered":"<p>William Thomas Stead Nacido en Embleton, Nothumberland, Inglaterra, el 5 de julio de 1849, y tr\u00e1gicamente desencarnado en la cat\u00e1strofe ocurrida con el transatl\u00e1ntico Titanic, en la noche del 14 al 15 de abril de 1912. A principios de la d\u00e9cada de 1910, no se hac\u00edan reportajes en ocasi\u00f3n de los grandes acontecimientos. Un notable [&hellip;]<\/p>","protected":false},"author":1,"featured_media":0,"parent":0,"menu_order":0,"comment_status":"closed","ping_status":"closed","template":"","meta":{"_uag_custom_page_level_css":"","site-sidebar-layout":"default","site-content-layout":"","ast-site-content-layout":"default","site-content-style":"default","site-sidebar-style":"default","ast-global-header-display":"","ast-banner-title-visibility":"","ast-main-header-display":"","ast-hfb-above-header-display":"","ast-hfb-below-header-display":"","ast-hfb-mobile-header-display":"","site-post-title":"disabled","ast-breadcrumbs-content":"","ast-featured-img":"","footer-sml-layout":"","theme-transparent-header-meta":"","adv-header-id-meta":"","stick-header-meta":"","header-above-stick-meta":"","header-main-stick-meta":"","header-below-stick-meta":"","astra-migrate-meta-layouts":"set","ast-page-background-enabled":"default","ast-page-background-meta":{"desktop":{"background-color":"var(--ast-global-color-4)","background-image":"","background-repeat":"repeat","background-position":"center center","background-size":"auto","background-attachment":"scroll","background-type":"","background-media":"","overlay-type":"","overlay-color":"","overlay-opacity":"","overlay-gradient":""},"tablet":{"background-color":"","background-image":"","background-repeat":"repeat","background-position":"center center","background-size":"auto","background-attachment":"scroll","background-type":"","background-media":"","overlay-type":"","overlay-color":"","overlay-opacity":"","overlay-gradient":""},"mobile":{"background-color":"","background-image":"","background-repeat":"repeat","background-position":"center center","background-size":"auto","background-attachment":"scroll","background-type":"","background-media":"","overlay-type":"","overlay-color":"","overlay-opacity":"","overlay-gradient":""}},"ast-content-background-meta":{"desktop":{"background-color":"var(--ast-global-color-5)","background-image":"","background-repeat":"repeat","background-position":"center center","background-size":"auto","background-attachment":"scroll","background-type":"","background-media":"","overlay-type":"","overlay-color":"","overlay-opacity":"","overlay-gradient":""},"tablet":{"background-color":"var(--ast-global-color-5)","background-image":"","background-repeat":"repeat","background-position":"center center","background-size":"auto","background-attachment":"scroll","background-type":"","background-media":"","overlay-type":"","overlay-color":"","overlay-opacity":"","overlay-gradient":""},"mobile":{"background-color":"var(--ast-global-color-5)","background-image":"","background-repeat":"repeat","background-position":"center center","background-size":"auto","background-attachment":"scroll","background-type":"","background-media":"","overlay-type":"","overlay-color":"","overlay-opacity":"","overlay-gradient":""}},"footnotes":""},"class_list":["post-6733","page","type-page","status-publish","hentry"],"yoast_head":"<!-- This site is optimized with the Yoast SEO Premium plugin v24.2 (Yoast SEO v24.6) - https:\/\/yoast.com\/wordpress\/plugins\/seo\/ -->\n<title>William Thomas Stead - Uni\u00f3n Esp\u00edrita<\/title>\n<meta name=\"robots\" content=\"index, follow, max-snippet:-1, max-image-preview:large, max-video-preview:-1\" \/>\n<link rel=\"canonical\" href=\"https:\/\/nuevo-renacer.com\/fr\/william-thomas-stead\/\" \/>\n<meta property=\"og:locale\" content=\"fr_FR\" \/>\n<meta property=\"og:type\" content=\"article\" \/>\n<meta property=\"og:title\" content=\"William Thomas Stead\" \/>\n<meta property=\"og:description\" content=\"William Thomas Stead Nacido en Embleton, Nothumberland, Inglaterra, el 5 de julio de 1849, y tr\u00e1gicamente desencarnado en la cat\u00e1strofe ocurrida con el transatl\u00e1ntico Titanic, en la noche del 14 al 15 de abril de 1912. A principios de la d\u00e9cada de 1910, no se hac\u00edan reportajes en ocasi\u00f3n de los grandes acontecimientos. Un notable [&hellip;]\" \/>\n<meta property=\"og:url\" content=\"https:\/\/nuevo-renacer.com\/fr\/william-thomas-stead\/\" \/>\n<meta property=\"og:site_name\" content=\"Uni\u00f3n Esp\u00edrita\" \/>\n<meta property=\"article:publisher\" content=\"https:\/\/www.facebook.com\/groups\/3431398063740829\" \/>\n<meta property=\"og:image\" content=\"https:\/\/nuevo-renacer.com\/wp-content\/uploads\/2025\/01\/William-Thomas-Stead-1890.webp\" \/>\n\t<meta property=\"og:image:width\" content=\"1128\" \/>\n\t<meta property=\"og:image:height\" content=\"1600\" \/>\n\t<meta property=\"og:image:type\" content=\"image\/webp\" \/>\n<meta name=\"twitter:card\" content=\"summary_large_image\" \/>\n<meta name=\"twitter:label1\" content=\"Dur\u00e9e de lecture estim\u00e9e\" \/>\n\t<meta name=\"twitter:data1\" content=\"5 minutes\" \/>\n<script type=\"application\/ld+json\" class=\"yoast-schema-graph\">{\"@context\":\"https:\/\/schema.org\",\"@graph\":[{\"@type\":\"WebPage\",\"@id\":\"https:\/\/nuevo-renacer.com\/william-thomas-stead\/\",\"url\":\"https:\/\/nuevo-renacer.com\/william-thomas-stead\/\",\"name\":\"William Thomas Stead - Uni\u00f3n Esp\u00edrita\",\"isPartOf\":{\"@id\":\"https:\/\/nuevo-renacer.com\/#website\"},\"primaryImageOfPage\":{\"@id\":\"https:\/\/nuevo-renacer.com\/william-thomas-stead\/#primaryimage\"},\"image\":{\"@id\":\"https:\/\/nuevo-renacer.com\/william-thomas-stead\/#primaryimage\"},\"thumbnailUrl\":\"https:\/\/nuevo-renacer.com\/wp-content\/uploads\/2025\/01\/William-Thomas-Stead-1890-722x1024.webp\",\"datePublished\":\"2025-01-09T11:36:07+00:00\",\"breadcrumb\":{\"@id\":\"https:\/\/nuevo-renacer.com\/william-thomas-stead\/#breadcrumb\"},\"inLanguage\":\"fr-FR\",\"potentialAction\":[{\"@type\":\"ReadAction\",\"target\":[\"https:\/\/nuevo-renacer.com\/william-thomas-stead\/\"]}]},{\"@type\":\"ImageObject\",\"inLanguage\":\"fr-FR\",\"@id\":\"https:\/\/nuevo-renacer.com\/william-thomas-stead\/#primaryimage\",\"url\":\"https:\/\/nuevo-renacer.com\/wp-content\/uploads\/2025\/01\/William-Thomas-Stead-1890-722x1024.webp\",\"contentUrl\":\"https:\/\/nuevo-renacer.com\/wp-content\/uploads\/2025\/01\/William-Thomas-Stead-1890-722x1024.webp\"},{\"@type\":\"BreadcrumbList\",\"@id\":\"https:\/\/nuevo-renacer.com\/william-thomas-stead\/#breadcrumb\",\"itemListElement\":[{\"@type\":\"ListItem\",\"position\":1,\"name\":\"Startseite\",\"item\":\"https:\/\/nuevo-renacer.com\/\"},{\"@type\":\"ListItem\",\"position\":2,\"name\":\"William Thomas Stead\"}]},{\"@type\":\"WebSite\",\"@id\":\"https:\/\/nuevo-renacer.com\/#website\",\"url\":\"https:\/\/nuevo-renacer.com\/\",\"name\":\"Uni\u00f3n Esp\u00edrita\",\"description\":\"Nuevo Renacer\",\"publisher\":{\"@id\":\"https:\/\/nuevo-renacer.com\/#organization\"},\"potentialAction\":[{\"@type\":\"SearchAction\",\"target\":{\"@type\":\"EntryPoint\",\"urlTemplate\":\"https:\/\/nuevo-renacer.com\/?s={search_term_string}\"},\"query-input\":{\"@type\":\"PropertyValueSpecification\",\"valueRequired\":true,\"valueName\":\"search_term_string\"}}],\"inLanguage\":\"fr-FR\"},{\"@type\":\"Organization\",\"@id\":\"https:\/\/nuevo-renacer.com\/#organization\",\"name\":\"UFEC\",\"url\":\"https:\/\/nuevo-renacer.com\/\",\"logo\":{\"@type\":\"ImageObject\",\"inLanguage\":\"fr-FR\",\"@id\":\"https:\/\/nuevo-renacer.com\/#\/schema\/logo\/image\/\",\"url\":\"https:\/\/nuevo-renacer.com\/wp-content\/uploads\/2024\/05\/cropped-LOGO-TERMINADO1-3-3.png\",\"contentUrl\":\"https:\/\/nuevo-renacer.com\/wp-content\/uploads\/2024\/05\/cropped-LOGO-TERMINADO1-3-3.png\",\"width\":512,\"height\":512,\"caption\":\"UFEC\"},\"image\":{\"@id\":\"https:\/\/nuevo-renacer.com\/#\/schema\/logo\/image\/\"},\"sameAs\":[\"https:\/\/www.facebook.com\/groups\/3431398063740829\"]}]}<\/script>\n<!-- \/ Yoast SEO Premium plugin. -->","yoast_head_json":{"title":"William Thomas Stead - Uni\u00f3n Esp\u00edrita","robots":{"index":"index","follow":"follow","max-snippet":"max-snippet:-1","max-image-preview":"max-image-preview:large","max-video-preview":"max-video-preview:-1"},"canonical":"https:\/\/nuevo-renacer.com\/fr\/william-thomas-stead\/","og_locale":"fr_FR","og_type":"article","og_title":"William Thomas Stead","og_description":"William Thomas Stead Nacido en Embleton, Nothumberland, Inglaterra, el 5 de julio de 1849, y tr\u00e1gicamente desencarnado en la cat\u00e1strofe ocurrida con el transatl\u00e1ntico Titanic, en la noche del 14 al 15 de abril de 1912. A principios de la d\u00e9cada de 1910, no se hac\u00edan reportajes en ocasi\u00f3n de los grandes acontecimientos. Un notable [&hellip;]","og_url":"https:\/\/nuevo-renacer.com\/fr\/william-thomas-stead\/","og_site_name":"Uni\u00f3n Esp\u00edrita","article_publisher":"https:\/\/www.facebook.com\/groups\/3431398063740829","og_image":[{"width":1128,"height":1600,"url":"https:\/\/nuevo-renacer.com\/wp-content\/uploads\/2025\/01\/William-Thomas-Stead-1890.webp","type":"image\/webp"}],"twitter_card":"summary_large_image","twitter_misc":{"Dur\u00e9e de lecture estim\u00e9e":"5 minutes"},"schema":{"@context":"https:\/\/schema.org","@graph":[{"@type":"WebPage","@id":"https:\/\/nuevo-renacer.com\/william-thomas-stead\/","url":"https:\/\/nuevo-renacer.com\/william-thomas-stead\/","name":"William Thomas Stead - Uni\u00f3n Esp\u00edrita","isPartOf":{"@id":"https:\/\/nuevo-renacer.com\/#website"},"primaryImageOfPage":{"@id":"https:\/\/nuevo-renacer.com\/william-thomas-stead\/#primaryimage"},"image":{"@id":"https:\/\/nuevo-renacer.com\/william-thomas-stead\/#primaryimage"},"thumbnailUrl":"https:\/\/nuevo-renacer.com\/wp-content\/uploads\/2025\/01\/William-Thomas-Stead-1890-722x1024.webp","datePublished":"2025-01-09T11:36:07+00:00","breadcrumb":{"@id":"https:\/\/nuevo-renacer.com\/william-thomas-stead\/#breadcrumb"},"inLanguage":"fr-FR","potentialAction":[{"@type":"ReadAction","target":["https:\/\/nuevo-renacer.com\/william-thomas-stead\/"]}]},{"@type":"ImageObject","inLanguage":"fr-FR","@id":"https:\/\/nuevo-renacer.com\/william-thomas-stead\/#primaryimage","url":"https:\/\/nuevo-renacer.com\/wp-content\/uploads\/2025\/01\/William-Thomas-Stead-1890-722x1024.webp","contentUrl":"https:\/\/nuevo-renacer.com\/wp-content\/uploads\/2025\/01\/William-Thomas-Stead-1890-722x1024.webp"},{"@type":"BreadcrumbList","@id":"https:\/\/nuevo-renacer.com\/william-thomas-stead\/#breadcrumb","itemListElement":[{"@type":"ListItem","position":1,"name":"Startseite","item":"https:\/\/nuevo-renacer.com\/"},{"@type":"ListItem","position":2,"name":"William Thomas Stead"}]},{"@type":"WebSite","@id":"https:\/\/nuevo-renacer.com\/#website","url":"https:\/\/nuevo-renacer.com\/","name":"Uni\u00f3n Esp\u00edrita","description":"Nuevo Renacer","publisher":{"@id":"https:\/\/nuevo-renacer.com\/#organization"},"potentialAction":[{"@type":"SearchAction","target":{"@type":"EntryPoint","urlTemplate":"https:\/\/nuevo-renacer.com\/?s={search_term_string}"},"query-input":{"@type":"PropertyValueSpecification","valueRequired":true,"valueName":"search_term_string"}}],"inLanguage":"fr-FR"},{"@type":"Organization","@id":"https:\/\/nuevo-renacer.com\/#organization","name":"UFEC","url":"https:\/\/nuevo-renacer.com\/","logo":{"@type":"ImageObject","inLanguage":"fr-FR","@id":"https:\/\/nuevo-renacer.com\/#\/schema\/logo\/image\/","url":"https:\/\/nuevo-renacer.com\/wp-content\/uploads\/2024\/05\/cropped-LOGO-TERMINADO1-3-3.png","contentUrl":"https:\/\/nuevo-renacer.com\/wp-content\/uploads\/2024\/05\/cropped-LOGO-TERMINADO1-3-3.png","width":512,"height":512,"caption":"UFEC"},"image":{"@id":"https:\/\/nuevo-renacer.com\/#\/schema\/logo\/image\/"},"sameAs":["https:\/\/www.facebook.com\/groups\/3431398063740829"]}]}},"uagb_featured_image_src":{"full":false,"thumbnail":false,"medium":false,"medium_large":false,"large":false,"1536x1536":false,"2048x2048":false,"trp-custom-language-flag":false},"uagb_author_info":{"display_name":"adbv0","author_link":"https:\/\/nuevo-renacer.com\/fr\/author\/adbv0\/"},"uagb_comment_info":0,"uagb_excerpt":"William Thomas Stead Nacido en Embleton, Nothumberland, Inglaterra, el 5 de julio de 1849, y tr\u00e1gicamente desencarnado en la cat\u00e1strofe ocurrida con el transatl\u00e1ntico Titanic, en la noche del 14 al 15 de abril de 1912. A principios de la d\u00e9cada de 1910, no se hac\u00edan reportajes en ocasi\u00f3n de los grandes acontecimientos. Un notable\u2026","jetpack_sharing_enabled":true,"_links":{"self":[{"href":"https:\/\/nuevo-renacer.com\/fr\/wp-json\/wp\/v2\/pages\/6733","targetHints":{"allow":["GET"]}}],"collection":[{"href":"https:\/\/nuevo-renacer.com\/fr\/wp-json\/wp\/v2\/pages"}],"about":[{"href":"https:\/\/nuevo-renacer.com\/fr\/wp-json\/wp\/v2\/types\/page"}],"author":[{"embeddable":true,"href":"https:\/\/nuevo-renacer.com\/fr\/wp-json\/wp\/v2\/users\/1"}],"replies":[{"embeddable":true,"href":"https:\/\/nuevo-renacer.com\/fr\/wp-json\/wp\/v2\/comments?post=6733"}],"version-history":[{"count":1,"href":"https:\/\/nuevo-renacer.com\/fr\/wp-json\/wp\/v2\/pages\/6733\/revisions"}],"predecessor-version":[{"id":6735,"href":"https:\/\/nuevo-renacer.com\/fr\/wp-json\/wp\/v2\/pages\/6733\/revisions\/6735"}],"wp:attachment":[{"href":"https:\/\/nuevo-renacer.com\/fr\/wp-json\/wp\/v2\/media?parent=6733"}],"curies":[{"name":"wp","href":"https:\/\/api.w.org\/{rel}","templated":true}]}}