{"id":6725,"date":"2025-01-09T10:18:48","date_gmt":"2025-01-09T10:18:48","guid":{"rendered":"https:\/\/nuevo-renacer.com\/?page_id=6725"},"modified":"2025-01-09T10:51:28","modified_gmt":"2025-01-09T10:51:28","slug":"catalina-de-genova","status":"publish","type":"page","link":"https:\/\/nuevo-renacer.com\/fr\/catalina-de-genova\/","title":{"rendered":"Catherine de G\u00eanes"},"content":{"rendered":"<div class=\"wp-block-uagb-container uagb-block-32f33607 alignfull uagb-is-root-container\"><div class=\"uagb-container-inner-blocks-wrap\">\n<p class=\"has-black-color has-text-color has-link-color has-medium-font-size wp-elements-0b737c8145413f3287d97c3f742b9264\"><strong>Catherine de G\u00eanes<\/strong><\/p>\n<\/div><\/div>\n\n\n\n<div class=\"wp-block-uagb-container uagb-block-8c2489c6 alignfull uagb-is-root-container\"><div class=\"uagb-container-inner-blocks-wrap\">\n<figure class=\"wp-block-image size-large is-resized\"><img fetchpriority=\"high\" decoding=\"async\" width=\"506\" height=\"1024\" src=\"https:\/\/nuevo-renacer.com\/wp-content\/uploads\/2025\/01\/katharina-von-genua1218852-506x1024.jpg\" alt=\"\" class=\"wp-image-6726\" style=\"width:224px;height:auto\" srcset=\"https:\/\/nuevo-renacer.com\/wp-content\/uploads\/2025\/01\/katharina-von-genua1218852-506x1024.jpg 506w, https:\/\/nuevo-renacer.com\/wp-content\/uploads\/2025\/01\/katharina-von-genua1218852-148x300.jpg 148w, https:\/\/nuevo-renacer.com\/wp-content\/uploads\/2025\/01\/katharina-von-genua1218852-6x12.jpg 6w, https:\/\/nuevo-renacer.com\/wp-content\/uploads\/2025\/01\/katharina-von-genua1218852.jpg 564w\" sizes=\"(max-width: 506px) 100vw, 506px\" \/><\/figure>\n<\/div><\/div>\n\n\n\n<div class=\"wp-block-uagb-container uagb-block-32a47420 alignfull uagb-is-root-container\"><div class=\"uagb-container-inner-blocks-wrap\">\n<p class=\"has-black-color has-text-color has-link-color has-small-font-size wp-elements-b7ec01ef1eff2f9e7e4aeb2fce0c3189\">Catherine est la fille de la noble famille de Fieschi, dont les deux papes Innocent IV. et Hadrien V, dont le palais est situ\u00e9 dans l&#039;\u00e9glise de la Sainte famille, Marie in Via Lata; son p\u00e8re \u00e9tait vice-roi de Naples. \u00c0 l&#039;\u00e2ge de 16 ans elle a \u00e9t\u00e9 mari\u00e9e de force \u00e0 la noble g\u00e9nois Giuliano Adorno. Apr\u00e8s dix ann\u00e9es de mauvais mariage, au cours de laquelle il a souvent enfermer dans la pri\u00e8re et aussi v\u00e9cu \u00e0 la fois \u00e0 l&#039;ext\u00e9rieur dans les plaisirs, il a rendu visite \u00e0 sa s\u0153ur dans un couvent de franciscains. Il y a, en 1474, il a rencontr\u00e9 le premier de l&#039;illumination et de l&#039;apparition du Christ crucifi\u00e9; il vivait maintenant dans la chastet\u00e9 et de l&#039;asc\u00e9tisme, il a d\u00e9m\u00e9nag\u00e9 dans une maison pr\u00e8s de l&#039;ancien h\u00f4pital de Pammatone \u2013 qui \u00e9tait \u00e0 la place de l&#039;actuel palais de justice \u2013 \u00e0 G\u00eanes, est flagel\u00f3, soign\u00e9 les malades et les pauvres, et en 1479, il rejoint l&#039;ordre des franciscains en tant que tertiaire. sa maison devint en 1488 un monast\u00e8re franciscain et l&#039;\u00e9glise de la Santissima Annunziata di Portoria \u2013 aujourd&#039;hui, aussi appel\u00e9 apr\u00e8s son comme l&#039;\u00e9glise de Santa Catalina.<\/p>\n\n\n\n<p class=\"has-black-color has-text-color has-link-color has-small-font-size wp-elements-79aed947bbb77d42e3f75664ffc6220a\">Catherine sur tous les malades de l&#039;ancien h\u00f4pital Pammatone, o\u00f9 en 1489, elle a \u00e9t\u00e9 chef du service des femmes. Lors de deux \u00e9pid\u00e9mies de peste, il a travaill\u00e9 sans rel\u00e2che pour les malades et les mourants. Sous son influence, la Communion de l&#039;Amour Divin est devenu une communaut\u00e9 de soins infirmiers. Elle est punie, pendant le Car\u00eame, se nourrit uniquement de la communion, et de recevoir des dons mystiques.<\/p>\n\n\n\n<div class=\"wp-block-uagb-container uagb-block-d78f296c\">\n<figure class=\"wp-block-image size-large is-resized\"><img decoding=\"async\" width=\"536\" height=\"1024\" src=\"https:\/\/nuevo-renacer.com\/wp-content\/uploads\/2025\/01\/Katharina_von_Genua3-536x1024.jpg\" alt=\"\" class=\"wp-image-6727\" style=\"width:216px;height:auto\" srcset=\"https:\/\/nuevo-renacer.com\/wp-content\/uploads\/2025\/01\/Katharina_von_Genua3-536x1024.jpg 536w, https:\/\/nuevo-renacer.com\/wp-content\/uploads\/2025\/01\/Katharina_von_Genua3-157x300.jpg 157w, https:\/\/nuevo-renacer.com\/wp-content\/uploads\/2025\/01\/Katharina_von_Genua3-768x1466.jpg 768w, https:\/\/nuevo-renacer.com\/wp-content\/uploads\/2025\/01\/Katharina_von_Genua3-804x1536.jpg 804w, https:\/\/nuevo-renacer.com\/wp-content\/uploads\/2025\/01\/Katharina_von_Genua3-6x12.jpg 6w, https:\/\/nuevo-renacer.com\/wp-content\/uploads\/2025\/01\/Katharina_von_Genua3.jpg 838w\" sizes=\"(max-width: 536px) 100vw, 536px\" \/><figcaption class=\"wp-element-caption\">Entr\u00e9e \u00e0 l&#039;\u00e9glise de la Santissima Annunziata di Portoria \u00e0 G\u00eanes, aujourd&#039;hui g\u00e9r\u00e9 par les capucins<\/figcaption><\/figure>\n<\/div>\n\n\n\n<p class=\"has-black-color has-text-color has-link-color has-small-font-size wp-elements-d4dcbf1f4721cbed69544f9405d047da\">Apr\u00e8s avoir perdu toutes ses possessions, son mari la suivit l&#039;exemple de Catherine dans les derni\u00e8res ann\u00e9es de sa vie et a rejoint l&#039;ordre des franciscains jusqu&#039;\u00e0 sa mort en 1497. Maintenant, le guide spirituel de Catherine a commenc\u00e9 \u00e0 enregistrer l&#039;histoire de leur vie et de leurs exp\u00e9riences, et les enseignements spirituels: en 1551, est apparu ce Livre de la Vita mirabile e dottrina santa di S. Caterina Fieschi, le livre de la vie et les enseignements sacr\u00e9s de sainte-Catherine Fieschi. Ses r\u00e9v\u00e9lations sont contenues dans les deux livres de Dialogue de l&#039;Amour Divin, le Dialogue de l&#039;Amour Divin, et Trait\u00e9 du Purgatoire, du Trait\u00e9 sur le Purgatoire. Le purgatoire est un lieu de souffrance, mais les \u00e2mes sont l\u00e0 rempli de joie parce qu&#039;ils savent qu&#039;ils sont guid\u00e9s par Dieu, donc, la douleur s&#039;intensifie, mais aussi la joie, le plus proche est le temps de votre r\u00e9demption.<\/p>\n\n\n\n<div class=\"wp-block-uagb-container uagb-block-d519fd66\">\n<figure class=\"wp-block-image size-large is-resized\"><img decoding=\"async\" width=\"572\" height=\"1024\" src=\"https:\/\/nuevo-renacer.com\/wp-content\/uploads\/2025\/01\/Katharina_von_Genua2-572x1024.jpg\" alt=\"\" class=\"wp-image-6728\" style=\"width:216px\" srcset=\"https:\/\/nuevo-renacer.com\/wp-content\/uploads\/2025\/01\/Katharina_von_Genua2-572x1024.jpg 572w, https:\/\/nuevo-renacer.com\/wp-content\/uploads\/2025\/01\/Katharina_von_Genua2-167x300.jpg 167w, https:\/\/nuevo-renacer.com\/wp-content\/uploads\/2025\/01\/Katharina_von_Genua2-768x1376.jpg 768w, https:\/\/nuevo-renacer.com\/wp-content\/uploads\/2025\/01\/Katharina_von_Genua2-857x1536.jpg 857w, https:\/\/nuevo-renacer.com\/wp-content\/uploads\/2025\/01\/Katharina_von_Genua2-7x12.jpg 7w, https:\/\/nuevo-renacer.com\/wp-content\/uploads\/2025\/01\/Katharina_von_Genua2.jpg 893w\" sizes=\"(max-width: 572px) 100vw, 572px\" \/><figcaption class=\"wp-element-caption\">Catherine soulage la douleur des pauvres \u00e2mes du purgatoire, de l&#039;image dans la Basilique de la Addorata \u00e0 Acqui Terme<\/figcaption><\/figure>\n<\/div>\n\n\n\n<p class=\"has-black-color has-text-color has-link-color has-small-font-size wp-elements-5e89415a2998d57cbbf5cac32c818fb3\">Catherine a \u00e9t\u00e9 enterr\u00e9 dans l&#039;\u00e9glise de la tr\u00e8s Sainte Annonciation de Portoria \u00e0 G\u00eanes.<\/p>\n\n\n\n<div class=\"wp-block-uagb-container uagb-block-19f4d764\">\n<figure class=\"wp-block-image size-large is-resized\"><img loading=\"lazy\" decoding=\"async\" width=\"1024\" height=\"489\" src=\"https:\/\/nuevo-renacer.com\/wp-content\/uploads\/2025\/01\/Katharina_von_Genua4-1024x489.jpg\" alt=\"\" class=\"wp-image-6729\" style=\"width:520px;height:auto\" srcset=\"https:\/\/nuevo-renacer.com\/wp-content\/uploads\/2025\/01\/Katharina_von_Genua4-1024x489.jpg 1024w, https:\/\/nuevo-renacer.com\/wp-content\/uploads\/2025\/01\/Katharina_von_Genua4-300x143.jpg 300w, https:\/\/nuevo-renacer.com\/wp-content\/uploads\/2025\/01\/Katharina_von_Genua4-768x367.jpg 768w, https:\/\/nuevo-renacer.com\/wp-content\/uploads\/2025\/01\/Katharina_von_Genua4-1536x733.jpg 1536w, https:\/\/nuevo-renacer.com\/wp-content\/uploads\/2025\/01\/Katharina_von_Genua4-2048x978.jpg 2048w, https:\/\/nuevo-renacer.com\/wp-content\/uploads\/2025\/01\/Katharina_von_Genua4-18x9.jpg 18w\" sizes=\"(max-width: 1024px) 100vw, 1024px\" \/><figcaption class=\"wp-element-caption\"> Sarcophage de Catherine en l&#039;\u00e9glise de la tr\u00e8s Sainte Annonciation de Portoria<\/figcaption><\/figure>\n<\/div>\n\n\n\n<p class=\"has-black-color has-text-color has-link-color has-small-font-size wp-elements-51af9111cdf6de49494797b35b4b187b\"><strong>Canonisation:<\/strong> Catherine a \u00e9t\u00e9 b\u00e9atifi\u00e9 le 6 avril 1675 par le pape Cl\u00e9ment X et, le 16 juin 1737 par le pape Cl\u00e9ment XII. En 1944, le pape Pie XII nomm\u00e9 la deuxi\u00e8me patron des h\u00f4pitaux italiens. En 2004, il a \u00e9t\u00e9 signal\u00e9 que Catherine peut \u00eatre nomm\u00e9 en tant que quatri\u00e8me de la femme dans l&#039;histoire, et la premi\u00e8re femme mari\u00e9e \u00e0 devenir un professeur de l&#039;\u00e9glise.<\/p>\n\n\n\n<p class=\"has-black-color has-text-color has-link-color has-medium-font-size wp-elements-7b230a436403c9ccaa2ec51df0091aa8\"><strong>Paroles de la sainte<\/strong><\/p>\n\n\n\n<p class=\"has-black-color has-text-color has-link-color has-small-font-size wp-elements-9fd11401b2479982eba728daf9a4b08a\"><em>Les trois fa\u00e7ons de l&#039;homme de l&#039;amour de Dieu:<\/em><\/p>\n\n\n\n<p class=\"has-black-color has-text-color has-link-color has-small-font-size wp-elements-71042c8c5488b65f8ba611009a6887f9\">\u201cIl est dit que les travaux sont r\u00e9alis\u00e9s par l&#039;amour, quand l&#039;homme fait tout ce qu&#039;il fait pour l&#039;amour de Dieu, par l&#039;amour qui est donn\u00e9 par Dieu avec le d\u00e9sir de faire le salut pour lui et son voisin. Dans cette premi\u00e8re \u00e9tape de l&#039;amour, Dieu est \u00e0 l&#039;origine de l&#039;homme \u00e0 effectuer de nombreux et divers travaux n\u00e9cessaires et utiles, avec un sentiment d&#039;affection pieuse et bienveillant, mis\u00e9ricordieux.<\/p>\n\n\n\n<p class=\"has-black-color has-text-color has-link-color has-small-font-size wp-elements-f10b9c25b2d573a4e8b60d80ed9b562d\">Les travaux de la deuxi\u00e8me \u00e9tape de l&#039;amour sont faites en Dieu. Sont ces \u0153uvres qui sont faites sans prendre en compte le b\u00e9n\u00e9fice de eux-m\u00eames ou d&#039;autres, mais restent en Dieu sans autre but que celui qui a fait d&#039;eux. [Et \u00e0 cause de l&#039;habitude que l&#039;homme a acquis de bien faire, reste dans le travail, mais Dieu l&#039;a priv\u00e9e de son propre parti, qui, avant l&#039;aidait et qu&#039;il \u00e9tait heureux. Pour cette raison, un tel travail est plus parfaite que la premi\u00e8re fonctionne, parce que l&#039;homme dans la premi\u00e8re \u00e9tape a eu de nombreuses fins de satisfaire le corps et l&#039;\u00e2me. La satisfaction de ses bonnes \u0153uvres est supprim\u00e9.]<\/p>\n\n\n\n<p class=\"has-black-color has-text-color has-link-color has-small-font-size wp-elements-2c9f1165cfa16e3c20f79ee926d0bff0\">Les \u0153uvres qui sont en fait pour l&#039;amour, en fin de compte, plus parfaits que ceux des deux autres types, car ils sont faits sans la participation d&#039;un homme. L&#039;amour a gagn\u00e9 et battu l&#039;homme de telle mani\u00e8re que, pour ainsi dire, a \u00e9t\u00e9 coul\u00e9 dans la mer de l&#039;amour, sans savoir o\u00f9 il est. Est compl\u00e8tement d\u00e9truit en lui-m\u00eame et n&#039;est pas capable de faire quoi que ce soit; dans ce cas, c&#039;est l&#039;amour qui rend votre travail sur l&#039;homme. Ses effets sont les \u0153uvres de la perfection, parce qu&#039;elle est r\u00e9alis\u00e9e sans l&#039;action de l&#039;homme. Ils sont des \u0153uvres de la gr\u00e2ce que Dieu les accepte tous. L&#039;amour ce doux et pur, et l&#039;a pris \u00e0 l&#039;homme, et ce qui a attir\u00e9 compl\u00e8tement \u00e0 l&#039;int\u00e9rieur de lui-m\u00eame, \u00e0 se lib\u00e9rer compl\u00e8tement de son \u00eatre. Elle poss\u00e8de compl\u00e8tement. [Actes en permanence sur cette personne, et \u00e0 travers elle, seulement pour votre b\u00e9n\u00e9fice et le b\u00e9n\u00e9fice, sans qu&#039;il s&#039;infiltre.]\u201d<\/p>\n<\/div><\/div>\n\n\n\n<div class=\"wp-block-uagb-container uagb-block-2d1f7e79 alignfull uagb-is-root-container\"><div class=\"uagb-container-inner-blocks-wrap\"><\/div><\/div>\n\n\n\n<div class=\"wp-block-uagb-container uagb-block-449a5fcf alignfull uagb-is-root-container\"><div class=\"uagb-container-inner-blocks-wrap\"><\/div><\/div>","protected":false},"excerpt":{"rendered":"<p>Catalina de G\u00e9nova Catalina era hija de la noble familia Fieschi, de la que tambi\u00e9n los dos papas Inocencio IV. y Adriano V, cuyo palacio se encuentra en la iglesia de la familia Santa Mar\u00eda en Via Lata; su padre era virrey de N\u00e1poles. A los 16 a\u00f1os se cas\u00f3 por la fuerza con el [&hellip;]<\/p>","protected":false},"author":1,"featured_media":0,"parent":0,"menu_order":0,"comment_status":"closed","ping_status":"closed","template":"","meta":{"_uag_custom_page_level_css":"","site-sidebar-layout":"default","site-content-layout":"","ast-site-content-layout":"default","site-content-style":"default","site-sidebar-style":"default","ast-global-header-display":"","ast-banner-title-visibility":"","ast-main-header-display":"","ast-hfb-above-header-display":"","ast-hfb-below-header-display":"","ast-hfb-mobile-header-display":"","site-post-title":"disabled","ast-breadcrumbs-content":"","ast-featured-img":"","footer-sml-layout":"","theme-transparent-header-meta":"","adv-header-id-meta":"","stick-header-meta":"","header-above-stick-meta":"","header-main-stick-meta":"","header-below-stick-meta":"","astra-migrate-meta-layouts":"set","ast-page-background-enabled":"default","ast-page-background-meta":{"desktop":{"background-color":"var(--ast-global-color-4)","background-image":"","background-repeat":"repeat","background-position":"center center","background-size":"auto","background-attachment":"scroll","background-type":"","background-media":"","overlay-type":"","overlay-color":"","overlay-opacity":"","overlay-gradient":""},"tablet":{"background-color":"","background-image":"","background-repeat":"repeat","background-position":"center center","background-size":"auto","background-attachment":"scroll","background-type":"","background-media":"","overlay-type":"","overlay-color":"","overlay-opacity":"","overlay-gradient":""},"mobile":{"background-color":"","background-image":"","background-repeat":"repeat","background-position":"center center","background-size":"auto","background-attachment":"scroll","background-type":"","background-media":"","overlay-type":"","overlay-color":"","overlay-opacity":"","overlay-gradient":""}},"ast-content-background-meta":{"desktop":{"background-color":"var(--ast-global-color-5)","background-image":"","background-repeat":"repeat","background-position":"center center","background-size":"auto","background-attachment":"scroll","background-type":"","background-media":"","overlay-type":"","overlay-color":"","overlay-opacity":"","overlay-gradient":""},"tablet":{"background-color":"var(--ast-global-color-5)","background-image":"","background-repeat":"repeat","background-position":"center center","background-size":"auto","background-attachment":"scroll","background-type":"","background-media":"","overlay-type":"","overlay-color":"","overlay-opacity":"","overlay-gradient":""},"mobile":{"background-color":"var(--ast-global-color-5)","background-image":"","background-repeat":"repeat","background-position":"center center","background-size":"auto","background-attachment":"scroll","background-type":"","background-media":"","overlay-type":"","overlay-color":"","overlay-opacity":"","overlay-gradient":""}},"footnotes":""},"class_list":["post-6725","page","type-page","status-publish","hentry"],"yoast_head":"<!-- This site is optimized with the Yoast SEO Premium plugin v24.2 (Yoast SEO v24.6) - https:\/\/yoast.com\/wordpress\/plugins\/seo\/ -->\n<title>Catalina de G\u00e9nova - Uni\u00f3n Esp\u00edrita<\/title>\n<meta name=\"robots\" content=\"index, follow, max-snippet:-1, max-image-preview:large, max-video-preview:-1\" \/>\n<link rel=\"canonical\" href=\"https:\/\/nuevo-renacer.com\/fr\/catalina-de-genova\/\" \/>\n<meta property=\"og:locale\" content=\"fr_FR\" \/>\n<meta property=\"og:type\" content=\"article\" \/>\n<meta property=\"og:title\" content=\"Catalina de G\u00e9nova\" \/>\n<meta property=\"og:description\" content=\"Catalina de G\u00e9nova Catalina era hija de la noble familia Fieschi, de la que tambi\u00e9n los dos papas Inocencio IV. y Adriano V, cuyo palacio se encuentra en la iglesia de la familia Santa Mar\u00eda en Via Lata; su padre era virrey de N\u00e1poles. A los 16 a\u00f1os se cas\u00f3 por la fuerza con el [&hellip;]\" \/>\n<meta property=\"og:url\" content=\"https:\/\/nuevo-renacer.com\/fr\/catalina-de-genova\/\" \/>\n<meta property=\"og:site_name\" content=\"Uni\u00f3n Esp\u00edrita\" \/>\n<meta property=\"article:publisher\" content=\"https:\/\/www.facebook.com\/groups\/3431398063740829\" \/>\n<meta property=\"article:modified_time\" content=\"2025-01-09T10:51:28+00:00\" \/>\n<meta property=\"og:image\" content=\"https:\/\/nuevo-renacer.com\/wp-content\/uploads\/2025\/01\/katharina-von-genua1218852.jpg\" \/>\n\t<meta property=\"og:image:width\" content=\"564\" \/>\n\t<meta property=\"og:image:height\" content=\"1141\" \/>\n\t<meta property=\"og:image:type\" content=\"image\/jpeg\" \/>\n<meta name=\"twitter:card\" content=\"summary_large_image\" \/>\n<meta name=\"twitter:label1\" content=\"Dur\u00e9e de lecture estim\u00e9e\" \/>\n\t<meta name=\"twitter:data1\" content=\"5 minutes\" \/>\n<script type=\"application\/ld+json\" class=\"yoast-schema-graph\">{\"@context\":\"https:\/\/schema.org\",\"@graph\":[{\"@type\":\"WebPage\",\"@id\":\"https:\/\/nuevo-renacer.com\/catalina-de-genova\/\",\"url\":\"https:\/\/nuevo-renacer.com\/catalina-de-genova\/\",\"name\":\"Catalina de G\u00e9nova - Uni\u00f3n Esp\u00edrita\",\"isPartOf\":{\"@id\":\"https:\/\/nuevo-renacer.com\/#website\"},\"primaryImageOfPage\":{\"@id\":\"https:\/\/nuevo-renacer.com\/catalina-de-genova\/#primaryimage\"},\"image\":{\"@id\":\"https:\/\/nuevo-renacer.com\/catalina-de-genova\/#primaryimage\"},\"thumbnailUrl\":\"https:\/\/nuevo-renacer.com\/wp-content\/uploads\/2025\/01\/katharina-von-genua1218852-506x1024.jpg\",\"datePublished\":\"2025-01-09T10:18:48+00:00\",\"dateModified\":\"2025-01-09T10:51:28+00:00\",\"breadcrumb\":{\"@id\":\"https:\/\/nuevo-renacer.com\/catalina-de-genova\/#breadcrumb\"},\"inLanguage\":\"fr-FR\",\"potentialAction\":[{\"@type\":\"ReadAction\",\"target\":[\"https:\/\/nuevo-renacer.com\/catalina-de-genova\/\"]}]},{\"@type\":\"ImageObject\",\"inLanguage\":\"fr-FR\",\"@id\":\"https:\/\/nuevo-renacer.com\/catalina-de-genova\/#primaryimage\",\"url\":\"https:\/\/nuevo-renacer.com\/wp-content\/uploads\/2025\/01\/katharina-von-genua1218852-506x1024.jpg\",\"contentUrl\":\"https:\/\/nuevo-renacer.com\/wp-content\/uploads\/2025\/01\/katharina-von-genua1218852-506x1024.jpg\"},{\"@type\":\"BreadcrumbList\",\"@id\":\"https:\/\/nuevo-renacer.com\/catalina-de-genova\/#breadcrumb\",\"itemListElement\":[{\"@type\":\"ListItem\",\"position\":1,\"name\":\"Startseite\",\"item\":\"https:\/\/nuevo-renacer.com\/\"},{\"@type\":\"ListItem\",\"position\":2,\"name\":\"Catalina de G\u00e9nova\"}]},{\"@type\":\"WebSite\",\"@id\":\"https:\/\/nuevo-renacer.com\/#website\",\"url\":\"https:\/\/nuevo-renacer.com\/\",\"name\":\"Uni\u00f3n Esp\u00edrita\",\"description\":\"Nuevo Renacer\",\"publisher\":{\"@id\":\"https:\/\/nuevo-renacer.com\/#organization\"},\"potentialAction\":[{\"@type\":\"SearchAction\",\"target\":{\"@type\":\"EntryPoint\",\"urlTemplate\":\"https:\/\/nuevo-renacer.com\/?s={search_term_string}\"},\"query-input\":{\"@type\":\"PropertyValueSpecification\",\"valueRequired\":true,\"valueName\":\"search_term_string\"}}],\"inLanguage\":\"fr-FR\"},{\"@type\":\"Organization\",\"@id\":\"https:\/\/nuevo-renacer.com\/#organization\",\"name\":\"UFEC\",\"url\":\"https:\/\/nuevo-renacer.com\/\",\"logo\":{\"@type\":\"ImageObject\",\"inLanguage\":\"fr-FR\",\"@id\":\"https:\/\/nuevo-renacer.com\/#\/schema\/logo\/image\/\",\"url\":\"https:\/\/nuevo-renacer.com\/wp-content\/uploads\/2024\/05\/cropped-LOGO-TERMINADO1-3-3.png\",\"contentUrl\":\"https:\/\/nuevo-renacer.com\/wp-content\/uploads\/2024\/05\/cropped-LOGO-TERMINADO1-3-3.png\",\"width\":512,\"height\":512,\"caption\":\"UFEC\"},\"image\":{\"@id\":\"https:\/\/nuevo-renacer.com\/#\/schema\/logo\/image\/\"},\"sameAs\":[\"https:\/\/www.facebook.com\/groups\/3431398063740829\"]}]}<\/script>\n<!-- \/ Yoast SEO Premium plugin. -->","yoast_head_json":{"title":"Catalina de G\u00e9nova - Uni\u00f3n Esp\u00edrita","robots":{"index":"index","follow":"follow","max-snippet":"max-snippet:-1","max-image-preview":"max-image-preview:large","max-video-preview":"max-video-preview:-1"},"canonical":"https:\/\/nuevo-renacer.com\/fr\/catalina-de-genova\/","og_locale":"fr_FR","og_type":"article","og_title":"Catalina de G\u00e9nova","og_description":"Catalina de G\u00e9nova Catalina era hija de la noble familia Fieschi, de la que tambi\u00e9n los dos papas Inocencio IV. y Adriano V, cuyo palacio se encuentra en la iglesia de la familia Santa Mar\u00eda en Via Lata; su padre era virrey de N\u00e1poles. A los 16 a\u00f1os se cas\u00f3 por la fuerza con el [&hellip;]","og_url":"https:\/\/nuevo-renacer.com\/fr\/catalina-de-genova\/","og_site_name":"Uni\u00f3n Esp\u00edrita","article_publisher":"https:\/\/www.facebook.com\/groups\/3431398063740829","article_modified_time":"2025-01-09T10:51:28+00:00","og_image":[{"width":564,"height":1141,"url":"https:\/\/nuevo-renacer.com\/wp-content\/uploads\/2025\/01\/katharina-von-genua1218852.jpg","type":"image\/jpeg"}],"twitter_card":"summary_large_image","twitter_misc":{"Dur\u00e9e de lecture estim\u00e9e":"5 minutes"},"schema":{"@context":"https:\/\/schema.org","@graph":[{"@type":"WebPage","@id":"https:\/\/nuevo-renacer.com\/catalina-de-genova\/","url":"https:\/\/nuevo-renacer.com\/catalina-de-genova\/","name":"Catalina de G\u00e9nova - Uni\u00f3n Esp\u00edrita","isPartOf":{"@id":"https:\/\/nuevo-renacer.com\/#website"},"primaryImageOfPage":{"@id":"https:\/\/nuevo-renacer.com\/catalina-de-genova\/#primaryimage"},"image":{"@id":"https:\/\/nuevo-renacer.com\/catalina-de-genova\/#primaryimage"},"thumbnailUrl":"https:\/\/nuevo-renacer.com\/wp-content\/uploads\/2025\/01\/katharina-von-genua1218852-506x1024.jpg","datePublished":"2025-01-09T10:18:48+00:00","dateModified":"2025-01-09T10:51:28+00:00","breadcrumb":{"@id":"https:\/\/nuevo-renacer.com\/catalina-de-genova\/#breadcrumb"},"inLanguage":"fr-FR","potentialAction":[{"@type":"ReadAction","target":["https:\/\/nuevo-renacer.com\/catalina-de-genova\/"]}]},{"@type":"ImageObject","inLanguage":"fr-FR","@id":"https:\/\/nuevo-renacer.com\/catalina-de-genova\/#primaryimage","url":"https:\/\/nuevo-renacer.com\/wp-content\/uploads\/2025\/01\/katharina-von-genua1218852-506x1024.jpg","contentUrl":"https:\/\/nuevo-renacer.com\/wp-content\/uploads\/2025\/01\/katharina-von-genua1218852-506x1024.jpg"},{"@type":"BreadcrumbList","@id":"https:\/\/nuevo-renacer.com\/catalina-de-genova\/#breadcrumb","itemListElement":[{"@type":"ListItem","position":1,"name":"Startseite","item":"https:\/\/nuevo-renacer.com\/"},{"@type":"ListItem","position":2,"name":"Catalina de G\u00e9nova"}]},{"@type":"WebSite","@id":"https:\/\/nuevo-renacer.com\/#website","url":"https:\/\/nuevo-renacer.com\/","name":"Uni\u00f3n Esp\u00edrita","description":"Nuevo Renacer","publisher":{"@id":"https:\/\/nuevo-renacer.com\/#organization"},"potentialAction":[{"@type":"SearchAction","target":{"@type":"EntryPoint","urlTemplate":"https:\/\/nuevo-renacer.com\/?s={search_term_string}"},"query-input":{"@type":"PropertyValueSpecification","valueRequired":true,"valueName":"search_term_string"}}],"inLanguage":"fr-FR"},{"@type":"Organization","@id":"https:\/\/nuevo-renacer.com\/#organization","name":"UFEC","url":"https:\/\/nuevo-renacer.com\/","logo":{"@type":"ImageObject","inLanguage":"fr-FR","@id":"https:\/\/nuevo-renacer.com\/#\/schema\/logo\/image\/","url":"https:\/\/nuevo-renacer.com\/wp-content\/uploads\/2024\/05\/cropped-LOGO-TERMINADO1-3-3.png","contentUrl":"https:\/\/nuevo-renacer.com\/wp-content\/uploads\/2024\/05\/cropped-LOGO-TERMINADO1-3-3.png","width":512,"height":512,"caption":"UFEC"},"image":{"@id":"https:\/\/nuevo-renacer.com\/#\/schema\/logo\/image\/"},"sameAs":["https:\/\/www.facebook.com\/groups\/3431398063740829"]}]}},"uagb_featured_image_src":{"full":false,"thumbnail":false,"medium":false,"medium_large":false,"large":false,"1536x1536":false,"2048x2048":false,"trp-custom-language-flag":false},"uagb_author_info":{"display_name":"adbv0","author_link":"https:\/\/nuevo-renacer.com\/fr\/author\/adbv0\/"},"uagb_comment_info":0,"uagb_excerpt":"Catalina de G\u00e9nova Catalina era hija de la noble familia Fieschi, de la que tambi\u00e9n los dos papas Inocencio IV. y Adriano V, cuyo palacio se encuentra en la iglesia de la familia Santa Mar\u00eda en Via Lata; su padre era virrey de N\u00e1poles. A los 16 a\u00f1os se cas\u00f3 por la fuerza con el\u2026","jetpack_sharing_enabled":true,"_links":{"self":[{"href":"https:\/\/nuevo-renacer.com\/fr\/wp-json\/wp\/v2\/pages\/6725","targetHints":{"allow":["GET"]}}],"collection":[{"href":"https:\/\/nuevo-renacer.com\/fr\/wp-json\/wp\/v2\/pages"}],"about":[{"href":"https:\/\/nuevo-renacer.com\/fr\/wp-json\/wp\/v2\/types\/page"}],"author":[{"embeddable":true,"href":"https:\/\/nuevo-renacer.com\/fr\/wp-json\/wp\/v2\/users\/1"}],"replies":[{"embeddable":true,"href":"https:\/\/nuevo-renacer.com\/fr\/wp-json\/wp\/v2\/comments?post=6725"}],"version-history":[{"count":1,"href":"https:\/\/nuevo-renacer.com\/fr\/wp-json\/wp\/v2\/pages\/6725\/revisions"}],"predecessor-version":[{"id":6730,"href":"https:\/\/nuevo-renacer.com\/fr\/wp-json\/wp\/v2\/pages\/6725\/revisions\/6730"}],"wp:attachment":[{"href":"https:\/\/nuevo-renacer.com\/fr\/wp-json\/wp\/v2\/media?parent=6725"}],"curies":[{"name":"wp","href":"https:\/\/api.w.org\/{rel}","templated":true}]}}