{"id":6711,"date":"2025-01-08T11:58:23","date_gmt":"2025-01-08T11:58:23","guid":{"rendered":"https:\/\/nuevo-renacer.com\/?page_id=6711"},"modified":"2025-01-08T12:13:50","modified_gmt":"2025-01-08T12:13:50","slug":"rene-descartes","status":"publish","type":"page","link":"https:\/\/nuevo-renacer.com\/fr\/rene-descartes\/","title":{"rendered":"Ren\u00e9 Descartes"},"content":{"rendered":"<div class=\"wp-block-uagb-container uagb-block-d7877df0 alignfull uagb-is-root-container\"><div class=\"uagb-container-inner-blocks-wrap\">\n<p class=\"has-black-color has-text-color has-link-color has-medium-font-size wp-elements-265e4791bb8613e405824eaf32bcfbcc\"><strong>Ren\u00e9 Descartes<\/strong><\/p>\n<\/div><\/div>\n\n\n\n<div class=\"wp-block-uagb-container uagb-block-e00c9128 alignfull uagb-is-root-container\"><div class=\"uagb-container-inner-blocks-wrap\">\n<figure class=\"wp-block-image size-full is-resized\"><img fetchpriority=\"high\" decoding=\"async\" width=\"800\" height=\"676\" src=\"https:\/\/nuevo-renacer.com\/wp-content\/uploads\/2025\/01\/800px-Frans_Hals_-_Portret_van_Rene_Descartes-1.jpg\" alt=\"\" class=\"wp-image-6716\" style=\"width:266px;height:auto\" srcset=\"https:\/\/nuevo-renacer.com\/wp-content\/uploads\/2025\/01\/800px-Frans_Hals_-_Portret_van_Rene_Descartes-1.jpg 800w, https:\/\/nuevo-renacer.com\/wp-content\/uploads\/2025\/01\/800px-Frans_Hals_-_Portret_van_Rene_Descartes-1-300x254.jpg 300w, https:\/\/nuevo-renacer.com\/wp-content\/uploads\/2025\/01\/800px-Frans_Hals_-_Portret_van_Rene_Descartes-1-768x649.jpg 768w, https:\/\/nuevo-renacer.com\/wp-content\/uploads\/2025\/01\/800px-Frans_Hals_-_Portret_van_Rene_Descartes-1-14x12.jpg 14w\" sizes=\"(max-width: 800px) 100vw, 800px\" \/><\/figure>\n<\/div><\/div>\n\n\n\n<div class=\"wp-block-uagb-container uagb-block-3133412b alignfull uagb-is-root-container\"><div class=\"uagb-container-inner-blocks-wrap\">\n<p class=\"has-black-color has-text-color has-link-color has-small-font-size wp-elements-d4121c611cac6fb6779a48305c6ef92a\">Ren\u00e9 Descartes (1596 \u2013 1650) est \u00e0 juste titre appel\u00e9 le &#034;P\u00e8re de la Philosophie Moderna&#034;. Il a \u00e9t\u00e9 le premier philosophe europ\u00e9en depuis le Moyen Age, c&#039;\u00e9tait le probl\u00e8me \u00e9pist\u00e9mologique de la connaissance-dans sa vraie perspective, anticipant l&#039;ensemble de la philosophie de moderna.<\/p>\n\n\n\n<p class=\"has-black-color has-text-color has-link-color has-small-font-size wp-elements-2c1fb333eee0381f56c88802c4251d59\">La m\u00eame daimon sur Socrate a \u00e9t\u00e9 pr\u00e9sent\u00e9 \u00e0 Descartes comme une lumi\u00e8re si intense qu&#039;il \u00e9tait impossible de le supporter. Dans cette lumi\u00e8re, il a poursuivi le projet d&#039;une science admirable. Ces \u00e9v\u00e9nements \u00e9taient si remarquables que Descartes est venu \u00e0 admettre qu&#039;il avait \u00e9t\u00e9 inspir\u00e9 par l&#039;Esprit de V\u00e9rit\u00e9.<\/p>\n\n\n\n<p class=\"has-black-color has-text-color has-link-color has-small-font-size wp-elements-8edb614c10f05408567be58c47f2457a\">Lorsque l&#039;on parle de Descartes, on pense imm\u00e9diatement de l&#039;expression &#034;cogito ergo sum&#034; (je pense donc je suis). Ce postulat, n&#039;est pas susceptible de d\u00e9monstration, sur lequel il a d\u00e9velopp\u00e9 toute sa philosophie de la pens\u00e9e cart\u00e9sienne, qu&#039;il a lui-m\u00eame cr\u00e9\u00e9, est r\u00e9sum\u00e9e dans: contr\u00f4ler, analyser, synth\u00e9tiser, et d&#039;\u00e9num\u00e9rer.<\/p>\n\n\n\n<p class=\"has-black-color has-text-color has-link-color has-small-font-size wp-elements-5a8abbe94b093ef8675691e0e63018cb\">Le premier test est l&#039;id\u00e9e de la perfection, dans le cogito, le Dieu en nous; la seconde vient de la preuve de l&#039;existence de l&#039;\u00e2me; le troisi\u00e8me est le principe de causalit\u00e9 qui, lorsqu&#039;il est appliqu\u00e9 \u00e0 la premi\u00e8re de deux, de d\u00e9montrer logiquement l&#039;existence de Dieu.<\/p>\n\n\n\n<p class=\"has-black-color has-text-color has-link-color has-small-font-size wp-elements-6c5797b6afa10ca3ba1b91bd3768adc4\">De cette fa\u00e7on, Descartes assure le passage de l&#039;individu et le monde, car il garantit que la potentialit\u00e9 de savoir qu&#039;il y a dans l&#039;homme. Si Dieu a voulu nous tromper, peut nous tromper, mais alors il ne serait pas Dieu, mais un g\u00e9nie imparfait du mal.<\/p>\n\n\n\n<p class=\"has-black-color has-text-color has-link-color has-small-font-size wp-elements-07afd5c3b0d5742c75749f6aad1e5f6f\">Pour Ren\u00e9 Descartes, le monde objectif \u00e9tait compos\u00e9 de deux substances, une &#034;res extensa&#034; (corps) et de la &#034;res cogitans&#034; (de l&#039;\u00e2me). Pour Descartes, comme pour Aristote, la mati\u00e8re est la quantit\u00e9 et la force est la qualit\u00e9.<\/p>\n\n\n\n<p class=\"has-black-color has-text-color has-link-color has-small-font-size wp-elements-de499adad977338ec27e68d7195fcac9\">La division cart\u00e9sienne entre l&#039;esprit et la mati\u00e8re, ainsi que le traumatisme de l&#039;pers\u00e9cutions du moyen-\u00e2ge, conduit \u00e0 la perception de l&#039;univers comme un syst\u00e8me m\u00e9canique form\u00e9 par des objets distincts, dont la th\u00e9orie m\u00e9canique est \u00e0 la base de toute la science moderna.<\/p>\n\n\n\n<p class=\"has-black-color has-text-color has-link-color has-small-font-size wp-elements-249ca24096b4ffba34624d8ab78f45fd\">Descartes, un brillant math\u00e9maticien, a d\u00e9clar\u00e9: &#034;Toute science est une connaissance, vrais et \u00e9vidents. Nous d\u00e9clinons toutes les connaissances qui est seulement probable et nous pensons que nous ne devrions croire en ces choses qui sont parfaitement connus et sur lesquels il ne peut y avoir aucun doute.<\/p>\n\n\n\n<p class=\"has-black-color has-text-color has-link-color has-small-font-size wp-elements-776ee43c0bfe409dc8ce647ca1936370\">En fait, les questions sur le monde qui existent dans le monde de l&#039;\u00e9poque a \u00e9t\u00e9 d\u00e9montr\u00e9 par un autre philosophe fran\u00e7ais, \u00e0 une \u00e9poque diff\u00e9rente. Allan Kardec (1803 \u2013 1869), compris dans l&#039;arithm\u00e9tique, de la chimie, de la physique et de l&#039;astronomie, \u00e0 l&#039;aide de la m\u00eame m\u00e9thode cart\u00e9sienne cr\u00e9\u00e9 par Descartes, bas\u00e9 sur le monde abstrait (spirituelle) pour le b\u00e9ton (physique), codifi\u00e9 les plus belles \u0153uvres de la trilogie existante: la Philosophie, de la Science et de la Religion.<\/p>\n\n\n\n<p class=\"has-black-color has-text-color has-link-color has-small-font-size wp-elements-35d9eaed09f807bceba287eb2e13e661\">Allan Kardec, \u00e0 codifier la Doctrine Spirit, compl\u00e8tement transform\u00e9 la perspective de l&#039;avenir. L&#039;avenir de la vie n&#039;est plus une hypoth\u00e8se, mais une r\u00e9alit\u00e9. L&#039;\u00e9tat des \u00e2mes apr\u00e8s la mort, comme il n&#039;est pas un syst\u00e8me, mais le r\u00e9sultat de l&#039;observation. Le voile a \u00e9t\u00e9 lev\u00e9; l&#039;esprit du monde nous est pr\u00e9sent\u00e9 dans la pl\u00e9nitude de sa r\u00e9alit\u00e9 pratique; ils n&#039;\u00e9taient pas les hommes qui l&#039;ont d\u00e9couvert par l&#039;effort d&#039;une conception ing\u00e9nieuse, sont les habitants de ce monde qui viennent \u00e0 nous pour nous raconter votre situation.<\/p>\n\n\n\n<p class=\"has-black-color has-text-color has-link-color has-small-font-size wp-elements-a65f59b04803527dd0bdb878e7d00ab4\">Dans son dernier ouvrage sur le Spiritisme, l&#039;a d\u00e9crite ainsi: &#034;Comme un moyen de d\u00e9veloppement, le Spiritisme proc\u00e8de exactement de la m\u00eame mani\u00e8re que les sciences positives, l&#039;application de la m\u00e9thode exp\u00e9rimentale. Nous pr\u00e9senter des faits nouveaux qui ne peut \u00eatre expliqu\u00e9 par les lois connues; observe, compare, analyse, et, en remontant des effets aux causes, il en vient \u00e0 la loi qui les r\u00e9git; ensuite d\u00e9duit de leurs cons\u00e9quences et de regarder pour les applications utiles&#034;. Ne d\u00e9finissez pas une th\u00e9orie pr\u00e9con\u00e7ue; eh bien, pas suppos\u00e9 l&#039;existence et l&#039;intervention des Esprits, ou la periesp\u00edritu, ou de la r\u00e9incarnation, ou \u00e0 l&#039;un des principes de la doctrine \u00e0 la fin de l&#039;existence des Esprits lorsque que l&#039;existence \u00e9tait \u00e9vident \u00e0 partir de l&#039;observation des faits, et a proc\u00e9d\u00e9 de la m\u00eame fa\u00e7on avec les autres principes. Ils n&#039;ont pas \u00e9t\u00e9 les \u00e9v\u00e9nements qui ont par la suite confirm\u00e9 la th\u00e9orie: c&#039;est la th\u00e9orie qui il a expliqu\u00e9 plus tard et a r\u00e9sum\u00e9 les faits. Par cons\u00e9quent, il est strictement exact de dire que le Spiritisme est une science d&#039;observation et ne sont pas un produit de l&#039;imagination. Les sciences n&#039;ont fait d&#039;importants progr\u00e8s depuis leurs \u00e9tudes sont bas\u00e9es sur la m\u00e9thode exp\u00e9rimentale; jusqu&#039;alors il a cru que cette m\u00e9thode n&#039;est applicable qu&#039;\u00e0 l&#039;objet, alors que c&#039;est aussi les choses m\u00e9taphysiques.<\/p>\n<\/div><\/div>\n\n\n\n<div class=\"wp-block-uagb-container uagb-block-2f3b09a5 alignfull uagb-is-root-container\"><div class=\"uagb-container-inner-blocks-wrap\"><\/div><\/div>\n\n\n\n<div class=\"wp-block-uagb-container uagb-block-f32dbaa5 alignfull uagb-is-root-container\"><div class=\"uagb-container-inner-blocks-wrap\"><\/div><\/div>","protected":false},"excerpt":{"rendered":"<p>Ren\u00e9 Descartes Ren\u00e9 Descartes (1596 &#8211; 1650) es llamado con raz\u00f3n el \u00abPadre de la Filosof\u00eda Moderna\u00bb. Fue el primer fil\u00f3sofo europeo despu\u00e9s de la Edad Media que situ\u00f3 el problema epistemol\u00f3gico (del conocimiento) en su verdadera perspectiva, anticipando toda la filosof\u00eda moderna. El mismo daimon que atormentaba a S\u00f3crates se present\u00f3 a Descartes como [&hellip;]<\/p>","protected":false},"author":1,"featured_media":0,"parent":0,"menu_order":0,"comment_status":"closed","ping_status":"closed","template":"","meta":{"_uag_custom_page_level_css":"","site-sidebar-layout":"default","site-content-layout":"","ast-site-content-layout":"default","site-content-style":"default","site-sidebar-style":"default","ast-global-header-display":"","ast-banner-title-visibility":"","ast-main-header-display":"","ast-hfb-above-header-display":"","ast-hfb-below-header-display":"","ast-hfb-mobile-header-display":"","site-post-title":"disabled","ast-breadcrumbs-content":"","ast-featured-img":"","footer-sml-layout":"","theme-transparent-header-meta":"","adv-header-id-meta":"","stick-header-meta":"","header-above-stick-meta":"","header-main-stick-meta":"","header-below-stick-meta":"","astra-migrate-meta-layouts":"set","ast-page-background-enabled":"default","ast-page-background-meta":{"desktop":{"background-color":"var(--ast-global-color-4)","background-image":"","background-repeat":"repeat","background-position":"center center","background-size":"auto","background-attachment":"scroll","background-type":"","background-media":"","overlay-type":"","overlay-color":"","overlay-opacity":"","overlay-gradient":""},"tablet":{"background-color":"","background-image":"","background-repeat":"repeat","background-position":"center center","background-size":"auto","background-attachment":"scroll","background-type":"","background-media":"","overlay-type":"","overlay-color":"","overlay-opacity":"","overlay-gradient":""},"mobile":{"background-color":"","background-image":"","background-repeat":"repeat","background-position":"center center","background-size":"auto","background-attachment":"scroll","background-type":"","background-media":"","overlay-type":"","overlay-color":"","overlay-opacity":"","overlay-gradient":""}},"ast-content-background-meta":{"desktop":{"background-color":"var(--ast-global-color-5)","background-image":"","background-repeat":"repeat","background-position":"center center","background-size":"auto","background-attachment":"scroll","background-type":"","background-media":"","overlay-type":"","overlay-color":"","overlay-opacity":"","overlay-gradient":""},"tablet":{"background-color":"var(--ast-global-color-5)","background-image":"","background-repeat":"repeat","background-position":"center center","background-size":"auto","background-attachment":"scroll","background-type":"","background-media":"","overlay-type":"","overlay-color":"","overlay-opacity":"","overlay-gradient":""},"mobile":{"background-color":"var(--ast-global-color-5)","background-image":"","background-repeat":"repeat","background-position":"center center","background-size":"auto","background-attachment":"scroll","background-type":"","background-media":"","overlay-type":"","overlay-color":"","overlay-opacity":"","overlay-gradient":""}},"footnotes":""},"class_list":["post-6711","page","type-page","status-publish","hentry"],"yoast_head":"<!-- This site is optimized with the Yoast SEO Premium plugin v24.2 (Yoast SEO v24.6) - https:\/\/yoast.com\/wordpress\/plugins\/seo\/ -->\n<title>Ren\u00e9 Descartes - Uni\u00f3n Esp\u00edrita<\/title>\n<meta name=\"robots\" content=\"index, follow, max-snippet:-1, max-image-preview:large, max-video-preview:-1\" \/>\n<link rel=\"canonical\" href=\"https:\/\/nuevo-renacer.com\/fr\/rene-descartes\/\" \/>\n<meta property=\"og:locale\" content=\"fr_FR\" \/>\n<meta property=\"og:type\" content=\"article\" \/>\n<meta property=\"og:title\" content=\"Ren\u00e9 Descartes\" \/>\n<meta property=\"og:description\" content=\"Ren\u00e9 Descartes Ren\u00e9 Descartes (1596 &#8211; 1650) es llamado con raz\u00f3n el \u00abPadre de la Filosof\u00eda Moderna\u00bb. Fue el primer fil\u00f3sofo europeo despu\u00e9s de la Edad Media que situ\u00f3 el problema epistemol\u00f3gico (del conocimiento) en su verdadera perspectiva, anticipando toda la filosof\u00eda moderna. El mismo daimon que atormentaba a S\u00f3crates se present\u00f3 a Descartes como [&hellip;]\" \/>\n<meta property=\"og:url\" content=\"https:\/\/nuevo-renacer.com\/fr\/rene-descartes\/\" \/>\n<meta property=\"og:site_name\" content=\"Uni\u00f3n Esp\u00edrita\" \/>\n<meta property=\"article:publisher\" content=\"https:\/\/www.facebook.com\/groups\/3431398063740829\" \/>\n<meta property=\"article:modified_time\" content=\"2025-01-08T12:13:50+00:00\" \/>\n<meta property=\"og:image\" content=\"https:\/\/nuevo-renacer.com\/wp-content\/uploads\/2025\/01\/800px-Frans_Hals_-_Portret_van_Rene_Descartes-1.jpg\" \/>\n\t<meta property=\"og:image:width\" content=\"800\" \/>\n\t<meta property=\"og:image:height\" content=\"676\" \/>\n\t<meta property=\"og:image:type\" content=\"image\/jpeg\" \/>\n<meta name=\"twitter:card\" content=\"summary_large_image\" \/>\n<meta name=\"twitter:label1\" content=\"Dur\u00e9e de lecture estim\u00e9e\" \/>\n\t<meta name=\"twitter:data1\" content=\"4 minutes\" \/>\n<script type=\"application\/ld+json\" class=\"yoast-schema-graph\">{\"@context\":\"https:\/\/schema.org\",\"@graph\":[{\"@type\":\"WebPage\",\"@id\":\"https:\/\/nuevo-renacer.com\/rene-descartes\/\",\"url\":\"https:\/\/nuevo-renacer.com\/rene-descartes\/\",\"name\":\"Ren\u00e9 Descartes - Uni\u00f3n Esp\u00edrita\",\"isPartOf\":{\"@id\":\"https:\/\/nuevo-renacer.com\/#website\"},\"primaryImageOfPage\":{\"@id\":\"https:\/\/nuevo-renacer.com\/rene-descartes\/#primaryimage\"},\"image\":{\"@id\":\"https:\/\/nuevo-renacer.com\/rene-descartes\/#primaryimage\"},\"thumbnailUrl\":\"https:\/\/nuevo-renacer.com\/wp-content\/uploads\/2025\/01\/800px-Frans_Hals_-_Portret_van_Rene_Descartes-1.jpg\",\"datePublished\":\"2025-01-08T11:58:23+00:00\",\"dateModified\":\"2025-01-08T12:13:50+00:00\",\"breadcrumb\":{\"@id\":\"https:\/\/nuevo-renacer.com\/rene-descartes\/#breadcrumb\"},\"inLanguage\":\"fr-FR\",\"potentialAction\":[{\"@type\":\"ReadAction\",\"target\":[\"https:\/\/nuevo-renacer.com\/rene-descartes\/\"]}]},{\"@type\":\"ImageObject\",\"inLanguage\":\"fr-FR\",\"@id\":\"https:\/\/nuevo-renacer.com\/rene-descartes\/#primaryimage\",\"url\":\"https:\/\/nuevo-renacer.com\/wp-content\/uploads\/2025\/01\/800px-Frans_Hals_-_Portret_van_Rene_Descartes-1.jpg\",\"contentUrl\":\"https:\/\/nuevo-renacer.com\/wp-content\/uploads\/2025\/01\/800px-Frans_Hals_-_Portret_van_Rene_Descartes-1.jpg\"},{\"@type\":\"BreadcrumbList\",\"@id\":\"https:\/\/nuevo-renacer.com\/rene-descartes\/#breadcrumb\",\"itemListElement\":[{\"@type\":\"ListItem\",\"position\":1,\"name\":\"Startseite\",\"item\":\"https:\/\/nuevo-renacer.com\/\"},{\"@type\":\"ListItem\",\"position\":2,\"name\":\"Ren\u00e9 Descartes\"}]},{\"@type\":\"WebSite\",\"@id\":\"https:\/\/nuevo-renacer.com\/#website\",\"url\":\"https:\/\/nuevo-renacer.com\/\",\"name\":\"Uni\u00f3n Esp\u00edrita\",\"description\":\"Nuevo Renacer\",\"publisher\":{\"@id\":\"https:\/\/nuevo-renacer.com\/#organization\"},\"potentialAction\":[{\"@type\":\"SearchAction\",\"target\":{\"@type\":\"EntryPoint\",\"urlTemplate\":\"https:\/\/nuevo-renacer.com\/?s={search_term_string}\"},\"query-input\":{\"@type\":\"PropertyValueSpecification\",\"valueRequired\":true,\"valueName\":\"search_term_string\"}}],\"inLanguage\":\"fr-FR\"},{\"@type\":\"Organization\",\"@id\":\"https:\/\/nuevo-renacer.com\/#organization\",\"name\":\"UFEC\",\"url\":\"https:\/\/nuevo-renacer.com\/\",\"logo\":{\"@type\":\"ImageObject\",\"inLanguage\":\"fr-FR\",\"@id\":\"https:\/\/nuevo-renacer.com\/#\/schema\/logo\/image\/\",\"url\":\"https:\/\/nuevo-renacer.com\/wp-content\/uploads\/2024\/05\/cropped-LOGO-TERMINADO1-3-3.png\",\"contentUrl\":\"https:\/\/nuevo-renacer.com\/wp-content\/uploads\/2024\/05\/cropped-LOGO-TERMINADO1-3-3.png\",\"width\":512,\"height\":512,\"caption\":\"UFEC\"},\"image\":{\"@id\":\"https:\/\/nuevo-renacer.com\/#\/schema\/logo\/image\/\"},\"sameAs\":[\"https:\/\/www.facebook.com\/groups\/3431398063740829\"]}]}<\/script>\n<!-- \/ Yoast SEO Premium plugin. -->","yoast_head_json":{"title":"Ren\u00e9 Descartes - Uni\u00f3n Esp\u00edrita","robots":{"index":"index","follow":"follow","max-snippet":"max-snippet:-1","max-image-preview":"max-image-preview:large","max-video-preview":"max-video-preview:-1"},"canonical":"https:\/\/nuevo-renacer.com\/fr\/rene-descartes\/","og_locale":"fr_FR","og_type":"article","og_title":"Ren\u00e9 Descartes","og_description":"Ren\u00e9 Descartes Ren\u00e9 Descartes (1596 &#8211; 1650) es llamado con raz\u00f3n el \u00abPadre de la Filosof\u00eda Moderna\u00bb. Fue el primer fil\u00f3sofo europeo despu\u00e9s de la Edad Media que situ\u00f3 el problema epistemol\u00f3gico (del conocimiento) en su verdadera perspectiva, anticipando toda la filosof\u00eda moderna. El mismo daimon que atormentaba a S\u00f3crates se present\u00f3 a Descartes como [&hellip;]","og_url":"https:\/\/nuevo-renacer.com\/fr\/rene-descartes\/","og_site_name":"Uni\u00f3n Esp\u00edrita","article_publisher":"https:\/\/www.facebook.com\/groups\/3431398063740829","article_modified_time":"2025-01-08T12:13:50+00:00","og_image":[{"width":800,"height":676,"url":"https:\/\/nuevo-renacer.com\/wp-content\/uploads\/2025\/01\/800px-Frans_Hals_-_Portret_van_Rene_Descartes-1.jpg","type":"image\/jpeg"}],"twitter_card":"summary_large_image","twitter_misc":{"Dur\u00e9e de lecture estim\u00e9e":"4 minutes"},"schema":{"@context":"https:\/\/schema.org","@graph":[{"@type":"WebPage","@id":"https:\/\/nuevo-renacer.com\/rene-descartes\/","url":"https:\/\/nuevo-renacer.com\/rene-descartes\/","name":"Ren\u00e9 Descartes - Uni\u00f3n Esp\u00edrita","isPartOf":{"@id":"https:\/\/nuevo-renacer.com\/#website"},"primaryImageOfPage":{"@id":"https:\/\/nuevo-renacer.com\/rene-descartes\/#primaryimage"},"image":{"@id":"https:\/\/nuevo-renacer.com\/rene-descartes\/#primaryimage"},"thumbnailUrl":"https:\/\/nuevo-renacer.com\/wp-content\/uploads\/2025\/01\/800px-Frans_Hals_-_Portret_van_Rene_Descartes-1.jpg","datePublished":"2025-01-08T11:58:23+00:00","dateModified":"2025-01-08T12:13:50+00:00","breadcrumb":{"@id":"https:\/\/nuevo-renacer.com\/rene-descartes\/#breadcrumb"},"inLanguage":"fr-FR","potentialAction":[{"@type":"ReadAction","target":["https:\/\/nuevo-renacer.com\/rene-descartes\/"]}]},{"@type":"ImageObject","inLanguage":"fr-FR","@id":"https:\/\/nuevo-renacer.com\/rene-descartes\/#primaryimage","url":"https:\/\/nuevo-renacer.com\/wp-content\/uploads\/2025\/01\/800px-Frans_Hals_-_Portret_van_Rene_Descartes-1.jpg","contentUrl":"https:\/\/nuevo-renacer.com\/wp-content\/uploads\/2025\/01\/800px-Frans_Hals_-_Portret_van_Rene_Descartes-1.jpg"},{"@type":"BreadcrumbList","@id":"https:\/\/nuevo-renacer.com\/rene-descartes\/#breadcrumb","itemListElement":[{"@type":"ListItem","position":1,"name":"Startseite","item":"https:\/\/nuevo-renacer.com\/"},{"@type":"ListItem","position":2,"name":"Ren\u00e9 Descartes"}]},{"@type":"WebSite","@id":"https:\/\/nuevo-renacer.com\/#website","url":"https:\/\/nuevo-renacer.com\/","name":"Uni\u00f3n Esp\u00edrita","description":"Nuevo Renacer","publisher":{"@id":"https:\/\/nuevo-renacer.com\/#organization"},"potentialAction":[{"@type":"SearchAction","target":{"@type":"EntryPoint","urlTemplate":"https:\/\/nuevo-renacer.com\/?s={search_term_string}"},"query-input":{"@type":"PropertyValueSpecification","valueRequired":true,"valueName":"search_term_string"}}],"inLanguage":"fr-FR"},{"@type":"Organization","@id":"https:\/\/nuevo-renacer.com\/#organization","name":"UFEC","url":"https:\/\/nuevo-renacer.com\/","logo":{"@type":"ImageObject","inLanguage":"fr-FR","@id":"https:\/\/nuevo-renacer.com\/#\/schema\/logo\/image\/","url":"https:\/\/nuevo-renacer.com\/wp-content\/uploads\/2024\/05\/cropped-LOGO-TERMINADO1-3-3.png","contentUrl":"https:\/\/nuevo-renacer.com\/wp-content\/uploads\/2024\/05\/cropped-LOGO-TERMINADO1-3-3.png","width":512,"height":512,"caption":"UFEC"},"image":{"@id":"https:\/\/nuevo-renacer.com\/#\/schema\/logo\/image\/"},"sameAs":["https:\/\/www.facebook.com\/groups\/3431398063740829"]}]}},"uagb_featured_image_src":{"full":false,"thumbnail":false,"medium":false,"medium_large":false,"large":false,"1536x1536":false,"2048x2048":false,"trp-custom-language-flag":false},"uagb_author_info":{"display_name":"adbv0","author_link":"https:\/\/nuevo-renacer.com\/fr\/author\/adbv0\/"},"uagb_comment_info":0,"uagb_excerpt":"Ren\u00e9 Descartes Ren\u00e9 Descartes (1596 &#8211; 1650) es llamado con raz\u00f3n el \u00abPadre de la Filosof\u00eda Moderna\u00bb. Fue el primer fil\u00f3sofo europeo despu\u00e9s de la Edad Media que situ\u00f3 el problema epistemol\u00f3gico (del conocimiento) en su verdadera perspectiva, anticipando toda la filosof\u00eda moderna. El mismo daimon que atormentaba a S\u00f3crates se present\u00f3 a Descartes como\u2026","jetpack_sharing_enabled":true,"_links":{"self":[{"href":"https:\/\/nuevo-renacer.com\/fr\/wp-json\/wp\/v2\/pages\/6711","targetHints":{"allow":["GET"]}}],"collection":[{"href":"https:\/\/nuevo-renacer.com\/fr\/wp-json\/wp\/v2\/pages"}],"about":[{"href":"https:\/\/nuevo-renacer.com\/fr\/wp-json\/wp\/v2\/types\/page"}],"author":[{"embeddable":true,"href":"https:\/\/nuevo-renacer.com\/fr\/wp-json\/wp\/v2\/users\/1"}],"replies":[{"embeddable":true,"href":"https:\/\/nuevo-renacer.com\/fr\/wp-json\/wp\/v2\/comments?post=6711"}],"version-history":[{"count":2,"href":"https:\/\/nuevo-renacer.com\/fr\/wp-json\/wp\/v2\/pages\/6711\/revisions"}],"predecessor-version":[{"id":6717,"href":"https:\/\/nuevo-renacer.com\/fr\/wp-json\/wp\/v2\/pages\/6711\/revisions\/6717"}],"wp:attachment":[{"href":"https:\/\/nuevo-renacer.com\/fr\/wp-json\/wp\/v2\/media?parent=6711"}],"curies":[{"name":"wp","href":"https:\/\/api.w.org\/{rel}","templated":true}]}}