{"id":6695,"date":"2025-01-08T08:11:44","date_gmt":"2025-01-08T08:11:44","guid":{"rendered":"https:\/\/nuevo-renacer.com\/?page_id=6695"},"modified":"2025-01-08T08:13:14","modified_gmt":"2025-01-08T08:13:14","slug":"fe-y-responsabilidad-en-tiempos-dificiles-un-llamamiento-a-la-unidad","status":"publish","type":"page","link":"https:\/\/nuevo-renacer.com\/fr\/fe-y-responsabilidad-en-tiempos-dificiles-un-llamamiento-a-la-unidad\/","title":{"rendered":"La foi et la responsabilit\u00e9 dans les moments difficiles: Un appel \u00e0 l&#039;unit\u00e9"},"content":{"rendered":"<div class=\"wp-block-uagb-container uagb-block-b0926129 alignfull uagb-is-root-container\"><div class=\"uagb-container-inner-blocks-wrap\">\n<p class=\"has-black-color has-text-color has-link-color has-medium-font-size wp-elements-e2e28fda122d1fba9bb8a236295c57b1\"><strong>La foi et la responsabilit\u00e9 dans les moments difficiles: Un appel \u00e0 l&#039;unit\u00e9<\/strong><\/p>\n<\/div><\/div>\n\n\n\n<div class=\"wp-block-uagb-container uagb-block-6cb011eb alignfull uagb-is-root-container\"><div class=\"uagb-container-inner-blocks-wrap\">\n<figure class=\"wp-block-image size-large is-resized\"><img fetchpriority=\"high\" decoding=\"async\" width=\"1024\" height=\"768\" src=\"https:\/\/nuevo-renacer.com\/wp-content\/uploads\/2025\/01\/guardian-angels-cof7o53byfdgey97-1024x768.jpg\" alt=\"\" class=\"wp-image-6696\" style=\"width:476px;height:auto\" srcset=\"https:\/\/nuevo-renacer.com\/wp-content\/uploads\/2025\/01\/guardian-angels-cof7o53byfdgey97-1024x768.jpg 1024w, https:\/\/nuevo-renacer.com\/wp-content\/uploads\/2025\/01\/guardian-angels-cof7o53byfdgey97-300x225.jpg 300w, https:\/\/nuevo-renacer.com\/wp-content\/uploads\/2025\/01\/guardian-angels-cof7o53byfdgey97-768x576.jpg 768w, https:\/\/nuevo-renacer.com\/wp-content\/uploads\/2025\/01\/guardian-angels-cof7o53byfdgey97-1536x1152.jpg 1536w, https:\/\/nuevo-renacer.com\/wp-content\/uploads\/2025\/01\/guardian-angels-cof7o53byfdgey97-16x12.jpg 16w, https:\/\/nuevo-renacer.com\/wp-content\/uploads\/2025\/01\/guardian-angels-cof7o53byfdgey97.jpg 1600w\" sizes=\"(max-width: 1024px) 100vw, 1024px\" \/><\/figure>\n<\/div><\/div>\n\n\n\n<div class=\"wp-block-uagb-container uagb-block-da38f51e alignfull uagb-is-root-container\"><div class=\"uagb-container-inner-blocks-wrap\">\n<p class=\"has-black-color has-text-color has-link-color has-small-font-size wp-elements-8feb280c80b08fa4143869abd891fd04\">Chers fr\u00e8res et s\u0153urs,<\/p>\n\n\n\n<p class=\"has-black-color has-text-color has-link-color has-small-font-size wp-elements-8dc0658f0ecc0984bc2d2384c895869c\">\u00catre de bonne humeur en ces temps difficiles, o\u00f9 les \u00e9preuves et les tribulations de terre, j&#039;ai eu \u00e0 souffrir au maximum. Les spiritualistes, continuer \u00e0 avoir foi en notre P\u00e8re et votre mission divine, avec lequel IL a command\u00e9 il y a des \u00e9ons d&#039;ann\u00e9es. Comme toutes les souffrances qu&#039;IL impose n&#039;est pas le but de la punition courante, mais pour limpiaros de l&#039;\u00e9cume de vies pass\u00e9es, et vous fortifier. Comme un spiritualiste, vous le savez, afin de toujours \u00eatre au courant de cela. Un diamant est rien de plus qu&#039;un morceau de carbone, qui n&#039;atteint son v\u00e9ritable beaut\u00e9 rayonnante de briller \u00e0 travers une \u00e9norme pression, coups de marteau, et une longue poli. Vous \u00eates comme ce morceau de carbone au d\u00e9but de votre voyage, mais vous prenez le potentiel du diamant \u00e0 l&#039;int\u00e9rieur de vous. Les spiritualistes de ce monde, le temps est venu pour vous joindre.<\/p>\n\n\n\n<p class=\"has-black-color has-text-color has-link-color has-small-font-size wp-elements-c1473f021b18dfaad434e4e74a998cd9\">L&#039;ann\u00e9e derni\u00e8re a commenc\u00e9 la pr\u00e9paration, cette ann\u00e9e, le feu et il br\u00fble et se propager. Vous \u00eates les phares dispers\u00e9s de notre P\u00e8re qui s&#039;est propag\u00e9 \u00e0 travers le monde. Maintenant, ils forment ensemble un r\u00e9seau resplendissante pour le b\u00e9n\u00e9fice de l&#039;humanit\u00e9. Car c&#039;est maintenant le temps de l&#039;ascension de cette plan\u00e8te \u00e0 la phase suivante. Ce sera un moment difficile, mais heureux tout de vous accomplir la volont\u00e9 de notre Seigneur. Ne vous lassez pas de vous acquitter de votre devoir sacr\u00e9, m\u00eame dans la plus grande affliction. Parce que, malgr\u00e9 les grandes charges, et de travailler dur, et votre c\u0153ur sera un bonheur. S&#039;il vous pla\u00eet \u00eatre assur\u00e9 que notre P\u00e8re vous soutiendra main dans la main, m\u00eame dans la plus grande temp\u00eate.<\/p>\n\n\n\n<p class=\"has-black-color has-text-color has-link-color has-small-font-size wp-elements-0f8fd0ad781c4f5002bc7a0e2e8e99b7\">Vous, les m\u00e9diums entre les spiritualistes, vous \u00eates b\u00e9ni et a averti de ne pas le garder sous cl\u00e9, en fonction de vos capacit\u00e9s donn\u00e9 par notre P\u00e8re, et \u00e0 faire un mauvais usage ou d&#039;essayer de l&#039;appropriation des richesses avec eux. Au contraire, il vous exhorte afin d&#039;affiner et de perfectionner vos comp\u00e9tences, et, comme de vrais serviteurs du P\u00e8re, et \u00e0 les utiliser pour aider ceux qui sont encore ignorants dans la voie de leur salut. Savoir qu&#039;aucun d&#039;entre vous est inutile et sans importance.<\/p>\n\n\n\n<p class=\"has-black-color has-text-color has-link-color has-small-font-size wp-elements-16490a1b33505244e635d1f304927983\">Chacun de vous est un petit engrenage d&#039;une machine gigantesque; si un train est interrompue, la machine fonctionne plus lentement et difficilement. Donc, ne pense pas que l&#039;un de vous est le meilleur ou le pire, le plus important ou moins important.<\/p>\n\n\n\n<p class=\"has-black-color has-text-color has-link-color has-small-font-size wp-elements-b183e20704c12d0ce0c5a4e7993641c8\">B\u00e9ni soit mes fr\u00e8res et s\u0153urs.<\/p>\n\n\n\n<p class=\"has-black-color has-text-color has-link-color has-small-font-size wp-elements-179ac80ffe2f32f824eb5edde0161c98\"><em>Un gardien<\/em><\/p>\n\n\n\n<p class=\"has-black-color has-text-color has-link-color has-small-font-size wp-elements-a1465af95a867fce8d3e8e8ea828b466\">08.01.2025<\/p>\n\n\n\n<p class=\"has-black-color has-text-color has-link-color has-small-font-size wp-elements-584df68fa27c72815681e55eed2bb0e8\">Psicografiado par le moyen Daniela M.<\/p>\n<\/div><\/div>\n\n\n\n<div class=\"wp-block-uagb-container uagb-block-48f6febe alignfull uagb-is-root-container\"><div class=\"uagb-container-inner-blocks-wrap\"><\/div><\/div>\n\n\n\n<div class=\"wp-block-uagb-container uagb-block-44f8c91c alignfull uagb-is-root-container\"><div class=\"uagb-container-inner-blocks-wrap\"><\/div><\/div>\n\n\n\n<p><\/p>","protected":false},"excerpt":{"rendered":"<p>Fe y responsabilidad en tiempos dif\u00edciles: Un llamamiento a la unidad Queridos hermanos y hermanas, Tened buen \u00e1nimo en estos tiempos dif\u00edciles, en los que las tribulaciones terrestres os han hecho sufrir al m\u00e1ximo. Espiritistas, continuad teniendo fe en nuestro Padre y en vuestra misi\u00f3n divina con la que \u00c9L os comision\u00f3 hace eones de [&hellip;]<\/p>","protected":false},"author":1,"featured_media":0,"parent":0,"menu_order":0,"comment_status":"closed","ping_status":"closed","template":"","meta":{"_uag_custom_page_level_css":"","site-sidebar-layout":"default","site-content-layout":"","ast-site-content-layout":"default","site-content-style":"default","site-sidebar-style":"default","ast-global-header-display":"","ast-banner-title-visibility":"","ast-main-header-display":"","ast-hfb-above-header-display":"","ast-hfb-below-header-display":"","ast-hfb-mobile-header-display":"","site-post-title":"disabled","ast-breadcrumbs-content":"","ast-featured-img":"","footer-sml-layout":"","theme-transparent-header-meta":"","adv-header-id-meta":"","stick-header-meta":"","header-above-stick-meta":"","header-main-stick-meta":"","header-below-stick-meta":"","astra-migrate-meta-layouts":"set","ast-page-background-enabled":"default","ast-page-background-meta":{"desktop":{"background-color":"var(--ast-global-color-4)","background-image":"","background-repeat":"repeat","background-position":"center center","background-size":"auto","background-attachment":"scroll","background-type":"","background-media":"","overlay-type":"","overlay-color":"","overlay-opacity":"","overlay-gradient":""},"tablet":{"background-color":"","background-image":"","background-repeat":"repeat","background-position":"center center","background-size":"auto","background-attachment":"scroll","background-type":"","background-media":"","overlay-type":"","overlay-color":"","overlay-opacity":"","overlay-gradient":""},"mobile":{"background-color":"","background-image":"","background-repeat":"repeat","background-position":"center center","background-size":"auto","background-attachment":"scroll","background-type":"","background-media":"","overlay-type":"","overlay-color":"","overlay-opacity":"","overlay-gradient":""}},"ast-content-background-meta":{"desktop":{"background-color":"var(--ast-global-color-5)","background-image":"","background-repeat":"repeat","background-position":"center center","background-size":"auto","background-attachment":"scroll","background-type":"","background-media":"","overlay-type":"","overlay-color":"","overlay-opacity":"","overlay-gradient":""},"tablet":{"background-color":"var(--ast-global-color-5)","background-image":"","background-repeat":"repeat","background-position":"center center","background-size":"auto","background-attachment":"scroll","background-type":"","background-media":"","overlay-type":"","overlay-color":"","overlay-opacity":"","overlay-gradient":""},"mobile":{"background-color":"var(--ast-global-color-5)","background-image":"","background-repeat":"repeat","background-position":"center center","background-size":"auto","background-attachment":"scroll","background-type":"","background-media":"","overlay-type":"","overlay-color":"","overlay-opacity":"","overlay-gradient":""}},"footnotes":""},"class_list":["post-6695","page","type-page","status-publish","hentry"],"yoast_head":"<!-- This site is optimized with the Yoast SEO Premium plugin v24.2 (Yoast SEO v24.6) - https:\/\/yoast.com\/wordpress\/plugins\/seo\/ -->\n<title>Fe y responsabilidad en tiempos dif\u00edciles: Un llamamiento a la unidad - Uni\u00f3n Esp\u00edrita<\/title>\n<meta name=\"robots\" content=\"index, follow, max-snippet:-1, max-image-preview:large, max-video-preview:-1\" \/>\n<link rel=\"canonical\" href=\"https:\/\/nuevo-renacer.com\/fr\/fe-y-responsabilidad-en-tiempos-dificiles-un-llamamiento-a-la-unidad\/\" \/>\n<meta property=\"og:locale\" content=\"fr_FR\" \/>\n<meta property=\"og:type\" content=\"article\" \/>\n<meta property=\"og:title\" content=\"Fe y responsabilidad en tiempos dif\u00edciles: Un llamamiento a la unidad\" \/>\n<meta property=\"og:description\" content=\"Fe y responsabilidad en tiempos dif\u00edciles: Un llamamiento a la unidad Queridos hermanos y hermanas, Tened buen \u00e1nimo en estos tiempos dif\u00edciles, en los que las tribulaciones terrestres os han hecho sufrir al m\u00e1ximo. Espiritistas, continuad teniendo fe en nuestro Padre y en vuestra misi\u00f3n divina con la que \u00c9L os comision\u00f3 hace eones de [&hellip;]\" \/>\n<meta property=\"og:url\" content=\"https:\/\/nuevo-renacer.com\/fr\/fe-y-responsabilidad-en-tiempos-dificiles-un-llamamiento-a-la-unidad\/\" \/>\n<meta property=\"og:site_name\" content=\"Uni\u00f3n Esp\u00edrita\" \/>\n<meta property=\"article:publisher\" content=\"https:\/\/www.facebook.com\/groups\/3431398063740829\" \/>\n<meta property=\"article:modified_time\" content=\"2025-01-08T08:13:14+00:00\" \/>\n<meta property=\"og:image\" content=\"https:\/\/nuevo-renacer.com\/wp-content\/uploads\/2025\/01\/guardian-angels-cof7o53byfdgey97.jpg\" \/>\n\t<meta property=\"og:image:width\" content=\"1600\" \/>\n\t<meta property=\"og:image:height\" content=\"1200\" \/>\n\t<meta property=\"og:image:type\" content=\"image\/jpeg\" \/>\n<meta name=\"twitter:card\" content=\"summary_large_image\" \/>\n<meta name=\"twitter:label1\" content=\"Dur\u00e9e de lecture estim\u00e9e\" \/>\n\t<meta name=\"twitter:data1\" content=\"2 minutes\" \/>\n<script type=\"application\/ld+json\" class=\"yoast-schema-graph\">{\"@context\":\"https:\/\/schema.org\",\"@graph\":[{\"@type\":\"WebPage\",\"@id\":\"https:\/\/nuevo-renacer.com\/fe-y-responsabilidad-en-tiempos-dificiles-un-llamamiento-a-la-unidad\/\",\"url\":\"https:\/\/nuevo-renacer.com\/fe-y-responsabilidad-en-tiempos-dificiles-un-llamamiento-a-la-unidad\/\",\"name\":\"Fe y responsabilidad en tiempos dif\u00edciles: Un llamamiento a la unidad - Uni\u00f3n Esp\u00edrita\",\"isPartOf\":{\"@id\":\"https:\/\/nuevo-renacer.com\/#website\"},\"primaryImageOfPage\":{\"@id\":\"https:\/\/nuevo-renacer.com\/fe-y-responsabilidad-en-tiempos-dificiles-un-llamamiento-a-la-unidad\/#primaryimage\"},\"image\":{\"@id\":\"https:\/\/nuevo-renacer.com\/fe-y-responsabilidad-en-tiempos-dificiles-un-llamamiento-a-la-unidad\/#primaryimage\"},\"thumbnailUrl\":\"https:\/\/nuevo-renacer.com\/wp-content\/uploads\/2025\/01\/guardian-angels-cof7o53byfdgey97-1024x768.jpg\",\"datePublished\":\"2025-01-08T08:11:44+00:00\",\"dateModified\":\"2025-01-08T08:13:14+00:00\",\"breadcrumb\":{\"@id\":\"https:\/\/nuevo-renacer.com\/fe-y-responsabilidad-en-tiempos-dificiles-un-llamamiento-a-la-unidad\/#breadcrumb\"},\"inLanguage\":\"fr-FR\",\"potentialAction\":[{\"@type\":\"ReadAction\",\"target\":[\"https:\/\/nuevo-renacer.com\/fe-y-responsabilidad-en-tiempos-dificiles-un-llamamiento-a-la-unidad\/\"]}]},{\"@type\":\"ImageObject\",\"inLanguage\":\"fr-FR\",\"@id\":\"https:\/\/nuevo-renacer.com\/fe-y-responsabilidad-en-tiempos-dificiles-un-llamamiento-a-la-unidad\/#primaryimage\",\"url\":\"https:\/\/nuevo-renacer.com\/wp-content\/uploads\/2025\/01\/guardian-angels-cof7o53byfdgey97-1024x768.jpg\",\"contentUrl\":\"https:\/\/nuevo-renacer.com\/wp-content\/uploads\/2025\/01\/guardian-angels-cof7o53byfdgey97-1024x768.jpg\"},{\"@type\":\"BreadcrumbList\",\"@id\":\"https:\/\/nuevo-renacer.com\/fe-y-responsabilidad-en-tiempos-dificiles-un-llamamiento-a-la-unidad\/#breadcrumb\",\"itemListElement\":[{\"@type\":\"ListItem\",\"position\":1,\"name\":\"Startseite\",\"item\":\"https:\/\/nuevo-renacer.com\/\"},{\"@type\":\"ListItem\",\"position\":2,\"name\":\"Fe y responsabilidad en tiempos dif\u00edciles: Un llamamiento a la unidad\"}]},{\"@type\":\"WebSite\",\"@id\":\"https:\/\/nuevo-renacer.com\/#website\",\"url\":\"https:\/\/nuevo-renacer.com\/\",\"name\":\"Uni\u00f3n Esp\u00edrita\",\"description\":\"Nuevo Renacer\",\"publisher\":{\"@id\":\"https:\/\/nuevo-renacer.com\/#organization\"},\"potentialAction\":[{\"@type\":\"SearchAction\",\"target\":{\"@type\":\"EntryPoint\",\"urlTemplate\":\"https:\/\/nuevo-renacer.com\/?s={search_term_string}\"},\"query-input\":{\"@type\":\"PropertyValueSpecification\",\"valueRequired\":true,\"valueName\":\"search_term_string\"}}],\"inLanguage\":\"fr-FR\"},{\"@type\":\"Organization\",\"@id\":\"https:\/\/nuevo-renacer.com\/#organization\",\"name\":\"UFEC\",\"url\":\"https:\/\/nuevo-renacer.com\/\",\"logo\":{\"@type\":\"ImageObject\",\"inLanguage\":\"fr-FR\",\"@id\":\"https:\/\/nuevo-renacer.com\/#\/schema\/logo\/image\/\",\"url\":\"https:\/\/nuevo-renacer.com\/wp-content\/uploads\/2024\/05\/cropped-LOGO-TERMINADO1-3-3.png\",\"contentUrl\":\"https:\/\/nuevo-renacer.com\/wp-content\/uploads\/2024\/05\/cropped-LOGO-TERMINADO1-3-3.png\",\"width\":512,\"height\":512,\"caption\":\"UFEC\"},\"image\":{\"@id\":\"https:\/\/nuevo-renacer.com\/#\/schema\/logo\/image\/\"},\"sameAs\":[\"https:\/\/www.facebook.com\/groups\/3431398063740829\"]}]}<\/script>\n<!-- \/ Yoast SEO Premium plugin. -->","yoast_head_json":{"title":"Fe y responsabilidad en tiempos dif\u00edciles: Un llamamiento a la unidad - Uni\u00f3n Esp\u00edrita","robots":{"index":"index","follow":"follow","max-snippet":"max-snippet:-1","max-image-preview":"max-image-preview:large","max-video-preview":"max-video-preview:-1"},"canonical":"https:\/\/nuevo-renacer.com\/fr\/fe-y-responsabilidad-en-tiempos-dificiles-un-llamamiento-a-la-unidad\/","og_locale":"fr_FR","og_type":"article","og_title":"Fe y responsabilidad en tiempos dif\u00edciles: Un llamamiento a la unidad","og_description":"Fe y responsabilidad en tiempos dif\u00edciles: Un llamamiento a la unidad Queridos hermanos y hermanas, Tened buen \u00e1nimo en estos tiempos dif\u00edciles, en los que las tribulaciones terrestres os han hecho sufrir al m\u00e1ximo. Espiritistas, continuad teniendo fe en nuestro Padre y en vuestra misi\u00f3n divina con la que \u00c9L os comision\u00f3 hace eones de [&hellip;]","og_url":"https:\/\/nuevo-renacer.com\/fr\/fe-y-responsabilidad-en-tiempos-dificiles-un-llamamiento-a-la-unidad\/","og_site_name":"Uni\u00f3n Esp\u00edrita","article_publisher":"https:\/\/www.facebook.com\/groups\/3431398063740829","article_modified_time":"2025-01-08T08:13:14+00:00","og_image":[{"width":1600,"height":1200,"url":"https:\/\/nuevo-renacer.com\/wp-content\/uploads\/2025\/01\/guardian-angels-cof7o53byfdgey97.jpg","type":"image\/jpeg"}],"twitter_card":"summary_large_image","twitter_misc":{"Dur\u00e9e de lecture estim\u00e9e":"2 minutes"},"schema":{"@context":"https:\/\/schema.org","@graph":[{"@type":"WebPage","@id":"https:\/\/nuevo-renacer.com\/fe-y-responsabilidad-en-tiempos-dificiles-un-llamamiento-a-la-unidad\/","url":"https:\/\/nuevo-renacer.com\/fe-y-responsabilidad-en-tiempos-dificiles-un-llamamiento-a-la-unidad\/","name":"Fe y responsabilidad en tiempos dif\u00edciles: Un llamamiento a la unidad - Uni\u00f3n Esp\u00edrita","isPartOf":{"@id":"https:\/\/nuevo-renacer.com\/#website"},"primaryImageOfPage":{"@id":"https:\/\/nuevo-renacer.com\/fe-y-responsabilidad-en-tiempos-dificiles-un-llamamiento-a-la-unidad\/#primaryimage"},"image":{"@id":"https:\/\/nuevo-renacer.com\/fe-y-responsabilidad-en-tiempos-dificiles-un-llamamiento-a-la-unidad\/#primaryimage"},"thumbnailUrl":"https:\/\/nuevo-renacer.com\/wp-content\/uploads\/2025\/01\/guardian-angels-cof7o53byfdgey97-1024x768.jpg","datePublished":"2025-01-08T08:11:44+00:00","dateModified":"2025-01-08T08:13:14+00:00","breadcrumb":{"@id":"https:\/\/nuevo-renacer.com\/fe-y-responsabilidad-en-tiempos-dificiles-un-llamamiento-a-la-unidad\/#breadcrumb"},"inLanguage":"fr-FR","potentialAction":[{"@type":"ReadAction","target":["https:\/\/nuevo-renacer.com\/fe-y-responsabilidad-en-tiempos-dificiles-un-llamamiento-a-la-unidad\/"]}]},{"@type":"ImageObject","inLanguage":"fr-FR","@id":"https:\/\/nuevo-renacer.com\/fe-y-responsabilidad-en-tiempos-dificiles-un-llamamiento-a-la-unidad\/#primaryimage","url":"https:\/\/nuevo-renacer.com\/wp-content\/uploads\/2025\/01\/guardian-angels-cof7o53byfdgey97-1024x768.jpg","contentUrl":"https:\/\/nuevo-renacer.com\/wp-content\/uploads\/2025\/01\/guardian-angels-cof7o53byfdgey97-1024x768.jpg"},{"@type":"BreadcrumbList","@id":"https:\/\/nuevo-renacer.com\/fe-y-responsabilidad-en-tiempos-dificiles-un-llamamiento-a-la-unidad\/#breadcrumb","itemListElement":[{"@type":"ListItem","position":1,"name":"Startseite","item":"https:\/\/nuevo-renacer.com\/"},{"@type":"ListItem","position":2,"name":"Fe y responsabilidad en tiempos dif\u00edciles: Un llamamiento a la unidad"}]},{"@type":"WebSite","@id":"https:\/\/nuevo-renacer.com\/#website","url":"https:\/\/nuevo-renacer.com\/","name":"Uni\u00f3n Esp\u00edrita","description":"Nuevo Renacer","publisher":{"@id":"https:\/\/nuevo-renacer.com\/#organization"},"potentialAction":[{"@type":"SearchAction","target":{"@type":"EntryPoint","urlTemplate":"https:\/\/nuevo-renacer.com\/?s={search_term_string}"},"query-input":{"@type":"PropertyValueSpecification","valueRequired":true,"valueName":"search_term_string"}}],"inLanguage":"fr-FR"},{"@type":"Organization","@id":"https:\/\/nuevo-renacer.com\/#organization","name":"UFEC","url":"https:\/\/nuevo-renacer.com\/","logo":{"@type":"ImageObject","inLanguage":"fr-FR","@id":"https:\/\/nuevo-renacer.com\/#\/schema\/logo\/image\/","url":"https:\/\/nuevo-renacer.com\/wp-content\/uploads\/2024\/05\/cropped-LOGO-TERMINADO1-3-3.png","contentUrl":"https:\/\/nuevo-renacer.com\/wp-content\/uploads\/2024\/05\/cropped-LOGO-TERMINADO1-3-3.png","width":512,"height":512,"caption":"UFEC"},"image":{"@id":"https:\/\/nuevo-renacer.com\/#\/schema\/logo\/image\/"},"sameAs":["https:\/\/www.facebook.com\/groups\/3431398063740829"]}]}},"uagb_featured_image_src":{"full":false,"thumbnail":false,"medium":false,"medium_large":false,"large":false,"1536x1536":false,"2048x2048":false,"trp-custom-language-flag":false},"uagb_author_info":{"display_name":"adbv0","author_link":"https:\/\/nuevo-renacer.com\/fr\/author\/adbv0\/"},"uagb_comment_info":0,"uagb_excerpt":"Fe y responsabilidad en tiempos dif\u00edciles: Un llamamiento a la unidad Queridos hermanos y hermanas, Tened buen \u00e1nimo en estos tiempos dif\u00edciles, en los que las tribulaciones terrestres os han hecho sufrir al m\u00e1ximo. Espiritistas, continuad teniendo fe en nuestro Padre y en vuestra misi\u00f3n divina con la que \u00c9L os comision\u00f3 hace eones de\u2026","jetpack_sharing_enabled":true,"_links":{"self":[{"href":"https:\/\/nuevo-renacer.com\/fr\/wp-json\/wp\/v2\/pages\/6695","targetHints":{"allow":["GET"]}}],"collection":[{"href":"https:\/\/nuevo-renacer.com\/fr\/wp-json\/wp\/v2\/pages"}],"about":[{"href":"https:\/\/nuevo-renacer.com\/fr\/wp-json\/wp\/v2\/types\/page"}],"author":[{"embeddable":true,"href":"https:\/\/nuevo-renacer.com\/fr\/wp-json\/wp\/v2\/users\/1"}],"replies":[{"embeddable":true,"href":"https:\/\/nuevo-renacer.com\/fr\/wp-json\/wp\/v2\/comments?post=6695"}],"version-history":[{"count":2,"href":"https:\/\/nuevo-renacer.com\/fr\/wp-json\/wp\/v2\/pages\/6695\/revisions"}],"predecessor-version":[{"id":6699,"href":"https:\/\/nuevo-renacer.com\/fr\/wp-json\/wp\/v2\/pages\/6695\/revisions\/6699"}],"wp:attachment":[{"href":"https:\/\/nuevo-renacer.com\/fr\/wp-json\/wp\/v2\/media?parent=6695"}],"curies":[{"name":"wp","href":"https:\/\/api.w.org\/{rel}","templated":true}]}}