{"id":6673,"date":"2025-01-07T12:58:10","date_gmt":"2025-01-07T12:58:10","guid":{"rendered":"https:\/\/nuevo-renacer.com\/?page_id=6673"},"modified":"2025-05-23T09:45:49","modified_gmt":"2025-05-23T09:45:49","slug":"las-pruebas-y-la-muerte","status":"publish","type":"page","link":"https:\/\/nuevo-renacer.com\/fr\/las-pruebas-y-la-muerte\/","title":{"rendered":"LAS PRUEBAS Y LA MUERTE"},"content":{"rendered":"<div class=\"wp-block-uagb-container uagb-block-0fcb5199 alignfull uagb-is-root-container\"><div class=\"uagb-container-inner-blocks-wrap\">\n<p class=\"has-black-color has-text-color has-link-color has-medium-font-size wp-elements-922fe130b9248953b9280e17692f0506\"><strong>Les test et la mort<\/strong><\/p>\n<\/div><\/div>\n\n\n\n<div class=\"wp-block-uagb-container uagb-block-638a73f7 alignfull uagb-is-root-container\"><div class=\"uagb-container-inner-blocks-wrap\">\n<figure class=\"wp-block-image size-large is-resized\"><img fetchpriority=\"high\" decoding=\"async\" width=\"1024\" height=\"678\" src=\"https:\/\/nuevo-renacer.com\/wp-content\/uploads\/2025\/01\/camera-219958_1280-1024x678.jpg\" alt=\"\" class=\"wp-image-6677\" style=\"width:275px;height:auto\" srcset=\"https:\/\/nuevo-renacer.com\/wp-content\/uploads\/2025\/01\/camera-219958_1280-1024x678.jpg 1024w, https:\/\/nuevo-renacer.com\/wp-content\/uploads\/2025\/01\/camera-219958_1280-300x199.jpg 300w, https:\/\/nuevo-renacer.com\/wp-content\/uploads\/2025\/01\/camera-219958_1280-768x508.jpg 768w, https:\/\/nuevo-renacer.com\/wp-content\/uploads\/2025\/01\/camera-219958_1280-18x12.jpg 18w, https:\/\/nuevo-renacer.com\/wp-content\/uploads\/2025\/01\/camera-219958_1280.jpg 1280w\" sizes=\"(max-width: 1024px) 100vw, 1024px\" \/><\/figure>\n<\/div><\/div>\n\n\n\n<div class=\"wp-block-uagb-container uagb-block-7bd3ae3d alignfull uagb-is-root-container\"><div class=\"uagb-container-inner-blocks-wrap\">\n<p class=\"has-black-color has-text-color has-link-color has-small-font-size wp-elements-01e336833af3cd604f64aeed3ad53c73\">D\u00e9termin\u00e9 que l&#039;objet de l&#039;existence, et \u00e0 \u00eatre plus \u00e9lev\u00e9 que celui de la fortune, est plus \u00e9lev\u00e9 que le bonheur, c&#039;est une vraie r\u00e9volution dans nos aspirations. L&#039;Univers est un palenque o\u00f9 l&#039;\u00e2me se bat pour sa glorification. Ceci est r\u00e9alis\u00e9 par le biais de leur travail, de leurs sacrifices, de leurs souffrances. La douleur, soit physique, morale, est un puissant moyen de d\u00e9veloppement et de progr\u00e8s. Les tests que nous avons de nous aider \u00e0 conna\u00eetre et \u00e0 ma\u00eetriser nos passions.<\/p>\n\n\n\n<p class=\"has-black-color has-text-color has-link-color has-small-font-size wp-elements-9127422ce59e3605e19a9a2800950499\">La douleur est le summum de la purification, de l&#039;\u00e9cole o\u00f9 l&#039;on apprend la patience, de la r\u00e9signation, et tous les aust\u00e8res devoirs. Est le four o\u00f9 il fond, l&#039;\u00e9go\u00efsme et dissout la fiert\u00e9. Parfois, dans le noir de l&#039;heure, l&#039;\u00e2me tourment\u00e9e des rebelles, qu&#039;il abhorre de Dieu et sa justice. Plus tard, quand la temp\u00eate est pass\u00e9e, et l&#039;examina, elle voit que le mal apparent c&#039;\u00e9tait une bonne, consid\u00e8re que les sanctions ont fait mieux, plus accessible \u00e0 la pi\u00e9t\u00e9, plus de charit\u00e9 envers ceux qui souffrent.<\/p>\n\n\n\n<p class=\"has-black-color has-text-color has-link-color has-small-font-size wp-elements-32433687a48582f1a103779ac91053fe\">Tous les maux de la vie, de contribuer \u00e0 notre \u00e9l\u00e9vation. Par le biais de la douleur, de la preuve de l&#039;humiliation, de la maladie et les malheurs, la meilleure chose est n\u00e9 le pire. Pour cela, il existe dans ce monde, plus de peines que de joies. Le test des airs de caract\u00e8res, affine le grain de sentiments et de dressage des \u00e2mes ardentes ou altaneras.<\/p>\n\n\n\n<p class=\"has-black-color has-text-color has-link-color has-small-font-size wp-elements-4ed99e6217f03aca54347c3a20d2c4e1\">La douleur physique a aussi son utilit\u00e9. Lib\u00e9rez chimiquement les liens qui unissent l&#039;Esprit \u00e0 la chair, ce qui ressort de fluide impoli autour de vous, m\u00eame apr\u00e8s la mort, et conserv\u00e9 dans les r\u00e9gions les plus basses.<\/p>\n\n\n\n<p class=\"has-black-color has-text-color has-link-color has-small-font-size wp-elements-acab1a63ad2734e6c779282e01f77cae\">Pas maldigamos la douleur. Lui seul nous commencer \u00e0 l&#039;indiff\u00e9rence et pour le plaisir. Il sculpte notre \u00e2me, en lui donnant sa forme la plus pure et la plus parfaite beaut\u00e9.<\/p>\n\n\n\n<p class=\"has-black-color has-text-color has-link-color has-small-font-size wp-elements-e7320ea41b9532f8aeadefdc508d7ae6\">Le test est un rem\u00e8de infaillible pour notre inexp\u00e9rience. La Providence vient avec nous en tant que m\u00e8re de fa\u00e7on proactive aupr\u00e8s de votre enfant sauvage. Lorsque nous r\u00e9sister \u00e0 ton appel, quand nous refusons de suivre leurs conseils, laissez-nous subir les d\u00e9ceptions et les \u00e9checs, sachant que l&#039;adversit\u00e9 est la meilleure \u00e9cole de la bont\u00e9 et de la sagesse.<\/p>\n\n\n\n<p class=\"has-black-color has-text-color has-link-color has-small-font-size wp-elements-0e6ec6d5370312d7773192990bf57f9e\">Tel est le sort du plus grand nombre dans la Terre. Sous un ciel souvent travers\u00e9 la foudre, vous devez suivre le dur chemin, avec leurs pieds bris\u00e9 par les pierres et les \u00e9pines. Un Esprit habill\u00e9 en noir v\u00eatements qui guide nos pas: la douleur, la douleur saint que nous sommes pour le b\u00e9nisse, lui, pour lui seul, pour stimuler notre \u00eatre, il r\u00e9sulte de l&#039;vain de tidbits avec qui aime \u00e0 orner et \u00e0 faire de lui adapt\u00e9 pour une id\u00e9e de ce qui est noble et beau.<\/p>\n\n\n\n<p class=\"has-black-color has-text-color has-link-color has-small-font-size wp-elements-0433e3c62057a06b5cc95757b89c164f\">Compte tenu de ces enseignements, comment l&#039;id\u00e9e de la mort? Il perd tout caract\u00e8re effrayant. La mort n&#039;est pas plus que ne l&#039;exige la transformation et le renouvellement. En r\u00e9alit\u00e9, rien ne meurt. La mort n&#039;est pas \u00e9vident. Il suffit de changer la forme de l&#039;ext\u00e9rieur: le principe de la vie, l&#039;\u00e2me, elle reste dans votre lecteur permanent et indestructible. Au-del\u00e0 de la tombe est situ\u00e9e dans la pl\u00e9nitude de ses pouvoirs, avec toutes les acquisitions, les lumi\u00e8res, les vertus, les aspirations et les puissances avec lesquelles il s&#039;est enrichi au cours de leurs stocks pour la vente. Ce sont les biens les plus durables de qui parle l&#039;Evangile, quand il dit: &#034;Ni les vers ou les papillons de le d\u00e9t\u00e9riorer, ni les voleurs vol\u00e9s.&#034; Sont la seule richesse que nous pouvons prendre \u00e0 la maison et de les utiliser dans la vie future.<\/p>\n\n\n\n<p class=\"has-black-color has-text-color has-link-color has-small-font-size wp-elements-201cfdcbe1c3e4a0b308fc517fa176ed\">De la mort et de la r\u00e9incarnation qui la suivent dans un temps donn\u00e9, sont deux formes de progr\u00e8s. La rupture avec les habitudes que nous avons, nous a mis dans diff\u00e9rents centres et nous obligent \u00e0 adapter notre Esprit \u00e0 mille stades de l&#039;ordre social, et universel.<\/p>\n\n\n\n<p class=\"has-black-color has-text-color has-link-color has-small-font-size wp-elements-d972a095f8b919e3efd4944dfdfafd68\">Quand il s&#039;agit de la soir\u00e9e de la vie, quand notre existence, comme la page d&#039;un livre est en train de devenir pour faire de la place \u00e0 une page blanche, une page, la sage consultation de son pass\u00e9 et d&#039;un examen de ses actes. Heureux est-il que lorsque vient le temps que vous pouvez dire, Mes journ\u00e9es ont \u00e9t\u00e9 bien d\u00e9pens\u00e9. Heureux est celui qui a \u00e9t\u00e9 accept\u00e9 avec r\u00e9signation, et soutenue de la valeur des tests. Ceux-ci, lorsque l&#039;\u00e9crasement de son \u00e2me, ont \u00e9t\u00e9 jet\u00e9s avec tout le fiel, et toute l&#039;amertume avec laquelle il est encercl\u00e9. L&#039;examen, dans leur pens\u00e9e, cette vie dure, le sage de b\u00e9nir les peines encourues. \u00catre en paix avec votre conscience, vous verrez approche sans peur de l&#039;instant du jeu.<\/p>\n\n\n\n<p class=\"has-black-color has-text-color has-link-color has-small-font-size wp-elements-a7365671c6b050ff5966000694059c1e\">Despid\u00e1monos des th\u00e9ories qui font de la mort de la goulotte de rien, ou le pr\u00e9lude \u00e0 une peine sans fin. Au revoir, de sombres fant\u00f4mes de la th\u00e9ologie, le dogme, terrible, les jugements inexorable, les tortures de l&#039;enfer! Faire de la place pour l&#039;espoir! Faire de la place pour la vie \u00e9ternelle! Ils ne sont pas sombre, l&#039;obscurit\u00e9, la lumi\u00e8re \u00e9blouissante est ce qui vient de l&#039;tombes!<\/p>\n\n\n\n<p class=\"has-black-color has-text-color has-link-color has-small-font-size wp-elements-5d9fb0c8234392d980f038e900995f40\">Vous avez vu des papillons polychromes ailes vers\u00e9 leur rapport chrysalide, ce d\u00e9go\u00fbtant shell de la chenille \u00e0 l&#039;int\u00e9rieur de laquelle l&#039;insecte est tra\u00een\u00e9e sur le sol? Ce que vous avez vu, libre et l\u00e9ger, planant dans l&#039;air de la lumi\u00e8re dans le milieu du parfum des fleurs? Il n&#039;y a plus d&#039;image fid\u00e8le du ph\u00e9nom\u00e8ne de la mort. Aussi l&#039;homme est une chrysalide que la mort se d\u00e9compose. Le corps humain, habill\u00e9 de chair, renvoie \u00e0 la grande fumier; notre maigre butin retourne au laboratoire de la nature; mais l&#039;Esprit, apr\u00e8s avoir termin\u00e9 son travail, il se lance dans une vie plus haute, \u00e0 la vie spirituelle qui se passe \u00e0 la vie corporelle comme le jour succ\u00e8de \u00e0 la nuit, et s\u00e9pare chacune de nos incarnations.<\/p>\n\n\n\n<p class=\"has-black-color has-text-color has-link-color has-small-font-size wp-elements-b2ab70adc51a3ce413a5996426f1cb4b\">P\u00e9n\u00e9tr\u00e9 de ces id\u00e9es ne seront pas peur de la mort. Comme nos parents, les gaulois, osaremos la regarder en face-\u00e0-face, sans terreur. Pas plus de peur, plus de larmes, plus aucun appareil de la revendication, ni sombre chants. Nos fun\u00e9railles sont pour devenir une partie dans laquelle nous allons c\u00e9l\u00e9brer la libert\u00e9 de l&#039;\u00e2me et de son retour \u00e0 la vraie patrie.<\/p>\n\n\n\n<p class=\"has-black-color has-text-color has-link-color has-small-font-size wp-elements-13a8511dfe796b51cee09d4e1222bd48\">La mort est le grand r\u00e9v\u00e9lateur. \u00c0 l&#039;heure de l&#039;\u00e9preuve, quand il fait sombre autour de nous, nous avons demand\u00e9 \u00e0 la fois: pourquoi suis-je n\u00e9? Pourquoi n&#039;ai-je pas rest\u00e9 dans la nuit profonde, o\u00f9 il ne se sent pas, o\u00f9 il n&#039;y a pas de souffrance, o\u00f9 dort le sommeil \u00e9ternel? Et dans ces heures de doute et d&#039;angoisse, une voix se leva et vint \u00e0 nous de nous dire: il Souffre d&#039;exalter et purificarte. Savoir que votre destin est grand. Ce sol froid ne sera pas ton grave. Les mondes qui brillent dans les cieux sont votre avenir, de pourpre, de l&#039;h\u00e9ritage que Dieu a pour votre livre. Vous \u00eates \u00e0 jamais un citoyen de l&#039;Univers, appartiennent au pass\u00e9 des si\u00e8cles, \u00e0 l&#039;entr\u00e9e, et \u00e0 l&#039;heure actuelle, vous \u00eates en pr\u00e9paration de votre \u00e9l\u00e9vation.<\/p>\n\n\n\n<p class=\"has-black-color has-text-color has-link-color has-small-font-size wp-elements-f4341ec050ec2bfc0166194d8ba2686a\">Prend en charge le calme le mal que vous avez vous-m\u00eame choisi. La plantation dans la douleur et dans les larmes, le grain et le sortir dans votre prochaine vie. Semis pour d&#039;autres aussi, comme d&#039;autres l&#039;ont sem\u00e9 pour vous. Pour \u00eatre immortel, il avance d&#039;un pas ferme le long de la pente chemin vers les hauteurs d&#039;o\u00f9 l&#039;avenir semble sans voile. La mont\u00e9e est rude, souvent inond\u00e9 de votre visage en sueur, mais \u00e0 partir du sommet, vous verrez l&#039;aube de la grande clart\u00e9 et vous verrez un retour sur l&#039;horizon, le soleil de la v\u00e9rit\u00e9 et de la justice.<\/p>\n\n\n\n<p class=\"has-black-color has-text-color has-link-color has-small-font-size wp-elements-7387860b2d569f237cbc838141e17c85\">La voix qui nous parle ainsi, c&#039;est que de la mort, les ch\u00e8res \u00e2mes qui nous ont pr\u00e9c\u00e9d\u00e9s dans le pays de la vraie vie. Loin de dormir sous la dalle, ils nous regardent. \u00c0 partir du bas de l&#039;invisible, de nous regarder et de sourire. \u00a1Adorable et myst\u00e8re divin!, communiquer avec nous. Nous leur disons: plus aucun doute st\u00e9rile, le travail et l&#039;amour. Un jour, lorsque vous avez termin\u00e9 votre t\u00e2che, la mort de nous tous ensemble.<\/p>\n<\/div><\/div>\n\n\n\n<div class=\"wp-block-uagb-container uagb-block-52dbb3d7 alignfull uagb-is-root-container\"><div class=\"uagb-container-inner-blocks-wrap\">\n<p class=\"has-black-color has-text-color has-link-color wp-elements-82c220877d0e800799ff2cd78ee11721\"><em>L\u00e9on Denis<\/em> &#8211; <em>Apr\u00e8s la Mort<\/em><\/p>\n<\/div><\/div>\n\n\n\n<div class=\"wp-block-uagb-container uagb-block-c682dd74 alignfull uagb-is-root-container\"><div class=\"uagb-container-inner-blocks-wrap\"><\/div><\/div>\n\n\n\n<div class=\"wp-block-uagb-container uagb-block-40adbbde alignfull uagb-is-root-container\"><div class=\"uagb-container-inner-blocks-wrap\"><\/div><\/div>","protected":false},"excerpt":{"rendered":"<p>Las Pruebas y la muerte Determinado ya el objeto de la existencia y siendo m\u00e1s elevado que la fortuna, m\u00e1s elevado que la felicidad, se produce una verdadera revoluci\u00f3n en nuestras aspiraciones. El Universo es un palenque en donde el alma lucha para su engrandecimiento. Lo obtiene por medio de sus trabajos, de sus sacrificios, [&hellip;]<\/p>","protected":false},"author":1,"featured_media":0,"parent":0,"menu_order":0,"comment_status":"closed","ping_status":"closed","template":"","meta":{"_uag_custom_page_level_css":"","site-sidebar-layout":"default","site-content-layout":"","ast-site-content-layout":"default","site-content-style":"default","site-sidebar-style":"default","ast-global-header-display":"","ast-banner-title-visibility":"","ast-main-header-display":"","ast-hfb-above-header-display":"","ast-hfb-below-header-display":"","ast-hfb-mobile-header-display":"","site-post-title":"disabled","ast-breadcrumbs-content":"","ast-featured-img":"","footer-sml-layout":"","theme-transparent-header-meta":"","adv-header-id-meta":"","stick-header-meta":"","header-above-stick-meta":"","header-main-stick-meta":"","header-below-stick-meta":"","astra-migrate-meta-layouts":"set","ast-page-background-enabled":"default","ast-page-background-meta":{"desktop":{"background-color":"var(--ast-global-color-4)","background-image":"","background-repeat":"repeat","background-position":"center center","background-size":"auto","background-attachment":"scroll","background-type":"","background-media":"","overlay-type":"","overlay-color":"","overlay-opacity":"","overlay-gradient":""},"tablet":{"background-color":"","background-image":"","background-repeat":"repeat","background-position":"center center","background-size":"auto","background-attachment":"scroll","background-type":"","background-media":"","overlay-type":"","overlay-color":"","overlay-opacity":"","overlay-gradient":""},"mobile":{"background-color":"","background-image":"","background-repeat":"repeat","background-position":"center center","background-size":"auto","background-attachment":"scroll","background-type":"","background-media":"","overlay-type":"","overlay-color":"","overlay-opacity":"","overlay-gradient":""}},"ast-content-background-meta":{"desktop":{"background-color":"var(--ast-global-color-5)","background-image":"","background-repeat":"repeat","background-position":"center center","background-size":"auto","background-attachment":"scroll","background-type":"","background-media":"","overlay-type":"","overlay-color":"","overlay-opacity":"","overlay-gradient":""},"tablet":{"background-color":"var(--ast-global-color-5)","background-image":"","background-repeat":"repeat","background-position":"center center","background-size":"auto","background-attachment":"scroll","background-type":"","background-media":"","overlay-type":"","overlay-color":"","overlay-opacity":"","overlay-gradient":""},"mobile":{"background-color":"var(--ast-global-color-5)","background-image":"","background-repeat":"repeat","background-position":"center center","background-size":"auto","background-attachment":"scroll","background-type":"","background-media":"","overlay-type":"","overlay-color":"","overlay-opacity":"","overlay-gradient":""}},"footnotes":""},"class_list":["post-6673","page","type-page","status-publish","hentry"],"yoast_head":"<!-- This site is optimized with the Yoast SEO Premium plugin v24.2 (Yoast SEO v24.6) - https:\/\/yoast.com\/wordpress\/plugins\/seo\/ -->\n<title>LAS PRUEBAS Y LA MUERTE - Uni\u00f3n Esp\u00edrita<\/title>\n<meta name=\"robots\" content=\"index, follow, max-snippet:-1, max-image-preview:large, max-video-preview:-1\" \/>\n<link rel=\"canonical\" href=\"https:\/\/nuevo-renacer.com\/fr\/las-pruebas-y-la-muerte\/\" \/>\n<meta property=\"og:locale\" content=\"fr_FR\" \/>\n<meta property=\"og:type\" content=\"article\" \/>\n<meta property=\"og:title\" content=\"LAS PRUEBAS Y LA MUERTE\" \/>\n<meta property=\"og:description\" content=\"Las Pruebas y la muerte Determinado ya el objeto de la existencia y siendo m\u00e1s elevado que la fortuna, m\u00e1s elevado que la felicidad, se produce una verdadera revoluci\u00f3n en nuestras aspiraciones. El Universo es un palenque en donde el alma lucha para su engrandecimiento. Lo obtiene por medio de sus trabajos, de sus sacrificios, [&hellip;]\" \/>\n<meta property=\"og:url\" content=\"https:\/\/nuevo-renacer.com\/fr\/las-pruebas-y-la-muerte\/\" \/>\n<meta property=\"og:site_name\" content=\"Uni\u00f3n Esp\u00edrita\" \/>\n<meta property=\"article:publisher\" content=\"https:\/\/www.facebook.com\/groups\/3431398063740829\" \/>\n<meta property=\"article:modified_time\" content=\"2025-05-23T09:45:49+00:00\" \/>\n<meta property=\"og:image\" content=\"https:\/\/nuevo-renacer.com\/wp-content\/uploads\/2025\/01\/camera-219958_1280.jpg\" \/>\n\t<meta property=\"og:image:width\" content=\"1280\" \/>\n\t<meta property=\"og:image:height\" content=\"847\" \/>\n\t<meta property=\"og:image:type\" content=\"image\/jpeg\" \/>\n<meta name=\"twitter:card\" content=\"summary_large_image\" \/>\n<meta name=\"twitter:label1\" content=\"Dur\u00e9e de lecture estim\u00e9e\" \/>\n\t<meta name=\"twitter:data1\" content=\"8 minutes\" \/>\n<script type=\"application\/ld+json\" class=\"yoast-schema-graph\">{\"@context\":\"https:\/\/schema.org\",\"@graph\":[{\"@type\":\"WebPage\",\"@id\":\"https:\/\/nuevo-renacer.com\/las-pruebas-y-la-muerte\/\",\"url\":\"https:\/\/nuevo-renacer.com\/las-pruebas-y-la-muerte\/\",\"name\":\"LAS PRUEBAS Y LA MUERTE - Uni\u00f3n Esp\u00edrita\",\"isPartOf\":{\"@id\":\"https:\/\/nuevo-renacer.com\/#website\"},\"primaryImageOfPage\":{\"@id\":\"https:\/\/nuevo-renacer.com\/las-pruebas-y-la-muerte\/#primaryimage\"},\"image\":{\"@id\":\"https:\/\/nuevo-renacer.com\/las-pruebas-y-la-muerte\/#primaryimage\"},\"thumbnailUrl\":\"https:\/\/nuevo-renacer.com\/wp-content\/uploads\/2025\/01\/camera-219958_1280-1024x678.jpg\",\"datePublished\":\"2025-01-07T12:58:10+00:00\",\"dateModified\":\"2025-05-23T09:45:49+00:00\",\"breadcrumb\":{\"@id\":\"https:\/\/nuevo-renacer.com\/las-pruebas-y-la-muerte\/#breadcrumb\"},\"inLanguage\":\"fr-FR\",\"potentialAction\":[{\"@type\":\"ReadAction\",\"target\":[\"https:\/\/nuevo-renacer.com\/las-pruebas-y-la-muerte\/\"]}]},{\"@type\":\"ImageObject\",\"inLanguage\":\"fr-FR\",\"@id\":\"https:\/\/nuevo-renacer.com\/las-pruebas-y-la-muerte\/#primaryimage\",\"url\":\"https:\/\/nuevo-renacer.com\/wp-content\/uploads\/2025\/01\/camera-219958_1280-1024x678.jpg\",\"contentUrl\":\"https:\/\/nuevo-renacer.com\/wp-content\/uploads\/2025\/01\/camera-219958_1280-1024x678.jpg\"},{\"@type\":\"BreadcrumbList\",\"@id\":\"https:\/\/nuevo-renacer.com\/las-pruebas-y-la-muerte\/#breadcrumb\",\"itemListElement\":[{\"@type\":\"ListItem\",\"position\":1,\"name\":\"Startseite\",\"item\":\"https:\/\/nuevo-renacer.com\/\"},{\"@type\":\"ListItem\",\"position\":2,\"name\":\"LAS PRUEBAS Y LA MUERTE\"}]},{\"@type\":\"WebSite\",\"@id\":\"https:\/\/nuevo-renacer.com\/#website\",\"url\":\"https:\/\/nuevo-renacer.com\/\",\"name\":\"Uni\u00f3n Esp\u00edrita\",\"description\":\"Nuevo Renacer\",\"publisher\":{\"@id\":\"https:\/\/nuevo-renacer.com\/#organization\"},\"potentialAction\":[{\"@type\":\"SearchAction\",\"target\":{\"@type\":\"EntryPoint\",\"urlTemplate\":\"https:\/\/nuevo-renacer.com\/?s={search_term_string}\"},\"query-input\":{\"@type\":\"PropertyValueSpecification\",\"valueRequired\":true,\"valueName\":\"search_term_string\"}}],\"inLanguage\":\"fr-FR\"},{\"@type\":\"Organization\",\"@id\":\"https:\/\/nuevo-renacer.com\/#organization\",\"name\":\"UFEC\",\"url\":\"https:\/\/nuevo-renacer.com\/\",\"logo\":{\"@type\":\"ImageObject\",\"inLanguage\":\"fr-FR\",\"@id\":\"https:\/\/nuevo-renacer.com\/#\/schema\/logo\/image\/\",\"url\":\"https:\/\/nuevo-renacer.com\/wp-content\/uploads\/2024\/05\/cropped-LOGO-TERMINADO1-3-3.png\",\"contentUrl\":\"https:\/\/nuevo-renacer.com\/wp-content\/uploads\/2024\/05\/cropped-LOGO-TERMINADO1-3-3.png\",\"width\":512,\"height\":512,\"caption\":\"UFEC\"},\"image\":{\"@id\":\"https:\/\/nuevo-renacer.com\/#\/schema\/logo\/image\/\"},\"sameAs\":[\"https:\/\/www.facebook.com\/groups\/3431398063740829\"]}]}<\/script>\n<!-- \/ Yoast SEO Premium plugin. -->","yoast_head_json":{"title":"LAS PRUEBAS Y LA MUERTE - Uni\u00f3n Esp\u00edrita","robots":{"index":"index","follow":"follow","max-snippet":"max-snippet:-1","max-image-preview":"max-image-preview:large","max-video-preview":"max-video-preview:-1"},"canonical":"https:\/\/nuevo-renacer.com\/fr\/las-pruebas-y-la-muerte\/","og_locale":"fr_FR","og_type":"article","og_title":"LAS PRUEBAS Y LA MUERTE","og_description":"Las Pruebas y la muerte Determinado ya el objeto de la existencia y siendo m\u00e1s elevado que la fortuna, m\u00e1s elevado que la felicidad, se produce una verdadera revoluci\u00f3n en nuestras aspiraciones. El Universo es un palenque en donde el alma lucha para su engrandecimiento. Lo obtiene por medio de sus trabajos, de sus sacrificios, [&hellip;]","og_url":"https:\/\/nuevo-renacer.com\/fr\/las-pruebas-y-la-muerte\/","og_site_name":"Uni\u00f3n Esp\u00edrita","article_publisher":"https:\/\/www.facebook.com\/groups\/3431398063740829","article_modified_time":"2025-05-23T09:45:49+00:00","og_image":[{"width":1280,"height":847,"url":"https:\/\/nuevo-renacer.com\/wp-content\/uploads\/2025\/01\/camera-219958_1280.jpg","type":"image\/jpeg"}],"twitter_card":"summary_large_image","twitter_misc":{"Dur\u00e9e de lecture estim\u00e9e":"8 minutes"},"schema":{"@context":"https:\/\/schema.org","@graph":[{"@type":"WebPage","@id":"https:\/\/nuevo-renacer.com\/las-pruebas-y-la-muerte\/","url":"https:\/\/nuevo-renacer.com\/las-pruebas-y-la-muerte\/","name":"LAS PRUEBAS Y LA MUERTE - Uni\u00f3n Esp\u00edrita","isPartOf":{"@id":"https:\/\/nuevo-renacer.com\/#website"},"primaryImageOfPage":{"@id":"https:\/\/nuevo-renacer.com\/las-pruebas-y-la-muerte\/#primaryimage"},"image":{"@id":"https:\/\/nuevo-renacer.com\/las-pruebas-y-la-muerte\/#primaryimage"},"thumbnailUrl":"https:\/\/nuevo-renacer.com\/wp-content\/uploads\/2025\/01\/camera-219958_1280-1024x678.jpg","datePublished":"2025-01-07T12:58:10+00:00","dateModified":"2025-05-23T09:45:49+00:00","breadcrumb":{"@id":"https:\/\/nuevo-renacer.com\/las-pruebas-y-la-muerte\/#breadcrumb"},"inLanguage":"fr-FR","potentialAction":[{"@type":"ReadAction","target":["https:\/\/nuevo-renacer.com\/las-pruebas-y-la-muerte\/"]}]},{"@type":"ImageObject","inLanguage":"fr-FR","@id":"https:\/\/nuevo-renacer.com\/las-pruebas-y-la-muerte\/#primaryimage","url":"https:\/\/nuevo-renacer.com\/wp-content\/uploads\/2025\/01\/camera-219958_1280-1024x678.jpg","contentUrl":"https:\/\/nuevo-renacer.com\/wp-content\/uploads\/2025\/01\/camera-219958_1280-1024x678.jpg"},{"@type":"BreadcrumbList","@id":"https:\/\/nuevo-renacer.com\/las-pruebas-y-la-muerte\/#breadcrumb","itemListElement":[{"@type":"ListItem","position":1,"name":"Startseite","item":"https:\/\/nuevo-renacer.com\/"},{"@type":"ListItem","position":2,"name":"LAS PRUEBAS Y LA MUERTE"}]},{"@type":"WebSite","@id":"https:\/\/nuevo-renacer.com\/#website","url":"https:\/\/nuevo-renacer.com\/","name":"Uni\u00f3n Esp\u00edrita","description":"Nuevo Renacer","publisher":{"@id":"https:\/\/nuevo-renacer.com\/#organization"},"potentialAction":[{"@type":"SearchAction","target":{"@type":"EntryPoint","urlTemplate":"https:\/\/nuevo-renacer.com\/?s={search_term_string}"},"query-input":{"@type":"PropertyValueSpecification","valueRequired":true,"valueName":"search_term_string"}}],"inLanguage":"fr-FR"},{"@type":"Organization","@id":"https:\/\/nuevo-renacer.com\/#organization","name":"UFEC","url":"https:\/\/nuevo-renacer.com\/","logo":{"@type":"ImageObject","inLanguage":"fr-FR","@id":"https:\/\/nuevo-renacer.com\/#\/schema\/logo\/image\/","url":"https:\/\/nuevo-renacer.com\/wp-content\/uploads\/2024\/05\/cropped-LOGO-TERMINADO1-3-3.png","contentUrl":"https:\/\/nuevo-renacer.com\/wp-content\/uploads\/2024\/05\/cropped-LOGO-TERMINADO1-3-3.png","width":512,"height":512,"caption":"UFEC"},"image":{"@id":"https:\/\/nuevo-renacer.com\/#\/schema\/logo\/image\/"},"sameAs":["https:\/\/www.facebook.com\/groups\/3431398063740829"]}]}},"uagb_featured_image_src":{"full":false,"thumbnail":false,"medium":false,"medium_large":false,"large":false,"1536x1536":false,"2048x2048":false,"trp-custom-language-flag":false},"uagb_author_info":{"display_name":"adbv0","author_link":"https:\/\/nuevo-renacer.com\/fr\/author\/adbv0\/"},"uagb_comment_info":0,"uagb_excerpt":"Las Pruebas y la muerte Determinado ya el objeto de la existencia y siendo m\u00e1s elevado que la fortuna, m\u00e1s elevado que la felicidad, se produce una verdadera revoluci\u00f3n en nuestras aspiraciones. El Universo es un palenque en donde el alma lucha para su engrandecimiento. Lo obtiene por medio de sus trabajos, de sus sacrificios,\u2026","jetpack_sharing_enabled":true,"_links":{"self":[{"href":"https:\/\/nuevo-renacer.com\/fr\/wp-json\/wp\/v2\/pages\/6673","targetHints":{"allow":["GET"]}}],"collection":[{"href":"https:\/\/nuevo-renacer.com\/fr\/wp-json\/wp\/v2\/pages"}],"about":[{"href":"https:\/\/nuevo-renacer.com\/fr\/wp-json\/wp\/v2\/types\/page"}],"author":[{"embeddable":true,"href":"https:\/\/nuevo-renacer.com\/fr\/wp-json\/wp\/v2\/users\/1"}],"replies":[{"embeddable":true,"href":"https:\/\/nuevo-renacer.com\/fr\/wp-json\/wp\/v2\/comments?post=6673"}],"version-history":[{"count":8,"href":"https:\/\/nuevo-renacer.com\/fr\/wp-json\/wp\/v2\/pages\/6673\/revisions"}],"predecessor-version":[{"id":8183,"href":"https:\/\/nuevo-renacer.com\/fr\/wp-json\/wp\/v2\/pages\/6673\/revisions\/8183"}],"wp:attachment":[{"href":"https:\/\/nuevo-renacer.com\/fr\/wp-json\/wp\/v2\/media?parent=6673"}],"curies":[{"name":"wp","href":"https:\/\/api.w.org\/{rel}","templated":true}]}}