{"id":6619,"date":"2024-12-23T12:22:36","date_gmt":"2024-12-23T12:22:36","guid":{"rendered":"https:\/\/nuevo-renacer.com\/?page_id=6619"},"modified":"2024-12-23T12:22:36","modified_gmt":"2024-12-23T12:22:36","slug":"cornelio-pires","status":"publish","type":"page","link":"https:\/\/nuevo-renacer.com\/fr\/cornelio-pires\/","title":{"rendered":"Corn\u00e9lio Pires"},"content":{"rendered":"<div class=\"wp-block-uagb-container uagb-block-d28c2d9f alignfull uagb-is-root-container\"><div class=\"uagb-container-inner-blocks-wrap\">\n<p class=\"has-black-color has-text-color has-link-color has-medium-font-size wp-elements-86c6e391dc068ab5390719aa4fb4d8a4\"><strong>Corn\u00e9lio Pires<\/strong><\/p>\n<\/div><\/div>\n\n\n\n<div class=\"wp-block-uagb-container uagb-block-2fb2157b alignfull uagb-is-root-container\"><div class=\"uagb-container-inner-blocks-wrap\">\n<figure class=\"wp-block-image size-full is-resized\"><img decoding=\"async\" width=\"115\" height=\"136\" src=\"https:\/\/nuevo-renacer.com\/wp-content\/uploads\/2024\/12\/cornelio_pires.jpg\" alt=\"\" class=\"wp-image-6620\" style=\"width:227px;height:auto\" srcset=\"https:\/\/nuevo-renacer.com\/wp-content\/uploads\/2024\/12\/cornelio_pires.jpg 115w, https:\/\/nuevo-renacer.com\/wp-content\/uploads\/2024\/12\/cornelio_pires-10x12.jpg 10w\" sizes=\"(max-width: 115px) 100vw, 115px\" \/><\/figure>\n<\/div><\/div>\n\n\n\n<div class=\"wp-block-uagb-container uagb-block-3d9a423d alignfull uagb-is-root-container\"><div class=\"uagb-container-inner-blocks-wrap\">\n<p class=\"has-black-color has-text-color has-link-color has-small-font-size wp-elements-9d2fdf686c4f5a81e4609afb1f85b371\">Corn\u00e9lio Pires est n\u00e9 dans la ville de rivi\u00e8re Tiet\u00ea, dans l&#039;\u00e9tat de S\u00e3o Paulo, le 13 juillet 1884, et mourut dans la ville de S\u00e3o Paulo le 17 f\u00e9vrier 1958. L&#039;homme de la personnalit\u00e9 incomparable, est devenu populaire et important dans le Br\u00e9sil, gr\u00e2ce au travail effectu\u00e9 en visitant les villes de l&#039;int\u00e9rieur de l&#039;\u00e9tat de S\u00e3o Paulo et d&#039;autres \u00e9tats, en faisant ses d\u00e9buts en tant que com\u00e9dien petite ville de province. Dans sa jeunesse, elle aspire \u00e0 \u00eatre un examen d&#039;entr\u00e9e dans une \u00c9cole de Pharmacie. Avec cet objectif, il a voyag\u00e9 \u00e0 partir de Tiet\u00ea \u00e0 S\u00e3o Paulo pour s&#039;inscrire comme candidat \u00e0 l&#039;un de ces concours, mais en d\u00e9pit de sa performance, il a \u00e9chou\u00e9 dans sa tentative.<\/p>\n\n\n\n<p class=\"has-black-color has-text-color has-link-color has-small-font-size wp-elements-bcd3409592010259bca203485127a579\">Il d\u00e9cide alors de se consacrer au journalisme, et a commenc\u00e9 \u00e0 travailler dans le bureau de r\u00e9daction d&#039;un journal Ou d&#039;Com\u00e9rcio de S\u00e3o Paulo, o\u00f9 il a d\u00e9velopp\u00e9 un apprentissage assez dur. Il a ensuite continu\u00e9 \u00e0 travailler dans les journaux Ou \u00e0 S\u00e3o Paulo et O estado de S\u00e3o Paulo, les organes de presse traditionnels de S\u00e3o Paulo, o\u00f9 il a travaill\u00e9 comme correcteur et, enfin, en 1914, il a commenc\u00e9 \u00e0 collaborer dans le journal Ou Pirralho. Beaucoup d&#039;auteurs ont formul\u00e9 des commentaires sur la personnalit\u00e9 de Corn\u00e9lio Pires et, \u00e0 titre d&#039;illustration, citons \u00e0 Joffre Martins Veiga, qui, dans son travail \u00c0 la Vie Pitoresca de Corn\u00e9lio Pires, a \u00e9crit: &#034;quelqu&#039;un qui a aim\u00e9 son peuple comme Corn\u00e9lio Pires; personne n&#039;est int\u00e9ress\u00e9 non pas tant par leurs pairs comme cet homme, qui \u00e9tait par-dessus tout, un Homme de Bien&#034;. Le c\u00e9l\u00e8bre po\u00e8te Martins Fontes, \u00e9crit \u00e0 ce sujet, il a dit: &#034;c&#039;Est un bandeirante pur, un artiste, un aventurier, un anoblissement du pays, et un enrichissement de la langue&#034;.<\/p>\n\n\n\n<p class=\"has-black-color has-text-color has-link-color has-small-font-size wp-elements-41f13722b6de1dd6ba91523f46cf305c\">Il a \u00e9galement \u00e9t\u00e9 admir\u00e9 par le grand journaliste Amadeu Amaral, qui lui a sugg\u00e9r\u00e9 de devenir l&#039;un des plus grands vulgarisateurs du folklore au br\u00e9sil.<\/p>\n\n\n\n<p class=\"has-black-color has-text-color has-link-color has-small-font-size wp-elements-07eb16c71ff12cdbae74ad595de35241\">Autour de 1910, Corn\u00e9lio Pires lanc\u00e9 le livre Musa Caipira, un travail qui a \u00e9t\u00e9 acclam\u00e9 par la critique en raison de son contenu de typiquement br\u00e9silien. S\u00edlvio Romero est devenu l&#039;un de ses critiques les plus \u00e9minents, en commentant le lancement de ce travail: &#034;j&#039;ai beaucoup Appr\u00e9ci\u00e9 la plaisanterie, la couleur locale, la gr\u00e2ce, la spontan\u00e9it\u00e9 de ses productions, en plus de sa valeur intrins\u00e8que, et sont un excellent document pour l&#039;\u00e9tude de la brasile\u00f1ismos de notre langue.&#034;<\/p>\n\n\n\n<p class=\"has-black-color has-text-color has-link-color has-small-font-size wp-elements-25b144861258e7ba0bfe2cc2468a39b9\">Au d\u00e9but de ce si\u00e8cle, Corn\u00e9lio Pires a commenc\u00e9 \u00e0 fr\u00e9quenter l&#039;\u00c9glise Presbyt\u00e9rienne, mais il ne pouvait pas concilier les enseignements de cette religion \u00e0 sa fa\u00e7on de penser. Ne pas accepter l&#039;existence de la peine \u00e9ternelle, ni d&#039;un Dieu qui serait favorable \u00e0 l&#039;adeptes de certaines religions. Son attachement excessif \u00e0 le formalisme de la chanson \u00e0 interpr\u00e9ter les textes \u00e9vang\u00e9liques presque le prit par la voie du mat\u00e9rialisme.<\/p>\n\n\n\n<p class=\"has-black-color has-text-color has-link-color has-small-font-size wp-elements-c2d49026096b04bacd017f5e9a275563\">\u00c0 l&#039;\u00e9poque, je ne savais pas ce qu&#039;\u00e9tait le Spiritisme. Cependant, au cours de ses voyages sur le terrain, exp\u00e9riment\u00e9s de diff\u00e9rents ph\u00e9nom\u00e8nes medi\u00famnicos, certains d&#039;entre eux de la communication de l&#039;Esprit Emilio de Menezes, qui l&#039;impressionna beaucoup. Comme Un r\u00e9sultat, a commenc\u00e9 \u00e0 \u00e9tudier les ouvrages spirites, en particulier ceux d&#039;Allan Kardec, L\u00e9on Denis, Albert de Rochas, et quelques livres psicografiados par le m\u00e9dium Francisco C\u00e2ndido Xavier.<\/p>\n\n\n\n<p class=\"has-black-color has-text-color has-link-color has-small-font-size wp-elements-4a32c57edfa717e92c33a8c23c58dee0\">\u00c0 partir de l\u00e0, il s&#039;est impliqu\u00e9 fortement dans le Spiritisme, soins profond\u00e9ment pour les ph\u00e9nom\u00e8nes de la physique des effets. De 1944 \u00e0 1947, il a \u00e9crit les livres Coisas do Outro Monde et O\u00f9 vous \u00eates, ou morte? (O\u00f9 es-tu mort?), et il est mort lors de l&#039;\u00e9criture de Colet\u00e2nea Spirite (Collection Spirite).<\/p>\n\n\n\n<p class=\"has-black-color has-text-color has-link-color has-small-font-size wp-elements-ab53f80dc7ec6cbc2f3b7b4ec1ec2fb5\">Sa bibliographie comprend: Musa Caipira, Versets Velhos, des D\u00eeners et des Paisagens de minha Terra, Monturo, Quem conta de messagerie unifi\u00e9e conto, Convertit ao P\u00e9 do Fogo, Bizarres Aventures de Joaquim Bentinho \u2013 Ou Queima Champ, Trag\u00e9dia Cabocla, Patacoadas, Seleta Caipira, Almanach ne Saci, Mix\u00f3rdias, Meu Sambura, Sambas et Cateret\u00eas, Tarrafas, Laineux e Rindo, De V\u00eatements Nova, S\u00f3 Rindo, Ta n&#039;a pas Boc\u00f3, Quem conta de messagerie unifi\u00e9e Conto e outros Contos. ..., Enciclop\u00e9dia de anedotas et de Curiosit\u00e9s, ainsi que les deux livres spirites mentionn\u00e9s ci-dessus.<\/p>\n\n\n\n<p class=\"has-black-color has-text-color has-link-color has-small-font-size wp-elements-8a53d6bdd1fd203ad1e53987f7221fa4\">Dans un de ses \u00e9crits sur le Spiritisme, a d\u00e9clar\u00e9: &#034;Le Spiritisme, t\u00f4t ou tard, fera les catholiques, les protestants et les adeptes d&#039;autres croyances charit\u00e9 pour renforcer votre foi avec les faits pour prouver l&#039;immortalit\u00e9 de l&#039;\u00c2me, qui est transform\u00e9 dans l&#039;Esprit lorsqu&#039;il sort de la mati\u00e8re de la gaine&#034; et plus tard &#034;Le Spiritisme nous offre une FOI RACIOCINADA, il commence \u00e0 partir du joug du dogme et nous apprend \u00e0 comprendre DIEU, tel qu&#039;il est.&#034;<\/p>\n\n\n\n<p class=\"has-black-color has-text-color has-link-color has-small-font-size wp-elements-a429368d291771da2adfeda753a5d368\">Peu de temps avant sa desencarnaci\u00f3n, Corn\u00e9lio Pires, montrant qu&#039;elle avait assimil\u00e9 le pr\u00e9cepte du Christ: &#034;Aimez votre prochain comme toi-m\u00eame&#034;, il est retourn\u00e9 \u00e0 la ville, Tiet\u00ea et achet\u00e9 il y a une ferme, o\u00f9 il a fond\u00e9 la &#034;Ferme de J\u00e9sus&#034;, un foyer pour les enfants d\u00e9munis. Malheureusement, je n&#039;ai jamais vu la fin.<\/p>\n\n\n\n<p class=\"has-black-color has-text-color has-link-color has-small-font-size wp-elements-c83ba380274bd1a9e01ed2d6add65233\">Corn\u00e9lio Pires a organis\u00e9 le &#034;Th\u00e9\u00e2tre de rue Corn\u00e9lio Pires&#034;, errant de ville en ville, et \u00eatre applaudi par l&#039;ensemble de la population du br\u00e9sil o\u00f9 il allait. Cet effort est devenu une r\u00e9alit\u00e9 apr\u00e8s qu&#039;il a quitt\u00e9 sa carri\u00e8re dans le journalisme. Ce travail repr\u00e9sente une br\u00e8ve biographie de ce combattant infatigable, qui a effectu\u00e9 un travail de grand m\u00e9rite dans la Terre.<\/p>\n<\/div><\/div>\n\n\n\n<div class=\"wp-block-uagb-container uagb-block-8143c838 alignfull uagb-is-root-container\"><div class=\"uagb-container-inner-blocks-wrap\"><\/div><\/div>\n\n\n\n<div class=\"wp-block-uagb-container uagb-block-5431779a alignfull uagb-is-root-container\"><div class=\"uagb-container-inner-blocks-wrap\"><\/div><\/div>","protected":false},"excerpt":{"rendered":"<p>Corn\u00e9lio Pires Corn\u00e9lio Pires naci\u00f3 en la ciudad de Tiet\u00ea, en el estado de S\u00e3o Paulo, el 13 de julio de 1884, y muri\u00f3 en la ciudad de S\u00e3o Paulo el 17 de febrero de 1958. Hombre de personalidad inconfundible, se convirti\u00f3 en una figura popular y destacada en todo Brasil gracias al trabajo que [&hellip;]<\/p>","protected":false},"author":1,"featured_media":0,"parent":0,"menu_order":0,"comment_status":"closed","ping_status":"closed","template":"","meta":{"_uag_custom_page_level_css":"","site-sidebar-layout":"default","site-content-layout":"","ast-site-content-layout":"default","site-content-style":"default","site-sidebar-style":"default","ast-global-header-display":"","ast-banner-title-visibility":"","ast-main-header-display":"","ast-hfb-above-header-display":"","ast-hfb-below-header-display":"","ast-hfb-mobile-header-display":"","site-post-title":"disabled","ast-breadcrumbs-content":"","ast-featured-img":"","footer-sml-layout":"","theme-transparent-header-meta":"","adv-header-id-meta":"","stick-header-meta":"","header-above-stick-meta":"","header-main-stick-meta":"","header-below-stick-meta":"","astra-migrate-meta-layouts":"set","ast-page-background-enabled":"default","ast-page-background-meta":{"desktop":{"background-color":"var(--ast-global-color-4)","background-image":"","background-repeat":"repeat","background-position":"center center","background-size":"auto","background-attachment":"scroll","background-type":"","background-media":"","overlay-type":"","overlay-color":"","overlay-opacity":"","overlay-gradient":""},"tablet":{"background-color":"","background-image":"","background-repeat":"repeat","background-position":"center center","background-size":"auto","background-attachment":"scroll","background-type":"","background-media":"","overlay-type":"","overlay-color":"","overlay-opacity":"","overlay-gradient":""},"mobile":{"background-color":"","background-image":"","background-repeat":"repeat","background-position":"center center","background-size":"auto","background-attachment":"scroll","background-type":"","background-media":"","overlay-type":"","overlay-color":"","overlay-opacity":"","overlay-gradient":""}},"ast-content-background-meta":{"desktop":{"background-color":"var(--ast-global-color-5)","background-image":"","background-repeat":"repeat","background-position":"center center","background-size":"auto","background-attachment":"scroll","background-type":"","background-media":"","overlay-type":"","overlay-color":"","overlay-opacity":"","overlay-gradient":""},"tablet":{"background-color":"var(--ast-global-color-5)","background-image":"","background-repeat":"repeat","background-position":"center center","background-size":"auto","background-attachment":"scroll","background-type":"","background-media":"","overlay-type":"","overlay-color":"","overlay-opacity":"","overlay-gradient":""},"mobile":{"background-color":"var(--ast-global-color-5)","background-image":"","background-repeat":"repeat","background-position":"center center","background-size":"auto","background-attachment":"scroll","background-type":"","background-media":"","overlay-type":"","overlay-color":"","overlay-opacity":"","overlay-gradient":""}},"footnotes":""},"class_list":["post-6619","page","type-page","status-publish","hentry"],"yoast_head":"<!-- This site is optimized with the Yoast SEO Premium plugin v24.2 (Yoast SEO v24.6) - https:\/\/yoast.com\/wordpress\/plugins\/seo\/ -->\n<title>Corn\u00e9lio Pires - Uni\u00f3n Esp\u00edrita<\/title>\n<meta name=\"robots\" content=\"index, follow, max-snippet:-1, max-image-preview:large, max-video-preview:-1\" \/>\n<link rel=\"canonical\" href=\"https:\/\/nuevo-renacer.com\/fr\/cornelio-pires\/\" \/>\n<meta property=\"og:locale\" content=\"fr_FR\" \/>\n<meta property=\"og:type\" content=\"article\" \/>\n<meta property=\"og:title\" content=\"Corn\u00e9lio Pires\" \/>\n<meta property=\"og:description\" content=\"Corn\u00e9lio Pires Corn\u00e9lio Pires naci\u00f3 en la ciudad de Tiet\u00ea, en el estado de S\u00e3o Paulo, el 13 de julio de 1884, y muri\u00f3 en la ciudad de S\u00e3o Paulo el 17 de febrero de 1958. Hombre de personalidad inconfundible, se convirti\u00f3 en una figura popular y destacada en todo Brasil gracias al trabajo que [&hellip;]\" \/>\n<meta property=\"og:url\" content=\"https:\/\/nuevo-renacer.com\/fr\/cornelio-pires\/\" \/>\n<meta property=\"og:site_name\" content=\"Uni\u00f3n Esp\u00edrita\" \/>\n<meta property=\"article:publisher\" content=\"https:\/\/www.facebook.com\/groups\/3431398063740829\" \/>\n<meta property=\"og:image\" content=\"https:\/\/nuevo-renacer.com\/wp-content\/uploads\/2024\/12\/cornelio_pires.jpg\" \/>\n\t<meta property=\"og:image:width\" content=\"115\" \/>\n\t<meta property=\"og:image:height\" content=\"136\" \/>\n\t<meta property=\"og:image:type\" content=\"image\/jpeg\" \/>\n<meta name=\"twitter:card\" content=\"summary_large_image\" \/>\n<meta name=\"twitter:label1\" content=\"Dur\u00e9e de lecture estim\u00e9e\" \/>\n\t<meta name=\"twitter:data1\" content=\"4 minutes\" \/>\n<script type=\"application\/ld+json\" class=\"yoast-schema-graph\">{\"@context\":\"https:\/\/schema.org\",\"@graph\":[{\"@type\":\"WebPage\",\"@id\":\"https:\/\/nuevo-renacer.com\/cornelio-pires\/\",\"url\":\"https:\/\/nuevo-renacer.com\/cornelio-pires\/\",\"name\":\"Corn\u00e9lio Pires - Uni\u00f3n Esp\u00edrita\",\"isPartOf\":{\"@id\":\"https:\/\/nuevo-renacer.com\/#website\"},\"primaryImageOfPage\":{\"@id\":\"https:\/\/nuevo-renacer.com\/cornelio-pires\/#primaryimage\"},\"image\":{\"@id\":\"https:\/\/nuevo-renacer.com\/cornelio-pires\/#primaryimage\"},\"thumbnailUrl\":\"https:\/\/nuevo-renacer.com\/wp-content\/uploads\/2024\/12\/cornelio_pires.jpg\",\"datePublished\":\"2024-12-23T12:22:36+00:00\",\"breadcrumb\":{\"@id\":\"https:\/\/nuevo-renacer.com\/cornelio-pires\/#breadcrumb\"},\"inLanguage\":\"fr-FR\",\"potentialAction\":[{\"@type\":\"ReadAction\",\"target\":[\"https:\/\/nuevo-renacer.com\/cornelio-pires\/\"]}]},{\"@type\":\"ImageObject\",\"inLanguage\":\"fr-FR\",\"@id\":\"https:\/\/nuevo-renacer.com\/cornelio-pires\/#primaryimage\",\"url\":\"https:\/\/nuevo-renacer.com\/wp-content\/uploads\/2024\/12\/cornelio_pires.jpg\",\"contentUrl\":\"https:\/\/nuevo-renacer.com\/wp-content\/uploads\/2024\/12\/cornelio_pires.jpg\"},{\"@type\":\"BreadcrumbList\",\"@id\":\"https:\/\/nuevo-renacer.com\/cornelio-pires\/#breadcrumb\",\"itemListElement\":[{\"@type\":\"ListItem\",\"position\":1,\"name\":\"Startseite\",\"item\":\"https:\/\/nuevo-renacer.com\/\"},{\"@type\":\"ListItem\",\"position\":2,\"name\":\"Corn\u00e9lio Pires\"}]},{\"@type\":\"WebSite\",\"@id\":\"https:\/\/nuevo-renacer.com\/#website\",\"url\":\"https:\/\/nuevo-renacer.com\/\",\"name\":\"Uni\u00f3n Esp\u00edrita\",\"description\":\"Nuevo Renacer\",\"publisher\":{\"@id\":\"https:\/\/nuevo-renacer.com\/#organization\"},\"potentialAction\":[{\"@type\":\"SearchAction\",\"target\":{\"@type\":\"EntryPoint\",\"urlTemplate\":\"https:\/\/nuevo-renacer.com\/?s={search_term_string}\"},\"query-input\":{\"@type\":\"PropertyValueSpecification\",\"valueRequired\":true,\"valueName\":\"search_term_string\"}}],\"inLanguage\":\"fr-FR\"},{\"@type\":\"Organization\",\"@id\":\"https:\/\/nuevo-renacer.com\/#organization\",\"name\":\"UFEC\",\"url\":\"https:\/\/nuevo-renacer.com\/\",\"logo\":{\"@type\":\"ImageObject\",\"inLanguage\":\"fr-FR\",\"@id\":\"https:\/\/nuevo-renacer.com\/#\/schema\/logo\/image\/\",\"url\":\"https:\/\/nuevo-renacer.com\/wp-content\/uploads\/2024\/05\/cropped-LOGO-TERMINADO1-3-3.png\",\"contentUrl\":\"https:\/\/nuevo-renacer.com\/wp-content\/uploads\/2024\/05\/cropped-LOGO-TERMINADO1-3-3.png\",\"width\":512,\"height\":512,\"caption\":\"UFEC\"},\"image\":{\"@id\":\"https:\/\/nuevo-renacer.com\/#\/schema\/logo\/image\/\"},\"sameAs\":[\"https:\/\/www.facebook.com\/groups\/3431398063740829\"]}]}<\/script>\n<!-- \/ Yoast SEO Premium plugin. -->","yoast_head_json":{"title":"Corn\u00e9lio Pires - Uni\u00f3n Esp\u00edrita","robots":{"index":"index","follow":"follow","max-snippet":"max-snippet:-1","max-image-preview":"max-image-preview:large","max-video-preview":"max-video-preview:-1"},"canonical":"https:\/\/nuevo-renacer.com\/fr\/cornelio-pires\/","og_locale":"fr_FR","og_type":"article","og_title":"Corn\u00e9lio Pires","og_description":"Corn\u00e9lio Pires Corn\u00e9lio Pires naci\u00f3 en la ciudad de Tiet\u00ea, en el estado de S\u00e3o Paulo, el 13 de julio de 1884, y muri\u00f3 en la ciudad de S\u00e3o Paulo el 17 de febrero de 1958. Hombre de personalidad inconfundible, se convirti\u00f3 en una figura popular y destacada en todo Brasil gracias al trabajo que [&hellip;]","og_url":"https:\/\/nuevo-renacer.com\/fr\/cornelio-pires\/","og_site_name":"Uni\u00f3n Esp\u00edrita","article_publisher":"https:\/\/www.facebook.com\/groups\/3431398063740829","og_image":[{"width":115,"height":136,"url":"https:\/\/nuevo-renacer.com\/wp-content\/uploads\/2024\/12\/cornelio_pires.jpg","type":"image\/jpeg"}],"twitter_card":"summary_large_image","twitter_misc":{"Dur\u00e9e de lecture estim\u00e9e":"4 minutes"},"schema":{"@context":"https:\/\/schema.org","@graph":[{"@type":"WebPage","@id":"https:\/\/nuevo-renacer.com\/cornelio-pires\/","url":"https:\/\/nuevo-renacer.com\/cornelio-pires\/","name":"Corn\u00e9lio Pires - Uni\u00f3n Esp\u00edrita","isPartOf":{"@id":"https:\/\/nuevo-renacer.com\/#website"},"primaryImageOfPage":{"@id":"https:\/\/nuevo-renacer.com\/cornelio-pires\/#primaryimage"},"image":{"@id":"https:\/\/nuevo-renacer.com\/cornelio-pires\/#primaryimage"},"thumbnailUrl":"https:\/\/nuevo-renacer.com\/wp-content\/uploads\/2024\/12\/cornelio_pires.jpg","datePublished":"2024-12-23T12:22:36+00:00","breadcrumb":{"@id":"https:\/\/nuevo-renacer.com\/cornelio-pires\/#breadcrumb"},"inLanguage":"fr-FR","potentialAction":[{"@type":"ReadAction","target":["https:\/\/nuevo-renacer.com\/cornelio-pires\/"]}]},{"@type":"ImageObject","inLanguage":"fr-FR","@id":"https:\/\/nuevo-renacer.com\/cornelio-pires\/#primaryimage","url":"https:\/\/nuevo-renacer.com\/wp-content\/uploads\/2024\/12\/cornelio_pires.jpg","contentUrl":"https:\/\/nuevo-renacer.com\/wp-content\/uploads\/2024\/12\/cornelio_pires.jpg"},{"@type":"BreadcrumbList","@id":"https:\/\/nuevo-renacer.com\/cornelio-pires\/#breadcrumb","itemListElement":[{"@type":"ListItem","position":1,"name":"Startseite","item":"https:\/\/nuevo-renacer.com\/"},{"@type":"ListItem","position":2,"name":"Corn\u00e9lio Pires"}]},{"@type":"WebSite","@id":"https:\/\/nuevo-renacer.com\/#website","url":"https:\/\/nuevo-renacer.com\/","name":"Uni\u00f3n Esp\u00edrita","description":"Nuevo Renacer","publisher":{"@id":"https:\/\/nuevo-renacer.com\/#organization"},"potentialAction":[{"@type":"SearchAction","target":{"@type":"EntryPoint","urlTemplate":"https:\/\/nuevo-renacer.com\/?s={search_term_string}"},"query-input":{"@type":"PropertyValueSpecification","valueRequired":true,"valueName":"search_term_string"}}],"inLanguage":"fr-FR"},{"@type":"Organization","@id":"https:\/\/nuevo-renacer.com\/#organization","name":"UFEC","url":"https:\/\/nuevo-renacer.com\/","logo":{"@type":"ImageObject","inLanguage":"fr-FR","@id":"https:\/\/nuevo-renacer.com\/#\/schema\/logo\/image\/","url":"https:\/\/nuevo-renacer.com\/wp-content\/uploads\/2024\/05\/cropped-LOGO-TERMINADO1-3-3.png","contentUrl":"https:\/\/nuevo-renacer.com\/wp-content\/uploads\/2024\/05\/cropped-LOGO-TERMINADO1-3-3.png","width":512,"height":512,"caption":"UFEC"},"image":{"@id":"https:\/\/nuevo-renacer.com\/#\/schema\/logo\/image\/"},"sameAs":["https:\/\/www.facebook.com\/groups\/3431398063740829"]}]}},"uagb_featured_image_src":{"full":false,"thumbnail":false,"medium":false,"medium_large":false,"large":false,"1536x1536":false,"2048x2048":false,"trp-custom-language-flag":false},"uagb_author_info":{"display_name":"adbv0","author_link":"https:\/\/nuevo-renacer.com\/fr\/author\/adbv0\/"},"uagb_comment_info":0,"uagb_excerpt":"Corn\u00e9lio Pires Corn\u00e9lio Pires naci\u00f3 en la ciudad de Tiet\u00ea, en el estado de S\u00e3o Paulo, el 13 de julio de 1884, y muri\u00f3 en la ciudad de S\u00e3o Paulo el 17 de febrero de 1958. Hombre de personalidad inconfundible, se convirti\u00f3 en una figura popular y destacada en todo Brasil gracias al trabajo que\u2026","jetpack_sharing_enabled":true,"_links":{"self":[{"href":"https:\/\/nuevo-renacer.com\/fr\/wp-json\/wp\/v2\/pages\/6619","targetHints":{"allow":["GET"]}}],"collection":[{"href":"https:\/\/nuevo-renacer.com\/fr\/wp-json\/wp\/v2\/pages"}],"about":[{"href":"https:\/\/nuevo-renacer.com\/fr\/wp-json\/wp\/v2\/types\/page"}],"author":[{"embeddable":true,"href":"https:\/\/nuevo-renacer.com\/fr\/wp-json\/wp\/v2\/users\/1"}],"replies":[{"embeddable":true,"href":"https:\/\/nuevo-renacer.com\/fr\/wp-json\/wp\/v2\/comments?post=6619"}],"version-history":[{"count":1,"href":"https:\/\/nuevo-renacer.com\/fr\/wp-json\/wp\/v2\/pages\/6619\/revisions"}],"predecessor-version":[{"id":6621,"href":"https:\/\/nuevo-renacer.com\/fr\/wp-json\/wp\/v2\/pages\/6619\/revisions\/6621"}],"wp:attachment":[{"href":"https:\/\/nuevo-renacer.com\/fr\/wp-json\/wp\/v2\/media?parent=6619"}],"curies":[{"name":"wp","href":"https:\/\/api.w.org\/{rel}","templated":true}]}}